{"id":252864,"date":"2017-10-16T16:25:01","date_gmt":"2017-10-16T14:25:01","guid":{"rendered":"https:\/\/www.omrserrature.it\/prodotto\/serrure-a-cle-a-croix-de-la-mortaise\/"},"modified":"2026-04-08T12:22:46","modified_gmt":"2026-04-08T10:22:46","slug":"serrure-a-cle-a-croix-de-la-mortaise","status":"publish","type":"product","link":"https:\/\/www.omrserrature.it\/fr\/produit\/serrure-a-cle-a-croix-de-la-mortaise\/","title":{"rendered":"Serrure \u00e0 cl\u00e9 \u00e0 croix de la mortaise"},"content":{"rendered":"<p>La <strong>serrure \u00e0 mortaiser \u00e0 1 et 2 goupilles<\/strong>, qui n&rsquo;est disponible que sur demande, comporte un cylindre cruciforme, log\u00e9 dans un corps en acier et en alliage de zinc, qui d\u00e9place deux pistons lat\u00e9raux une fois la cl\u00e9 ins\u00e9r\u00e9e. La disposition en croix des goupilles garantit un bon niveau de <strong>s\u00e9curit\u00e9<\/strong>, gr\u00e2ce \u00e9galement \u00e0 la forme cruciforme sp\u00e9ciale de la cl\u00e9.<\/p>\n<p>Une simple m\u00e8che de 12 mm est utilis\u00e9e pour cr\u00e9er la rainure de clavette, et la rainure de clavette de 19 mm permet l&rsquo;<strong>application sur des poteaux \u00e9troits<\/strong>. Sur votre produit, la clavette se pr\u00e9sente comme un petit trou tr\u00e8s discret, c&rsquo;est pourquoi elle est \u00e9galement surnomm\u00e9e<strong>\u00ab\u00a0clavette<\/strong>\u00ab\u00a0, pr\u00e9cis\u00e9ment parce qu&rsquo;elle ressemble \u00e0 la marque laiss\u00e9e sur le mur par un clou. La <strong>fixation sur le panneau est extr\u00eamement pratique<\/strong>, \u00e0 l&rsquo;aide de deux vis sur la plaque frontale. <\/p>\n<p>Disponible en KA (cl\u00e9s identiques) et KD (cl\u00e9s diff\u00e9rentes). \u00c9quip\u00e9 de loquets ronds en acier de 10 mm, il offre une bonne r\u00e9sistance et de l&rsquo;\u00e9l\u00e9gance.  Simple \u00e0 installer et multifonctionnelle, la gamme de serrures \u00e0 pistons se d\u00e9cline en <strong>cinq variantes<\/strong>: \u00e0 mortaiser, \u00e0 p\u00eane dormant seul, \u00e0 p\u00eane dormant battant ou \u00e0 crochet, \u00e0 mortaiser avec double goupille.<\/p>\n<p>La serrure \u00e0 mortaiser avec une cl\u00e9 \u00e0 croix et deux pistons est la mieux adapt\u00e9e pour une application sur des bandes de fer et d&rsquo;aluminium. Gr\u00e2ce \u00e0 sa petite taille, elle est utilis\u00e9e dans l&rsquo;<strong>ameublement de collectivit\u00e9<\/strong> pour les vitrines ou les portes, ainsi que dans le secteur du b\u00e2timent ou de la construction navale pour s\u00e9curiser les petites portes en aluminium, les grilles et les chaufferies.  La saillie du p\u00eane est de 22 mm, ce qui permet de l&rsquo;utiliser \u00e9galement sur les portes d&rsquo;entr\u00e9e des magasins et les \u00e9quipements commerciaux dans les gares et les a\u00e9roports.<\/p>\n","protected":false},"excerpt":{"rendered":"<p>La serrure \u00e0 mortaise \u00e0 1 ou 2 goupilles, qui n&rsquo;est disponible que sur demande, est dot\u00e9e d&rsquo;un cylindre cruciforme, log\u00e9 dans un corps en acier et en alliage de zinc, qui d\u00e9place deux pistons lat\u00e9raux une fois la cl\u00e9 ins\u00e9r\u00e9e. La disposition en croix des pistons garantit un bon niveau de s\u00e9curit\u00e9, gr\u00e2ce \u00e9galement \u00e0 la forme cruciforme sp\u00e9ciale de la cl\u00e9. <\/p>\n","protected":false},"featured_media":8095,"comment_status":"closed","ping_status":"closed","template":"","meta":{"_acf_changed":false,"_et_pb_use_builder":"","_et_pb_old_content":"","_et_gb_content_width":""},"product_brand":[],"product_cat":[3756,3754,3749,3643,3651,3648,3731,3744,3748],"product_tag":[],"class_list":{"0":"post-252864","1":"product","2":"type-product","3":"status-publish","4":"has-post-thumbnail","6":"product_cat-architecture-urbanisme-et-design","7":"product_cat-juste","8":"product_cat-magasins-et-activites-commerciales","9":"product_cat-serrure-a-goupille","10":"product_cat-serrures-a-cle-a-croix","11":"product_cat-serrures-a-pene-dormant","12":"product_cat-serrures-pour-vitrines-dexposition","13":"product_cat-systemes-de-fermeture-de-securite","14":"product_cat-systemes-de-fermeture-pour-lindustrie","16":"first","17":"instock","18":"shipping-taxable","19":"product-type-simple"},"acf":{"pdf1":"https:\/\/www.omrserrature.it\/wp-content\/uploads\/2017\/10\/Scheda_100878.pdf"},"yoast_head":"<!-- This site is optimized with the Yoast SEO plugin v27.5 - https:\/\/yoast.com\/product\/yoast-seo-wordpress\/ -->\n<title>Serrure \u00e0 cl\u00e9 \u00e0 croix de la mortaise - OMR Serrature<\/title>\n<meta name=\"robots\" content=\"index, follow, max-snippet:-1, max-image-preview:large, max-video-preview:-1\" \/>\n<link rel=\"canonical\" href=\"https:\/\/www.omrserrature.it\/fr\/produit\/serrure-a-cle-a-croix-de-la-mortaise\/\" \/>\n<meta property=\"og:locale\" content=\"fr_FR\" \/>\n<meta property=\"og:type\" content=\"article\" \/>\n<meta property=\"og:title\" content=\"Serrure \u00e0 cl\u00e9 \u00e0 croix de la mortaise - OMR Serrature\" \/>\n<meta property=\"og:description\" content=\"La serrure \u00e0 mortaise \u00e0 1 ou 2 goupilles, qui n&#039;est disponible que sur demande, est dot\u00e9e d&#039;un cylindre cruciforme, log\u00e9 dans un corps en acier et en alliage de zinc, qui d\u00e9place deux pistons lat\u00e9raux une fois la cl\u00e9 ins\u00e9r\u00e9e. La disposition en croix des pistons garantit un bon niveau de s\u00e9curit\u00e9, gr\u00e2ce \u00e9galement \u00e0 la forme cruciforme sp\u00e9ciale de la cl\u00e9.\" \/>\n<meta property=\"og:url\" content=\"https:\/\/www.omrserrature.it\/fr\/produit\/serrure-a-cle-a-croix-de-la-mortaise\/\" \/>\n<meta property=\"og:site_name\" content=\"OMR Serrature | Produzione sistemi di chiusura\" \/>\n<meta property=\"article:publisher\" content=\"https:\/\/www.facebook.com\/OMRserrature\" \/>\n<meta property=\"article:modified_time\" content=\"2026-04-08T10:22:46+00:00\" \/>\n<meta property=\"og:image\" content=\"https:\/\/www.omrserrature.it\/wp-content\/uploads\/2018\/03\/serratura-chiave-spillo-infilare.jpg\" \/>\n\t<meta property=\"og:image:width\" content=\"568\" \/>\n\t<meta property=\"og:image:height\" content=\"396\" \/>\n\t<meta property=\"og:image:type\" content=\"image\/jpeg\" \/>\n<meta name=\"twitter:card\" content=\"summary_large_image\" \/>\n<meta name=\"twitter:label1\" content=\"Dur\u00e9e de lecture estim\u00e9e\" \/>\n\t<meta name=\"twitter:data1\" content=\"2 minutes\" \/>\n<script type=\"application\/ld+json\" class=\"yoast-schema-graph\">{\"@context\":\"https:\\\/\\\/schema.org\",\"@graph\":[{\"@type\":\"WebPage\",\"@id\":\"https:\\\/\\\/www.omrserrature.it\\\/fr\\\/produit\\\/serrure-a-cle-a-croix-de-la-mortaise\\\/\",\"url\":\"https:\\\/\\\/www.omrserrature.it\\\/fr\\\/produit\\\/serrure-a-cle-a-croix-de-la-mortaise\\\/\",\"name\":\"Serrure \u00e0 cl\u00e9 \u00e0 croix de la mortaise - OMR Serrature\",\"isPartOf\":{\"@id\":\"https:\\\/\\\/www.omrserrature.it\\\/fr\\\/#website\"},\"primaryImageOfPage\":{\"@id\":\"https:\\\/\\\/www.omrserrature.it\\\/fr\\\/produit\\\/serrure-a-cle-a-croix-de-la-mortaise\\\/#primaryimage\"},\"image\":{\"@id\":\"https:\\\/\\\/www.omrserrature.it\\\/fr\\\/produit\\\/serrure-a-cle-a-croix-de-la-mortaise\\\/#primaryimage\"},\"thumbnailUrl\":\"https:\\\/\\\/www.omrserrature.it\\\/wp-content\\\/uploads\\\/2018\\\/03\\\/serratura-chiave-spillo-infilare.jpg\",\"datePublished\":\"2017-10-16T14:25:01+00:00\",\"dateModified\":\"2026-04-08T10:22:46+00:00\",\"breadcrumb\":{\"@id\":\"https:\\\/\\\/www.omrserrature.it\\\/fr\\\/produit\\\/serrure-a-cle-a-croix-de-la-mortaise\\\/#breadcrumb\"},\"inLanguage\":\"fr-FR\",\"potentialAction\":[{\"@type\":\"ReadAction\",\"target\":[\"https:\\\/\\\/www.omrserrature.it\\\/fr\\\/produit\\\/serrure-a-cle-a-croix-de-la-mortaise\\\/\"]}]},{\"@type\":\"ImageObject\",\"inLanguage\":\"fr-FR\",\"@id\":\"https:\\\/\\\/www.omrserrature.it\\\/fr\\\/produit\\\/serrure-a-cle-a-croix-de-la-mortaise\\\/#primaryimage\",\"url\":\"https:\\\/\\\/www.omrserrature.it\\\/wp-content\\\/uploads\\\/2018\\\/03\\\/serratura-chiave-spillo-infilare.jpg\",\"contentUrl\":\"https:\\\/\\\/www.omrserrature.it\\\/wp-content\\\/uploads\\\/2018\\\/03\\\/serratura-chiave-spillo-infilare.jpg\",\"width\":568,\"height\":396,\"caption\":\"Serrure \u00e0 cl\u00e9 \u00e0 mortaiser - avec cl\u00e9 \u00e0 goupille\"},{\"@type\":\"BreadcrumbList\",\"@id\":\"https:\\\/\\\/www.omrserrature.it\\\/fr\\\/produit\\\/serrure-a-cle-a-croix-de-la-mortaise\\\/#breadcrumb\",\"itemListElement\":[{\"@type\":\"ListItem\",\"position\":1,\"name\":\"Home\",\"item\":\"https:\\\/\\\/www.omrserrature.it\\\/fr\\\/omr-serrures-et-systemes-de-verrouillage\\\/\"},{\"@type\":\"ListItem\",\"position\":2,\"name\":\"Catalogue\",\"item\":\"https:\\\/\\\/www.omrserrature.it\\\/catalogue\\\/?lang=fr\"},{\"@type\":\"ListItem\",\"position\":3,\"name\":\"Produits\",\"item\":\"https:\\\/\\\/www.omrserrature.it\\\/fr\\\/catalogue\\\/produits\\\/\"},{\"@type\":\"ListItem\",\"position\":4,\"name\":\"Serrures\",\"item\":\"https:\\\/\\\/www.omrserrature.it\\\/fr\\\/catalogue\\\/produits\\\/serrures\\\/\"},{\"@type\":\"ListItem\",\"position\":5,\"name\":\"Serrures \u00e0 cl\u00e9 \u00e0 croix\",\"item\":\"https:\\\/\\\/www.omrserrature.it\\\/fr\\\/catalogue\\\/produits\\\/serrures\\\/serrures-a-cle-a-croix\\\/\"},{\"@type\":\"ListItem\",\"position\":6,\"name\":\"Serrure \u00e0 cl\u00e9 \u00e0 croix de la mortaise\"}]},{\"@type\":\"WebSite\",\"@id\":\"https:\\\/\\\/www.omrserrature.it\\\/fr\\\/#website\",\"url\":\"https:\\\/\\\/www.omrserrature.it\\\/fr\\\/\",\"name\":\"OMR Serrature | Produzione sistemi di chiusura\",\"description\":\"Produzione serrature di sicurezza e sistemi di chiusura\",\"publisher\":{\"@id\":\"https:\\\/\\\/www.omrserrature.it\\\/fr\\\/#organization\"},\"potentialAction\":[{\"@type\":\"SearchAction\",\"target\":{\"@type\":\"EntryPoint\",\"urlTemplate\":\"https:\\\/\\\/www.omrserrature.it\\\/fr\\\/?s={search_term_string}\"},\"query-input\":{\"@type\":\"PropertyValueSpecification\",\"valueRequired\":true,\"valueName\":\"search_term_string\"}}],\"inLanguage\":\"fr-FR\"},{\"@type\":\"Organization\",\"@id\":\"https:\\\/\\\/www.omrserrature.it\\\/fr\\\/#organization\",\"name\":\"OMR Serrature | Produzione sistemi di chiusura\",\"url\":\"https:\\\/\\\/www.omrserrature.it\\\/fr\\\/\",\"logo\":{\"@type\":\"ImageObject\",\"inLanguage\":\"fr-FR\",\"@id\":\"https:\\\/\\\/www.omrserrature.it\\\/fr\\\/#\\\/schema\\\/logo\\\/image\\\/\",\"url\":\"https:\\\/\\\/www.omrserrature.it\\\/wp-content\\\/uploads\\\/2017\\\/09\\\/favicon-omr-114.png\",\"contentUrl\":\"https:\\\/\\\/www.omrserrature.it\\\/wp-content\\\/uploads\\\/2017\\\/09\\\/favicon-omr-114.png\",\"width\":114,\"height\":114,\"caption\":\"OMR Serrature | Produzione sistemi di chiusura\"},\"image\":{\"@id\":\"https:\\\/\\\/www.omrserrature.it\\\/fr\\\/#\\\/schema\\\/logo\\\/image\\\/\"},\"sameAs\":[\"https:\\\/\\\/www.facebook.com\\\/OMRserrature\",\"https:\\\/\\\/www.linkedin.com\\\/company\\\/omrserrature\\\/\",\"https:\\\/\\\/www.youtube.com\\\/channel\\\/UCxmA85z2R0EpG_6IRokiAkg\"]}]}<\/script>\n<!-- \/ Yoast SEO plugin. -->","yoast_head_json":{"title":"Serrure \u00e0 cl\u00e9 \u00e0 croix de la mortaise - OMR Serrature","robots":{"index":"index","follow":"follow","max-snippet":"max-snippet:-1","max-image-preview":"max-image-preview:large","max-video-preview":"max-video-preview:-1"},"canonical":"https:\/\/www.omrserrature.it\/fr\/produit\/serrure-a-cle-a-croix-de-la-mortaise\/","og_locale":"fr_FR","og_type":"article","og_title":"Serrure \u00e0 cl\u00e9 \u00e0 croix de la mortaise - OMR Serrature","og_description":"La serrure \u00e0 mortaise \u00e0 1 ou 2 goupilles, qui n'est disponible que sur demande, est dot\u00e9e d'un cylindre cruciforme, log\u00e9 dans un corps en acier et en alliage de zinc, qui d\u00e9place deux pistons lat\u00e9raux une fois la cl\u00e9 ins\u00e9r\u00e9e. La disposition en croix des pistons garantit un bon niveau de s\u00e9curit\u00e9, gr\u00e2ce \u00e9galement \u00e0 la forme cruciforme sp\u00e9ciale de la cl\u00e9.","og_url":"https:\/\/www.omrserrature.it\/fr\/produit\/serrure-a-cle-a-croix-de-la-mortaise\/","og_site_name":"OMR Serrature | Produzione sistemi di chiusura","article_publisher":"https:\/\/www.facebook.com\/OMRserrature","article_modified_time":"2026-04-08T10:22:46+00:00","og_image":[{"width":568,"height":396,"url":"https:\/\/www.omrserrature.it\/wp-content\/uploads\/2018\/03\/serratura-chiave-spillo-infilare.jpg","type":"image\/jpeg"}],"twitter_card":"summary_large_image","twitter_misc":{"Dur\u00e9e de lecture estim\u00e9e":"2 minutes"},"schema":{"@context":"https:\/\/schema.org","@graph":[{"@type":"WebPage","@id":"https:\/\/www.omrserrature.it\/fr\/produit\/serrure-a-cle-a-croix-de-la-mortaise\/","url":"https:\/\/www.omrserrature.it\/fr\/produit\/serrure-a-cle-a-croix-de-la-mortaise\/","name":"Serrure \u00e0 cl\u00e9 \u00e0 croix de la mortaise - OMR Serrature","isPartOf":{"@id":"https:\/\/www.omrserrature.it\/fr\/#website"},"primaryImageOfPage":{"@id":"https:\/\/www.omrserrature.it\/fr\/produit\/serrure-a-cle-a-croix-de-la-mortaise\/#primaryimage"},"image":{"@id":"https:\/\/www.omrserrature.it\/fr\/produit\/serrure-a-cle-a-croix-de-la-mortaise\/#primaryimage"},"thumbnailUrl":"https:\/\/www.omrserrature.it\/wp-content\/uploads\/2018\/03\/serratura-chiave-spillo-infilare.jpg","datePublished":"2017-10-16T14:25:01+00:00","dateModified":"2026-04-08T10:22:46+00:00","breadcrumb":{"@id":"https:\/\/www.omrserrature.it\/fr\/produit\/serrure-a-cle-a-croix-de-la-mortaise\/#breadcrumb"},"inLanguage":"fr-FR","potentialAction":[{"@type":"ReadAction","target":["https:\/\/www.omrserrature.it\/fr\/produit\/serrure-a-cle-a-croix-de-la-mortaise\/"]}]},{"@type":"ImageObject","inLanguage":"fr-FR","@id":"https:\/\/www.omrserrature.it\/fr\/produit\/serrure-a-cle-a-croix-de-la-mortaise\/#primaryimage","url":"https:\/\/www.omrserrature.it\/wp-content\/uploads\/2018\/03\/serratura-chiave-spillo-infilare.jpg","contentUrl":"https:\/\/www.omrserrature.it\/wp-content\/uploads\/2018\/03\/serratura-chiave-spillo-infilare.jpg","width":568,"height":396,"caption":"Serrure \u00e0 cl\u00e9 \u00e0 mortaiser - avec cl\u00e9 \u00e0 goupille"},{"@type":"BreadcrumbList","@id":"https:\/\/www.omrserrature.it\/fr\/produit\/serrure-a-cle-a-croix-de-la-mortaise\/#breadcrumb","itemListElement":[{"@type":"ListItem","position":1,"name":"Home","item":"https:\/\/www.omrserrature.it\/fr\/omr-serrures-et-systemes-de-verrouillage\/"},{"@type":"ListItem","position":2,"name":"Catalogue","item":"https:\/\/www.omrserrature.it\/catalogue\/?lang=fr"},{"@type":"ListItem","position":3,"name":"Produits","item":"https:\/\/www.omrserrature.it\/fr\/catalogue\/produits\/"},{"@type":"ListItem","position":4,"name":"Serrures","item":"https:\/\/www.omrserrature.it\/fr\/catalogue\/produits\/serrures\/"},{"@type":"ListItem","position":5,"name":"Serrures \u00e0 cl\u00e9 \u00e0 croix","item":"https:\/\/www.omrserrature.it\/fr\/catalogue\/produits\/serrures\/serrures-a-cle-a-croix\/"},{"@type":"ListItem","position":6,"name":"Serrure \u00e0 cl\u00e9 \u00e0 croix de la mortaise"}]},{"@type":"WebSite","@id":"https:\/\/www.omrserrature.it\/fr\/#website","url":"https:\/\/www.omrserrature.it\/fr\/","name":"OMR Serrature | Produzione sistemi di chiusura","description":"Produzione serrature di sicurezza e sistemi di chiusura","publisher":{"@id":"https:\/\/www.omrserrature.it\/fr\/#organization"},"potentialAction":[{"@type":"SearchAction","target":{"@type":"EntryPoint","urlTemplate":"https:\/\/www.omrserrature.it\/fr\/?s={search_term_string}"},"query-input":{"@type":"PropertyValueSpecification","valueRequired":true,"valueName":"search_term_string"}}],"inLanguage":"fr-FR"},{"@type":"Organization","@id":"https:\/\/www.omrserrature.it\/fr\/#organization","name":"OMR Serrature | Produzione sistemi di chiusura","url":"https:\/\/www.omrserrature.it\/fr\/","logo":{"@type":"ImageObject","inLanguage":"fr-FR","@id":"https:\/\/www.omrserrature.it\/fr\/#\/schema\/logo\/image\/","url":"https:\/\/www.omrserrature.it\/wp-content\/uploads\/2017\/09\/favicon-omr-114.png","contentUrl":"https:\/\/www.omrserrature.it\/wp-content\/uploads\/2017\/09\/favicon-omr-114.png","width":114,"height":114,"caption":"OMR Serrature | Produzione sistemi di chiusura"},"image":{"@id":"https:\/\/www.omrserrature.it\/fr\/#\/schema\/logo\/image\/"},"sameAs":["https:\/\/www.facebook.com\/OMRserrature","https:\/\/www.linkedin.com\/company\/omrserrature\/","https:\/\/www.youtube.com\/channel\/UCxmA85z2R0EpG_6IRokiAkg"]}]}},"_links":{"self":[{"href":"https:\/\/www.omrserrature.it\/fr\/wp-json\/wp\/v2\/product\/252864","targetHints":{"allow":["GET"]}}],"collection":[{"href":"https:\/\/www.omrserrature.it\/fr\/wp-json\/wp\/v2\/product"}],"about":[{"href":"https:\/\/www.omrserrature.it\/fr\/wp-json\/wp\/v2\/types\/product"}],"replies":[{"embeddable":true,"href":"https:\/\/www.omrserrature.it\/fr\/wp-json\/wp\/v2\/comments?post=252864"}],"wp:featuredmedia":[{"embeddable":true,"href":"https:\/\/www.omrserrature.it\/fr\/wp-json\/wp\/v2\/media\/8095"}],"wp:attachment":[{"href":"https:\/\/www.omrserrature.it\/fr\/wp-json\/wp\/v2\/media?parent=252864"}],"wp:term":[{"taxonomy":"product_brand","embeddable":true,"href":"https:\/\/www.omrserrature.it\/fr\/wp-json\/wp\/v2\/product_brand?post=252864"},{"taxonomy":"product_cat","embeddable":true,"href":"https:\/\/www.omrserrature.it\/fr\/wp-json\/wp\/v2\/product_cat?post=252864"},{"taxonomy":"product_tag","embeddable":true,"href":"https:\/\/www.omrserrature.it\/fr\/wp-json\/wp\/v2\/product_tag?post=252864"}],"curies":[{"name":"wp","href":"https:\/\/api.w.org\/{rel}","templated":true}]}}