{"id":249904,"date":"2025-04-30T10:10:49","date_gmt":"2025-04-30T08:10:49","guid":{"rendered":"https:\/\/www.staging6.omrserrature.it\/prodotto\/fermeture-triangulaire-en-acier-inoxydable-avec-indicateurs-detat\/"},"modified":"2026-04-08T11:20:41","modified_gmt":"2026-04-08T09:20:41","slug":"fermeture-triangulaire-en-acier-inoxydable-avec-indicateurs-detat","status":"publish","type":"product","link":"https:\/\/www.omrserrature.it\/fr\/produit\/fermeture-triangulaire-en-acier-inoxydable-avec-indicateurs-detat\/","title":{"rendered":"Fermeture triangulaire en acier inoxydable &#8211; avec indicateurs d&rsquo;\u00e9tat"},"content":{"rendered":"<p>Cette <strong>serrure \u00e0 levier quart de tour avec cl\u00e9 triangulaire<\/strong>, enti\u00e8rement en acier inoxydable, est con\u00e7ue pour la s\u00e9curit\u00e9 et la durabilit\u00e9 dans les environnements ext\u00e9rieurs et industriels. Elle est \u00e9quip\u00e9e d&rsquo;<strong>indicateurs visuels d&rsquo;\u00e9tat<\/strong> (vert pour ouvert, rouge pour ferm\u00e9) qui permettent de v\u00e9rifier imm\u00e9diatement la position de la fermeture, am\u00e9liorant ainsi la gestion de la s\u00e9curit\u00e9 et la facilit\u00e9 d&rsquo;utilisation. Le choix de l&rsquo;acier inoxydable 304 comme mat\u00e9riau de construction offre de nombreux avantages et rend ce produit id\u00e9al pour des applications sur des portes et du mobilier pour l&rsquo;ext\u00e9rieur \/ pour des environnements complexes (ateliers, industries, usines, laboratoires, etc.).  <\/p>\n<h2>Principales caract\u00e9ristiques des serrures quart de tour en acier inoxydable 304<\/h2>\n<ul>\n<li><strong>Mat\u00e9riau<\/strong>: acier inoxydable, connu pour sa grande r\u00e9sistance \u00e0 la corrosion et aux intemp\u00e9ries.<\/li>\n<li><strong>M\u00e9canisme de fermeture<\/strong>: came quart de tour pour une ouverture et une fermeture rapides et s\u00fbres.<\/li>\n<li><strong>Type de cl\u00e9<\/strong>: cl\u00e9 triangulaire, souvent utilis\u00e9e dans des contextes industriels pour assurer un acc\u00e8s contr\u00f4l\u00e9.<\/li>\n<\/ul>\n<p><strong>Les avantages de l&rsquo;acier inoxydable<\/strong><\/p>\n<p>L&rsquo;acier inoxydable est un alliage compos\u00e9 principalement de fer, de chrome et de nickel. La pr\u00e9sence de chrome conf\u00e8re au mat\u00e9riau la capacit\u00e9 de former une couche passivante d&rsquo;oxyde de chrome en surface, prot\u00e9geant le m\u00e9tal sous-jacent de la corrosion. Cette propri\u00e9t\u00e9 rend l&rsquo;acier inoxydable 304 particuli\u00e8rement adapt\u00e9 aux applications dans des environnements humides, expos\u00e9s aux intemp\u00e9ries ou aux produits chimiques des industries. En fait, l&rsquo;acier inoxydable offre :   <\/p>\n<ul>\n<li><strong>Durabilit\u00e9<\/strong>: il r\u00e9siste \u00e0 l&rsquo;usure et conserve ses propri\u00e9t\u00e9s m\u00e9caniques dans le temps.<\/li>\n<li><strong>Hygi\u00e8ne<\/strong>: facile \u00e0 nettoyer et r\u00e9sistant \u00e0 la croissance bact\u00e9rienne, id\u00e9al pour les environnements o\u00f9 l&rsquo;hygi\u00e8ne est primordiale.<\/li>\n<li><strong>Esth\u00e9tique raffin\u00e9e<\/strong>: aspect \u00e9pur\u00e9 et moderne qui s&rsquo;int\u00e8gre \u00e9l\u00e9gamment dans de nombreux contextes.<\/li>\n<\/ul>\n<h2>Applications recommand\u00e9es pour les serrures en acier inoxydable<\/h2>\n<p>Gr\u00e2ce \u00e0 sa construction en acier inoxydable et \u00e0 sa conception robuste, cette serrure est particuli\u00e8rement adapt\u00e9e \u00e0 :<\/p>\n<ul>\n<li>Panneaux \u00e9lectriques, sur les tringles et les enceintes.<\/li>\n<li>Installations industrielles, o\u00f9 une fermeture s\u00fbre et r\u00e9sistante est n\u00e9cessaire.<\/li>\n<li>Composants pour les secteurs ferroviaire, a\u00e9rospatial, naval et hospitalier.<\/li>\n<\/ul>\n<p>Choisir une serrure en acier inoxydable, c&rsquo;est investir dans un produit qui offre fiabilit\u00e9, s\u00e9curit\u00e9 et longue dur\u00e9e de vie.<\/p>\n","protected":false},"excerpt":{"rendered":"<p>Serrure \u00e0 levier quart de tour en <strong>acier inoxydable 304<\/strong> avec <strong>cl\u00e9 triangulaire<\/strong>, id\u00e9ale pour les environnements ext\u00e9rieurs et industriels. Gr\u00e2ce \u00e0 son m\u00e9canisme rapide et s\u00fbr, elle est parfaite pour les <strong>armoires \u00e9lectriques<\/strong> et autres installations expos\u00e9es aux \u00e9l\u00e9ments. L&rsquo;acier inoxydable offre une <strong>r\u00e9sistance \u00e0 la corrosion<\/strong>, une <strong>durabilit\u00e9<\/strong> et une facilit\u00e9 de nettoyage, ce qui rend cette serrure adapt\u00e9e aux <strong>applications industrielles et ferroviaires, a\u00e9rospatiales, marines et hospitali\u00e8res<\/strong>.  <\/p>\n","protected":false},"featured_media":258275,"comment_status":"closed","ping_status":"closed","template":"","meta":{"_acf_changed":false,"_et_pb_use_builder":"","_et_pb_old_content":"","_et_gb_content_width":""},"product_brand":[],"product_cat":[3747,3755,3737,3664,3641,1107,3687,3684,3681,3689,3714,3655,3695,3692,3705,3704,3702,3701],"product_tag":[],"class_list":{"0":"post-249904","1":"product","2":"type-product","3":"status-publish","4":"has-post-thumbnail","6":"product_cat-eau-air-gaz-pour-les-entreprises","7":"product_cat-hopitaux-et-soins-de-sante","8":"product_cat-serrure-de-bateau","9":"product_cat-serrure-etanche-inox","10":"product_cat-serrure-pompiers-1-4-de-tour","11":"product_cat-serrures","12":"product_cat-serrures-a-came","13":"product_cat-serrures-en-acier-inoxydable","14":"product_cat-serrures-manuelles-pour-les-bacs-a-ordures","15":"product_cat-serrures-pour-armoires-electriques","16":"product_cat-serrures-pour-armoires-industrielles","17":"product_cat-serrures-pour-bacs-a-ordures","18":"product_cat-serrures-pour-bacs-a-ordures-2","19":"product_cat-serrures-pour-chariots-professionnels","20":"product_cat-serrures-pour-entrepots-automatiques","21":"product_cat-serrures-pour-lindustrie-electromecanique","22":"product_cat-serrures-pour-les-portes-des-panneaux-lateraux","23":"product_cat-serrures-pour-portes-darmoires-frontales","25":"first","26":"instock","27":"shipping-taxable","28":"product-type-simple"},"acf":{"pdf1":"https:\/\/www.omrserrature.it\/wp-content\/uploads\/2025\/04\/Scheda-tech_IN165665.pdf"},"yoast_head":"<!-- This site is optimized with the Yoast SEO plugin v27.2 - https:\/\/yoast.com\/product\/yoast-seo-wordpress\/ -->\n<title>Serrure \u00e0 cl\u00e9 triangulaire avec ouverture\/fermeture - Serrures OMR<\/title>\n<meta name=\"description\" content=\"Serrure \u00e0 levier quart de tour en acier inoxydable avec cl\u00e9 triangulaire et indicateurs d&#039;\u00e9tat. Id\u00e9al pour les environnements ext\u00e9rieurs et industriels.\" \/>\n<meta name=\"robots\" content=\"index, follow, max-snippet:-1, max-image-preview:large, max-video-preview:-1\" \/>\n<link rel=\"canonical\" href=\"https:\/\/www.omrserrature.it\/fr\/produit\/fermeture-triangulaire-en-acier-inoxydable-avec-indicateurs-detat\/\" \/>\n<meta property=\"og:locale\" content=\"fr_FR\" \/>\n<meta property=\"og:type\" content=\"article\" \/>\n<meta property=\"og:title\" content=\"Serrure \u00e0 cl\u00e9 triangulaire avec ouverture\/fermeture - Serrures OMR\" \/>\n<meta property=\"og:description\" content=\"Serrure \u00e0 levier quart de tour en acier inoxydable avec cl\u00e9 triangulaire et indicateurs d&#039;\u00e9tat. Id\u00e9al pour les environnements ext\u00e9rieurs et industriels.\" \/>\n<meta property=\"og:url\" content=\"https:\/\/www.omrserrature.it\/fr\/produit\/fermeture-triangulaire-en-acier-inoxydable-avec-indicateurs-detat\/\" \/>\n<meta property=\"og:site_name\" content=\"OMR Serrature | Produzione sistemi di chiusura\" \/>\n<meta property=\"article:publisher\" content=\"https:\/\/www.facebook.com\/OMRserrature\" \/>\n<meta property=\"article:modified_time\" content=\"2026-04-08T09:20:41+00:00\" \/>\n<meta property=\"og:image\" content=\"https:\/\/www.omrserrature.it\/wp-content\/uploads\/2025\/04\/IN165665.jpg\" \/>\n\t<meta property=\"og:image:width\" content=\"1000\" \/>\n\t<meta property=\"og:image:height\" content=\"1000\" \/>\n\t<meta property=\"og:image:type\" content=\"image\/jpeg\" \/>\n<meta name=\"twitter:card\" content=\"summary_large_image\" \/>\n<meta name=\"twitter:label1\" content=\"Dur\u00e9e de lecture estim\u00e9e\" \/>\n\t<meta name=\"twitter:data1\" content=\"2 minutes\" \/>\n<script type=\"application\/ld+json\" class=\"yoast-schema-graph\">{\"@context\":\"https:\/\/schema.org\",\"@graph\":[{\"@type\":\"WebPage\",\"@id\":\"https:\/\/www.omrserrature.it\/fr\/produit\/fermeture-triangulaire-en-acier-inoxydable-avec-indicateurs-detat\/\",\"url\":\"https:\/\/www.omrserrature.it\/fr\/produit\/fermeture-triangulaire-en-acier-inoxydable-avec-indicateurs-detat\/\",\"name\":\"Serrure \u00e0 cl\u00e9 triangulaire avec ouverture\/fermeture - Serrures OMR\",\"isPartOf\":{\"@id\":\"https:\/\/www.omrserrature.it\/fr\/#website\"},\"primaryImageOfPage\":{\"@id\":\"https:\/\/www.omrserrature.it\/fr\/produit\/fermeture-triangulaire-en-acier-inoxydable-avec-indicateurs-detat\/#primaryimage\"},\"image\":{\"@id\":\"https:\/\/www.omrserrature.it\/fr\/produit\/fermeture-triangulaire-en-acier-inoxydable-avec-indicateurs-detat\/#primaryimage\"},\"thumbnailUrl\":\"https:\/\/www.omrserrature.it\/wp-content\/uploads\/2025\/04\/IN165665.jpg\",\"datePublished\":\"2025-04-30T08:10:49+00:00\",\"dateModified\":\"2026-04-08T09:20:41+00:00\",\"description\":\"Serrure \u00e0 levier quart de tour en acier inoxydable avec cl\u00e9 triangulaire et indicateurs d'\u00e9tat. Id\u00e9al pour les environnements ext\u00e9rieurs et industriels.\",\"breadcrumb\":{\"@id\":\"https:\/\/www.omrserrature.it\/fr\/produit\/fermeture-triangulaire-en-acier-inoxydable-avec-indicateurs-detat\/#breadcrumb\"},\"inLanguage\":\"fr-FR\",\"potentialAction\":[{\"@type\":\"ReadAction\",\"target\":[\"https:\/\/www.omrserrature.it\/fr\/produit\/fermeture-triangulaire-en-acier-inoxydable-avec-indicateurs-detat\/\"]}]},{\"@type\":\"ImageObject\",\"inLanguage\":\"fr-FR\",\"@id\":\"https:\/\/www.omrserrature.it\/fr\/produit\/fermeture-triangulaire-en-acier-inoxydable-avec-indicateurs-detat\/#primaryimage\",\"url\":\"https:\/\/www.omrserrature.it\/wp-content\/uploads\/2025\/04\/IN165665.jpg\",\"contentUrl\":\"https:\/\/www.omrserrature.it\/wp-content\/uploads\/2025\/04\/IN165665.jpg\",\"width\":1000,\"height\":1000,\"caption\":\"Fermeture triangulaire en acier inoxydable avec indicateurs d'\u00e9tat. Code IN165665\"},{\"@type\":\"BreadcrumbList\",\"@id\":\"https:\/\/www.omrserrature.it\/fr\/produit\/fermeture-triangulaire-en-acier-inoxydable-avec-indicateurs-detat\/#breadcrumb\",\"itemListElement\":[{\"@type\":\"ListItem\",\"position\":1,\"name\":\"Home\",\"item\":\"https:\/\/www.omrserrature.it\/fr\/omr-serrures-et-systemes-de-verrouillage\/\"},{\"@type\":\"ListItem\",\"position\":2,\"name\":\"Catalogue\",\"item\":\"https:\/\/www.omrserrature.it\/catalogue\/?lang=fr\"},{\"@type\":\"ListItem\",\"position\":3,\"name\":\"Produits\",\"item\":\"https:\/\/www.omrserrature.it\/fr\/catalogue\/produits\/\"},{\"@type\":\"ListItem\",\"position\":4,\"name\":\"Serrures\",\"item\":\"https:\/\/www.omrserrature.it\/fr\/catalogue\/produits\/serrures\/\"},{\"@type\":\"ListItem\",\"position\":5,\"name\":\"Fermeture triangulaire en acier inoxydable &#8211; avec indicateurs d&#8217;\u00e9tat\"}]},{\"@type\":\"WebSite\",\"@id\":\"https:\/\/www.omrserrature.it\/fr\/#website\",\"url\":\"https:\/\/www.omrserrature.it\/fr\/\",\"name\":\"OMR Serrature | Produzione sistemi di chiusura\",\"description\":\"Produzione serrature di sicurezza e sistemi di chiusura\",\"publisher\":{\"@id\":\"https:\/\/www.omrserrature.it\/fr\/#organization\"},\"potentialAction\":[{\"@type\":\"SearchAction\",\"target\":{\"@type\":\"EntryPoint\",\"urlTemplate\":\"https:\/\/www.omrserrature.it\/fr\/?s={search_term_string}\"},\"query-input\":{\"@type\":\"PropertyValueSpecification\",\"valueRequired\":true,\"valueName\":\"search_term_string\"}}],\"inLanguage\":\"fr-FR\"},{\"@type\":\"Organization\",\"@id\":\"https:\/\/www.omrserrature.it\/fr\/#organization\",\"name\":\"OMR Serrature | Produzione sistemi di chiusura\",\"url\":\"https:\/\/www.omrserrature.it\/fr\/\",\"logo\":{\"@type\":\"ImageObject\",\"inLanguage\":\"fr-FR\",\"@id\":\"https:\/\/www.omrserrature.it\/fr\/#\/schema\/logo\/image\/\",\"url\":\"https:\/\/www.omrserrature.it\/wp-content\/uploads\/2017\/09\/favicon-omr-114.png\",\"contentUrl\":\"https:\/\/www.omrserrature.it\/wp-content\/uploads\/2017\/09\/favicon-omr-114.png\",\"width\":114,\"height\":114,\"caption\":\"OMR Serrature | Produzione sistemi di chiusura\"},\"image\":{\"@id\":\"https:\/\/www.omrserrature.it\/fr\/#\/schema\/logo\/image\/\"},\"sameAs\":[\"https:\/\/www.facebook.com\/OMRserrature\",\"https:\/\/www.linkedin.com\/company\/omrserrature\/\",\"https:\/\/www.youtube.com\/channel\/UCxmA85z2R0EpG_6IRokiAkg\"]}]}<\/script>\n<!-- \/ Yoast SEO plugin. -->","yoast_head_json":{"title":"Serrure \u00e0 cl\u00e9 triangulaire avec ouverture\/fermeture - Serrures OMR","description":"Serrure \u00e0 levier quart de tour en acier inoxydable avec cl\u00e9 triangulaire et indicateurs d'\u00e9tat. Id\u00e9al pour les environnements ext\u00e9rieurs et industriels.","robots":{"index":"index","follow":"follow","max-snippet":"max-snippet:-1","max-image-preview":"max-image-preview:large","max-video-preview":"max-video-preview:-1"},"canonical":"https:\/\/www.omrserrature.it\/fr\/produit\/fermeture-triangulaire-en-acier-inoxydable-avec-indicateurs-detat\/","og_locale":"fr_FR","og_type":"article","og_title":"Serrure \u00e0 cl\u00e9 triangulaire avec ouverture\/fermeture - Serrures OMR","og_description":"Serrure \u00e0 levier quart de tour en acier inoxydable avec cl\u00e9 triangulaire et indicateurs d'\u00e9tat. Id\u00e9al pour les environnements ext\u00e9rieurs et industriels.","og_url":"https:\/\/www.omrserrature.it\/fr\/produit\/fermeture-triangulaire-en-acier-inoxydable-avec-indicateurs-detat\/","og_site_name":"OMR Serrature | Produzione sistemi di chiusura","article_publisher":"https:\/\/www.facebook.com\/OMRserrature","article_modified_time":"2026-04-08T09:20:41+00:00","og_image":[{"width":1000,"height":1000,"url":"https:\/\/www.omrserrature.it\/wp-content\/uploads\/2025\/04\/IN165665.jpg","type":"image\/jpeg"}],"twitter_card":"summary_large_image","twitter_misc":{"Dur\u00e9e de lecture estim\u00e9e":"2 minutes"},"schema":{"@context":"https:\/\/schema.org","@graph":[{"@type":"WebPage","@id":"https:\/\/www.omrserrature.it\/fr\/produit\/fermeture-triangulaire-en-acier-inoxydable-avec-indicateurs-detat\/","url":"https:\/\/www.omrserrature.it\/fr\/produit\/fermeture-triangulaire-en-acier-inoxydable-avec-indicateurs-detat\/","name":"Serrure \u00e0 cl\u00e9 triangulaire avec ouverture\/fermeture - Serrures OMR","isPartOf":{"@id":"https:\/\/www.omrserrature.it\/fr\/#website"},"primaryImageOfPage":{"@id":"https:\/\/www.omrserrature.it\/fr\/produit\/fermeture-triangulaire-en-acier-inoxydable-avec-indicateurs-detat\/#primaryimage"},"image":{"@id":"https:\/\/www.omrserrature.it\/fr\/produit\/fermeture-triangulaire-en-acier-inoxydable-avec-indicateurs-detat\/#primaryimage"},"thumbnailUrl":"https:\/\/www.omrserrature.it\/wp-content\/uploads\/2025\/04\/IN165665.jpg","datePublished":"2025-04-30T08:10:49+00:00","dateModified":"2026-04-08T09:20:41+00:00","description":"Serrure \u00e0 levier quart de tour en acier inoxydable avec cl\u00e9 triangulaire et indicateurs d'\u00e9tat. Id\u00e9al pour les environnements ext\u00e9rieurs et industriels.","breadcrumb":{"@id":"https:\/\/www.omrserrature.it\/fr\/produit\/fermeture-triangulaire-en-acier-inoxydable-avec-indicateurs-detat\/#breadcrumb"},"inLanguage":"fr-FR","potentialAction":[{"@type":"ReadAction","target":["https:\/\/www.omrserrature.it\/fr\/produit\/fermeture-triangulaire-en-acier-inoxydable-avec-indicateurs-detat\/"]}]},{"@type":"ImageObject","inLanguage":"fr-FR","@id":"https:\/\/www.omrserrature.it\/fr\/produit\/fermeture-triangulaire-en-acier-inoxydable-avec-indicateurs-detat\/#primaryimage","url":"https:\/\/www.omrserrature.it\/wp-content\/uploads\/2025\/04\/IN165665.jpg","contentUrl":"https:\/\/www.omrserrature.it\/wp-content\/uploads\/2025\/04\/IN165665.jpg","width":1000,"height":1000,"caption":"Fermeture triangulaire en acier inoxydable avec indicateurs d'\u00e9tat. Code IN165665"},{"@type":"BreadcrumbList","@id":"https:\/\/www.omrserrature.it\/fr\/produit\/fermeture-triangulaire-en-acier-inoxydable-avec-indicateurs-detat\/#breadcrumb","itemListElement":[{"@type":"ListItem","position":1,"name":"Home","item":"https:\/\/www.omrserrature.it\/fr\/omr-serrures-et-systemes-de-verrouillage\/"},{"@type":"ListItem","position":2,"name":"Catalogue","item":"https:\/\/www.omrserrature.it\/catalogue\/?lang=fr"},{"@type":"ListItem","position":3,"name":"Produits","item":"https:\/\/www.omrserrature.it\/fr\/catalogue\/produits\/"},{"@type":"ListItem","position":4,"name":"Serrures","item":"https:\/\/www.omrserrature.it\/fr\/catalogue\/produits\/serrures\/"},{"@type":"ListItem","position":5,"name":"Fermeture triangulaire en acier inoxydable &#8211; avec indicateurs d&#8217;\u00e9tat"}]},{"@type":"WebSite","@id":"https:\/\/www.omrserrature.it\/fr\/#website","url":"https:\/\/www.omrserrature.it\/fr\/","name":"OMR Serrature | Produzione sistemi di chiusura","description":"Produzione serrature di sicurezza e sistemi di chiusura","publisher":{"@id":"https:\/\/www.omrserrature.it\/fr\/#organization"},"potentialAction":[{"@type":"SearchAction","target":{"@type":"EntryPoint","urlTemplate":"https:\/\/www.omrserrature.it\/fr\/?s={search_term_string}"},"query-input":{"@type":"PropertyValueSpecification","valueRequired":true,"valueName":"search_term_string"}}],"inLanguage":"fr-FR"},{"@type":"Organization","@id":"https:\/\/www.omrserrature.it\/fr\/#organization","name":"OMR Serrature | Produzione sistemi di chiusura","url":"https:\/\/www.omrserrature.it\/fr\/","logo":{"@type":"ImageObject","inLanguage":"fr-FR","@id":"https:\/\/www.omrserrature.it\/fr\/#\/schema\/logo\/image\/","url":"https:\/\/www.omrserrature.it\/wp-content\/uploads\/2017\/09\/favicon-omr-114.png","contentUrl":"https:\/\/www.omrserrature.it\/wp-content\/uploads\/2017\/09\/favicon-omr-114.png","width":114,"height":114,"caption":"OMR Serrature | Produzione sistemi di chiusura"},"image":{"@id":"https:\/\/www.omrserrature.it\/fr\/#\/schema\/logo\/image\/"},"sameAs":["https:\/\/www.facebook.com\/OMRserrature","https:\/\/www.linkedin.com\/company\/omrserrature\/","https:\/\/www.youtube.com\/channel\/UCxmA85z2R0EpG_6IRokiAkg"]}]}},"_links":{"self":[{"href":"https:\/\/www.omrserrature.it\/fr\/wp-json\/wp\/v2\/product\/249904","targetHints":{"allow":["GET"]}}],"collection":[{"href":"https:\/\/www.omrserrature.it\/fr\/wp-json\/wp\/v2\/product"}],"about":[{"href":"https:\/\/www.omrserrature.it\/fr\/wp-json\/wp\/v2\/types\/product"}],"replies":[{"embeddable":true,"href":"https:\/\/www.omrserrature.it\/fr\/wp-json\/wp\/v2\/comments?post=249904"}],"wp:featuredmedia":[{"embeddable":true,"href":"https:\/\/www.omrserrature.it\/fr\/wp-json\/wp\/v2\/media\/258275"}],"wp:attachment":[{"href":"https:\/\/www.omrserrature.it\/fr\/wp-json\/wp\/v2\/media?parent=249904"}],"wp:term":[{"taxonomy":"product_brand","embeddable":true,"href":"https:\/\/www.omrserrature.it\/fr\/wp-json\/wp\/v2\/product_brand?post=249904"},{"taxonomy":"product_cat","embeddable":true,"href":"https:\/\/www.omrserrature.it\/fr\/wp-json\/wp\/v2\/product_cat?post=249904"},{"taxonomy":"product_tag","embeddable":true,"href":"https:\/\/www.omrserrature.it\/fr\/wp-json\/wp\/v2\/product_tag?post=249904"}],"curies":[{"name":"wp","href":"https:\/\/api.w.org\/{rel}","templated":true}]}}