{"id":243841,"date":"2025-04-24T13:01:07","date_gmt":"2025-04-24T11:01:07","guid":{"rendered":"https:\/\/www.staging6.omrserrature.it\/prodotto\/fermeture-a-tournevis-en-acier-inoxydable\/"},"modified":"2026-04-08T11:09:37","modified_gmt":"2026-04-08T09:09:37","slug":"fermeture-a-tournevis-en-acier-inoxydable","status":"publish","type":"product","link":"https:\/\/www.omrserrature.it\/fr\/produit\/fermeture-a-tournevis-en-acier-inoxydable\/","title":{"rendered":"Fermeture \u00e0 tournevis en acier inoxydable"},"content":{"rendered":"<p>Cette serrure \u00e0 b\u00e9quille quart de tour avec <b>cl\u00e9 plate (aplatie)<\/b>, enti\u00e8rement r\u00e9alis\u00e9e en acier inoxydable, est con\u00e7ue pour la s\u00e9curit\u00e9 et la r\u00e9sistance en milieu ext\u00e9rieur et industriel. Le choix de l&rsquo;acier inoxydable 304 comme mat\u00e9riau de construction offre de nombreux avantages et rend ce produit id\u00e9al pour des applications sur des portes, des tableaux et du mobilier ext\u00e9rieur\/confortable (ateliers, industries, usines, laboratoires, etc.). L&rsquo;ouverture \u00e0 l&rsquo;aide d&rsquo;un tournevis plat ne n\u00e9cessite pas de cl\u00e9 sp\u00e9cifique pour l&rsquo;ouverture et la fermeture, n&rsquo;importe quel tournevis plat de taille moyenne suffit.  <\/p>\n<h2>Principales caract\u00e9ristiques des serrures quart de tour en acier inoxydable 304<\/h2>\n<ul>\n<li><strong>Mat\u00e9riau<\/strong>: acier inoxydable, connu pour sa grande r\u00e9sistance \u00e0 la corrosion et aux intemp\u00e9ries.<\/li>\n<li><strong>M\u00e9canisme de fermeture<\/strong>: came quart de tour pour une ouverture et une fermeture rapides et s\u00fbres.<\/li>\n<li><strong>Type de cl\u00e9<\/strong>: la serrure peut \u00eatre ouverte et ferm\u00e9e \u00e0 l&rsquo;aide d&rsquo;un tournevis plat de taille moyenne.<\/li>\n<\/ul>\n<p><strong>Les avantages de l&rsquo;acier inoxydable<\/strong><\/p>\n<p>L&rsquo;acier inoxydable est un alliage compos\u00e9 principalement de fer, de chrome et de nickel. La pr\u00e9sence de chrome conf\u00e8re au mat\u00e9riau la capacit\u00e9 de former une couche passivante d&rsquo;oxyde de chrome en surface, prot\u00e9geant le m\u00e9tal sous-jacent de la corrosion. Cette propri\u00e9t\u00e9 rend l&rsquo;acier inoxydable 304 particuli\u00e8rement adapt\u00e9 aux applications dans des environnements humides, expos\u00e9s aux intemp\u00e9ries ou aux produits chimiques des industries. En fait, l&rsquo;acier inoxydable offre :   <\/p>\n<ul>\n<li><strong>Durabilit\u00e9<\/strong>: il r\u00e9siste \u00e0 l&rsquo;usure et conserve ses propri\u00e9t\u00e9s m\u00e9caniques dans le temps.<\/li>\n<li><strong>Hygi\u00e8ne<\/strong>: facile \u00e0 nettoyer et r\u00e9sistant \u00e0 la croissance bact\u00e9rienne, id\u00e9al pour les environnements o\u00f9 l&rsquo;hygi\u00e8ne est primordiale.<\/li>\n<li><strong>Esth\u00e9tique raffin\u00e9e<\/strong>: aspect \u00e9pur\u00e9 et moderne qui s&rsquo;int\u00e8gre \u00e9l\u00e9gamment dans de nombreux contextes.<\/li>\n<\/ul>\n<h2>Applications recommand\u00e9es pour les serrures en acier inoxydable<\/h2>\n<p>Gr\u00e2ce \u00e0 sa construction en acier inoxydable et \u00e0 sa conception robuste, cette serrure est particuli\u00e8rement adapt\u00e9e \u00e0 :<\/p>\n<ul>\n<li>Panneaux et tringles \u00e9lectriques sur les meubles d&rsquo;ext\u00e9rieur.<\/li>\n<li>Installations industrielles, o\u00f9 une fermeture s\u00fbre et r\u00e9sistante est n\u00e9cessaire.<\/li>\n<li>Composants pour les secteurs ferroviaire, a\u00e9rospatial, naval et hospitalier.<\/li>\n<\/ul>\n<p>Choisir une serrure en acier inoxydable, c&rsquo;est investir dans un produit qui offre fiabilit\u00e9, s\u00e9curit\u00e9 et longue dur\u00e9e de vie.<\/p>\n","protected":false},"excerpt":{"rendered":"<p>Serrure \u00e0 levier quart de tour avec <strong>empreinte de tournevis plat<\/strong>, enti\u00e8rement fabriqu\u00e9e en <strong>acier inoxydable 304<\/strong> pour garantir la <strong>r\u00e9sistance \u00e0 la corrosion<\/strong> et la <strong>durabilit\u00e9<\/strong> dans les environnements industriels et ext\u00e9rieurs. Elle s&rsquo;ouvre \u00e0 l&rsquo;aide d&rsquo;un simple <strong>tourne plat<\/strong>, sans n\u00e9cessiter de cl\u00e9 d\u00e9di\u00e9e. Id\u00e9al pour les <strong>tableaux \u00e9lectriques<\/strong>, les <strong>portes<\/strong> et le mobilier technique dans des <strong>environnements complexes<\/strong> tels que les ateliers, les industries et les laboratoires, ainsi que dans les <strong>secteurs<\/strong> <strong>ferroviaire, a\u00e9rospatial, naval et hospitalier<\/strong>. Une solution pratique, hygi\u00e9nique et s\u00fbre pour une gestion des acc\u00e8s essentielle mais efficace.   <\/p>\n","protected":false},"featured_media":243826,"comment_status":"closed","ping_status":"closed","template":"","meta":{"_acf_changed":false,"_et_pb_use_builder":"","_et_pb_old_content":"","_et_gb_content_width":""},"product_brand":[],"product_cat":[3747,3755,3737,3664,3641,1107,3687,3684,3681,3711,3689,3714,3655,3695,3692,3705,3704,3702,3701,3748],"product_tag":[],"class_list":{"0":"post-243841","1":"product","2":"type-product","3":"status-publish","4":"has-post-thumbnail","6":"product_cat-eau-air-gaz-pour-les-entreprises","7":"product_cat-hopitaux-et-soins-de-sante","8":"product_cat-serrure-de-bateau","9":"product_cat-serrure-etanche-inox","10":"product_cat-serrure-pompiers-1-4-de-tour","11":"product_cat-serrures","12":"product_cat-serrures-a-came","13":"product_cat-serrures-en-acier-inoxydable","14":"product_cat-serrures-manuelles-pour-les-bacs-a-ordures","15":"product_cat-serrures-pour-armoires-de-balcon","16":"product_cat-serrures-pour-armoires-electriques","17":"product_cat-serrures-pour-armoires-industrielles","18":"product_cat-serrures-pour-bacs-a-ordures","19":"product_cat-serrures-pour-bacs-a-ordures-2","20":"product_cat-serrures-pour-chariots-professionnels","21":"product_cat-serrures-pour-entrepots-automatiques","22":"product_cat-serrures-pour-lindustrie-electromecanique","23":"product_cat-serrures-pour-les-portes-des-panneaux-lateraux","24":"product_cat-serrures-pour-portes-darmoires-frontales","25":"product_cat-systemes-de-fermeture-pour-lindustrie","27":"first","28":"instock","29":"shipping-taxable","30":"product-type-simple"},"acf":{"pdf1":"https:\/\/www.omrserrature.it\/wp-content\/uploads\/schede\/Scheda_IN165663.pdf"},"yoast_head":"<!-- This site is optimized with the Yoast SEO plugin v27.2 - https:\/\/yoast.com\/product\/yoast-seo-wordpress\/ -->\n<title>Fermeture \u00e0 tournevis en acier inoxydable - OMR Serrature<\/title>\n<meta name=\"robots\" content=\"index, follow, max-snippet:-1, max-image-preview:large, max-video-preview:-1\" \/>\n<link rel=\"canonical\" href=\"https:\/\/www.omrserrature.it\/fr\/produit\/fermeture-a-tournevis-en-acier-inoxydable\/\" \/>\n<meta property=\"og:locale\" content=\"fr_FR\" \/>\n<meta property=\"og:type\" content=\"article\" \/>\n<meta property=\"og:title\" content=\"Fermeture \u00e0 tournevis en acier inoxydable - OMR Serrature\" \/>\n<meta property=\"og:description\" content=\"Serrure \u00e0 levier quart de tour avec empreinte de tournevis plat, enti\u00e8rement fabriqu\u00e9e en acier inoxydable 304 pour garantir la r\u00e9sistance \u00e0 la corrosion et la durabilit\u00e9 dans les environnements industriels et ext\u00e9rieurs. Elle s&#039;ouvre \u00e0 l&#039;aide d&#039;un simple tourne plat, sans n\u00e9cessiter de cl\u00e9 d\u00e9di\u00e9e. Id\u00e9al pour les tableaux \u00e9lectriques, les portes et le mobilier technique dans des environnements complexes tels que les ateliers, les industries et les laboratoires, ainsi que dans les secteurs ferroviaire, a\u00e9rospatial, naval et hospitalier. Une solution pratique, hygi\u00e9nique et s\u00fbre pour une gestion des acc\u00e8s essentielle mais efficace.\" \/>\n<meta property=\"og:url\" content=\"https:\/\/www.omrserrature.it\/fr\/produit\/fermeture-a-tournevis-en-acier-inoxydable\/\" \/>\n<meta property=\"og:site_name\" content=\"OMR Serrature | Produzione sistemi di chiusura\" \/>\n<meta property=\"article:publisher\" content=\"https:\/\/www.facebook.com\/OMRserrature\" \/>\n<meta property=\"article:modified_time\" content=\"2026-04-08T09:09:37+00:00\" \/>\n<meta property=\"og:image\" content=\"https:\/\/www.omrserrature.it\/wp-content\/uploads\/2025\/04\/IN165663.jpg\" \/>\n\t<meta property=\"og:image:width\" content=\"1000\" \/>\n\t<meta property=\"og:image:height\" content=\"1000\" \/>\n\t<meta property=\"og:image:type\" content=\"image\/jpeg\" \/>\n<meta name=\"twitter:card\" content=\"summary_large_image\" \/>\n<meta name=\"twitter:label1\" content=\"Dur\u00e9e de lecture estim\u00e9e\" \/>\n\t<meta name=\"twitter:data1\" content=\"2 minutes\" \/>\n<script type=\"application\/ld+json\" class=\"yoast-schema-graph\">{\"@context\":\"https:\/\/schema.org\",\"@graph\":[{\"@type\":\"WebPage\",\"@id\":\"https:\/\/www.omrserrature.it\/fr\/produit\/fermeture-a-tournevis-en-acier-inoxydable\/\",\"url\":\"https:\/\/www.omrserrature.it\/fr\/produit\/fermeture-a-tournevis-en-acier-inoxydable\/\",\"name\":\"Fermeture \u00e0 tournevis en acier inoxydable - OMR Serrature\",\"isPartOf\":{\"@id\":\"https:\/\/www.omrserrature.it\/fr\/#website\"},\"primaryImageOfPage\":{\"@id\":\"https:\/\/www.omrserrature.it\/fr\/produit\/fermeture-a-tournevis-en-acier-inoxydable\/#primaryimage\"},\"image\":{\"@id\":\"https:\/\/www.omrserrature.it\/fr\/produit\/fermeture-a-tournevis-en-acier-inoxydable\/#primaryimage\"},\"thumbnailUrl\":\"https:\/\/www.omrserrature.it\/wp-content\/uploads\/2025\/04\/IN165663.jpg\",\"datePublished\":\"2025-04-24T11:01:07+00:00\",\"dateModified\":\"2026-04-08T09:09:37+00:00\",\"breadcrumb\":{\"@id\":\"https:\/\/www.omrserrature.it\/fr\/produit\/fermeture-a-tournevis-en-acier-inoxydable\/#breadcrumb\"},\"inLanguage\":\"fr-FR\",\"potentialAction\":[{\"@type\":\"ReadAction\",\"target\":[\"https:\/\/www.omrserrature.it\/fr\/produit\/fermeture-a-tournevis-en-acier-inoxydable\/\"]}]},{\"@type\":\"ImageObject\",\"inLanguage\":\"fr-FR\",\"@id\":\"https:\/\/www.omrserrature.it\/fr\/produit\/fermeture-a-tournevis-en-acier-inoxydable\/#primaryimage\",\"url\":\"https:\/\/www.omrserrature.it\/wp-content\/uploads\/2025\/04\/IN165663.jpg\",\"contentUrl\":\"https:\/\/www.omrserrature.it\/wp-content\/uploads\/2025\/04\/IN165663.jpg\",\"width\":1000,\"height\":1000,\"caption\":\"Serrure en acier inoxydable avec cl\u00e9 triangulaire. Mod. IN165663\"},{\"@type\":\"BreadcrumbList\",\"@id\":\"https:\/\/www.omrserrature.it\/fr\/produit\/fermeture-a-tournevis-en-acier-inoxydable\/#breadcrumb\",\"itemListElement\":[{\"@type\":\"ListItem\",\"position\":1,\"name\":\"Home\",\"item\":\"https:\/\/www.omrserrature.it\/fr\/omr-serrures-et-systemes-de-verrouillage\/\"},{\"@type\":\"ListItem\",\"position\":2,\"name\":\"Catalogue\",\"item\":\"https:\/\/www.omrserrature.it\/catalogue\/?lang=fr\"},{\"@type\":\"ListItem\",\"position\":3,\"name\":\"Applications\",\"item\":\"https:\/\/www.omrserrature.it\/fr\/catalogue\/applications\/\"},{\"@type\":\"ListItem\",\"position\":4,\"name\":\"Serrures d'armoires\",\"item\":\"https:\/\/www.omrserrature.it\/fr\/catalogue\/applications\/serrures-darmoires\/\"},{\"@type\":\"ListItem\",\"position\":5,\"name\":\"Serrures pour armoires de balcon\",\"item\":\"https:\/\/www.omrserrature.it\/fr\/catalogue\/applications\/serrures-darmoires\/serrures-pour-armoires-de-balcon\/\"},{\"@type\":\"ListItem\",\"position\":6,\"name\":\"Fermeture \u00e0 tournevis en acier inoxydable\"}]},{\"@type\":\"WebSite\",\"@id\":\"https:\/\/www.omrserrature.it\/fr\/#website\",\"url\":\"https:\/\/www.omrserrature.it\/fr\/\",\"name\":\"OMR Serrature | Produzione sistemi di chiusura\",\"description\":\"Produzione serrature di sicurezza e sistemi di chiusura\",\"publisher\":{\"@id\":\"https:\/\/www.omrserrature.it\/fr\/#organization\"},\"potentialAction\":[{\"@type\":\"SearchAction\",\"target\":{\"@type\":\"EntryPoint\",\"urlTemplate\":\"https:\/\/www.omrserrature.it\/fr\/?s={search_term_string}\"},\"query-input\":{\"@type\":\"PropertyValueSpecification\",\"valueRequired\":true,\"valueName\":\"search_term_string\"}}],\"inLanguage\":\"fr-FR\"},{\"@type\":\"Organization\",\"@id\":\"https:\/\/www.omrserrature.it\/fr\/#organization\",\"name\":\"OMR Serrature | Produzione sistemi di chiusura\",\"url\":\"https:\/\/www.omrserrature.it\/fr\/\",\"logo\":{\"@type\":\"ImageObject\",\"inLanguage\":\"fr-FR\",\"@id\":\"https:\/\/www.omrserrature.it\/fr\/#\/schema\/logo\/image\/\",\"url\":\"https:\/\/www.omrserrature.it\/wp-content\/uploads\/2017\/09\/favicon-omr-114.png\",\"contentUrl\":\"https:\/\/www.omrserrature.it\/wp-content\/uploads\/2017\/09\/favicon-omr-114.png\",\"width\":114,\"height\":114,\"caption\":\"OMR Serrature | Produzione sistemi di chiusura\"},\"image\":{\"@id\":\"https:\/\/www.omrserrature.it\/fr\/#\/schema\/logo\/image\/\"},\"sameAs\":[\"https:\/\/www.facebook.com\/OMRserrature\",\"https:\/\/www.linkedin.com\/company\/omrserrature\/\",\"https:\/\/www.youtube.com\/channel\/UCxmA85z2R0EpG_6IRokiAkg\"]}]}<\/script>\n<!-- \/ Yoast SEO plugin. -->","yoast_head_json":{"title":"Fermeture \u00e0 tournevis en acier inoxydable - OMR Serrature","robots":{"index":"index","follow":"follow","max-snippet":"max-snippet:-1","max-image-preview":"max-image-preview:large","max-video-preview":"max-video-preview:-1"},"canonical":"https:\/\/www.omrserrature.it\/fr\/produit\/fermeture-a-tournevis-en-acier-inoxydable\/","og_locale":"fr_FR","og_type":"article","og_title":"Fermeture \u00e0 tournevis en acier inoxydable - OMR Serrature","og_description":"Serrure \u00e0 levier quart de tour avec empreinte de tournevis plat, enti\u00e8rement fabriqu\u00e9e en acier inoxydable 304 pour garantir la r\u00e9sistance \u00e0 la corrosion et la durabilit\u00e9 dans les environnements industriels et ext\u00e9rieurs. Elle s'ouvre \u00e0 l'aide d'un simple tourne plat, sans n\u00e9cessiter de cl\u00e9 d\u00e9di\u00e9e. Id\u00e9al pour les tableaux \u00e9lectriques, les portes et le mobilier technique dans des environnements complexes tels que les ateliers, les industries et les laboratoires, ainsi que dans les secteurs ferroviaire, a\u00e9rospatial, naval et hospitalier. Une solution pratique, hygi\u00e9nique et s\u00fbre pour une gestion des acc\u00e8s essentielle mais efficace.","og_url":"https:\/\/www.omrserrature.it\/fr\/produit\/fermeture-a-tournevis-en-acier-inoxydable\/","og_site_name":"OMR Serrature | Produzione sistemi di chiusura","article_publisher":"https:\/\/www.facebook.com\/OMRserrature","article_modified_time":"2026-04-08T09:09:37+00:00","og_image":[{"width":1000,"height":1000,"url":"https:\/\/www.omrserrature.it\/wp-content\/uploads\/2025\/04\/IN165663.jpg","type":"image\/jpeg"}],"twitter_card":"summary_large_image","twitter_misc":{"Dur\u00e9e de lecture estim\u00e9e":"2 minutes"},"schema":{"@context":"https:\/\/schema.org","@graph":[{"@type":"WebPage","@id":"https:\/\/www.omrserrature.it\/fr\/produit\/fermeture-a-tournevis-en-acier-inoxydable\/","url":"https:\/\/www.omrserrature.it\/fr\/produit\/fermeture-a-tournevis-en-acier-inoxydable\/","name":"Fermeture \u00e0 tournevis en acier inoxydable - OMR Serrature","isPartOf":{"@id":"https:\/\/www.omrserrature.it\/fr\/#website"},"primaryImageOfPage":{"@id":"https:\/\/www.omrserrature.it\/fr\/produit\/fermeture-a-tournevis-en-acier-inoxydable\/#primaryimage"},"image":{"@id":"https:\/\/www.omrserrature.it\/fr\/produit\/fermeture-a-tournevis-en-acier-inoxydable\/#primaryimage"},"thumbnailUrl":"https:\/\/www.omrserrature.it\/wp-content\/uploads\/2025\/04\/IN165663.jpg","datePublished":"2025-04-24T11:01:07+00:00","dateModified":"2026-04-08T09:09:37+00:00","breadcrumb":{"@id":"https:\/\/www.omrserrature.it\/fr\/produit\/fermeture-a-tournevis-en-acier-inoxydable\/#breadcrumb"},"inLanguage":"fr-FR","potentialAction":[{"@type":"ReadAction","target":["https:\/\/www.omrserrature.it\/fr\/produit\/fermeture-a-tournevis-en-acier-inoxydable\/"]}]},{"@type":"ImageObject","inLanguage":"fr-FR","@id":"https:\/\/www.omrserrature.it\/fr\/produit\/fermeture-a-tournevis-en-acier-inoxydable\/#primaryimage","url":"https:\/\/www.omrserrature.it\/wp-content\/uploads\/2025\/04\/IN165663.jpg","contentUrl":"https:\/\/www.omrserrature.it\/wp-content\/uploads\/2025\/04\/IN165663.jpg","width":1000,"height":1000,"caption":"Serrure en acier inoxydable avec cl\u00e9 triangulaire. Mod. IN165663"},{"@type":"BreadcrumbList","@id":"https:\/\/www.omrserrature.it\/fr\/produit\/fermeture-a-tournevis-en-acier-inoxydable\/#breadcrumb","itemListElement":[{"@type":"ListItem","position":1,"name":"Home","item":"https:\/\/www.omrserrature.it\/fr\/omr-serrures-et-systemes-de-verrouillage\/"},{"@type":"ListItem","position":2,"name":"Catalogue","item":"https:\/\/www.omrserrature.it\/catalogue\/?lang=fr"},{"@type":"ListItem","position":3,"name":"Applications","item":"https:\/\/www.omrserrature.it\/fr\/catalogue\/applications\/"},{"@type":"ListItem","position":4,"name":"Serrures d'armoires","item":"https:\/\/www.omrserrature.it\/fr\/catalogue\/applications\/serrures-darmoires\/"},{"@type":"ListItem","position":5,"name":"Serrures pour armoires de balcon","item":"https:\/\/www.omrserrature.it\/fr\/catalogue\/applications\/serrures-darmoires\/serrures-pour-armoires-de-balcon\/"},{"@type":"ListItem","position":6,"name":"Fermeture \u00e0 tournevis en acier inoxydable"}]},{"@type":"WebSite","@id":"https:\/\/www.omrserrature.it\/fr\/#website","url":"https:\/\/www.omrserrature.it\/fr\/","name":"OMR Serrature | Produzione sistemi di chiusura","description":"Produzione serrature di sicurezza e sistemi di chiusura","publisher":{"@id":"https:\/\/www.omrserrature.it\/fr\/#organization"},"potentialAction":[{"@type":"SearchAction","target":{"@type":"EntryPoint","urlTemplate":"https:\/\/www.omrserrature.it\/fr\/?s={search_term_string}"},"query-input":{"@type":"PropertyValueSpecification","valueRequired":true,"valueName":"search_term_string"}}],"inLanguage":"fr-FR"},{"@type":"Organization","@id":"https:\/\/www.omrserrature.it\/fr\/#organization","name":"OMR Serrature | Produzione sistemi di chiusura","url":"https:\/\/www.omrserrature.it\/fr\/","logo":{"@type":"ImageObject","inLanguage":"fr-FR","@id":"https:\/\/www.omrserrature.it\/fr\/#\/schema\/logo\/image\/","url":"https:\/\/www.omrserrature.it\/wp-content\/uploads\/2017\/09\/favicon-omr-114.png","contentUrl":"https:\/\/www.omrserrature.it\/wp-content\/uploads\/2017\/09\/favicon-omr-114.png","width":114,"height":114,"caption":"OMR Serrature | Produzione sistemi di chiusura"},"image":{"@id":"https:\/\/www.omrserrature.it\/fr\/#\/schema\/logo\/image\/"},"sameAs":["https:\/\/www.facebook.com\/OMRserrature","https:\/\/www.linkedin.com\/company\/omrserrature\/","https:\/\/www.youtube.com\/channel\/UCxmA85z2R0EpG_6IRokiAkg"]}]}},"_links":{"self":[{"href":"https:\/\/www.omrserrature.it\/fr\/wp-json\/wp\/v2\/product\/243841","targetHints":{"allow":["GET"]}}],"collection":[{"href":"https:\/\/www.omrserrature.it\/fr\/wp-json\/wp\/v2\/product"}],"about":[{"href":"https:\/\/www.omrserrature.it\/fr\/wp-json\/wp\/v2\/types\/product"}],"replies":[{"embeddable":true,"href":"https:\/\/www.omrserrature.it\/fr\/wp-json\/wp\/v2\/comments?post=243841"}],"wp:featuredmedia":[{"embeddable":true,"href":"https:\/\/www.omrserrature.it\/fr\/wp-json\/wp\/v2\/media\/243826"}],"wp:attachment":[{"href":"https:\/\/www.omrserrature.it\/fr\/wp-json\/wp\/v2\/media?parent=243841"}],"wp:term":[{"taxonomy":"product_brand","embeddable":true,"href":"https:\/\/www.omrserrature.it\/fr\/wp-json\/wp\/v2\/product_brand?post=243841"},{"taxonomy":"product_cat","embeddable":true,"href":"https:\/\/www.omrserrature.it\/fr\/wp-json\/wp\/v2\/product_cat?post=243841"},{"taxonomy":"product_tag","embeddable":true,"href":"https:\/\/www.omrserrature.it\/fr\/wp-json\/wp\/v2\/product_tag?post=243841"}],"curies":[{"name":"wp","href":"https:\/\/api.w.org\/{rel}","templated":true}]}}