{"id":243810,"date":"2025-04-24T12:03:24","date_gmt":"2025-04-24T10:03:24","guid":{"rendered":"https:\/\/www.staging6.omrserrature.it\/?post_type=product&#038;p=243810"},"modified":"2026-04-08T11:09:50","modified_gmt":"2026-04-08T09:09:50","slug":"fermeture-avec-barillet-a-ressort-attache-rapide-forme-carree-q7-copia-copia-copia","status":"publish","type":"product","link":"https:\/\/www.omrserrature.it\/fr\/produit\/fermeture-avec-barillet-a-ressort-attache-rapide-forme-carree-q7-copia-copia-copia\/","title":{"rendered":"Fermeture avec barillet \u00e0 ressort, installation rapide, avec poign\u00e9e"},"content":{"rendered":"<p>La <strong>serrure \u00e0 quart de tour<\/strong> mont\u00e9e sur poign\u00e9e se compose d&rsquo;un corps en alliage de zinc \u00e0 l&rsquo;int\u00e9rieur duquel se trouve un rotor \u00e0 ressort qui tourne lorsqu&rsquo;il est soumis \u00e0 une l\u00e9g\u00e8re pression de la main, ce qui entra\u00eene son ouverture ou sa fermeture. Ce verrou mont\u00e9 sur la poign\u00e9e est dot\u00e9 de ressorts \u00e0 pression pour un <strong>engagement rapide<\/strong>: il suffit d&rsquo;appuyer sur la fermeture pour entendre le clic distinctif des ressorts qui la fixent fermement au panneau. <\/p>\n<p>La borne arri\u00e8re carr\u00e9e de 7 mm permet \u00e9galement d&rsquo;installer des <strong>cames droites, coud\u00e9es ou \u00e0 crochet<\/strong>. La serrure 1\/4 de tour peut \u00e9galement \u00eatre r\u00e9alis\u00e9e en <strong>technopolym\u00e8re<\/strong>, un \u00ab\u00a0plastique m\u00e9tallique\u00a0\u00bb sp\u00e9cial qui garantit des performances m\u00e9caniques \u00e9quivalentes \u00e0 celles de l&rsquo;alliage d&rsquo;aluminium, une r\u00e9sistance aux agents atmosph\u00e9riques et \u00e0 la corrosion, ainsi qu&rsquo;une int\u00e9gration parfaite \u00e0 l&rsquo;objet gr\u00e2ce \u00e0 la vaste gamme de couleurs disponibles. <\/p>\n<p>La fermeture \u00e0 douille convient aux applications qui ne requi\u00e8rent pas une s\u00e9curit\u00e9 \u00e9lev\u00e9e, mais une simple <strong>gestion des acc\u00e8s<\/strong>, par exemple les armoires \u00e9lectriques, les armoires m\u00e9talliques, les tourelles d&rsquo;automatisation, les panneaux de commande de machines, les bo\u00eetiers isothermes, le mobilier urbain, les pr\u00e9sentoirs ou les coins.<\/p>\n","protected":false},"excerpt":{"rendered":"<p class=\"\" data-start=\"0\" data-end=\"279\"><strong data-start=\"0\" data-end=\"40\">Serrure pompiers<\/strong> avec <strong data-start=\"0\" data-end=\"40\">poign\u00e9e<\/strong> <strong data-start=\"44\" data-end=\"61\">en alliage de zinc<\/strong>, avec rotor \u00e0 ressort qui tourne avec une l\u00e9g\u00e8re pression de la main. La fixation <strong data-start=\"137\" data-end=\"167\" data-is-only-node=\"\">rapide<\/strong> \u00e0 ressort permet une installation simple et s\u00fbre, le <em data-start=\"242\" data-end=\"248\">clic<\/em> typique confirmant le verrouillage. L&rsquo;<strong data-start=\"284\" data-end=\"311\">embout carr\u00e9 de 7 mm<\/strong> permet l&rsquo;utilisation de <strong data-start=\"330\" data-end=\"365\">cames droites, coud\u00e9es ou \u00e0 crochet<\/strong>. \u00c9galement disponible en <strong data-start=\"456\" data-end=\"473\">technopolym\u00e8re<\/strong> r\u00e9sistant \u00e0 la corrosion et aux intemp\u00e9ries, avec des finitions color\u00e9es pour une int\u00e9gration esth\u00e9tique parfaite. Id\u00e9ale pour les applications <strong data-start=\"618\" data-end=\"637\">\u00e0 faible s\u00e9curit\u00e9<\/strong> n\u00e9cessitant une <strong data-start=\"653\" data-end=\"678\">gestion<\/strong> facile <strong data-start=\"653\" data-end=\"678\">de l&rsquo;acc\u00e8s<\/strong>: <strong data-start=\"689\" data-end=\"794\">panneaux \u00e9lectriques, armoires m\u00e9talliques, meubles de balcon, machines, \u00e9quipements publicitaires, bo\u00eetes isothermes, pr\u00e9sentoirs et coins.<\/strong> La m\u00eame serrure est \u00e9galement disponible avec impression triangulaire, carr\u00e9e, Broche 3 et tournevis.     <\/p>\n","protected":false},"featured_media":243763,"comment_status":"closed","ping_status":"closed","template":"","meta":{"_acf_changed":false,"_et_pb_use_builder":"","_et_pb_old_content":"","_et_gb_content_width":""},"product_brand":[],"product_cat":[3738,3747,3641,1107,3687,3722,3689,3702,3701,3748],"product_tag":[],"class_list":{"0":"post-243810","1":"product","2":"type-product","3":"status-publish","4":"has-post-thumbnail","6":"product_cat-battant","7":"product_cat-eau-air-gaz-pour-les-entreprises","8":"product_cat-serrure-pompiers-1-4-de-tour","9":"product_cat-serrures","10":"product_cat-serrures-a-came","11":"product_cat-serrures-de-portes","12":"product_cat-serrures-pour-armoires-electriques","13":"product_cat-serrures-pour-les-portes-des-panneaux-lateraux","14":"product_cat-serrures-pour-portes-darmoires-frontales","15":"product_cat-systemes-de-fermeture-pour-lindustrie","17":"first","18":"instock","19":"shipping-taxable","20":"product-type-simple"},"acf":{"pdf1":"https:\/\/www.omrserrature.it\/wp-content\/uploads\/2025\/04\/Scheda-163476-CM.pdf"},"yoast_head":"<!-- This site is optimized with the Yoast SEO plugin v27.2 - https:\/\/yoast.com\/product\/yoast-seo-wordpress\/ -->\n<title>Fermeture avec poign\u00e9e - Serrures OMR<\/title>\n<meta name=\"description\" content=\"Serrure avec poign\u00e9e 1\/4 de tour, fixation rapide, borne \u00e0 levier carr\u00e9 de 7 mm. Id\u00e9al pour les tableaux de distribution et les armoires. Avec ressort de rappel.\" \/>\n<meta name=\"robots\" content=\"index, follow, max-snippet:-1, max-image-preview:large, max-video-preview:-1\" \/>\n<link rel=\"canonical\" href=\"https:\/\/www.omrserrature.it\/fr\/produit\/fermeture-avec-barillet-a-ressort-attache-rapide-forme-carree-q7-copia-copia-copia\/\" \/>\n<meta property=\"og:locale\" content=\"fr_FR\" \/>\n<meta property=\"og:type\" content=\"article\" \/>\n<meta property=\"og:title\" content=\"Fermeture avec poign\u00e9e - Serrures OMR\" \/>\n<meta property=\"og:description\" content=\"Serrure avec poign\u00e9e 1\/4 de tour, fixation rapide, borne \u00e0 levier carr\u00e9 de 7 mm. Id\u00e9al pour les tableaux de distribution et les armoires. Avec ressort de rappel.\" \/>\n<meta property=\"og:url\" content=\"https:\/\/www.omrserrature.it\/fr\/produit\/fermeture-avec-barillet-a-ressort-attache-rapide-forme-carree-q7-copia-copia-copia\/\" \/>\n<meta property=\"og:site_name\" content=\"OMR Serrature | Produzione sistemi di chiusura\" \/>\n<meta property=\"article:publisher\" content=\"https:\/\/www.facebook.com\/OMRserrature\" \/>\n<meta property=\"article:modified_time\" content=\"2026-04-08T09:09:50+00:00\" \/>\n<meta property=\"og:image\" content=\"https:\/\/www.omrserrature.it\/wp-content\/uploads\/2025\/04\/163476_CM.jpg\" \/>\n\t<meta property=\"og:image:width\" content=\"1000\" \/>\n\t<meta property=\"og:image:height\" content=\"1000\" \/>\n\t<meta property=\"og:image:type\" content=\"image\/jpeg\" \/>\n<meta name=\"twitter:card\" content=\"summary_large_image\" \/>\n<meta name=\"twitter:label1\" content=\"Dur\u00e9e de lecture estim\u00e9e\" \/>\n\t<meta name=\"twitter:data1\" content=\"2 minutes\" \/>\n<script type=\"application\/ld+json\" class=\"yoast-schema-graph\">{\"@context\":\"https:\/\/schema.org\",\"@graph\":[{\"@type\":\"WebPage\",\"@id\":\"https:\/\/www.omrserrature.it\/fr\/produit\/fermeture-avec-barillet-a-ressort-attache-rapide-forme-carree-q7-copia-copia-copia\/\",\"url\":\"https:\/\/www.omrserrature.it\/fr\/produit\/fermeture-avec-barillet-a-ressort-attache-rapide-forme-carree-q7-copia-copia-copia\/\",\"name\":\"Fermeture avec poign\u00e9e - Serrures OMR\",\"isPartOf\":{\"@id\":\"https:\/\/www.omrserrature.it\/fr\/#website\"},\"primaryImageOfPage\":{\"@id\":\"https:\/\/www.omrserrature.it\/fr\/produit\/fermeture-avec-barillet-a-ressort-attache-rapide-forme-carree-q7-copia-copia-copia\/#primaryimage\"},\"image\":{\"@id\":\"https:\/\/www.omrserrature.it\/fr\/produit\/fermeture-avec-barillet-a-ressort-attache-rapide-forme-carree-q7-copia-copia-copia\/#primaryimage\"},\"thumbnailUrl\":\"https:\/\/www.omrserrature.it\/wp-content\/uploads\/2025\/04\/163476_CM.jpg\",\"datePublished\":\"2025-04-24T10:03:24+00:00\",\"dateModified\":\"2026-04-08T09:09:50+00:00\",\"description\":\"Serrure avec poign\u00e9e 1\/4 de tour, fixation rapide, borne \u00e0 levier carr\u00e9 de 7 mm. Id\u00e9al pour les tableaux de distribution et les armoires. Avec ressort de rappel.\",\"breadcrumb\":{\"@id\":\"https:\/\/www.omrserrature.it\/fr\/produit\/fermeture-avec-barillet-a-ressort-attache-rapide-forme-carree-q7-copia-copia-copia\/#breadcrumb\"},\"inLanguage\":\"fr-FR\",\"potentialAction\":[{\"@type\":\"ReadAction\",\"target\":[\"https:\/\/www.omrserrature.it\/fr\/produit\/fermeture-avec-barillet-a-ressort-attache-rapide-forme-carree-q7-copia-copia-copia\/\"]}]},{\"@type\":\"ImageObject\",\"inLanguage\":\"fr-FR\",\"@id\":\"https:\/\/www.omrserrature.it\/fr\/produit\/fermeture-avec-barillet-a-ressort-attache-rapide-forme-carree-q7-copia-copia-copia\/#primaryimage\",\"url\":\"https:\/\/www.omrserrature.it\/wp-content\/uploads\/2025\/04\/163476_CM.jpg\",\"contentUrl\":\"https:\/\/www.omrserrature.it\/wp-content\/uploads\/2025\/04\/163476_CM.jpg\",\"width\":1000,\"height\":1000,\"caption\":\"Serrure universelle pour tournevis avec ressorts pour une installation rapide. Mod. 163476\/CM\"},{\"@type\":\"BreadcrumbList\",\"@id\":\"https:\/\/www.omrserrature.it\/fr\/produit\/fermeture-avec-barillet-a-ressort-attache-rapide-forme-carree-q7-copia-copia-copia\/#breadcrumb\",\"itemListElement\":[{\"@type\":\"ListItem\",\"position\":1,\"name\":\"Home\",\"item\":\"https:\/\/www.omrserrature.it\/fr\/omr-serrures-et-systemes-de-verrouillage\/\"},{\"@type\":\"ListItem\",\"position\":2,\"name\":\"Catalogue\",\"item\":\"https:\/\/www.omrserrature.it\/catalogue\/?lang=fr\"},{\"@type\":\"ListItem\",\"position\":3,\"name\":\"Produits\",\"item\":\"https:\/\/www.omrserrature.it\/fr\/catalogue\/produits\/\"},{\"@type\":\"ListItem\",\"position\":4,\"name\":\"Serrures\",\"item\":\"https:\/\/www.omrserrature.it\/fr\/catalogue\/produits\/serrures\/\"},{\"@type\":\"ListItem\",\"position\":5,\"name\":\"Fermeture avec barillet \u00e0 ressort, installation rapide, avec poign\u00e9e\"}]},{\"@type\":\"WebSite\",\"@id\":\"https:\/\/www.omrserrature.it\/fr\/#website\",\"url\":\"https:\/\/www.omrserrature.it\/fr\/\",\"name\":\"OMR Serrature | Produzione sistemi di chiusura\",\"description\":\"Produzione serrature di sicurezza e sistemi di chiusura\",\"publisher\":{\"@id\":\"https:\/\/www.omrserrature.it\/fr\/#organization\"},\"potentialAction\":[{\"@type\":\"SearchAction\",\"target\":{\"@type\":\"EntryPoint\",\"urlTemplate\":\"https:\/\/www.omrserrature.it\/fr\/?s={search_term_string}\"},\"query-input\":{\"@type\":\"PropertyValueSpecification\",\"valueRequired\":true,\"valueName\":\"search_term_string\"}}],\"inLanguage\":\"fr-FR\"},{\"@type\":\"Organization\",\"@id\":\"https:\/\/www.omrserrature.it\/fr\/#organization\",\"name\":\"OMR Serrature | Produzione sistemi di chiusura\",\"url\":\"https:\/\/www.omrserrature.it\/fr\/\",\"logo\":{\"@type\":\"ImageObject\",\"inLanguage\":\"fr-FR\",\"@id\":\"https:\/\/www.omrserrature.it\/fr\/#\/schema\/logo\/image\/\",\"url\":\"https:\/\/www.omrserrature.it\/wp-content\/uploads\/2017\/09\/favicon-omr-114.png\",\"contentUrl\":\"https:\/\/www.omrserrature.it\/wp-content\/uploads\/2017\/09\/favicon-omr-114.png\",\"width\":114,\"height\":114,\"caption\":\"OMR Serrature | Produzione sistemi di chiusura\"},\"image\":{\"@id\":\"https:\/\/www.omrserrature.it\/fr\/#\/schema\/logo\/image\/\"},\"sameAs\":[\"https:\/\/www.facebook.com\/OMRserrature\",\"https:\/\/www.linkedin.com\/company\/omrserrature\/\",\"https:\/\/www.youtube.com\/channel\/UCxmA85z2R0EpG_6IRokiAkg\"]}]}<\/script>\n<!-- \/ Yoast SEO plugin. -->","yoast_head_json":{"title":"Fermeture avec poign\u00e9e - Serrures OMR","description":"Serrure avec poign\u00e9e 1\/4 de tour, fixation rapide, borne \u00e0 levier carr\u00e9 de 7 mm. Id\u00e9al pour les tableaux de distribution et les armoires. Avec ressort de rappel.","robots":{"index":"index","follow":"follow","max-snippet":"max-snippet:-1","max-image-preview":"max-image-preview:large","max-video-preview":"max-video-preview:-1"},"canonical":"https:\/\/www.omrserrature.it\/fr\/produit\/fermeture-avec-barillet-a-ressort-attache-rapide-forme-carree-q7-copia-copia-copia\/","og_locale":"fr_FR","og_type":"article","og_title":"Fermeture avec poign\u00e9e - Serrures OMR","og_description":"Serrure avec poign\u00e9e 1\/4 de tour, fixation rapide, borne \u00e0 levier carr\u00e9 de 7 mm. Id\u00e9al pour les tableaux de distribution et les armoires. Avec ressort de rappel.","og_url":"https:\/\/www.omrserrature.it\/fr\/produit\/fermeture-avec-barillet-a-ressort-attache-rapide-forme-carree-q7-copia-copia-copia\/","og_site_name":"OMR Serrature | Produzione sistemi di chiusura","article_publisher":"https:\/\/www.facebook.com\/OMRserrature","article_modified_time":"2026-04-08T09:09:50+00:00","og_image":[{"width":1000,"height":1000,"url":"https:\/\/www.omrserrature.it\/wp-content\/uploads\/2025\/04\/163476_CM.jpg","type":"image\/jpeg"}],"twitter_card":"summary_large_image","twitter_misc":{"Dur\u00e9e de lecture estim\u00e9e":"2 minutes"},"schema":{"@context":"https:\/\/schema.org","@graph":[{"@type":"WebPage","@id":"https:\/\/www.omrserrature.it\/fr\/produit\/fermeture-avec-barillet-a-ressort-attache-rapide-forme-carree-q7-copia-copia-copia\/","url":"https:\/\/www.omrserrature.it\/fr\/produit\/fermeture-avec-barillet-a-ressort-attache-rapide-forme-carree-q7-copia-copia-copia\/","name":"Fermeture avec poign\u00e9e - Serrures OMR","isPartOf":{"@id":"https:\/\/www.omrserrature.it\/fr\/#website"},"primaryImageOfPage":{"@id":"https:\/\/www.omrserrature.it\/fr\/produit\/fermeture-avec-barillet-a-ressort-attache-rapide-forme-carree-q7-copia-copia-copia\/#primaryimage"},"image":{"@id":"https:\/\/www.omrserrature.it\/fr\/produit\/fermeture-avec-barillet-a-ressort-attache-rapide-forme-carree-q7-copia-copia-copia\/#primaryimage"},"thumbnailUrl":"https:\/\/www.omrserrature.it\/wp-content\/uploads\/2025\/04\/163476_CM.jpg","datePublished":"2025-04-24T10:03:24+00:00","dateModified":"2026-04-08T09:09:50+00:00","description":"Serrure avec poign\u00e9e 1\/4 de tour, fixation rapide, borne \u00e0 levier carr\u00e9 de 7 mm. Id\u00e9al pour les tableaux de distribution et les armoires. Avec ressort de rappel.","breadcrumb":{"@id":"https:\/\/www.omrserrature.it\/fr\/produit\/fermeture-avec-barillet-a-ressort-attache-rapide-forme-carree-q7-copia-copia-copia\/#breadcrumb"},"inLanguage":"fr-FR","potentialAction":[{"@type":"ReadAction","target":["https:\/\/www.omrserrature.it\/fr\/produit\/fermeture-avec-barillet-a-ressort-attache-rapide-forme-carree-q7-copia-copia-copia\/"]}]},{"@type":"ImageObject","inLanguage":"fr-FR","@id":"https:\/\/www.omrserrature.it\/fr\/produit\/fermeture-avec-barillet-a-ressort-attache-rapide-forme-carree-q7-copia-copia-copia\/#primaryimage","url":"https:\/\/www.omrserrature.it\/wp-content\/uploads\/2025\/04\/163476_CM.jpg","contentUrl":"https:\/\/www.omrserrature.it\/wp-content\/uploads\/2025\/04\/163476_CM.jpg","width":1000,"height":1000,"caption":"Serrure universelle pour tournevis avec ressorts pour une installation rapide. Mod. 163476\/CM"},{"@type":"BreadcrumbList","@id":"https:\/\/www.omrserrature.it\/fr\/produit\/fermeture-avec-barillet-a-ressort-attache-rapide-forme-carree-q7-copia-copia-copia\/#breadcrumb","itemListElement":[{"@type":"ListItem","position":1,"name":"Home","item":"https:\/\/www.omrserrature.it\/fr\/omr-serrures-et-systemes-de-verrouillage\/"},{"@type":"ListItem","position":2,"name":"Catalogue","item":"https:\/\/www.omrserrature.it\/catalogue\/?lang=fr"},{"@type":"ListItem","position":3,"name":"Produits","item":"https:\/\/www.omrserrature.it\/fr\/catalogue\/produits\/"},{"@type":"ListItem","position":4,"name":"Serrures","item":"https:\/\/www.omrserrature.it\/fr\/catalogue\/produits\/serrures\/"},{"@type":"ListItem","position":5,"name":"Fermeture avec barillet \u00e0 ressort, installation rapide, avec poign\u00e9e"}]},{"@type":"WebSite","@id":"https:\/\/www.omrserrature.it\/fr\/#website","url":"https:\/\/www.omrserrature.it\/fr\/","name":"OMR Serrature | Produzione sistemi di chiusura","description":"Produzione serrature di sicurezza e sistemi di chiusura","publisher":{"@id":"https:\/\/www.omrserrature.it\/fr\/#organization"},"potentialAction":[{"@type":"SearchAction","target":{"@type":"EntryPoint","urlTemplate":"https:\/\/www.omrserrature.it\/fr\/?s={search_term_string}"},"query-input":{"@type":"PropertyValueSpecification","valueRequired":true,"valueName":"search_term_string"}}],"inLanguage":"fr-FR"},{"@type":"Organization","@id":"https:\/\/www.omrserrature.it\/fr\/#organization","name":"OMR Serrature | Produzione sistemi di chiusura","url":"https:\/\/www.omrserrature.it\/fr\/","logo":{"@type":"ImageObject","inLanguage":"fr-FR","@id":"https:\/\/www.omrserrature.it\/fr\/#\/schema\/logo\/image\/","url":"https:\/\/www.omrserrature.it\/wp-content\/uploads\/2017\/09\/favicon-omr-114.png","contentUrl":"https:\/\/www.omrserrature.it\/wp-content\/uploads\/2017\/09\/favicon-omr-114.png","width":114,"height":114,"caption":"OMR Serrature | Produzione sistemi di chiusura"},"image":{"@id":"https:\/\/www.omrserrature.it\/fr\/#\/schema\/logo\/image\/"},"sameAs":["https:\/\/www.facebook.com\/OMRserrature","https:\/\/www.linkedin.com\/company\/omrserrature\/","https:\/\/www.youtube.com\/channel\/UCxmA85z2R0EpG_6IRokiAkg"]}]}},"_links":{"self":[{"href":"https:\/\/www.omrserrature.it\/fr\/wp-json\/wp\/v2\/product\/243810","targetHints":{"allow":["GET"]}}],"collection":[{"href":"https:\/\/www.omrserrature.it\/fr\/wp-json\/wp\/v2\/product"}],"about":[{"href":"https:\/\/www.omrserrature.it\/fr\/wp-json\/wp\/v2\/types\/product"}],"replies":[{"embeddable":true,"href":"https:\/\/www.omrserrature.it\/fr\/wp-json\/wp\/v2\/comments?post=243810"}],"wp:featuredmedia":[{"embeddable":true,"href":"https:\/\/www.omrserrature.it\/fr\/wp-json\/wp\/v2\/media\/243763"}],"wp:attachment":[{"href":"https:\/\/www.omrserrature.it\/fr\/wp-json\/wp\/v2\/media?parent=243810"}],"wp:term":[{"taxonomy":"product_brand","embeddable":true,"href":"https:\/\/www.omrserrature.it\/fr\/wp-json\/wp\/v2\/product_brand?post=243810"},{"taxonomy":"product_cat","embeddable":true,"href":"https:\/\/www.omrserrature.it\/fr\/wp-json\/wp\/v2\/product_cat?post=243810"},{"taxonomy":"product_tag","embeddable":true,"href":"https:\/\/www.omrserrature.it\/fr\/wp-json\/wp\/v2\/product_tag?post=243810"}],"curies":[{"name":"wp","href":"https:\/\/api.w.org\/{rel}","templated":true}]}}