{"id":243799,"date":"2025-04-24T11:51:09","date_gmt":"2025-04-24T09:51:09","guid":{"rendered":"https:\/\/www.staging6.omrserrature.it\/?post_type=product&#038;p=243799"},"modified":"2026-04-08T11:09:48","modified_gmt":"2026-04-08T09:09:48","slug":"fermeture-avec-barillet-a-ressort-attache-rapide-forme-carree-q7-copia","status":"publish","type":"product","link":"https:\/\/www.omrserrature.it\/fr\/produit\/fermeture-avec-barillet-a-ressort-attache-rapide-forme-carree-q7-copia\/","title":{"rendered":"Fermeture avec barillet \u00e0 ressort, installation rapide, cl\u00e9 \u00e0 double ergot P3 (avec ailettes)"},"content":{"rendered":"<p>La <strong>serrure \u00e0 deux ailettes et goupille, 1\/4 de tour<\/strong> se compose d&rsquo;un corps en alliage de zinc \u00e0 l&rsquo;int\u00e9rieur duquel se trouve un barillet \u00e0 goupille 3 (P3, cl\u00e9 \u00e0 douilles) \u00e0 ressort (appuyer, ouvrir) qui, d\u00e9plac\u00e9 par la cl\u00e9 sp\u00e9ciale, tourne pour d\u00e9terminer l&rsquo;ouverture ou la fermeture. Cette fermeture sp\u00e9ciale \u00e0 pistons 3 est dot\u00e9e de ressorts pour un <strong>enclenchement rapide<\/strong>: il suffit d&rsquo;appuyer sur la fermeture pour entendre le clic distinctif des ressorts qui la fixent fermement au panneau. <\/p>\n<p>Le terminal carr\u00e9 de 7 mm permet \u00e9galement d&rsquo;installer des <strong>cames droites, coud\u00e9es ou \u00e0 crochet<\/strong>. La serrure 1\/4 de tour peut \u00e9galement \u00eatre fabriqu\u00e9e en <strong>technopolym\u00e8re<\/strong>, un \u00ab\u00a0plastique m\u00e9tallique\u00a0\u00bb sp\u00e9cial qui garantit des performances m\u00e9caniques \u00e9quivalentes \u00e0 celles de l&rsquo;alliage d&rsquo;aluminium, une r\u00e9sistance aux intemp\u00e9ries et \u00e0 la corrosion, ainsi qu&rsquo;une parfaite int\u00e9gration esth\u00e9tique gr\u00e2ce \u00e0 la large gamme de couleurs disponibles. <\/p>\n<p>La fermeture \u00e0 douille \u00e0 3 broches offre une plus grande protection que les versions triangulaires ou carr\u00e9es. Elle convient aux applications n\u00e9cessitant une s\u00e9curit\u00e9 moyenne et une <strong>gestion d&rsquo;acc\u00e8s<\/strong> facile, telles que les tableaux g\u00e9n\u00e9raux, les tourelles d&rsquo;automatisation, les panneaux de commande de machines, les armoires m\u00e9talliques, les bo\u00eetes isothermes, le mobilier urbain, les pr\u00e9sentoirs ou les coins.<\/p>\n","protected":false},"excerpt":{"rendered":"<p>La<strong> serrure \u00e0<\/strong> empreinte 1\/4 de tour \u00e0 broche 3 est constitu\u00e9e d&rsquo;un corps en alliage de zinc et d&rsquo;un <strong>barillet \u00e0<\/strong> empreinte \u00e0 pistons 3 (P3, cl\u00e9 \u00e0 douilles) \u00e0 <strong>ressort<\/strong> (pression, ouverture). Il s&rsquo;ouvre et se ferme \u00e0 l&rsquo;aide de la cl\u00e9, et le syst\u00e8me \u00e0 ressort permet une <strong>fixation rapide par pression<\/strong> et <strong>fermeture<\/strong> avec le clic caract\u00e9ristique. L&rsquo;extr\u00e9mit\u00e9 carr\u00e9e de 7 mm permet l&rsquo;installation de<strong> cames droites, coud\u00e9es ou \u00e0 crochet<\/strong>. <strong>\u00c9galement disponible en technopolym\u00e8re<\/strong>, qui offre une r\u00e9sistance \u00e0 la corrosion et aux intemp\u00e9ries. Convient aux applications n\u00e9cessitant une s\u00e9curit\u00e9 moyenne et une gestion d&rsquo;acc\u00e8s facile, telles que les armoires \u00e9lectriques, les tourelles, les armoires m\u00e9talliques, les \u00e9quipements publicitaires et les pr\u00e9sentoirs. La m\u00eame serrure est \u00e9galement disponible avec des formes carr\u00e9es, triangulaires, tournevis et poign\u00e9es.    <\/p>\n","protected":false},"featured_media":243773,"comment_status":"closed","ping_status":"closed","template":"","meta":{"_acf_changed":false,"_et_pb_use_builder":"","_et_pb_old_content":"","_et_gb_content_width":""},"product_brand":[],"product_cat":[3738,3747,3641,1107,3687,3722,3689,3692,3702,3701,3748],"product_tag":[],"class_list":{"0":"post-243799","1":"product","2":"type-product","3":"status-publish","4":"has-post-thumbnail","6":"product_cat-battant","7":"product_cat-eau-air-gaz-pour-les-entreprises","8":"product_cat-serrure-pompiers-1-4-de-tour","9":"product_cat-serrures","10":"product_cat-serrures-a-came","11":"product_cat-serrures-de-portes","12":"product_cat-serrures-pour-armoires-electriques","13":"product_cat-serrures-pour-chariots-professionnels","14":"product_cat-serrures-pour-les-portes-des-panneaux-lateraux","15":"product_cat-serrures-pour-portes-darmoires-frontales","16":"product_cat-systemes-de-fermeture-pour-lindustrie","18":"first","19":"instock","20":"shipping-taxable","21":"product-type-simple"},"acf":{"pdf1":"https:\/\/www.omrserrature.it\/wp-content\/uploads\/2025\/04\/Scheda-161050-CM.pdf"},"yoast_head":"<!-- This site is optimized with the Yoast SEO plugin v27.2 - https:\/\/yoast.com\/product\/yoast-seo-wordpress\/ -->\n<title>Serrure \u00e0 cl\u00e9 aileron - Serrures OMR<\/title>\n<meta name=\"description\" content=\"Serrure 1\/4 de tour avec cl\u00e9 \u00e0 deux ailerons (broche 3) avec fixation rapide. Id\u00e9al pour les armoires de commande et les armoires de s\u00e9curit\u00e9 moyenne.\" \/>\n<meta name=\"robots\" content=\"index, follow, max-snippet:-1, max-image-preview:large, max-video-preview:-1\" \/>\n<link rel=\"canonical\" href=\"https:\/\/www.omrserrature.it\/fr\/produit\/fermeture-avec-barillet-a-ressort-attache-rapide-forme-carree-q7-copia\/\" \/>\n<meta property=\"og:locale\" content=\"fr_FR\" \/>\n<meta property=\"og:type\" content=\"article\" \/>\n<meta property=\"og:title\" content=\"Serrure \u00e0 cl\u00e9 aileron - Serrures OMR\" \/>\n<meta property=\"og:description\" content=\"Serrure 1\/4 de tour avec cl\u00e9 \u00e0 deux ailerons (broche 3) avec fixation rapide. Id\u00e9al pour les armoires de commande et les armoires de s\u00e9curit\u00e9 moyenne.\" \/>\n<meta property=\"og:url\" content=\"https:\/\/www.omrserrature.it\/fr\/produit\/fermeture-avec-barillet-a-ressort-attache-rapide-forme-carree-q7-copia\/\" \/>\n<meta property=\"og:site_name\" content=\"OMR Serrature | Produzione sistemi di chiusura\" \/>\n<meta property=\"article:publisher\" content=\"https:\/\/www.facebook.com\/OMRserrature\" \/>\n<meta property=\"article:modified_time\" content=\"2026-04-08T09:09:48+00:00\" \/>\n<meta property=\"og:image\" content=\"https:\/\/www.omrserrature.it\/wp-content\/uploads\/2025\/04\/161050_CM.jpg\" \/>\n\t<meta property=\"og:image:width\" content=\"1000\" \/>\n\t<meta property=\"og:image:height\" content=\"1000\" \/>\n\t<meta property=\"og:image:type\" content=\"image\/jpeg\" \/>\n<meta name=\"twitter:card\" content=\"summary_large_image\" \/>\n<meta name=\"twitter:label1\" content=\"Dur\u00e9e de lecture estim\u00e9e\" \/>\n\t<meta name=\"twitter:data1\" content=\"2 minutes\" \/>\n<script type=\"application\/ld+json\" class=\"yoast-schema-graph\">{\"@context\":\"https:\/\/schema.org\",\"@graph\":[{\"@type\":\"WebPage\",\"@id\":\"https:\/\/www.omrserrature.it\/fr\/produit\/fermeture-avec-barillet-a-ressort-attache-rapide-forme-carree-q7-copia\/\",\"url\":\"https:\/\/www.omrserrature.it\/fr\/produit\/fermeture-avec-barillet-a-ressort-attache-rapide-forme-carree-q7-copia\/\",\"name\":\"Serrure \u00e0 cl\u00e9 aileron - Serrures OMR\",\"isPartOf\":{\"@id\":\"https:\/\/www.omrserrature.it\/fr\/#website\"},\"primaryImageOfPage\":{\"@id\":\"https:\/\/www.omrserrature.it\/fr\/produit\/fermeture-avec-barillet-a-ressort-attache-rapide-forme-carree-q7-copia\/#primaryimage\"},\"image\":{\"@id\":\"https:\/\/www.omrserrature.it\/fr\/produit\/fermeture-avec-barillet-a-ressort-attache-rapide-forme-carree-q7-copia\/#primaryimage\"},\"thumbnailUrl\":\"https:\/\/www.omrserrature.it\/wp-content\/uploads\/2025\/04\/161050_CM.jpg\",\"datePublished\":\"2025-04-24T09:51:09+00:00\",\"dateModified\":\"2026-04-08T09:09:48+00:00\",\"description\":\"Serrure 1\/4 de tour avec cl\u00e9 \u00e0 deux ailerons (broche 3) avec fixation rapide. Id\u00e9al pour les armoires de commande et les armoires de s\u00e9curit\u00e9 moyenne.\",\"breadcrumb\":{\"@id\":\"https:\/\/www.omrserrature.it\/fr\/produit\/fermeture-avec-barillet-a-ressort-attache-rapide-forme-carree-q7-copia\/#breadcrumb\"},\"inLanguage\":\"fr-FR\",\"potentialAction\":[{\"@type\":\"ReadAction\",\"target\":[\"https:\/\/www.omrserrature.it\/fr\/produit\/fermeture-avec-barillet-a-ressort-attache-rapide-forme-carree-q7-copia\/\"]}]},{\"@type\":\"ImageObject\",\"inLanguage\":\"fr-FR\",\"@id\":\"https:\/\/www.omrserrature.it\/fr\/produit\/fermeture-avec-barillet-a-ressort-attache-rapide-forme-carree-q7-copia\/#primaryimage\",\"url\":\"https:\/\/www.omrserrature.it\/wp-content\/uploads\/2025\/04\/161050_CM.jpg\",\"contentUrl\":\"https:\/\/www.omrserrature.it\/wp-content\/uploads\/2025\/04\/161050_CM.jpg\",\"width\":1000,\"height\":1000,\"caption\":\"Serrure universelle avec empreinte de la Broche 3 et ressorts \u00e0 pressions pour une installation rapide. Mod. 161050\/CM\"},{\"@type\":\"BreadcrumbList\",\"@id\":\"https:\/\/www.omrserrature.it\/fr\/produit\/fermeture-avec-barillet-a-ressort-attache-rapide-forme-carree-q7-copia\/#breadcrumb\",\"itemListElement\":[{\"@type\":\"ListItem\",\"position\":1,\"name\":\"Home\",\"item\":\"https:\/\/www.omrserrature.it\/fr\/omr-serrures-et-systemes-de-verrouillage\/\"},{\"@type\":\"ListItem\",\"position\":2,\"name\":\"Catalogue\",\"item\":\"https:\/\/www.omrserrature.it\/catalogue\/?lang=fr\"},{\"@type\":\"ListItem\",\"position\":3,\"name\":\"Produits\",\"item\":\"https:\/\/www.omrserrature.it\/fr\/catalogue\/produits\/\"},{\"@type\":\"ListItem\",\"position\":4,\"name\":\"Serrures\",\"item\":\"https:\/\/www.omrserrature.it\/fr\/catalogue\/produits\/serrures\/\"},{\"@type\":\"ListItem\",\"position\":5,\"name\":\"Fermeture avec barillet \u00e0 ressort, installation rapide, cl\u00e9 \u00e0 double ergot P3 (avec ailettes)\"}]},{\"@type\":\"WebSite\",\"@id\":\"https:\/\/www.omrserrature.it\/fr\/#website\",\"url\":\"https:\/\/www.omrserrature.it\/fr\/\",\"name\":\"OMR Serrature | Produzione sistemi di chiusura\",\"description\":\"Produzione serrature di sicurezza e sistemi di chiusura\",\"publisher\":{\"@id\":\"https:\/\/www.omrserrature.it\/fr\/#organization\"},\"potentialAction\":[{\"@type\":\"SearchAction\",\"target\":{\"@type\":\"EntryPoint\",\"urlTemplate\":\"https:\/\/www.omrserrature.it\/fr\/?s={search_term_string}\"},\"query-input\":{\"@type\":\"PropertyValueSpecification\",\"valueRequired\":true,\"valueName\":\"search_term_string\"}}],\"inLanguage\":\"fr-FR\"},{\"@type\":\"Organization\",\"@id\":\"https:\/\/www.omrserrature.it\/fr\/#organization\",\"name\":\"OMR Serrature | Produzione sistemi di chiusura\",\"url\":\"https:\/\/www.omrserrature.it\/fr\/\",\"logo\":{\"@type\":\"ImageObject\",\"inLanguage\":\"fr-FR\",\"@id\":\"https:\/\/www.omrserrature.it\/fr\/#\/schema\/logo\/image\/\",\"url\":\"https:\/\/www.omrserrature.it\/wp-content\/uploads\/2017\/09\/favicon-omr-114.png\",\"contentUrl\":\"https:\/\/www.omrserrature.it\/wp-content\/uploads\/2017\/09\/favicon-omr-114.png\",\"width\":114,\"height\":114,\"caption\":\"OMR Serrature | Produzione sistemi di chiusura\"},\"image\":{\"@id\":\"https:\/\/www.omrserrature.it\/fr\/#\/schema\/logo\/image\/\"},\"sameAs\":[\"https:\/\/www.facebook.com\/OMRserrature\",\"https:\/\/www.linkedin.com\/company\/omrserrature\/\",\"https:\/\/www.youtube.com\/channel\/UCxmA85z2R0EpG_6IRokiAkg\"]}]}<\/script>\n<!-- \/ Yoast SEO plugin. -->","yoast_head_json":{"title":"Serrure \u00e0 cl\u00e9 aileron - Serrures OMR","description":"Serrure 1\/4 de tour avec cl\u00e9 \u00e0 deux ailerons (broche 3) avec fixation rapide. Id\u00e9al pour les armoires de commande et les armoires de s\u00e9curit\u00e9 moyenne.","robots":{"index":"index","follow":"follow","max-snippet":"max-snippet:-1","max-image-preview":"max-image-preview:large","max-video-preview":"max-video-preview:-1"},"canonical":"https:\/\/www.omrserrature.it\/fr\/produit\/fermeture-avec-barillet-a-ressort-attache-rapide-forme-carree-q7-copia\/","og_locale":"fr_FR","og_type":"article","og_title":"Serrure \u00e0 cl\u00e9 aileron - Serrures OMR","og_description":"Serrure 1\/4 de tour avec cl\u00e9 \u00e0 deux ailerons (broche 3) avec fixation rapide. Id\u00e9al pour les armoires de commande et les armoires de s\u00e9curit\u00e9 moyenne.","og_url":"https:\/\/www.omrserrature.it\/fr\/produit\/fermeture-avec-barillet-a-ressort-attache-rapide-forme-carree-q7-copia\/","og_site_name":"OMR Serrature | Produzione sistemi di chiusura","article_publisher":"https:\/\/www.facebook.com\/OMRserrature","article_modified_time":"2026-04-08T09:09:48+00:00","og_image":[{"width":1000,"height":1000,"url":"https:\/\/www.omrserrature.it\/wp-content\/uploads\/2025\/04\/161050_CM.jpg","type":"image\/jpeg"}],"twitter_card":"summary_large_image","twitter_misc":{"Dur\u00e9e de lecture estim\u00e9e":"2 minutes"},"schema":{"@context":"https:\/\/schema.org","@graph":[{"@type":"WebPage","@id":"https:\/\/www.omrserrature.it\/fr\/produit\/fermeture-avec-barillet-a-ressort-attache-rapide-forme-carree-q7-copia\/","url":"https:\/\/www.omrserrature.it\/fr\/produit\/fermeture-avec-barillet-a-ressort-attache-rapide-forme-carree-q7-copia\/","name":"Serrure \u00e0 cl\u00e9 aileron - Serrures OMR","isPartOf":{"@id":"https:\/\/www.omrserrature.it\/fr\/#website"},"primaryImageOfPage":{"@id":"https:\/\/www.omrserrature.it\/fr\/produit\/fermeture-avec-barillet-a-ressort-attache-rapide-forme-carree-q7-copia\/#primaryimage"},"image":{"@id":"https:\/\/www.omrserrature.it\/fr\/produit\/fermeture-avec-barillet-a-ressort-attache-rapide-forme-carree-q7-copia\/#primaryimage"},"thumbnailUrl":"https:\/\/www.omrserrature.it\/wp-content\/uploads\/2025\/04\/161050_CM.jpg","datePublished":"2025-04-24T09:51:09+00:00","dateModified":"2026-04-08T09:09:48+00:00","description":"Serrure 1\/4 de tour avec cl\u00e9 \u00e0 deux ailerons (broche 3) avec fixation rapide. Id\u00e9al pour les armoires de commande et les armoires de s\u00e9curit\u00e9 moyenne.","breadcrumb":{"@id":"https:\/\/www.omrserrature.it\/fr\/produit\/fermeture-avec-barillet-a-ressort-attache-rapide-forme-carree-q7-copia\/#breadcrumb"},"inLanguage":"fr-FR","potentialAction":[{"@type":"ReadAction","target":["https:\/\/www.omrserrature.it\/fr\/produit\/fermeture-avec-barillet-a-ressort-attache-rapide-forme-carree-q7-copia\/"]}]},{"@type":"ImageObject","inLanguage":"fr-FR","@id":"https:\/\/www.omrserrature.it\/fr\/produit\/fermeture-avec-barillet-a-ressort-attache-rapide-forme-carree-q7-copia\/#primaryimage","url":"https:\/\/www.omrserrature.it\/wp-content\/uploads\/2025\/04\/161050_CM.jpg","contentUrl":"https:\/\/www.omrserrature.it\/wp-content\/uploads\/2025\/04\/161050_CM.jpg","width":1000,"height":1000,"caption":"Serrure universelle avec empreinte de la Broche 3 et ressorts \u00e0 pressions pour une installation rapide. Mod. 161050\/CM"},{"@type":"BreadcrumbList","@id":"https:\/\/www.omrserrature.it\/fr\/produit\/fermeture-avec-barillet-a-ressort-attache-rapide-forme-carree-q7-copia\/#breadcrumb","itemListElement":[{"@type":"ListItem","position":1,"name":"Home","item":"https:\/\/www.omrserrature.it\/fr\/omr-serrures-et-systemes-de-verrouillage\/"},{"@type":"ListItem","position":2,"name":"Catalogue","item":"https:\/\/www.omrserrature.it\/catalogue\/?lang=fr"},{"@type":"ListItem","position":3,"name":"Produits","item":"https:\/\/www.omrserrature.it\/fr\/catalogue\/produits\/"},{"@type":"ListItem","position":4,"name":"Serrures","item":"https:\/\/www.omrserrature.it\/fr\/catalogue\/produits\/serrures\/"},{"@type":"ListItem","position":5,"name":"Fermeture avec barillet \u00e0 ressort, installation rapide, cl\u00e9 \u00e0 double ergot P3 (avec ailettes)"}]},{"@type":"WebSite","@id":"https:\/\/www.omrserrature.it\/fr\/#website","url":"https:\/\/www.omrserrature.it\/fr\/","name":"OMR Serrature | Produzione sistemi di chiusura","description":"Produzione serrature di sicurezza e sistemi di chiusura","publisher":{"@id":"https:\/\/www.omrserrature.it\/fr\/#organization"},"potentialAction":[{"@type":"SearchAction","target":{"@type":"EntryPoint","urlTemplate":"https:\/\/www.omrserrature.it\/fr\/?s={search_term_string}"},"query-input":{"@type":"PropertyValueSpecification","valueRequired":true,"valueName":"search_term_string"}}],"inLanguage":"fr-FR"},{"@type":"Organization","@id":"https:\/\/www.omrserrature.it\/fr\/#organization","name":"OMR Serrature | Produzione sistemi di chiusura","url":"https:\/\/www.omrserrature.it\/fr\/","logo":{"@type":"ImageObject","inLanguage":"fr-FR","@id":"https:\/\/www.omrserrature.it\/fr\/#\/schema\/logo\/image\/","url":"https:\/\/www.omrserrature.it\/wp-content\/uploads\/2017\/09\/favicon-omr-114.png","contentUrl":"https:\/\/www.omrserrature.it\/wp-content\/uploads\/2017\/09\/favicon-omr-114.png","width":114,"height":114,"caption":"OMR Serrature | Produzione sistemi di chiusura"},"image":{"@id":"https:\/\/www.omrserrature.it\/fr\/#\/schema\/logo\/image\/"},"sameAs":["https:\/\/www.facebook.com\/OMRserrature","https:\/\/www.linkedin.com\/company\/omrserrature\/","https:\/\/www.youtube.com\/channel\/UCxmA85z2R0EpG_6IRokiAkg"]}]}},"_links":{"self":[{"href":"https:\/\/www.omrserrature.it\/fr\/wp-json\/wp\/v2\/product\/243799","targetHints":{"allow":["GET"]}}],"collection":[{"href":"https:\/\/www.omrserrature.it\/fr\/wp-json\/wp\/v2\/product"}],"about":[{"href":"https:\/\/www.omrserrature.it\/fr\/wp-json\/wp\/v2\/types\/product"}],"replies":[{"embeddable":true,"href":"https:\/\/www.omrserrature.it\/fr\/wp-json\/wp\/v2\/comments?post=243799"}],"wp:featuredmedia":[{"embeddable":true,"href":"https:\/\/www.omrserrature.it\/fr\/wp-json\/wp\/v2\/media\/243773"}],"wp:attachment":[{"href":"https:\/\/www.omrserrature.it\/fr\/wp-json\/wp\/v2\/media?parent=243799"}],"wp:term":[{"taxonomy":"product_brand","embeddable":true,"href":"https:\/\/www.omrserrature.it\/fr\/wp-json\/wp\/v2\/product_brand?post=243799"},{"taxonomy":"product_cat","embeddable":true,"href":"https:\/\/www.omrserrature.it\/fr\/wp-json\/wp\/v2\/product_cat?post=243799"},{"taxonomy":"product_tag","embeddable":true,"href":"https:\/\/www.omrserrature.it\/fr\/wp-json\/wp\/v2\/product_tag?post=243799"}],"curies":[{"name":"wp","href":"https:\/\/api.w.org\/{rel}","templated":true}]}}