{"id":243782,"date":"2025-04-24T10:41:26","date_gmt":"2025-04-24T08:41:26","guid":{"rendered":"https:\/\/www.staging6.omrserrature.it\/prodotto\/fermeture-avec-barillet-a-ressort-raccord-rapide-empreinte-triangulaire-t6\/"},"modified":"2026-04-08T11:10:03","modified_gmt":"2026-04-08T09:10:03","slug":"fermeture-avec-barillet-a-ressort-raccord-rapide-empreinte-triangulaire-t6","status":"publish","type":"product","link":"https:\/\/www.omrserrature.it\/fr\/produit\/fermeture-avec-barillet-a-ressort-raccord-rapide-empreinte-triangulaire-t6\/","title":{"rendered":"Fermeture avec barillet \u00e0 ressort, installation rapide, empreinte triangulaire T6"},"content":{"rendered":"<p>La <strong>serrure \u00e0 cl\u00e9 triangulaire 1\/4 de tour<\/strong> se compose d&rsquo;un corps en alliage de zinc \u00e0 l&rsquo;int\u00e9rieur duquel se trouve un rotor triangulaire (T6) \u00e0 ressort (appuyer, ouvrir) qui, actionn\u00e9 par une cl\u00e9, tourne pour s&rsquo;ouvrir ou se fermer. Cette fermeture est dot\u00e9e de ressorts pour un <strong>enclenchement rapide<\/strong>: il suffit d&rsquo;appuyer sur la fermeture pour entendre le clic distinctif des ressorts qui la fixent fermement au panneau. <\/p>\n<p>Le terminal carr\u00e9 de 7 mm permet \u00e9galement d&rsquo;installer des <strong>cames droites, coud\u00e9es ou \u00e0 crochet<\/strong>. La serrure 1\/4 de tour peut \u00e9galement \u00eatre fabriqu\u00e9e en <strong>technopolym\u00e8re<\/strong>, un \u00ab\u00a0plastique m\u00e9tallique\u00a0\u00bb sp\u00e9cial qui garantit des performances m\u00e9caniques \u00e9quivalentes \u00e0 celles de l&rsquo;alliage d&rsquo;aluminium, une r\u00e9sistance aux intemp\u00e9ries et \u00e0 la corrosion, ainsi qu&rsquo;une parfaite int\u00e9gration esth\u00e9tique gr\u00e2ce \u00e0 la large gamme de couleurs disponibles. <\/p>\n<p>La fermeture \u00e0 douille convient aux applications qui ne requi\u00e8rent pas une s\u00e9curit\u00e9 \u00e9lev\u00e9e, mais une simple <strong>gestion des acc\u00e8s<\/strong>, par exemple les armoires \u00e9lectriques, les armoires m\u00e9talliques, les tourelles d&rsquo;automatisation, les panneaux de commande de machines, les bo\u00eetiers isothermes, le mobilier urbain, les pr\u00e9sentoirs ou les coins.<\/p>\n","protected":false},"excerpt":{"rendered":"<p>La <strong>serrure triangulaire 1\/4 de tour<\/strong> est en alliage de zinc, avec un barillet \u00e0 ressort (appuyer, ouvrir) qui est activ\u00e9 par une cl\u00e9 triangulaire (T6). Gr\u00e2ce \u00e0 la <strong>fixation rapide<\/strong>, il vous suffit d&rsquo;appuyer sur la serrure pour entendre le d\u00e9clic des ressorts qui la verrouillent fermement. L&#8217;embout carr\u00e9 de 7 mm permet d&rsquo;installer des <strong>cames droites, coud\u00e9es ou \u00e0 crochet<\/strong>. \u00c9galement disponible en <strong>technopolym\u00e8re<\/strong>, il offre une r\u00e9sistance aux intemp\u00e9ries et \u00e0 la corrosion, tout en assurant une parfaite int\u00e9gration esth\u00e9tique gr\u00e2ce \u00e0 la large gamme de couleurs disponibles. Elle est id\u00e9ale pour les applications sur les <strong>panneaux \u00e9lectriques, les armoires m\u00e9talliques, les tourelles d&rsquo;automatisation et les installations publicitaires.<\/strong> La m\u00eame serrure est \u00e9galement disponible avec une forme carr\u00e9e, une broche 3, un tournevis et une poign\u00e9e.     <\/p>\n","protected":false},"featured_media":243750,"comment_status":"closed","ping_status":"closed","template":"","meta":{"_acf_changed":false,"_et_pb_use_builder":"","_et_pb_old_content":"","_et_gb_content_width":""},"product_brand":[],"product_cat":[3738,3747,3641,1107,3687,3722,3689,3692,3702,3701,3748],"product_tag":[],"class_list":{"0":"post-243782","1":"product","2":"type-product","3":"status-publish","4":"has-post-thumbnail","6":"product_cat-battant","7":"product_cat-eau-air-gaz-pour-les-entreprises","8":"product_cat-serrure-pompiers-1-4-de-tour","9":"product_cat-serrures","10":"product_cat-serrures-a-came","11":"product_cat-serrures-de-portes","12":"product_cat-serrures-pour-armoires-electriques","13":"product_cat-serrures-pour-chariots-professionnels","14":"product_cat-serrures-pour-les-portes-des-panneaux-lateraux","15":"product_cat-serrures-pour-portes-darmoires-frontales","16":"product_cat-systemes-de-fermeture-pour-lindustrie","18":"first","19":"instock","20":"shipping-taxable","21":"product-type-simple"},"acf":{"pdf1":"https:\/\/www.omrserrature.it\/wp-content\/uploads\/2025\/04\/Scheda-160010-CM.pdf"},"yoast_head":"<!-- This site is optimized with the Yoast SEO plugin v27.2 - https:\/\/yoast.com\/product\/yoast-seo-wordpress\/ -->\n<title>Serrure quart de tour - triangulaire T6 | Attache rapide<\/title>\n<meta name=\"description\" content=\"Serrure quart de tour T6 \u00e0 forme triangulaire. Embo\u00eetable, extr\u00e9mit\u00e9 carr\u00e9e de 7 mm. Id\u00e9al pour les armoires \u00e9lectriques et les armoires m\u00e9talliques.\" \/>\n<meta name=\"robots\" content=\"index, follow, max-snippet:-1, max-image-preview:large, max-video-preview:-1\" \/>\n<link rel=\"canonical\" href=\"https:\/\/www.omrserrature.it\/fr\/produit\/fermeture-avec-barillet-a-ressort-raccord-rapide-empreinte-triangulaire-t6\/\" \/>\n<meta property=\"og:locale\" content=\"fr_FR\" \/>\n<meta property=\"og:type\" content=\"article\" \/>\n<meta property=\"og:title\" content=\"Serrure quart de tour - triangulaire T6 | Attache rapide\" \/>\n<meta property=\"og:description\" content=\"Serrure quart de tour T6 \u00e0 forme triangulaire. Embo\u00eetable, extr\u00e9mit\u00e9 carr\u00e9e de 7 mm. Id\u00e9al pour les armoires \u00e9lectriques et les armoires m\u00e9talliques.\" \/>\n<meta property=\"og:url\" content=\"https:\/\/www.omrserrature.it\/fr\/produit\/fermeture-avec-barillet-a-ressort-raccord-rapide-empreinte-triangulaire-t6\/\" \/>\n<meta property=\"og:site_name\" content=\"OMR Serrature | Produzione sistemi di chiusura\" \/>\n<meta property=\"article:publisher\" content=\"https:\/\/www.facebook.com\/OMRserrature\" \/>\n<meta property=\"article:modified_time\" content=\"2026-04-08T09:10:03+00:00\" \/>\n<meta property=\"og:image\" content=\"https:\/\/www.omrserrature.it\/wp-content\/uploads\/2025\/04\/160010_CM.jpg\" \/>\n\t<meta property=\"og:image:width\" content=\"1000\" \/>\n\t<meta property=\"og:image:height\" content=\"1000\" \/>\n\t<meta property=\"og:image:type\" content=\"image\/jpeg\" \/>\n<meta name=\"twitter:card\" content=\"summary_large_image\" \/>\n<meta name=\"twitter:label1\" content=\"Dur\u00e9e de lecture estim\u00e9e\" \/>\n\t<meta name=\"twitter:data1\" content=\"1 minute\" \/>\n<script type=\"application\/ld+json\" class=\"yoast-schema-graph\">{\"@context\":\"https:\/\/schema.org\",\"@graph\":[{\"@type\":\"WebPage\",\"@id\":\"https:\/\/www.omrserrature.it\/fr\/produit\/fermeture-avec-barillet-a-ressort-raccord-rapide-empreinte-triangulaire-t6\/\",\"url\":\"https:\/\/www.omrserrature.it\/fr\/produit\/fermeture-avec-barillet-a-ressort-raccord-rapide-empreinte-triangulaire-t6\/\",\"name\":\"Serrure quart de tour - triangulaire T6 | Attache rapide\",\"isPartOf\":{\"@id\":\"https:\/\/www.omrserrature.it\/fr\/#website\"},\"primaryImageOfPage\":{\"@id\":\"https:\/\/www.omrserrature.it\/fr\/produit\/fermeture-avec-barillet-a-ressort-raccord-rapide-empreinte-triangulaire-t6\/#primaryimage\"},\"image\":{\"@id\":\"https:\/\/www.omrserrature.it\/fr\/produit\/fermeture-avec-barillet-a-ressort-raccord-rapide-empreinte-triangulaire-t6\/#primaryimage\"},\"thumbnailUrl\":\"https:\/\/www.omrserrature.it\/wp-content\/uploads\/2025\/04\/160010_CM.jpg\",\"datePublished\":\"2025-04-24T08:41:26+00:00\",\"dateModified\":\"2026-04-08T09:10:03+00:00\",\"description\":\"Serrure quart de tour T6 \u00e0 forme triangulaire. Embo\u00eetable, extr\u00e9mit\u00e9 carr\u00e9e de 7 mm. Id\u00e9al pour les armoires \u00e9lectriques et les armoires m\u00e9talliques.\",\"breadcrumb\":{\"@id\":\"https:\/\/www.omrserrature.it\/fr\/produit\/fermeture-avec-barillet-a-ressort-raccord-rapide-empreinte-triangulaire-t6\/#breadcrumb\"},\"inLanguage\":\"fr-FR\",\"potentialAction\":[{\"@type\":\"ReadAction\",\"target\":[\"https:\/\/www.omrserrature.it\/fr\/produit\/fermeture-avec-barillet-a-ressort-raccord-rapide-empreinte-triangulaire-t6\/\"]}]},{\"@type\":\"ImageObject\",\"inLanguage\":\"fr-FR\",\"@id\":\"https:\/\/www.omrserrature.it\/fr\/produit\/fermeture-avec-barillet-a-ressort-raccord-rapide-empreinte-triangulaire-t6\/#primaryimage\",\"url\":\"https:\/\/www.omrserrature.it\/wp-content\/uploads\/2025\/04\/160010_CM.jpg\",\"contentUrl\":\"https:\/\/www.omrserrature.it\/wp-content\/uploads\/2025\/04\/160010_CM.jpg\",\"width\":1000,\"height\":1000,\"caption\":\"Serrure universelle triangulaire T6 avec ressorts \u00e0 pressions pour une installation rapide. Mod. 160010_CM\"},{\"@type\":\"BreadcrumbList\",\"@id\":\"https:\/\/www.omrserrature.it\/fr\/produit\/fermeture-avec-barillet-a-ressort-raccord-rapide-empreinte-triangulaire-t6\/#breadcrumb\",\"itemListElement\":[{\"@type\":\"ListItem\",\"position\":1,\"name\":\"Home\",\"item\":\"https:\/\/www.omrserrature.it\/fr\/omr-serrures-et-systemes-de-verrouillage\/\"},{\"@type\":\"ListItem\",\"position\":2,\"name\":\"Catalogue\",\"item\":\"https:\/\/www.omrserrature.it\/catalogue\/?lang=fr\"},{\"@type\":\"ListItem\",\"position\":3,\"name\":\"Produits\",\"item\":\"https:\/\/www.omrserrature.it\/fr\/catalogue\/produits\/\"},{\"@type\":\"ListItem\",\"position\":4,\"name\":\"Serrures\",\"item\":\"https:\/\/www.omrserrature.it\/fr\/catalogue\/produits\/serrures\/\"},{\"@type\":\"ListItem\",\"position\":5,\"name\":\"Fermeture avec barillet \u00e0 ressort, installation rapide, empreinte triangulaire T6\"}]},{\"@type\":\"WebSite\",\"@id\":\"https:\/\/www.omrserrature.it\/fr\/#website\",\"url\":\"https:\/\/www.omrserrature.it\/fr\/\",\"name\":\"OMR Serrature | Produzione sistemi di chiusura\",\"description\":\"Produzione serrature di sicurezza e sistemi di chiusura\",\"publisher\":{\"@id\":\"https:\/\/www.omrserrature.it\/fr\/#organization\"},\"potentialAction\":[{\"@type\":\"SearchAction\",\"target\":{\"@type\":\"EntryPoint\",\"urlTemplate\":\"https:\/\/www.omrserrature.it\/fr\/?s={search_term_string}\"},\"query-input\":{\"@type\":\"PropertyValueSpecification\",\"valueRequired\":true,\"valueName\":\"search_term_string\"}}],\"inLanguage\":\"fr-FR\"},{\"@type\":\"Organization\",\"@id\":\"https:\/\/www.omrserrature.it\/fr\/#organization\",\"name\":\"OMR Serrature | Produzione sistemi di chiusura\",\"url\":\"https:\/\/www.omrserrature.it\/fr\/\",\"logo\":{\"@type\":\"ImageObject\",\"inLanguage\":\"fr-FR\",\"@id\":\"https:\/\/www.omrserrature.it\/fr\/#\/schema\/logo\/image\/\",\"url\":\"https:\/\/www.omrserrature.it\/wp-content\/uploads\/2017\/09\/favicon-omr-114.png\",\"contentUrl\":\"https:\/\/www.omrserrature.it\/wp-content\/uploads\/2017\/09\/favicon-omr-114.png\",\"width\":114,\"height\":114,\"caption\":\"OMR Serrature | Produzione sistemi di chiusura\"},\"image\":{\"@id\":\"https:\/\/www.omrserrature.it\/fr\/#\/schema\/logo\/image\/\"},\"sameAs\":[\"https:\/\/www.facebook.com\/OMRserrature\",\"https:\/\/www.linkedin.com\/company\/omrserrature\/\",\"https:\/\/www.youtube.com\/channel\/UCxmA85z2R0EpG_6IRokiAkg\"]}]}<\/script>\n<!-- \/ Yoast SEO plugin. -->","yoast_head_json":{"title":"Serrure quart de tour - triangulaire T6 | Attache rapide","description":"Serrure quart de tour T6 \u00e0 forme triangulaire. Embo\u00eetable, extr\u00e9mit\u00e9 carr\u00e9e de 7 mm. Id\u00e9al pour les armoires \u00e9lectriques et les armoires m\u00e9talliques.","robots":{"index":"index","follow":"follow","max-snippet":"max-snippet:-1","max-image-preview":"max-image-preview:large","max-video-preview":"max-video-preview:-1"},"canonical":"https:\/\/www.omrserrature.it\/fr\/produit\/fermeture-avec-barillet-a-ressort-raccord-rapide-empreinte-triangulaire-t6\/","og_locale":"fr_FR","og_type":"article","og_title":"Serrure quart de tour - triangulaire T6 | Attache rapide","og_description":"Serrure quart de tour T6 \u00e0 forme triangulaire. Embo\u00eetable, extr\u00e9mit\u00e9 carr\u00e9e de 7 mm. Id\u00e9al pour les armoires \u00e9lectriques et les armoires m\u00e9talliques.","og_url":"https:\/\/www.omrserrature.it\/fr\/produit\/fermeture-avec-barillet-a-ressort-raccord-rapide-empreinte-triangulaire-t6\/","og_site_name":"OMR Serrature | Produzione sistemi di chiusura","article_publisher":"https:\/\/www.facebook.com\/OMRserrature","article_modified_time":"2026-04-08T09:10:03+00:00","og_image":[{"width":1000,"height":1000,"url":"https:\/\/www.omrserrature.it\/wp-content\/uploads\/2025\/04\/160010_CM.jpg","type":"image\/jpeg"}],"twitter_card":"summary_large_image","twitter_misc":{"Dur\u00e9e de lecture estim\u00e9e":"1 minute"},"schema":{"@context":"https:\/\/schema.org","@graph":[{"@type":"WebPage","@id":"https:\/\/www.omrserrature.it\/fr\/produit\/fermeture-avec-barillet-a-ressort-raccord-rapide-empreinte-triangulaire-t6\/","url":"https:\/\/www.omrserrature.it\/fr\/produit\/fermeture-avec-barillet-a-ressort-raccord-rapide-empreinte-triangulaire-t6\/","name":"Serrure quart de tour - triangulaire T6 | Attache rapide","isPartOf":{"@id":"https:\/\/www.omrserrature.it\/fr\/#website"},"primaryImageOfPage":{"@id":"https:\/\/www.omrserrature.it\/fr\/produit\/fermeture-avec-barillet-a-ressort-raccord-rapide-empreinte-triangulaire-t6\/#primaryimage"},"image":{"@id":"https:\/\/www.omrserrature.it\/fr\/produit\/fermeture-avec-barillet-a-ressort-raccord-rapide-empreinte-triangulaire-t6\/#primaryimage"},"thumbnailUrl":"https:\/\/www.omrserrature.it\/wp-content\/uploads\/2025\/04\/160010_CM.jpg","datePublished":"2025-04-24T08:41:26+00:00","dateModified":"2026-04-08T09:10:03+00:00","description":"Serrure quart de tour T6 \u00e0 forme triangulaire. Embo\u00eetable, extr\u00e9mit\u00e9 carr\u00e9e de 7 mm. Id\u00e9al pour les armoires \u00e9lectriques et les armoires m\u00e9talliques.","breadcrumb":{"@id":"https:\/\/www.omrserrature.it\/fr\/produit\/fermeture-avec-barillet-a-ressort-raccord-rapide-empreinte-triangulaire-t6\/#breadcrumb"},"inLanguage":"fr-FR","potentialAction":[{"@type":"ReadAction","target":["https:\/\/www.omrserrature.it\/fr\/produit\/fermeture-avec-barillet-a-ressort-raccord-rapide-empreinte-triangulaire-t6\/"]}]},{"@type":"ImageObject","inLanguage":"fr-FR","@id":"https:\/\/www.omrserrature.it\/fr\/produit\/fermeture-avec-barillet-a-ressort-raccord-rapide-empreinte-triangulaire-t6\/#primaryimage","url":"https:\/\/www.omrserrature.it\/wp-content\/uploads\/2025\/04\/160010_CM.jpg","contentUrl":"https:\/\/www.omrserrature.it\/wp-content\/uploads\/2025\/04\/160010_CM.jpg","width":1000,"height":1000,"caption":"Serrure universelle triangulaire T6 avec ressorts \u00e0 pressions pour une installation rapide. Mod. 160010_CM"},{"@type":"BreadcrumbList","@id":"https:\/\/www.omrserrature.it\/fr\/produit\/fermeture-avec-barillet-a-ressort-raccord-rapide-empreinte-triangulaire-t6\/#breadcrumb","itemListElement":[{"@type":"ListItem","position":1,"name":"Home","item":"https:\/\/www.omrserrature.it\/fr\/omr-serrures-et-systemes-de-verrouillage\/"},{"@type":"ListItem","position":2,"name":"Catalogue","item":"https:\/\/www.omrserrature.it\/catalogue\/?lang=fr"},{"@type":"ListItem","position":3,"name":"Produits","item":"https:\/\/www.omrserrature.it\/fr\/catalogue\/produits\/"},{"@type":"ListItem","position":4,"name":"Serrures","item":"https:\/\/www.omrserrature.it\/fr\/catalogue\/produits\/serrures\/"},{"@type":"ListItem","position":5,"name":"Fermeture avec barillet \u00e0 ressort, installation rapide, empreinte triangulaire T6"}]},{"@type":"WebSite","@id":"https:\/\/www.omrserrature.it\/fr\/#website","url":"https:\/\/www.omrserrature.it\/fr\/","name":"OMR Serrature | Produzione sistemi di chiusura","description":"Produzione serrature di sicurezza e sistemi di chiusura","publisher":{"@id":"https:\/\/www.omrserrature.it\/fr\/#organization"},"potentialAction":[{"@type":"SearchAction","target":{"@type":"EntryPoint","urlTemplate":"https:\/\/www.omrserrature.it\/fr\/?s={search_term_string}"},"query-input":{"@type":"PropertyValueSpecification","valueRequired":true,"valueName":"search_term_string"}}],"inLanguage":"fr-FR"},{"@type":"Organization","@id":"https:\/\/www.omrserrature.it\/fr\/#organization","name":"OMR Serrature | Produzione sistemi di chiusura","url":"https:\/\/www.omrserrature.it\/fr\/","logo":{"@type":"ImageObject","inLanguage":"fr-FR","@id":"https:\/\/www.omrserrature.it\/fr\/#\/schema\/logo\/image\/","url":"https:\/\/www.omrserrature.it\/wp-content\/uploads\/2017\/09\/favicon-omr-114.png","contentUrl":"https:\/\/www.omrserrature.it\/wp-content\/uploads\/2017\/09\/favicon-omr-114.png","width":114,"height":114,"caption":"OMR Serrature | Produzione sistemi di chiusura"},"image":{"@id":"https:\/\/www.omrserrature.it\/fr\/#\/schema\/logo\/image\/"},"sameAs":["https:\/\/www.facebook.com\/OMRserrature","https:\/\/www.linkedin.com\/company\/omrserrature\/","https:\/\/www.youtube.com\/channel\/UCxmA85z2R0EpG_6IRokiAkg"]}]}},"_links":{"self":[{"href":"https:\/\/www.omrserrature.it\/fr\/wp-json\/wp\/v2\/product\/243782","targetHints":{"allow":["GET"]}}],"collection":[{"href":"https:\/\/www.omrserrature.it\/fr\/wp-json\/wp\/v2\/product"}],"about":[{"href":"https:\/\/www.omrserrature.it\/fr\/wp-json\/wp\/v2\/types\/product"}],"replies":[{"embeddable":true,"href":"https:\/\/www.omrserrature.it\/fr\/wp-json\/wp\/v2\/comments?post=243782"}],"wp:featuredmedia":[{"embeddable":true,"href":"https:\/\/www.omrserrature.it\/fr\/wp-json\/wp\/v2\/media\/243750"}],"wp:attachment":[{"href":"https:\/\/www.omrserrature.it\/fr\/wp-json\/wp\/v2\/media?parent=243782"}],"wp:term":[{"taxonomy":"product_brand","embeddable":true,"href":"https:\/\/www.omrserrature.it\/fr\/wp-json\/wp\/v2\/product_brand?post=243782"},{"taxonomy":"product_cat","embeddable":true,"href":"https:\/\/www.omrserrature.it\/fr\/wp-json\/wp\/v2\/product_cat?post=243782"},{"taxonomy":"product_tag","embeddable":true,"href":"https:\/\/www.omrserrature.it\/fr\/wp-json\/wp\/v2\/product_tag?post=243782"}],"curies":[{"name":"wp","href":"https:\/\/api.w.org\/{rel}","templated":true}]}}