{"id":243701,"date":"2025-04-23T14:40:33","date_gmt":"2025-04-23T12:40:33","guid":{"rendered":"https:\/\/www.staging6.omrserrature.it\/prodotto\/serrure-a-combinaison-mecanique-lineaire-avec-cle-de-securite\/"},"modified":"2026-04-08T11:10:09","modified_gmt":"2026-04-08T09:10:09","slug":"serrure-a-combinaison-mecanique-lineaire-avec-cle-de-securite","status":"publish","type":"product","link":"https:\/\/www.omrserrature.it\/fr\/produit\/serrure-a-combinaison-mecanique-lineaire-avec-cle-de-securite\/","title":{"rendered":"Serrure \u00e0 combinaison m\u00e9canique lin\u00e9aire avec cl\u00e9 de s\u00e9curit\u00e9"},"content":{"rendered":"<p>La <strong>serrure \u00e0 combinaison de cl\u00e9s d&rsquo;<\/strong> OMR est une solution robuste et polyvalente, id\u00e9ale pour prot\u00e9ger les casiers, les tiroirs et les conteneurs dans les environnements commerciaux, sportifs et professionnels. La serrure se compose d&rsquo;un corps lin\u00e9aire dans lequel on trouve le <strong>bouton d&rsquo;<\/strong> ouverture et de <strong>quatre rouleaux num\u00e9riques<\/strong> offrant jusqu&rsquo;\u00e0 10 000 combinaisons uniques, garantissant un haut niveau de s\u00e9curit\u00e9 et de personnalisation pour chaque utilisateur. <\/p>\n<h2>Mode public pour une gestion flexible<\/h2>\n<p>Cette serrure \u00e0 combinaison est configur\u00e9e en mode public, c&rsquo;est-\u00e0-dire qu&rsquo;<strong>elle permet la mise \u00e0 jour du code d&rsquo;ouverture <span style=\"text-decoration: underline;\">\u00e0 chaque ouverture<\/span><\/strong>. Apr\u00e8s avoir introduit le code correct et tourn\u00e9 la poign\u00e9e d&rsquo;ouverture &#8211; avec la serrure ouverte ! &#8211; vous pouvez d\u00e9finir le nouveau code, puis proc\u00e9der \u00e0 la fermeture de la serrure. Une fois en position ferm\u00e9e, n&rsquo;oubliez pas de modifier le code en m\u00e9langeant les chiffres, sinon le casier restera avec la nouvelle combinaison introduite, et donc ouvert. Cette fonction est particuli\u00e8rement utile dans les environnements o\u00f9 une gestion fr\u00e9quente et dynamique des serrures est n\u00e9cessaire.    <\/p>\n<h2>Serrure \u00e0 combinaison avec cl\u00e9 de s\u00e9curit\u00e9<\/h2>\n<p>En cas d&rsquo;oubli du code, la serrure est \u00e9quip\u00e9e d&rsquo;<strong>une cl\u00e9 de s\u00e9curit\u00e9 qui permet de l&rsquo;ouvrir imm\u00e9diatement<\/strong>. Une fois la cl\u00e9 de s\u00e9curit\u00e9 ins\u00e9r\u00e9e et tourn\u00e9e, faites glisser les rouleaux de num\u00e9rotation jusqu&rsquo;\u00e0 ce qu&rsquo;ils se bloquent dans la bonne position, ce qui permet de r\u00e9cup\u00e9rer le code en toute s\u00e9curit\u00e9. Ce m\u00e9canisme de s\u00e9curit\u00e9 est particuli\u00e8rement utile dans les environnements comportant de nombreuses serrures, o\u00f9 un seul op\u00e9rateur peut intervenir rapidement sur plusieurs unit\u00e9s \u00e0 l&rsquo;aide d&rsquo;une seule cl\u00e9, simplifiant ainsi la gestion du syst\u00e8me de s\u00e9curit\u00e9.  <\/p>\n<h2>Mat\u00e9riaux de qualit\u00e9 et design fonctionnel<\/h2>\n<p>Fabriqu\u00e9e en mat\u00e9riaux plastiques de haute qualit\u00e9, la serrure m\u00e9canique \u00e0 combinaison avec cl\u00e9 de s\u00e9curit\u00e9 offre une r\u00e9sistance aux tentatives d&rsquo;effraction et une longue dur\u00e9e de vie, m\u00eame dans les environnements humides tels que les vestiaires de gymnases, les piscines, les entreprises, ou les environnements poussi\u00e9reux. Le design lin\u00e9aire et compact avec une poign\u00e9e ergonomique assure une grande maniabilit\u00e9 de la serrure. La serrure est \u00e9quip\u00e9e de came pour un engagement rapide sur les panneaux m\u00e9talliques, et peut \u00eatre install\u00e9e sur des armoires en bois avec diff\u00e9rentes \u00e9paisseurs de portes gr\u00e2ce \u00e0 la plaque arri\u00e8re, s&rsquo;adaptant parfaitement \u00e0 une large gamme d&rsquo;applications. La serrure \u00e0 combinaison m\u00e9canique offre toutes les caract\u00e9ristiques de s\u00e9curit\u00e9 et de fiabilit\u00e9 qui ont toujours distingu\u00e9 les serrures OMR.   <\/p>\n","protected":false},"excerpt":{"rendered":"<p><strong>Serrure \u00e0 combinaison de cl\u00e9s OMR<\/strong>, id\u00e9ale pour les serrures dans les environnements sportifs, professionnels et commerciaux. Il offre jusqu&rsquo;\u00e0 <strong>10 000 combinaisons uniques<\/strong> et comprend une <strong>cl\u00e9 de s\u00e9curit\u00e9<\/strong> pour l&rsquo;ouverture en cas d&rsquo;oubli du code. Le <strong>mode public<\/strong> permet de changer le code \u00e0 chaque utilisation, ce qui le rend id\u00e9al pour les vestiaires et les environnements partag\u00e9s. Construction durable, design compact et installation polyvalente sur bois ou m\u00e9tal.   <\/p>\n","protected":false},"featured_media":253275,"comment_status":"closed","ping_status":"closed","template":"","meta":{"_acf_changed":false,"_et_pb_use_builder":"","_et_pb_old_content":"","_et_gb_content_width":""},"product_brand":[],"product_cat":[3756,3738,3726,3755,3745,3754,3749,1107,3687,3654,3691,3723,3722,3713,3729,3718,3697,3690,3652],"product_tag":[],"class_list":{"0":"post-243701","1":"product","2":"type-product","3":"status-publish","4":"has-post-thumbnail","6":"product_cat-architecture-urbanisme-et-design","7":"product_cat-battant","8":"product_cat-des-serrures-pour-des-serrures","9":"product_cat-hopitaux-et-soins-de-sante","10":"product_cat-hotellerie-et-tourisme","11":"product_cat-juste","12":"product_cat-magasins-et-activites-commerciales","13":"product_cat-serrures","14":"product_cat-serrures-a-came","15":"product_cat-serrures-a-combinaison","16":"product_cat-serrures-darmoires","17":"product_cat-serrures-de-panneaux","18":"product_cat-serrures-de-portes","19":"product_cat-serrures-pour-armoires-phytosanitaires","20":"product_cat-serrures-pour-casiers","21":"product_cat-serrures-pour-casiers-a-colis","22":"product_cat-serrures-pour-meubles","23":"product_cat-serrures-professionnelles-pour-meubles","24":"product_cat-serrures-reprogrammables","26":"first","27":"instock","28":"shipping-taxable","29":"purchasable","30":"product-type-variable","31":"has-default-attributes"},"acf":{"pdf1":"https:\/\/www.omrserrature.it\/wp-content\/uploads\/2025\/04\/Scheda-POM90001.pdf"},"yoast_head":"<!-- This site is optimized with the Yoast SEO plugin v27.2 - https:\/\/yoast.com\/product\/yoast-seo-wordpress\/ -->\n<title>Serrure \u00e0 combinaison OMR avec cl\u00e9 de s\u00e9curit\u00e9 \u00e0 4 chiffres<\/title>\n<meta name=\"description\" content=\"Serrure \u00e0 combinaison m\u00e9canique OMR avec code \u00e0 4 chiffres et cl\u00e9 de s\u00e9curit\u00e9. Solution pratique pour les casiers, les vestiaires et les locaux communs.\" \/>\n<meta name=\"robots\" content=\"index, follow, max-snippet:-1, max-image-preview:large, max-video-preview:-1\" \/>\n<link rel=\"canonical\" href=\"https:\/\/www.omrserrature.it\/fr\/produit\/serrure-a-combinaison-mecanique-lineaire-avec-cle-de-securite\/\" \/>\n<meta property=\"og:locale\" content=\"fr_FR\" \/>\n<meta property=\"og:type\" content=\"article\" \/>\n<meta property=\"og:title\" content=\"Serrure \u00e0 combinaison OMR avec cl\u00e9 de s\u00e9curit\u00e9 \u00e0 4 chiffres\" \/>\n<meta property=\"og:description\" content=\"Serrure \u00e0 combinaison m\u00e9canique OMR avec code \u00e0 4 chiffres et cl\u00e9 de s\u00e9curit\u00e9. Solution pratique pour les casiers, les vestiaires et les locaux communs.\" \/>\n<meta property=\"og:url\" content=\"https:\/\/www.omrserrature.it\/fr\/produit\/serrure-a-combinaison-mecanique-lineaire-avec-cle-de-securite\/\" \/>\n<meta property=\"og:site_name\" content=\"OMR Serrature | Produzione sistemi di chiusura\" \/>\n<meta property=\"article:publisher\" content=\"https:\/\/www.facebook.com\/OMRserrature\" \/>\n<meta property=\"article:modified_time\" content=\"2026-04-08T09:10:09+00:00\" \/>\n<meta property=\"og:image\" content=\"https:\/\/www.omrserrature.it\/wp-content\/uploads\/2025\/04\/Serratura-a-combinazione-quattro-numeri-a-rotella.jpg\" \/>\n\t<meta property=\"og:image:width\" content=\"1000\" \/>\n\t<meta property=\"og:image:height\" content=\"1000\" \/>\n\t<meta property=\"og:image:type\" content=\"image\/jpeg\" \/>\n<meta name=\"twitter:card\" content=\"summary_large_image\" \/>\n<meta name=\"twitter:label1\" content=\"Dur\u00e9e de lecture estim\u00e9e\" \/>\n\t<meta name=\"twitter:data1\" content=\"2 minutes\" \/>\n<script type=\"application\/ld+json\" class=\"yoast-schema-graph\">{\"@context\":\"https:\/\/schema.org\",\"@graph\":[{\"@type\":\"WebPage\",\"@id\":\"https:\/\/www.omrserrature.it\/fr\/produit\/serrure-a-combinaison-mecanique-lineaire-avec-cle-de-securite\/\",\"url\":\"https:\/\/www.omrserrature.it\/fr\/produit\/serrure-a-combinaison-mecanique-lineaire-avec-cle-de-securite\/\",\"name\":\"Serrure \u00e0 combinaison OMR avec cl\u00e9 de s\u00e9curit\u00e9 \u00e0 4 chiffres\",\"isPartOf\":{\"@id\":\"https:\/\/www.omrserrature.it\/fr\/#website\"},\"primaryImageOfPage\":{\"@id\":\"https:\/\/www.omrserrature.it\/fr\/produit\/serrure-a-combinaison-mecanique-lineaire-avec-cle-de-securite\/#primaryimage\"},\"image\":{\"@id\":\"https:\/\/www.omrserrature.it\/fr\/produit\/serrure-a-combinaison-mecanique-lineaire-avec-cle-de-securite\/#primaryimage\"},\"thumbnailUrl\":\"https:\/\/www.omrserrature.it\/wp-content\/uploads\/2025\/04\/Serratura-a-combinazione-quattro-numeri-a-rotella.jpg\",\"datePublished\":\"2025-04-23T12:40:33+00:00\",\"dateModified\":\"2026-04-08T09:10:09+00:00\",\"description\":\"Serrure \u00e0 combinaison m\u00e9canique OMR avec code \u00e0 4 chiffres et cl\u00e9 de s\u00e9curit\u00e9. Solution pratique pour les casiers, les vestiaires et les locaux communs.\",\"breadcrumb\":{\"@id\":\"https:\/\/www.omrserrature.it\/fr\/produit\/serrure-a-combinaison-mecanique-lineaire-avec-cle-de-securite\/#breadcrumb\"},\"inLanguage\":\"fr-FR\",\"potentialAction\":[{\"@type\":\"ReadAction\",\"target\":[\"https:\/\/www.omrserrature.it\/fr\/produit\/serrure-a-combinaison-mecanique-lineaire-avec-cle-de-securite\/\"]}]},{\"@type\":\"ImageObject\",\"inLanguage\":\"fr-FR\",\"@id\":\"https:\/\/www.omrserrature.it\/fr\/produit\/serrure-a-combinaison-mecanique-lineaire-avec-cle-de-securite\/#primaryimage\",\"url\":\"https:\/\/www.omrserrature.it\/wp-content\/uploads\/2025\/04\/Serratura-a-combinazione-quattro-numeri-a-rotella.jpg\",\"contentUrl\":\"https:\/\/www.omrserrature.it\/wp-content\/uploads\/2025\/04\/Serratura-a-combinazione-quattro-numeri-a-rotella.jpg\",\"width\":1000,\"height\":1000,\"caption\":\"Serrure \u00e0 combinaison m\u00e9canique \u00e0 4 chiffres et cl\u00e9 de secours\"},{\"@type\":\"BreadcrumbList\",\"@id\":\"https:\/\/www.omrserrature.it\/fr\/produit\/serrure-a-combinaison-mecanique-lineaire-avec-cle-de-securite\/#breadcrumb\",\"itemListElement\":[{\"@type\":\"ListItem\",\"position\":1,\"name\":\"Home\",\"item\":\"https:\/\/www.omrserrature.it\/fr\/omr-serrures-et-systemes-de-verrouillage\/\"},{\"@type\":\"ListItem\",\"position\":2,\"name\":\"Catalogue\",\"item\":\"https:\/\/www.omrserrature.it\/catalogue\/?lang=fr\"},{\"@type\":\"ListItem\",\"position\":3,\"name\":\"Produits\",\"item\":\"https:\/\/www.omrserrature.it\/fr\/catalogue\/produits\/\"},{\"@type\":\"ListItem\",\"position\":4,\"name\":\"Serrures\",\"item\":\"https:\/\/www.omrserrature.it\/fr\/catalogue\/produits\/serrures\/\"},{\"@type\":\"ListItem\",\"position\":5,\"name\":\"Serrures \u00e0 combinaison\",\"item\":\"https:\/\/www.omrserrature.it\/fr\/catalogue\/produits\/serrures\/serrures-a-combinaison\/\"},{\"@type\":\"ListItem\",\"position\":6,\"name\":\"Serrure \u00e0 combinaison m\u00e9canique lin\u00e9aire avec cl\u00e9 de s\u00e9curit\u00e9\"}]},{\"@type\":\"WebSite\",\"@id\":\"https:\/\/www.omrserrature.it\/fr\/#website\",\"url\":\"https:\/\/www.omrserrature.it\/fr\/\",\"name\":\"OMR Serrature | Produzione sistemi di chiusura\",\"description\":\"Produzione serrature di sicurezza e sistemi di chiusura\",\"publisher\":{\"@id\":\"https:\/\/www.omrserrature.it\/fr\/#organization\"},\"potentialAction\":[{\"@type\":\"SearchAction\",\"target\":{\"@type\":\"EntryPoint\",\"urlTemplate\":\"https:\/\/www.omrserrature.it\/fr\/?s={search_term_string}\"},\"query-input\":{\"@type\":\"PropertyValueSpecification\",\"valueRequired\":true,\"valueName\":\"search_term_string\"}}],\"inLanguage\":\"fr-FR\"},{\"@type\":\"Organization\",\"@id\":\"https:\/\/www.omrserrature.it\/fr\/#organization\",\"name\":\"OMR Serrature | Produzione sistemi di chiusura\",\"url\":\"https:\/\/www.omrserrature.it\/fr\/\",\"logo\":{\"@type\":\"ImageObject\",\"inLanguage\":\"fr-FR\",\"@id\":\"https:\/\/www.omrserrature.it\/fr\/#\/schema\/logo\/image\/\",\"url\":\"https:\/\/www.omrserrature.it\/wp-content\/uploads\/2017\/09\/favicon-omr-114.png\",\"contentUrl\":\"https:\/\/www.omrserrature.it\/wp-content\/uploads\/2017\/09\/favicon-omr-114.png\",\"width\":114,\"height\":114,\"caption\":\"OMR Serrature | Produzione sistemi di chiusura\"},\"image\":{\"@id\":\"https:\/\/www.omrserrature.it\/fr\/#\/schema\/logo\/image\/\"},\"sameAs\":[\"https:\/\/www.facebook.com\/OMRserrature\",\"https:\/\/www.linkedin.com\/company\/omrserrature\/\",\"https:\/\/www.youtube.com\/channel\/UCxmA85z2R0EpG_6IRokiAkg\"]}]}<\/script>\n<!-- \/ Yoast SEO plugin. -->","yoast_head_json":{"title":"Serrure \u00e0 combinaison OMR avec cl\u00e9 de s\u00e9curit\u00e9 \u00e0 4 chiffres","description":"Serrure \u00e0 combinaison m\u00e9canique OMR avec code \u00e0 4 chiffres et cl\u00e9 de s\u00e9curit\u00e9. Solution pratique pour les casiers, les vestiaires et les locaux communs.","robots":{"index":"index","follow":"follow","max-snippet":"max-snippet:-1","max-image-preview":"max-image-preview:large","max-video-preview":"max-video-preview:-1"},"canonical":"https:\/\/www.omrserrature.it\/fr\/produit\/serrure-a-combinaison-mecanique-lineaire-avec-cle-de-securite\/","og_locale":"fr_FR","og_type":"article","og_title":"Serrure \u00e0 combinaison OMR avec cl\u00e9 de s\u00e9curit\u00e9 \u00e0 4 chiffres","og_description":"Serrure \u00e0 combinaison m\u00e9canique OMR avec code \u00e0 4 chiffres et cl\u00e9 de s\u00e9curit\u00e9. Solution pratique pour les casiers, les vestiaires et les locaux communs.","og_url":"https:\/\/www.omrserrature.it\/fr\/produit\/serrure-a-combinaison-mecanique-lineaire-avec-cle-de-securite\/","og_site_name":"OMR Serrature | Produzione sistemi di chiusura","article_publisher":"https:\/\/www.facebook.com\/OMRserrature","article_modified_time":"2026-04-08T09:10:09+00:00","og_image":[{"width":1000,"height":1000,"url":"https:\/\/www.omrserrature.it\/wp-content\/uploads\/2025\/04\/Serratura-a-combinazione-quattro-numeri-a-rotella.jpg","type":"image\/jpeg"}],"twitter_card":"summary_large_image","twitter_misc":{"Dur\u00e9e de lecture estim\u00e9e":"2 minutes"},"schema":{"@context":"https:\/\/schema.org","@graph":[{"@type":"WebPage","@id":"https:\/\/www.omrserrature.it\/fr\/produit\/serrure-a-combinaison-mecanique-lineaire-avec-cle-de-securite\/","url":"https:\/\/www.omrserrature.it\/fr\/produit\/serrure-a-combinaison-mecanique-lineaire-avec-cle-de-securite\/","name":"Serrure \u00e0 combinaison OMR avec cl\u00e9 de s\u00e9curit\u00e9 \u00e0 4 chiffres","isPartOf":{"@id":"https:\/\/www.omrserrature.it\/fr\/#website"},"primaryImageOfPage":{"@id":"https:\/\/www.omrserrature.it\/fr\/produit\/serrure-a-combinaison-mecanique-lineaire-avec-cle-de-securite\/#primaryimage"},"image":{"@id":"https:\/\/www.omrserrature.it\/fr\/produit\/serrure-a-combinaison-mecanique-lineaire-avec-cle-de-securite\/#primaryimage"},"thumbnailUrl":"https:\/\/www.omrserrature.it\/wp-content\/uploads\/2025\/04\/Serratura-a-combinazione-quattro-numeri-a-rotella.jpg","datePublished":"2025-04-23T12:40:33+00:00","dateModified":"2026-04-08T09:10:09+00:00","description":"Serrure \u00e0 combinaison m\u00e9canique OMR avec code \u00e0 4 chiffres et cl\u00e9 de s\u00e9curit\u00e9. Solution pratique pour les casiers, les vestiaires et les locaux communs.","breadcrumb":{"@id":"https:\/\/www.omrserrature.it\/fr\/produit\/serrure-a-combinaison-mecanique-lineaire-avec-cle-de-securite\/#breadcrumb"},"inLanguage":"fr-FR","potentialAction":[{"@type":"ReadAction","target":["https:\/\/www.omrserrature.it\/fr\/produit\/serrure-a-combinaison-mecanique-lineaire-avec-cle-de-securite\/"]}]},{"@type":"ImageObject","inLanguage":"fr-FR","@id":"https:\/\/www.omrserrature.it\/fr\/produit\/serrure-a-combinaison-mecanique-lineaire-avec-cle-de-securite\/#primaryimage","url":"https:\/\/www.omrserrature.it\/wp-content\/uploads\/2025\/04\/Serratura-a-combinazione-quattro-numeri-a-rotella.jpg","contentUrl":"https:\/\/www.omrserrature.it\/wp-content\/uploads\/2025\/04\/Serratura-a-combinazione-quattro-numeri-a-rotella.jpg","width":1000,"height":1000,"caption":"Serrure \u00e0 combinaison m\u00e9canique \u00e0 4 chiffres et cl\u00e9 de secours"},{"@type":"BreadcrumbList","@id":"https:\/\/www.omrserrature.it\/fr\/produit\/serrure-a-combinaison-mecanique-lineaire-avec-cle-de-securite\/#breadcrumb","itemListElement":[{"@type":"ListItem","position":1,"name":"Home","item":"https:\/\/www.omrserrature.it\/fr\/omr-serrures-et-systemes-de-verrouillage\/"},{"@type":"ListItem","position":2,"name":"Catalogue","item":"https:\/\/www.omrserrature.it\/catalogue\/?lang=fr"},{"@type":"ListItem","position":3,"name":"Produits","item":"https:\/\/www.omrserrature.it\/fr\/catalogue\/produits\/"},{"@type":"ListItem","position":4,"name":"Serrures","item":"https:\/\/www.omrserrature.it\/fr\/catalogue\/produits\/serrures\/"},{"@type":"ListItem","position":5,"name":"Serrures \u00e0 combinaison","item":"https:\/\/www.omrserrature.it\/fr\/catalogue\/produits\/serrures\/serrures-a-combinaison\/"},{"@type":"ListItem","position":6,"name":"Serrure \u00e0 combinaison m\u00e9canique lin\u00e9aire avec cl\u00e9 de s\u00e9curit\u00e9"}]},{"@type":"WebSite","@id":"https:\/\/www.omrserrature.it\/fr\/#website","url":"https:\/\/www.omrserrature.it\/fr\/","name":"OMR Serrature | Produzione sistemi di chiusura","description":"Produzione serrature di sicurezza e sistemi di chiusura","publisher":{"@id":"https:\/\/www.omrserrature.it\/fr\/#organization"},"potentialAction":[{"@type":"SearchAction","target":{"@type":"EntryPoint","urlTemplate":"https:\/\/www.omrserrature.it\/fr\/?s={search_term_string}"},"query-input":{"@type":"PropertyValueSpecification","valueRequired":true,"valueName":"search_term_string"}}],"inLanguage":"fr-FR"},{"@type":"Organization","@id":"https:\/\/www.omrserrature.it\/fr\/#organization","name":"OMR Serrature | Produzione sistemi di chiusura","url":"https:\/\/www.omrserrature.it\/fr\/","logo":{"@type":"ImageObject","inLanguage":"fr-FR","@id":"https:\/\/www.omrserrature.it\/fr\/#\/schema\/logo\/image\/","url":"https:\/\/www.omrserrature.it\/wp-content\/uploads\/2017\/09\/favicon-omr-114.png","contentUrl":"https:\/\/www.omrserrature.it\/wp-content\/uploads\/2017\/09\/favicon-omr-114.png","width":114,"height":114,"caption":"OMR Serrature | Produzione sistemi di chiusura"},"image":{"@id":"https:\/\/www.omrserrature.it\/fr\/#\/schema\/logo\/image\/"},"sameAs":["https:\/\/www.facebook.com\/OMRserrature","https:\/\/www.linkedin.com\/company\/omrserrature\/","https:\/\/www.youtube.com\/channel\/UCxmA85z2R0EpG_6IRokiAkg"]}]}},"_links":{"self":[{"href":"https:\/\/www.omrserrature.it\/fr\/wp-json\/wp\/v2\/product\/243701","targetHints":{"allow":["GET"]}}],"collection":[{"href":"https:\/\/www.omrserrature.it\/fr\/wp-json\/wp\/v2\/product"}],"about":[{"href":"https:\/\/www.omrserrature.it\/fr\/wp-json\/wp\/v2\/types\/product"}],"replies":[{"embeddable":true,"href":"https:\/\/www.omrserrature.it\/fr\/wp-json\/wp\/v2\/comments?post=243701"}],"wp:featuredmedia":[{"embeddable":true,"href":"https:\/\/www.omrserrature.it\/fr\/wp-json\/wp\/v2\/media\/253275"}],"wp:attachment":[{"href":"https:\/\/www.omrserrature.it\/fr\/wp-json\/wp\/v2\/media?parent=243701"}],"wp:term":[{"taxonomy":"product_brand","embeddable":true,"href":"https:\/\/www.omrserrature.it\/fr\/wp-json\/wp\/v2\/product_brand?post=243701"},{"taxonomy":"product_cat","embeddable":true,"href":"https:\/\/www.omrserrature.it\/fr\/wp-json\/wp\/v2\/product_cat?post=243701"},{"taxonomy":"product_tag","embeddable":true,"href":"https:\/\/www.omrserrature.it\/fr\/wp-json\/wp\/v2\/product_tag?post=243701"}],"curies":[{"name":"wp","href":"https:\/\/api.w.org\/{rel}","templated":true}]}}