{"id":243684,"date":"2025-04-23T14:22:19","date_gmt":"2025-04-23T12:22:19","guid":{"rendered":"https:\/\/www.staging6.omrserrature.it\/prodotto\/charniere-en-plastique-technique-avec-goupille-metallique\/"},"modified":"2025-11-19T15:01:52","modified_gmt":"2025-11-19T14:01:52","slug":"charniere-en-plastique-technique-avec-goupille-metallique","status":"publish","type":"product","link":"https:\/\/www.omrserrature.it\/fr\/produit\/charniere-en-plastique-technique-avec-goupille-metallique\/","title":{"rendered":"Charni\u00e8re en plastique technique avec goupille m\u00e9tallique"},"content":{"rendered":"<p>Cette <strong>charni\u00e8re en plastique<\/strong> technique, \u00e9quip\u00e9e d&rsquo;un axe m\u00e9tallique et de 4 trous de fixation, est con\u00e7ue pour \u00eatre solide et durable. Avec un <strong>angle de rotation de 210\u00b0<\/strong>, elle offre un mouvement fluide et pr\u00e9cis, sans \u00e0-coups, parfait pour une installation sur les portes, les tringles et les portillons. Sa construction robuste lui assure une <strong>longue<\/strong> dur\u00e9e de vie, garantissant une installation facile et des performances fiables dans toutes les applications.  <\/p>\n","protected":false},"excerpt":{"rendered":"<p><strong>Charni\u00e8re technique en plastique avec axe m\u00e9tallique<\/strong>, id\u00e9ale pour les tringles, portes et volets. Dot\u00e9e de 4 trous frais\u00e9s pour une fixation stable, elle offre une ouverture en douceur jusqu&rsquo;\u00e0 210\u00b0 sans \u00e0-coups. Robuste et r\u00e9sistante, elle garantit la durabilit\u00e9, la pr\u00e9cision du mouvement et la facilit\u00e9 d&rsquo;installation pour toute application industrielle ou professionnelle.  <\/p>\n","protected":false},"featured_media":243670,"comment_status":"closed","ping_status":"closed","template":"","meta":{"_acf_changed":false,"_et_pb_use_builder":"","_et_pb_old_content":"","_et_gb_content_width":""},"product_brand":[],"product_cat":[3683],"product_tag":[],"class_list":{"0":"post-243684","1":"product","2":"type-product","3":"status-publish","4":"has-post-thumbnail","6":"product_cat-charnieres","8":"first","9":"instock","10":"shipping-taxable","11":"product-type-simple"},"acf":{"pdf1":"https:\/\/www.omrserrature.it\/wp-content\/uploads\/2025\/04\/MCER00004-tech-sheet.pdf"},"yoast_head":"<!-- This site is optimized with the Yoast SEO plugin v27.2 - https:\/\/yoast.com\/product\/yoast-seo-wordpress\/ -->\n<title>Charni\u00e8re en plastique technique avec goupille m\u00e9tallique - OMR Serrature<\/title>\n<meta name=\"robots\" content=\"index, follow, max-snippet:-1, max-image-preview:large, max-video-preview:-1\" \/>\n<link rel=\"canonical\" href=\"https:\/\/www.omrserrature.it\/fr\/produit\/charniere-en-plastique-technique-avec-goupille-metallique\/\" \/>\n<meta property=\"og:locale\" content=\"fr_FR\" \/>\n<meta property=\"og:type\" content=\"article\" \/>\n<meta property=\"og:title\" content=\"Charni\u00e8re en plastique technique avec goupille m\u00e9tallique - OMR Serrature\" \/>\n<meta property=\"og:description\" content=\"Charni\u00e8re technique en plastique avec axe m\u00e9tallique, id\u00e9ale pour les tringles, portes et volets. Dot\u00e9e de 4 trous frais\u00e9s pour une fixation stable, elle offre une ouverture en douceur jusqu&#039;\u00e0 210\u00b0 sans \u00e0-coups. Robuste et r\u00e9sistante, elle garantit la durabilit\u00e9, la pr\u00e9cision du mouvement et la facilit\u00e9 d&#039;installation pour toute application industrielle ou professionnelle.\" \/>\n<meta property=\"og:url\" content=\"https:\/\/www.omrserrature.it\/fr\/produit\/charniere-en-plastique-technique-avec-goupille-metallique\/\" \/>\n<meta property=\"og:site_name\" content=\"OMR Serrature | Produzione sistemi di chiusura\" \/>\n<meta property=\"article:publisher\" content=\"https:\/\/www.facebook.com\/OMRserrature\" \/>\n<meta property=\"article:modified_time\" content=\"2025-11-19T14:01:52+00:00\" \/>\n<meta property=\"og:image\" content=\"https:\/\/www.omrserrature.it\/wp-content\/uploads\/2025\/04\/MCER00004_vista-prospettica.jpg\" \/>\n\t<meta property=\"og:image:width\" content=\"1000\" \/>\n\t<meta property=\"og:image:height\" content=\"1000\" \/>\n\t<meta property=\"og:image:type\" content=\"image\/jpeg\" \/>\n<meta name=\"twitter:card\" content=\"summary_large_image\" \/>\n<script type=\"application\/ld+json\" class=\"yoast-schema-graph\">{\"@context\":\"https:\/\/schema.org\",\"@graph\":[{\"@type\":\"WebPage\",\"@id\":\"https:\/\/www.omrserrature.it\/fr\/produit\/charniere-en-plastique-technique-avec-goupille-metallique\/\",\"url\":\"https:\/\/www.omrserrature.it\/fr\/produit\/charniere-en-plastique-technique-avec-goupille-metallique\/\",\"name\":\"Charni\u00e8re en plastique technique avec goupille m\u00e9tallique - OMR Serrature\",\"isPartOf\":{\"@id\":\"https:\/\/www.omrserrature.it\/fr\/#website\"},\"primaryImageOfPage\":{\"@id\":\"https:\/\/www.omrserrature.it\/fr\/produit\/charniere-en-plastique-technique-avec-goupille-metallique\/#primaryimage\"},\"image\":{\"@id\":\"https:\/\/www.omrserrature.it\/fr\/produit\/charniere-en-plastique-technique-avec-goupille-metallique\/#primaryimage\"},\"thumbnailUrl\":\"https:\/\/www.omrserrature.it\/wp-content\/uploads\/2025\/04\/MCER00004_vista-prospettica.jpg\",\"datePublished\":\"2025-04-23T12:22:19+00:00\",\"dateModified\":\"2025-11-19T14:01:52+00:00\",\"breadcrumb\":{\"@id\":\"https:\/\/www.omrserrature.it\/fr\/produit\/charniere-en-plastique-technique-avec-goupille-metallique\/#breadcrumb\"},\"inLanguage\":\"fr-FR\",\"potentialAction\":[{\"@type\":\"ReadAction\",\"target\":[\"https:\/\/www.omrserrature.it\/fr\/produit\/charniere-en-plastique-technique-avec-goupille-metallique\/\"]}]},{\"@type\":\"ImageObject\",\"inLanguage\":\"fr-FR\",\"@id\":\"https:\/\/www.omrserrature.it\/fr\/produit\/charniere-en-plastique-technique-avec-goupille-metallique\/#primaryimage\",\"url\":\"https:\/\/www.omrserrature.it\/wp-content\/uploads\/2025\/04\/MCER00004_vista-prospettica.jpg\",\"contentUrl\":\"https:\/\/www.omrserrature.it\/wp-content\/uploads\/2025\/04\/MCER00004_vista-prospettica.jpg\",\"width\":1000,\"height\":1000,\"caption\":\"Charni\u00e8re en plastique de haute qualit\u00e9 avec axe en m\u00e9tal. Mod. MCER00004\"},{\"@type\":\"BreadcrumbList\",\"@id\":\"https:\/\/www.omrserrature.it\/fr\/produit\/charniere-en-plastique-technique-avec-goupille-metallique\/#breadcrumb\",\"itemListElement\":[{\"@type\":\"ListItem\",\"position\":1,\"name\":\"Home\",\"item\":\"https:\/\/www.omrserrature.it\/fr\/omr-serrures-et-systemes-de-verrouillage\/\"},{\"@type\":\"ListItem\",\"position\":2,\"name\":\"Catalogue\",\"item\":\"https:\/\/www.omrserrature.it\/catalogue\/?lang=fr\"},{\"@type\":\"ListItem\",\"position\":3,\"name\":\"Produits\",\"item\":\"https:\/\/www.omrserrature.it\/fr\/catalogue\/produits\/\"},{\"@type\":\"ListItem\",\"position\":4,\"name\":\"Accessoires et pi\u00e8ces d\u00e9tach\u00e9es\",\"item\":\"https:\/\/www.omrserrature.it\/fr\/catalogue\/produits\/accessoires-et-pieces-detachees\/\"},{\"@type\":\"ListItem\",\"position\":5,\"name\":\"Charni\u00e8res\",\"item\":\"https:\/\/www.omrserrature.it\/fr\/catalogue\/produits\/accessoires-et-pieces-detachees\/charnieres\/\"},{\"@type\":\"ListItem\",\"position\":6,\"name\":\"Charni\u00e8re en plastique technique avec goupille m\u00e9tallique\"}]},{\"@type\":\"WebSite\",\"@id\":\"https:\/\/www.omrserrature.it\/fr\/#website\",\"url\":\"https:\/\/www.omrserrature.it\/fr\/\",\"name\":\"OMR Serrature | Produzione sistemi di chiusura\",\"description\":\"Produzione serrature di sicurezza e sistemi di chiusura\",\"publisher\":{\"@id\":\"https:\/\/www.omrserrature.it\/fr\/#organization\"},\"potentialAction\":[{\"@type\":\"SearchAction\",\"target\":{\"@type\":\"EntryPoint\",\"urlTemplate\":\"https:\/\/www.omrserrature.it\/fr\/?s={search_term_string}\"},\"query-input\":{\"@type\":\"PropertyValueSpecification\",\"valueRequired\":true,\"valueName\":\"search_term_string\"}}],\"inLanguage\":\"fr-FR\"},{\"@type\":\"Organization\",\"@id\":\"https:\/\/www.omrserrature.it\/fr\/#organization\",\"name\":\"OMR Serrature | Produzione sistemi di chiusura\",\"url\":\"https:\/\/www.omrserrature.it\/fr\/\",\"logo\":{\"@type\":\"ImageObject\",\"inLanguage\":\"fr-FR\",\"@id\":\"https:\/\/www.omrserrature.it\/fr\/#\/schema\/logo\/image\/\",\"url\":\"https:\/\/www.omrserrature.it\/wp-content\/uploads\/2017\/09\/favicon-omr-114.png\",\"contentUrl\":\"https:\/\/www.omrserrature.it\/wp-content\/uploads\/2017\/09\/favicon-omr-114.png\",\"width\":114,\"height\":114,\"caption\":\"OMR Serrature | Produzione sistemi di chiusura\"},\"image\":{\"@id\":\"https:\/\/www.omrserrature.it\/fr\/#\/schema\/logo\/image\/\"},\"sameAs\":[\"https:\/\/www.facebook.com\/OMRserrature\",\"https:\/\/www.linkedin.com\/company\/omrserrature\/\",\"https:\/\/www.youtube.com\/channel\/UCxmA85z2R0EpG_6IRokiAkg\"]}]}<\/script>\n<!-- \/ Yoast SEO plugin. -->","yoast_head_json":{"title":"Charni\u00e8re en plastique technique avec goupille m\u00e9tallique - OMR Serrature","robots":{"index":"index","follow":"follow","max-snippet":"max-snippet:-1","max-image-preview":"max-image-preview:large","max-video-preview":"max-video-preview:-1"},"canonical":"https:\/\/www.omrserrature.it\/fr\/produit\/charniere-en-plastique-technique-avec-goupille-metallique\/","og_locale":"fr_FR","og_type":"article","og_title":"Charni\u00e8re en plastique technique avec goupille m\u00e9tallique - OMR Serrature","og_description":"Charni\u00e8re technique en plastique avec axe m\u00e9tallique, id\u00e9ale pour les tringles, portes et volets. Dot\u00e9e de 4 trous frais\u00e9s pour une fixation stable, elle offre une ouverture en douceur jusqu'\u00e0 210\u00b0 sans \u00e0-coups. Robuste et r\u00e9sistante, elle garantit la durabilit\u00e9, la pr\u00e9cision du mouvement et la facilit\u00e9 d'installation pour toute application industrielle ou professionnelle.","og_url":"https:\/\/www.omrserrature.it\/fr\/produit\/charniere-en-plastique-technique-avec-goupille-metallique\/","og_site_name":"OMR Serrature | Produzione sistemi di chiusura","article_publisher":"https:\/\/www.facebook.com\/OMRserrature","article_modified_time":"2025-11-19T14:01:52+00:00","og_image":[{"width":1000,"height":1000,"url":"https:\/\/www.omrserrature.it\/wp-content\/uploads\/2025\/04\/MCER00004_vista-prospettica.jpg","type":"image\/jpeg"}],"twitter_card":"summary_large_image","schema":{"@context":"https:\/\/schema.org","@graph":[{"@type":"WebPage","@id":"https:\/\/www.omrserrature.it\/fr\/produit\/charniere-en-plastique-technique-avec-goupille-metallique\/","url":"https:\/\/www.omrserrature.it\/fr\/produit\/charniere-en-plastique-technique-avec-goupille-metallique\/","name":"Charni\u00e8re en plastique technique avec goupille m\u00e9tallique - OMR Serrature","isPartOf":{"@id":"https:\/\/www.omrserrature.it\/fr\/#website"},"primaryImageOfPage":{"@id":"https:\/\/www.omrserrature.it\/fr\/produit\/charniere-en-plastique-technique-avec-goupille-metallique\/#primaryimage"},"image":{"@id":"https:\/\/www.omrserrature.it\/fr\/produit\/charniere-en-plastique-technique-avec-goupille-metallique\/#primaryimage"},"thumbnailUrl":"https:\/\/www.omrserrature.it\/wp-content\/uploads\/2025\/04\/MCER00004_vista-prospettica.jpg","datePublished":"2025-04-23T12:22:19+00:00","dateModified":"2025-11-19T14:01:52+00:00","breadcrumb":{"@id":"https:\/\/www.omrserrature.it\/fr\/produit\/charniere-en-plastique-technique-avec-goupille-metallique\/#breadcrumb"},"inLanguage":"fr-FR","potentialAction":[{"@type":"ReadAction","target":["https:\/\/www.omrserrature.it\/fr\/produit\/charniere-en-plastique-technique-avec-goupille-metallique\/"]}]},{"@type":"ImageObject","inLanguage":"fr-FR","@id":"https:\/\/www.omrserrature.it\/fr\/produit\/charniere-en-plastique-technique-avec-goupille-metallique\/#primaryimage","url":"https:\/\/www.omrserrature.it\/wp-content\/uploads\/2025\/04\/MCER00004_vista-prospettica.jpg","contentUrl":"https:\/\/www.omrserrature.it\/wp-content\/uploads\/2025\/04\/MCER00004_vista-prospettica.jpg","width":1000,"height":1000,"caption":"Charni\u00e8re en plastique de haute qualit\u00e9 avec axe en m\u00e9tal. Mod. MCER00004"},{"@type":"BreadcrumbList","@id":"https:\/\/www.omrserrature.it\/fr\/produit\/charniere-en-plastique-technique-avec-goupille-metallique\/#breadcrumb","itemListElement":[{"@type":"ListItem","position":1,"name":"Home","item":"https:\/\/www.omrserrature.it\/fr\/omr-serrures-et-systemes-de-verrouillage\/"},{"@type":"ListItem","position":2,"name":"Catalogue","item":"https:\/\/www.omrserrature.it\/catalogue\/?lang=fr"},{"@type":"ListItem","position":3,"name":"Produits","item":"https:\/\/www.omrserrature.it\/fr\/catalogue\/produits\/"},{"@type":"ListItem","position":4,"name":"Accessoires et pi\u00e8ces d\u00e9tach\u00e9es","item":"https:\/\/www.omrserrature.it\/fr\/catalogue\/produits\/accessoires-et-pieces-detachees\/"},{"@type":"ListItem","position":5,"name":"Charni\u00e8res","item":"https:\/\/www.omrserrature.it\/fr\/catalogue\/produits\/accessoires-et-pieces-detachees\/charnieres\/"},{"@type":"ListItem","position":6,"name":"Charni\u00e8re en plastique technique avec goupille m\u00e9tallique"}]},{"@type":"WebSite","@id":"https:\/\/www.omrserrature.it\/fr\/#website","url":"https:\/\/www.omrserrature.it\/fr\/","name":"OMR Serrature | Produzione sistemi di chiusura","description":"Produzione serrature di sicurezza e sistemi di chiusura","publisher":{"@id":"https:\/\/www.omrserrature.it\/fr\/#organization"},"potentialAction":[{"@type":"SearchAction","target":{"@type":"EntryPoint","urlTemplate":"https:\/\/www.omrserrature.it\/fr\/?s={search_term_string}"},"query-input":{"@type":"PropertyValueSpecification","valueRequired":true,"valueName":"search_term_string"}}],"inLanguage":"fr-FR"},{"@type":"Organization","@id":"https:\/\/www.omrserrature.it\/fr\/#organization","name":"OMR Serrature | Produzione sistemi di chiusura","url":"https:\/\/www.omrserrature.it\/fr\/","logo":{"@type":"ImageObject","inLanguage":"fr-FR","@id":"https:\/\/www.omrserrature.it\/fr\/#\/schema\/logo\/image\/","url":"https:\/\/www.omrserrature.it\/wp-content\/uploads\/2017\/09\/favicon-omr-114.png","contentUrl":"https:\/\/www.omrserrature.it\/wp-content\/uploads\/2017\/09\/favicon-omr-114.png","width":114,"height":114,"caption":"OMR Serrature | Produzione sistemi di chiusura"},"image":{"@id":"https:\/\/www.omrserrature.it\/fr\/#\/schema\/logo\/image\/"},"sameAs":["https:\/\/www.facebook.com\/OMRserrature","https:\/\/www.linkedin.com\/company\/omrserrature\/","https:\/\/www.youtube.com\/channel\/UCxmA85z2R0EpG_6IRokiAkg"]}]}},"_links":{"self":[{"href":"https:\/\/www.omrserrature.it\/fr\/wp-json\/wp\/v2\/product\/243684","targetHints":{"allow":["GET"]}}],"collection":[{"href":"https:\/\/www.omrserrature.it\/fr\/wp-json\/wp\/v2\/product"}],"about":[{"href":"https:\/\/www.omrserrature.it\/fr\/wp-json\/wp\/v2\/types\/product"}],"replies":[{"embeddable":true,"href":"https:\/\/www.omrserrature.it\/fr\/wp-json\/wp\/v2\/comments?post=243684"}],"wp:featuredmedia":[{"embeddable":true,"href":"https:\/\/www.omrserrature.it\/fr\/wp-json\/wp\/v2\/media\/243670"}],"wp:attachment":[{"href":"https:\/\/www.omrserrature.it\/fr\/wp-json\/wp\/v2\/media?parent=243684"}],"wp:term":[{"taxonomy":"product_brand","embeddable":true,"href":"https:\/\/www.omrserrature.it\/fr\/wp-json\/wp\/v2\/product_brand?post=243684"},{"taxonomy":"product_cat","embeddable":true,"href":"https:\/\/www.omrserrature.it\/fr\/wp-json\/wp\/v2\/product_cat?post=243684"},{"taxonomy":"product_tag","embeddable":true,"href":"https:\/\/www.omrserrature.it\/fr\/wp-json\/wp\/v2\/product_tag?post=243684"}],"curies":[{"name":"wp","href":"https:\/\/api.w.org\/{rel}","templated":true}]}}