{"id":243664,"date":"2025-04-23T13:54:21","date_gmt":"2025-04-23T11:54:21","guid":{"rendered":"https:\/\/www.staging6.omrserrature.it\/prodotto\/serrure-a-combinaison-mecanique-avec-cle-mode-public\/"},"modified":"2026-04-08T11:09:09","modified_gmt":"2026-04-08T09:09:09","slug":"serrure-a-combinaison-mecanique-avec-cle-mode-public","status":"publish","type":"product","link":"https:\/\/www.omrserrature.it\/fr\/produit\/serrure-a-combinaison-mecanique-avec-cle-mode-public\/","title":{"rendered":"Serrure \u00e0 combinaison m\u00e9canique avec cl\u00e9 &#8211; mode public"},"content":{"rendered":"<p>La <strong>serrure \u00e0 combinaison m\u00e9canique OMR avec cl\u00e9 de s\u00e9curit\u00e9<\/strong> est une solution pratique et fiable pour la s\u00e9curit\u00e9 des tringles et des armoires de tous types, con\u00e7ue pour garantir une protection maximale contre les acc\u00e8s non autoris\u00e9s, en lib\u00e9rant l&rsquo;utilisateur final de la cl\u00e9, tout en garantissant la possibilit\u00e9 de disposer d&rsquo;un passe pour le personnel autoris\u00e9. Le syst\u00e8me de <strong>combinaison m\u00e9canique<\/strong> est \u00e9quip\u00e9 d&rsquo;un code utilisateur \u00e0 4 chiffres, offrant jusqu&rsquo;\u00e0 <strong>10 000 combinaisons<\/strong> uniques, ce qui permet une personnalisation s\u00e9curis\u00e9e pour chaque utilisateur. <\/p>\n<p>Table des mati\u00e8res :<\/p>\n<ul>\n<li><strong>Mode public<\/strong>. Permet d&rsquo;enregistrer un nouveau code \u00e0 chaque ouverture. <\/li>\n<li><strong>Protection du code<\/strong>. Chaque fois qu&rsquo;il est ouvert, il revient de lui-m\u00eame \u00e0 <em>0000<\/em> et emp\u00eache l&rsquo;oubli du code expos\u00e9. <\/li>\n<li><strong>Cl\u00e9 de s\u00e9curit\u00e9<\/strong> en cas d&rsquo;oubli du code.<\/li>\n<li><strong>Mat\u00e9riaux, conception et points forts<\/strong>. Qualit\u00e9 de l&rsquo;OMR. <\/li>\n<li><strong>Haute compatibilit\u00e9<\/strong>. Pas d&rsquo;intervention structurelle sur votre mobilier. <\/li>\n<li><strong>Version en mode public<\/strong>. Changez le code \u00e0 chaque ouverture. <\/li>\n<\/ul>\n<h2>Serrure \u00e0 combinaison en mode public<\/h2>\n<p>Cette <strong>serrure m\u00e9canique \u00e0 combinaison avec cl\u00e9 d&rsquo;OMR<\/strong> est configur\u00e9e en <strong>mode public<\/strong>, ce qui <strong>permet de m\u00e9moriser un nouveau code personnalis\u00e9<\/strong> \u00e0 chaque ouverture. Pour ce faire, il suffit d&rsquo;introduire le code correct, puis de tourner le bouton en position ouverte (cadenas vert). La serrure \u00e9tant en position ouverte, entrez un nouveau code, puis refermez la serrure, qui s&rsquo;ouvrira avec le code que vous venez d&rsquo;entrer. Ce processus vraiment simple et intuitif garantit une grande flexibilit\u00e9 et une grande s\u00e9curit\u00e9 lors de la mise \u00e0 jour du code.   <\/p>\n<h2>Protection du code \u00e0 chaque ouverture<\/h2>\n<p>\u00c0 chaque ouverture, le <strong>code num\u00e9rique est automatiquement r\u00e9initialis\u00e9 \u00e0 la position 0000<\/strong>. Le m\u00e9canisme de <strong>r\u00e9initialisation visuelle automatique du code<\/strong> (appel\u00e9 <strong>auto-scramble<\/strong> dans le jargon) est activ\u00e9 \u00e0 chaque ouverture de la serrure et emp\u00eache les personnes non autoris\u00e9es de m\u00e9moriser visuellement le code, ou d&rsquo;oublier la serrure avec le bon code saisi. <\/p>\n<h2>Cl\u00e9 de s\u00e9curit\u00e9 pour les personnes qui oublient le code : <strong>uniquement en cas d&rsquo;urgence !<\/strong><\/h2>\n<p>Un autre \u00e9l\u00e9ment de <strong>s\u00e9curit\u00e9<\/strong> et de praticit\u00e9 de la <strong>serrure m\u00e9canique \u00e0 combinaison OMR avec cl\u00e9 de s\u00e9curit\u00e9<\/strong> est la <strong>cl\u00e9 de passage, qui<\/strong> garantit que la serrure peut \u00eatre ouverte par l&rsquo;op\u00e9rateur en charge en cas d&rsquo;oubli du code num\u00e9rique. Une fois la cl\u00e9 ins\u00e9r\u00e9e et tourn\u00e9e, les quatre rouleaux num\u00e9rot\u00e9s se bloquent sur le bon num\u00e9ro, ce qui permet de <strong>r\u00e9cup\u00e9rer le code<\/strong> en toute s\u00e9curit\u00e9 et sans stress. <\/p>\n<p>La cl\u00e9 de s\u00e9curit\u00e9 est con\u00e7ue pour ouvrir toutes les serrures d&rsquo;une came, simplifiant ainsi le travail du personnel, qui pourra intervenir rapidement en cas de besoin sur n&rsquo;importe quelle armoire \u00e0 l&rsquo;aide d&rsquo;une seule cl\u00e9. Cette fonction est particuli\u00e8rement utile dans les environnements o\u00f9 un contr\u00f4le centralis\u00e9 est n\u00e9cessaire, garantissant la s\u00e9curit\u00e9 sans compromettre la flexibilit\u00e9 op\u00e9rationnelle. Gr\u00e2ce \u00e0 la cl\u00e9 de s\u00e9curit\u00e9, m\u00eame la perte \u00e9ventuelle du code ne sera plus un probl\u00e8me : un <strong>niveau<\/strong> optimal <strong>de tranquillit\u00e9 d&rsquo;esprit et de contr\u00f4le<\/strong>!  <\/p>\n<p><strong><span style=\"color: #ff0000\">Attention : le passe-partout ne doit \u00eatre utilis\u00e9 qu&rsquo;en cas de n\u00e9cessit\u00e9 et ne doit en aucun cas \u00eatre utilis\u00e9 comme cl\u00e9 commune.<\/span> <\/strong>et ne doit en aucun cas \u00eatre utilis\u00e9e comme cl\u00e9 commune. Une mauvaise utilisation de la cl\u00e9 de passage, en plus d&rsquo;\u00eatre contraire \u00e0 la logique de fonctionnement de la serrure \u00e0 combinaison, peut nuire au bon fonctionnement et \u00e0 la fiabilit\u00e9 du syst\u00e8me de fermeture \u00e0 long terme. <\/p>\n<h2>Mat\u00e9riaux, conception et points forts<\/h2>\n<p>La structure interne de la serrure (le rotor) est <strong>constitu\u00e9e de batteuses \u00e0 paillettes en acier tremp\u00e9<\/strong> pour assurer une grande r\u00e9sistance m\u00e9canique aux tentatives d&rsquo;effraction. La conception ronde inviolable garantit que le m\u00e9canisme interne ne peut pas \u00eatre endommag\u00e9 si les roues sont bloqu\u00e9es ou forc\u00e9es, prot\u00e9geant ainsi la serrure contre les tentatives d&rsquo;effraction ou de manipulation. La serrure POM9003 est fabriqu\u00e9e en <strong>zinc moul\u00e9 sous pression et en plastique technique<\/strong>, des mat\u00e9riaux r\u00e9sistants \u00e0 la poussi\u00e8re, \u00e0 la salet\u00e9 et \u00e0 l&rsquo;humidit\u00e9, et durables. Il peut \u00eatre install\u00e9 sur des portes et des tiroirs d&rsquo;une \u00e9paisseur maximale de 25 mm et son corps a une longueur de 30 mm \u00e0 partir de l&#8217;embase. Les <strong>ic\u00f4nes de position ouverte\/ferm\u00e9e<\/strong> rendent l&rsquo;utilisation de la serrure encore plus intuitive, et les cames personnalisables dans les dimensions garantissent une extraordinaire adaptabilit\u00e9 aux applications les plus diverses : le terminal Q7 permet de monter toutes les cames OMR droites, pliantes et \u00e0 crochet.   <\/p>\n<h2>Compatibilit\u00e9 parfaite avec les serrures universelles<\/h2>\n<p>Cette <strong>serrure \u00e0 combinaison m\u00e9canique<\/strong> est parfaitement compatible avec les trous dans les serrures et les tringles dans les contextes professionnels, sportifs et commerciaux. Les dimensions standard du corps de la serrure (16 mm x 19 mm) lui permettent de <strong>remplacer les<\/strong> serrures \u00e0 cl\u00e9 ou \u00e0 cadenas <strong>sans modification structurelle.<\/strong> La serrure \u00e0 <strong>code et \u00e0 cl\u00e9<\/strong> est un choix id\u00e9al pour ceux qui recherchent la fiabilit\u00e9, la s\u00e9curit\u00e9 et la polyvalence.  <\/p>\n","protected":false},"excerpt":{"rendered":"<p><strong>La serrure \u00e0 combinaison m\u00e9canique OMR avec cl\u00e9 de s\u00e9curit\u00e9<\/strong> est une solution s\u00fbre, pratique et polyvalente pour la protection des tringles et des serrures. Dot\u00e9e d&rsquo;un code utilisateur \u00e0 4 chiffres avec 10 000 combinaisons possibles, elle garantit une personnalisation maximale sur un syst\u00e8me de fermeture esth\u00e9tique, parfait pour les vestiaires des gymnases, des bureaux et des spas. Le mode public permet de changer le code \u00e0 chaque ouverture, tandis que le syst\u00e8me de brouillage automatique ram\u00e8ne automatiquement la combinaison \u00e0 0000, augmentant ainsi la s\u00e9curit\u00e9 pour l&rsquo;utilisateur. En cas d&rsquo;oubli de la combinaison, la cl\u00e9 de s\u00e9curit\u00e9 permet d&rsquo;acc\u00e9der rapidement au code et de le retrouver. Robuste, compatible avec la plupart des meubles, il ne n\u00e9cessite aucune intervention structurelle et offre un design OMR fiable et \u00e9l\u00e9gant.    <\/p>\n","protected":false},"featured_media":243655,"comment_status":"closed","ping_status":"closed","template":"","meta":{"_acf_changed":false,"_et_pb_use_builder":"","_et_pb_old_content":"","_et_gb_content_width":""},"product_brand":[],"product_cat":[3756,3738,3726,3753,3755,3745,3754,3749,3739,3687,3654,3723,3722,3713,3729,3718,3697,3690,3652],"product_tag":[],"class_list":{"0":"post-243664","1":"product","2":"type-product","3":"status-publish","4":"has-post-thumbnail","6":"product_cat-architecture-urbanisme-et-design","7":"product_cat-battant","8":"product_cat-des-serrures-pour-des-serrures","9":"product_cat-education-et-culture","10":"product_cat-hopitaux-et-soins-de-sante","11":"product_cat-hotellerie-et-tourisme","12":"product_cat-juste","13":"product_cat-magasins-et-activites-commerciales","14":"product_cat-rabat","15":"product_cat-serrures-a-came","16":"product_cat-serrures-a-combinaison","17":"product_cat-serrures-de-panneaux","18":"product_cat-serrures-de-portes","19":"product_cat-serrures-pour-armoires-phytosanitaires","20":"product_cat-serrures-pour-casiers","21":"product_cat-serrures-pour-casiers-a-colis","22":"product_cat-serrures-pour-meubles","23":"product_cat-serrures-professionnelles-pour-meubles","24":"product_cat-serrures-reprogrammables","26":"first","27":"instock","28":"shipping-taxable","29":"product-type-simple"},"acf":{"pdf1":"https:\/\/www.omrserrature.it\/wp-content\/uploads\/2025\/04\/Scheda-POM90003.pdf"},"yoast_head":"<!-- This site is optimized with the Yoast SEO plugin v27.2 - https:\/\/yoast.com\/product\/yoast-seo-wordpress\/ -->\n<title>Serrure \u00e0 combinaison m\u00e9canique OMR avec cl\u00e9 de s\u00e9curit\u00e9<\/title>\n<meta name=\"description\" content=\"Serrure \u00e0 combinaison m\u00e9canique OMR avec code \u00e0 4 chiffres, brouillage automatique et cl\u00e9 de s\u00e9curit\u00e9. Serrure \u00e0 code, sans cl\u00e9 pour les casiers et les tringles.\" \/>\n<meta name=\"robots\" content=\"index, follow, max-snippet:-1, max-image-preview:large, max-video-preview:-1\" \/>\n<link rel=\"canonical\" href=\"https:\/\/www.omrserrature.it\/fr\/produit\/serrure-a-combinaison-mecanique-avec-cle-mode-public\/\" \/>\n<meta property=\"og:locale\" content=\"fr_FR\" \/>\n<meta property=\"og:type\" content=\"article\" \/>\n<meta property=\"og:title\" content=\"Serrure \u00e0 combinaison m\u00e9canique OMR avec cl\u00e9 de s\u00e9curit\u00e9\" \/>\n<meta property=\"og:description\" content=\"Serrure \u00e0 combinaison m\u00e9canique OMR avec code \u00e0 4 chiffres, brouillage automatique et cl\u00e9 de s\u00e9curit\u00e9. Serrure \u00e0 code, sans cl\u00e9 pour les casiers et les tringles.\" \/>\n<meta property=\"og:url\" content=\"https:\/\/www.omrserrature.it\/fr\/produit\/serrure-a-combinaison-mecanique-avec-cle-mode-public\/\" \/>\n<meta property=\"og:site_name\" content=\"OMR Serrature | Produzione sistemi di chiusura\" \/>\n<meta property=\"article:publisher\" content=\"https:\/\/www.facebook.com\/OMRserrature\" \/>\n<meta property=\"article:modified_time\" content=\"2026-04-08T09:09:09+00:00\" \/>\n<meta property=\"og:image\" content=\"https:\/\/www.omrserrature.it\/wp-content\/uploads\/2025\/04\/POM90003_PU.jpg\" \/>\n\t<meta property=\"og:image:width\" content=\"1000\" \/>\n\t<meta property=\"og:image:height\" content=\"1000\" \/>\n\t<meta property=\"og:image:type\" content=\"image\/jpeg\" \/>\n<meta name=\"twitter:card\" content=\"summary_large_image\" \/>\n<meta name=\"twitter:label1\" content=\"Dur\u00e9e de lecture estim\u00e9e\" \/>\n\t<meta name=\"twitter:data1\" content=\"4 minutes\" \/>\n<script type=\"application\/ld+json\" class=\"yoast-schema-graph\">{\"@context\":\"https:\/\/schema.org\",\"@graph\":[{\"@type\":\"WebPage\",\"@id\":\"https:\/\/www.omrserrature.it\/fr\/produit\/serrure-a-combinaison-mecanique-avec-cle-mode-public\/\",\"url\":\"https:\/\/www.omrserrature.it\/fr\/produit\/serrure-a-combinaison-mecanique-avec-cle-mode-public\/\",\"name\":\"Serrure \u00e0 combinaison m\u00e9canique OMR avec cl\u00e9 de s\u00e9curit\u00e9\",\"isPartOf\":{\"@id\":\"https:\/\/www.omrserrature.it\/fr\/#website\"},\"primaryImageOfPage\":{\"@id\":\"https:\/\/www.omrserrature.it\/fr\/produit\/serrure-a-combinaison-mecanique-avec-cle-mode-public\/#primaryimage\"},\"image\":{\"@id\":\"https:\/\/www.omrserrature.it\/fr\/produit\/serrure-a-combinaison-mecanique-avec-cle-mode-public\/#primaryimage\"},\"thumbnailUrl\":\"https:\/\/www.omrserrature.it\/wp-content\/uploads\/2025\/04\/POM90003_PU.jpg\",\"datePublished\":\"2025-04-23T11:54:21+00:00\",\"dateModified\":\"2026-04-08T09:09:09+00:00\",\"description\":\"Serrure \u00e0 combinaison m\u00e9canique OMR avec code \u00e0 4 chiffres, brouillage automatique et cl\u00e9 de s\u00e9curit\u00e9. Serrure \u00e0 code, sans cl\u00e9 pour les casiers et les tringles.\",\"breadcrumb\":{\"@id\":\"https:\/\/www.omrserrature.it\/fr\/produit\/serrure-a-combinaison-mecanique-avec-cle-mode-public\/#breadcrumb\"},\"inLanguage\":\"fr-FR\",\"potentialAction\":[{\"@type\":\"ReadAction\",\"target\":[\"https:\/\/www.omrserrature.it\/fr\/produit\/serrure-a-combinaison-mecanique-avec-cle-mode-public\/\"]}]},{\"@type\":\"ImageObject\",\"inLanguage\":\"fr-FR\",\"@id\":\"https:\/\/www.omrserrature.it\/fr\/produit\/serrure-a-combinaison-mecanique-avec-cle-mode-public\/#primaryimage\",\"url\":\"https:\/\/www.omrserrature.it\/wp-content\/uploads\/2025\/04\/POM90003_PU.jpg\",\"contentUrl\":\"https:\/\/www.omrserrature.it\/wp-content\/uploads\/2025\/04\/POM90003_PU.jpg\",\"width\":1000,\"height\":1000,\"caption\":\"Serrure m\u00e9canique \u00e0 combinaison avec code - Le mode public permet de d\u00e9finir un nouveau code \u00e0 chaque ouverture. Mod. POM90003_PU\"},{\"@type\":\"BreadcrumbList\",\"@id\":\"https:\/\/www.omrserrature.it\/fr\/produit\/serrure-a-combinaison-mecanique-avec-cle-mode-public\/#breadcrumb\",\"itemListElement\":[{\"@type\":\"ListItem\",\"position\":1,\"name\":\"Home\",\"item\":\"https:\/\/www.omrserrature.it\/fr\/omr-serrures-et-systemes-de-verrouillage\/\"},{\"@type\":\"ListItem\",\"position\":2,\"name\":\"Catalogue\",\"item\":\"https:\/\/www.omrserrature.it\/catalogue\/?lang=fr\"},{\"@type\":\"ListItem\",\"position\":3,\"name\":\"Applications\",\"item\":\"https:\/\/www.omrserrature.it\/fr\/catalogue\/applications\/\"},{\"@type\":\"ListItem\",\"position\":4,\"name\":\"Serrures pour meubles\",\"item\":\"https:\/\/www.omrserrature.it\/fr\/catalogue\/applications\/serrures-pour-meubles\/\"},{\"@type\":\"ListItem\",\"position\":5,\"name\":\"Serrures de panneaux\",\"item\":\"https:\/\/www.omrserrature.it\/fr\/catalogue\/applications\/serrures-pour-meubles\/serrures-de-panneaux\/\"},{\"@type\":\"ListItem\",\"position\":6,\"name\":\"Serrure \u00e0 combinaison m\u00e9canique avec cl\u00e9 &#8211; mode public\"}]},{\"@type\":\"WebSite\",\"@id\":\"https:\/\/www.omrserrature.it\/fr\/#website\",\"url\":\"https:\/\/www.omrserrature.it\/fr\/\",\"name\":\"OMR Serrature | Produzione sistemi di chiusura\",\"description\":\"Produzione serrature di sicurezza e sistemi di chiusura\",\"publisher\":{\"@id\":\"https:\/\/www.omrserrature.it\/fr\/#organization\"},\"potentialAction\":[{\"@type\":\"SearchAction\",\"target\":{\"@type\":\"EntryPoint\",\"urlTemplate\":\"https:\/\/www.omrserrature.it\/fr\/?s={search_term_string}\"},\"query-input\":{\"@type\":\"PropertyValueSpecification\",\"valueRequired\":true,\"valueName\":\"search_term_string\"}}],\"inLanguage\":\"fr-FR\"},{\"@type\":\"Organization\",\"@id\":\"https:\/\/www.omrserrature.it\/fr\/#organization\",\"name\":\"OMR Serrature | Produzione sistemi di chiusura\",\"url\":\"https:\/\/www.omrserrature.it\/fr\/\",\"logo\":{\"@type\":\"ImageObject\",\"inLanguage\":\"fr-FR\",\"@id\":\"https:\/\/www.omrserrature.it\/fr\/#\/schema\/logo\/image\/\",\"url\":\"https:\/\/www.omrserrature.it\/wp-content\/uploads\/2017\/09\/favicon-omr-114.png\",\"contentUrl\":\"https:\/\/www.omrserrature.it\/wp-content\/uploads\/2017\/09\/favicon-omr-114.png\",\"width\":114,\"height\":114,\"caption\":\"OMR Serrature | Produzione sistemi di chiusura\"},\"image\":{\"@id\":\"https:\/\/www.omrserrature.it\/fr\/#\/schema\/logo\/image\/\"},\"sameAs\":[\"https:\/\/www.facebook.com\/OMRserrature\",\"https:\/\/www.linkedin.com\/company\/omrserrature\/\",\"https:\/\/www.youtube.com\/channel\/UCxmA85z2R0EpG_6IRokiAkg\"]}]}<\/script>\n<!-- \/ Yoast SEO plugin. -->","yoast_head_json":{"title":"Serrure \u00e0 combinaison m\u00e9canique OMR avec cl\u00e9 de s\u00e9curit\u00e9","description":"Serrure \u00e0 combinaison m\u00e9canique OMR avec code \u00e0 4 chiffres, brouillage automatique et cl\u00e9 de s\u00e9curit\u00e9. Serrure \u00e0 code, sans cl\u00e9 pour les casiers et les tringles.","robots":{"index":"index","follow":"follow","max-snippet":"max-snippet:-1","max-image-preview":"max-image-preview:large","max-video-preview":"max-video-preview:-1"},"canonical":"https:\/\/www.omrserrature.it\/fr\/produit\/serrure-a-combinaison-mecanique-avec-cle-mode-public\/","og_locale":"fr_FR","og_type":"article","og_title":"Serrure \u00e0 combinaison m\u00e9canique OMR avec cl\u00e9 de s\u00e9curit\u00e9","og_description":"Serrure \u00e0 combinaison m\u00e9canique OMR avec code \u00e0 4 chiffres, brouillage automatique et cl\u00e9 de s\u00e9curit\u00e9. Serrure \u00e0 code, sans cl\u00e9 pour les casiers et les tringles.","og_url":"https:\/\/www.omrserrature.it\/fr\/produit\/serrure-a-combinaison-mecanique-avec-cle-mode-public\/","og_site_name":"OMR Serrature | Produzione sistemi di chiusura","article_publisher":"https:\/\/www.facebook.com\/OMRserrature","article_modified_time":"2026-04-08T09:09:09+00:00","og_image":[{"width":1000,"height":1000,"url":"https:\/\/www.omrserrature.it\/wp-content\/uploads\/2025\/04\/POM90003_PU.jpg","type":"image\/jpeg"}],"twitter_card":"summary_large_image","twitter_misc":{"Dur\u00e9e de lecture estim\u00e9e":"4 minutes"},"schema":{"@context":"https:\/\/schema.org","@graph":[{"@type":"WebPage","@id":"https:\/\/www.omrserrature.it\/fr\/produit\/serrure-a-combinaison-mecanique-avec-cle-mode-public\/","url":"https:\/\/www.omrserrature.it\/fr\/produit\/serrure-a-combinaison-mecanique-avec-cle-mode-public\/","name":"Serrure \u00e0 combinaison m\u00e9canique OMR avec cl\u00e9 de s\u00e9curit\u00e9","isPartOf":{"@id":"https:\/\/www.omrserrature.it\/fr\/#website"},"primaryImageOfPage":{"@id":"https:\/\/www.omrserrature.it\/fr\/produit\/serrure-a-combinaison-mecanique-avec-cle-mode-public\/#primaryimage"},"image":{"@id":"https:\/\/www.omrserrature.it\/fr\/produit\/serrure-a-combinaison-mecanique-avec-cle-mode-public\/#primaryimage"},"thumbnailUrl":"https:\/\/www.omrserrature.it\/wp-content\/uploads\/2025\/04\/POM90003_PU.jpg","datePublished":"2025-04-23T11:54:21+00:00","dateModified":"2026-04-08T09:09:09+00:00","description":"Serrure \u00e0 combinaison m\u00e9canique OMR avec code \u00e0 4 chiffres, brouillage automatique et cl\u00e9 de s\u00e9curit\u00e9. Serrure \u00e0 code, sans cl\u00e9 pour les casiers et les tringles.","breadcrumb":{"@id":"https:\/\/www.omrserrature.it\/fr\/produit\/serrure-a-combinaison-mecanique-avec-cle-mode-public\/#breadcrumb"},"inLanguage":"fr-FR","potentialAction":[{"@type":"ReadAction","target":["https:\/\/www.omrserrature.it\/fr\/produit\/serrure-a-combinaison-mecanique-avec-cle-mode-public\/"]}]},{"@type":"ImageObject","inLanguage":"fr-FR","@id":"https:\/\/www.omrserrature.it\/fr\/produit\/serrure-a-combinaison-mecanique-avec-cle-mode-public\/#primaryimage","url":"https:\/\/www.omrserrature.it\/wp-content\/uploads\/2025\/04\/POM90003_PU.jpg","contentUrl":"https:\/\/www.omrserrature.it\/wp-content\/uploads\/2025\/04\/POM90003_PU.jpg","width":1000,"height":1000,"caption":"Serrure m\u00e9canique \u00e0 combinaison avec code - Le mode public permet de d\u00e9finir un nouveau code \u00e0 chaque ouverture. Mod. POM90003_PU"},{"@type":"BreadcrumbList","@id":"https:\/\/www.omrserrature.it\/fr\/produit\/serrure-a-combinaison-mecanique-avec-cle-mode-public\/#breadcrumb","itemListElement":[{"@type":"ListItem","position":1,"name":"Home","item":"https:\/\/www.omrserrature.it\/fr\/omr-serrures-et-systemes-de-verrouillage\/"},{"@type":"ListItem","position":2,"name":"Catalogue","item":"https:\/\/www.omrserrature.it\/catalogue\/?lang=fr"},{"@type":"ListItem","position":3,"name":"Applications","item":"https:\/\/www.omrserrature.it\/fr\/catalogue\/applications\/"},{"@type":"ListItem","position":4,"name":"Serrures pour meubles","item":"https:\/\/www.omrserrature.it\/fr\/catalogue\/applications\/serrures-pour-meubles\/"},{"@type":"ListItem","position":5,"name":"Serrures de panneaux","item":"https:\/\/www.omrserrature.it\/fr\/catalogue\/applications\/serrures-pour-meubles\/serrures-de-panneaux\/"},{"@type":"ListItem","position":6,"name":"Serrure \u00e0 combinaison m\u00e9canique avec cl\u00e9 &#8211; mode public"}]},{"@type":"WebSite","@id":"https:\/\/www.omrserrature.it\/fr\/#website","url":"https:\/\/www.omrserrature.it\/fr\/","name":"OMR Serrature | Produzione sistemi di chiusura","description":"Produzione serrature di sicurezza e sistemi di chiusura","publisher":{"@id":"https:\/\/www.omrserrature.it\/fr\/#organization"},"potentialAction":[{"@type":"SearchAction","target":{"@type":"EntryPoint","urlTemplate":"https:\/\/www.omrserrature.it\/fr\/?s={search_term_string}"},"query-input":{"@type":"PropertyValueSpecification","valueRequired":true,"valueName":"search_term_string"}}],"inLanguage":"fr-FR"},{"@type":"Organization","@id":"https:\/\/www.omrserrature.it\/fr\/#organization","name":"OMR Serrature | Produzione sistemi di chiusura","url":"https:\/\/www.omrserrature.it\/fr\/","logo":{"@type":"ImageObject","inLanguage":"fr-FR","@id":"https:\/\/www.omrserrature.it\/fr\/#\/schema\/logo\/image\/","url":"https:\/\/www.omrserrature.it\/wp-content\/uploads\/2017\/09\/favicon-omr-114.png","contentUrl":"https:\/\/www.omrserrature.it\/wp-content\/uploads\/2017\/09\/favicon-omr-114.png","width":114,"height":114,"caption":"OMR Serrature | Produzione sistemi di chiusura"},"image":{"@id":"https:\/\/www.omrserrature.it\/fr\/#\/schema\/logo\/image\/"},"sameAs":["https:\/\/www.facebook.com\/OMRserrature","https:\/\/www.linkedin.com\/company\/omrserrature\/","https:\/\/www.youtube.com\/channel\/UCxmA85z2R0EpG_6IRokiAkg"]}]}},"_links":{"self":[{"href":"https:\/\/www.omrserrature.it\/fr\/wp-json\/wp\/v2\/product\/243664","targetHints":{"allow":["GET"]}}],"collection":[{"href":"https:\/\/www.omrserrature.it\/fr\/wp-json\/wp\/v2\/product"}],"about":[{"href":"https:\/\/www.omrserrature.it\/fr\/wp-json\/wp\/v2\/types\/product"}],"replies":[{"embeddable":true,"href":"https:\/\/www.omrserrature.it\/fr\/wp-json\/wp\/v2\/comments?post=243664"}],"wp:featuredmedia":[{"embeddable":true,"href":"https:\/\/www.omrserrature.it\/fr\/wp-json\/wp\/v2\/media\/243655"}],"wp:attachment":[{"href":"https:\/\/www.omrserrature.it\/fr\/wp-json\/wp\/v2\/media?parent=243664"}],"wp:term":[{"taxonomy":"product_brand","embeddable":true,"href":"https:\/\/www.omrserrature.it\/fr\/wp-json\/wp\/v2\/product_brand?post=243664"},{"taxonomy":"product_cat","embeddable":true,"href":"https:\/\/www.omrserrature.it\/fr\/wp-json\/wp\/v2\/product_cat?post=243664"},{"taxonomy":"product_tag","embeddable":true,"href":"https:\/\/www.omrserrature.it\/fr\/wp-json\/wp\/v2\/product_tag?post=243664"}],"curies":[{"name":"wp","href":"https:\/\/api.w.org\/{rel}","templated":true}]}}