{"id":243603,"date":"2025-04-23T10:45:04","date_gmt":"2025-04-23T08:45:04","guid":{"rendered":"https:\/\/www.staging6.omrserrature.it\/prodotto\/serrure-manuelle-pour-poubelle-carre-7-mm\/"},"modified":"2026-04-08T11:14:18","modified_gmt":"2026-04-08T09:14:18","slug":"serrure-manuelle-pour-poubelle-carre-7-mm","status":"publish","type":"product","link":"https:\/\/www.omrserrature.it\/fr\/produit\/serrure-manuelle-pour-poubelle-carre-7-mm\/","title":{"rendered":"Serrure manuelle pour poubelle &#8211; Carr\u00e9 7 mm"},"content":{"rendered":"<p>La <strong>serrure manuelle \u00e0 forme carr\u00e9e<\/strong> est enti\u00e8rement r\u00e9alis\u00e9e en m\u00e9tal moul\u00e9 sous pression avec un traitement galvanis\u00e9. Elle se distingue par la forme carr\u00e9e qui permet le mouvement du m\u00e9canisme interne, capable d&rsquo;engager et de d\u00e9sengager le crochet correspondant.  Gr\u00e2ce \u00e0 ses 4 trous de fixation et \u00e0 sa forme compacte, il s&rsquo;adapte facilement \u00e0 toutes les applications. Deux variantes sont disponibles : la serrure manuelle carr\u00e9e <strong>avec deux positions de verrouillage<\/strong> ouvert\/ferm\u00e9 et la serrure manuelle carr\u00e9e <strong>avec ressort de rappel.<\/strong><\/p>\n<p>La serrure peut \u00eatre \u00e9quip\u00e9e de crochets et d&rsquo;une plaque de fixation. Elle <strong>peut \u00e9galement \u00eatre fabriqu\u00e9e selon les plans du<\/strong> client afin de r\u00e9pondre aux exigences d&rsquo;une application sp\u00e9ciale. La manipulation peut se faire au moyen de cl\u00e9s \u00e0 douilles \u00e9cologiques, de cl\u00e9s \u00e0 douilles \u00e0 t\u00eate marteau ou de cl\u00e9s \u00e0 douilles \u00e0 t\u00eate ovale. <\/p>\n<p>La serrure est souvent utilis\u00e9e sur les <strong>bacs<\/strong> et les poubelles \u00e0 roulettes, les <strong>poubelles de mobilier urbain<\/strong> ou d&rsquo;autres conteneurs \u00e0 d\u00e9chets. Gr\u00e2ce \u00e0 sa fonction pratique de fermeture automatique, la serrure est \u00e9galement souvent utilis\u00e9e sur les bo\u00eetes \u00e0 fer et les trappes de visite. <\/p>\n<p>Elle ne convient pas aux bacs qui sont vid\u00e9s par des proc\u00e9d\u00e9s m\u00e9canis\u00e9s car elle ne s&rsquo;ouvre pas automatiquement lorsque le bac est bascul\u00e9. Si vous avez besoin d&rsquo;une serrure automatique, <a href=\"https:\/\/www.omrserrature.it\/catalogo-omr\/prodotti\/serrature\/serrature-ecologiche\/serrature-gravitazionali\/\">cliquez ici.<\/a> <\/p>\n","protected":false},"excerpt":{"rendered":"<p>La serrure pompiers manuelle \u00e0 empreinte carr\u00e9e est compacte, durable et facile \u00e0 installer gr\u00e2ce \u00e0 ses 4 trous de fixation. Enti\u00e8rement r\u00e9alis\u00e9e en m\u00e9tal moul\u00e9 sous pression galvanis\u00e9, elle est disponible en deux variantes : avec verrouillage \u00e0 deux positions ou avec retour \u00e0 ressort. Parfaite pour les bacs, corbeilles et poubelles, elle est compatible avec diff\u00e9rentes cl\u00e9s \u00e0 douille. Il n&rsquo;est pas adapt\u00e9 \u00e0 la vidange m\u00e9canis\u00e9e. Disponible \u00e9galement en version personnalis\u00e9e.    <\/p>\n","protected":false},"featured_media":243604,"comment_status":"closed","ping_status":"closed","template":"","meta":{"_acf_changed":false,"_et_pb_use_builder":"","_et_pb_old_content":"","_et_gb_content_width":""},"product_brand":[],"product_cat":[3752,3687,3649,3639,3681,3695,3655],"product_tag":[],"class_list":{"0":"post-243603","1":"product","2":"type-product","3":"status-publish","4":"has-post-thumbnail","6":"product_cat-recyclage-ecologique-recyclage-des-dechets","7":"product_cat-serrures-a-came","8":"product_cat-serrures-a-crochet","9":"product_cat-serrures-avec-ressort-de-rappel","10":"product_cat-serrures-manuelles-pour-les-bacs-a-ordures","11":"product_cat-serrures-pour-bacs-a-ordures-2","12":"product_cat-serrures-pour-bacs-a-ordures","14":"first","15":"instock","16":"shipping-taxable","17":"product-type-simple"},"acf":{"pdf1":"https:\/\/www.omrserrature.it\/wp-content\/uploads\/2025\/04\/Scheda-165873.pdf"},"yoast_head":"<!-- This site is optimized with the Yoast SEO plugin v27.2 - https:\/\/yoast.com\/product\/yoast-seo-wordpress\/ -->\n<title>Serrure manuelle pour poubelle - Carr\u00e9 7 mm - OMR Serrature<\/title>\n<meta name=\"robots\" content=\"index, follow, max-snippet:-1, max-image-preview:large, max-video-preview:-1\" \/>\n<link rel=\"canonical\" href=\"https:\/\/www.omrserrature.it\/fr\/produit\/serrure-manuelle-pour-poubelle-carre-7-mm\/\" \/>\n<meta property=\"og:locale\" content=\"fr_FR\" \/>\n<meta property=\"og:type\" content=\"article\" \/>\n<meta property=\"og:title\" content=\"Serrure manuelle pour poubelle - Carr\u00e9 7 mm - OMR Serrature\" \/>\n<meta property=\"og:description\" content=\"La serrure pompiers manuelle \u00e0 empreinte carr\u00e9e est compacte, durable et facile \u00e0 installer gr\u00e2ce \u00e0 ses 4 trous de fixation. Enti\u00e8rement r\u00e9alis\u00e9e en m\u00e9tal moul\u00e9 sous pression galvanis\u00e9, elle est disponible en deux variantes : avec verrouillage \u00e0 deux positions ou avec retour \u00e0 ressort. Parfaite pour les bacs, corbeilles et poubelles, elle est compatible avec diff\u00e9rentes cl\u00e9s \u00e0 douille. Il n&#039;est pas adapt\u00e9 \u00e0 la vidange m\u00e9canis\u00e9e. Disponible \u00e9galement en version personnalis\u00e9e.\" \/>\n<meta property=\"og:url\" content=\"https:\/\/www.omrserrature.it\/fr\/produit\/serrure-manuelle-pour-poubelle-carre-7-mm\/\" \/>\n<meta property=\"og:site_name\" content=\"OMR Serrature | Produzione sistemi di chiusura\" \/>\n<meta property=\"article:publisher\" content=\"https:\/\/www.facebook.com\/OMRserrature\" \/>\n<meta property=\"article:modified_time\" content=\"2026-04-08T09:14:18+00:00\" \/>\n<meta property=\"og:image\" content=\"https:\/\/www.omrserrature.it\/wp-content\/uploads\/2024\/07\/165873-web-scaled-1.jpg\" \/>\n\t<meta property=\"og:image:width\" content=\"1200\" \/>\n\t<meta property=\"og:image:height\" content=\"1200\" \/>\n\t<meta property=\"og:image:type\" content=\"image\/jpeg\" \/>\n<meta name=\"twitter:card\" content=\"summary_large_image\" \/>\n<meta name=\"twitter:label1\" content=\"Dur\u00e9e de lecture estim\u00e9e\" \/>\n\t<meta name=\"twitter:data1\" content=\"1 minute\" \/>\n<script type=\"application\/ld+json\" class=\"yoast-schema-graph\">{\"@context\":\"https:\/\/schema.org\",\"@graph\":[{\"@type\":\"WebPage\",\"@id\":\"https:\/\/www.omrserrature.it\/fr\/produit\/serrure-manuelle-pour-poubelle-carre-7-mm\/\",\"url\":\"https:\/\/www.omrserrature.it\/fr\/produit\/serrure-manuelle-pour-poubelle-carre-7-mm\/\",\"name\":\"Serrure manuelle pour poubelle - Carr\u00e9 7 mm - OMR Serrature\",\"isPartOf\":{\"@id\":\"https:\/\/www.omrserrature.it\/fr\/#website\"},\"primaryImageOfPage\":{\"@id\":\"https:\/\/www.omrserrature.it\/fr\/produit\/serrure-manuelle-pour-poubelle-carre-7-mm\/#primaryimage\"},\"image\":{\"@id\":\"https:\/\/www.omrserrature.it\/fr\/produit\/serrure-manuelle-pour-poubelle-carre-7-mm\/#primaryimage\"},\"thumbnailUrl\":\"https:\/\/www.omrserrature.it\/wp-content\/uploads\/2024\/07\/165873-web-scaled-1.jpg\",\"datePublished\":\"2025-04-23T08:45:04+00:00\",\"dateModified\":\"2026-04-08T09:14:18+00:00\",\"breadcrumb\":{\"@id\":\"https:\/\/www.omrserrature.it\/fr\/produit\/serrure-manuelle-pour-poubelle-carre-7-mm\/#breadcrumb\"},\"inLanguage\":\"fr-FR\",\"potentialAction\":[{\"@type\":\"ReadAction\",\"target\":[\"https:\/\/www.omrserrature.it\/fr\/produit\/serrure-manuelle-pour-poubelle-carre-7-mm\/\"]}]},{\"@type\":\"ImageObject\",\"inLanguage\":\"fr-FR\",\"@id\":\"https:\/\/www.omrserrature.it\/fr\/produit\/serrure-manuelle-pour-poubelle-carre-7-mm\/#primaryimage\",\"url\":\"https:\/\/www.omrserrature.it\/wp-content\/uploads\/2024\/07\/165873-web-scaled-1.jpg\",\"contentUrl\":\"https:\/\/www.omrserrature.it\/wp-content\/uploads\/2024\/07\/165873-web-scaled-1.jpg\",\"width\":1200,\"height\":1200,\"caption\":\"165873- Serrure manuelle de bacs \u00e0 ordure - non gravitationnelle\"},{\"@type\":\"BreadcrumbList\",\"@id\":\"https:\/\/www.omrserrature.it\/fr\/produit\/serrure-manuelle-pour-poubelle-carre-7-mm\/#breadcrumb\",\"itemListElement\":[{\"@type\":\"ListItem\",\"position\":1,\"name\":\"Home\",\"item\":\"https:\/\/www.omrserrature.it\/fr\/omr-serrures-et-systemes-de-verrouillage\/\"},{\"@type\":\"ListItem\",\"position\":2,\"name\":\"Catalogue\",\"item\":\"https:\/\/www.omrserrature.it\/catalogue\/?lang=fr\"},{\"@type\":\"ListItem\",\"position\":3,\"name\":\"Applications\",\"item\":\"https:\/\/www.omrserrature.it\/fr\/catalogue\/applications\/\"},{\"@type\":\"ListItem\",\"position\":4,\"name\":\"Serrures pour bacs \u00e0 ordures\",\"item\":\"https:\/\/www.omrserrature.it\/fr\/catalogue\/applications\/serrures-pour-bacs-a-ordures-2\/\"},{\"@type\":\"ListItem\",\"position\":5,\"name\":\"Serrure manuelle pour poubelle &#8211; Carr\u00e9 7 mm\"}]},{\"@type\":\"WebSite\",\"@id\":\"https:\/\/www.omrserrature.it\/fr\/#website\",\"url\":\"https:\/\/www.omrserrature.it\/fr\/\",\"name\":\"OMR Serrature | Produzione sistemi di chiusura\",\"description\":\"Produzione serrature di sicurezza e sistemi di chiusura\",\"publisher\":{\"@id\":\"https:\/\/www.omrserrature.it\/fr\/#organization\"},\"potentialAction\":[{\"@type\":\"SearchAction\",\"target\":{\"@type\":\"EntryPoint\",\"urlTemplate\":\"https:\/\/www.omrserrature.it\/fr\/?s={search_term_string}\"},\"query-input\":{\"@type\":\"PropertyValueSpecification\",\"valueRequired\":true,\"valueName\":\"search_term_string\"}}],\"inLanguage\":\"fr-FR\"},{\"@type\":\"Organization\",\"@id\":\"https:\/\/www.omrserrature.it\/fr\/#organization\",\"name\":\"OMR Serrature | Produzione sistemi di chiusura\",\"url\":\"https:\/\/www.omrserrature.it\/fr\/\",\"logo\":{\"@type\":\"ImageObject\",\"inLanguage\":\"fr-FR\",\"@id\":\"https:\/\/www.omrserrature.it\/fr\/#\/schema\/logo\/image\/\",\"url\":\"https:\/\/www.omrserrature.it\/wp-content\/uploads\/2017\/09\/favicon-omr-114.png\",\"contentUrl\":\"https:\/\/www.omrserrature.it\/wp-content\/uploads\/2017\/09\/favicon-omr-114.png\",\"width\":114,\"height\":114,\"caption\":\"OMR Serrature | Produzione sistemi di chiusura\"},\"image\":{\"@id\":\"https:\/\/www.omrserrature.it\/fr\/#\/schema\/logo\/image\/\"},\"sameAs\":[\"https:\/\/www.facebook.com\/OMRserrature\",\"https:\/\/www.linkedin.com\/company\/omrserrature\/\",\"https:\/\/www.youtube.com\/channel\/UCxmA85z2R0EpG_6IRokiAkg\"]}]}<\/script>\n<!-- \/ Yoast SEO plugin. -->","yoast_head_json":{"title":"Serrure manuelle pour poubelle - Carr\u00e9 7 mm - OMR Serrature","robots":{"index":"index","follow":"follow","max-snippet":"max-snippet:-1","max-image-preview":"max-image-preview:large","max-video-preview":"max-video-preview:-1"},"canonical":"https:\/\/www.omrserrature.it\/fr\/produit\/serrure-manuelle-pour-poubelle-carre-7-mm\/","og_locale":"fr_FR","og_type":"article","og_title":"Serrure manuelle pour poubelle - Carr\u00e9 7 mm - OMR Serrature","og_description":"La serrure pompiers manuelle \u00e0 empreinte carr\u00e9e est compacte, durable et facile \u00e0 installer gr\u00e2ce \u00e0 ses 4 trous de fixation. Enti\u00e8rement r\u00e9alis\u00e9e en m\u00e9tal moul\u00e9 sous pression galvanis\u00e9, elle est disponible en deux variantes : avec verrouillage \u00e0 deux positions ou avec retour \u00e0 ressort. Parfaite pour les bacs, corbeilles et poubelles, elle est compatible avec diff\u00e9rentes cl\u00e9s \u00e0 douille. Il n'est pas adapt\u00e9 \u00e0 la vidange m\u00e9canis\u00e9e. Disponible \u00e9galement en version personnalis\u00e9e.","og_url":"https:\/\/www.omrserrature.it\/fr\/produit\/serrure-manuelle-pour-poubelle-carre-7-mm\/","og_site_name":"OMR Serrature | Produzione sistemi di chiusura","article_publisher":"https:\/\/www.facebook.com\/OMRserrature","article_modified_time":"2026-04-08T09:14:18+00:00","og_image":[{"width":1200,"height":1200,"url":"https:\/\/www.omrserrature.it\/wp-content\/uploads\/2024\/07\/165873-web-scaled-1.jpg","type":"image\/jpeg"}],"twitter_card":"summary_large_image","twitter_misc":{"Dur\u00e9e de lecture estim\u00e9e":"1 minute"},"schema":{"@context":"https:\/\/schema.org","@graph":[{"@type":"WebPage","@id":"https:\/\/www.omrserrature.it\/fr\/produit\/serrure-manuelle-pour-poubelle-carre-7-mm\/","url":"https:\/\/www.omrserrature.it\/fr\/produit\/serrure-manuelle-pour-poubelle-carre-7-mm\/","name":"Serrure manuelle pour poubelle - Carr\u00e9 7 mm - OMR Serrature","isPartOf":{"@id":"https:\/\/www.omrserrature.it\/fr\/#website"},"primaryImageOfPage":{"@id":"https:\/\/www.omrserrature.it\/fr\/produit\/serrure-manuelle-pour-poubelle-carre-7-mm\/#primaryimage"},"image":{"@id":"https:\/\/www.omrserrature.it\/fr\/produit\/serrure-manuelle-pour-poubelle-carre-7-mm\/#primaryimage"},"thumbnailUrl":"https:\/\/www.omrserrature.it\/wp-content\/uploads\/2024\/07\/165873-web-scaled-1.jpg","datePublished":"2025-04-23T08:45:04+00:00","dateModified":"2026-04-08T09:14:18+00:00","breadcrumb":{"@id":"https:\/\/www.omrserrature.it\/fr\/produit\/serrure-manuelle-pour-poubelle-carre-7-mm\/#breadcrumb"},"inLanguage":"fr-FR","potentialAction":[{"@type":"ReadAction","target":["https:\/\/www.omrserrature.it\/fr\/produit\/serrure-manuelle-pour-poubelle-carre-7-mm\/"]}]},{"@type":"ImageObject","inLanguage":"fr-FR","@id":"https:\/\/www.omrserrature.it\/fr\/produit\/serrure-manuelle-pour-poubelle-carre-7-mm\/#primaryimage","url":"https:\/\/www.omrserrature.it\/wp-content\/uploads\/2024\/07\/165873-web-scaled-1.jpg","contentUrl":"https:\/\/www.omrserrature.it\/wp-content\/uploads\/2024\/07\/165873-web-scaled-1.jpg","width":1200,"height":1200,"caption":"165873- Serrure manuelle de bacs \u00e0 ordure - non gravitationnelle"},{"@type":"BreadcrumbList","@id":"https:\/\/www.omrserrature.it\/fr\/produit\/serrure-manuelle-pour-poubelle-carre-7-mm\/#breadcrumb","itemListElement":[{"@type":"ListItem","position":1,"name":"Home","item":"https:\/\/www.omrserrature.it\/fr\/omr-serrures-et-systemes-de-verrouillage\/"},{"@type":"ListItem","position":2,"name":"Catalogue","item":"https:\/\/www.omrserrature.it\/catalogue\/?lang=fr"},{"@type":"ListItem","position":3,"name":"Applications","item":"https:\/\/www.omrserrature.it\/fr\/catalogue\/applications\/"},{"@type":"ListItem","position":4,"name":"Serrures pour bacs \u00e0 ordures","item":"https:\/\/www.omrserrature.it\/fr\/catalogue\/applications\/serrures-pour-bacs-a-ordures-2\/"},{"@type":"ListItem","position":5,"name":"Serrure manuelle pour poubelle &#8211; Carr\u00e9 7 mm"}]},{"@type":"WebSite","@id":"https:\/\/www.omrserrature.it\/fr\/#website","url":"https:\/\/www.omrserrature.it\/fr\/","name":"OMR Serrature | Produzione sistemi di chiusura","description":"Produzione serrature di sicurezza e sistemi di chiusura","publisher":{"@id":"https:\/\/www.omrserrature.it\/fr\/#organization"},"potentialAction":[{"@type":"SearchAction","target":{"@type":"EntryPoint","urlTemplate":"https:\/\/www.omrserrature.it\/fr\/?s={search_term_string}"},"query-input":{"@type":"PropertyValueSpecification","valueRequired":true,"valueName":"search_term_string"}}],"inLanguage":"fr-FR"},{"@type":"Organization","@id":"https:\/\/www.omrserrature.it\/fr\/#organization","name":"OMR Serrature | Produzione sistemi di chiusura","url":"https:\/\/www.omrserrature.it\/fr\/","logo":{"@type":"ImageObject","inLanguage":"fr-FR","@id":"https:\/\/www.omrserrature.it\/fr\/#\/schema\/logo\/image\/","url":"https:\/\/www.omrserrature.it\/wp-content\/uploads\/2017\/09\/favicon-omr-114.png","contentUrl":"https:\/\/www.omrserrature.it\/wp-content\/uploads\/2017\/09\/favicon-omr-114.png","width":114,"height":114,"caption":"OMR Serrature | Produzione sistemi di chiusura"},"image":{"@id":"https:\/\/www.omrserrature.it\/fr\/#\/schema\/logo\/image\/"},"sameAs":["https:\/\/www.facebook.com\/OMRserrature","https:\/\/www.linkedin.com\/company\/omrserrature\/","https:\/\/www.youtube.com\/channel\/UCxmA85z2R0EpG_6IRokiAkg"]}]}},"_links":{"self":[{"href":"https:\/\/www.omrserrature.it\/fr\/wp-json\/wp\/v2\/product\/243603","targetHints":{"allow":["GET"]}}],"collection":[{"href":"https:\/\/www.omrserrature.it\/fr\/wp-json\/wp\/v2\/product"}],"about":[{"href":"https:\/\/www.omrserrature.it\/fr\/wp-json\/wp\/v2\/types\/product"}],"replies":[{"embeddable":true,"href":"https:\/\/www.omrserrature.it\/fr\/wp-json\/wp\/v2\/comments?post=243603"}],"wp:featuredmedia":[{"embeddable":true,"href":"https:\/\/www.omrserrature.it\/fr\/wp-json\/wp\/v2\/media\/243604"}],"wp:attachment":[{"href":"https:\/\/www.omrserrature.it\/fr\/wp-json\/wp\/v2\/media?parent=243603"}],"wp:term":[{"taxonomy":"product_brand","embeddable":true,"href":"https:\/\/www.omrserrature.it\/fr\/wp-json\/wp\/v2\/product_brand?post=243603"},{"taxonomy":"product_cat","embeddable":true,"href":"https:\/\/www.omrserrature.it\/fr\/wp-json\/wp\/v2\/product_cat?post=243603"},{"taxonomy":"product_tag","embeddable":true,"href":"https:\/\/www.omrserrature.it\/fr\/wp-json\/wp\/v2\/product_tag?post=243603"}],"curies":[{"name":"wp","href":"https:\/\/api.w.org\/{rel}","templated":true}]}}