{"id":243506,"date":"2021-03-10T10:20:31","date_gmt":"2010-03-21T09:20:00","guid":{"rendered":"https:\/\/www.staging6.omrserrature.it\/prodotto\/cle-passe-partout-pour-les-serrures-a-gravitationnelles\/"},"modified":"2026-04-08T11:33:22","modified_gmt":"2026-04-08T09:33:22","slug":"cle-passe-partout-pour-les-serrures-a-gravitationnelles","status":"publish","type":"product","link":"https:\/\/www.omrserrature.it\/fr\/produit\/cle-passe-partout-pour-les-serrures-a-gravitationnelles\/","title":{"rendered":"Cl\u00e9 passe-partout pour les serrures \u00e0 gravitationnelles"},"content":{"rendered":"<p><strong>Cl\u00e9 passe-partout <\/strong>en laiton pour serrure \u00e0 gravitation (automatique), utilis\u00e9e dans le secteur \u00e9cologique pour la fermeture des bacs \u00e0 d\u00e9chets.<\/p>\n","protected":false},"excerpt":{"rendered":"<p>Cl\u00e9 passe-partout en laiton pour serrure \u00e0 gravitation (automatique), utilis\u00e9e dans le secteur \u00e9cologique pour la fermeture des bacs \u00e0 d\u00e9chets.<\/p>\n","protected":false},"featured_media":21502,"comment_status":"open","ping_status":"closed","template":"","meta":{"_acf_changed":false,"_et_pb_use_builder":"","_et_pb_old_content":"","_et_gb_content_width":""},"product_brand":[],"product_cat":[3680,3671],"product_tag":[],"class_list":{"0":"post-243506","1":"product","2":"type-product","3":"status-publish","4":"has-post-thumbnail","6":"product_cat-accessoires-et-pieces-de-rechange-pour-les-serrures-a-gravitationnelles","7":"product_cat-cles","9":"first","10":"instock","11":"shipping-taxable","12":"product-type-simple"},"acf":{"pdf1":false},"yoast_head":"<!-- This site is optimized with the Yoast SEO plugin v27.2 - https:\/\/yoast.com\/product\/yoast-seo-wordpress\/ -->\n<title>Cl\u00e9 passe-partout pour les serrures \u00e0 gravitationnelles - OMR Serrature<\/title>\n<meta name=\"description\" content=\"Cl\u00e9 passe-partout en laiton pour serrure \u00e0 gravitation (automatique) pour bacs \u00e0 deux et quatre roues. Cl\u00e9 r\u00e9versible.\" \/>\n<meta name=\"robots\" content=\"index, follow, max-snippet:-1, max-image-preview:large, max-video-preview:-1\" \/>\n<link rel=\"canonical\" href=\"https:\/\/www.omrserrature.it\/fr\/produit\/cle-passe-partout-pour-les-serrures-a-gravitationnelles\/\" \/>\n<meta property=\"og:locale\" content=\"fr_FR\" \/>\n<meta property=\"og:type\" content=\"article\" \/>\n<meta property=\"og:title\" content=\"Cl\u00e9 passe-partout pour les serrures \u00e0 gravitationnelles - OMR Serrature\" \/>\n<meta property=\"og:description\" content=\"Cl\u00e9 passe-partout en laiton pour serrure \u00e0 gravitation (automatique) pour bacs \u00e0 deux et quatre roues. Cl\u00e9 r\u00e9versible.\" \/>\n<meta property=\"og:url\" content=\"https:\/\/www.omrserrature.it\/fr\/produit\/cle-passe-partout-pour-les-serrures-a-gravitationnelles\/\" \/>\n<meta property=\"og:site_name\" content=\"OMR Serrature | Produzione sistemi di chiusura\" \/>\n<meta property=\"article:publisher\" content=\"https:\/\/www.facebook.com\/OMRserrature\" \/>\n<meta property=\"article:modified_time\" content=\"2026-04-08T09:33:22+00:00\" \/>\n<meta property=\"og:image\" content=\"https:\/\/www.omrserrature.it\/wp-content\/uploads\/2021\/03\/Chiave-passe-partout-2.jpg\" \/>\n\t<meta property=\"og:image:width\" content=\"1000\" \/>\n\t<meta property=\"og:image:height\" content=\"1000\" \/>\n\t<meta property=\"og:image:type\" content=\"image\/jpeg\" \/>\n<meta name=\"twitter:card\" content=\"summary_large_image\" \/>\n<script type=\"application\/ld+json\" class=\"yoast-schema-graph\">{\"@context\":\"https:\/\/schema.org\",\"@graph\":[{\"@type\":\"WebPage\",\"@id\":\"https:\/\/www.omrserrature.it\/fr\/produit\/cle-passe-partout-pour-les-serrures-a-gravitationnelles\/\",\"url\":\"https:\/\/www.omrserrature.it\/fr\/produit\/cle-passe-partout-pour-les-serrures-a-gravitationnelles\/\",\"name\":\"Cl\u00e9 passe-partout pour les serrures \u00e0 gravitationnelles - OMR Serrature\",\"isPartOf\":{\"@id\":\"https:\/\/www.omrserrature.it\/fr\/#website\"},\"primaryImageOfPage\":{\"@id\":\"https:\/\/www.omrserrature.it\/fr\/produit\/cle-passe-partout-pour-les-serrures-a-gravitationnelles\/#primaryimage\"},\"image\":{\"@id\":\"https:\/\/www.omrserrature.it\/fr\/produit\/cle-passe-partout-pour-les-serrures-a-gravitationnelles\/#primaryimage\"},\"thumbnailUrl\":\"https:\/\/www.omrserrature.it\/wp-content\/uploads\/2021\/03\/Chiave-passe-partout-2.jpg\",\"datePublished\":\"2010-03-21T09:20:00+00:00\",\"dateModified\":\"2026-04-08T09:33:22+00:00\",\"description\":\"Cl\u00e9 passe-partout en laiton pour serrure \u00e0 gravitation (automatique) pour bacs \u00e0 deux et quatre roues. Cl\u00e9 r\u00e9versible.\",\"breadcrumb\":{\"@id\":\"https:\/\/www.omrserrature.it\/fr\/produit\/cle-passe-partout-pour-les-serrures-a-gravitationnelles\/#breadcrumb\"},\"inLanguage\":\"fr-FR\",\"potentialAction\":[{\"@type\":\"ReadAction\",\"target\":[\"https:\/\/www.omrserrature.it\/fr\/produit\/cle-passe-partout-pour-les-serrures-a-gravitationnelles\/\"]}]},{\"@type\":\"ImageObject\",\"inLanguage\":\"fr-FR\",\"@id\":\"https:\/\/www.omrserrature.it\/fr\/produit\/cle-passe-partout-pour-les-serrures-a-gravitationnelles\/#primaryimage\",\"url\":\"https:\/\/www.omrserrature.it\/wp-content\/uploads\/2021\/03\/Chiave-passe-partout-2.jpg\",\"contentUrl\":\"https:\/\/www.omrserrature.it\/wp-content\/uploads\/2021\/03\/Chiave-passe-partout-2.jpg\",\"width\":1000,\"height\":1000,\"caption\":\"Passe-partout -SCHD02001-2200 - Serrures gravitationnelles\"},{\"@type\":\"BreadcrumbList\",\"@id\":\"https:\/\/www.omrserrature.it\/fr\/produit\/cle-passe-partout-pour-les-serrures-a-gravitationnelles\/#breadcrumb\",\"itemListElement\":[{\"@type\":\"ListItem\",\"position\":1,\"name\":\"Home\",\"item\":\"https:\/\/www.omrserrature.it\/fr\/omr-serrures-et-systemes-de-verrouillage\/\"},{\"@type\":\"ListItem\",\"position\":2,\"name\":\"Catalogue\",\"item\":\"https:\/\/www.omrserrature.it\/catalogue\/?lang=fr\"},{\"@type\":\"ListItem\",\"position\":3,\"name\":\"Produits\",\"item\":\"https:\/\/www.omrserrature.it\/fr\/catalogue\/produits\/\"},{\"@type\":\"ListItem\",\"position\":4,\"name\":\"Accessoires et pi\u00e8ces d\u00e9tach\u00e9es\",\"item\":\"https:\/\/www.omrserrature.it\/fr\/catalogue\/produits\/accessoires-et-pieces-detachees\/\"},{\"@type\":\"ListItem\",\"position\":5,\"name\":\"Cl\u00e9s\",\"item\":\"https:\/\/www.omrserrature.it\/fr\/catalogue\/produits\/accessoires-et-pieces-detachees\/cles\/\"},{\"@type\":\"ListItem\",\"position\":6,\"name\":\"Cl\u00e9 passe-partout pour les serrures \u00e0 gravitationnelles\"}]},{\"@type\":\"WebSite\",\"@id\":\"https:\/\/www.omrserrature.it\/fr\/#website\",\"url\":\"https:\/\/www.omrserrature.it\/fr\/\",\"name\":\"OMR Serrature | Produzione sistemi di chiusura\",\"description\":\"Produzione serrature di sicurezza e sistemi di chiusura\",\"publisher\":{\"@id\":\"https:\/\/www.omrserrature.it\/fr\/#organization\"},\"potentialAction\":[{\"@type\":\"SearchAction\",\"target\":{\"@type\":\"EntryPoint\",\"urlTemplate\":\"https:\/\/www.omrserrature.it\/fr\/?s={search_term_string}\"},\"query-input\":{\"@type\":\"PropertyValueSpecification\",\"valueRequired\":true,\"valueName\":\"search_term_string\"}}],\"inLanguage\":\"fr-FR\"},{\"@type\":\"Organization\",\"@id\":\"https:\/\/www.omrserrature.it\/fr\/#organization\",\"name\":\"OMR Serrature | Produzione sistemi di chiusura\",\"url\":\"https:\/\/www.omrserrature.it\/fr\/\",\"logo\":{\"@type\":\"ImageObject\",\"inLanguage\":\"fr-FR\",\"@id\":\"https:\/\/www.omrserrature.it\/fr\/#\/schema\/logo\/image\/\",\"url\":\"https:\/\/www.omrserrature.it\/wp-content\/uploads\/2017\/09\/favicon-omr-114.png\",\"contentUrl\":\"https:\/\/www.omrserrature.it\/wp-content\/uploads\/2017\/09\/favicon-omr-114.png\",\"width\":114,\"height\":114,\"caption\":\"OMR Serrature | Produzione sistemi di chiusura\"},\"image\":{\"@id\":\"https:\/\/www.omrserrature.it\/fr\/#\/schema\/logo\/image\/\"},\"sameAs\":[\"https:\/\/www.facebook.com\/OMRserrature\",\"https:\/\/www.linkedin.com\/company\/omrserrature\/\",\"https:\/\/www.youtube.com\/channel\/UCxmA85z2R0EpG_6IRokiAkg\"]}]}<\/script>\n<!-- \/ Yoast SEO plugin. -->","yoast_head_json":{"title":"Cl\u00e9 passe-partout pour les serrures \u00e0 gravitationnelles - OMR Serrature","description":"Cl\u00e9 passe-partout en laiton pour serrure \u00e0 gravitation (automatique) pour bacs \u00e0 deux et quatre roues. Cl\u00e9 r\u00e9versible.","robots":{"index":"index","follow":"follow","max-snippet":"max-snippet:-1","max-image-preview":"max-image-preview:large","max-video-preview":"max-video-preview:-1"},"canonical":"https:\/\/www.omrserrature.it\/fr\/produit\/cle-passe-partout-pour-les-serrures-a-gravitationnelles\/","og_locale":"fr_FR","og_type":"article","og_title":"Cl\u00e9 passe-partout pour les serrures \u00e0 gravitationnelles - OMR Serrature","og_description":"Cl\u00e9 passe-partout en laiton pour serrure \u00e0 gravitation (automatique) pour bacs \u00e0 deux et quatre roues. Cl\u00e9 r\u00e9versible.","og_url":"https:\/\/www.omrserrature.it\/fr\/produit\/cle-passe-partout-pour-les-serrures-a-gravitationnelles\/","og_site_name":"OMR Serrature | Produzione sistemi di chiusura","article_publisher":"https:\/\/www.facebook.com\/OMRserrature","article_modified_time":"2026-04-08T09:33:22+00:00","og_image":[{"width":1000,"height":1000,"url":"https:\/\/www.omrserrature.it\/wp-content\/uploads\/2021\/03\/Chiave-passe-partout-2.jpg","type":"image\/jpeg"}],"twitter_card":"summary_large_image","schema":{"@context":"https:\/\/schema.org","@graph":[{"@type":"WebPage","@id":"https:\/\/www.omrserrature.it\/fr\/produit\/cle-passe-partout-pour-les-serrures-a-gravitationnelles\/","url":"https:\/\/www.omrserrature.it\/fr\/produit\/cle-passe-partout-pour-les-serrures-a-gravitationnelles\/","name":"Cl\u00e9 passe-partout pour les serrures \u00e0 gravitationnelles - OMR Serrature","isPartOf":{"@id":"https:\/\/www.omrserrature.it\/fr\/#website"},"primaryImageOfPage":{"@id":"https:\/\/www.omrserrature.it\/fr\/produit\/cle-passe-partout-pour-les-serrures-a-gravitationnelles\/#primaryimage"},"image":{"@id":"https:\/\/www.omrserrature.it\/fr\/produit\/cle-passe-partout-pour-les-serrures-a-gravitationnelles\/#primaryimage"},"thumbnailUrl":"https:\/\/www.omrserrature.it\/wp-content\/uploads\/2021\/03\/Chiave-passe-partout-2.jpg","datePublished":"2010-03-21T09:20:00+00:00","dateModified":"2026-04-08T09:33:22+00:00","description":"Cl\u00e9 passe-partout en laiton pour serrure \u00e0 gravitation (automatique) pour bacs \u00e0 deux et quatre roues. Cl\u00e9 r\u00e9versible.","breadcrumb":{"@id":"https:\/\/www.omrserrature.it\/fr\/produit\/cle-passe-partout-pour-les-serrures-a-gravitationnelles\/#breadcrumb"},"inLanguage":"fr-FR","potentialAction":[{"@type":"ReadAction","target":["https:\/\/www.omrserrature.it\/fr\/produit\/cle-passe-partout-pour-les-serrures-a-gravitationnelles\/"]}]},{"@type":"ImageObject","inLanguage":"fr-FR","@id":"https:\/\/www.omrserrature.it\/fr\/produit\/cle-passe-partout-pour-les-serrures-a-gravitationnelles\/#primaryimage","url":"https:\/\/www.omrserrature.it\/wp-content\/uploads\/2021\/03\/Chiave-passe-partout-2.jpg","contentUrl":"https:\/\/www.omrserrature.it\/wp-content\/uploads\/2021\/03\/Chiave-passe-partout-2.jpg","width":1000,"height":1000,"caption":"Passe-partout -SCHD02001-2200 - Serrures gravitationnelles"},{"@type":"BreadcrumbList","@id":"https:\/\/www.omrserrature.it\/fr\/produit\/cle-passe-partout-pour-les-serrures-a-gravitationnelles\/#breadcrumb","itemListElement":[{"@type":"ListItem","position":1,"name":"Home","item":"https:\/\/www.omrserrature.it\/fr\/omr-serrures-et-systemes-de-verrouillage\/"},{"@type":"ListItem","position":2,"name":"Catalogue","item":"https:\/\/www.omrserrature.it\/catalogue\/?lang=fr"},{"@type":"ListItem","position":3,"name":"Produits","item":"https:\/\/www.omrserrature.it\/fr\/catalogue\/produits\/"},{"@type":"ListItem","position":4,"name":"Accessoires et pi\u00e8ces d\u00e9tach\u00e9es","item":"https:\/\/www.omrserrature.it\/fr\/catalogue\/produits\/accessoires-et-pieces-detachees\/"},{"@type":"ListItem","position":5,"name":"Cl\u00e9s","item":"https:\/\/www.omrserrature.it\/fr\/catalogue\/produits\/accessoires-et-pieces-detachees\/cles\/"},{"@type":"ListItem","position":6,"name":"Cl\u00e9 passe-partout pour les serrures \u00e0 gravitationnelles"}]},{"@type":"WebSite","@id":"https:\/\/www.omrserrature.it\/fr\/#website","url":"https:\/\/www.omrserrature.it\/fr\/","name":"OMR Serrature | Produzione sistemi di chiusura","description":"Produzione serrature di sicurezza e sistemi di chiusura","publisher":{"@id":"https:\/\/www.omrserrature.it\/fr\/#organization"},"potentialAction":[{"@type":"SearchAction","target":{"@type":"EntryPoint","urlTemplate":"https:\/\/www.omrserrature.it\/fr\/?s={search_term_string}"},"query-input":{"@type":"PropertyValueSpecification","valueRequired":true,"valueName":"search_term_string"}}],"inLanguage":"fr-FR"},{"@type":"Organization","@id":"https:\/\/www.omrserrature.it\/fr\/#organization","name":"OMR Serrature | Produzione sistemi di chiusura","url":"https:\/\/www.omrserrature.it\/fr\/","logo":{"@type":"ImageObject","inLanguage":"fr-FR","@id":"https:\/\/www.omrserrature.it\/fr\/#\/schema\/logo\/image\/","url":"https:\/\/www.omrserrature.it\/wp-content\/uploads\/2017\/09\/favicon-omr-114.png","contentUrl":"https:\/\/www.omrserrature.it\/wp-content\/uploads\/2017\/09\/favicon-omr-114.png","width":114,"height":114,"caption":"OMR Serrature | Produzione sistemi di chiusura"},"image":{"@id":"https:\/\/www.omrserrature.it\/fr\/#\/schema\/logo\/image\/"},"sameAs":["https:\/\/www.facebook.com\/OMRserrature","https:\/\/www.linkedin.com\/company\/omrserrature\/","https:\/\/www.youtube.com\/channel\/UCxmA85z2R0EpG_6IRokiAkg"]}]}},"_links":{"self":[{"href":"https:\/\/www.omrserrature.it\/fr\/wp-json\/wp\/v2\/product\/243506","targetHints":{"allow":["GET"]}}],"collection":[{"href":"https:\/\/www.omrserrature.it\/fr\/wp-json\/wp\/v2\/product"}],"about":[{"href":"https:\/\/www.omrserrature.it\/fr\/wp-json\/wp\/v2\/types\/product"}],"replies":[{"embeddable":true,"href":"https:\/\/www.omrserrature.it\/fr\/wp-json\/wp\/v2\/comments?post=243506"}],"wp:featuredmedia":[{"embeddable":true,"href":"https:\/\/www.omrserrature.it\/fr\/wp-json\/wp\/v2\/media\/21502"}],"wp:attachment":[{"href":"https:\/\/www.omrserrature.it\/fr\/wp-json\/wp\/v2\/media?parent=243506"}],"wp:term":[{"taxonomy":"product_brand","embeddable":true,"href":"https:\/\/www.omrserrature.it\/fr\/wp-json\/wp\/v2\/product_brand?post=243506"},{"taxonomy":"product_cat","embeddable":true,"href":"https:\/\/www.omrserrature.it\/fr\/wp-json\/wp\/v2\/product_cat?post=243506"},{"taxonomy":"product_tag","embeddable":true,"href":"https:\/\/www.omrserrature.it\/fr\/wp-json\/wp\/v2\/product_tag?post=243506"}],"curies":[{"name":"wp","href":"https:\/\/api.w.org\/{rel}","templated":true}]}}