{"id":243394,"date":"2017-10-16T08:51:40","date_gmt":"2016-10-17T06:51:00","guid":{"rendered":"https:\/\/www.staging6.omrserrature.it\/prodotto\/serrure-batteuse-avec-came-a-deux-points-pour-tringles-haut-bas\/"},"modified":"2026-04-08T12:46:58","modified_gmt":"2026-04-08T10:46:58","slug":"serrure-batteuse-avec-came-a-deux-points-pour-tringles-haut-bas","status":"publish","type":"product","link":"https:\/\/www.omrserrature.it\/fr\/produit\/serrure-batteuse-avec-came-a-deux-points-pour-tringles-haut-bas\/","title":{"rendered":"Serrure batteuse avec came \u00e0 deux points pour tringles (haut\/bas)"},"content":{"rendered":"<p>La <strong>serrure universelle \u00e0 came avec m\u00e9canisme \u00e0 lamelles <\/strong>est une serrure utilis\u00e9e sur les portes d&rsquo;armoire \u00e0 tringles de translation (haut\/bas). La cl\u00e9 en laiton nickel\u00e9 actionne le rotor central \u00e0 lamelles situ\u00e9 \u00e0 l&rsquo;int\u00e9rieur d&rsquo;un bo\u00eetier en alliage de zinc appel\u00e9 stator, bague ou corps. Le diam\u00e8tre est frais\u00e9 sur deux c\u00f4t\u00e9s oppos\u00e9s (plaques lat\u00e9rales) afin d&#8217;emp\u00eacher la rotation de la came de verrouillage dans le bo\u00eetier. La position du <strong>came arri\u00e8re<\/strong> d\u00e9termine la fermeture ou l&rsquo;ouverture de la porte.   <\/p>\n<p>Le corps et le rotor de la serrure \u00e0 levier sont en alliage de zinc, tandis que le came est en acier. Le terminal dot\u00e9 d&rsquo;un connecteur Q7 standard (carr\u00e9 de 7 mm) permet d&rsquo;installer des cames multipoints pour d\u00e9placer les tringles de translation (vers le haut et vers le bas), ainsi que des commandes de fermeture de tiroirs.  Le <strong>corps<\/strong> enti\u00e8rement <strong>filet\u00e9<\/strong> permet une fixation avec un \u00e9crou, mais aussi \u00e0 l&rsquo;aide d&rsquo;une fourchette ou d&rsquo;un clip pour une<strong>installation rapide <\/strong><strong>sur des feuilles d&rsquo;acier, d&rsquo;aluminium ou de plastique<\/strong>.<\/p>\n<p>La serrure universelle \u00e0 came est id\u00e9ale pour \u00eatre install\u00e9e dans les meubles de bureau, les portes m\u00e9talliques, les volets, les produits de menuiserie, les bo\u00eetes en t\u00f4le, les syst\u00e8mes de distribution automatique et de lavage de voitures, les machines et les panneaux de commande.<\/p>\n","protected":false},"excerpt":{"rendered":"<p>La <strong>serrure universelle \u00e0 batteuse \u00e0 lamelles<\/strong>, appel\u00e9e amicalement cliquet, est une serrure utilis\u00e9e sur les portes hautes \u00e0 tringles de translation (haut\/bas). Le terminal permet d&rsquo;installer des cames multipoints pour d\u00e9placer les tringles de translation (haut et bas), ainsi que les cames \u00e0 tenon pour la fermeture des tiroirs. <\/p>\n","protected":false},"featured_media":243406,"comment_status":"open","ping_status":"closed","template":"","meta":{"_acf_changed":false,"_et_pb_use_builder":"","_et_pb_old_content":"","_et_gb_content_width":""},"product_brand":[],"product_cat":[3738,3726,3699,3638,3658,3691,3723,3693,3710,3709,3711,3714,3713,3712,3697,3690,3748],"product_tag":[],"class_list":{"0":"post-243394","1":"product","2":"type-product","3":"status-publish","4":"has-post-thumbnail","6":"product_cat-battant","7":"product_cat-des-serrures-pour-des-serrures","8":"product_cat-serrure-darmoire-conforme-au-reglement-gdpr","9":"product_cat-serrure-universelle-a-paillettes","10":"product_cat-serrures-a-passe-partout","11":"product_cat-serrures-darmoires","12":"product_cat-serrures-de-panneaux","13":"product_cat-serrures-de-securite","14":"product_cat-serrures-pour-armoires-a-epi","15":"product_cat-serrures-pour-armoires-a-substances-dangereuses","16":"product_cat-serrures-pour-armoires-de-balcon","17":"product_cat-serrures-pour-armoires-industrielles","18":"product_cat-serrures-pour-armoires-phytosanitaires","19":"product_cat-serrures-pour-casiers-a-skis","20":"product_cat-serrures-pour-meubles","21":"product_cat-serrures-professionnelles-pour-meubles","22":"product_cat-systemes-de-fermeture-pour-lindustrie","24":"first","25":"instock","26":"shipping-taxable","27":"purchasable","28":"product-type-variable"},"acf":{"pdf1":"https:\/\/www.omrserrature.it\/wp-content\/uploads\/2017\/10\/Scheda-165582.pdf"},"yoast_head":"<!-- This site is optimized with the Yoast SEO plugin v27.2 - https:\/\/yoast.com\/product\/yoast-seo-wordpress\/ -->\n<title>Serrure batteuse avec came \u00e0 deux points pour tringles (haut\/bas) - OMR Serrature<\/title>\n<meta name=\"robots\" content=\"index, follow, max-snippet:-1, max-image-preview:large, max-video-preview:-1\" \/>\n<link rel=\"canonical\" href=\"https:\/\/www.omrserrature.it\/fr\/produit\/serrure-batteuse-avec-came-a-deux-points-pour-tringles-haut-bas\/\" \/>\n<meta property=\"og:locale\" content=\"fr_FR\" \/>\n<meta property=\"og:type\" content=\"article\" \/>\n<meta property=\"og:title\" content=\"Serrure batteuse avec came \u00e0 deux points pour tringles (haut\/bas) - OMR Serrature\" \/>\n<meta property=\"og:description\" content=\"La serrure universelle \u00e0 batteuse \u00e0 lamelles, appel\u00e9e amicalement cliquet, est une serrure utilis\u00e9e sur les portes hautes \u00e0 tringles de translation (haut\/bas). Le terminal permet d&#039;installer des cames multipoints pour d\u00e9placer les tringles de translation (haut et bas), ainsi que les cames \u00e0 tenon pour la fermeture des tiroirs.\" \/>\n<meta property=\"og:url\" content=\"https:\/\/www.omrserrature.it\/fr\/produit\/serrure-batteuse-avec-came-a-deux-points-pour-tringles-haut-bas\/\" \/>\n<meta property=\"og:site_name\" content=\"OMR Serrature | Produzione sistemi di chiusura\" \/>\n<meta property=\"article:publisher\" content=\"https:\/\/www.facebook.com\/OMRserrature\" \/>\n<meta property=\"article:modified_time\" content=\"2026-04-08T10:46:58+00:00\" \/>\n<meta property=\"og:image\" content=\"https:\/\/www.omrserrature.it\/wp-content\/uploads\/2017\/10\/165582.jpg\" \/>\n\t<meta property=\"og:image:width\" content=\"1000\" \/>\n\t<meta property=\"og:image:height\" content=\"1000\" \/>\n\t<meta property=\"og:image:type\" content=\"image\/jpeg\" \/>\n<meta name=\"twitter:card\" content=\"summary_large_image\" \/>\n<meta name=\"twitter:label1\" content=\"Dur\u00e9e de lecture estim\u00e9e\" \/>\n\t<meta name=\"twitter:data1\" content=\"1 minute\" \/>\n<script type=\"application\/ld+json\" class=\"yoast-schema-graph\">{\"@context\":\"https:\/\/schema.org\",\"@graph\":[{\"@type\":\"WebPage\",\"@id\":\"https:\/\/www.omrserrature.it\/fr\/produit\/serrure-batteuse-avec-came-a-deux-points-pour-tringles-haut-bas\/\",\"url\":\"https:\/\/www.omrserrature.it\/fr\/produit\/serrure-batteuse-avec-came-a-deux-points-pour-tringles-haut-bas\/\",\"name\":\"Serrure batteuse avec came \u00e0 deux points pour tringles (haut\/bas) - OMR Serrature\",\"isPartOf\":{\"@id\":\"https:\/\/www.omrserrature.it\/fr\/#website\"},\"primaryImageOfPage\":{\"@id\":\"https:\/\/www.omrserrature.it\/fr\/produit\/serrure-batteuse-avec-came-a-deux-points-pour-tringles-haut-bas\/#primaryimage\"},\"image\":{\"@id\":\"https:\/\/www.omrserrature.it\/fr\/produit\/serrure-batteuse-avec-came-a-deux-points-pour-tringles-haut-bas\/#primaryimage\"},\"thumbnailUrl\":\"https:\/\/www.omrserrature.it\/wp-content\/uploads\/2017\/10\/165582.jpg\",\"datePublished\":\"2016-10-17T06:51:00+00:00\",\"dateModified\":\"2026-04-08T10:46:58+00:00\",\"breadcrumb\":{\"@id\":\"https:\/\/www.omrserrature.it\/fr\/produit\/serrure-batteuse-avec-came-a-deux-points-pour-tringles-haut-bas\/#breadcrumb\"},\"inLanguage\":\"fr-FR\",\"potentialAction\":[{\"@type\":\"ReadAction\",\"target\":[\"https:\/\/www.omrserrature.it\/fr\/produit\/serrure-batteuse-avec-came-a-deux-points-pour-tringles-haut-bas\/\"]}]},{\"@type\":\"ImageObject\",\"inLanguage\":\"fr-FR\",\"@id\":\"https:\/\/www.omrserrature.it\/fr\/produit\/serrure-batteuse-avec-came-a-deux-points-pour-tringles-haut-bas\/#primaryimage\",\"url\":\"https:\/\/www.omrserrature.it\/wp-content\/uploads\/2017\/10\/165582.jpg\",\"contentUrl\":\"https:\/\/www.omrserrature.it\/wp-content\/uploads\/2017\/10\/165582.jpg\",\"width\":1000,\"height\":1000,\"caption\":\"Serrure avec came \u00e0 deux points pour les tringles de translation. Mod\u00e8le 165582\"},{\"@type\":\"BreadcrumbList\",\"@id\":\"https:\/\/www.omrserrature.it\/fr\/produit\/serrure-batteuse-avec-came-a-deux-points-pour-tringles-haut-bas\/#breadcrumb\",\"itemListElement\":[{\"@type\":\"ListItem\",\"position\":1,\"name\":\"Home\",\"item\":\"https:\/\/www.omrserrature.it\/fr\/omr-serrures-et-systemes-de-verrouillage\/\"},{\"@type\":\"ListItem\",\"position\":2,\"name\":\"Catalogue\",\"item\":\"https:\/\/www.omrserrature.it\/catalogue\/?lang=fr\"},{\"@type\":\"ListItem\",\"position\":3,\"name\":\"Produits\",\"item\":\"https:\/\/www.omrserrature.it\/fr\/catalogue\/produits\/\"},{\"@type\":\"ListItem\",\"position\":4,\"name\":\"Serrures\",\"item\":\"https:\/\/www.omrserrature.it\/fr\/catalogue\/produits\/serrures\/\"},{\"@type\":\"ListItem\",\"position\":5,\"name\":\"Serrures \u00e0 passe-partout\",\"item\":\"https:\/\/www.omrserrature.it\/fr\/catalogue\/produits\/serrures\/serrures-a-passe-partout\/\"},{\"@type\":\"ListItem\",\"position\":6,\"name\":\"Serrure batteuse avec came \u00e0 deux points pour tringles (haut\/bas)\"}]},{\"@type\":\"WebSite\",\"@id\":\"https:\/\/www.omrserrature.it\/fr\/#website\",\"url\":\"https:\/\/www.omrserrature.it\/fr\/\",\"name\":\"OMR Serrature | Produzione sistemi di chiusura\",\"description\":\"Produzione serrature di sicurezza e sistemi di chiusura\",\"publisher\":{\"@id\":\"https:\/\/www.omrserrature.it\/fr\/#organization\"},\"potentialAction\":[{\"@type\":\"SearchAction\",\"target\":{\"@type\":\"EntryPoint\",\"urlTemplate\":\"https:\/\/www.omrserrature.it\/fr\/?s={search_term_string}\"},\"query-input\":{\"@type\":\"PropertyValueSpecification\",\"valueRequired\":true,\"valueName\":\"search_term_string\"}}],\"inLanguage\":\"fr-FR\"},{\"@type\":\"Organization\",\"@id\":\"https:\/\/www.omrserrature.it\/fr\/#organization\",\"name\":\"OMR Serrature | Produzione sistemi di chiusura\",\"url\":\"https:\/\/www.omrserrature.it\/fr\/\",\"logo\":{\"@type\":\"ImageObject\",\"inLanguage\":\"fr-FR\",\"@id\":\"https:\/\/www.omrserrature.it\/fr\/#\/schema\/logo\/image\/\",\"url\":\"https:\/\/www.omrserrature.it\/wp-content\/uploads\/2017\/09\/favicon-omr-114.png\",\"contentUrl\":\"https:\/\/www.omrserrature.it\/wp-content\/uploads\/2017\/09\/favicon-omr-114.png\",\"width\":114,\"height\":114,\"caption\":\"OMR Serrature | Produzione sistemi di chiusura\"},\"image\":{\"@id\":\"https:\/\/www.omrserrature.it\/fr\/#\/schema\/logo\/image\/\"},\"sameAs\":[\"https:\/\/www.facebook.com\/OMRserrature\",\"https:\/\/www.linkedin.com\/company\/omrserrature\/\",\"https:\/\/www.youtube.com\/channel\/UCxmA85z2R0EpG_6IRokiAkg\"]}]}<\/script>\n<!-- \/ Yoast SEO plugin. -->","yoast_head_json":{"title":"Serrure batteuse avec came \u00e0 deux points pour tringles (haut\/bas) - OMR Serrature","robots":{"index":"index","follow":"follow","max-snippet":"max-snippet:-1","max-image-preview":"max-image-preview:large","max-video-preview":"max-video-preview:-1"},"canonical":"https:\/\/www.omrserrature.it\/fr\/produit\/serrure-batteuse-avec-came-a-deux-points-pour-tringles-haut-bas\/","og_locale":"fr_FR","og_type":"article","og_title":"Serrure batteuse avec came \u00e0 deux points pour tringles (haut\/bas) - OMR Serrature","og_description":"La serrure universelle \u00e0 batteuse \u00e0 lamelles, appel\u00e9e amicalement cliquet, est une serrure utilis\u00e9e sur les portes hautes \u00e0 tringles de translation (haut\/bas). Le terminal permet d'installer des cames multipoints pour d\u00e9placer les tringles de translation (haut et bas), ainsi que les cames \u00e0 tenon pour la fermeture des tiroirs.","og_url":"https:\/\/www.omrserrature.it\/fr\/produit\/serrure-batteuse-avec-came-a-deux-points-pour-tringles-haut-bas\/","og_site_name":"OMR Serrature | Produzione sistemi di chiusura","article_publisher":"https:\/\/www.facebook.com\/OMRserrature","article_modified_time":"2026-04-08T10:46:58+00:00","og_image":[{"width":1000,"height":1000,"url":"https:\/\/www.omrserrature.it\/wp-content\/uploads\/2017\/10\/165582.jpg","type":"image\/jpeg"}],"twitter_card":"summary_large_image","twitter_misc":{"Dur\u00e9e de lecture estim\u00e9e":"1 minute"},"schema":{"@context":"https:\/\/schema.org","@graph":[{"@type":"WebPage","@id":"https:\/\/www.omrserrature.it\/fr\/produit\/serrure-batteuse-avec-came-a-deux-points-pour-tringles-haut-bas\/","url":"https:\/\/www.omrserrature.it\/fr\/produit\/serrure-batteuse-avec-came-a-deux-points-pour-tringles-haut-bas\/","name":"Serrure batteuse avec came \u00e0 deux points pour tringles (haut\/bas) - OMR Serrature","isPartOf":{"@id":"https:\/\/www.omrserrature.it\/fr\/#website"},"primaryImageOfPage":{"@id":"https:\/\/www.omrserrature.it\/fr\/produit\/serrure-batteuse-avec-came-a-deux-points-pour-tringles-haut-bas\/#primaryimage"},"image":{"@id":"https:\/\/www.omrserrature.it\/fr\/produit\/serrure-batteuse-avec-came-a-deux-points-pour-tringles-haut-bas\/#primaryimage"},"thumbnailUrl":"https:\/\/www.omrserrature.it\/wp-content\/uploads\/2017\/10\/165582.jpg","datePublished":"2016-10-17T06:51:00+00:00","dateModified":"2026-04-08T10:46:58+00:00","breadcrumb":{"@id":"https:\/\/www.omrserrature.it\/fr\/produit\/serrure-batteuse-avec-came-a-deux-points-pour-tringles-haut-bas\/#breadcrumb"},"inLanguage":"fr-FR","potentialAction":[{"@type":"ReadAction","target":["https:\/\/www.omrserrature.it\/fr\/produit\/serrure-batteuse-avec-came-a-deux-points-pour-tringles-haut-bas\/"]}]},{"@type":"ImageObject","inLanguage":"fr-FR","@id":"https:\/\/www.omrserrature.it\/fr\/produit\/serrure-batteuse-avec-came-a-deux-points-pour-tringles-haut-bas\/#primaryimage","url":"https:\/\/www.omrserrature.it\/wp-content\/uploads\/2017\/10\/165582.jpg","contentUrl":"https:\/\/www.omrserrature.it\/wp-content\/uploads\/2017\/10\/165582.jpg","width":1000,"height":1000,"caption":"Serrure avec came \u00e0 deux points pour les tringles de translation. Mod\u00e8le 165582"},{"@type":"BreadcrumbList","@id":"https:\/\/www.omrserrature.it\/fr\/produit\/serrure-batteuse-avec-came-a-deux-points-pour-tringles-haut-bas\/#breadcrumb","itemListElement":[{"@type":"ListItem","position":1,"name":"Home","item":"https:\/\/www.omrserrature.it\/fr\/omr-serrures-et-systemes-de-verrouillage\/"},{"@type":"ListItem","position":2,"name":"Catalogue","item":"https:\/\/www.omrserrature.it\/catalogue\/?lang=fr"},{"@type":"ListItem","position":3,"name":"Produits","item":"https:\/\/www.omrserrature.it\/fr\/catalogue\/produits\/"},{"@type":"ListItem","position":4,"name":"Serrures","item":"https:\/\/www.omrserrature.it\/fr\/catalogue\/produits\/serrures\/"},{"@type":"ListItem","position":5,"name":"Serrures \u00e0 passe-partout","item":"https:\/\/www.omrserrature.it\/fr\/catalogue\/produits\/serrures\/serrures-a-passe-partout\/"},{"@type":"ListItem","position":6,"name":"Serrure batteuse avec came \u00e0 deux points pour tringles (haut\/bas)"}]},{"@type":"WebSite","@id":"https:\/\/www.omrserrature.it\/fr\/#website","url":"https:\/\/www.omrserrature.it\/fr\/","name":"OMR Serrature | Produzione sistemi di chiusura","description":"Produzione serrature di sicurezza e sistemi di chiusura","publisher":{"@id":"https:\/\/www.omrserrature.it\/fr\/#organization"},"potentialAction":[{"@type":"SearchAction","target":{"@type":"EntryPoint","urlTemplate":"https:\/\/www.omrserrature.it\/fr\/?s={search_term_string}"},"query-input":{"@type":"PropertyValueSpecification","valueRequired":true,"valueName":"search_term_string"}}],"inLanguage":"fr-FR"},{"@type":"Organization","@id":"https:\/\/www.omrserrature.it\/fr\/#organization","name":"OMR Serrature | Produzione sistemi di chiusura","url":"https:\/\/www.omrserrature.it\/fr\/","logo":{"@type":"ImageObject","inLanguage":"fr-FR","@id":"https:\/\/www.omrserrature.it\/fr\/#\/schema\/logo\/image\/","url":"https:\/\/www.omrserrature.it\/wp-content\/uploads\/2017\/09\/favicon-omr-114.png","contentUrl":"https:\/\/www.omrserrature.it\/wp-content\/uploads\/2017\/09\/favicon-omr-114.png","width":114,"height":114,"caption":"OMR Serrature | Produzione sistemi di chiusura"},"image":{"@id":"https:\/\/www.omrserrature.it\/fr\/#\/schema\/logo\/image\/"},"sameAs":["https:\/\/www.facebook.com\/OMRserrature","https:\/\/www.linkedin.com\/company\/omrserrature\/","https:\/\/www.youtube.com\/channel\/UCxmA85z2R0EpG_6IRokiAkg"]}]}},"_links":{"self":[{"href":"https:\/\/www.omrserrature.it\/fr\/wp-json\/wp\/v2\/product\/243394","targetHints":{"allow":["GET"]}}],"collection":[{"href":"https:\/\/www.omrserrature.it\/fr\/wp-json\/wp\/v2\/product"}],"about":[{"href":"https:\/\/www.omrserrature.it\/fr\/wp-json\/wp\/v2\/types\/product"}],"replies":[{"embeddable":true,"href":"https:\/\/www.omrserrature.it\/fr\/wp-json\/wp\/v2\/comments?post=243394"}],"wp:featuredmedia":[{"embeddable":true,"href":"https:\/\/www.omrserrature.it\/fr\/wp-json\/wp\/v2\/media\/243406"}],"wp:attachment":[{"href":"https:\/\/www.omrserrature.it\/fr\/wp-json\/wp\/v2\/media?parent=243394"}],"wp:term":[{"taxonomy":"product_brand","embeddable":true,"href":"https:\/\/www.omrserrature.it\/fr\/wp-json\/wp\/v2\/product_brand?post=243394"},{"taxonomy":"product_cat","embeddable":true,"href":"https:\/\/www.omrserrature.it\/fr\/wp-json\/wp\/v2\/product_cat?post=243394"},{"taxonomy":"product_tag","embeddable":true,"href":"https:\/\/www.omrserrature.it\/fr\/wp-json\/wp\/v2\/product_tag?post=243394"}],"curies":[{"name":"wp","href":"https:\/\/api.w.org\/{rel}","templated":true}]}}