{"id":243386,"date":"2017-10-12T15:30:02","date_gmt":"2012-10-17T13:30:00","guid":{"rendered":"https:\/\/www.staging6.omrserrature.it\/prodotto\/serrure-batteuse-a-lamelles-avec-came-a-tenon-pour-tiroirs\/"},"modified":"2026-04-08T12:50:07","modified_gmt":"2026-04-08T10:50:07","slug":"serrure-batteuse-a-lamelles-avec-came-a-tenon-pour-tiroirs","status":"publish","type":"product","link":"https:\/\/www.omrserrature.it\/fr\/produit\/serrure-batteuse-a-lamelles-avec-came-a-tenon-pour-tiroirs\/","title":{"rendered":"Serrure batteuse \u00e0 lamelles avec came \u00e0 tenon pour tiroirs"},"content":{"rendered":"<p>La <strong>serrure cylindrique \u00e0 pivot pour tiroirs et meubles \u00e0 tiroirs<\/strong> se compose d&rsquo;un bo\u00eetier de 19 mm de diam\u00e8tre \u00e0 l&rsquo;int\u00e9rieur duquel se trouve un barillet \u00e0 m\u00e9canisme \u00e0 paillettes. Une fois la cl\u00e9 ins\u00e9r\u00e9e et tourn\u00e9e, la rotation et le mouvement de la commande arri\u00e8re s&rsquo;effectuent. <\/p>\n<p>La serrure peut \u00eatre <strong>fix\u00e9 par un \u00e9crou ou une fourchette<\/strong> et \u00e9quip\u00e9 de cl\u00e9s \u00e0 <strong>poign\u00e9e fixe (standard) ou \u00e0 poign\u00e9e articul\u00e9e rabattable (sur demande).<\/strong> En outre, la serrure batteuse peut \u00eatre r\u00e9alis\u00e9e avec des cl\u00e9s diff\u00e9rentes (KD), des cl\u00e9s identiques (KA) et un syst\u00e8me de cl\u00e9 passe-partout (MK). <\/p>\n<p>La serrure \u00e0 commande est couramment <strong>utilis\u00e9e pour le mobilier de bureau<\/strong>: bureaux \u00e9quip\u00e9s de trois tiroirs verrouillables ou plus pour ranger les documents les plus importants, armoires \u00e0 tiroirs m\u00e9talliques de direction ou op\u00e9rationnelles sur roulettes dans lesquelles tous les tiroirs peuvent \u00eatre ferm\u00e9s de mani\u00e8re centralis\u00e9e et simultan\u00e9e. Vous trouverez \u00e9galement cette serrure compacte dans le domaine des armoires <strong>industrielles \u00e0 tiroirs en t\u00f4le<\/strong> avec verrouillage des tiroirs, dans les armoires \u00e0 tiroirs multiples dont les tiroirs m\u00e9talliques peuvent \u00eatre \u00e9quip\u00e9s de glissi\u00e8res. <\/p>\n","protected":false},"excerpt":{"rendered":"<p><strong>La serrure \u00e0 pivot cylindrique pour tiroirs et armoires \u00e0 tiroirs<\/strong> est une solution compacte et s\u00e9curis\u00e9e avec un corps de 19 mm de diam\u00e8tre et un barillet \u00e0 paillettes. Gr\u00e2ce \u00e0 son came \u00e0 tenon, elle permet l&rsquo;ouverture ou la fermeture du meuble. Disponible avec une <strong>fixation par \u00e9crou ou fourchette<\/strong> et des cl\u00e9s standard ou articul\u00e9es, elle peut \u00eatre configur\u00e9e avec une <strong>cl\u00e9<\/strong> <strong>mixte<\/strong> (KD), une <strong>cl\u00e9 identique<\/strong> (KA) ou une <strong>cl\u00e9 passe-partout<\/strong> (MK).  <\/p>\n<p>Il est largement utilis\u00e9 dans le<strong>mobilier de bureau<\/strong> et les blocs-tiroirs m\u00e9talliques industriels \u00e0 fermeture centralis\u00e9e.<\/p>\n","protected":false},"featured_media":25997,"comment_status":"open","ping_status":"closed","template":"","meta":{"_acf_changed":false,"_et_pb_use_builder":"","_et_pb_old_content":"","_et_gb_content_width":""},"product_brand":[],"product_cat":[3750,3757,3755,3643,3658,3725,3727,3706,3708,3690],"product_tag":[],"class_list":{"0":"post-243386","1":"product","2":"type-product","3":"status-publish","4":"has-post-thumbnail","6":"product_cat-banque-et-poste","7":"product_cat-bureaux","8":"product_cat-hopitaux-et-soins-de-sante","9":"product_cat-serrure-a-goupille","10":"product_cat-serrures-a-passe-partout","11":"product_cat-serrures-pour-blocs-tiroirs","12":"product_cat-serrures-pour-classeurs","13":"product_cat-serrures-pour-etablis","14":"product_cat-serrures-pour-tiroirs-industriels","15":"product_cat-serrures-professionnelles-pour-meubles","17":"first","18":"instock","19":"shipping-taxable","20":"product-type-simple"},"acf":{"pdf1":"https:\/\/www.omrserrature.it\/wp-content\/uploads\/schede\/Scheda_161150.pdf"},"yoast_head":"<!-- This site is optimized with the Yoast SEO plugin v27.2 - https:\/\/yoast.com\/product\/yoast-seo-wordpress\/ -->\n<title>Serrure batteuse \u00e0 lamelles avec came \u00e0 tenon pour tiroirs - OMR Serrature<\/title>\n<meta name=\"robots\" content=\"index, follow, max-snippet:-1, max-image-preview:large, max-video-preview:-1\" \/>\n<link rel=\"canonical\" href=\"https:\/\/www.omrserrature.it\/fr\/produit\/serrure-batteuse-a-lamelles-avec-came-a-tenon-pour-tiroirs\/\" \/>\n<meta property=\"og:locale\" content=\"fr_FR\" \/>\n<meta property=\"og:type\" content=\"article\" \/>\n<meta property=\"og:title\" content=\"Serrure batteuse \u00e0 lamelles avec came \u00e0 tenon pour tiroirs - OMR Serrature\" \/>\n<meta property=\"og:description\" content=\"La serrure \u00e0 pivot cylindrique pour tiroirs et armoires \u00e0 tiroirs est une solution compacte et s\u00e9curis\u00e9e avec un corps de 19 mm de diam\u00e8tre et un barillet \u00e0 paillettes. Gr\u00e2ce \u00e0 son came \u00e0 tenon, elle permet l&#039;ouverture ou la fermeture du meuble. Disponible avec une fixation par \u00e9crou ou fourchette et des cl\u00e9s standard ou articul\u00e9es, elle peut \u00eatre configur\u00e9e avec une cl\u00e9 mixte (KD), une cl\u00e9 identique (KA) ou une cl\u00e9 passe-partout (MK).  Il est largement utilis\u00e9 dans lemobilier de bureau et les blocs-tiroirs m\u00e9talliques industriels \u00e0 fermeture centralis\u00e9e.\" \/>\n<meta property=\"og:url\" content=\"https:\/\/www.omrserrature.it\/fr\/produit\/serrure-batteuse-a-lamelles-avec-came-a-tenon-pour-tiroirs\/\" \/>\n<meta property=\"og:site_name\" content=\"OMR Serrature | Produzione sistemi di chiusura\" \/>\n<meta property=\"article:publisher\" content=\"https:\/\/www.facebook.com\/OMRserrature\" \/>\n<meta property=\"article:modified_time\" content=\"2026-04-08T10:50:07+00:00\" \/>\n<meta property=\"og:image\" content=\"https:\/\/www.omrserrature.it\/wp-content\/uploads\/2017\/10\/Universale-a-lamelle-con-comandino.jpg\" \/>\n\t<meta property=\"og:image:width\" content=\"600\" \/>\n\t<meta property=\"og:image:height\" content=\"600\" \/>\n\t<meta property=\"og:image:type\" content=\"image\/jpeg\" \/>\n<meta name=\"twitter:card\" content=\"summary_large_image\" \/>\n<meta name=\"twitter:label1\" content=\"Dur\u00e9e de lecture estim\u00e9e\" \/>\n\t<meta name=\"twitter:data1\" content=\"1 minute\" \/>\n<script type=\"application\/ld+json\" class=\"yoast-schema-graph\">{\"@context\":\"https:\/\/schema.org\",\"@graph\":[{\"@type\":\"WebPage\",\"@id\":\"https:\/\/www.omrserrature.it\/fr\/produit\/serrure-batteuse-a-lamelles-avec-came-a-tenon-pour-tiroirs\/\",\"url\":\"https:\/\/www.omrserrature.it\/fr\/produit\/serrure-batteuse-a-lamelles-avec-came-a-tenon-pour-tiroirs\/\",\"name\":\"Serrure batteuse \u00e0 lamelles avec came \u00e0 tenon pour tiroirs - OMR Serrature\",\"isPartOf\":{\"@id\":\"https:\/\/www.omrserrature.it\/fr\/#website\"},\"primaryImageOfPage\":{\"@id\":\"https:\/\/www.omrserrature.it\/fr\/produit\/serrure-batteuse-a-lamelles-avec-came-a-tenon-pour-tiroirs\/#primaryimage\"},\"image\":{\"@id\":\"https:\/\/www.omrserrature.it\/fr\/produit\/serrure-batteuse-a-lamelles-avec-came-a-tenon-pour-tiroirs\/#primaryimage\"},\"thumbnailUrl\":\"https:\/\/www.omrserrature.it\/wp-content\/uploads\/2017\/10\/Universale-a-lamelle-con-comandino.jpg\",\"datePublished\":\"2012-10-17T13:30:00+00:00\",\"dateModified\":\"2026-04-08T10:50:07+00:00\",\"breadcrumb\":{\"@id\":\"https:\/\/www.omrserrature.it\/fr\/produit\/serrure-batteuse-a-lamelles-avec-came-a-tenon-pour-tiroirs\/#breadcrumb\"},\"inLanguage\":\"fr-FR\",\"potentialAction\":[{\"@type\":\"ReadAction\",\"target\":[\"https:\/\/www.omrserrature.it\/fr\/produit\/serrure-batteuse-a-lamelles-avec-came-a-tenon-pour-tiroirs\/\"]}]},{\"@type\":\"ImageObject\",\"inLanguage\":\"fr-FR\",\"@id\":\"https:\/\/www.omrserrature.it\/fr\/produit\/serrure-batteuse-a-lamelles-avec-came-a-tenon-pour-tiroirs\/#primaryimage\",\"url\":\"https:\/\/www.omrserrature.it\/wp-content\/uploads\/2017\/10\/Universale-a-lamelle-con-comandino.jpg\",\"contentUrl\":\"https:\/\/www.omrserrature.it\/wp-content\/uploads\/2017\/10\/Universale-a-lamelle-con-comandino.jpg\",\"width\":600,\"height\":600,\"caption\":\"Serrure batteuse \u00e0 lamelles avec came \u00e0 tenon pour tiroirs\"},{\"@type\":\"BreadcrumbList\",\"@id\":\"https:\/\/www.omrserrature.it\/fr\/produit\/serrure-batteuse-a-lamelles-avec-came-a-tenon-pour-tiroirs\/#breadcrumb\",\"itemListElement\":[{\"@type\":\"ListItem\",\"position\":1,\"name\":\"Home\",\"item\":\"https:\/\/www.omrserrature.it\/fr\/omr-serrures-et-systemes-de-verrouillage\/\"},{\"@type\":\"ListItem\",\"position\":2,\"name\":\"Catalogue\",\"item\":\"https:\/\/www.omrserrature.it\/catalogue\/?lang=fr\"},{\"@type\":\"ListItem\",\"position\":3,\"name\":\"Produits\",\"item\":\"https:\/\/www.omrserrature.it\/fr\/catalogue\/produits\/\"},{\"@type\":\"ListItem\",\"position\":4,\"name\":\"Serrures\",\"item\":\"https:\/\/www.omrserrature.it\/fr\/catalogue\/produits\/serrures\/\"},{\"@type\":\"ListItem\",\"position\":5,\"name\":\"Serrure \u00e0 goupille\",\"item\":\"https:\/\/www.omrserrature.it\/fr\/catalogue\/produits\/serrures\/serrure-a-goupille\/\"},{\"@type\":\"ListItem\",\"position\":6,\"name\":\"Serrure batteuse \u00e0 lamelles avec came \u00e0 tenon pour tiroirs\"}]},{\"@type\":\"WebSite\",\"@id\":\"https:\/\/www.omrserrature.it\/fr\/#website\",\"url\":\"https:\/\/www.omrserrature.it\/fr\/\",\"name\":\"OMR Serrature | Produzione sistemi di chiusura\",\"description\":\"Produzione serrature di sicurezza e sistemi di chiusura\",\"publisher\":{\"@id\":\"https:\/\/www.omrserrature.it\/fr\/#organization\"},\"potentialAction\":[{\"@type\":\"SearchAction\",\"target\":{\"@type\":\"EntryPoint\",\"urlTemplate\":\"https:\/\/www.omrserrature.it\/fr\/?s={search_term_string}\"},\"query-input\":{\"@type\":\"PropertyValueSpecification\",\"valueRequired\":true,\"valueName\":\"search_term_string\"}}],\"inLanguage\":\"fr-FR\"},{\"@type\":\"Organization\",\"@id\":\"https:\/\/www.omrserrature.it\/fr\/#organization\",\"name\":\"OMR Serrature | Produzione sistemi di chiusura\",\"url\":\"https:\/\/www.omrserrature.it\/fr\/\",\"logo\":{\"@type\":\"ImageObject\",\"inLanguage\":\"fr-FR\",\"@id\":\"https:\/\/www.omrserrature.it\/fr\/#\/schema\/logo\/image\/\",\"url\":\"https:\/\/www.omrserrature.it\/wp-content\/uploads\/2017\/09\/favicon-omr-114.png\",\"contentUrl\":\"https:\/\/www.omrserrature.it\/wp-content\/uploads\/2017\/09\/favicon-omr-114.png\",\"width\":114,\"height\":114,\"caption\":\"OMR Serrature | Produzione sistemi di chiusura\"},\"image\":{\"@id\":\"https:\/\/www.omrserrature.it\/fr\/#\/schema\/logo\/image\/\"},\"sameAs\":[\"https:\/\/www.facebook.com\/OMRserrature\",\"https:\/\/www.linkedin.com\/company\/omrserrature\/\",\"https:\/\/www.youtube.com\/channel\/UCxmA85z2R0EpG_6IRokiAkg\"]}]}<\/script>\n<!-- \/ Yoast SEO plugin. -->","yoast_head_json":{"title":"Serrure batteuse \u00e0 lamelles avec came \u00e0 tenon pour tiroirs - OMR Serrature","robots":{"index":"index","follow":"follow","max-snippet":"max-snippet:-1","max-image-preview":"max-image-preview:large","max-video-preview":"max-video-preview:-1"},"canonical":"https:\/\/www.omrserrature.it\/fr\/produit\/serrure-batteuse-a-lamelles-avec-came-a-tenon-pour-tiroirs\/","og_locale":"fr_FR","og_type":"article","og_title":"Serrure batteuse \u00e0 lamelles avec came \u00e0 tenon pour tiroirs - OMR Serrature","og_description":"La serrure \u00e0 pivot cylindrique pour tiroirs et armoires \u00e0 tiroirs est une solution compacte et s\u00e9curis\u00e9e avec un corps de 19 mm de diam\u00e8tre et un barillet \u00e0 paillettes. Gr\u00e2ce \u00e0 son came \u00e0 tenon, elle permet l'ouverture ou la fermeture du meuble. Disponible avec une fixation par \u00e9crou ou fourchette et des cl\u00e9s standard ou articul\u00e9es, elle peut \u00eatre configur\u00e9e avec une cl\u00e9 mixte (KD), une cl\u00e9 identique (KA) ou une cl\u00e9 passe-partout (MK).  Il est largement utilis\u00e9 dans lemobilier de bureau et les blocs-tiroirs m\u00e9talliques industriels \u00e0 fermeture centralis\u00e9e.","og_url":"https:\/\/www.omrserrature.it\/fr\/produit\/serrure-batteuse-a-lamelles-avec-came-a-tenon-pour-tiroirs\/","og_site_name":"OMR Serrature | Produzione sistemi di chiusura","article_publisher":"https:\/\/www.facebook.com\/OMRserrature","article_modified_time":"2026-04-08T10:50:07+00:00","og_image":[{"width":600,"height":600,"url":"https:\/\/www.omrserrature.it\/wp-content\/uploads\/2017\/10\/Universale-a-lamelle-con-comandino.jpg","type":"image\/jpeg"}],"twitter_card":"summary_large_image","twitter_misc":{"Dur\u00e9e de lecture estim\u00e9e":"1 minute"},"schema":{"@context":"https:\/\/schema.org","@graph":[{"@type":"WebPage","@id":"https:\/\/www.omrserrature.it\/fr\/produit\/serrure-batteuse-a-lamelles-avec-came-a-tenon-pour-tiroirs\/","url":"https:\/\/www.omrserrature.it\/fr\/produit\/serrure-batteuse-a-lamelles-avec-came-a-tenon-pour-tiroirs\/","name":"Serrure batteuse \u00e0 lamelles avec came \u00e0 tenon pour tiroirs - OMR Serrature","isPartOf":{"@id":"https:\/\/www.omrserrature.it\/fr\/#website"},"primaryImageOfPage":{"@id":"https:\/\/www.omrserrature.it\/fr\/produit\/serrure-batteuse-a-lamelles-avec-came-a-tenon-pour-tiroirs\/#primaryimage"},"image":{"@id":"https:\/\/www.omrserrature.it\/fr\/produit\/serrure-batteuse-a-lamelles-avec-came-a-tenon-pour-tiroirs\/#primaryimage"},"thumbnailUrl":"https:\/\/www.omrserrature.it\/wp-content\/uploads\/2017\/10\/Universale-a-lamelle-con-comandino.jpg","datePublished":"2012-10-17T13:30:00+00:00","dateModified":"2026-04-08T10:50:07+00:00","breadcrumb":{"@id":"https:\/\/www.omrserrature.it\/fr\/produit\/serrure-batteuse-a-lamelles-avec-came-a-tenon-pour-tiroirs\/#breadcrumb"},"inLanguage":"fr-FR","potentialAction":[{"@type":"ReadAction","target":["https:\/\/www.omrserrature.it\/fr\/produit\/serrure-batteuse-a-lamelles-avec-came-a-tenon-pour-tiroirs\/"]}]},{"@type":"ImageObject","inLanguage":"fr-FR","@id":"https:\/\/www.omrserrature.it\/fr\/produit\/serrure-batteuse-a-lamelles-avec-came-a-tenon-pour-tiroirs\/#primaryimage","url":"https:\/\/www.omrserrature.it\/wp-content\/uploads\/2017\/10\/Universale-a-lamelle-con-comandino.jpg","contentUrl":"https:\/\/www.omrserrature.it\/wp-content\/uploads\/2017\/10\/Universale-a-lamelle-con-comandino.jpg","width":600,"height":600,"caption":"Serrure batteuse \u00e0 lamelles avec came \u00e0 tenon pour tiroirs"},{"@type":"BreadcrumbList","@id":"https:\/\/www.omrserrature.it\/fr\/produit\/serrure-batteuse-a-lamelles-avec-came-a-tenon-pour-tiroirs\/#breadcrumb","itemListElement":[{"@type":"ListItem","position":1,"name":"Home","item":"https:\/\/www.omrserrature.it\/fr\/omr-serrures-et-systemes-de-verrouillage\/"},{"@type":"ListItem","position":2,"name":"Catalogue","item":"https:\/\/www.omrserrature.it\/catalogue\/?lang=fr"},{"@type":"ListItem","position":3,"name":"Produits","item":"https:\/\/www.omrserrature.it\/fr\/catalogue\/produits\/"},{"@type":"ListItem","position":4,"name":"Serrures","item":"https:\/\/www.omrserrature.it\/fr\/catalogue\/produits\/serrures\/"},{"@type":"ListItem","position":5,"name":"Serrure \u00e0 goupille","item":"https:\/\/www.omrserrature.it\/fr\/catalogue\/produits\/serrures\/serrure-a-goupille\/"},{"@type":"ListItem","position":6,"name":"Serrure batteuse \u00e0 lamelles avec came \u00e0 tenon pour tiroirs"}]},{"@type":"WebSite","@id":"https:\/\/www.omrserrature.it\/fr\/#website","url":"https:\/\/www.omrserrature.it\/fr\/","name":"OMR Serrature | Produzione sistemi di chiusura","description":"Produzione serrature di sicurezza e sistemi di chiusura","publisher":{"@id":"https:\/\/www.omrserrature.it\/fr\/#organization"},"potentialAction":[{"@type":"SearchAction","target":{"@type":"EntryPoint","urlTemplate":"https:\/\/www.omrserrature.it\/fr\/?s={search_term_string}"},"query-input":{"@type":"PropertyValueSpecification","valueRequired":true,"valueName":"search_term_string"}}],"inLanguage":"fr-FR"},{"@type":"Organization","@id":"https:\/\/www.omrserrature.it\/fr\/#organization","name":"OMR Serrature | Produzione sistemi di chiusura","url":"https:\/\/www.omrserrature.it\/fr\/","logo":{"@type":"ImageObject","inLanguage":"fr-FR","@id":"https:\/\/www.omrserrature.it\/fr\/#\/schema\/logo\/image\/","url":"https:\/\/www.omrserrature.it\/wp-content\/uploads\/2017\/09\/favicon-omr-114.png","contentUrl":"https:\/\/www.omrserrature.it\/wp-content\/uploads\/2017\/09\/favicon-omr-114.png","width":114,"height":114,"caption":"OMR Serrature | Produzione sistemi di chiusura"},"image":{"@id":"https:\/\/www.omrserrature.it\/fr\/#\/schema\/logo\/image\/"},"sameAs":["https:\/\/www.facebook.com\/OMRserrature","https:\/\/www.linkedin.com\/company\/omrserrature\/","https:\/\/www.youtube.com\/channel\/UCxmA85z2R0EpG_6IRokiAkg"]}]}},"_links":{"self":[{"href":"https:\/\/www.omrserrature.it\/fr\/wp-json\/wp\/v2\/product\/243386","targetHints":{"allow":["GET"]}}],"collection":[{"href":"https:\/\/www.omrserrature.it\/fr\/wp-json\/wp\/v2\/product"}],"about":[{"href":"https:\/\/www.omrserrature.it\/fr\/wp-json\/wp\/v2\/types\/product"}],"replies":[{"embeddable":true,"href":"https:\/\/www.omrserrature.it\/fr\/wp-json\/wp\/v2\/comments?post=243386"}],"wp:featuredmedia":[{"embeddable":true,"href":"https:\/\/www.omrserrature.it\/fr\/wp-json\/wp\/v2\/media\/25997"}],"wp:attachment":[{"href":"https:\/\/www.omrserrature.it\/fr\/wp-json\/wp\/v2\/media?parent=243386"}],"wp:term":[{"taxonomy":"product_brand","embeddable":true,"href":"https:\/\/www.omrserrature.it\/fr\/wp-json\/wp\/v2\/product_brand?post=243386"},{"taxonomy":"product_cat","embeddable":true,"href":"https:\/\/www.omrserrature.it\/fr\/wp-json\/wp\/v2\/product_cat?post=243386"},{"taxonomy":"product_tag","embeddable":true,"href":"https:\/\/www.omrserrature.it\/fr\/wp-json\/wp\/v2\/product_tag?post=243386"}],"curies":[{"name":"wp","href":"https:\/\/api.w.org\/{rel}","templated":true}]}}