{"id":243382,"date":"2021-04-27T14:44:12","date_gmt":"2024-04-21T12:44:00","guid":{"rendered":"https:\/\/www.staging6.omrserrature.it\/prodotto\/capuchon-de-protection-pour-les-serrures\/"},"modified":"2026-04-08T11:27:16","modified_gmt":"2026-04-08T09:27:16","slug":"capuchon-de-protection-pour-les-serrures","status":"publish","type":"product","link":"https:\/\/www.omrserrature.it\/fr\/produit\/capuchon-de-protection-pour-les-serrures\/","title":{"rendered":"Capuchon de protection pour les serrures"},"content":{"rendered":"<p>Le <strong>capuchon de protection de la<\/strong> serrure est fabriqu\u00e9 en r\u00e9sine thermoplastique noire. Le bo\u00eetier de la serrure pr\u00e9sente la forme classique en <strong>double D<\/strong> (avec des c\u00f4t\u00e9s plats) pour accueillir n&rsquo;importe quel type de serrure. Le couvercle est reli\u00e9 \u00e0 la base par un solide cavalier con\u00e7u pour r\u00e9sister \u00e0 de nombreux cycles d&rsquo;ouverture et de fermeture, et garantit l&rsquo;<strong>\u00e9tanch\u00e9it\u00e9<\/strong> et la <strong>r\u00e9sistance aux contraintes<\/strong>, emp\u00eachant ainsi toute ouverture non d\u00e9sir\u00e9e.  Le <strong>capuchon de protection de serrure<\/strong> est un accessoire indispensable pour l&rsquo;installation de cliquets et de serrures sur des articles destin\u00e9s \u00e0 un<strong>usage ext\u00e9rieur<\/strong>, expos\u00e9s aux intemp\u00e9ries, \u00e0 l&rsquo;eau, \u00e0 la salet\u00e9 et \u00e0 l&rsquo;humidit\u00e9. Nous vous recommandons d&rsquo;utiliser le capuchon sur les serrures install\u00e9es \u00e0 bord des poids lourds (par exemple sur les bo\u00eetes \u00e0 outils ou les coffres isothermes), sur les coffres de moto, les porte-v\u00e9los, les porte-skis et les coffres de toit, dans les syst\u00e8mes de portail et de contr\u00f4le d&rsquo;acc\u00e8s ou sur les fermetures de menuiserie expos\u00e9es aux intemp\u00e9ries. <\/p>\n","protected":false},"excerpt":{"rendered":"<p>Le <strong>capuchon de protection de la<\/strong> serrure est fabriqu\u00e9 en r\u00e9sine thermoplastique noire. Le bo\u00eetier de la serrure pr\u00e9sente la forme classique en <strong>double D<\/strong> (avec des c\u00f4t\u00e9s plats) pour accueillir n&rsquo;importe quel type de serrure. Le couvercle est reli\u00e9 \u00e0 la base par un solide cavalier con\u00e7u pour r\u00e9sister \u00e0 de nombreux cycles d&rsquo;ouverture et de fermeture, et garantit l&rsquo;<strong>\u00e9tanch\u00e9it\u00e9<\/strong> et la <strong>r\u00e9sistance aux contraintes<\/strong>, emp\u00eachant ainsi toute ouverture non d\u00e9sir\u00e9e. <\/p>\n","protected":false},"featured_media":19112,"comment_status":"open","ping_status":"closed","template":"","meta":{"_acf_changed":false,"_et_pb_use_builder":"off","_et_pb_old_content":"Le <strong>capuchon de protection de la<\/strong> serrure est fabriqu\u00e9 en r\u00e9sine thermoplastique noire. Le bo\u00eetier de la serrure pr\u00e9sente la forme classique en <strong>double D<\/strong> (avec des c\u00f4t\u00e9s plats) pour accueillir n'importe quel type de serrure. Le couvercle est reli\u00e9 \u00e0 la base par un solide cavalier con\u00e7u pour r\u00e9sister \u00e0 de nombreux cycles d'ouverture et de fermeture, et garantit l'<strong>\u00e9tanch\u00e9it\u00e9<\/strong> et la <strong>r\u00e9sistance aux contraintes<\/strong>, emp\u00eachant ainsi toute ouverture non d\u00e9sir\u00e9e. \n\nLe <strong>capuchon de protection de serrure<\/strong> est un accessoire indispensable pour l'installation de cliquets et de serrures sur des articles destin\u00e9s \u00e0 un<strong>usage ext\u00e9rieur<\/strong>, expos\u00e9s aux intemp\u00e9ries, \u00e0 l'eau, \u00e0 la salet\u00e9 et \u00e0 l'humidit\u00e9. Nous vous recommandons d'utiliser le capuchon sur les serrures install\u00e9es \u00e0 bord des poids lourds (par exemple sur les bo\u00eetes \u00e0 outils ou les coffres isothermes), sur les coffres de moto, les porte-v\u00e9los, les porte-skis et les coffres de toit, dans les syst\u00e8mes de portail et de contr\u00f4le d'acc\u00e8s ou sur les fermetures de menuiserie expos\u00e9es aux intemp\u00e9ries. ","_et_gb_content_width":""},"product_brand":[],"product_cat":[3686],"product_tag":[],"class_list":{"0":"post-243382","1":"product","2":"type-product","3":"status-publish","4":"has-post-thumbnail","6":"product_cat-accessoires-et-pieces-detachees","8":"first","9":"instock","10":"shipping-taxable","11":"product-type-simple"},"acf":{"pdf1":false},"yoast_head":"<!-- This site is optimized with the Yoast SEO plugin v27.5 - https:\/\/yoast.com\/product\/yoast-seo-wordpress\/ -->\n<title>Capuchon de protection pour les serrures - OMR Serrature<\/title>\n<meta name=\"robots\" content=\"index, follow, max-snippet:-1, max-image-preview:large, max-video-preview:-1\" \/>\n<link rel=\"canonical\" href=\"https:\/\/www.omrserrature.it\/fr\/produit\/capuchon-de-protection-pour-les-serrures\/\" \/>\n<meta property=\"og:locale\" content=\"fr_FR\" \/>\n<meta property=\"og:type\" content=\"article\" \/>\n<meta property=\"og:title\" content=\"Capuchon de protection pour les serrures - OMR Serrature\" \/>\n<meta property=\"og:description\" content=\"Le capuchon de protection de la serrure est fabriqu\u00e9 en r\u00e9sine thermoplastique noire. Le bo\u00eetier de la serrure pr\u00e9sente la forme classique en double D (avec des c\u00f4t\u00e9s plats) pour accueillir n&#039;importe quel type de serrure. Le couvercle est reli\u00e9 \u00e0 la base par un solide cavalier con\u00e7u pour r\u00e9sister \u00e0 de nombreux cycles d&#039;ouverture et de fermeture, et garantit l&#039;\u00e9tanch\u00e9it\u00e9 et la r\u00e9sistance aux contraintes, emp\u00eachant ainsi toute ouverture non d\u00e9sir\u00e9e.\" \/>\n<meta property=\"og:url\" content=\"https:\/\/www.omrserrature.it\/fr\/produit\/capuchon-de-protection-pour-les-serrures\/\" \/>\n<meta property=\"og:site_name\" content=\"OMR Serrature | Produzione sistemi di chiusura\" \/>\n<meta property=\"article:publisher\" content=\"https:\/\/www.facebook.com\/OMRserrature\" \/>\n<meta property=\"article:modified_time\" content=\"2026-04-08T09:27:16+00:00\" \/>\n<meta property=\"og:image\" content=\"https:\/\/www.omrserrature.it\/wp-content\/uploads\/2021\/04\/tappo-protezione-serratura.jpg\" \/>\n\t<meta property=\"og:image:width\" content=\"1000\" \/>\n\t<meta property=\"og:image:height\" content=\"1000\" \/>\n\t<meta property=\"og:image:type\" content=\"image\/jpeg\" \/>\n<meta name=\"twitter:card\" content=\"summary_large_image\" \/>\n<meta name=\"twitter:label1\" content=\"Dur\u00e9e de lecture estim\u00e9e\" \/>\n\t<meta name=\"twitter:data1\" content=\"1 minute\" \/>\n<script type=\"application\/ld+json\" class=\"yoast-schema-graph\">{\"@context\":\"https:\\\/\\\/schema.org\",\"@graph\":[{\"@type\":\"WebPage\",\"@id\":\"https:\\\/\\\/www.omrserrature.it\\\/fr\\\/produit\\\/capuchon-de-protection-pour-les-serrures\\\/\",\"url\":\"https:\\\/\\\/www.omrserrature.it\\\/fr\\\/produit\\\/capuchon-de-protection-pour-les-serrures\\\/\",\"name\":\"Capuchon de protection pour les serrures - OMR Serrature\",\"isPartOf\":{\"@id\":\"https:\\\/\\\/www.omrserrature.it\\\/fr\\\/#website\"},\"primaryImageOfPage\":{\"@id\":\"https:\\\/\\\/www.omrserrature.it\\\/fr\\\/produit\\\/capuchon-de-protection-pour-les-serrures\\\/#primaryimage\"},\"image\":{\"@id\":\"https:\\\/\\\/www.omrserrature.it\\\/fr\\\/produit\\\/capuchon-de-protection-pour-les-serrures\\\/#primaryimage\"},\"thumbnailUrl\":\"https:\\\/\\\/www.omrserrature.it\\\/wp-content\\\/uploads\\\/2021\\\/04\\\/tappo-protezione-serratura.jpg\",\"datePublished\":\"2024-04-21T12:44:00+00:00\",\"dateModified\":\"2026-04-08T09:27:16+00:00\",\"breadcrumb\":{\"@id\":\"https:\\\/\\\/www.omrserrature.it\\\/fr\\\/produit\\\/capuchon-de-protection-pour-les-serrures\\\/#breadcrumb\"},\"inLanguage\":\"fr-FR\",\"potentialAction\":[{\"@type\":\"ReadAction\",\"target\":[\"https:\\\/\\\/www.omrserrature.it\\\/fr\\\/produit\\\/capuchon-de-protection-pour-les-serrures\\\/\"]}]},{\"@type\":\"ImageObject\",\"inLanguage\":\"fr-FR\",\"@id\":\"https:\\\/\\\/www.omrserrature.it\\\/fr\\\/produit\\\/capuchon-de-protection-pour-les-serrures\\\/#primaryimage\",\"url\":\"https:\\\/\\\/www.omrserrature.it\\\/wp-content\\\/uploads\\\/2021\\\/04\\\/tappo-protezione-serratura.jpg\",\"contentUrl\":\"https:\\\/\\\/www.omrserrature.it\\\/wp-content\\\/uploads\\\/2021\\\/04\\\/tappo-protezione-serratura.jpg\",\"width\":1000,\"height\":1000,\"caption\":\"Capuchon de protection universel pour la serrure\"},{\"@type\":\"BreadcrumbList\",\"@id\":\"https:\\\/\\\/www.omrserrature.it\\\/fr\\\/produit\\\/capuchon-de-protection-pour-les-serrures\\\/#breadcrumb\",\"itemListElement\":[{\"@type\":\"ListItem\",\"position\":1,\"name\":\"Home\",\"item\":\"https:\\\/\\\/www.omrserrature.it\\\/fr\\\/omr-serrures-et-systemes-de-verrouillage\\\/\"},{\"@type\":\"ListItem\",\"position\":2,\"name\":\"Catalogue\",\"item\":\"https:\\\/\\\/www.omrserrature.it\\\/catalogue\\\/?lang=fr\"},{\"@type\":\"ListItem\",\"position\":3,\"name\":\"Produits\",\"item\":\"https:\\\/\\\/www.omrserrature.it\\\/fr\\\/catalogue\\\/produits\\\/\"},{\"@type\":\"ListItem\",\"position\":4,\"name\":\"Accessoires et pi\u00e8ces d\u00e9tach\u00e9es\",\"item\":\"https:\\\/\\\/www.omrserrature.it\\\/fr\\\/catalogue\\\/produits\\\/accessoires-et-pieces-detachees\\\/\"},{\"@type\":\"ListItem\",\"position\":5,\"name\":\"Capuchon de protection pour les serrures\"}]},{\"@type\":\"WebSite\",\"@id\":\"https:\\\/\\\/www.omrserrature.it\\\/fr\\\/#website\",\"url\":\"https:\\\/\\\/www.omrserrature.it\\\/fr\\\/\",\"name\":\"OMR Serrature | Produzione sistemi di chiusura\",\"description\":\"Produzione serrature di sicurezza e sistemi di chiusura\",\"publisher\":{\"@id\":\"https:\\\/\\\/www.omrserrature.it\\\/fr\\\/#organization\"},\"potentialAction\":[{\"@type\":\"SearchAction\",\"target\":{\"@type\":\"EntryPoint\",\"urlTemplate\":\"https:\\\/\\\/www.omrserrature.it\\\/fr\\\/?s={search_term_string}\"},\"query-input\":{\"@type\":\"PropertyValueSpecification\",\"valueRequired\":true,\"valueName\":\"search_term_string\"}}],\"inLanguage\":\"fr-FR\"},{\"@type\":\"Organization\",\"@id\":\"https:\\\/\\\/www.omrserrature.it\\\/fr\\\/#organization\",\"name\":\"OMR Serrature | Produzione sistemi di chiusura\",\"url\":\"https:\\\/\\\/www.omrserrature.it\\\/fr\\\/\",\"logo\":{\"@type\":\"ImageObject\",\"inLanguage\":\"fr-FR\",\"@id\":\"https:\\\/\\\/www.omrserrature.it\\\/fr\\\/#\\\/schema\\\/logo\\\/image\\\/\",\"url\":\"https:\\\/\\\/www.omrserrature.it\\\/wp-content\\\/uploads\\\/2017\\\/09\\\/favicon-omr-114.png\",\"contentUrl\":\"https:\\\/\\\/www.omrserrature.it\\\/wp-content\\\/uploads\\\/2017\\\/09\\\/favicon-omr-114.png\",\"width\":114,\"height\":114,\"caption\":\"OMR Serrature | Produzione sistemi di chiusura\"},\"image\":{\"@id\":\"https:\\\/\\\/www.omrserrature.it\\\/fr\\\/#\\\/schema\\\/logo\\\/image\\\/\"},\"sameAs\":[\"https:\\\/\\\/www.facebook.com\\\/OMRserrature\",\"https:\\\/\\\/www.linkedin.com\\\/company\\\/omrserrature\\\/\",\"https:\\\/\\\/www.youtube.com\\\/channel\\\/UCxmA85z2R0EpG_6IRokiAkg\"]}]}<\/script>\n<!-- \/ Yoast SEO plugin. -->","yoast_head_json":{"title":"Capuchon de protection pour les serrures - OMR Serrature","robots":{"index":"index","follow":"follow","max-snippet":"max-snippet:-1","max-image-preview":"max-image-preview:large","max-video-preview":"max-video-preview:-1"},"canonical":"https:\/\/www.omrserrature.it\/fr\/produit\/capuchon-de-protection-pour-les-serrures\/","og_locale":"fr_FR","og_type":"article","og_title":"Capuchon de protection pour les serrures - OMR Serrature","og_description":"Le capuchon de protection de la serrure est fabriqu\u00e9 en r\u00e9sine thermoplastique noire. Le bo\u00eetier de la serrure pr\u00e9sente la forme classique en double D (avec des c\u00f4t\u00e9s plats) pour accueillir n'importe quel type de serrure. Le couvercle est reli\u00e9 \u00e0 la base par un solide cavalier con\u00e7u pour r\u00e9sister \u00e0 de nombreux cycles d'ouverture et de fermeture, et garantit l'\u00e9tanch\u00e9it\u00e9 et la r\u00e9sistance aux contraintes, emp\u00eachant ainsi toute ouverture non d\u00e9sir\u00e9e.","og_url":"https:\/\/www.omrserrature.it\/fr\/produit\/capuchon-de-protection-pour-les-serrures\/","og_site_name":"OMR Serrature | Produzione sistemi di chiusura","article_publisher":"https:\/\/www.facebook.com\/OMRserrature","article_modified_time":"2026-04-08T09:27:16+00:00","og_image":[{"width":1000,"height":1000,"url":"https:\/\/www.omrserrature.it\/wp-content\/uploads\/2021\/04\/tappo-protezione-serratura.jpg","type":"image\/jpeg"}],"twitter_card":"summary_large_image","twitter_misc":{"Dur\u00e9e de lecture estim\u00e9e":"1 minute"},"schema":{"@context":"https:\/\/schema.org","@graph":[{"@type":"WebPage","@id":"https:\/\/www.omrserrature.it\/fr\/produit\/capuchon-de-protection-pour-les-serrures\/","url":"https:\/\/www.omrserrature.it\/fr\/produit\/capuchon-de-protection-pour-les-serrures\/","name":"Capuchon de protection pour les serrures - OMR Serrature","isPartOf":{"@id":"https:\/\/www.omrserrature.it\/fr\/#website"},"primaryImageOfPage":{"@id":"https:\/\/www.omrserrature.it\/fr\/produit\/capuchon-de-protection-pour-les-serrures\/#primaryimage"},"image":{"@id":"https:\/\/www.omrserrature.it\/fr\/produit\/capuchon-de-protection-pour-les-serrures\/#primaryimage"},"thumbnailUrl":"https:\/\/www.omrserrature.it\/wp-content\/uploads\/2021\/04\/tappo-protezione-serratura.jpg","datePublished":"2024-04-21T12:44:00+00:00","dateModified":"2026-04-08T09:27:16+00:00","breadcrumb":{"@id":"https:\/\/www.omrserrature.it\/fr\/produit\/capuchon-de-protection-pour-les-serrures\/#breadcrumb"},"inLanguage":"fr-FR","potentialAction":[{"@type":"ReadAction","target":["https:\/\/www.omrserrature.it\/fr\/produit\/capuchon-de-protection-pour-les-serrures\/"]}]},{"@type":"ImageObject","inLanguage":"fr-FR","@id":"https:\/\/www.omrserrature.it\/fr\/produit\/capuchon-de-protection-pour-les-serrures\/#primaryimage","url":"https:\/\/www.omrserrature.it\/wp-content\/uploads\/2021\/04\/tappo-protezione-serratura.jpg","contentUrl":"https:\/\/www.omrserrature.it\/wp-content\/uploads\/2021\/04\/tappo-protezione-serratura.jpg","width":1000,"height":1000,"caption":"Capuchon de protection universel pour la serrure"},{"@type":"BreadcrumbList","@id":"https:\/\/www.omrserrature.it\/fr\/produit\/capuchon-de-protection-pour-les-serrures\/#breadcrumb","itemListElement":[{"@type":"ListItem","position":1,"name":"Home","item":"https:\/\/www.omrserrature.it\/fr\/omr-serrures-et-systemes-de-verrouillage\/"},{"@type":"ListItem","position":2,"name":"Catalogue","item":"https:\/\/www.omrserrature.it\/catalogue\/?lang=fr"},{"@type":"ListItem","position":3,"name":"Produits","item":"https:\/\/www.omrserrature.it\/fr\/catalogue\/produits\/"},{"@type":"ListItem","position":4,"name":"Accessoires et pi\u00e8ces d\u00e9tach\u00e9es","item":"https:\/\/www.omrserrature.it\/fr\/catalogue\/produits\/accessoires-et-pieces-detachees\/"},{"@type":"ListItem","position":5,"name":"Capuchon de protection pour les serrures"}]},{"@type":"WebSite","@id":"https:\/\/www.omrserrature.it\/fr\/#website","url":"https:\/\/www.omrserrature.it\/fr\/","name":"OMR Serrature | Produzione sistemi di chiusura","description":"Produzione serrature di sicurezza e sistemi di chiusura","publisher":{"@id":"https:\/\/www.omrserrature.it\/fr\/#organization"},"potentialAction":[{"@type":"SearchAction","target":{"@type":"EntryPoint","urlTemplate":"https:\/\/www.omrserrature.it\/fr\/?s={search_term_string}"},"query-input":{"@type":"PropertyValueSpecification","valueRequired":true,"valueName":"search_term_string"}}],"inLanguage":"fr-FR"},{"@type":"Organization","@id":"https:\/\/www.omrserrature.it\/fr\/#organization","name":"OMR Serrature | Produzione sistemi di chiusura","url":"https:\/\/www.omrserrature.it\/fr\/","logo":{"@type":"ImageObject","inLanguage":"fr-FR","@id":"https:\/\/www.omrserrature.it\/fr\/#\/schema\/logo\/image\/","url":"https:\/\/www.omrserrature.it\/wp-content\/uploads\/2017\/09\/favicon-omr-114.png","contentUrl":"https:\/\/www.omrserrature.it\/wp-content\/uploads\/2017\/09\/favicon-omr-114.png","width":114,"height":114,"caption":"OMR Serrature | Produzione sistemi di chiusura"},"image":{"@id":"https:\/\/www.omrserrature.it\/fr\/#\/schema\/logo\/image\/"},"sameAs":["https:\/\/www.facebook.com\/OMRserrature","https:\/\/www.linkedin.com\/company\/omrserrature\/","https:\/\/www.youtube.com\/channel\/UCxmA85z2R0EpG_6IRokiAkg"]}]}},"_links":{"self":[{"href":"https:\/\/www.omrserrature.it\/fr\/wp-json\/wp\/v2\/product\/243382","targetHints":{"allow":["GET"]}}],"collection":[{"href":"https:\/\/www.omrserrature.it\/fr\/wp-json\/wp\/v2\/product"}],"about":[{"href":"https:\/\/www.omrserrature.it\/fr\/wp-json\/wp\/v2\/types\/product"}],"replies":[{"embeddable":true,"href":"https:\/\/www.omrserrature.it\/fr\/wp-json\/wp\/v2\/comments?post=243382"}],"wp:featuredmedia":[{"embeddable":true,"href":"https:\/\/www.omrserrature.it\/fr\/wp-json\/wp\/v2\/media\/19112"}],"wp:attachment":[{"href":"https:\/\/www.omrserrature.it\/fr\/wp-json\/wp\/v2\/media?parent=243382"}],"wp:term":[{"taxonomy":"product_brand","embeddable":true,"href":"https:\/\/www.omrserrature.it\/fr\/wp-json\/wp\/v2\/product_brand?post=243382"},{"taxonomy":"product_cat","embeddable":true,"href":"https:\/\/www.omrserrature.it\/fr\/wp-json\/wp\/v2\/product_cat?post=243382"},{"taxonomy":"product_tag","embeddable":true,"href":"https:\/\/www.omrserrature.it\/fr\/wp-json\/wp\/v2\/product_tag?post=243382"}],"curies":[{"name":"wp","href":"https:\/\/api.w.org\/{rel}","templated":true}]}}