{"id":243326,"date":"2017-10-09T15:50:03","date_gmt":"2009-10-17T13:50:00","guid":{"rendered":"https:\/\/www.staging6.omrserrature.it\/prodotto\/serrure-batteuse-o-18\/"},"modified":"2026-04-08T13:14:47","modified_gmt":"2026-04-08T11:14:47","slug":"serrure-batteuse-o-18","status":"publish","type":"product","link":"https:\/\/www.omrserrature.it\/fr\/produit\/serrure-batteuse-o-18\/","title":{"rendered":"Serrure batteuse \u00d8 18"},"content":{"rendered":"<p>La <strong>serrure universelle universelle<\/strong> \u00e0 came avec m\u00e9canisme \u00e0 paillettes est l&rsquo;une des plus populaires dans tous les domaines. La cl\u00e9 en laiton nickel\u00e9 d\u00e9place le rotor central \u00e0 lamelles situ\u00e9 \u00e0 l&rsquo;int\u00e9rieur d&rsquo;une bo\u00eete en alliage de zinc appel\u00e9e stator, bague ou corps. Le diam\u00e8tre est frais\u00e9 sur deux c\u00f4t\u00e9s oppos\u00e9s (plaques lat\u00e9rales) formant un double D pour emp\u00eacher la rotation du verrou \u00e0 came dans le si\u00e8ge d&rsquo;installation. L&rsquo;actionnement du <strong>came arri\u00e8re<\/strong> d\u00e9termine si la serrure batteuse est ferm\u00e9e ou ouverte.<\/p>\n<p>Le corps et le rotor de la serrure \u00e0 levier sont en alliage de zinc et la came en acier. L&#8217;embout carr\u00e9 de 7 mm permet \u00e9galement l&rsquo;installation de divers <strong>cames droites, coud\u00e9es ou \u00e0 crochet<\/strong>. Un diam\u00e8tre de 18 mm caract\u00e9rise ce produit dans lequel la cl\u00e9 peut \u00eatre extraite aussi bien en position ouverte que ferm\u00e9e. Le <strong>corps<\/strong> enti\u00e8rement <strong>filet\u00e9<\/strong> permet la fixation \u00e0 l&rsquo;aide d&rsquo;un \u00e9crou.  <\/p>\n<p>La serrure universelle \u00e0 came de 18 mm de diam\u00e8tre est l&rsquo;alternative comp\u00e9titive \u00e0 la<a href=\"https:\/\/www.omrserrature.it\/fr\/produit\/serrure-batteuse-o-18\/\" target=\"_blank\" rel=\"noopener\">\u00ab\u00a0serrure debo\u00eete aux lettres<\/a>\u00a0\u00bb \u00e0 pistons, \u00e9galement connue sous la marque<strong>\u00ab\u00a0Michel<\/strong>\u00a0\u00bb et utilis\u00e9e sur les <strong>bo\u00eetes aux lettres Seat<\/strong>. Gr\u00e2ce \u00e0 sa petite taille,<strong> elle est \u00e9galement utilis\u00e9e sur les portes vitr\u00e9es<\/strong> des panneaux d&rsquo;affichage et des vitrines. <\/p>\n","protected":false},"excerpt":{"rendered":"<p><strong>Serrure universelle<\/strong> \u00e0 paillettes avec m\u00e9canisme \u00e0 lamelles et diam\u00e8tre de 18 mm, l&rsquo;une des plus populaires pour sa polyvalence et sa compacit\u00e9. Corps en alliage de zinc, barillet \u00e0 paillettes et came arri\u00e8re pour l&rsquo;ouverture\/fermeture. <strong>Peut \u00eatre install\u00e9e avec \u00e9crou<\/strong> sur des tringles en m\u00e9tal ou en verre, id\u00e9ale \u00e9galement comme alternative \u00e0 la <a href=\"https:\/\/www.omrserrature.it\/fr\/produit\/serrure-batteuse-o-18\/\">serrure de bo\u00eete aux lettres de type Michel<\/a>. <\/p>\n","protected":false},"featured_media":25972,"comment_status":"open","ping_status":"closed","template":"","meta":{"_acf_changed":false,"_et_pb_use_builder":"","_et_pb_old_content":"","_et_gb_content_width":""},"product_brand":[],"product_cat":[3750,3738,3726,3753,3755,3699,3664,3638,3687,3658,3650,3691,3717,3696,3723,3722,3693,3732,3710,3709,3689,3714,3713,3719,3733,3729,3718,3712,3692,3715,3707,3705,3703,3704,3694,3698,3721,3697,3728,3716,3731,3690,3748],"product_tag":[],"class_list":{"0":"post-243326","1":"product","2":"type-product","3":"status-publish","4":"has-post-thumbnail","6":"product_cat-banque-et-poste","7":"product_cat-battant","8":"product_cat-des-serrures-pour-des-serrures","9":"product_cat-education-et-culture","10":"product_cat-hopitaux-et-soins-de-sante","11":"product_cat-serrure-darmoire-conforme-au-reglement-gdpr","12":"product_cat-serrure-etanche-inox","13":"product_cat-serrure-universelle-a-paillettes","14":"product_cat-serrures-a-came","15":"product_cat-serrures-a-passe-partout","16":"product_cat-serrures-avec-barillet-interchangeable","17":"product_cat-serrures-darmoires","18":"product_cat-serrures-de-boites-aux-lettres","19":"product_cat-serrures-de-machines","20":"product_cat-serrures-de-panneaux","21":"product_cat-serrures-de-portes","22":"product_cat-serrures-de-securite","23":"product_cat-serrures-de-securite-pour-meubles","24":"product_cat-serrures-pour-armoires-a-epi","25":"product_cat-serrures-pour-armoires-a-substances-dangereuses","26":"product_cat-serrures-pour-armoires-electriques","27":"product_cat-serrures-pour-armoires-industrielles","28":"product_cat-serrures-pour-armoires-phytosanitaires","29":"product_cat-serrures-pour-boites-postales","30":"product_cat-serrures-pour-carrosseries-frigorifiques","31":"product_cat-serrures-pour-casiers","32":"product_cat-serrures-pour-casiers-a-colis","33":"product_cat-serrures-pour-casiers-a-skis","34":"product_cat-serrures-pour-chariots-professionnels","35":"product_cat-serrures-pour-coffres-forts","36":"product_cat-serrures-pour-distributeurs","37":"product_cat-serrures-pour-entrepots-automatiques","38":"product_cat-serrures-pour-interrupteurs","39":"product_cat-serrures-pour-lindustrie-electromecanique","40":"product_cat-serrures-pour-les-boites-aux-lettres","41":"product_cat-serrures-pour-les-moyens-de-transport","42":"product_cat-serrures-pour-machines-a-sous","43":"product_cat-serrures-pour-meubles","44":"product_cat-serrures-pour-panneaux-de-signalisation","45":"product_cat-serrures-pour-rateliers-a-fusils","46":"product_cat-serrures-pour-vitrines-dexposition","47":"product_cat-serrures-professionnelles-pour-meubles","48":"product_cat-systemes-de-fermeture-pour-lindustrie","50":"first","51":"instock","52":"shipping-taxable","53":"product-type-simple"},"acf":{"pdf1":"https:\/\/www.omrserrature.it\/wp-content\/uploads\/schede\/Scheda_161950.pdf"},"yoast_head":"<!-- This site is optimized with the Yoast SEO plugin v27.2 - https:\/\/yoast.com\/product\/yoast-seo-wordpress\/ -->\n<title>Serrure batteuse \u00d8 18 - OMR Serrature<\/title>\n<meta name=\"robots\" content=\"index, follow, max-snippet:-1, max-image-preview:large, max-video-preview:-1\" \/>\n<link rel=\"canonical\" href=\"https:\/\/www.omrserrature.it\/fr\/produit\/serrure-batteuse-o-18\/\" \/>\n<meta property=\"og:locale\" content=\"fr_FR\" \/>\n<meta property=\"og:type\" content=\"article\" \/>\n<meta property=\"og:title\" content=\"Serrure batteuse \u00d8 18 - OMR Serrature\" \/>\n<meta property=\"og:description\" content=\"Serrure universelle \u00e0 paillettes avec m\u00e9canisme \u00e0 lamelles et diam\u00e8tre de 18 mm, l&#039;une des plus populaires pour sa polyvalence et sa compacit\u00e9. Corps en alliage de zinc, barillet \u00e0 paillettes et came arri\u00e8re pour l&#039;ouverture\/fermeture. Peut \u00eatre install\u00e9e avec \u00e9crou sur des tringles en m\u00e9tal ou en verre, id\u00e9ale \u00e9galement comme alternative \u00e0 la serrure de bo\u00eete aux lettres de type Michel.\" \/>\n<meta property=\"og:url\" content=\"https:\/\/www.omrserrature.it\/fr\/produit\/serrure-batteuse-o-18\/\" \/>\n<meta property=\"og:site_name\" content=\"OMR Serrature | Produzione sistemi di chiusura\" \/>\n<meta property=\"article:publisher\" content=\"https:\/\/www.facebook.com\/OMRserrature\" \/>\n<meta property=\"article:modified_time\" content=\"2026-04-08T11:14:47+00:00\" \/>\n<meta property=\"og:image\" content=\"https:\/\/www.omrserrature.it\/wp-content\/uploads\/2017\/10\/Serratura-universale-diamentro-18mm.jpg\" \/>\n\t<meta property=\"og:image:width\" content=\"600\" \/>\n\t<meta property=\"og:image:height\" content=\"600\" \/>\n\t<meta property=\"og:image:type\" content=\"image\/jpeg\" \/>\n<meta name=\"twitter:card\" content=\"summary_large_image\" \/>\n<meta name=\"twitter:label1\" content=\"Dur\u00e9e de lecture estim\u00e9e\" \/>\n\t<meta name=\"twitter:data1\" content=\"1 minute\" \/>\n<script type=\"application\/ld+json\" class=\"yoast-schema-graph\">{\"@context\":\"https:\/\/schema.org\",\"@graph\":[{\"@type\":\"WebPage\",\"@id\":\"https:\/\/www.omrserrature.it\/fr\/produit\/serrure-batteuse-o-18\/\",\"url\":\"https:\/\/www.omrserrature.it\/fr\/produit\/serrure-batteuse-o-18\/\",\"name\":\"Serrure batteuse \u00d8 18 - OMR Serrature\",\"isPartOf\":{\"@id\":\"https:\/\/www.omrserrature.it\/fr\/#website\"},\"primaryImageOfPage\":{\"@id\":\"https:\/\/www.omrserrature.it\/fr\/produit\/serrure-batteuse-o-18\/#primaryimage\"},\"image\":{\"@id\":\"https:\/\/www.omrserrature.it\/fr\/produit\/serrure-batteuse-o-18\/#primaryimage\"},\"thumbnailUrl\":\"https:\/\/www.omrserrature.it\/wp-content\/uploads\/2017\/10\/Serratura-universale-diamentro-18mm.jpg\",\"datePublished\":\"2009-10-17T13:50:00+00:00\",\"dateModified\":\"2026-04-08T11:14:47+00:00\",\"breadcrumb\":{\"@id\":\"https:\/\/www.omrserrature.it\/fr\/produit\/serrure-batteuse-o-18\/#breadcrumb\"},\"inLanguage\":\"fr-FR\",\"potentialAction\":[{\"@type\":\"ReadAction\",\"target\":[\"https:\/\/www.omrserrature.it\/fr\/produit\/serrure-batteuse-o-18\/\"]}]},{\"@type\":\"ImageObject\",\"inLanguage\":\"fr-FR\",\"@id\":\"https:\/\/www.omrserrature.it\/fr\/produit\/serrure-batteuse-o-18\/#primaryimage\",\"url\":\"https:\/\/www.omrserrature.it\/wp-content\/uploads\/2017\/10\/Serratura-universale-diamentro-18mm.jpg\",\"contentUrl\":\"https:\/\/www.omrserrature.it\/wp-content\/uploads\/2017\/10\/Serratura-universale-diamentro-18mm.jpg\",\"width\":600,\"height\":600,\"caption\":\"Serrure universelle diam\u00e8tre 18 mm\"},{\"@type\":\"BreadcrumbList\",\"@id\":\"https:\/\/www.omrserrature.it\/fr\/produit\/serrure-batteuse-o-18\/#breadcrumb\",\"itemListElement\":[{\"@type\":\"ListItem\",\"position\":1,\"name\":\"Home\",\"item\":\"https:\/\/www.omrserrature.it\/fr\/omr-serrures-et-systemes-de-verrouillage\/\"},{\"@type\":\"ListItem\",\"position\":2,\"name\":\"Catalogue\",\"item\":\"https:\/\/www.omrserrature.it\/catalogue\/?lang=fr\"},{\"@type\":\"ListItem\",\"position\":3,\"name\":\"Applications\",\"item\":\"https:\/\/www.omrserrature.it\/fr\/catalogue\/applications\/\"},{\"@type\":\"ListItem\",\"position\":4,\"name\":\"Serrures de s\u00e9curit\u00e9\",\"item\":\"https:\/\/www.omrserrature.it\/fr\/catalogue\/applications\/serrures-de-securite\/\"},{\"@type\":\"ListItem\",\"position\":5,\"name\":\"Serrure batteuse \u00d8 18\"}]},{\"@type\":\"WebSite\",\"@id\":\"https:\/\/www.omrserrature.it\/fr\/#website\",\"url\":\"https:\/\/www.omrserrature.it\/fr\/\",\"name\":\"OMR Serrature | Produzione sistemi di chiusura\",\"description\":\"Produzione serrature di sicurezza e sistemi di chiusura\",\"publisher\":{\"@id\":\"https:\/\/www.omrserrature.it\/fr\/#organization\"},\"potentialAction\":[{\"@type\":\"SearchAction\",\"target\":{\"@type\":\"EntryPoint\",\"urlTemplate\":\"https:\/\/www.omrserrature.it\/fr\/?s={search_term_string}\"},\"query-input\":{\"@type\":\"PropertyValueSpecification\",\"valueRequired\":true,\"valueName\":\"search_term_string\"}}],\"inLanguage\":\"fr-FR\"},{\"@type\":\"Organization\",\"@id\":\"https:\/\/www.omrserrature.it\/fr\/#organization\",\"name\":\"OMR Serrature | Produzione sistemi di chiusura\",\"url\":\"https:\/\/www.omrserrature.it\/fr\/\",\"logo\":{\"@type\":\"ImageObject\",\"inLanguage\":\"fr-FR\",\"@id\":\"https:\/\/www.omrserrature.it\/fr\/#\/schema\/logo\/image\/\",\"url\":\"https:\/\/www.omrserrature.it\/wp-content\/uploads\/2017\/09\/favicon-omr-114.png\",\"contentUrl\":\"https:\/\/www.omrserrature.it\/wp-content\/uploads\/2017\/09\/favicon-omr-114.png\",\"width\":114,\"height\":114,\"caption\":\"OMR Serrature | Produzione sistemi di chiusura\"},\"image\":{\"@id\":\"https:\/\/www.omrserrature.it\/fr\/#\/schema\/logo\/image\/\"},\"sameAs\":[\"https:\/\/www.facebook.com\/OMRserrature\",\"https:\/\/www.linkedin.com\/company\/omrserrature\/\",\"https:\/\/www.youtube.com\/channel\/UCxmA85z2R0EpG_6IRokiAkg\"]}]}<\/script>\n<!-- \/ Yoast SEO plugin. -->","yoast_head_json":{"title":"Serrure batteuse \u00d8 18 - OMR Serrature","robots":{"index":"index","follow":"follow","max-snippet":"max-snippet:-1","max-image-preview":"max-image-preview:large","max-video-preview":"max-video-preview:-1"},"canonical":"https:\/\/www.omrserrature.it\/fr\/produit\/serrure-batteuse-o-18\/","og_locale":"fr_FR","og_type":"article","og_title":"Serrure batteuse \u00d8 18 - OMR Serrature","og_description":"Serrure universelle \u00e0 paillettes avec m\u00e9canisme \u00e0 lamelles et diam\u00e8tre de 18 mm, l'une des plus populaires pour sa polyvalence et sa compacit\u00e9. Corps en alliage de zinc, barillet \u00e0 paillettes et came arri\u00e8re pour l'ouverture\/fermeture. Peut \u00eatre install\u00e9e avec \u00e9crou sur des tringles en m\u00e9tal ou en verre, id\u00e9ale \u00e9galement comme alternative \u00e0 la serrure de bo\u00eete aux lettres de type Michel.","og_url":"https:\/\/www.omrserrature.it\/fr\/produit\/serrure-batteuse-o-18\/","og_site_name":"OMR Serrature | Produzione sistemi di chiusura","article_publisher":"https:\/\/www.facebook.com\/OMRserrature","article_modified_time":"2026-04-08T11:14:47+00:00","og_image":[{"width":600,"height":600,"url":"https:\/\/www.omrserrature.it\/wp-content\/uploads\/2017\/10\/Serratura-universale-diamentro-18mm.jpg","type":"image\/jpeg"}],"twitter_card":"summary_large_image","twitter_misc":{"Dur\u00e9e de lecture estim\u00e9e":"1 minute"},"schema":{"@context":"https:\/\/schema.org","@graph":[{"@type":"WebPage","@id":"https:\/\/www.omrserrature.it\/fr\/produit\/serrure-batteuse-o-18\/","url":"https:\/\/www.omrserrature.it\/fr\/produit\/serrure-batteuse-o-18\/","name":"Serrure batteuse \u00d8 18 - OMR Serrature","isPartOf":{"@id":"https:\/\/www.omrserrature.it\/fr\/#website"},"primaryImageOfPage":{"@id":"https:\/\/www.omrserrature.it\/fr\/produit\/serrure-batteuse-o-18\/#primaryimage"},"image":{"@id":"https:\/\/www.omrserrature.it\/fr\/produit\/serrure-batteuse-o-18\/#primaryimage"},"thumbnailUrl":"https:\/\/www.omrserrature.it\/wp-content\/uploads\/2017\/10\/Serratura-universale-diamentro-18mm.jpg","datePublished":"2009-10-17T13:50:00+00:00","dateModified":"2026-04-08T11:14:47+00:00","breadcrumb":{"@id":"https:\/\/www.omrserrature.it\/fr\/produit\/serrure-batteuse-o-18\/#breadcrumb"},"inLanguage":"fr-FR","potentialAction":[{"@type":"ReadAction","target":["https:\/\/www.omrserrature.it\/fr\/produit\/serrure-batteuse-o-18\/"]}]},{"@type":"ImageObject","inLanguage":"fr-FR","@id":"https:\/\/www.omrserrature.it\/fr\/produit\/serrure-batteuse-o-18\/#primaryimage","url":"https:\/\/www.omrserrature.it\/wp-content\/uploads\/2017\/10\/Serratura-universale-diamentro-18mm.jpg","contentUrl":"https:\/\/www.omrserrature.it\/wp-content\/uploads\/2017\/10\/Serratura-universale-diamentro-18mm.jpg","width":600,"height":600,"caption":"Serrure universelle diam\u00e8tre 18 mm"},{"@type":"BreadcrumbList","@id":"https:\/\/www.omrserrature.it\/fr\/produit\/serrure-batteuse-o-18\/#breadcrumb","itemListElement":[{"@type":"ListItem","position":1,"name":"Home","item":"https:\/\/www.omrserrature.it\/fr\/omr-serrures-et-systemes-de-verrouillage\/"},{"@type":"ListItem","position":2,"name":"Catalogue","item":"https:\/\/www.omrserrature.it\/catalogue\/?lang=fr"},{"@type":"ListItem","position":3,"name":"Applications","item":"https:\/\/www.omrserrature.it\/fr\/catalogue\/applications\/"},{"@type":"ListItem","position":4,"name":"Serrures de s\u00e9curit\u00e9","item":"https:\/\/www.omrserrature.it\/fr\/catalogue\/applications\/serrures-de-securite\/"},{"@type":"ListItem","position":5,"name":"Serrure batteuse \u00d8 18"}]},{"@type":"WebSite","@id":"https:\/\/www.omrserrature.it\/fr\/#website","url":"https:\/\/www.omrserrature.it\/fr\/","name":"OMR Serrature | Produzione sistemi di chiusura","description":"Produzione serrature di sicurezza e sistemi di chiusura","publisher":{"@id":"https:\/\/www.omrserrature.it\/fr\/#organization"},"potentialAction":[{"@type":"SearchAction","target":{"@type":"EntryPoint","urlTemplate":"https:\/\/www.omrserrature.it\/fr\/?s={search_term_string}"},"query-input":{"@type":"PropertyValueSpecification","valueRequired":true,"valueName":"search_term_string"}}],"inLanguage":"fr-FR"},{"@type":"Organization","@id":"https:\/\/www.omrserrature.it\/fr\/#organization","name":"OMR Serrature | Produzione sistemi di chiusura","url":"https:\/\/www.omrserrature.it\/fr\/","logo":{"@type":"ImageObject","inLanguage":"fr-FR","@id":"https:\/\/www.omrserrature.it\/fr\/#\/schema\/logo\/image\/","url":"https:\/\/www.omrserrature.it\/wp-content\/uploads\/2017\/09\/favicon-omr-114.png","contentUrl":"https:\/\/www.omrserrature.it\/wp-content\/uploads\/2017\/09\/favicon-omr-114.png","width":114,"height":114,"caption":"OMR Serrature | Produzione sistemi di chiusura"},"image":{"@id":"https:\/\/www.omrserrature.it\/fr\/#\/schema\/logo\/image\/"},"sameAs":["https:\/\/www.facebook.com\/OMRserrature","https:\/\/www.linkedin.com\/company\/omrserrature\/","https:\/\/www.youtube.com\/channel\/UCxmA85z2R0EpG_6IRokiAkg"]}]}},"_links":{"self":[{"href":"https:\/\/www.omrserrature.it\/fr\/wp-json\/wp\/v2\/product\/243326","targetHints":{"allow":["GET"]}}],"collection":[{"href":"https:\/\/www.omrserrature.it\/fr\/wp-json\/wp\/v2\/product"}],"about":[{"href":"https:\/\/www.omrserrature.it\/fr\/wp-json\/wp\/v2\/types\/product"}],"replies":[{"embeddable":true,"href":"https:\/\/www.omrserrature.it\/fr\/wp-json\/wp\/v2\/comments?post=243326"}],"wp:featuredmedia":[{"embeddable":true,"href":"https:\/\/www.omrserrature.it\/fr\/wp-json\/wp\/v2\/media\/25972"}],"wp:attachment":[{"href":"https:\/\/www.omrserrature.it\/fr\/wp-json\/wp\/v2\/media?parent=243326"}],"wp:term":[{"taxonomy":"product_brand","embeddable":true,"href":"https:\/\/www.omrserrature.it\/fr\/wp-json\/wp\/v2\/product_brand?post=243326"},{"taxonomy":"product_cat","embeddable":true,"href":"https:\/\/www.omrserrature.it\/fr\/wp-json\/wp\/v2\/product_cat?post=243326"},{"taxonomy":"product_tag","embeddable":true,"href":"https:\/\/www.omrserrature.it\/fr\/wp-json\/wp\/v2\/product_tag?post=243326"}],"curies":[{"name":"wp","href":"https:\/\/api.w.org\/{rel}","templated":true}]}}