{"id":243321,"date":"2017-10-09T16:17:18","date_gmt":"2009-10-17T14:17:00","guid":{"rendered":"https:\/\/www.staging6.omrserrature.it\/prodotto\/serrure-universelle-a-tete-carree\/"},"modified":"2026-04-08T13:15:00","modified_gmt":"2026-04-08T11:15:00","slug":"serrure-universelle-a-tete-carree","status":"publish","type":"product","link":"https:\/\/www.omrserrature.it\/fr\/produit\/serrure-universelle-a-tete-carree\/","title":{"rendered":"Serrure universelle \u00e0 t\u00eate carr\u00e9e"},"content":{"rendered":"<p>La <strong>serrure universelle \u00e0 came \u00e0 t\u00eate carr\u00e9e<\/strong> est l&rsquo;une des serrures les plus populaires dans tous les domaines. La cl\u00e9 en laiton nickel\u00e9 d\u00e9place le rotor \u00e0 5 lamelles situ\u00e9 \u00e0 l&rsquo;int\u00e9rieur d&rsquo;un bo\u00eetier en alliage de zinc appel\u00e9 stator, bague ou corps.  Le diam\u00e8tre est frais\u00e9 sur deux c\u00f4t\u00e9s oppos\u00e9s (plaques lat\u00e9rales) formant un double D pour emp\u00eacher la rotation de la serrure dans le si\u00e8ge d&rsquo;installation. L&rsquo;actionnement du <strong>came arri\u00e8re<\/strong> d\u00e9termine si la serrure batteuse est ferm\u00e9e ou ouverte.<\/p>\n<p>Le corps et le rotor de la serrure \u00e0 levier sont en alliage de zinc et la came en acier. La borne carr\u00e9e de 7 mm permet \u00e9galement l&rsquo;installation d&rsquo;une vari\u00e9t\u00e9 de <strong>cames droites, coud\u00e9es ou \u00e0 crochet<\/strong>, ainsi que d&rsquo;\u00e9triers pour d\u00e9placer les tringles (vers le haut et vers le bas).  Le corps enti\u00e8rement filet\u00e9 permet une <strong>fixation avec un \u00e9crou, mais aussi \u00e0 l&rsquo;aide d&rsquo;une fourchette ou d&rsquo;un clip<\/strong> pour une installation rapide sur des feuilles d&rsquo;acier, d&rsquo;aluminium ou de plastique.<\/p>\n<p>La serrure universelle \u00e0 came est id\u00e9ale pour les installations sur les caisses enregistreuses, les pr\u00e9sentoirs, le mobilier de bureau, les portes m\u00e9talliques, les volets, les produits de menuiserie, les bo\u00eetes en t\u00f4le, les syst\u00e8mes de distribution automatique et de lavage de voitures, les machines et les panneaux de commande.<\/p>\n","protected":false},"excerpt":{"rendered":"<p><strong>Serrure universelle \u00e0 levier avec t\u00eate<\/strong> carr\u00e9e, durable et polyvalente gr\u00e2ce \u00e0 l&#8217;embout carr\u00e9 de 7 mm qui peut s&rsquo;adapter \u00e0 des came droites, coud\u00e9es et \u00e0 crochet. Le corps en alliage de zinc avec barillet \u00e0 paillettes assure la s\u00e9curit\u00e9 et la stabilit\u00e9 en place. Installation rapide sur l&rsquo;acier, l&rsquo;aluminium ou le plastique.    <strong>Id\u00e9al pour les meubles, les portes, les bo\u00eetes et les installations industrielles.<\/strong><\/p>\n","protected":false},"featured_media":3444,"comment_status":"open","ping_status":"closed","template":"","meta":{"_acf_changed":false,"_et_pb_use_builder":"","_et_pb_old_content":"","_et_gb_content_width":""},"product_brand":[],"product_cat":[3750,3738,3726,3755,3661,3699,3664,3638,3687,3658,3650,3691,3717,3723,3722,3693,3732,3710,3709,3711,3689,3714,3713,3719,3729,3718,3712,3692,3715,3707,3703,3694,3697,3728,3716,3748],"product_tag":[],"class_list":{"0":"post-243321","1":"product","2":"type-product","3":"status-publish","4":"has-post-thumbnail","6":"product_cat-banque-et-poste","7":"product_cat-battant","8":"product_cat-des-serrures-pour-des-serrures","9":"product_cat-hopitaux-et-soins-de-sante","10":"product_cat-micro-serrures","11":"product_cat-serrure-darmoire-conforme-au-reglement-gdpr","12":"product_cat-serrure-etanche-inox","13":"product_cat-serrure-universelle-a-paillettes","14":"product_cat-serrures-a-came","15":"product_cat-serrures-a-passe-partout","16":"product_cat-serrures-avec-barillet-interchangeable","17":"product_cat-serrures-darmoires","18":"product_cat-serrures-de-boites-aux-lettres","19":"product_cat-serrures-de-panneaux","20":"product_cat-serrures-de-portes","21":"product_cat-serrures-de-securite","22":"product_cat-serrures-de-securite-pour-meubles","23":"product_cat-serrures-pour-armoires-a-epi","24":"product_cat-serrures-pour-armoires-a-substances-dangereuses","25":"product_cat-serrures-pour-armoires-de-balcon","26":"product_cat-serrures-pour-armoires-electriques","27":"product_cat-serrures-pour-armoires-industrielles","28":"product_cat-serrures-pour-armoires-phytosanitaires","29":"product_cat-serrures-pour-boites-postales","30":"product_cat-serrures-pour-casiers","31":"product_cat-serrures-pour-casiers-a-colis","32":"product_cat-serrures-pour-casiers-a-skis","33":"product_cat-serrures-pour-chariots-professionnels","34":"product_cat-serrures-pour-coffres-forts","35":"product_cat-serrures-pour-distributeurs","36":"product_cat-serrures-pour-interrupteurs","37":"product_cat-serrures-pour-les-boites-aux-lettres","38":"product_cat-serrures-pour-meubles","39":"product_cat-serrures-pour-panneaux-de-signalisation","40":"product_cat-serrures-pour-rateliers-a-fusils","41":"product_cat-systemes-de-fermeture-pour-lindustrie","43":"first","44":"instock","45":"shipping-taxable","46":"product-type-simple"},"acf":{"pdf1":"https:\/\/www.omrserrature.it\/wp-content\/uploads\/2017\/10\/Scheda-165821.pdf"},"yoast_head":"<!-- This site is optimized with the Yoast SEO plugin v27.2 - https:\/\/yoast.com\/product\/yoast-seo-wordpress\/ -->\n<title>Serrure universelle \u00e0 t\u00eate carr\u00e9e - OMR Serrature<\/title>\n<meta name=\"robots\" content=\"index, follow, max-snippet:-1, max-image-preview:large, max-video-preview:-1\" \/>\n<link rel=\"canonical\" href=\"https:\/\/www.omrserrature.it\/fr\/produit\/serrure-universelle-a-tete-carree\/\" \/>\n<meta property=\"og:locale\" content=\"fr_FR\" \/>\n<meta property=\"og:type\" content=\"article\" \/>\n<meta property=\"og:title\" content=\"Serrure universelle \u00e0 t\u00eate carr\u00e9e - OMR Serrature\" \/>\n<meta property=\"og:description\" content=\"Serrure universelle \u00e0 levier avec t\u00eate carr\u00e9e, durable et polyvalente gr\u00e2ce \u00e0 l&#039;embout carr\u00e9 de 7 mm qui peut s&#039;adapter \u00e0 des came droites, coud\u00e9es et \u00e0 crochet. Le corps en alliage de zinc avec barillet \u00e0 paillettes assure la s\u00e9curit\u00e9 et la stabilit\u00e9 en place. Installation rapide sur l&#039;acier, l&#039;aluminium ou le plastique.  Id\u00e9al pour les meubles, les portes, les bo\u00eetes et les installations industrielles.\" \/>\n<meta property=\"og:url\" content=\"https:\/\/www.omrserrature.it\/fr\/produit\/serrure-universelle-a-tete-carree\/\" \/>\n<meta property=\"og:site_name\" content=\"OMR Serrature | Produzione sistemi di chiusura\" \/>\n<meta property=\"article:publisher\" content=\"https:\/\/www.facebook.com\/OMRserrature\" \/>\n<meta property=\"article:modified_time\" content=\"2026-04-08T11:15:00+00:00\" \/>\n<meta property=\"og:image\" content=\"https:\/\/www.omrserrature.it\/wp-content\/uploads\/2017\/10\/serratura-universale-testa-quadra.jpg\" \/>\n\t<meta property=\"og:image:width\" content=\"512\" \/>\n\t<meta property=\"og:image:height\" content=\"371\" \/>\n\t<meta property=\"og:image:type\" content=\"image\/jpeg\" \/>\n<meta name=\"twitter:card\" content=\"summary_large_image\" \/>\n<meta name=\"twitter:label1\" content=\"Dur\u00e9e de lecture estim\u00e9e\" \/>\n\t<meta name=\"twitter:data1\" content=\"1 minute\" \/>\n<script type=\"application\/ld+json\" class=\"yoast-schema-graph\">{\"@context\":\"https:\/\/schema.org\",\"@graph\":[{\"@type\":\"WebPage\",\"@id\":\"https:\/\/www.omrserrature.it\/fr\/produit\/serrure-universelle-a-tete-carree\/\",\"url\":\"https:\/\/www.omrserrature.it\/fr\/produit\/serrure-universelle-a-tete-carree\/\",\"name\":\"Serrure universelle \u00e0 t\u00eate carr\u00e9e - OMR Serrature\",\"isPartOf\":{\"@id\":\"https:\/\/www.omrserrature.it\/fr\/#website\"},\"primaryImageOfPage\":{\"@id\":\"https:\/\/www.omrserrature.it\/fr\/produit\/serrure-universelle-a-tete-carree\/#primaryimage\"},\"image\":{\"@id\":\"https:\/\/www.omrserrature.it\/fr\/produit\/serrure-universelle-a-tete-carree\/#primaryimage\"},\"thumbnailUrl\":\"https:\/\/www.omrserrature.it\/wp-content\/uploads\/2017\/10\/serratura-universale-testa-quadra.jpg\",\"datePublished\":\"2009-10-17T14:17:00+00:00\",\"dateModified\":\"2026-04-08T11:15:00+00:00\",\"breadcrumb\":{\"@id\":\"https:\/\/www.omrserrature.it\/fr\/produit\/serrure-universelle-a-tete-carree\/#breadcrumb\"},\"inLanguage\":\"fr-FR\",\"potentialAction\":[{\"@type\":\"ReadAction\",\"target\":[\"https:\/\/www.omrserrature.it\/fr\/produit\/serrure-universelle-a-tete-carree\/\"]}]},{\"@type\":\"ImageObject\",\"inLanguage\":\"fr-FR\",\"@id\":\"https:\/\/www.omrserrature.it\/fr\/produit\/serrure-universelle-a-tete-carree\/#primaryimage\",\"url\":\"https:\/\/www.omrserrature.it\/wp-content\/uploads\/2017\/10\/serratura-universale-testa-quadra.jpg\",\"contentUrl\":\"https:\/\/www.omrserrature.it\/wp-content\/uploads\/2017\/10\/serratura-universale-testa-quadra.jpg\",\"width\":512,\"height\":371,\"caption\":\"Serrure universelle \u00e0 came - Diam\u00e8tre du levier de serrure 15 mm\"},{\"@type\":\"BreadcrumbList\",\"@id\":\"https:\/\/www.omrserrature.it\/fr\/produit\/serrure-universelle-a-tete-carree\/#breadcrumb\",\"itemListElement\":[{\"@type\":\"ListItem\",\"position\":1,\"name\":\"Home\",\"item\":\"https:\/\/www.omrserrature.it\/fr\/omr-serrures-et-systemes-de-verrouillage\/\"},{\"@type\":\"ListItem\",\"position\":2,\"name\":\"Catalogue\",\"item\":\"https:\/\/www.omrserrature.it\/catalogue\/?lang=fr\"},{\"@type\":\"ListItem\",\"position\":3,\"name\":\"Produits\",\"item\":\"https:\/\/www.omrserrature.it\/fr\/catalogue\/produits\/\"},{\"@type\":\"ListItem\",\"position\":4,\"name\":\"Serrures\",\"item\":\"https:\/\/www.omrserrature.it\/fr\/catalogue\/produits\/serrures\/\"},{\"@type\":\"ListItem\",\"position\":5,\"name\":\"Micro-serrures\",\"item\":\"https:\/\/www.omrserrature.it\/fr\/catalogue\/produits\/serrures\/micro-serrures\/\"},{\"@type\":\"ListItem\",\"position\":6,\"name\":\"Serrure universelle \u00e0 t\u00eate carr\u00e9e\"}]},{\"@type\":\"WebSite\",\"@id\":\"https:\/\/www.omrserrature.it\/fr\/#website\",\"url\":\"https:\/\/www.omrserrature.it\/fr\/\",\"name\":\"OMR Serrature | Produzione sistemi di chiusura\",\"description\":\"Produzione serrature di sicurezza e sistemi di chiusura\",\"publisher\":{\"@id\":\"https:\/\/www.omrserrature.it\/fr\/#organization\"},\"potentialAction\":[{\"@type\":\"SearchAction\",\"target\":{\"@type\":\"EntryPoint\",\"urlTemplate\":\"https:\/\/www.omrserrature.it\/fr\/?s={search_term_string}\"},\"query-input\":{\"@type\":\"PropertyValueSpecification\",\"valueRequired\":true,\"valueName\":\"search_term_string\"}}],\"inLanguage\":\"fr-FR\"},{\"@type\":\"Organization\",\"@id\":\"https:\/\/www.omrserrature.it\/fr\/#organization\",\"name\":\"OMR Serrature | Produzione sistemi di chiusura\",\"url\":\"https:\/\/www.omrserrature.it\/fr\/\",\"logo\":{\"@type\":\"ImageObject\",\"inLanguage\":\"fr-FR\",\"@id\":\"https:\/\/www.omrserrature.it\/fr\/#\/schema\/logo\/image\/\",\"url\":\"https:\/\/www.omrserrature.it\/wp-content\/uploads\/2017\/09\/favicon-omr-114.png\",\"contentUrl\":\"https:\/\/www.omrserrature.it\/wp-content\/uploads\/2017\/09\/favicon-omr-114.png\",\"width\":114,\"height\":114,\"caption\":\"OMR Serrature | Produzione sistemi di chiusura\"},\"image\":{\"@id\":\"https:\/\/www.omrserrature.it\/fr\/#\/schema\/logo\/image\/\"},\"sameAs\":[\"https:\/\/www.facebook.com\/OMRserrature\",\"https:\/\/www.linkedin.com\/company\/omrserrature\/\",\"https:\/\/www.youtube.com\/channel\/UCxmA85z2R0EpG_6IRokiAkg\"]}]}<\/script>\n<!-- \/ Yoast SEO plugin. -->","yoast_head_json":{"title":"Serrure universelle \u00e0 t\u00eate carr\u00e9e - OMR Serrature","robots":{"index":"index","follow":"follow","max-snippet":"max-snippet:-1","max-image-preview":"max-image-preview:large","max-video-preview":"max-video-preview:-1"},"canonical":"https:\/\/www.omrserrature.it\/fr\/produit\/serrure-universelle-a-tete-carree\/","og_locale":"fr_FR","og_type":"article","og_title":"Serrure universelle \u00e0 t\u00eate carr\u00e9e - OMR Serrature","og_description":"Serrure universelle \u00e0 levier avec t\u00eate carr\u00e9e, durable et polyvalente gr\u00e2ce \u00e0 l'embout carr\u00e9 de 7 mm qui peut s'adapter \u00e0 des came droites, coud\u00e9es et \u00e0 crochet. Le corps en alliage de zinc avec barillet \u00e0 paillettes assure la s\u00e9curit\u00e9 et la stabilit\u00e9 en place. Installation rapide sur l'acier, l'aluminium ou le plastique.  Id\u00e9al pour les meubles, les portes, les bo\u00eetes et les installations industrielles.","og_url":"https:\/\/www.omrserrature.it\/fr\/produit\/serrure-universelle-a-tete-carree\/","og_site_name":"OMR Serrature | Produzione sistemi di chiusura","article_publisher":"https:\/\/www.facebook.com\/OMRserrature","article_modified_time":"2026-04-08T11:15:00+00:00","og_image":[{"width":512,"height":371,"url":"https:\/\/www.omrserrature.it\/wp-content\/uploads\/2017\/10\/serratura-universale-testa-quadra.jpg","type":"image\/jpeg"}],"twitter_card":"summary_large_image","twitter_misc":{"Dur\u00e9e de lecture estim\u00e9e":"1 minute"},"schema":{"@context":"https:\/\/schema.org","@graph":[{"@type":"WebPage","@id":"https:\/\/www.omrserrature.it\/fr\/produit\/serrure-universelle-a-tete-carree\/","url":"https:\/\/www.omrserrature.it\/fr\/produit\/serrure-universelle-a-tete-carree\/","name":"Serrure universelle \u00e0 t\u00eate carr\u00e9e - OMR Serrature","isPartOf":{"@id":"https:\/\/www.omrserrature.it\/fr\/#website"},"primaryImageOfPage":{"@id":"https:\/\/www.omrserrature.it\/fr\/produit\/serrure-universelle-a-tete-carree\/#primaryimage"},"image":{"@id":"https:\/\/www.omrserrature.it\/fr\/produit\/serrure-universelle-a-tete-carree\/#primaryimage"},"thumbnailUrl":"https:\/\/www.omrserrature.it\/wp-content\/uploads\/2017\/10\/serratura-universale-testa-quadra.jpg","datePublished":"2009-10-17T14:17:00+00:00","dateModified":"2026-04-08T11:15:00+00:00","breadcrumb":{"@id":"https:\/\/www.omrserrature.it\/fr\/produit\/serrure-universelle-a-tete-carree\/#breadcrumb"},"inLanguage":"fr-FR","potentialAction":[{"@type":"ReadAction","target":["https:\/\/www.omrserrature.it\/fr\/produit\/serrure-universelle-a-tete-carree\/"]}]},{"@type":"ImageObject","inLanguage":"fr-FR","@id":"https:\/\/www.omrserrature.it\/fr\/produit\/serrure-universelle-a-tete-carree\/#primaryimage","url":"https:\/\/www.omrserrature.it\/wp-content\/uploads\/2017\/10\/serratura-universale-testa-quadra.jpg","contentUrl":"https:\/\/www.omrserrature.it\/wp-content\/uploads\/2017\/10\/serratura-universale-testa-quadra.jpg","width":512,"height":371,"caption":"Serrure universelle \u00e0 came - Diam\u00e8tre du levier de serrure 15 mm"},{"@type":"BreadcrumbList","@id":"https:\/\/www.omrserrature.it\/fr\/produit\/serrure-universelle-a-tete-carree\/#breadcrumb","itemListElement":[{"@type":"ListItem","position":1,"name":"Home","item":"https:\/\/www.omrserrature.it\/fr\/omr-serrures-et-systemes-de-verrouillage\/"},{"@type":"ListItem","position":2,"name":"Catalogue","item":"https:\/\/www.omrserrature.it\/catalogue\/?lang=fr"},{"@type":"ListItem","position":3,"name":"Produits","item":"https:\/\/www.omrserrature.it\/fr\/catalogue\/produits\/"},{"@type":"ListItem","position":4,"name":"Serrures","item":"https:\/\/www.omrserrature.it\/fr\/catalogue\/produits\/serrures\/"},{"@type":"ListItem","position":5,"name":"Micro-serrures","item":"https:\/\/www.omrserrature.it\/fr\/catalogue\/produits\/serrures\/micro-serrures\/"},{"@type":"ListItem","position":6,"name":"Serrure universelle \u00e0 t\u00eate carr\u00e9e"}]},{"@type":"WebSite","@id":"https:\/\/www.omrserrature.it\/fr\/#website","url":"https:\/\/www.omrserrature.it\/fr\/","name":"OMR Serrature | Produzione sistemi di chiusura","description":"Produzione serrature di sicurezza e sistemi di chiusura","publisher":{"@id":"https:\/\/www.omrserrature.it\/fr\/#organization"},"potentialAction":[{"@type":"SearchAction","target":{"@type":"EntryPoint","urlTemplate":"https:\/\/www.omrserrature.it\/fr\/?s={search_term_string}"},"query-input":{"@type":"PropertyValueSpecification","valueRequired":true,"valueName":"search_term_string"}}],"inLanguage":"fr-FR"},{"@type":"Organization","@id":"https:\/\/www.omrserrature.it\/fr\/#organization","name":"OMR Serrature | Produzione sistemi di chiusura","url":"https:\/\/www.omrserrature.it\/fr\/","logo":{"@type":"ImageObject","inLanguage":"fr-FR","@id":"https:\/\/www.omrserrature.it\/fr\/#\/schema\/logo\/image\/","url":"https:\/\/www.omrserrature.it\/wp-content\/uploads\/2017\/09\/favicon-omr-114.png","contentUrl":"https:\/\/www.omrserrature.it\/wp-content\/uploads\/2017\/09\/favicon-omr-114.png","width":114,"height":114,"caption":"OMR Serrature | Produzione sistemi di chiusura"},"image":{"@id":"https:\/\/www.omrserrature.it\/fr\/#\/schema\/logo\/image\/"},"sameAs":["https:\/\/www.facebook.com\/OMRserrature","https:\/\/www.linkedin.com\/company\/omrserrature\/","https:\/\/www.youtube.com\/channel\/UCxmA85z2R0EpG_6IRokiAkg"]}]}},"_links":{"self":[{"href":"https:\/\/www.omrserrature.it\/fr\/wp-json\/wp\/v2\/product\/243321","targetHints":{"allow":["GET"]}}],"collection":[{"href":"https:\/\/www.omrserrature.it\/fr\/wp-json\/wp\/v2\/product"}],"about":[{"href":"https:\/\/www.omrserrature.it\/fr\/wp-json\/wp\/v2\/types\/product"}],"replies":[{"embeddable":true,"href":"https:\/\/www.omrserrature.it\/fr\/wp-json\/wp\/v2\/comments?post=243321"}],"wp:featuredmedia":[{"embeddable":true,"href":"https:\/\/www.omrserrature.it\/fr\/wp-json\/wp\/v2\/media\/3444"}],"wp:attachment":[{"href":"https:\/\/www.omrserrature.it\/fr\/wp-json\/wp\/v2\/media?parent=243321"}],"wp:term":[{"taxonomy":"product_brand","embeddable":true,"href":"https:\/\/www.omrserrature.it\/fr\/wp-json\/wp\/v2\/product_brand?post=243321"},{"taxonomy":"product_cat","embeddable":true,"href":"https:\/\/www.omrserrature.it\/fr\/wp-json\/wp\/v2\/product_cat?post=243321"},{"taxonomy":"product_tag","embeddable":true,"href":"https:\/\/www.omrserrature.it\/fr\/wp-json\/wp\/v2\/product_tag?post=243321"}],"curies":[{"name":"wp","href":"https:\/\/api.w.org\/{rel}","templated":true}]}}