{"id":243298,"date":"2024-05-28T11:49:06","date_gmt":"2024-05-28T09:49:06","guid":{"rendered":"https:\/\/www.staging6.omrserrature.it\/prodotto\/serrure-universelle-du-rotor-en-acier-inoxydable\/"},"modified":"2026-04-08T11:14:19","modified_gmt":"2026-04-08T09:14:19","slug":"serrure-universelle-du-rotor-en-acier-inoxydable","status":"publish","type":"product","link":"https:\/\/www.omrserrature.it\/fr\/produit\/serrure-universelle-du-rotor-en-acier-inoxydable\/","title":{"rendered":"Serrure universelle du rotor en acier inoxydable"},"content":{"rendered":"<p>La <strong>serrure universelle<\/strong> \u00e0 paillettes avec <strong>m\u00e9canisme \u00e0 paillettes<\/strong>, <strong>batteuse \u00e0 poussi\u00e8res et capuchon en acier inoxydable<\/strong>, amicalement appel\u00e9e \u00ab\u00a0pawl\u00a0\u00bb, fait partie des serrures les plus fiables en termes de r\u00e9sistance aux intemp\u00e9ries et \u00e0 la corrosion. La cl\u00e9 en laiton nickel\u00e9 d\u00e9place le barillet central \u00e0 paillettes situ\u00e9 \u00e0 l&rsquo;int\u00e9rieur d&rsquo;une bo\u00eete en alliage de zinc appel\u00e9e corps ou bague. Le diam\u00e8tre est frais\u00e9 sur deux c\u00f4t\u00e9s oppos\u00e9s (plaques lat\u00e9rales) formant un double D pour emp\u00eacher la rotation de la serrure dans le si\u00e8ge d&rsquo;installation. L&rsquo;actionnement du<strong> came arri\u00e8re<\/strong> d\u00e9termine si la serrure batteuse est ferm\u00e9e ou ouverte.<\/p>\n<p>Le corps de la serrure, le rotor et le came de la g\u00e2che sont en alliage de zinc, et le capuchon en acier inoxydable. L&rsquo;<strong>embout carr\u00e9 de 7 mm<\/strong> permet \u00e9galement l&rsquo;installation de divers syst\u00e8mes de <strong>verrouillage<\/strong>.   <strong>cames droites, coud\u00e9 ou \u00e0 crochet Les <\/strong> le <strong>corps<\/strong> enti\u00e8rement <strong>filet\u00e9<\/strong> permet une fixation par \u00e9crou, mais aussi par fourchette ou clip pour une<strong>installation rapide <\/strong><strong><span style=\"font-weight: normal;\">sur des feuilles d&rsquo;acier, d&rsquo;aluminium ou de plastique<\/span><\/strong>.<\/p>\n<p>La serrure universelle \u00e0 came avec couvercle anti-poussi\u00e8re et capuchon en acier inoxydable est donc id\u00e9ale pour les meubles et les conteneurs \u00e0 installer \u00e0 l&rsquo;ext\u00e9rieur, tels que les coffres de moto, les coffres et les galeries de toit pour voitures, les porte-v\u00e9los, les porte-skis, les portes m\u00e9talliques, les volets, les travaux de menuiserie, les bo\u00eetes en t\u00f4le, les distributeurs automatiques et les syst\u00e8mes de lavage de voitures.<\/p>\n","protected":false},"excerpt":{"rendered":"<p>La serrure universelle \u00e0 came \u00e0 serrure \u00e0 lamelles, compl\u00e8te avec couvercle anti-poussi\u00e8re et capuchon en acier inoxydable,<strong> est con\u00e7ue pour r\u00e9sister aux intemp\u00e9ries et \u00e0 la corrosion<\/strong>. La cl\u00e9 en laiton actionne un rotor central \u00e0 5 lames qui se trouve \u00e0 l&rsquo;int\u00e9rieur d&rsquo;un corps en alliage de zinc avec un diam\u00e8tre frais\u00e9 en double D, qui emp\u00eache la rotation de la serrure dans le bo\u00eetier. L&rsquo;extr\u00e9mit\u00e9 carr\u00e9e de 7 mm permet l&rsquo;installation de cames droites, coud\u00e9es ou \u00e0 crochet.   Il est disponible avec une fixation rapide au moyen d&rsquo;une fourchette (clip) ou d&rsquo;un \u00e9crou, sur des feuilles d&rsquo;acier, d&rsquo;aluminium ou de plastique.  <strong>Id\u00e9al pour les applications ext\u00e9rieures telles que les coffres de moto, les porte-v\u00e9los, les portes et les syst\u00e8mes de lavage de voitures.<\/strong><\/p>\n","protected":false},"featured_media":3438,"comment_status":"open","ping_status":"closed","template":"","meta":{"_acf_changed":false,"_et_pb_use_builder":"off","_et_pb_old_content":"La <strong>serrure universelle<\/strong> \u00e0 paillettes avec <strong>m\u00e9canisme \u00e0 paillettes<\/strong>, <strong>batteuse \u00e0 poussi\u00e8res et capuchon en acier inoxydable<\/strong>, amicalement appel\u00e9e \"pawl\", fait partie des serrures les plus fiables en termes de r\u00e9sistance aux intemp\u00e9ries et \u00e0 la corrosion. La cl\u00e9 en laiton nickel\u00e9 d\u00e9place le rotor central \u00e0 lamelles situ\u00e9 \u00e0 l'int\u00e9rieur d'une bo\u00eete en alliage de zinc appel\u00e9e stator, bague ou corps. Le diam\u00e8tre est frais\u00e9 sur deux c\u00f4t\u00e9s oppos\u00e9s (plaques lat\u00e9rales) formant un double D pour emp\u00eacher la rotation de la serrure dans le si\u00e8ge d'installation. L'actionnement de la <strong>came arri\u00e8re<\/strong> d\u00e9termine la fermeture ou l'ouverture de la serrure.\n\nLe corps et le rotor de la serrure \u00e0 came sont en alliage de zinc et la came en acier. <strong>Le raccord arri\u00e8re carr\u00e9 de 7 mm<\/strong> permet \u00e9galement l'installation d'une vari\u00e9t\u00e9 de <strong>cames droites, coud\u00e9es ou \u00e0 crochet<\/strong>, ainsi que d'\u00e9triers pour le d\u00e9placement (haut\/bas) des tringles.  Le <strong>corps enti\u00e8rement filet\u00e9<\/strong> permet une fixation par \u00e9crou, mais aussi par fourche ou clip pour une i<strong>nstallation rapide<\/strong> sur des <strong><span style=\"font-weight: normal\">feuilles d\u2019acier, d\u2019aluminium ou de plastique<\/span><\/strong>\n\nLa serrure universelle \u00e0 came avec volet anti-poussi\u00e8re et capuchon en acier inoxydable est donc id\u00e9ale pour les articles \u00e0 installer \u00e0 l'ext\u00e9rieur tels que les coffres de moto, les coffres et les barres de toit pour voitures, les porte-v\u00e9los, les porte-skis, les portes m\u00e9talliques, les volets, les articles de menuiserie, les bo\u00eetes en t\u00f4le, les distributeurs automatiques et les syst\u00e8mes de lavage de voitures.","_et_gb_content_width":""},"product_brand":[],"product_cat":[3699,3737,3664,3638,3687,3658,3691,3734,3693,3732,3710,3709,3711,3714,3713,3735,3733,3718,3712,3692,3715,3705,3703,3704,3698,3736,3716,3690],"product_tag":[],"class_list":{"0":"post-243298","1":"product","2":"type-product","3":"status-publish","4":"has-post-thumbnail","6":"product_cat-serrure-darmoire-conforme-au-reglement-gdpr","7":"product_cat-serrure-de-bateau","8":"product_cat-serrure-etanche-inox","9":"product_cat-serrure-universelle-a-paillettes","10":"product_cat-serrures-a-came","11":"product_cat-serrures-a-passe-partout","12":"product_cat-serrures-darmoires","13":"product_cat-serrures-de-fourgonnettes","14":"product_cat-serrures-de-securite","15":"product_cat-serrures-de-securite-pour-meubles","16":"product_cat-serrures-pour-armoires-a-epi","17":"product_cat-serrures-pour-armoires-a-substances-dangereuses","18":"product_cat-serrures-pour-armoires-de-balcon","19":"product_cat-serrures-pour-armoires-industrielles","20":"product_cat-serrures-pour-armoires-phytosanitaires","21":"product_cat-serrures-pour-caravanes-et-camping-cars","22":"product_cat-serrures-pour-carrosseries-frigorifiques","23":"product_cat-serrures-pour-casiers-a-colis","24":"product_cat-serrures-pour-casiers-a-skis","25":"product_cat-serrures-pour-chariots-professionnels","26":"product_cat-serrures-pour-coffres-forts","27":"product_cat-serrures-pour-entrepots-automatiques","28":"product_cat-serrures-pour-interrupteurs","29":"product_cat-serrures-pour-lindustrie-electromecanique","30":"product_cat-serrures-pour-les-moyens-de-transport","31":"product_cat-serrures-pour-motos-et-scooters","32":"product_cat-serrures-pour-rateliers-a-fusils","33":"product_cat-serrures-professionnelles-pour-meubles","35":"first","36":"instock","37":"shipping-taxable","38":"purchasable","39":"product-type-variable"},"acf":{"pdf1":"https:\/\/www.omrserrature.it\/wp-content\/uploads\/2024\/05\/Scheda-162803.pdf"},"yoast_head":"<!-- This site is optimized with the Yoast SEO plugin v27.2 - https:\/\/yoast.com\/product\/yoast-seo-wordpress\/ -->\n<title>Serrure universelle du rotor en acier inoxydable - OMR Serrature<\/title>\n<meta name=\"robots\" content=\"index, follow, max-snippet:-1, max-image-preview:large, max-video-preview:-1\" \/>\n<link rel=\"canonical\" href=\"https:\/\/www.omrserrature.it\/fr\/produit\/serrure-universelle-du-rotor-en-acier-inoxydable\/\" \/>\n<meta property=\"og:locale\" content=\"fr_FR\" \/>\n<meta property=\"og:type\" content=\"article\" \/>\n<meta property=\"og:title\" content=\"Serrure universelle du rotor en acier inoxydable - OMR Serrature\" \/>\n<meta property=\"og:description\" content=\"La serrure universelle \u00e0 came \u00e0 serrure \u00e0 lamelles, compl\u00e8te avec couvercle anti-poussi\u00e8re et capuchon en acier inoxydable, est con\u00e7ue pour r\u00e9sister aux intemp\u00e9ries et \u00e0 la corrosion. La cl\u00e9 en laiton actionne un rotor central \u00e0 5 lames qui se trouve \u00e0 l&#039;int\u00e9rieur d&#039;un corps en alliage de zinc avec un diam\u00e8tre frais\u00e9 en double D, qui emp\u00eache la rotation de la serrure dans le bo\u00eetier. L&#039;extr\u00e9mit\u00e9 carr\u00e9e de 7 mm permet l&#039;installation de cames droites, coud\u00e9es ou \u00e0 crochet.  Il est disponible avec une fixation rapide au moyen d&#039;une fourchette (clip) ou d&#039;un \u00e9crou, sur des feuilles d&#039;acier, d&#039;aluminium ou de plastique. Id\u00e9al pour les applications ext\u00e9rieures telles que les coffres de moto, les porte-v\u00e9los, les portes et les syst\u00e8mes de lavage de voitures.\" \/>\n<meta property=\"og:url\" content=\"https:\/\/www.omrserrature.it\/fr\/produit\/serrure-universelle-du-rotor-en-acier-inoxydable\/\" \/>\n<meta property=\"og:site_name\" content=\"OMR Serrature | Produzione sistemi di chiusura\" \/>\n<meta property=\"article:publisher\" content=\"https:\/\/www.facebook.com\/OMRserrature\" \/>\n<meta property=\"article:modified_time\" content=\"2026-04-08T09:14:19+00:00\" \/>\n<meta property=\"og:image\" content=\"https:\/\/www.omrserrature.it\/wp-content\/uploads\/2017\/10\/serratura-universale-rotore-inox.jpg\" \/>\n\t<meta property=\"og:image:width\" content=\"731\" \/>\n\t<meta property=\"og:image:height\" content=\"271\" \/>\n\t<meta property=\"og:image:type\" content=\"image\/jpeg\" \/>\n<meta name=\"twitter:card\" content=\"summary_large_image\" \/>\n<meta name=\"twitter:label1\" content=\"Dur\u00e9e de lecture estim\u00e9e\" \/>\n\t<meta name=\"twitter:data1\" content=\"1 minute\" \/>\n<script type=\"application\/ld+json\" class=\"yoast-schema-graph\">{\"@context\":\"https:\/\/schema.org\",\"@graph\":[{\"@type\":\"WebPage\",\"@id\":\"https:\/\/www.omrserrature.it\/fr\/produit\/serrure-universelle-du-rotor-en-acier-inoxydable\/\",\"url\":\"https:\/\/www.omrserrature.it\/fr\/produit\/serrure-universelle-du-rotor-en-acier-inoxydable\/\",\"name\":\"Serrure universelle du rotor en acier inoxydable - OMR Serrature\",\"isPartOf\":{\"@id\":\"https:\/\/www.omrserrature.it\/fr\/#website\"},\"primaryImageOfPage\":{\"@id\":\"https:\/\/www.omrserrature.it\/fr\/produit\/serrure-universelle-du-rotor-en-acier-inoxydable\/#primaryimage\"},\"image\":{\"@id\":\"https:\/\/www.omrserrature.it\/fr\/produit\/serrure-universelle-du-rotor-en-acier-inoxydable\/#primaryimage\"},\"thumbnailUrl\":\"https:\/\/www.omrserrature.it\/wp-content\/uploads\/2017\/10\/serratura-universale-rotore-inox.jpg\",\"datePublished\":\"2024-05-28T09:49:06+00:00\",\"dateModified\":\"2026-04-08T09:14:19+00:00\",\"breadcrumb\":{\"@id\":\"https:\/\/www.omrserrature.it\/fr\/produit\/serrure-universelle-du-rotor-en-acier-inoxydable\/#breadcrumb\"},\"inLanguage\":\"fr-FR\",\"potentialAction\":[{\"@type\":\"ReadAction\",\"target\":[\"https:\/\/www.omrserrature.it\/fr\/produit\/serrure-universelle-du-rotor-en-acier-inoxydable\/\"]}]},{\"@type\":\"ImageObject\",\"inLanguage\":\"fr-FR\",\"@id\":\"https:\/\/www.omrserrature.it\/fr\/produit\/serrure-universelle-du-rotor-en-acier-inoxydable\/#primaryimage\",\"url\":\"https:\/\/www.omrserrature.it\/wp-content\/uploads\/2017\/10\/serratura-universale-rotore-inox.jpg\",\"contentUrl\":\"https:\/\/www.omrserrature.it\/wp-content\/uploads\/2017\/10\/serratura-universale-rotore-inox.jpg\",\"width\":731,\"height\":271,\"caption\":\"Serrure universelle \u00e0 paillettes avec barillet en acier inoxydable\"},{\"@type\":\"BreadcrumbList\",\"@id\":\"https:\/\/www.omrserrature.it\/fr\/produit\/serrure-universelle-du-rotor-en-acier-inoxydable\/#breadcrumb\",\"itemListElement\":[{\"@type\":\"ListItem\",\"position\":1,\"name\":\"Home\",\"item\":\"https:\/\/www.omrserrature.it\/fr\/omr-serrures-et-systemes-de-verrouillage\/\"},{\"@type\":\"ListItem\",\"position\":2,\"name\":\"Catalogue\",\"item\":\"https:\/\/www.omrserrature.it\/catalogue\/?lang=fr\"},{\"@type\":\"ListItem\",\"position\":3,\"name\":\"Applications\",\"item\":\"https:\/\/www.omrserrature.it\/fr\/catalogue\/applications\/\"},{\"@type\":\"ListItem\",\"position\":4,\"name\":\"Serrures pour les moyens de transport\",\"item\":\"https:\/\/www.omrserrature.it\/fr\/catalogue\/applications\/serrures-pour-les-moyens-de-transport\/\"},{\"@type\":\"ListItem\",\"position\":5,\"name\":\"Serrure de bateau\",\"item\":\"https:\/\/www.omrserrature.it\/fr\/catalogue\/applications\/serrures-pour-les-moyens-de-transport\/serrure-de-bateau\/\"},{\"@type\":\"ListItem\",\"position\":6,\"name\":\"Serrure universelle du rotor en acier inoxydable\"}]},{\"@type\":\"WebSite\",\"@id\":\"https:\/\/www.omrserrature.it\/fr\/#website\",\"url\":\"https:\/\/www.omrserrature.it\/fr\/\",\"name\":\"OMR Serrature | Produzione sistemi di chiusura\",\"description\":\"Produzione serrature di sicurezza e sistemi di chiusura\",\"publisher\":{\"@id\":\"https:\/\/www.omrserrature.it\/fr\/#organization\"},\"potentialAction\":[{\"@type\":\"SearchAction\",\"target\":{\"@type\":\"EntryPoint\",\"urlTemplate\":\"https:\/\/www.omrserrature.it\/fr\/?s={search_term_string}\"},\"query-input\":{\"@type\":\"PropertyValueSpecification\",\"valueRequired\":true,\"valueName\":\"search_term_string\"}}],\"inLanguage\":\"fr-FR\"},{\"@type\":\"Organization\",\"@id\":\"https:\/\/www.omrserrature.it\/fr\/#organization\",\"name\":\"OMR Serrature | Produzione sistemi di chiusura\",\"url\":\"https:\/\/www.omrserrature.it\/fr\/\",\"logo\":{\"@type\":\"ImageObject\",\"inLanguage\":\"fr-FR\",\"@id\":\"https:\/\/www.omrserrature.it\/fr\/#\/schema\/logo\/image\/\",\"url\":\"https:\/\/www.omrserrature.it\/wp-content\/uploads\/2017\/09\/favicon-omr-114.png\",\"contentUrl\":\"https:\/\/www.omrserrature.it\/wp-content\/uploads\/2017\/09\/favicon-omr-114.png\",\"width\":114,\"height\":114,\"caption\":\"OMR Serrature | Produzione sistemi di chiusura\"},\"image\":{\"@id\":\"https:\/\/www.omrserrature.it\/fr\/#\/schema\/logo\/image\/\"},\"sameAs\":[\"https:\/\/www.facebook.com\/OMRserrature\",\"https:\/\/www.linkedin.com\/company\/omrserrature\/\",\"https:\/\/www.youtube.com\/channel\/UCxmA85z2R0EpG_6IRokiAkg\"]}]}<\/script>\n<!-- \/ Yoast SEO plugin. -->","yoast_head_json":{"title":"Serrure universelle du rotor en acier inoxydable - OMR Serrature","robots":{"index":"index","follow":"follow","max-snippet":"max-snippet:-1","max-image-preview":"max-image-preview:large","max-video-preview":"max-video-preview:-1"},"canonical":"https:\/\/www.omrserrature.it\/fr\/produit\/serrure-universelle-du-rotor-en-acier-inoxydable\/","og_locale":"fr_FR","og_type":"article","og_title":"Serrure universelle du rotor en acier inoxydable - OMR Serrature","og_description":"La serrure universelle \u00e0 came \u00e0 serrure \u00e0 lamelles, compl\u00e8te avec couvercle anti-poussi\u00e8re et capuchon en acier inoxydable, est con\u00e7ue pour r\u00e9sister aux intemp\u00e9ries et \u00e0 la corrosion. La cl\u00e9 en laiton actionne un rotor central \u00e0 5 lames qui se trouve \u00e0 l'int\u00e9rieur d'un corps en alliage de zinc avec un diam\u00e8tre frais\u00e9 en double D, qui emp\u00eache la rotation de la serrure dans le bo\u00eetier. L'extr\u00e9mit\u00e9 carr\u00e9e de 7 mm permet l'installation de cames droites, coud\u00e9es ou \u00e0 crochet.  Il est disponible avec une fixation rapide au moyen d'une fourchette (clip) ou d'un \u00e9crou, sur des feuilles d'acier, d'aluminium ou de plastique. Id\u00e9al pour les applications ext\u00e9rieures telles que les coffres de moto, les porte-v\u00e9los, les portes et les syst\u00e8mes de lavage de voitures.","og_url":"https:\/\/www.omrserrature.it\/fr\/produit\/serrure-universelle-du-rotor-en-acier-inoxydable\/","og_site_name":"OMR Serrature | Produzione sistemi di chiusura","article_publisher":"https:\/\/www.facebook.com\/OMRserrature","article_modified_time":"2026-04-08T09:14:19+00:00","og_image":[{"width":731,"height":271,"url":"https:\/\/www.omrserrature.it\/wp-content\/uploads\/2017\/10\/serratura-universale-rotore-inox.jpg","type":"image\/jpeg"}],"twitter_card":"summary_large_image","twitter_misc":{"Dur\u00e9e de lecture estim\u00e9e":"1 minute"},"schema":{"@context":"https:\/\/schema.org","@graph":[{"@type":"WebPage","@id":"https:\/\/www.omrserrature.it\/fr\/produit\/serrure-universelle-du-rotor-en-acier-inoxydable\/","url":"https:\/\/www.omrserrature.it\/fr\/produit\/serrure-universelle-du-rotor-en-acier-inoxydable\/","name":"Serrure universelle du rotor en acier inoxydable - OMR Serrature","isPartOf":{"@id":"https:\/\/www.omrserrature.it\/fr\/#website"},"primaryImageOfPage":{"@id":"https:\/\/www.omrserrature.it\/fr\/produit\/serrure-universelle-du-rotor-en-acier-inoxydable\/#primaryimage"},"image":{"@id":"https:\/\/www.omrserrature.it\/fr\/produit\/serrure-universelle-du-rotor-en-acier-inoxydable\/#primaryimage"},"thumbnailUrl":"https:\/\/www.omrserrature.it\/wp-content\/uploads\/2017\/10\/serratura-universale-rotore-inox.jpg","datePublished":"2024-05-28T09:49:06+00:00","dateModified":"2026-04-08T09:14:19+00:00","breadcrumb":{"@id":"https:\/\/www.omrserrature.it\/fr\/produit\/serrure-universelle-du-rotor-en-acier-inoxydable\/#breadcrumb"},"inLanguage":"fr-FR","potentialAction":[{"@type":"ReadAction","target":["https:\/\/www.omrserrature.it\/fr\/produit\/serrure-universelle-du-rotor-en-acier-inoxydable\/"]}]},{"@type":"ImageObject","inLanguage":"fr-FR","@id":"https:\/\/www.omrserrature.it\/fr\/produit\/serrure-universelle-du-rotor-en-acier-inoxydable\/#primaryimage","url":"https:\/\/www.omrserrature.it\/wp-content\/uploads\/2017\/10\/serratura-universale-rotore-inox.jpg","contentUrl":"https:\/\/www.omrserrature.it\/wp-content\/uploads\/2017\/10\/serratura-universale-rotore-inox.jpg","width":731,"height":271,"caption":"Serrure universelle \u00e0 paillettes avec barillet en acier inoxydable"},{"@type":"BreadcrumbList","@id":"https:\/\/www.omrserrature.it\/fr\/produit\/serrure-universelle-du-rotor-en-acier-inoxydable\/#breadcrumb","itemListElement":[{"@type":"ListItem","position":1,"name":"Home","item":"https:\/\/www.omrserrature.it\/fr\/omr-serrures-et-systemes-de-verrouillage\/"},{"@type":"ListItem","position":2,"name":"Catalogue","item":"https:\/\/www.omrserrature.it\/catalogue\/?lang=fr"},{"@type":"ListItem","position":3,"name":"Applications","item":"https:\/\/www.omrserrature.it\/fr\/catalogue\/applications\/"},{"@type":"ListItem","position":4,"name":"Serrures pour les moyens de transport","item":"https:\/\/www.omrserrature.it\/fr\/catalogue\/applications\/serrures-pour-les-moyens-de-transport\/"},{"@type":"ListItem","position":5,"name":"Serrure de bateau","item":"https:\/\/www.omrserrature.it\/fr\/catalogue\/applications\/serrures-pour-les-moyens-de-transport\/serrure-de-bateau\/"},{"@type":"ListItem","position":6,"name":"Serrure universelle du rotor en acier inoxydable"}]},{"@type":"WebSite","@id":"https:\/\/www.omrserrature.it\/fr\/#website","url":"https:\/\/www.omrserrature.it\/fr\/","name":"OMR Serrature | Produzione sistemi di chiusura","description":"Produzione serrature di sicurezza e sistemi di chiusura","publisher":{"@id":"https:\/\/www.omrserrature.it\/fr\/#organization"},"potentialAction":[{"@type":"SearchAction","target":{"@type":"EntryPoint","urlTemplate":"https:\/\/www.omrserrature.it\/fr\/?s={search_term_string}"},"query-input":{"@type":"PropertyValueSpecification","valueRequired":true,"valueName":"search_term_string"}}],"inLanguage":"fr-FR"},{"@type":"Organization","@id":"https:\/\/www.omrserrature.it\/fr\/#organization","name":"OMR Serrature | Produzione sistemi di chiusura","url":"https:\/\/www.omrserrature.it\/fr\/","logo":{"@type":"ImageObject","inLanguage":"fr-FR","@id":"https:\/\/www.omrserrature.it\/fr\/#\/schema\/logo\/image\/","url":"https:\/\/www.omrserrature.it\/wp-content\/uploads\/2017\/09\/favicon-omr-114.png","contentUrl":"https:\/\/www.omrserrature.it\/wp-content\/uploads\/2017\/09\/favicon-omr-114.png","width":114,"height":114,"caption":"OMR Serrature | Produzione sistemi di chiusura"},"image":{"@id":"https:\/\/www.omrserrature.it\/fr\/#\/schema\/logo\/image\/"},"sameAs":["https:\/\/www.facebook.com\/OMRserrature","https:\/\/www.linkedin.com\/company\/omrserrature\/","https:\/\/www.youtube.com\/channel\/UCxmA85z2R0EpG_6IRokiAkg"]}]}},"_links":{"self":[{"href":"https:\/\/www.omrserrature.it\/fr\/wp-json\/wp\/v2\/product\/243298","targetHints":{"allow":["GET"]}}],"collection":[{"href":"https:\/\/www.omrserrature.it\/fr\/wp-json\/wp\/v2\/product"}],"about":[{"href":"https:\/\/www.omrserrature.it\/fr\/wp-json\/wp\/v2\/types\/product"}],"replies":[{"embeddable":true,"href":"https:\/\/www.omrserrature.it\/fr\/wp-json\/wp\/v2\/comments?post=243298"}],"wp:featuredmedia":[{"embeddable":true,"href":"https:\/\/www.omrserrature.it\/fr\/wp-json\/wp\/v2\/media\/3438"}],"wp:attachment":[{"href":"https:\/\/www.omrserrature.it\/fr\/wp-json\/wp\/v2\/media?parent=243298"}],"wp:term":[{"taxonomy":"product_brand","embeddable":true,"href":"https:\/\/www.omrserrature.it\/fr\/wp-json\/wp\/v2\/product_brand?post=243298"},{"taxonomy":"product_cat","embeddable":true,"href":"https:\/\/www.omrserrature.it\/fr\/wp-json\/wp\/v2\/product_cat?post=243298"},{"taxonomy":"product_tag","embeddable":true,"href":"https:\/\/www.omrserrature.it\/fr\/wp-json\/wp\/v2\/product_tag?post=243298"}],"curies":[{"name":"wp","href":"https:\/\/api.w.org\/{rel}","templated":true}]}}