{"id":243278,"date":"2017-10-09T14:51:01","date_gmt":"2009-10-17T12:51:00","guid":{"rendered":"https:\/\/www.staging6.omrserrature.it\/prodotto\/serrure-universelle-a-declenchement-rapide\/"},"modified":"2026-04-08T13:14:41","modified_gmt":"2026-04-08T11:14:41","slug":"serrure-universelle-a-declenchement-rapide","status":"publish","type":"product","link":"https:\/\/www.omrserrature.it\/fr\/produit\/serrure-universelle-a-declenchement-rapide\/","title":{"rendered":"Serrure universelle \u00e0 d\u00e9clenchement rapide"},"content":{"rendered":"<p>La <strong>serrure \u00e0 clip \u00e0 ressort et \u00e0 fermeture rapide <\/strong>est dot\u00e9e d&rsquo;un rotor avec un m\u00e9canisme \u00e0 lamelles et fait partie des serrures les plus populaires dans tous les domaines. Le <strong>corps est \u00e9quip\u00e9 d&rsquo;un ressort \u00e0 pression<\/strong> pour une<strong>installation rapide <\/strong><strong>sur les plaques d&rsquo;acier, d&rsquo;aluminium ou de plastique<\/strong>. Une version avec un corps filet\u00e9 ou avec une rainure pour l&rsquo;installation d&rsquo;une fourchette ou d&rsquo;un clip est \u00e9galement disponible.  <\/p>\n<p>La cl\u00e9 en laiton nickel\u00e9 d\u00e9place le rotor central \u00e0 lamelles situ\u00e9 \u00e0 l&rsquo;int\u00e9rieur d&rsquo;une bo\u00eete en alliage de zinc appel\u00e9e stator, bague ou corps. Le diam\u00e8tre est frais\u00e9 sur deux c\u00f4t\u00e9s oppos\u00e9s (plaques lat\u00e9rales) formant un double D pour emp\u00eacher la rotation de la serrure dans le si\u00e8ge d&rsquo;installation. L&rsquo;actionnement de la <strong>came arri\u00e8re<\/strong> d\u00e9termine la fermeture ou l&rsquo;ouverture de la serrure.<\/p>\n<p>Le corps et le rotor de la serrure \u00e0 levier sont en alliage de zinc et la came en acier. La borne carr\u00e9e de 7 mm permet \u00e9galement l&rsquo;installation de cames <strong>droites, coud\u00e9es ou \u00e0 crochet<\/strong>, ainsi que de cames multipoints pour le d\u00e9placement (haut\/bas) des tringles. La serrure universelle \u00e0 levier est<strong> id\u00e9ale pour \u00eatre install\u00e9e dans les meubles de<\/strong> bureau et d&rsquo;atelier<strong> en m\u00e9tal<\/strong>, les armoires \u00e0 casiers, les portes et les trappes en acier, les produits de lavage de voitures et les machines, ainsi que les bo\u00eetes en t\u00f4le.  <\/p>\n","protected":false},"excerpt":{"rendered":"<p>Serrure \u00e0 <strong>fixation rapide<\/strong> avec ressort \u00e0 paillettes, id\u00e9ale pour diverses applications. Le corps avec ailerons lat\u00e9raux encliquetables (ressorts) permet une<strong> installation rapide<\/strong> sur l&rsquo;acier, l&rsquo;aluminium et le plastique. \u00c9galement disponible avec d&rsquo;autres options de fixation : filetage ou fourchette\/clip.  <\/p>\n<p>La cl\u00e9 en laiton actionne le rotor \u00e0 lamelles pour l&rsquo;ouverture et la fermeture, tandis que le levier arri\u00e8re assure le verrouillage. Fabriqu\u00e9 en alliage de zinc avec une came en acier, <strong>parfait pour les meubles de bureau, les armoires, les portes en acier et les machines.<\/strong> <\/p>\n","protected":false},"featured_media":3366,"comment_status":"open","ping_status":"closed","template":"","meta":{"_acf_changed":false,"_et_pb_use_builder":"","_et_pb_old_content":"","_et_gb_content_width":""},"product_brand":[],"product_cat":[3750,3738,3726,3755,3699,3664,3638,3687,3658,3650,3691,3717,3723,3722,3693,3732,3710,3709,3689,3714,3713,3719,3729,3718,3712,3692,3715,3707,3703,3694,3702,3697,3728,3701,3716,3748],"product_tag":[],"class_list":{"0":"post-243278","1":"product","2":"type-product","3":"status-publish","4":"has-post-thumbnail","6":"product_cat-banque-et-poste","7":"product_cat-battant","8":"product_cat-des-serrures-pour-des-serrures","9":"product_cat-hopitaux-et-soins-de-sante","10":"product_cat-serrure-darmoire-conforme-au-reglement-gdpr","11":"product_cat-serrure-etanche-inox","12":"product_cat-serrure-universelle-a-paillettes","13":"product_cat-serrures-a-came","14":"product_cat-serrures-a-passe-partout","15":"product_cat-serrures-avec-barillet-interchangeable","16":"product_cat-serrures-darmoires","17":"product_cat-serrures-de-boites-aux-lettres","18":"product_cat-serrures-de-panneaux","19":"product_cat-serrures-de-portes","20":"product_cat-serrures-de-securite","21":"product_cat-serrures-de-securite-pour-meubles","22":"product_cat-serrures-pour-armoires-a-epi","23":"product_cat-serrures-pour-armoires-a-substances-dangereuses","24":"product_cat-serrures-pour-armoires-electriques","25":"product_cat-serrures-pour-armoires-industrielles","26":"product_cat-serrures-pour-armoires-phytosanitaires","27":"product_cat-serrures-pour-boites-postales","28":"product_cat-serrures-pour-casiers","29":"product_cat-serrures-pour-casiers-a-colis","30":"product_cat-serrures-pour-casiers-a-skis","31":"product_cat-serrures-pour-chariots-professionnels","32":"product_cat-serrures-pour-coffres-forts","33":"product_cat-serrures-pour-distributeurs","34":"product_cat-serrures-pour-interrupteurs","35":"product_cat-serrures-pour-les-boites-aux-lettres","36":"product_cat-serrures-pour-les-portes-des-panneaux-lateraux","37":"product_cat-serrures-pour-meubles","38":"product_cat-serrures-pour-panneaux-de-signalisation","39":"product_cat-serrures-pour-portes-darmoires-frontales","40":"product_cat-serrures-pour-rateliers-a-fusils","41":"product_cat-systemes-de-fermeture-pour-lindustrie","43":"first","44":"instock","45":"shipping-taxable","46":"purchasable","47":"product-type-variable"},"acf":{"pdf1":"https:\/\/www.omrserrature.it\/wp-content\/uploads\/schede\/Scheda_160410.pdf"},"yoast_head":"<!-- This site is optimized with the Yoast SEO plugin v27.2 - https:\/\/yoast.com\/product\/yoast-seo-wordpress\/ -->\n<title>Serrure universelle \u00e0 d\u00e9clenchement rapide - OMR Serrature<\/title>\n<meta name=\"robots\" content=\"index, follow, max-snippet:-1, max-image-preview:large, max-video-preview:-1\" \/>\n<link rel=\"canonical\" href=\"https:\/\/www.omrserrature.it\/fr\/produit\/serrure-universelle-a-declenchement-rapide\/\" \/>\n<meta property=\"og:locale\" content=\"fr_FR\" \/>\n<meta property=\"og:type\" content=\"article\" \/>\n<meta property=\"og:title\" content=\"Serrure universelle \u00e0 d\u00e9clenchement rapide - OMR Serrature\" \/>\n<meta property=\"og:description\" content=\"Serrure \u00e0 fixation rapide avec ressort \u00e0 paillettes, id\u00e9ale pour diverses applications. Le corps avec ailerons lat\u00e9raux encliquetables (ressorts) permet une installation rapide sur l&#039;acier, l&#039;aluminium et le plastique. \u00c9galement disponible avec d&#039;autres options de fixation : filetage ou fourchette\/clip.  La cl\u00e9 en laiton actionne le rotor \u00e0 lamelles pour l&#039;ouverture et la fermeture, tandis que le levier arri\u00e8re assure le verrouillage. Fabriqu\u00e9 en alliage de zinc avec une came en acier, parfait pour les meubles de bureau, les armoires, les portes en acier et les machines.\" \/>\n<meta property=\"og:url\" content=\"https:\/\/www.omrserrature.it\/fr\/produit\/serrure-universelle-a-declenchement-rapide\/\" \/>\n<meta property=\"og:site_name\" content=\"OMR Serrature | Produzione sistemi di chiusura\" \/>\n<meta property=\"article:publisher\" content=\"https:\/\/www.facebook.com\/OMRserrature\" \/>\n<meta property=\"article:modified_time\" content=\"2026-04-08T11:14:41+00:00\" \/>\n<meta property=\"og:image\" content=\"https:\/\/www.omrserrature.it\/wp-content\/uploads\/2017\/10\/serratura-universale-fissaggio-rapido.jpg\" \/>\n\t<meta property=\"og:image:width\" content=\"540\" \/>\n\t<meta property=\"og:image:height\" content=\"360\" \/>\n\t<meta property=\"og:image:type\" content=\"image\/jpeg\" \/>\n<meta name=\"twitter:card\" content=\"summary_large_image\" \/>\n<meta name=\"twitter:label1\" content=\"Dur\u00e9e de lecture estim\u00e9e\" \/>\n\t<meta name=\"twitter:data1\" content=\"1 minute\" \/>\n<script type=\"application\/ld+json\" class=\"yoast-schema-graph\">{\"@context\":\"https:\/\/schema.org\",\"@graph\":[{\"@type\":\"WebPage\",\"@id\":\"https:\/\/www.omrserrature.it\/fr\/produit\/serrure-universelle-a-declenchement-rapide\/\",\"url\":\"https:\/\/www.omrserrature.it\/fr\/produit\/serrure-universelle-a-declenchement-rapide\/\",\"name\":\"Serrure universelle \u00e0 d\u00e9clenchement rapide - OMR Serrature\",\"isPartOf\":{\"@id\":\"https:\/\/www.omrserrature.it\/fr\/#website\"},\"primaryImageOfPage\":{\"@id\":\"https:\/\/www.omrserrature.it\/fr\/produit\/serrure-universelle-a-declenchement-rapide\/#primaryimage\"},\"image\":{\"@id\":\"https:\/\/www.omrserrature.it\/fr\/produit\/serrure-universelle-a-declenchement-rapide\/#primaryimage\"},\"thumbnailUrl\":\"https:\/\/www.omrserrature.it\/wp-content\/uploads\/2017\/10\/serratura-universale-fissaggio-rapido.jpg\",\"datePublished\":\"2009-10-17T12:51:00+00:00\",\"dateModified\":\"2026-04-08T11:14:41+00:00\",\"breadcrumb\":{\"@id\":\"https:\/\/www.omrserrature.it\/fr\/produit\/serrure-universelle-a-declenchement-rapide\/#breadcrumb\"},\"inLanguage\":\"fr-FR\",\"potentialAction\":[{\"@type\":\"ReadAction\",\"target\":[\"https:\/\/www.omrserrature.it\/fr\/produit\/serrure-universelle-a-declenchement-rapide\/\"]}]},{\"@type\":\"ImageObject\",\"inLanguage\":\"fr-FR\",\"@id\":\"https:\/\/www.omrserrature.it\/fr\/produit\/serrure-universelle-a-declenchement-rapide\/#primaryimage\",\"url\":\"https:\/\/www.omrserrature.it\/wp-content\/uploads\/2017\/10\/serratura-universale-fissaggio-rapido.jpg\",\"contentUrl\":\"https:\/\/www.omrserrature.it\/wp-content\/uploads\/2017\/10\/serratura-universale-fissaggio-rapido.jpg\",\"width\":540,\"height\":360,\"caption\":\"Serrure universelle \u00e0 serrage rapide avec ressort de pression - Serrures pour classeurs\"},{\"@type\":\"BreadcrumbList\",\"@id\":\"https:\/\/www.omrserrature.it\/fr\/produit\/serrure-universelle-a-declenchement-rapide\/#breadcrumb\",\"itemListElement\":[{\"@type\":\"ListItem\",\"position\":1,\"name\":\"Home\",\"item\":\"https:\/\/www.omrserrature.it\/fr\/omr-serrures-et-systemes-de-verrouillage\/\"},{\"@type\":\"ListItem\",\"position\":2,\"name\":\"Catalogue\",\"item\":\"https:\/\/www.omrserrature.it\/catalogue\/?lang=fr\"},{\"@type\":\"ListItem\",\"position\":3,\"name\":\"Produits\",\"item\":\"https:\/\/www.omrserrature.it\/fr\/catalogue\/produits\/\"},{\"@type\":\"ListItem\",\"position\":4,\"name\":\"Serrures\",\"item\":\"https:\/\/www.omrserrature.it\/fr\/catalogue\/produits\/serrures\/\"},{\"@type\":\"ListItem\",\"position\":5,\"name\":\"Serrures \u00e0 came\",\"item\":\"https:\/\/www.omrserrature.it\/fr\/catalogue\/produits\/serrures\/serrures-a-came\/\"},{\"@type\":\"ListItem\",\"position\":6,\"name\":\"Serrure universelle \u00e0 d\u00e9clenchement rapide\"}]},{\"@type\":\"WebSite\",\"@id\":\"https:\/\/www.omrserrature.it\/fr\/#website\",\"url\":\"https:\/\/www.omrserrature.it\/fr\/\",\"name\":\"OMR Serrature | Produzione sistemi di chiusura\",\"description\":\"Produzione serrature di sicurezza e sistemi di chiusura\",\"publisher\":{\"@id\":\"https:\/\/www.omrserrature.it\/fr\/#organization\"},\"potentialAction\":[{\"@type\":\"SearchAction\",\"target\":{\"@type\":\"EntryPoint\",\"urlTemplate\":\"https:\/\/www.omrserrature.it\/fr\/?s={search_term_string}\"},\"query-input\":{\"@type\":\"PropertyValueSpecification\",\"valueRequired\":true,\"valueName\":\"search_term_string\"}}],\"inLanguage\":\"fr-FR\"},{\"@type\":\"Organization\",\"@id\":\"https:\/\/www.omrserrature.it\/fr\/#organization\",\"name\":\"OMR Serrature | Produzione sistemi di chiusura\",\"url\":\"https:\/\/www.omrserrature.it\/fr\/\",\"logo\":{\"@type\":\"ImageObject\",\"inLanguage\":\"fr-FR\",\"@id\":\"https:\/\/www.omrserrature.it\/fr\/#\/schema\/logo\/image\/\",\"url\":\"https:\/\/www.omrserrature.it\/wp-content\/uploads\/2017\/09\/favicon-omr-114.png\",\"contentUrl\":\"https:\/\/www.omrserrature.it\/wp-content\/uploads\/2017\/09\/favicon-omr-114.png\",\"width\":114,\"height\":114,\"caption\":\"OMR Serrature | Produzione sistemi di chiusura\"},\"image\":{\"@id\":\"https:\/\/www.omrserrature.it\/fr\/#\/schema\/logo\/image\/\"},\"sameAs\":[\"https:\/\/www.facebook.com\/OMRserrature\",\"https:\/\/www.linkedin.com\/company\/omrserrature\/\",\"https:\/\/www.youtube.com\/channel\/UCxmA85z2R0EpG_6IRokiAkg\"]}]}<\/script>\n<!-- \/ Yoast SEO plugin. -->","yoast_head_json":{"title":"Serrure universelle \u00e0 d\u00e9clenchement rapide - OMR Serrature","robots":{"index":"index","follow":"follow","max-snippet":"max-snippet:-1","max-image-preview":"max-image-preview:large","max-video-preview":"max-video-preview:-1"},"canonical":"https:\/\/www.omrserrature.it\/fr\/produit\/serrure-universelle-a-declenchement-rapide\/","og_locale":"fr_FR","og_type":"article","og_title":"Serrure universelle \u00e0 d\u00e9clenchement rapide - OMR Serrature","og_description":"Serrure \u00e0 fixation rapide avec ressort \u00e0 paillettes, id\u00e9ale pour diverses applications. Le corps avec ailerons lat\u00e9raux encliquetables (ressorts) permet une installation rapide sur l'acier, l'aluminium et le plastique. \u00c9galement disponible avec d'autres options de fixation : filetage ou fourchette\/clip.  La cl\u00e9 en laiton actionne le rotor \u00e0 lamelles pour l'ouverture et la fermeture, tandis que le levier arri\u00e8re assure le verrouillage. Fabriqu\u00e9 en alliage de zinc avec une came en acier, parfait pour les meubles de bureau, les armoires, les portes en acier et les machines.","og_url":"https:\/\/www.omrserrature.it\/fr\/produit\/serrure-universelle-a-declenchement-rapide\/","og_site_name":"OMR Serrature | Produzione sistemi di chiusura","article_publisher":"https:\/\/www.facebook.com\/OMRserrature","article_modified_time":"2026-04-08T11:14:41+00:00","og_image":[{"width":540,"height":360,"url":"https:\/\/www.omrserrature.it\/wp-content\/uploads\/2017\/10\/serratura-universale-fissaggio-rapido.jpg","type":"image\/jpeg"}],"twitter_card":"summary_large_image","twitter_misc":{"Dur\u00e9e de lecture estim\u00e9e":"1 minute"},"schema":{"@context":"https:\/\/schema.org","@graph":[{"@type":"WebPage","@id":"https:\/\/www.omrserrature.it\/fr\/produit\/serrure-universelle-a-declenchement-rapide\/","url":"https:\/\/www.omrserrature.it\/fr\/produit\/serrure-universelle-a-declenchement-rapide\/","name":"Serrure universelle \u00e0 d\u00e9clenchement rapide - OMR Serrature","isPartOf":{"@id":"https:\/\/www.omrserrature.it\/fr\/#website"},"primaryImageOfPage":{"@id":"https:\/\/www.omrserrature.it\/fr\/produit\/serrure-universelle-a-declenchement-rapide\/#primaryimage"},"image":{"@id":"https:\/\/www.omrserrature.it\/fr\/produit\/serrure-universelle-a-declenchement-rapide\/#primaryimage"},"thumbnailUrl":"https:\/\/www.omrserrature.it\/wp-content\/uploads\/2017\/10\/serratura-universale-fissaggio-rapido.jpg","datePublished":"2009-10-17T12:51:00+00:00","dateModified":"2026-04-08T11:14:41+00:00","breadcrumb":{"@id":"https:\/\/www.omrserrature.it\/fr\/produit\/serrure-universelle-a-declenchement-rapide\/#breadcrumb"},"inLanguage":"fr-FR","potentialAction":[{"@type":"ReadAction","target":["https:\/\/www.omrserrature.it\/fr\/produit\/serrure-universelle-a-declenchement-rapide\/"]}]},{"@type":"ImageObject","inLanguage":"fr-FR","@id":"https:\/\/www.omrserrature.it\/fr\/produit\/serrure-universelle-a-declenchement-rapide\/#primaryimage","url":"https:\/\/www.omrserrature.it\/wp-content\/uploads\/2017\/10\/serratura-universale-fissaggio-rapido.jpg","contentUrl":"https:\/\/www.omrserrature.it\/wp-content\/uploads\/2017\/10\/serratura-universale-fissaggio-rapido.jpg","width":540,"height":360,"caption":"Serrure universelle \u00e0 serrage rapide avec ressort de pression - Serrures pour classeurs"},{"@type":"BreadcrumbList","@id":"https:\/\/www.omrserrature.it\/fr\/produit\/serrure-universelle-a-declenchement-rapide\/#breadcrumb","itemListElement":[{"@type":"ListItem","position":1,"name":"Home","item":"https:\/\/www.omrserrature.it\/fr\/omr-serrures-et-systemes-de-verrouillage\/"},{"@type":"ListItem","position":2,"name":"Catalogue","item":"https:\/\/www.omrserrature.it\/catalogue\/?lang=fr"},{"@type":"ListItem","position":3,"name":"Produits","item":"https:\/\/www.omrserrature.it\/fr\/catalogue\/produits\/"},{"@type":"ListItem","position":4,"name":"Serrures","item":"https:\/\/www.omrserrature.it\/fr\/catalogue\/produits\/serrures\/"},{"@type":"ListItem","position":5,"name":"Serrures \u00e0 came","item":"https:\/\/www.omrserrature.it\/fr\/catalogue\/produits\/serrures\/serrures-a-came\/"},{"@type":"ListItem","position":6,"name":"Serrure universelle \u00e0 d\u00e9clenchement rapide"}]},{"@type":"WebSite","@id":"https:\/\/www.omrserrature.it\/fr\/#website","url":"https:\/\/www.omrserrature.it\/fr\/","name":"OMR Serrature | Produzione sistemi di chiusura","description":"Produzione serrature di sicurezza e sistemi di chiusura","publisher":{"@id":"https:\/\/www.omrserrature.it\/fr\/#organization"},"potentialAction":[{"@type":"SearchAction","target":{"@type":"EntryPoint","urlTemplate":"https:\/\/www.omrserrature.it\/fr\/?s={search_term_string}"},"query-input":{"@type":"PropertyValueSpecification","valueRequired":true,"valueName":"search_term_string"}}],"inLanguage":"fr-FR"},{"@type":"Organization","@id":"https:\/\/www.omrserrature.it\/fr\/#organization","name":"OMR Serrature | Produzione sistemi di chiusura","url":"https:\/\/www.omrserrature.it\/fr\/","logo":{"@type":"ImageObject","inLanguage":"fr-FR","@id":"https:\/\/www.omrserrature.it\/fr\/#\/schema\/logo\/image\/","url":"https:\/\/www.omrserrature.it\/wp-content\/uploads\/2017\/09\/favicon-omr-114.png","contentUrl":"https:\/\/www.omrserrature.it\/wp-content\/uploads\/2017\/09\/favicon-omr-114.png","width":114,"height":114,"caption":"OMR Serrature | Produzione sistemi di chiusura"},"image":{"@id":"https:\/\/www.omrserrature.it\/fr\/#\/schema\/logo\/image\/"},"sameAs":["https:\/\/www.facebook.com\/OMRserrature","https:\/\/www.linkedin.com\/company\/omrserrature\/","https:\/\/www.youtube.com\/channel\/UCxmA85z2R0EpG_6IRokiAkg"]}]}},"_links":{"self":[{"href":"https:\/\/www.omrserrature.it\/fr\/wp-json\/wp\/v2\/product\/243278","targetHints":{"allow":["GET"]}}],"collection":[{"href":"https:\/\/www.omrserrature.it\/fr\/wp-json\/wp\/v2\/product"}],"about":[{"href":"https:\/\/www.omrserrature.it\/fr\/wp-json\/wp\/v2\/types\/product"}],"replies":[{"embeddable":true,"href":"https:\/\/www.omrserrature.it\/fr\/wp-json\/wp\/v2\/comments?post=243278"}],"wp:featuredmedia":[{"embeddable":true,"href":"https:\/\/www.omrserrature.it\/fr\/wp-json\/wp\/v2\/media\/3366"}],"wp:attachment":[{"href":"https:\/\/www.omrserrature.it\/fr\/wp-json\/wp\/v2\/media?parent=243278"}],"wp:term":[{"taxonomy":"product_brand","embeddable":true,"href":"https:\/\/www.omrserrature.it\/fr\/wp-json\/wp\/v2\/product_brand?post=243278"},{"taxonomy":"product_cat","embeddable":true,"href":"https:\/\/www.omrserrature.it\/fr\/wp-json\/wp\/v2\/product_cat?post=243278"},{"taxonomy":"product_tag","embeddable":true,"href":"https:\/\/www.omrserrature.it\/fr\/wp-json\/wp\/v2\/product_tag?post=243278"}],"curies":[{"name":"wp","href":"https:\/\/api.w.org\/{rel}","templated":true}]}}