{"id":243270,"date":"2017-10-09T17:39:56","date_gmt":"2009-10-17T15:39:00","guid":{"rendered":"https:\/\/www.staging6.omrserrature.it\/prodotto\/serrure-universelle-a-gabarit-carre\/"},"modified":"2026-04-08T13:14:59","modified_gmt":"2026-04-08T11:14:59","slug":"serrure-universelle-a-gabarit-carre","status":"publish","type":"product","link":"https:\/\/www.omrserrature.it\/fr\/produit\/serrure-universelle-a-gabarit-carre\/","title":{"rendered":"Serrure universelle \u00e0 gabarit carr\u00e9"},"content":{"rendered":"<p>La <strong>serrure batteuse universelle \u00e0 paillettes<\/strong> est un produit polyvalent de haute qualit\u00e9 avec un m\u00e9canisme \u00e0 paillettes, con\u00e7u pour offrir des solutions efficaces dans divers contextes, et fait partie de la <strong>s\u00e9rie Rack Cabinet<\/strong> pour la s\u00e9curisation des<strong> armoires conformes au GDPR<\/strong>, des serrures d&rsquo;<strong>armoires<\/strong> <strong>industrielles<\/strong>, des serrures <strong>\u00e9lectrom\u00e9caniques pour l&rsquo;industrie<\/strong>, des serrures d&rsquo;<strong> armoires<\/strong> et des serrures de <strong>portes<\/strong>. Comme son nom l&rsquo;indique, la serrure universelle \u00e0 gabarit carr\u00e9 peut \u00eatre install\u00e9e <strong>sur des trous carr\u00e9s<\/strong>, dont la forme emp\u00eache la rotation du corps de la serrure pendant les op\u00e9rations d&rsquo;ouverture et de fermeture et offre une plus grande r\u00e9sistance \u00e0 l&rsquo;effraction. Elle allie fiabilit\u00e9, esth\u00e9tique et fonctionnalit\u00e9, ce qui en fait un excellent choix pour un large \u00e9ventail d&rsquo;exigences en mati\u00e8re de fermeture.  <\/p>\n<p>La cl\u00e9 en laiton nickel\u00e9 d\u00e9place le rotor central \u00e0 lamelles situ\u00e9 \u00e0 l&rsquo;int\u00e9rieur d&rsquo;une bo\u00eete en alliage de zinc appel\u00e9e stator, bague ou corps. Le corps et le rotor de la serrure \u00e0 levier sont en alliage de zinc, tandis que la came (\u00e9galement appel\u00e9e levier ou came) est en acier. L&rsquo;<strong>embout carr\u00e9 de 7 mm<\/strong> permet d&rsquo;installer des <strong>cames droites, coud\u00e9es ou \u00e0 crochet<\/strong>, ainsi que des cames multipli\u00e9es pour le d\u00e9placement (haut et bas) des tringles. Le <strong>corps filet\u00e9<\/strong> permet une fixation par \u00e9crou, mais aussi par fourchette ou clip pour une<strong>installation rapide <\/strong><strong>sur des feuilles d&rsquo;acier, d&rsquo;aluminium ou de plastique<\/strong>.  <\/p>\n<p>La serrure universelle \u00e0 came est id\u00e9ale pour \u00eatre install\u00e9e dans les meubles de bureau, les portes m\u00e9talliques, les tringles, les travaux de menuiserie, les bo\u00eetes en t\u00f4le, les syst\u00e8mes de distribution automatique et de lavage de voitures, les machines et les panneaux de commande.<\/p>\n","protected":false},"excerpt":{"rendered":"<p><strong>La Serrure universelle universelle<\/strong> \u00e0 paillettes avec m\u00e9canisme \u00e0 lamelles est con\u00e7ue pour assurer une haute s\u00e9curit\u00e9 dans les armoires, les armoires \u00e9lectriques et les portes. Sa forme carr\u00e9e emp\u00eache la rotation, ce qui augmente la r\u00e9sistance \u00e0 l&rsquo;effraction. Fabriqu\u00e9 en alliage de zinc avec un came en acier, il s&rsquo;installe facilement sur des supports en acier, en aluminium et en plastique. Il est id\u00e9al pour les applications dans les environnements industriels, les bureaux et les syst\u00e8mes de distribution automatique.   <\/p>\n","protected":false},"featured_media":3360,"comment_status":"open","ping_status":"closed","template":"","meta":{"_acf_changed":false,"_et_pb_use_builder":"","_et_pb_old_content":"","_et_gb_content_width":""},"product_brand":[],"product_cat":[3750,3738,3726,3755,3699,3664,3638,3687,3658,3650,3691,3717,3723,3722,3693,3732,3710,3709,3689,3714,3719,3733,3718,3712,3692,3715,3707,3705,3703,3704,3694,3698,3697,3728,3716,3690,3748],"product_tag":[],"class_list":{"0":"post-243270","1":"product","2":"type-product","3":"status-publish","4":"has-post-thumbnail","6":"product_cat-banque-et-poste","7":"product_cat-battant","8":"product_cat-des-serrures-pour-des-serrures","9":"product_cat-hopitaux-et-soins-de-sante","10":"product_cat-serrure-darmoire-conforme-au-reglement-gdpr","11":"product_cat-serrure-etanche-inox","12":"product_cat-serrure-universelle-a-paillettes","13":"product_cat-serrures-a-came","14":"product_cat-serrures-a-passe-partout","15":"product_cat-serrures-avec-barillet-interchangeable","16":"product_cat-serrures-darmoires","17":"product_cat-serrures-de-boites-aux-lettres","18":"product_cat-serrures-de-panneaux","19":"product_cat-serrures-de-portes","20":"product_cat-serrures-de-securite","21":"product_cat-serrures-de-securite-pour-meubles","22":"product_cat-serrures-pour-armoires-a-epi","23":"product_cat-serrures-pour-armoires-a-substances-dangereuses","24":"product_cat-serrures-pour-armoires-electriques","25":"product_cat-serrures-pour-armoires-industrielles","26":"product_cat-serrures-pour-boites-postales","27":"product_cat-serrures-pour-carrosseries-frigorifiques","28":"product_cat-serrures-pour-casiers-a-colis","29":"product_cat-serrures-pour-casiers-a-skis","30":"product_cat-serrures-pour-chariots-professionnels","31":"product_cat-serrures-pour-coffres-forts","32":"product_cat-serrures-pour-distributeurs","33":"product_cat-serrures-pour-entrepots-automatiques","34":"product_cat-serrures-pour-interrupteurs","35":"product_cat-serrures-pour-lindustrie-electromecanique","36":"product_cat-serrures-pour-les-boites-aux-lettres","37":"product_cat-serrures-pour-les-moyens-de-transport","38":"product_cat-serrures-pour-meubles","39":"product_cat-serrures-pour-panneaux-de-signalisation","40":"product_cat-serrures-pour-rateliers-a-fusils","41":"product_cat-serrures-professionnelles-pour-meubles","42":"product_cat-systemes-de-fermeture-pour-lindustrie","44":"first","45":"instock","46":"shipping-taxable","47":"product-type-simple"},"acf":{"pdf1":"https:\/\/www.omrserrature.it\/wp-content\/uploads\/2017\/10\/Scheda-165642.pdf"},"yoast_head":"<!-- This site is optimized with the Yoast SEO plugin v27.2 - https:\/\/yoast.com\/product\/yoast-seo-wordpress\/ -->\n<title>Serrure universelle \u00e0 gabarit carr\u00e9 - OMR Serrature<\/title>\n<meta name=\"robots\" content=\"index, follow, max-snippet:-1, max-image-preview:large, max-video-preview:-1\" \/>\n<link rel=\"canonical\" href=\"https:\/\/www.omrserrature.it\/fr\/produit\/serrure-universelle-a-gabarit-carre\/\" \/>\n<meta property=\"og:locale\" content=\"fr_FR\" \/>\n<meta property=\"og:type\" content=\"article\" \/>\n<meta property=\"og:title\" content=\"Serrure universelle \u00e0 gabarit carr\u00e9 - OMR Serrature\" \/>\n<meta property=\"og:description\" content=\"La Serrure universelle universelle \u00e0 paillettes avec m\u00e9canisme \u00e0 lamelles est con\u00e7ue pour assurer une haute s\u00e9curit\u00e9 dans les armoires, les armoires \u00e9lectriques et les portes. Sa forme carr\u00e9e emp\u00eache la rotation, ce qui augmente la r\u00e9sistance \u00e0 l&#039;effraction. Fabriqu\u00e9 en alliage de zinc avec un came en acier, il s&#039;installe facilement sur des supports en acier, en aluminium et en plastique. Il est id\u00e9al pour les applications dans les environnements industriels, les bureaux et les syst\u00e8mes de distribution automatique.\" \/>\n<meta property=\"og:url\" content=\"https:\/\/www.omrserrature.it\/fr\/produit\/serrure-universelle-a-gabarit-carre\/\" \/>\n<meta property=\"og:site_name\" content=\"OMR Serrature | Produzione sistemi di chiusura\" \/>\n<meta property=\"article:publisher\" content=\"https:\/\/www.facebook.com\/OMRserrature\" \/>\n<meta property=\"article:modified_time\" content=\"2026-04-08T11:14:59+00:00\" \/>\n<meta property=\"og:image\" content=\"https:\/\/www.omrserrature.it\/wp-content\/uploads\/2017\/10\/serratura-universale-dima-quadra-rack.jpg\" \/>\n\t<meta property=\"og:image:width\" content=\"419\" \/>\n\t<meta property=\"og:image:height\" content=\"366\" \/>\n\t<meta property=\"og:image:type\" content=\"image\/jpeg\" \/>\n<meta name=\"twitter:card\" content=\"summary_large_image\" \/>\n<meta name=\"twitter:label1\" content=\"Dur\u00e9e de lecture estim\u00e9e\" \/>\n\t<meta name=\"twitter:data1\" content=\"1 minute\" \/>\n<script type=\"application\/ld+json\" class=\"yoast-schema-graph\">{\"@context\":\"https:\/\/schema.org\",\"@graph\":[{\"@type\":\"WebPage\",\"@id\":\"https:\/\/www.omrserrature.it\/fr\/produit\/serrure-universelle-a-gabarit-carre\/\",\"url\":\"https:\/\/www.omrserrature.it\/fr\/produit\/serrure-universelle-a-gabarit-carre\/\",\"name\":\"Serrure universelle \u00e0 gabarit carr\u00e9 - OMR Serrature\",\"isPartOf\":{\"@id\":\"https:\/\/www.omrserrature.it\/fr\/#website\"},\"primaryImageOfPage\":{\"@id\":\"https:\/\/www.omrserrature.it\/fr\/produit\/serrure-universelle-a-gabarit-carre\/#primaryimage\"},\"image\":{\"@id\":\"https:\/\/www.omrserrature.it\/fr\/produit\/serrure-universelle-a-gabarit-carre\/#primaryimage\"},\"thumbnailUrl\":\"https:\/\/www.omrserrature.it\/wp-content\/uploads\/2017\/10\/serratura-universale-dima-quadra-rack.jpg\",\"datePublished\":\"2009-10-17T15:39:00+00:00\",\"dateModified\":\"2026-04-08T11:14:59+00:00\",\"breadcrumb\":{\"@id\":\"https:\/\/www.omrserrature.it\/fr\/produit\/serrure-universelle-a-gabarit-carre\/#breadcrumb\"},\"inLanguage\":\"fr-FR\",\"potentialAction\":[{\"@type\":\"ReadAction\",\"target\":[\"https:\/\/www.omrserrature.it\/fr\/produit\/serrure-universelle-a-gabarit-carre\/\"]}]},{\"@type\":\"ImageObject\",\"inLanguage\":\"fr-FR\",\"@id\":\"https:\/\/www.omrserrature.it\/fr\/produit\/serrure-universelle-a-gabarit-carre\/#primaryimage\",\"url\":\"https:\/\/www.omrserrature.it\/wp-content\/uploads\/2017\/10\/serratura-universale-dima-quadra-rack.jpg\",\"contentUrl\":\"https:\/\/www.omrserrature.it\/wp-content\/uploads\/2017\/10\/serratura-universale-dima-quadra-rack.jpg\",\"width\":419,\"height\":366,\"caption\":\"Serrure universelle \u00e0 came, avec gabarit carr\u00e9\"},{\"@type\":\"BreadcrumbList\",\"@id\":\"https:\/\/www.omrserrature.it\/fr\/produit\/serrure-universelle-a-gabarit-carre\/#breadcrumb\",\"itemListElement\":[{\"@type\":\"ListItem\",\"position\":1,\"name\":\"Home\",\"item\":\"https:\/\/www.omrserrature.it\/fr\/omr-serrures-et-systemes-de-verrouillage\/\"},{\"@type\":\"ListItem\",\"position\":2,\"name\":\"Catalogue\",\"item\":\"https:\/\/www.omrserrature.it\/catalogue\/?lang=fr\"},{\"@type\":\"ListItem\",\"position\":3,\"name\":\"Produits\",\"item\":\"https:\/\/www.omrserrature.it\/fr\/catalogue\/produits\/\"},{\"@type\":\"ListItem\",\"position\":4,\"name\":\"Serrures\",\"item\":\"https:\/\/www.omrserrature.it\/fr\/catalogue\/produits\/serrures\/\"},{\"@type\":\"ListItem\",\"position\":5,\"name\":\"Serrures \u00e0 came\",\"item\":\"https:\/\/www.omrserrature.it\/fr\/catalogue\/produits\/serrures\/serrures-a-came\/\"},{\"@type\":\"ListItem\",\"position\":6,\"name\":\"Serrure universelle \u00e0 gabarit carr\u00e9\"}]},{\"@type\":\"WebSite\",\"@id\":\"https:\/\/www.omrserrature.it\/fr\/#website\",\"url\":\"https:\/\/www.omrserrature.it\/fr\/\",\"name\":\"OMR Serrature | Produzione sistemi di chiusura\",\"description\":\"Produzione serrature di sicurezza e sistemi di chiusura\",\"publisher\":{\"@id\":\"https:\/\/www.omrserrature.it\/fr\/#organization\"},\"potentialAction\":[{\"@type\":\"SearchAction\",\"target\":{\"@type\":\"EntryPoint\",\"urlTemplate\":\"https:\/\/www.omrserrature.it\/fr\/?s={search_term_string}\"},\"query-input\":{\"@type\":\"PropertyValueSpecification\",\"valueRequired\":true,\"valueName\":\"search_term_string\"}}],\"inLanguage\":\"fr-FR\"},{\"@type\":\"Organization\",\"@id\":\"https:\/\/www.omrserrature.it\/fr\/#organization\",\"name\":\"OMR Serrature | Produzione sistemi di chiusura\",\"url\":\"https:\/\/www.omrserrature.it\/fr\/\",\"logo\":{\"@type\":\"ImageObject\",\"inLanguage\":\"fr-FR\",\"@id\":\"https:\/\/www.omrserrature.it\/fr\/#\/schema\/logo\/image\/\",\"url\":\"https:\/\/www.omrserrature.it\/wp-content\/uploads\/2017\/09\/favicon-omr-114.png\",\"contentUrl\":\"https:\/\/www.omrserrature.it\/wp-content\/uploads\/2017\/09\/favicon-omr-114.png\",\"width\":114,\"height\":114,\"caption\":\"OMR Serrature | Produzione sistemi di chiusura\"},\"image\":{\"@id\":\"https:\/\/www.omrserrature.it\/fr\/#\/schema\/logo\/image\/\"},\"sameAs\":[\"https:\/\/www.facebook.com\/OMRserrature\",\"https:\/\/www.linkedin.com\/company\/omrserrature\/\",\"https:\/\/www.youtube.com\/channel\/UCxmA85z2R0EpG_6IRokiAkg\"]}]}<\/script>\n<!-- \/ Yoast SEO plugin. -->","yoast_head_json":{"title":"Serrure universelle \u00e0 gabarit carr\u00e9 - OMR Serrature","robots":{"index":"index","follow":"follow","max-snippet":"max-snippet:-1","max-image-preview":"max-image-preview:large","max-video-preview":"max-video-preview:-1"},"canonical":"https:\/\/www.omrserrature.it\/fr\/produit\/serrure-universelle-a-gabarit-carre\/","og_locale":"fr_FR","og_type":"article","og_title":"Serrure universelle \u00e0 gabarit carr\u00e9 - OMR Serrature","og_description":"La Serrure universelle universelle \u00e0 paillettes avec m\u00e9canisme \u00e0 lamelles est con\u00e7ue pour assurer une haute s\u00e9curit\u00e9 dans les armoires, les armoires \u00e9lectriques et les portes. Sa forme carr\u00e9e emp\u00eache la rotation, ce qui augmente la r\u00e9sistance \u00e0 l'effraction. Fabriqu\u00e9 en alliage de zinc avec un came en acier, il s'installe facilement sur des supports en acier, en aluminium et en plastique. Il est id\u00e9al pour les applications dans les environnements industriels, les bureaux et les syst\u00e8mes de distribution automatique.","og_url":"https:\/\/www.omrserrature.it\/fr\/produit\/serrure-universelle-a-gabarit-carre\/","og_site_name":"OMR Serrature | Produzione sistemi di chiusura","article_publisher":"https:\/\/www.facebook.com\/OMRserrature","article_modified_time":"2026-04-08T11:14:59+00:00","og_image":[{"width":419,"height":366,"url":"https:\/\/www.omrserrature.it\/wp-content\/uploads\/2017\/10\/serratura-universale-dima-quadra-rack.jpg","type":"image\/jpeg"}],"twitter_card":"summary_large_image","twitter_misc":{"Dur\u00e9e de lecture estim\u00e9e":"1 minute"},"schema":{"@context":"https:\/\/schema.org","@graph":[{"@type":"WebPage","@id":"https:\/\/www.omrserrature.it\/fr\/produit\/serrure-universelle-a-gabarit-carre\/","url":"https:\/\/www.omrserrature.it\/fr\/produit\/serrure-universelle-a-gabarit-carre\/","name":"Serrure universelle \u00e0 gabarit carr\u00e9 - OMR Serrature","isPartOf":{"@id":"https:\/\/www.omrserrature.it\/fr\/#website"},"primaryImageOfPage":{"@id":"https:\/\/www.omrserrature.it\/fr\/produit\/serrure-universelle-a-gabarit-carre\/#primaryimage"},"image":{"@id":"https:\/\/www.omrserrature.it\/fr\/produit\/serrure-universelle-a-gabarit-carre\/#primaryimage"},"thumbnailUrl":"https:\/\/www.omrserrature.it\/wp-content\/uploads\/2017\/10\/serratura-universale-dima-quadra-rack.jpg","datePublished":"2009-10-17T15:39:00+00:00","dateModified":"2026-04-08T11:14:59+00:00","breadcrumb":{"@id":"https:\/\/www.omrserrature.it\/fr\/produit\/serrure-universelle-a-gabarit-carre\/#breadcrumb"},"inLanguage":"fr-FR","potentialAction":[{"@type":"ReadAction","target":["https:\/\/www.omrserrature.it\/fr\/produit\/serrure-universelle-a-gabarit-carre\/"]}]},{"@type":"ImageObject","inLanguage":"fr-FR","@id":"https:\/\/www.omrserrature.it\/fr\/produit\/serrure-universelle-a-gabarit-carre\/#primaryimage","url":"https:\/\/www.omrserrature.it\/wp-content\/uploads\/2017\/10\/serratura-universale-dima-quadra-rack.jpg","contentUrl":"https:\/\/www.omrserrature.it\/wp-content\/uploads\/2017\/10\/serratura-universale-dima-quadra-rack.jpg","width":419,"height":366,"caption":"Serrure universelle \u00e0 came, avec gabarit carr\u00e9"},{"@type":"BreadcrumbList","@id":"https:\/\/www.omrserrature.it\/fr\/produit\/serrure-universelle-a-gabarit-carre\/#breadcrumb","itemListElement":[{"@type":"ListItem","position":1,"name":"Home","item":"https:\/\/www.omrserrature.it\/fr\/omr-serrures-et-systemes-de-verrouillage\/"},{"@type":"ListItem","position":2,"name":"Catalogue","item":"https:\/\/www.omrserrature.it\/catalogue\/?lang=fr"},{"@type":"ListItem","position":3,"name":"Produits","item":"https:\/\/www.omrserrature.it\/fr\/catalogue\/produits\/"},{"@type":"ListItem","position":4,"name":"Serrures","item":"https:\/\/www.omrserrature.it\/fr\/catalogue\/produits\/serrures\/"},{"@type":"ListItem","position":5,"name":"Serrures \u00e0 came","item":"https:\/\/www.omrserrature.it\/fr\/catalogue\/produits\/serrures\/serrures-a-came\/"},{"@type":"ListItem","position":6,"name":"Serrure universelle \u00e0 gabarit carr\u00e9"}]},{"@type":"WebSite","@id":"https:\/\/www.omrserrature.it\/fr\/#website","url":"https:\/\/www.omrserrature.it\/fr\/","name":"OMR Serrature | Produzione sistemi di chiusura","description":"Produzione serrature di sicurezza e sistemi di chiusura","publisher":{"@id":"https:\/\/www.omrserrature.it\/fr\/#organization"},"potentialAction":[{"@type":"SearchAction","target":{"@type":"EntryPoint","urlTemplate":"https:\/\/www.omrserrature.it\/fr\/?s={search_term_string}"},"query-input":{"@type":"PropertyValueSpecification","valueRequired":true,"valueName":"search_term_string"}}],"inLanguage":"fr-FR"},{"@type":"Organization","@id":"https:\/\/www.omrserrature.it\/fr\/#organization","name":"OMR Serrature | Produzione sistemi di chiusura","url":"https:\/\/www.omrserrature.it\/fr\/","logo":{"@type":"ImageObject","inLanguage":"fr-FR","@id":"https:\/\/www.omrserrature.it\/fr\/#\/schema\/logo\/image\/","url":"https:\/\/www.omrserrature.it\/wp-content\/uploads\/2017\/09\/favicon-omr-114.png","contentUrl":"https:\/\/www.omrserrature.it\/wp-content\/uploads\/2017\/09\/favicon-omr-114.png","width":114,"height":114,"caption":"OMR Serrature | Produzione sistemi di chiusura"},"image":{"@id":"https:\/\/www.omrserrature.it\/fr\/#\/schema\/logo\/image\/"},"sameAs":["https:\/\/www.facebook.com\/OMRserrature","https:\/\/www.linkedin.com\/company\/omrserrature\/","https:\/\/www.youtube.com\/channel\/UCxmA85z2R0EpG_6IRokiAkg"]}]}},"_links":{"self":[{"href":"https:\/\/www.omrserrature.it\/fr\/wp-json\/wp\/v2\/product\/243270","targetHints":{"allow":["GET"]}}],"collection":[{"href":"https:\/\/www.omrserrature.it\/fr\/wp-json\/wp\/v2\/product"}],"about":[{"href":"https:\/\/www.omrserrature.it\/fr\/wp-json\/wp\/v2\/types\/product"}],"replies":[{"embeddable":true,"href":"https:\/\/www.omrserrature.it\/fr\/wp-json\/wp\/v2\/comments?post=243270"}],"wp:featuredmedia":[{"embeddable":true,"href":"https:\/\/www.omrserrature.it\/fr\/wp-json\/wp\/v2\/media\/3360"}],"wp:attachment":[{"href":"https:\/\/www.omrserrature.it\/fr\/wp-json\/wp\/v2\/media?parent=243270"}],"wp:term":[{"taxonomy":"product_brand","embeddable":true,"href":"https:\/\/www.omrserrature.it\/fr\/wp-json\/wp\/v2\/product_brand?post=243270"},{"taxonomy":"product_cat","embeddable":true,"href":"https:\/\/www.omrserrature.it\/fr\/wp-json\/wp\/v2\/product_cat?post=243270"},{"taxonomy":"product_tag","embeddable":true,"href":"https:\/\/www.omrserrature.it\/fr\/wp-json\/wp\/v2\/product_tag?post=243270"}],"curies":[{"name":"wp","href":"https:\/\/api.w.org\/{rel}","templated":true}]}}