{"id":243256,"date":"2017-10-09T17:14:20","date_gmt":"2009-10-17T15:14:00","guid":{"rendered":"https:\/\/www.staging6.omrserrature.it\/prodotto\/serrure-batteuse-avec-volet-anti-poussiere-et-fourchette\/"},"modified":"2026-04-08T13:15:03","modified_gmt":"2026-04-08T11:15:03","slug":"serrure-batteuse-avec-volet-anti-poussiere-et-fourchette","status":"publish","type":"product","link":"https:\/\/www.omrserrature.it\/fr\/produit\/serrure-batteuse-avec-volet-anti-poussiere-et-fourchette\/","title":{"rendered":"Serrure batteuse avec volet anti-poussi\u00e8re et fourchette"},"content":{"rendered":"<p>La <strong>serrure universelle<\/strong> \u00e0 came avec m\u00e9canisme \u00e0 paillettes, \u00e9galement appel\u00e9e serrure \u00e0 paillettes, est l&rsquo;une des serrures les plus populaires dans tous les domaines. <strong>Con\u00e7ue pour les environnements ext\u00e9rieurs, humides ou poussi\u00e9reux<\/strong>, elle est dot\u00e9e d&rsquo;une <strong>bague peinte en noir<\/strong>, d&rsquo;un<strong> barillet rev\u00eatu d&rsquo;acier inoxydable<\/strong> et d&rsquo;un <strong>volet anti-poussi\u00e8re<\/strong> pour prot\u00e9ger les m\u00e9canismes internes. <strong>Fixation rapide \u00e0 l&rsquo;aide d&rsquo;une fourchette (clip) sur des plaques en acier, en aluminium ou en plastique. <\/strong> <\/p>\n<p>La cl\u00e9 en laiton nickel\u00e9 d\u00e9place le rotor central \u00e0 lamelles situ\u00e9 \u00e0 l&rsquo;int\u00e9rieur d&rsquo;une bo\u00eete en alliage de zinc appel\u00e9e stator, bague ou corps. Le diam\u00e8tre est frais\u00e9 sur deux c\u00f4t\u00e9s oppos\u00e9s (plaques lat\u00e9rales) formant un double D pour emp\u00eacher la rotation du verrou \u00e0 came dans le si\u00e8ge d&rsquo;installation. L&rsquo;actionnement du <strong>came arri\u00e8re<\/strong> d\u00e9termine si la serrure batteuse est ferm\u00e9e ou ouverte.<\/p>\n<p>Le corps et le rotor de la serrure \u00e0 levier sont en alliage de zinc et la came en acier. L&#8217;embout carr\u00e9 de 7 mm permet \u00e9galement l&rsquo;installation de divers <strong>cames droites, coud\u00e9es ou \u00e0 crochet<\/strong>. Les diff\u00e9rentes <strong>versions<\/strong> permettent diff\u00e9rentes rotations, des \u00e9paisseurs de porte de 0,5 \u00e0 27 mm, et le retrait de la cl\u00e9 en position ouverte et ferm\u00e9e (ou seulement dans l&rsquo;un des deux cas). <strong> <\/strong><\/p>\n<p>La serrure universelle \u00e0 came est id\u00e9ale pour \u00eatre install\u00e9e dans les <strong>meubles d&rsquo;ext\u00e9rieur<\/strong>, les portes m\u00e9talliques, les tringles, les travaux de menuiserie, les bo\u00eetes en t\u00f4le, les syst\u00e8mes de distribution automatique et de lavage de voitures, les machines et les panneaux de commande.<\/p>\n","protected":false},"excerpt":{"rendered":"<p><strong>Serrure universelle<\/strong> \u00e0 batteuse \u00e0 paillettes, con\u00e7ue <strong>pour les environnements ext\u00e9rieurs et les conditions difficiles<\/strong>. Comprend une bague <strong>peinte<\/strong>, un<strong> capuchon en acier inoxydable et un clapet anti-poussi\u00e8re<\/strong>. <\/p>\n<p><strong>Serrage rapide avec fourchette<\/strong> sur les t\u00f4les d&rsquo;acier, d&rsquo;aluminium ou de plastique. Combinaison polyvalente avec des cames droites, coud\u00e9es ou \u00e0 crochets, convenant \u00e0 diverses applications telles que le mobilier ext\u00e9rieur, les portes, les machines et les syst\u00e8mes industriels. <\/p>\n","protected":false},"featured_media":3408,"comment_status":"open","ping_status":"closed","template":"","meta":{"_acf_changed":false,"_et_pb_use_builder":"","_et_pb_old_content":"","_et_gb_content_width":""},"product_brand":[],"product_cat":[3746,3750,3755,3739,3699,3664,3638,3687,3658,3650,3691,3717,3723,3693,3732,3710,3709,3689,3714,3713,3719,3718,3712,3692,3715,3707,3703,3694,3697,3728,3716,3748],"product_tag":[],"class_list":{"0":"post-243256","1":"product","2":"type-product","3":"status-publish","4":"has-post-thumbnail","6":"product_cat-automobile-et-transport","7":"product_cat-banque-et-poste","8":"product_cat-hopitaux-et-soins-de-sante","9":"product_cat-rabat","10":"product_cat-serrure-darmoire-conforme-au-reglement-gdpr","11":"product_cat-serrure-etanche-inox","12":"product_cat-serrure-universelle-a-paillettes","13":"product_cat-serrures-a-came","14":"product_cat-serrures-a-passe-partout","15":"product_cat-serrures-avec-barillet-interchangeable","16":"product_cat-serrures-darmoires","17":"product_cat-serrures-de-boites-aux-lettres","18":"product_cat-serrures-de-panneaux","19":"product_cat-serrures-de-securite","20":"product_cat-serrures-de-securite-pour-meubles","21":"product_cat-serrures-pour-armoires-a-epi","22":"product_cat-serrures-pour-armoires-a-substances-dangereuses","23":"product_cat-serrures-pour-armoires-electriques","24":"product_cat-serrures-pour-armoires-industrielles","25":"product_cat-serrures-pour-armoires-phytosanitaires","26":"product_cat-serrures-pour-boites-postales","27":"product_cat-serrures-pour-casiers-a-colis","28":"product_cat-serrures-pour-casiers-a-skis","29":"product_cat-serrures-pour-chariots-professionnels","30":"product_cat-serrures-pour-coffres-forts","31":"product_cat-serrures-pour-distributeurs","32":"product_cat-serrures-pour-interrupteurs","33":"product_cat-serrures-pour-les-boites-aux-lettres","34":"product_cat-serrures-pour-meubles","35":"product_cat-serrures-pour-panneaux-de-signalisation","36":"product_cat-serrures-pour-rateliers-a-fusils","37":"product_cat-systemes-de-fermeture-pour-lindustrie","39":"first","40":"instock","41":"shipping-taxable","42":"purchasable","43":"product-type-variable"},"acf":{"pdf1":"https:\/\/www.omrserrature.it\/wp-content\/uploads\/schede\/Scheda_161651.pdf"},"yoast_head":"<!-- This site is optimized with the Yoast SEO plugin v27.2 - https:\/\/yoast.com\/product\/yoast-seo-wordpress\/ -->\n<title>Serrure batteuse avec volet anti-poussi\u00e8re et fourchette - OMR Serrature<\/title>\n<meta name=\"robots\" content=\"index, follow, max-snippet:-1, max-image-preview:large, max-video-preview:-1\" \/>\n<link rel=\"canonical\" href=\"https:\/\/www.omrserrature.it\/fr\/produit\/serrure-batteuse-avec-volet-anti-poussiere-et-fourchette\/\" \/>\n<meta property=\"og:locale\" content=\"fr_FR\" \/>\n<meta property=\"og:type\" content=\"article\" \/>\n<meta property=\"og:title\" content=\"Serrure batteuse avec volet anti-poussi\u00e8re et fourchette - OMR Serrature\" \/>\n<meta property=\"og:description\" content=\"Serrure universelle \u00e0 batteuse \u00e0 paillettes, con\u00e7ue pour les environnements ext\u00e9rieurs et les conditions difficiles. Comprend une bague peinte, un capuchon en acier inoxydable et un clapet anti-poussi\u00e8re.  Serrage rapide avec fourchette sur les t\u00f4les d&#039;acier, d&#039;aluminium ou de plastique. Combinaison polyvalente avec des cames droites, coud\u00e9es ou \u00e0 crochets, convenant \u00e0 diverses applications telles que le mobilier ext\u00e9rieur, les portes, les machines et les syst\u00e8mes industriels.\" \/>\n<meta property=\"og:url\" content=\"https:\/\/www.omrserrature.it\/fr\/produit\/serrure-batteuse-avec-volet-anti-poussiere-et-fourchette\/\" \/>\n<meta property=\"og:site_name\" content=\"OMR Serrature | Produzione sistemi di chiusura\" \/>\n<meta property=\"article:publisher\" content=\"https:\/\/www.facebook.com\/OMRserrature\" \/>\n<meta property=\"article:modified_time\" content=\"2026-04-08T11:15:03+00:00\" \/>\n<meta property=\"og:image\" content=\"https:\/\/www.omrserrature.it\/wp-content\/uploads\/2017\/10\/serratura-universale-parapolvere-forcella.jpg\" \/>\n\t<meta property=\"og:image:width\" content=\"770\" \/>\n\t<meta property=\"og:image:height\" content=\"364\" \/>\n\t<meta property=\"og:image:type\" content=\"image\/jpeg\" \/>\n<meta name=\"twitter:card\" content=\"summary_large_image\" \/>\n<meta name=\"twitter:label1\" content=\"Dur\u00e9e de lecture estim\u00e9e\" \/>\n\t<meta name=\"twitter:data1\" content=\"1 minute\" \/>\n<script type=\"application\/ld+json\" class=\"yoast-schema-graph\">{\"@context\":\"https:\/\/schema.org\",\"@graph\":[{\"@type\":\"WebPage\",\"@id\":\"https:\/\/www.omrserrature.it\/fr\/produit\/serrure-batteuse-avec-volet-anti-poussiere-et-fourchette\/\",\"url\":\"https:\/\/www.omrserrature.it\/fr\/produit\/serrure-batteuse-avec-volet-anti-poussiere-et-fourchette\/\",\"name\":\"Serrure batteuse avec volet anti-poussi\u00e8re et fourchette - OMR Serrature\",\"isPartOf\":{\"@id\":\"https:\/\/www.omrserrature.it\/fr\/#website\"},\"primaryImageOfPage\":{\"@id\":\"https:\/\/www.omrserrature.it\/fr\/produit\/serrure-batteuse-avec-volet-anti-poussiere-et-fourchette\/#primaryimage\"},\"image\":{\"@id\":\"https:\/\/www.omrserrature.it\/fr\/produit\/serrure-batteuse-avec-volet-anti-poussiere-et-fourchette\/#primaryimage\"},\"thumbnailUrl\":\"https:\/\/www.omrserrature.it\/wp-content\/uploads\/2017\/10\/serratura-universale-parapolvere-forcella.jpg\",\"datePublished\":\"2009-10-17T15:14:00+00:00\",\"dateModified\":\"2026-04-08T11:15:03+00:00\",\"breadcrumb\":{\"@id\":\"https:\/\/www.omrserrature.it\/fr\/produit\/serrure-batteuse-avec-volet-anti-poussiere-et-fourchette\/#breadcrumb\"},\"inLanguage\":\"fr-FR\",\"potentialAction\":[{\"@type\":\"ReadAction\",\"target\":[\"https:\/\/www.omrserrature.it\/fr\/produit\/serrure-batteuse-avec-volet-anti-poussiere-et-fourchette\/\"]}]},{\"@type\":\"ImageObject\",\"inLanguage\":\"fr-FR\",\"@id\":\"https:\/\/www.omrserrature.it\/fr\/produit\/serrure-batteuse-avec-volet-anti-poussiere-et-fourchette\/#primaryimage\",\"url\":\"https:\/\/www.omrserrature.it\/wp-content\/uploads\/2017\/10\/serratura-universale-parapolvere-forcella.jpg\",\"contentUrl\":\"https:\/\/www.omrserrature.it\/wp-content\/uploads\/2017\/10\/serratura-universale-parapolvere-forcella.jpg\",\"width\":770,\"height\":364,\"caption\":\"Serrure universelle avec couvercle anti-poussi\u00e8re et fourchette. Serrure en acier inoxydable avec serrure batteuse \u00e0 paillettes.\"},{\"@type\":\"BreadcrumbList\",\"@id\":\"https:\/\/www.omrserrature.it\/fr\/produit\/serrure-batteuse-avec-volet-anti-poussiere-et-fourchette\/#breadcrumb\",\"itemListElement\":[{\"@type\":\"ListItem\",\"position\":1,\"name\":\"Home\",\"item\":\"https:\/\/www.omrserrature.it\/fr\/omr-serrures-et-systemes-de-verrouillage\/\"},{\"@type\":\"ListItem\",\"position\":2,\"name\":\"Catalogue\",\"item\":\"https:\/\/www.omrserrature.it\/catalogue\/?lang=fr\"},{\"@type\":\"ListItem\",\"position\":3,\"name\":\"Produits\",\"item\":\"https:\/\/www.omrserrature.it\/fr\/catalogue\/produits\/\"},{\"@type\":\"ListItem\",\"position\":4,\"name\":\"Serrures\",\"item\":\"https:\/\/www.omrserrature.it\/fr\/catalogue\/produits\/serrures\/\"},{\"@type\":\"ListItem\",\"position\":5,\"name\":\"Serrures \u00e0 came\",\"item\":\"https:\/\/www.omrserrature.it\/fr\/catalogue\/produits\/serrures\/serrures-a-came\/\"},{\"@type\":\"ListItem\",\"position\":6,\"name\":\"Serrure batteuse avec volet anti-poussi\u00e8re et fourchette\"}]},{\"@type\":\"WebSite\",\"@id\":\"https:\/\/www.omrserrature.it\/fr\/#website\",\"url\":\"https:\/\/www.omrserrature.it\/fr\/\",\"name\":\"OMR Serrature | Produzione sistemi di chiusura\",\"description\":\"Produzione serrature di sicurezza e sistemi di chiusura\",\"publisher\":{\"@id\":\"https:\/\/www.omrserrature.it\/fr\/#organization\"},\"potentialAction\":[{\"@type\":\"SearchAction\",\"target\":{\"@type\":\"EntryPoint\",\"urlTemplate\":\"https:\/\/www.omrserrature.it\/fr\/?s={search_term_string}\"},\"query-input\":{\"@type\":\"PropertyValueSpecification\",\"valueRequired\":true,\"valueName\":\"search_term_string\"}}],\"inLanguage\":\"fr-FR\"},{\"@type\":\"Organization\",\"@id\":\"https:\/\/www.omrserrature.it\/fr\/#organization\",\"name\":\"OMR Serrature | Produzione sistemi di chiusura\",\"url\":\"https:\/\/www.omrserrature.it\/fr\/\",\"logo\":{\"@type\":\"ImageObject\",\"inLanguage\":\"fr-FR\",\"@id\":\"https:\/\/www.omrserrature.it\/fr\/#\/schema\/logo\/image\/\",\"url\":\"https:\/\/www.omrserrature.it\/wp-content\/uploads\/2017\/09\/favicon-omr-114.png\",\"contentUrl\":\"https:\/\/www.omrserrature.it\/wp-content\/uploads\/2017\/09\/favicon-omr-114.png\",\"width\":114,\"height\":114,\"caption\":\"OMR Serrature | Produzione sistemi di chiusura\"},\"image\":{\"@id\":\"https:\/\/www.omrserrature.it\/fr\/#\/schema\/logo\/image\/\"},\"sameAs\":[\"https:\/\/www.facebook.com\/OMRserrature\",\"https:\/\/www.linkedin.com\/company\/omrserrature\/\",\"https:\/\/www.youtube.com\/channel\/UCxmA85z2R0EpG_6IRokiAkg\"]}]}<\/script>\n<!-- \/ Yoast SEO plugin. -->","yoast_head_json":{"title":"Serrure batteuse avec volet anti-poussi\u00e8re et fourchette - OMR Serrature","robots":{"index":"index","follow":"follow","max-snippet":"max-snippet:-1","max-image-preview":"max-image-preview:large","max-video-preview":"max-video-preview:-1"},"canonical":"https:\/\/www.omrserrature.it\/fr\/produit\/serrure-batteuse-avec-volet-anti-poussiere-et-fourchette\/","og_locale":"fr_FR","og_type":"article","og_title":"Serrure batteuse avec volet anti-poussi\u00e8re et fourchette - OMR Serrature","og_description":"Serrure universelle \u00e0 batteuse \u00e0 paillettes, con\u00e7ue pour les environnements ext\u00e9rieurs et les conditions difficiles. Comprend une bague peinte, un capuchon en acier inoxydable et un clapet anti-poussi\u00e8re.  Serrage rapide avec fourchette sur les t\u00f4les d'acier, d'aluminium ou de plastique. Combinaison polyvalente avec des cames droites, coud\u00e9es ou \u00e0 crochets, convenant \u00e0 diverses applications telles que le mobilier ext\u00e9rieur, les portes, les machines et les syst\u00e8mes industriels.","og_url":"https:\/\/www.omrserrature.it\/fr\/produit\/serrure-batteuse-avec-volet-anti-poussiere-et-fourchette\/","og_site_name":"OMR Serrature | Produzione sistemi di chiusura","article_publisher":"https:\/\/www.facebook.com\/OMRserrature","article_modified_time":"2026-04-08T11:15:03+00:00","og_image":[{"width":770,"height":364,"url":"https:\/\/www.omrserrature.it\/wp-content\/uploads\/2017\/10\/serratura-universale-parapolvere-forcella.jpg","type":"image\/jpeg"}],"twitter_card":"summary_large_image","twitter_misc":{"Dur\u00e9e de lecture estim\u00e9e":"1 minute"},"schema":{"@context":"https:\/\/schema.org","@graph":[{"@type":"WebPage","@id":"https:\/\/www.omrserrature.it\/fr\/produit\/serrure-batteuse-avec-volet-anti-poussiere-et-fourchette\/","url":"https:\/\/www.omrserrature.it\/fr\/produit\/serrure-batteuse-avec-volet-anti-poussiere-et-fourchette\/","name":"Serrure batteuse avec volet anti-poussi\u00e8re et fourchette - OMR Serrature","isPartOf":{"@id":"https:\/\/www.omrserrature.it\/fr\/#website"},"primaryImageOfPage":{"@id":"https:\/\/www.omrserrature.it\/fr\/produit\/serrure-batteuse-avec-volet-anti-poussiere-et-fourchette\/#primaryimage"},"image":{"@id":"https:\/\/www.omrserrature.it\/fr\/produit\/serrure-batteuse-avec-volet-anti-poussiere-et-fourchette\/#primaryimage"},"thumbnailUrl":"https:\/\/www.omrserrature.it\/wp-content\/uploads\/2017\/10\/serratura-universale-parapolvere-forcella.jpg","datePublished":"2009-10-17T15:14:00+00:00","dateModified":"2026-04-08T11:15:03+00:00","breadcrumb":{"@id":"https:\/\/www.omrserrature.it\/fr\/produit\/serrure-batteuse-avec-volet-anti-poussiere-et-fourchette\/#breadcrumb"},"inLanguage":"fr-FR","potentialAction":[{"@type":"ReadAction","target":["https:\/\/www.omrserrature.it\/fr\/produit\/serrure-batteuse-avec-volet-anti-poussiere-et-fourchette\/"]}]},{"@type":"ImageObject","inLanguage":"fr-FR","@id":"https:\/\/www.omrserrature.it\/fr\/produit\/serrure-batteuse-avec-volet-anti-poussiere-et-fourchette\/#primaryimage","url":"https:\/\/www.omrserrature.it\/wp-content\/uploads\/2017\/10\/serratura-universale-parapolvere-forcella.jpg","contentUrl":"https:\/\/www.omrserrature.it\/wp-content\/uploads\/2017\/10\/serratura-universale-parapolvere-forcella.jpg","width":770,"height":364,"caption":"Serrure universelle avec couvercle anti-poussi\u00e8re et fourchette. Serrure en acier inoxydable avec serrure batteuse \u00e0 paillettes."},{"@type":"BreadcrumbList","@id":"https:\/\/www.omrserrature.it\/fr\/produit\/serrure-batteuse-avec-volet-anti-poussiere-et-fourchette\/#breadcrumb","itemListElement":[{"@type":"ListItem","position":1,"name":"Home","item":"https:\/\/www.omrserrature.it\/fr\/omr-serrures-et-systemes-de-verrouillage\/"},{"@type":"ListItem","position":2,"name":"Catalogue","item":"https:\/\/www.omrserrature.it\/catalogue\/?lang=fr"},{"@type":"ListItem","position":3,"name":"Produits","item":"https:\/\/www.omrserrature.it\/fr\/catalogue\/produits\/"},{"@type":"ListItem","position":4,"name":"Serrures","item":"https:\/\/www.omrserrature.it\/fr\/catalogue\/produits\/serrures\/"},{"@type":"ListItem","position":5,"name":"Serrures \u00e0 came","item":"https:\/\/www.omrserrature.it\/fr\/catalogue\/produits\/serrures\/serrures-a-came\/"},{"@type":"ListItem","position":6,"name":"Serrure batteuse avec volet anti-poussi\u00e8re et fourchette"}]},{"@type":"WebSite","@id":"https:\/\/www.omrserrature.it\/fr\/#website","url":"https:\/\/www.omrserrature.it\/fr\/","name":"OMR Serrature | Produzione sistemi di chiusura","description":"Produzione serrature di sicurezza e sistemi di chiusura","publisher":{"@id":"https:\/\/www.omrserrature.it\/fr\/#organization"},"potentialAction":[{"@type":"SearchAction","target":{"@type":"EntryPoint","urlTemplate":"https:\/\/www.omrserrature.it\/fr\/?s={search_term_string}"},"query-input":{"@type":"PropertyValueSpecification","valueRequired":true,"valueName":"search_term_string"}}],"inLanguage":"fr-FR"},{"@type":"Organization","@id":"https:\/\/www.omrserrature.it\/fr\/#organization","name":"OMR Serrature | Produzione sistemi di chiusura","url":"https:\/\/www.omrserrature.it\/fr\/","logo":{"@type":"ImageObject","inLanguage":"fr-FR","@id":"https:\/\/www.omrserrature.it\/fr\/#\/schema\/logo\/image\/","url":"https:\/\/www.omrserrature.it\/wp-content\/uploads\/2017\/09\/favicon-omr-114.png","contentUrl":"https:\/\/www.omrserrature.it\/wp-content\/uploads\/2017\/09\/favicon-omr-114.png","width":114,"height":114,"caption":"OMR Serrature | Produzione sistemi di chiusura"},"image":{"@id":"https:\/\/www.omrserrature.it\/fr\/#\/schema\/logo\/image\/"},"sameAs":["https:\/\/www.facebook.com\/OMRserrature","https:\/\/www.linkedin.com\/company\/omrserrature\/","https:\/\/www.youtube.com\/channel\/UCxmA85z2R0EpG_6IRokiAkg"]}]}},"_links":{"self":[{"href":"https:\/\/www.omrserrature.it\/fr\/wp-json\/wp\/v2\/product\/243256","targetHints":{"allow":["GET"]}}],"collection":[{"href":"https:\/\/www.omrserrature.it\/fr\/wp-json\/wp\/v2\/product"}],"about":[{"href":"https:\/\/www.omrserrature.it\/fr\/wp-json\/wp\/v2\/types\/product"}],"replies":[{"embeddable":true,"href":"https:\/\/www.omrserrature.it\/fr\/wp-json\/wp\/v2\/comments?post=243256"}],"wp:featuredmedia":[{"embeddable":true,"href":"https:\/\/www.omrserrature.it\/fr\/wp-json\/wp\/v2\/media\/3408"}],"wp:attachment":[{"href":"https:\/\/www.omrserrature.it\/fr\/wp-json\/wp\/v2\/media?parent=243256"}],"wp:term":[{"taxonomy":"product_brand","embeddable":true,"href":"https:\/\/www.omrserrature.it\/fr\/wp-json\/wp\/v2\/product_brand?post=243256"},{"taxonomy":"product_cat","embeddable":true,"href":"https:\/\/www.omrserrature.it\/fr\/wp-json\/wp\/v2\/product_cat?post=243256"},{"taxonomy":"product_tag","embeddable":true,"href":"https:\/\/www.omrserrature.it\/fr\/wp-json\/wp\/v2\/product_tag?post=243256"}],"curies":[{"name":"wp","href":"https:\/\/api.w.org\/{rel}","templated":true}]}}