{"id":243228,"date":"2017-10-06T10:54:54","date_gmt":"2006-10-17T08:54:00","guid":{"rendered":"https:\/\/www.staging6.omrserrature.it\/prodotto\/serrure-a-pistons-universelle-chromee-section-ronde\/"},"modified":"2026-04-08T13:14:25","modified_gmt":"2026-04-08T11:14:25","slug":"serrure-a-pistons-universelle-chromee-section-ronde","status":"publish","type":"product","link":"https:\/\/www.omrserrature.it\/fr\/produit\/serrure-a-pistons-universelle-chromee-section-ronde\/","title":{"rendered":"Serrure \u00e0 pistons universelle chrom\u00e9e &#8211; section ronde"},"content":{"rendered":"<p><strong>La serrure universelle<\/strong> standard<strong> \u00e0<\/strong><strong>pistons<\/strong><strong> avec gabarit sp\u00e9cial<\/strong> se caract\u00e9rise par l&rsquo;absence de plaques lat\u00e9rales (la section du corps de la serrure est ronde) et par la pr\u00e9sence d&rsquo;une cheville dans la partie sup\u00e9rieure qui caract\u00e9rise le trou du logement. Comme tous les mod\u00e8les de sa cat\u00e9gorie, elle est \u00e9quip\u00e9e d&rsquo;un m\u00e9canisme interne activ\u00e9 lors de l&rsquo;insertion de la cl\u00e9, qui aligne les petits pistons selon une position pr\u00e9cise, ce qui permet de lib\u00e9rer le rotor et le mouvement d&rsquo;ouverture ou de fermeture. Les <strong>serrures \u00e0 pistons sont la version <em>haut de gamme<\/em> de leurs homologues \u00e0 lamelles<\/strong>: des mat\u00e9riaux de haute qualit\u00e9, une plus grande r\u00e9sistance aux effractions, un design \u00e9l\u00e9gant et un m\u00e9canisme interne pr\u00e9cis d\u00e9terminent leur valeur. <\/p>\n<p>Les petits pistons et le corps ext\u00e9rieur sont en <strong>laiton<\/strong>; la connexion terminal \u00e0 boucle permet l&rsquo;installation de <strong>cames droites, coud\u00e9es ou \u00e0 crochet<\/strong>, sans n\u00e9gliger la possibilit\u00e9 de fixer des cames <strong>multipli\u00e9es<\/strong> pour le mouvement des tringles ou des commandes pour une <strong>fermeture multiple et centralis\u00e9e<\/strong>.<\/p>\n<p>La serrure universelle standard \u00e0 pistons avec gabarit sp\u00e9cial est con\u00e7ue pour les applications sp\u00e9ciales n\u00e9cessitant un <strong>bo\u00eetier avec un per\u00e7age non conventionnel<\/strong>, m\u00eame \u00e0 l&rsquo;ext\u00e9rieur, comme les produits de menuiserie, les coffres-forts ou les <strong>machines sp\u00e9ciales<\/strong>.<\/p>\n","protected":false},"excerpt":{"rendered":"<p><strong>Serrure universelle \u00e0 pistons<\/strong> avec cl\u00e9 standard, corps rond sans plaques lat\u00e9rales ni goujon sup\u00e9rieur. <strong>M\u00e9canisme pr\u00e9cis en laiton<\/strong>, adapt\u00e9 aux cames et aux serrures centrales.<\/p>\n<p>Id\u00e9al pour les applications sp\u00e9ciales et \u00e0 l&rsquo;ext\u00e9rieur.<\/p>\n","protected":false},"featured_media":3432,"comment_status":"open","ping_status":"closed","template":"","meta":{"_acf_changed":false,"_et_pb_use_builder":"","_et_pb_old_content":"","_et_gb_content_width":""},"product_brand":[],"product_cat":[3687,3662],"product_tag":[],"class_list":{"0":"post-243228","1":"product","2":"type-product","3":"status-publish","4":"has-post-thumbnail","6":"product_cat-serrures-a-came","7":"product_cat-serrures-speciales-sur-mesure","9":"first","10":"instock","11":"shipping-taxable","12":"purchasable","13":"product-type-variable"},"acf":{"pdf1":"https:\/\/www.omrserrature.it\/wp-content\/uploads\/2017\/10\/Scheda_60650.pdf"},"yoast_head":"<!-- This site is optimized with the Yoast SEO plugin v27.2 - https:\/\/yoast.com\/product\/yoast-seo-wordpress\/ -->\n<title>Serrure \u00e0 pistons universelle chrom\u00e9e - section ronde - OMR Serrature<\/title>\n<meta name=\"robots\" content=\"index, follow, max-snippet:-1, max-image-preview:large, max-video-preview:-1\" \/>\n<link rel=\"canonical\" href=\"https:\/\/www.omrserrature.it\/fr\/produit\/serrure-a-pistons-universelle-chromee-section-ronde\/\" \/>\n<meta property=\"og:locale\" content=\"fr_FR\" \/>\n<meta property=\"og:type\" content=\"article\" \/>\n<meta property=\"og:title\" content=\"Serrure \u00e0 pistons universelle chrom\u00e9e - section ronde - OMR Serrature\" \/>\n<meta property=\"og:description\" content=\"Serrure universelle \u00e0 pistons avec cl\u00e9 standard, corps rond sans plaques lat\u00e9rales ni goujon sup\u00e9rieur. M\u00e9canisme pr\u00e9cis en laiton, adapt\u00e9 aux cames et aux serrures centrales. Id\u00e9al pour les applications sp\u00e9ciales et \u00e0 l&#039;ext\u00e9rieur.\" \/>\n<meta property=\"og:url\" content=\"https:\/\/www.omrserrature.it\/fr\/produit\/serrure-a-pistons-universelle-chromee-section-ronde\/\" \/>\n<meta property=\"og:site_name\" content=\"OMR Serrature | Produzione sistemi di chiusura\" \/>\n<meta property=\"article:publisher\" content=\"https:\/\/www.facebook.com\/OMRserrature\" \/>\n<meta property=\"article:modified_time\" content=\"2026-04-08T11:14:25+00:00\" \/>\n<meta property=\"og:image\" content=\"https:\/\/www.omrserrature.it\/wp-content\/uploads\/2017\/10\/serratura-universale-perni-rotore-centrale-cromata.jpg\" \/>\n\t<meta property=\"og:image:width\" content=\"680\" \/>\n\t<meta property=\"og:image:height\" content=\"396\" \/>\n\t<meta property=\"og:image:type\" content=\"image\/jpeg\" \/>\n<meta name=\"twitter:card\" content=\"summary_large_image\" \/>\n<meta name=\"twitter:label1\" content=\"Dur\u00e9e de lecture estim\u00e9e\" \/>\n\t<meta name=\"twitter:data1\" content=\"1 minute\" \/>\n<script type=\"application\/ld+json\" class=\"yoast-schema-graph\">{\"@context\":\"https:\/\/schema.org\",\"@graph\":[{\"@type\":\"WebPage\",\"@id\":\"https:\/\/www.omrserrature.it\/fr\/produit\/serrure-a-pistons-universelle-chromee-section-ronde\/\",\"url\":\"https:\/\/www.omrserrature.it\/fr\/produit\/serrure-a-pistons-universelle-chromee-section-ronde\/\",\"name\":\"Serrure \u00e0 pistons universelle chrom\u00e9e - section ronde - OMR Serrature\",\"isPartOf\":{\"@id\":\"https:\/\/www.omrserrature.it\/fr\/#website\"},\"primaryImageOfPage\":{\"@id\":\"https:\/\/www.omrserrature.it\/fr\/produit\/serrure-a-pistons-universelle-chromee-section-ronde\/#primaryimage\"},\"image\":{\"@id\":\"https:\/\/www.omrserrature.it\/fr\/produit\/serrure-a-pistons-universelle-chromee-section-ronde\/#primaryimage\"},\"thumbnailUrl\":\"https:\/\/www.omrserrature.it\/wp-content\/uploads\/2017\/10\/serratura-universale-perni-rotore-centrale-cromata.jpg\",\"datePublished\":\"2006-10-17T08:54:00+00:00\",\"dateModified\":\"2026-04-08T11:14:25+00:00\",\"breadcrumb\":{\"@id\":\"https:\/\/www.omrserrature.it\/fr\/produit\/serrure-a-pistons-universelle-chromee-section-ronde\/#breadcrumb\"},\"inLanguage\":\"fr-FR\",\"potentialAction\":[{\"@type\":\"ReadAction\",\"target\":[\"https:\/\/www.omrserrature.it\/fr\/produit\/serrure-a-pistons-universelle-chromee-section-ronde\/\"]}]},{\"@type\":\"ImageObject\",\"inLanguage\":\"fr-FR\",\"@id\":\"https:\/\/www.omrserrature.it\/fr\/produit\/serrure-a-pistons-universelle-chromee-section-ronde\/#primaryimage\",\"url\":\"https:\/\/www.omrserrature.it\/wp-content\/uploads\/2017\/10\/serratura-universale-perni-rotore-centrale-cromata.jpg\",\"contentUrl\":\"https:\/\/www.omrserrature.it\/wp-content\/uploads\/2017\/10\/serratura-universale-perni-rotore-centrale-cromata.jpg\",\"width\":680,\"height\":396,\"caption\":\"Serrure universelle \u00e0 pistons chrom\u00e9s avec barillet central\"},{\"@type\":\"BreadcrumbList\",\"@id\":\"https:\/\/www.omrserrature.it\/fr\/produit\/serrure-a-pistons-universelle-chromee-section-ronde\/#breadcrumb\",\"itemListElement\":[{\"@type\":\"ListItem\",\"position\":1,\"name\":\"Home\",\"item\":\"https:\/\/www.omrserrature.it\/fr\/omr-serrures-et-systemes-de-verrouillage\/\"},{\"@type\":\"ListItem\",\"position\":2,\"name\":\"Catalogue\",\"item\":\"https:\/\/www.omrserrature.it\/catalogue\/?lang=fr\"},{\"@type\":\"ListItem\",\"position\":3,\"name\":\"Produits\",\"item\":\"https:\/\/www.omrserrature.it\/fr\/catalogue\/produits\/\"},{\"@type\":\"ListItem\",\"position\":4,\"name\":\"Serrures\",\"item\":\"https:\/\/www.omrserrature.it\/fr\/catalogue\/produits\/serrures\/\"},{\"@type\":\"ListItem\",\"position\":5,\"name\":\"Serrures \u00e0 came\",\"item\":\"https:\/\/www.omrserrature.it\/fr\/catalogue\/produits\/serrures\/serrures-a-came\/\"},{\"@type\":\"ListItem\",\"position\":6,\"name\":\"Serrure \u00e0 pistons universelle chrom\u00e9e &#8211; section ronde\"}]},{\"@type\":\"WebSite\",\"@id\":\"https:\/\/www.omrserrature.it\/fr\/#website\",\"url\":\"https:\/\/www.omrserrature.it\/fr\/\",\"name\":\"OMR Serrature | Produzione sistemi di chiusura\",\"description\":\"Produzione serrature di sicurezza e sistemi di chiusura\",\"publisher\":{\"@id\":\"https:\/\/www.omrserrature.it\/fr\/#organization\"},\"potentialAction\":[{\"@type\":\"SearchAction\",\"target\":{\"@type\":\"EntryPoint\",\"urlTemplate\":\"https:\/\/www.omrserrature.it\/fr\/?s={search_term_string}\"},\"query-input\":{\"@type\":\"PropertyValueSpecification\",\"valueRequired\":true,\"valueName\":\"search_term_string\"}}],\"inLanguage\":\"fr-FR\"},{\"@type\":\"Organization\",\"@id\":\"https:\/\/www.omrserrature.it\/fr\/#organization\",\"name\":\"OMR Serrature | Produzione sistemi di chiusura\",\"url\":\"https:\/\/www.omrserrature.it\/fr\/\",\"logo\":{\"@type\":\"ImageObject\",\"inLanguage\":\"fr-FR\",\"@id\":\"https:\/\/www.omrserrature.it\/fr\/#\/schema\/logo\/image\/\",\"url\":\"https:\/\/www.omrserrature.it\/wp-content\/uploads\/2017\/09\/favicon-omr-114.png\",\"contentUrl\":\"https:\/\/www.omrserrature.it\/wp-content\/uploads\/2017\/09\/favicon-omr-114.png\",\"width\":114,\"height\":114,\"caption\":\"OMR Serrature | Produzione sistemi di chiusura\"},\"image\":{\"@id\":\"https:\/\/www.omrserrature.it\/fr\/#\/schema\/logo\/image\/\"},\"sameAs\":[\"https:\/\/www.facebook.com\/OMRserrature\",\"https:\/\/www.linkedin.com\/company\/omrserrature\/\",\"https:\/\/www.youtube.com\/channel\/UCxmA85z2R0EpG_6IRokiAkg\"]}]}<\/script>\n<!-- \/ Yoast SEO plugin. -->","yoast_head_json":{"title":"Serrure \u00e0 pistons universelle chrom\u00e9e - section ronde - OMR Serrature","robots":{"index":"index","follow":"follow","max-snippet":"max-snippet:-1","max-image-preview":"max-image-preview:large","max-video-preview":"max-video-preview:-1"},"canonical":"https:\/\/www.omrserrature.it\/fr\/produit\/serrure-a-pistons-universelle-chromee-section-ronde\/","og_locale":"fr_FR","og_type":"article","og_title":"Serrure \u00e0 pistons universelle chrom\u00e9e - section ronde - OMR Serrature","og_description":"Serrure universelle \u00e0 pistons avec cl\u00e9 standard, corps rond sans plaques lat\u00e9rales ni goujon sup\u00e9rieur. M\u00e9canisme pr\u00e9cis en laiton, adapt\u00e9 aux cames et aux serrures centrales. Id\u00e9al pour les applications sp\u00e9ciales et \u00e0 l'ext\u00e9rieur.","og_url":"https:\/\/www.omrserrature.it\/fr\/produit\/serrure-a-pistons-universelle-chromee-section-ronde\/","og_site_name":"OMR Serrature | Produzione sistemi di chiusura","article_publisher":"https:\/\/www.facebook.com\/OMRserrature","article_modified_time":"2026-04-08T11:14:25+00:00","og_image":[{"width":680,"height":396,"url":"https:\/\/www.omrserrature.it\/wp-content\/uploads\/2017\/10\/serratura-universale-perni-rotore-centrale-cromata.jpg","type":"image\/jpeg"}],"twitter_card":"summary_large_image","twitter_misc":{"Dur\u00e9e de lecture estim\u00e9e":"1 minute"},"schema":{"@context":"https:\/\/schema.org","@graph":[{"@type":"WebPage","@id":"https:\/\/www.omrserrature.it\/fr\/produit\/serrure-a-pistons-universelle-chromee-section-ronde\/","url":"https:\/\/www.omrserrature.it\/fr\/produit\/serrure-a-pistons-universelle-chromee-section-ronde\/","name":"Serrure \u00e0 pistons universelle chrom\u00e9e - section ronde - OMR Serrature","isPartOf":{"@id":"https:\/\/www.omrserrature.it\/fr\/#website"},"primaryImageOfPage":{"@id":"https:\/\/www.omrserrature.it\/fr\/produit\/serrure-a-pistons-universelle-chromee-section-ronde\/#primaryimage"},"image":{"@id":"https:\/\/www.omrserrature.it\/fr\/produit\/serrure-a-pistons-universelle-chromee-section-ronde\/#primaryimage"},"thumbnailUrl":"https:\/\/www.omrserrature.it\/wp-content\/uploads\/2017\/10\/serratura-universale-perni-rotore-centrale-cromata.jpg","datePublished":"2006-10-17T08:54:00+00:00","dateModified":"2026-04-08T11:14:25+00:00","breadcrumb":{"@id":"https:\/\/www.omrserrature.it\/fr\/produit\/serrure-a-pistons-universelle-chromee-section-ronde\/#breadcrumb"},"inLanguage":"fr-FR","potentialAction":[{"@type":"ReadAction","target":["https:\/\/www.omrserrature.it\/fr\/produit\/serrure-a-pistons-universelle-chromee-section-ronde\/"]}]},{"@type":"ImageObject","inLanguage":"fr-FR","@id":"https:\/\/www.omrserrature.it\/fr\/produit\/serrure-a-pistons-universelle-chromee-section-ronde\/#primaryimage","url":"https:\/\/www.omrserrature.it\/wp-content\/uploads\/2017\/10\/serratura-universale-perni-rotore-centrale-cromata.jpg","contentUrl":"https:\/\/www.omrserrature.it\/wp-content\/uploads\/2017\/10\/serratura-universale-perni-rotore-centrale-cromata.jpg","width":680,"height":396,"caption":"Serrure universelle \u00e0 pistons chrom\u00e9s avec barillet central"},{"@type":"BreadcrumbList","@id":"https:\/\/www.omrserrature.it\/fr\/produit\/serrure-a-pistons-universelle-chromee-section-ronde\/#breadcrumb","itemListElement":[{"@type":"ListItem","position":1,"name":"Home","item":"https:\/\/www.omrserrature.it\/fr\/omr-serrures-et-systemes-de-verrouillage\/"},{"@type":"ListItem","position":2,"name":"Catalogue","item":"https:\/\/www.omrserrature.it\/catalogue\/?lang=fr"},{"@type":"ListItem","position":3,"name":"Produits","item":"https:\/\/www.omrserrature.it\/fr\/catalogue\/produits\/"},{"@type":"ListItem","position":4,"name":"Serrures","item":"https:\/\/www.omrserrature.it\/fr\/catalogue\/produits\/serrures\/"},{"@type":"ListItem","position":5,"name":"Serrures \u00e0 came","item":"https:\/\/www.omrserrature.it\/fr\/catalogue\/produits\/serrures\/serrures-a-came\/"},{"@type":"ListItem","position":6,"name":"Serrure \u00e0 pistons universelle chrom\u00e9e &#8211; section ronde"}]},{"@type":"WebSite","@id":"https:\/\/www.omrserrature.it\/fr\/#website","url":"https:\/\/www.omrserrature.it\/fr\/","name":"OMR Serrature | Produzione sistemi di chiusura","description":"Produzione serrature di sicurezza e sistemi di chiusura","publisher":{"@id":"https:\/\/www.omrserrature.it\/fr\/#organization"},"potentialAction":[{"@type":"SearchAction","target":{"@type":"EntryPoint","urlTemplate":"https:\/\/www.omrserrature.it\/fr\/?s={search_term_string}"},"query-input":{"@type":"PropertyValueSpecification","valueRequired":true,"valueName":"search_term_string"}}],"inLanguage":"fr-FR"},{"@type":"Organization","@id":"https:\/\/www.omrserrature.it\/fr\/#organization","name":"OMR Serrature | Produzione sistemi di chiusura","url":"https:\/\/www.omrserrature.it\/fr\/","logo":{"@type":"ImageObject","inLanguage":"fr-FR","@id":"https:\/\/www.omrserrature.it\/fr\/#\/schema\/logo\/image\/","url":"https:\/\/www.omrserrature.it\/wp-content\/uploads\/2017\/09\/favicon-omr-114.png","contentUrl":"https:\/\/www.omrserrature.it\/wp-content\/uploads\/2017\/09\/favicon-omr-114.png","width":114,"height":114,"caption":"OMR Serrature | Produzione sistemi di chiusura"},"image":{"@id":"https:\/\/www.omrserrature.it\/fr\/#\/schema\/logo\/image\/"},"sameAs":["https:\/\/www.facebook.com\/OMRserrature","https:\/\/www.linkedin.com\/company\/omrserrature\/","https:\/\/www.youtube.com\/channel\/UCxmA85z2R0EpG_6IRokiAkg"]}]}},"_links":{"self":[{"href":"https:\/\/www.omrserrature.it\/fr\/wp-json\/wp\/v2\/product\/243228","targetHints":{"allow":["GET"]}}],"collection":[{"href":"https:\/\/www.omrserrature.it\/fr\/wp-json\/wp\/v2\/product"}],"about":[{"href":"https:\/\/www.omrserrature.it\/fr\/wp-json\/wp\/v2\/types\/product"}],"replies":[{"embeddable":true,"href":"https:\/\/www.omrserrature.it\/fr\/wp-json\/wp\/v2\/comments?post=243228"}],"wp:featuredmedia":[{"embeddable":true,"href":"https:\/\/www.omrserrature.it\/fr\/wp-json\/wp\/v2\/media\/3432"}],"wp:attachment":[{"href":"https:\/\/www.omrserrature.it\/fr\/wp-json\/wp\/v2\/media?parent=243228"}],"wp:term":[{"taxonomy":"product_brand","embeddable":true,"href":"https:\/\/www.omrserrature.it\/fr\/wp-json\/wp\/v2\/product_brand?post=243228"},{"taxonomy":"product_cat","embeddable":true,"href":"https:\/\/www.omrserrature.it\/fr\/wp-json\/wp\/v2\/product_cat?post=243228"},{"taxonomy":"product_tag","embeddable":true,"href":"https:\/\/www.omrserrature.it\/fr\/wp-json\/wp\/v2\/product_tag?post=243228"}],"curies":[{"name":"wp","href":"https:\/\/api.w.org\/{rel}","templated":true}]}}