{"id":243218,"date":"2017-10-06T10:27:23","date_gmt":"2006-10-17T08:27:00","guid":{"rendered":"https:\/\/www.staging6.omrserrature.it\/prodotto\/serrure-universelle-a-pistons-avec-barillet-centre-90\/"},"modified":"2026-04-08T13:14:11","modified_gmt":"2026-04-08T11:14:11","slug":"serrure-universelle-a-pistons-avec-barillet-centre-90","status":"publish","type":"product","link":"https:\/\/www.omrserrature.it\/fr\/produit\/serrure-universelle-a-pistons-avec-barillet-centre-90\/","title":{"rendered":"Serrure universelle \u00e0 pistons avec barillet centr\u00e9 (90\u00b0)"},"content":{"rendered":"<p><strong>La serrure universelle \u00e0 pistons<\/strong> avec cl\u00e9 standard et <strong>gabarit sp\u00e9cial<\/strong> se caract\u00e9rise par <strong>une seule plaque lat\u00e9rale et une rotation de 90\u00b0 personnalisable dans<\/strong> le sens horaire ou antihoraire. Comme tous les mod\u00e8les de la cat\u00e9gorie des serrures <strong>\u00e0 goupilles universelles<\/strong>, elle est \u00e9quip\u00e9e d&rsquo;un m\u00e9canisme interne qui s&rsquo;active lors de l&rsquo;insertion de la cl\u00e9, qui aligne les pistons internes dans une position pr\u00e9cise, lib\u00e9rant le rotor et d\u00e9verrouillant le mouvement d&rsquo;ouverture ou de fermeture. <\/p>\n<p>Les pistons et le corps ext\u00e9rieur sont en <strong>laiton<\/strong>; le terminal \u00e0 boucle permet d&rsquo;installer des <strong>cames droites, coud\u00e9es ou crochet\u00e9es<\/strong>, ainsi que des cames \u00e0 bascule pour le d\u00e9placement des tringles de d\u00e9placement lat\u00e9ral (haut\/bas), ou des cames pour la <strong>fermeture multiple et centralis\u00e9e des blocs-tiroirs<\/strong>.<\/p>\n<p>La serrure universelle standard \u00e0 pistons avec gabarit sp\u00e9cial est con\u00e7ue pour les applications sp\u00e9ciales n\u00e9cessitant un <strong>bo\u00eetier avec un per\u00e7age non conventionnel<\/strong>, m\u00eame dans un environnement ext\u00e9rieur, comme les produits de menuiserie, les coffres-forts ou les machines sp\u00e9ciales.<\/p>\n","protected":false},"excerpt":{"rendered":"<p><strong>La serrure universelle \u00e0 pistons<\/strong> standard avec gabarit sp\u00e9cial est con\u00e7ue pour les applications sp\u00e9ciales n\u00e9cessitant un <strong>bo\u00eetier avec un per\u00e7age non conventionnel<\/strong>, comme les produits de menuiserie, les coffres-forts ou les machines sp\u00e9ciales.<\/p>\n<p>Ce syst\u00e8me de fermeture est adapt\u00e9 \u00e0 une utilisation en ext\u00e9rieur.<\/p>\n","protected":false},"featured_media":3420,"comment_status":"open","ping_status":"closed","template":"","meta":{"_acf_changed":false,"_et_pb_use_builder":"","_et_pb_old_content":"","_et_gb_content_width":""},"product_brand":[],"product_cat":[3687,3662],"product_tag":[],"class_list":{"0":"post-243218","1":"product","2":"type-product","3":"status-publish","4":"has-post-thumbnail","6":"product_cat-serrures-a-came","7":"product_cat-serrures-speciales-sur-mesure","9":"first","10":"instock","11":"shipping-taxable","12":"product-type-simple"},"acf":{"pdf1":"https:\/\/www.omrserrature.it\/wp-content\/uploads\/2017\/10\/Scheda_60500.pdf"},"yoast_head":"<!-- This site is optimized with the Yoast SEO plugin v27.2 - https:\/\/yoast.com\/product\/yoast-seo-wordpress\/ -->\n<title>Serrure universelle \u00e0 pistons avec barillet centr\u00e9 (90\u00b0) - OMR Serrature<\/title>\n<meta name=\"robots\" content=\"index, follow, max-snippet:-1, max-image-preview:large, max-video-preview:-1\" \/>\n<link rel=\"canonical\" href=\"https:\/\/www.omrserrature.it\/fr\/produit\/serrure-universelle-a-pistons-avec-barillet-centre-90\/\" \/>\n<meta property=\"og:locale\" content=\"fr_FR\" \/>\n<meta property=\"og:type\" content=\"article\" \/>\n<meta property=\"og:title\" content=\"Serrure universelle \u00e0 pistons avec barillet centr\u00e9 (90\u00b0) - OMR Serrature\" \/>\n<meta property=\"og:description\" content=\"La serrure universelle \u00e0 pistons standard avec gabarit sp\u00e9cial est con\u00e7ue pour les applications sp\u00e9ciales n\u00e9cessitant un bo\u00eetier avec un per\u00e7age non conventionnel, comme les produits de menuiserie, les coffres-forts ou les machines sp\u00e9ciales. Ce syst\u00e8me de fermeture est adapt\u00e9 \u00e0 une utilisation en ext\u00e9rieur.\" \/>\n<meta property=\"og:url\" content=\"https:\/\/www.omrserrature.it\/fr\/produit\/serrure-universelle-a-pistons-avec-barillet-centre-90\/\" \/>\n<meta property=\"og:site_name\" content=\"OMR Serrature | Produzione sistemi di chiusura\" \/>\n<meta property=\"article:publisher\" content=\"https:\/\/www.facebook.com\/OMRserrature\" \/>\n<meta property=\"article:modified_time\" content=\"2026-04-08T11:14:11+00:00\" \/>\n<meta property=\"og:image\" content=\"https:\/\/www.omrserrature.it\/wp-content\/uploads\/2017\/10\/serratura-universale-perni-cromata.jpg\" \/>\n\t<meta property=\"og:image:width\" content=\"789\" \/>\n\t<meta property=\"og:image:height\" content=\"393\" \/>\n\t<meta property=\"og:image:type\" content=\"image\/jpeg\" \/>\n<meta name=\"twitter:card\" content=\"summary_large_image\" \/>\n<meta name=\"twitter:label1\" content=\"Dur\u00e9e de lecture estim\u00e9e\" \/>\n\t<meta name=\"twitter:data1\" content=\"1 minute\" \/>\n<script type=\"application\/ld+json\" class=\"yoast-schema-graph\">{\"@context\":\"https:\/\/schema.org\",\"@graph\":[{\"@type\":\"WebPage\",\"@id\":\"https:\/\/www.omrserrature.it\/fr\/produit\/serrure-universelle-a-pistons-avec-barillet-centre-90\/\",\"url\":\"https:\/\/www.omrserrature.it\/fr\/produit\/serrure-universelle-a-pistons-avec-barillet-centre-90\/\",\"name\":\"Serrure universelle \u00e0 pistons avec barillet centr\u00e9 (90\u00b0) - OMR Serrature\",\"isPartOf\":{\"@id\":\"https:\/\/www.omrserrature.it\/fr\/#website\"},\"primaryImageOfPage\":{\"@id\":\"https:\/\/www.omrserrature.it\/fr\/produit\/serrure-universelle-a-pistons-avec-barillet-centre-90\/#primaryimage\"},\"image\":{\"@id\":\"https:\/\/www.omrserrature.it\/fr\/produit\/serrure-universelle-a-pistons-avec-barillet-centre-90\/#primaryimage\"},\"thumbnailUrl\":\"https:\/\/www.omrserrature.it\/wp-content\/uploads\/2017\/10\/serratura-universale-perni-cromata.jpg\",\"datePublished\":\"2006-10-17T08:27:00+00:00\",\"dateModified\":\"2026-04-08T11:14:11+00:00\",\"breadcrumb\":{\"@id\":\"https:\/\/www.omrserrature.it\/fr\/produit\/serrure-universelle-a-pistons-avec-barillet-centre-90\/#breadcrumb\"},\"inLanguage\":\"fr-FR\",\"potentialAction\":[{\"@type\":\"ReadAction\",\"target\":[\"https:\/\/www.omrserrature.it\/fr\/produit\/serrure-universelle-a-pistons-avec-barillet-centre-90\/\"]}]},{\"@type\":\"ImageObject\",\"inLanguage\":\"fr-FR\",\"@id\":\"https:\/\/www.omrserrature.it\/fr\/produit\/serrure-universelle-a-pistons-avec-barillet-centre-90\/#primaryimage\",\"url\":\"https:\/\/www.omrserrature.it\/wp-content\/uploads\/2017\/10\/serratura-universale-perni-cromata.jpg\",\"contentUrl\":\"https:\/\/www.omrserrature.it\/wp-content\/uploads\/2017\/10\/serratura-universale-perni-cromata.jpg\",\"width\":789,\"height\":393,\"caption\":\"Serrure universelle \u00e0 pistons avec barillet central\"},{\"@type\":\"BreadcrumbList\",\"@id\":\"https:\/\/www.omrserrature.it\/fr\/produit\/serrure-universelle-a-pistons-avec-barillet-centre-90\/#breadcrumb\",\"itemListElement\":[{\"@type\":\"ListItem\",\"position\":1,\"name\":\"Home\",\"item\":\"https:\/\/www.omrserrature.it\/fr\/omr-serrures-et-systemes-de-verrouillage\/\"},{\"@type\":\"ListItem\",\"position\":2,\"name\":\"Catalogue\",\"item\":\"https:\/\/www.omrserrature.it\/catalogue\/?lang=fr\"},{\"@type\":\"ListItem\",\"position\":3,\"name\":\"Produits\",\"item\":\"https:\/\/www.omrserrature.it\/fr\/catalogue\/produits\/\"},{\"@type\":\"ListItem\",\"position\":4,\"name\":\"Serrures\",\"item\":\"https:\/\/www.omrserrature.it\/fr\/catalogue\/produits\/serrures\/\"},{\"@type\":\"ListItem\",\"position\":5,\"name\":\"Serrures \u00e0 came\",\"item\":\"https:\/\/www.omrserrature.it\/fr\/catalogue\/produits\/serrures\/serrures-a-came\/\"},{\"@type\":\"ListItem\",\"position\":6,\"name\":\"Serrure universelle \u00e0 pistons avec barillet centr\u00e9 (90\u00b0)\"}]},{\"@type\":\"WebSite\",\"@id\":\"https:\/\/www.omrserrature.it\/fr\/#website\",\"url\":\"https:\/\/www.omrserrature.it\/fr\/\",\"name\":\"OMR Serrature | Produzione sistemi di chiusura\",\"description\":\"Produzione serrature di sicurezza e sistemi di chiusura\",\"publisher\":{\"@id\":\"https:\/\/www.omrserrature.it\/fr\/#organization\"},\"potentialAction\":[{\"@type\":\"SearchAction\",\"target\":{\"@type\":\"EntryPoint\",\"urlTemplate\":\"https:\/\/www.omrserrature.it\/fr\/?s={search_term_string}\"},\"query-input\":{\"@type\":\"PropertyValueSpecification\",\"valueRequired\":true,\"valueName\":\"search_term_string\"}}],\"inLanguage\":\"fr-FR\"},{\"@type\":\"Organization\",\"@id\":\"https:\/\/www.omrserrature.it\/fr\/#organization\",\"name\":\"OMR Serrature | Produzione sistemi di chiusura\",\"url\":\"https:\/\/www.omrserrature.it\/fr\/\",\"logo\":{\"@type\":\"ImageObject\",\"inLanguage\":\"fr-FR\",\"@id\":\"https:\/\/www.omrserrature.it\/fr\/#\/schema\/logo\/image\/\",\"url\":\"https:\/\/www.omrserrature.it\/wp-content\/uploads\/2017\/09\/favicon-omr-114.png\",\"contentUrl\":\"https:\/\/www.omrserrature.it\/wp-content\/uploads\/2017\/09\/favicon-omr-114.png\",\"width\":114,\"height\":114,\"caption\":\"OMR Serrature | Produzione sistemi di chiusura\"},\"image\":{\"@id\":\"https:\/\/www.omrserrature.it\/fr\/#\/schema\/logo\/image\/\"},\"sameAs\":[\"https:\/\/www.facebook.com\/OMRserrature\",\"https:\/\/www.linkedin.com\/company\/omrserrature\/\",\"https:\/\/www.youtube.com\/channel\/UCxmA85z2R0EpG_6IRokiAkg\"]}]}<\/script>\n<!-- \/ Yoast SEO plugin. -->","yoast_head_json":{"title":"Serrure universelle \u00e0 pistons avec barillet centr\u00e9 (90\u00b0) - OMR Serrature","robots":{"index":"index","follow":"follow","max-snippet":"max-snippet:-1","max-image-preview":"max-image-preview:large","max-video-preview":"max-video-preview:-1"},"canonical":"https:\/\/www.omrserrature.it\/fr\/produit\/serrure-universelle-a-pistons-avec-barillet-centre-90\/","og_locale":"fr_FR","og_type":"article","og_title":"Serrure universelle \u00e0 pistons avec barillet centr\u00e9 (90\u00b0) - OMR Serrature","og_description":"La serrure universelle \u00e0 pistons standard avec gabarit sp\u00e9cial est con\u00e7ue pour les applications sp\u00e9ciales n\u00e9cessitant un bo\u00eetier avec un per\u00e7age non conventionnel, comme les produits de menuiserie, les coffres-forts ou les machines sp\u00e9ciales. Ce syst\u00e8me de fermeture est adapt\u00e9 \u00e0 une utilisation en ext\u00e9rieur.","og_url":"https:\/\/www.omrserrature.it\/fr\/produit\/serrure-universelle-a-pistons-avec-barillet-centre-90\/","og_site_name":"OMR Serrature | Produzione sistemi di chiusura","article_publisher":"https:\/\/www.facebook.com\/OMRserrature","article_modified_time":"2026-04-08T11:14:11+00:00","og_image":[{"width":789,"height":393,"url":"https:\/\/www.omrserrature.it\/wp-content\/uploads\/2017\/10\/serratura-universale-perni-cromata.jpg","type":"image\/jpeg"}],"twitter_card":"summary_large_image","twitter_misc":{"Dur\u00e9e de lecture estim\u00e9e":"1 minute"},"schema":{"@context":"https:\/\/schema.org","@graph":[{"@type":"WebPage","@id":"https:\/\/www.omrserrature.it\/fr\/produit\/serrure-universelle-a-pistons-avec-barillet-centre-90\/","url":"https:\/\/www.omrserrature.it\/fr\/produit\/serrure-universelle-a-pistons-avec-barillet-centre-90\/","name":"Serrure universelle \u00e0 pistons avec barillet centr\u00e9 (90\u00b0) - OMR Serrature","isPartOf":{"@id":"https:\/\/www.omrserrature.it\/fr\/#website"},"primaryImageOfPage":{"@id":"https:\/\/www.omrserrature.it\/fr\/produit\/serrure-universelle-a-pistons-avec-barillet-centre-90\/#primaryimage"},"image":{"@id":"https:\/\/www.omrserrature.it\/fr\/produit\/serrure-universelle-a-pistons-avec-barillet-centre-90\/#primaryimage"},"thumbnailUrl":"https:\/\/www.omrserrature.it\/wp-content\/uploads\/2017\/10\/serratura-universale-perni-cromata.jpg","datePublished":"2006-10-17T08:27:00+00:00","dateModified":"2026-04-08T11:14:11+00:00","breadcrumb":{"@id":"https:\/\/www.omrserrature.it\/fr\/produit\/serrure-universelle-a-pistons-avec-barillet-centre-90\/#breadcrumb"},"inLanguage":"fr-FR","potentialAction":[{"@type":"ReadAction","target":["https:\/\/www.omrserrature.it\/fr\/produit\/serrure-universelle-a-pistons-avec-barillet-centre-90\/"]}]},{"@type":"ImageObject","inLanguage":"fr-FR","@id":"https:\/\/www.omrserrature.it\/fr\/produit\/serrure-universelle-a-pistons-avec-barillet-centre-90\/#primaryimage","url":"https:\/\/www.omrserrature.it\/wp-content\/uploads\/2017\/10\/serratura-universale-perni-cromata.jpg","contentUrl":"https:\/\/www.omrserrature.it\/wp-content\/uploads\/2017\/10\/serratura-universale-perni-cromata.jpg","width":789,"height":393,"caption":"Serrure universelle \u00e0 pistons avec barillet central"},{"@type":"BreadcrumbList","@id":"https:\/\/www.omrserrature.it\/fr\/produit\/serrure-universelle-a-pistons-avec-barillet-centre-90\/#breadcrumb","itemListElement":[{"@type":"ListItem","position":1,"name":"Home","item":"https:\/\/www.omrserrature.it\/fr\/omr-serrures-et-systemes-de-verrouillage\/"},{"@type":"ListItem","position":2,"name":"Catalogue","item":"https:\/\/www.omrserrature.it\/catalogue\/?lang=fr"},{"@type":"ListItem","position":3,"name":"Produits","item":"https:\/\/www.omrserrature.it\/fr\/catalogue\/produits\/"},{"@type":"ListItem","position":4,"name":"Serrures","item":"https:\/\/www.omrserrature.it\/fr\/catalogue\/produits\/serrures\/"},{"@type":"ListItem","position":5,"name":"Serrures \u00e0 came","item":"https:\/\/www.omrserrature.it\/fr\/catalogue\/produits\/serrures\/serrures-a-came\/"},{"@type":"ListItem","position":6,"name":"Serrure universelle \u00e0 pistons avec barillet centr\u00e9 (90\u00b0)"}]},{"@type":"WebSite","@id":"https:\/\/www.omrserrature.it\/fr\/#website","url":"https:\/\/www.omrserrature.it\/fr\/","name":"OMR Serrature | Produzione sistemi di chiusura","description":"Produzione serrature di sicurezza e sistemi di chiusura","publisher":{"@id":"https:\/\/www.omrserrature.it\/fr\/#organization"},"potentialAction":[{"@type":"SearchAction","target":{"@type":"EntryPoint","urlTemplate":"https:\/\/www.omrserrature.it\/fr\/?s={search_term_string}"},"query-input":{"@type":"PropertyValueSpecification","valueRequired":true,"valueName":"search_term_string"}}],"inLanguage":"fr-FR"},{"@type":"Organization","@id":"https:\/\/www.omrserrature.it\/fr\/#organization","name":"OMR Serrature | Produzione sistemi di chiusura","url":"https:\/\/www.omrserrature.it\/fr\/","logo":{"@type":"ImageObject","inLanguage":"fr-FR","@id":"https:\/\/www.omrserrature.it\/fr\/#\/schema\/logo\/image\/","url":"https:\/\/www.omrserrature.it\/wp-content\/uploads\/2017\/09\/favicon-omr-114.png","contentUrl":"https:\/\/www.omrserrature.it\/wp-content\/uploads\/2017\/09\/favicon-omr-114.png","width":114,"height":114,"caption":"OMR Serrature | Produzione sistemi di chiusura"},"image":{"@id":"https:\/\/www.omrserrature.it\/fr\/#\/schema\/logo\/image\/"},"sameAs":["https:\/\/www.facebook.com\/OMRserrature","https:\/\/www.linkedin.com\/company\/omrserrature\/","https:\/\/www.youtube.com\/channel\/UCxmA85z2R0EpG_6IRokiAkg"]}]}},"_links":{"self":[{"href":"https:\/\/www.omrserrature.it\/fr\/wp-json\/wp\/v2\/product\/243218","targetHints":{"allow":["GET"]}}],"collection":[{"href":"https:\/\/www.omrserrature.it\/fr\/wp-json\/wp\/v2\/product"}],"about":[{"href":"https:\/\/www.omrserrature.it\/fr\/wp-json\/wp\/v2\/types\/product"}],"replies":[{"embeddable":true,"href":"https:\/\/www.omrserrature.it\/fr\/wp-json\/wp\/v2\/comments?post=243218"}],"wp:featuredmedia":[{"embeddable":true,"href":"https:\/\/www.omrserrature.it\/fr\/wp-json\/wp\/v2\/media\/3420"}],"wp:attachment":[{"href":"https:\/\/www.omrserrature.it\/fr\/wp-json\/wp\/v2\/media?parent=243218"}],"wp:term":[{"taxonomy":"product_brand","embeddable":true,"href":"https:\/\/www.omrserrature.it\/fr\/wp-json\/wp\/v2\/product_brand?post=243218"},{"taxonomy":"product_cat","embeddable":true,"href":"https:\/\/www.omrserrature.it\/fr\/wp-json\/wp\/v2\/product_cat?post=243218"},{"taxonomy":"product_tag","embeddable":true,"href":"https:\/\/www.omrserrature.it\/fr\/wp-json\/wp\/v2\/product_tag?post=243218"}],"curies":[{"name":"wp","href":"https:\/\/api.w.org\/{rel}","templated":true}]}}