{"id":243193,"date":"2017-10-06T10:40:27","date_gmt":"2006-10-17T08:40:00","guid":{"rendered":"https:\/\/www.staging6.omrserrature.it\/prodotto\/serrure-universelle-a-pistons-avec-barillet-centre-90-90\/"},"modified":"2026-04-08T13:14:20","modified_gmt":"2026-04-08T11:14:20","slug":"serrure-universelle-a-pistons-avec-barillet-centre-90-90","status":"publish","type":"product","link":"https:\/\/www.omrserrature.it\/fr\/produit\/serrure-universelle-a-pistons-avec-barillet-centre-90-90\/","title":{"rendered":"Serrure universelle \u00e0 pistons avec barillet centr\u00e9 (90\u00b0, -90\u00b0)"},"content":{"rendered":"<p><strong>La serrure \u00e0 pistons \u00e0<\/strong> cl\u00e9 standard <strong>universelle<\/strong><strong> avec rotor centr\u00e9 et deux sens de rotation (90\u00b0 dans le sens horaire et 90\u00b0 dans le sens antihoraire avec extraction de la cl\u00e9 uniquement en position centrale). <\/strong> <\/p>\n<p>Comme tous les mod\u00e8les de la cat\u00e9gorie des <strong>serrures \u00e0 goupilles universelles<\/strong>, elle est dot\u00e9e d&rsquo;un m\u00e9canisme interne qui s&rsquo;active lors de l&rsquo;insertion de la cl\u00e9, qui aligne les pistons internes dans une position pr\u00e9cise, lib\u00e9rant le barillet et d\u00e9verrouillant le mouvement d&rsquo;ouverture ou de fermeture. Les <strong>serrures \u00e0 pistons sont la version <em>haut de gamme<\/em> de leurs homologues \u00e0 lamelles<\/strong>: des mat\u00e9riaux de haute qualit\u00e9, une plus grande r\u00e9sistance aux effractions, un design \u00e9l\u00e9gant et un m\u00e9canisme interne pr\u00e9cis d\u00e9terminent leur valeur.<\/p>\n<p>Les pistons et le corps ext\u00e9rieur sont en <strong>laiton<\/strong>; la borne carr\u00e9e de 7 mm permet \u00e9galement l&rsquo;installation d&rsquo;une vari\u00e9t\u00e9 de <strong>cames droites, coud\u00e9es ou \u00e0 crochet<\/strong>, ainsi que de cames multipli\u00e9es pour d\u00e9placer les tringles de d\u00e9placement lat\u00e9ral (haut\/bas), ou de cames pour la <strong>fermeture multiple et centralis\u00e9e des blocs-tiroirs<\/strong>.<\/p>\n<p>La serrure universelle \u00e0 pistons standard avec rotor centr\u00e9 ne diff\u00e8re du mod\u00e8le avec rotor d\u00e9centr\u00e9 (standard) que par la position du rotor par rapport au corps de la serrure. Il convient aux <strong>applications ext\u00e9rieures<\/strong> telles que les automates, les stations-service ou l&rsquo;industrie de la distribution automatique.<\/p>\n","protected":false},"excerpt":{"rendered":"<p><strong>La serrure universelle \u00e0 pistons<\/strong> standard <strong>avec rotor centr\u00e9<\/strong> ne diff\u00e8re du mod\u00e8le avec rotor d\u00e9centr\u00e9 (standard) que par la position du rotor par rapport au corps de la serrure.<\/p>\n<p>Elle convient aux<strong> applications ext\u00e9rieures<\/strong> telles que les automates, les stations-service ou dans l&rsquo;industrie de la distribution automatique.<\/p>\n","protected":false},"featured_media":3426,"comment_status":"open","ping_status":"closed","template":"","meta":{"_acf_changed":false,"_et_pb_use_builder":"","_et_pb_old_content":"","_et_gb_content_width":""},"product_brand":[],"product_cat":[3687,3662],"product_tag":[],"class_list":{"0":"post-243193","1":"product","2":"type-product","3":"status-publish","4":"has-post-thumbnail","6":"product_cat-serrures-a-came","7":"product_cat-serrures-speciales-sur-mesure","9":"first","10":"instock","11":"shipping-taxable","12":"purchasable","13":"product-type-variable"},"acf":{"pdf1":"https:\/\/www.omrserrature.it\/wp-content\/uploads\/2017\/10\/Scheda_tech_64650.pdf"},"yoast_head":"<!-- This site is optimized with the Yoast SEO plugin v27.2 - https:\/\/yoast.com\/product\/yoast-seo-wordpress\/ -->\n<title>Serrure universelle \u00e0 pistons. Cl\u00e9 standard avec barillet centr\u00e9<\/title>\n<meta name=\"description\" content=\"Serrure universelle \u00e0 pistons en laiton avec rotor centr\u00e9, double sens de rotation \u00e0 90\u00b0 et tringles carr\u00e9es de 7 mm. Id\u00e9al pour l&#039;ext\u00e9rieur et la distribution automatique.\" \/>\n<meta name=\"robots\" content=\"index, follow, max-snippet:-1, max-image-preview:large, max-video-preview:-1\" \/>\n<link rel=\"canonical\" href=\"https:\/\/www.omrserrature.it\/fr\/produit\/serrure-universelle-a-pistons-avec-barillet-centre-90-90\/\" \/>\n<meta property=\"og:locale\" content=\"fr_FR\" \/>\n<meta property=\"og:type\" content=\"article\" \/>\n<meta property=\"og:title\" content=\"Serrure universelle \u00e0 pistons. Cl\u00e9 standard avec barillet centr\u00e9\" \/>\n<meta property=\"og:description\" content=\"Serrure universelle \u00e0 pistons en laiton avec rotor centr\u00e9, double sens de rotation \u00e0 90\u00b0 et tringles carr\u00e9es de 7 mm. Id\u00e9al pour l&#039;ext\u00e9rieur et la distribution automatique.\" \/>\n<meta property=\"og:url\" content=\"https:\/\/www.omrserrature.it\/fr\/produit\/serrure-universelle-a-pistons-avec-barillet-centre-90-90\/\" \/>\n<meta property=\"og:site_name\" content=\"OMR Serrature | Produzione sistemi di chiusura\" \/>\n<meta property=\"article:publisher\" content=\"https:\/\/www.facebook.com\/OMRserrature\" \/>\n<meta property=\"article:modified_time\" content=\"2026-04-08T11:14:20+00:00\" \/>\n<meta property=\"og:image\" content=\"https:\/\/www.omrserrature.it\/wp-content\/uploads\/2017\/10\/serratura-universale-perni-rotore-centrale.jpg\" \/>\n\t<meta property=\"og:image:width\" content=\"475\" \/>\n\t<meta property=\"og:image:height\" content=\"418\" \/>\n\t<meta property=\"og:image:type\" content=\"image\/jpeg\" \/>\n<meta name=\"twitter:card\" content=\"summary_large_image\" \/>\n<meta name=\"twitter:label1\" content=\"Dur\u00e9e de lecture estim\u00e9e\" \/>\n\t<meta name=\"twitter:data1\" content=\"1 minute\" \/>\n<script type=\"application\/ld+json\" class=\"yoast-schema-graph\">{\"@context\":\"https:\/\/schema.org\",\"@graph\":[{\"@type\":\"WebPage\",\"@id\":\"https:\/\/www.omrserrature.it\/fr\/produit\/serrure-universelle-a-pistons-avec-barillet-centre-90-90\/\",\"url\":\"https:\/\/www.omrserrature.it\/fr\/produit\/serrure-universelle-a-pistons-avec-barillet-centre-90-90\/\",\"name\":\"Serrure universelle \u00e0 pistons. Cl\u00e9 standard avec barillet centr\u00e9\",\"isPartOf\":{\"@id\":\"https:\/\/www.omrserrature.it\/fr\/#website\"},\"primaryImageOfPage\":{\"@id\":\"https:\/\/www.omrserrature.it\/fr\/produit\/serrure-universelle-a-pistons-avec-barillet-centre-90-90\/#primaryimage\"},\"image\":{\"@id\":\"https:\/\/www.omrserrature.it\/fr\/produit\/serrure-universelle-a-pistons-avec-barillet-centre-90-90\/#primaryimage\"},\"thumbnailUrl\":\"https:\/\/www.omrserrature.it\/wp-content\/uploads\/2017\/10\/serratura-universale-perni-rotore-centrale.jpg\",\"datePublished\":\"2006-10-17T08:40:00+00:00\",\"dateModified\":\"2026-04-08T11:14:20+00:00\",\"description\":\"Serrure universelle \u00e0 pistons en laiton avec rotor centr\u00e9, double sens de rotation \u00e0 90\u00b0 et tringles carr\u00e9es de 7 mm. Id\u00e9al pour l'ext\u00e9rieur et la distribution automatique.\",\"breadcrumb\":{\"@id\":\"https:\/\/www.omrserrature.it\/fr\/produit\/serrure-universelle-a-pistons-avec-barillet-centre-90-90\/#breadcrumb\"},\"inLanguage\":\"fr-FR\",\"potentialAction\":[{\"@type\":\"ReadAction\",\"target\":[\"https:\/\/www.omrserrature.it\/fr\/produit\/serrure-universelle-a-pistons-avec-barillet-centre-90-90\/\"]}]},{\"@type\":\"ImageObject\",\"inLanguage\":\"fr-FR\",\"@id\":\"https:\/\/www.omrserrature.it\/fr\/produit\/serrure-universelle-a-pistons-avec-barillet-centre-90-90\/#primaryimage\",\"url\":\"https:\/\/www.omrserrature.it\/wp-content\/uploads\/2017\/10\/serratura-universale-perni-rotore-centrale.jpg\",\"contentUrl\":\"https:\/\/www.omrserrature.it\/wp-content\/uploads\/2017\/10\/serratura-universale-perni-rotore-centrale.jpg\",\"width\":475,\"height\":418,\"caption\":\"Serrure universelle chrom\u00e9e \u00e0 pistons avec barillet central - nr2\"},{\"@type\":\"BreadcrumbList\",\"@id\":\"https:\/\/www.omrserrature.it\/fr\/produit\/serrure-universelle-a-pistons-avec-barillet-centre-90-90\/#breadcrumb\",\"itemListElement\":[{\"@type\":\"ListItem\",\"position\":1,\"name\":\"Home\",\"item\":\"https:\/\/www.omrserrature.it\/fr\/omr-serrures-et-systemes-de-verrouillage\/\"},{\"@type\":\"ListItem\",\"position\":2,\"name\":\"Catalogue\",\"item\":\"https:\/\/www.omrserrature.it\/catalogue\/?lang=fr\"},{\"@type\":\"ListItem\",\"position\":3,\"name\":\"Produits\",\"item\":\"https:\/\/www.omrserrature.it\/fr\/catalogue\/produits\/\"},{\"@type\":\"ListItem\",\"position\":4,\"name\":\"Serrures\",\"item\":\"https:\/\/www.omrserrature.it\/fr\/catalogue\/produits\/serrures\/\"},{\"@type\":\"ListItem\",\"position\":5,\"name\":\"Serrures \u00e0 came\",\"item\":\"https:\/\/www.omrserrature.it\/fr\/catalogue\/produits\/serrures\/serrures-a-came\/\"},{\"@type\":\"ListItem\",\"position\":6,\"name\":\"Serrure universelle \u00e0 pistons avec barillet centr\u00e9 (90\u00b0, -90\u00b0)\"}]},{\"@type\":\"WebSite\",\"@id\":\"https:\/\/www.omrserrature.it\/fr\/#website\",\"url\":\"https:\/\/www.omrserrature.it\/fr\/\",\"name\":\"OMR Serrature | Produzione sistemi di chiusura\",\"description\":\"Produzione serrature di sicurezza e sistemi di chiusura\",\"publisher\":{\"@id\":\"https:\/\/www.omrserrature.it\/fr\/#organization\"},\"potentialAction\":[{\"@type\":\"SearchAction\",\"target\":{\"@type\":\"EntryPoint\",\"urlTemplate\":\"https:\/\/www.omrserrature.it\/fr\/?s={search_term_string}\"},\"query-input\":{\"@type\":\"PropertyValueSpecification\",\"valueRequired\":true,\"valueName\":\"search_term_string\"}}],\"inLanguage\":\"fr-FR\"},{\"@type\":\"Organization\",\"@id\":\"https:\/\/www.omrserrature.it\/fr\/#organization\",\"name\":\"OMR Serrature | Produzione sistemi di chiusura\",\"url\":\"https:\/\/www.omrserrature.it\/fr\/\",\"logo\":{\"@type\":\"ImageObject\",\"inLanguage\":\"fr-FR\",\"@id\":\"https:\/\/www.omrserrature.it\/fr\/#\/schema\/logo\/image\/\",\"url\":\"https:\/\/www.omrserrature.it\/wp-content\/uploads\/2017\/09\/favicon-omr-114.png\",\"contentUrl\":\"https:\/\/www.omrserrature.it\/wp-content\/uploads\/2017\/09\/favicon-omr-114.png\",\"width\":114,\"height\":114,\"caption\":\"OMR Serrature | Produzione sistemi di chiusura\"},\"image\":{\"@id\":\"https:\/\/www.omrserrature.it\/fr\/#\/schema\/logo\/image\/\"},\"sameAs\":[\"https:\/\/www.facebook.com\/OMRserrature\",\"https:\/\/www.linkedin.com\/company\/omrserrature\/\",\"https:\/\/www.youtube.com\/channel\/UCxmA85z2R0EpG_6IRokiAkg\"]}]}<\/script>\n<!-- \/ Yoast SEO plugin. -->","yoast_head_json":{"title":"Serrure universelle \u00e0 pistons. Cl\u00e9 standard avec barillet centr\u00e9","description":"Serrure universelle \u00e0 pistons en laiton avec rotor centr\u00e9, double sens de rotation \u00e0 90\u00b0 et tringles carr\u00e9es de 7 mm. Id\u00e9al pour l'ext\u00e9rieur et la distribution automatique.","robots":{"index":"index","follow":"follow","max-snippet":"max-snippet:-1","max-image-preview":"max-image-preview:large","max-video-preview":"max-video-preview:-1"},"canonical":"https:\/\/www.omrserrature.it\/fr\/produit\/serrure-universelle-a-pistons-avec-barillet-centre-90-90\/","og_locale":"fr_FR","og_type":"article","og_title":"Serrure universelle \u00e0 pistons. Cl\u00e9 standard avec barillet centr\u00e9","og_description":"Serrure universelle \u00e0 pistons en laiton avec rotor centr\u00e9, double sens de rotation \u00e0 90\u00b0 et tringles carr\u00e9es de 7 mm. Id\u00e9al pour l'ext\u00e9rieur et la distribution automatique.","og_url":"https:\/\/www.omrserrature.it\/fr\/produit\/serrure-universelle-a-pistons-avec-barillet-centre-90-90\/","og_site_name":"OMR Serrature | Produzione sistemi di chiusura","article_publisher":"https:\/\/www.facebook.com\/OMRserrature","article_modified_time":"2026-04-08T11:14:20+00:00","og_image":[{"width":475,"height":418,"url":"https:\/\/www.omrserrature.it\/wp-content\/uploads\/2017\/10\/serratura-universale-perni-rotore-centrale.jpg","type":"image\/jpeg"}],"twitter_card":"summary_large_image","twitter_misc":{"Dur\u00e9e de lecture estim\u00e9e":"1 minute"},"schema":{"@context":"https:\/\/schema.org","@graph":[{"@type":"WebPage","@id":"https:\/\/www.omrserrature.it\/fr\/produit\/serrure-universelle-a-pistons-avec-barillet-centre-90-90\/","url":"https:\/\/www.omrserrature.it\/fr\/produit\/serrure-universelle-a-pistons-avec-barillet-centre-90-90\/","name":"Serrure universelle \u00e0 pistons. Cl\u00e9 standard avec barillet centr\u00e9","isPartOf":{"@id":"https:\/\/www.omrserrature.it\/fr\/#website"},"primaryImageOfPage":{"@id":"https:\/\/www.omrserrature.it\/fr\/produit\/serrure-universelle-a-pistons-avec-barillet-centre-90-90\/#primaryimage"},"image":{"@id":"https:\/\/www.omrserrature.it\/fr\/produit\/serrure-universelle-a-pistons-avec-barillet-centre-90-90\/#primaryimage"},"thumbnailUrl":"https:\/\/www.omrserrature.it\/wp-content\/uploads\/2017\/10\/serratura-universale-perni-rotore-centrale.jpg","datePublished":"2006-10-17T08:40:00+00:00","dateModified":"2026-04-08T11:14:20+00:00","description":"Serrure universelle \u00e0 pistons en laiton avec rotor centr\u00e9, double sens de rotation \u00e0 90\u00b0 et tringles carr\u00e9es de 7 mm. Id\u00e9al pour l'ext\u00e9rieur et la distribution automatique.","breadcrumb":{"@id":"https:\/\/www.omrserrature.it\/fr\/produit\/serrure-universelle-a-pistons-avec-barillet-centre-90-90\/#breadcrumb"},"inLanguage":"fr-FR","potentialAction":[{"@type":"ReadAction","target":["https:\/\/www.omrserrature.it\/fr\/produit\/serrure-universelle-a-pistons-avec-barillet-centre-90-90\/"]}]},{"@type":"ImageObject","inLanguage":"fr-FR","@id":"https:\/\/www.omrserrature.it\/fr\/produit\/serrure-universelle-a-pistons-avec-barillet-centre-90-90\/#primaryimage","url":"https:\/\/www.omrserrature.it\/wp-content\/uploads\/2017\/10\/serratura-universale-perni-rotore-centrale.jpg","contentUrl":"https:\/\/www.omrserrature.it\/wp-content\/uploads\/2017\/10\/serratura-universale-perni-rotore-centrale.jpg","width":475,"height":418,"caption":"Serrure universelle chrom\u00e9e \u00e0 pistons avec barillet central - nr2"},{"@type":"BreadcrumbList","@id":"https:\/\/www.omrserrature.it\/fr\/produit\/serrure-universelle-a-pistons-avec-barillet-centre-90-90\/#breadcrumb","itemListElement":[{"@type":"ListItem","position":1,"name":"Home","item":"https:\/\/www.omrserrature.it\/fr\/omr-serrures-et-systemes-de-verrouillage\/"},{"@type":"ListItem","position":2,"name":"Catalogue","item":"https:\/\/www.omrserrature.it\/catalogue\/?lang=fr"},{"@type":"ListItem","position":3,"name":"Produits","item":"https:\/\/www.omrserrature.it\/fr\/catalogue\/produits\/"},{"@type":"ListItem","position":4,"name":"Serrures","item":"https:\/\/www.omrserrature.it\/fr\/catalogue\/produits\/serrures\/"},{"@type":"ListItem","position":5,"name":"Serrures \u00e0 came","item":"https:\/\/www.omrserrature.it\/fr\/catalogue\/produits\/serrures\/serrures-a-came\/"},{"@type":"ListItem","position":6,"name":"Serrure universelle \u00e0 pistons avec barillet centr\u00e9 (90\u00b0, -90\u00b0)"}]},{"@type":"WebSite","@id":"https:\/\/www.omrserrature.it\/fr\/#website","url":"https:\/\/www.omrserrature.it\/fr\/","name":"OMR Serrature | Produzione sistemi di chiusura","description":"Produzione serrature di sicurezza e sistemi di chiusura","publisher":{"@id":"https:\/\/www.omrserrature.it\/fr\/#organization"},"potentialAction":[{"@type":"SearchAction","target":{"@type":"EntryPoint","urlTemplate":"https:\/\/www.omrserrature.it\/fr\/?s={search_term_string}"},"query-input":{"@type":"PropertyValueSpecification","valueRequired":true,"valueName":"search_term_string"}}],"inLanguage":"fr-FR"},{"@type":"Organization","@id":"https:\/\/www.omrserrature.it\/fr\/#organization","name":"OMR Serrature | Produzione sistemi di chiusura","url":"https:\/\/www.omrserrature.it\/fr\/","logo":{"@type":"ImageObject","inLanguage":"fr-FR","@id":"https:\/\/www.omrserrature.it\/fr\/#\/schema\/logo\/image\/","url":"https:\/\/www.omrserrature.it\/wp-content\/uploads\/2017\/09\/favicon-omr-114.png","contentUrl":"https:\/\/www.omrserrature.it\/wp-content\/uploads\/2017\/09\/favicon-omr-114.png","width":114,"height":114,"caption":"OMR Serrature | Produzione sistemi di chiusura"},"image":{"@id":"https:\/\/www.omrserrature.it\/fr\/#\/schema\/logo\/image\/"},"sameAs":["https:\/\/www.facebook.com\/OMRserrature","https:\/\/www.linkedin.com\/company\/omrserrature\/","https:\/\/www.youtube.com\/channel\/UCxmA85z2R0EpG_6IRokiAkg"]}]}},"_links":{"self":[{"href":"https:\/\/www.omrserrature.it\/fr\/wp-json\/wp\/v2\/product\/243193","targetHints":{"allow":["GET"]}}],"collection":[{"href":"https:\/\/www.omrserrature.it\/fr\/wp-json\/wp\/v2\/product"}],"about":[{"href":"https:\/\/www.omrserrature.it\/fr\/wp-json\/wp\/v2\/types\/product"}],"replies":[{"embeddable":true,"href":"https:\/\/www.omrserrature.it\/fr\/wp-json\/wp\/v2\/comments?post=243193"}],"wp:featuredmedia":[{"embeddable":true,"href":"https:\/\/www.omrserrature.it\/fr\/wp-json\/wp\/v2\/media\/3426"}],"wp:attachment":[{"href":"https:\/\/www.omrserrature.it\/fr\/wp-json\/wp\/v2\/media?parent=243193"}],"wp:term":[{"taxonomy":"product_brand","embeddable":true,"href":"https:\/\/www.omrserrature.it\/fr\/wp-json\/wp\/v2\/product_brand?post=243193"},{"taxonomy":"product_cat","embeddable":true,"href":"https:\/\/www.omrserrature.it\/fr\/wp-json\/wp\/v2\/product_cat?post=243193"},{"taxonomy":"product_tag","embeddable":true,"href":"https:\/\/www.omrserrature.it\/fr\/wp-json\/wp\/v2\/product_tag?post=243193"}],"curies":[{"name":"wp","href":"https:\/\/api.w.org\/{rel}","templated":true}]}}