{"id":243159,"date":"2017-10-05T16:00:55","date_gmt":"2005-10-17T14:00:00","guid":{"rendered":"https:\/\/www.staging6.omrserrature.it\/prodotto\/serrure-universelle-a-pistons\/"},"modified":"2026-04-08T13:13:57","modified_gmt":"2026-04-08T11:13:57","slug":"serrure-universelle-a-pistons","status":"publish","type":"product","link":"https:\/\/www.omrserrature.it\/fr\/produit\/serrure-universelle-a-pistons\/","title":{"rendered":"Serrure universelle \u00e0 pistons avec barillet d\u00e9cal\u00e9"},"content":{"rendered":"<p><strong>La serrure universelle \u00e0 pistons<\/strong> est dot\u00e9e d&rsquo;un m\u00e9canisme interne qui s&rsquo;active lors de l&rsquo;insertion de la cl\u00e9, qui aligne les pistons dans une position pr\u00e9cise, ce qui permet de d\u00e9verrouiller le barillet et d&rsquo;ouvrir ou de fermer le mouvement. Les<strong> serrures \u00e0 pistons sont la version <em>haut de gamme<\/em> de leurs homologues \u00e0 lamelles<\/strong>: des mat\u00e9riaux de haute qualit\u00e9, une plus grande r\u00e9sistance aux tentatives d&rsquo;effraction, un design \u00e9l\u00e9gant et un m\u00e9canisme interne pr\u00e9cis augmentent leur valeur.<\/p>\n<p>Les pistons et le corps ext\u00e9rieur sont en <strong>laiton<\/strong>; la connexion arri\u00e8re, carr\u00e9e de 7 mm, permet \u00e9galement l&rsquo;installation d&rsquo;une vari\u00e9t\u00e9 de <strong>cames droites, coud\u00e9es ou \u00e0 crochet<\/strong>, ainsi que d&rsquo;\u00e9triers pour d\u00e9placer les tringles de d\u00e9placement lat\u00e9ral (haut\/bas), ou encore de cames pour la <strong>fermeture multiple et centralis\u00e9e des blocs-tiroirs<\/strong>.<\/p>\n<p>La serrure universelle \u00e0 pistons convient aux infrastructures qui r\u00e9gulent l&rsquo;acc\u00e8s \u00e0 un local, et est particuli\u00e8rement adapt\u00e9e aux <strong>applications ext\u00e9rieures<\/strong> telles que sur les parcm\u00e8tres et les distributeurs automatiques, les stations-service ou dans l&rsquo;industrie de la distribution automatique.<\/p>\n<p><span style=\"color: #ffffff;\">RSN<\/span><\/p>\n","protected":false},"excerpt":{"rendered":"<p><strong>Serrure universelle \u00e0 pistons avec cl\u00e9 standard.<\/strong> Les serrures \u00e0 pistons sont la version <em>haut de gamme de<\/em> leurs homologues \u00e0 lamelles : des mat\u00e9riaux de haute qualit\u00e9 et r\u00e9sistants, une plus grande r\u00e9sistance aux tentatives d&rsquo;effraction, un design \u00e9l\u00e9gant et un m\u00e9canisme \u00e0 paillettes raffin\u00e9 d\u00e9terminent leur valeur.<\/p>\n","protected":false},"featured_media":3018,"comment_status":"open","ping_status":"closed","template":"","meta":{"_acf_changed":false,"_et_pb_use_builder":"","_et_pb_old_content":"","_et_gb_content_width":""},"product_brand":[],"product_cat":[3751,3746,3750,3666,3699,3687,3696,3693,3732,3710,3713,3733,3715,3703,3704,3698,3721,3697,3716,3690,3637,3748],"product_tag":[],"class_list":{"0":"post-243159","1":"product","2":"type-product","3":"status-publish","4":"has-post-thumbnail","6":"product_cat-automatisation-et-domotique","7":"product_cat-automobile-et-transport","8":"product_cat-banque-et-poste","9":"product_cat-cle-standard","10":"product_cat-serrure-darmoire-conforme-au-reglement-gdpr","11":"product_cat-serrures-a-came","12":"product_cat-serrures-de-machines","13":"product_cat-serrures-de-securite","14":"product_cat-serrures-de-securite-pour-meubles","15":"product_cat-serrures-pour-armoires-a-epi","16":"product_cat-serrures-pour-armoires-phytosanitaires","17":"product_cat-serrures-pour-carrosseries-frigorifiques","18":"product_cat-serrures-pour-coffres-forts","19":"product_cat-serrures-pour-interrupteurs","20":"product_cat-serrures-pour-lindustrie-electromecanique","21":"product_cat-serrures-pour-les-moyens-de-transport","22":"product_cat-serrures-pour-machines-a-sous","23":"product_cat-serrures-pour-meubles","24":"product_cat-serrures-pour-rateliers-a-fusils","25":"product_cat-serrures-professionnelles-pour-meubles","26":"product_cat-serrures-universelles-a-pistons","27":"product_cat-systemes-de-fermeture-pour-lindustrie","29":"first","30":"instock","31":"shipping-taxable","32":"purchasable","33":"product-type-variable"},"acf":{"pdf1":"https:\/\/www.omrserrature.it\/wp-content\/uploads\/2017\/10\/Scheda_63255.pdf"},"yoast_head":"<!-- This site is optimized with the Yoast SEO plugin v27.2 - https:\/\/yoast.com\/product\/yoast-seo-wordpress\/ -->\n<title>Serrure universelle \u00e0 pistons avec barillet d\u00e9cal\u00e9 - OMR Serrature<\/title>\n<meta name=\"robots\" content=\"index, follow, max-snippet:-1, max-image-preview:large, max-video-preview:-1\" \/>\n<link rel=\"canonical\" href=\"https:\/\/www.omrserrature.it\/fr\/produit\/serrure-universelle-a-pistons\/\" \/>\n<meta property=\"og:locale\" content=\"fr_FR\" \/>\n<meta property=\"og:type\" content=\"article\" \/>\n<meta property=\"og:title\" content=\"Serrure universelle \u00e0 pistons avec barillet d\u00e9cal\u00e9 - OMR Serrature\" \/>\n<meta property=\"og:description\" content=\"Serrure universelle \u00e0 pistons avec cl\u00e9 standard. Les serrures \u00e0 pistons sont la version haut de gamme de leurs homologues \u00e0 lamelles : des mat\u00e9riaux de haute qualit\u00e9 et r\u00e9sistants, une plus grande r\u00e9sistance aux tentatives d&#039;effraction, un design \u00e9l\u00e9gant et un m\u00e9canisme \u00e0 paillettes raffin\u00e9 d\u00e9terminent leur valeur.\" \/>\n<meta property=\"og:url\" content=\"https:\/\/www.omrserrature.it\/fr\/produit\/serrure-universelle-a-pistons\/\" \/>\n<meta property=\"og:site_name\" content=\"OMR Serrature | Produzione sistemi di chiusura\" \/>\n<meta property=\"article:publisher\" content=\"https:\/\/www.facebook.com\/OMRserrature\" \/>\n<meta property=\"article:modified_time\" content=\"2026-04-08T11:13:57+00:00\" \/>\n<meta property=\"og:image\" content=\"https:\/\/www.omrserrature.it\/wp-content\/uploads\/2017\/10\/serratura-universale-perni.jpg\" \/>\n\t<meta property=\"og:image:width\" content=\"454\" \/>\n\t<meta property=\"og:image:height\" content=\"391\" \/>\n\t<meta property=\"og:image:type\" content=\"image\/jpeg\" \/>\n<meta name=\"twitter:card\" content=\"summary_large_image\" \/>\n<meta name=\"twitter:label1\" content=\"Dur\u00e9e de lecture estim\u00e9e\" \/>\n\t<meta name=\"twitter:data1\" content=\"1 minute\" \/>\n<script type=\"application\/ld+json\" class=\"yoast-schema-graph\">{\"@context\":\"https:\/\/schema.org\",\"@graph\":[{\"@type\":\"WebPage\",\"@id\":\"https:\/\/www.omrserrature.it\/fr\/produit\/serrure-universelle-a-pistons\/\",\"url\":\"https:\/\/www.omrserrature.it\/fr\/produit\/serrure-universelle-a-pistons\/\",\"name\":\"Serrure universelle \u00e0 pistons avec barillet d\u00e9cal\u00e9 - OMR Serrature\",\"isPartOf\":{\"@id\":\"https:\/\/www.omrserrature.it\/fr\/#website\"},\"primaryImageOfPage\":{\"@id\":\"https:\/\/www.omrserrature.it\/fr\/produit\/serrure-universelle-a-pistons\/#primaryimage\"},\"image\":{\"@id\":\"https:\/\/www.omrserrature.it\/fr\/produit\/serrure-universelle-a-pistons\/#primaryimage\"},\"thumbnailUrl\":\"https:\/\/www.omrserrature.it\/wp-content\/uploads\/2017\/10\/serratura-universale-perni.jpg\",\"datePublished\":\"2005-10-17T14:00:00+00:00\",\"dateModified\":\"2026-04-08T11:13:57+00:00\",\"breadcrumb\":{\"@id\":\"https:\/\/www.omrserrature.it\/fr\/produit\/serrure-universelle-a-pistons\/#breadcrumb\"},\"inLanguage\":\"fr-FR\",\"potentialAction\":[{\"@type\":\"ReadAction\",\"target\":[\"https:\/\/www.omrserrature.it\/fr\/produit\/serrure-universelle-a-pistons\/\"]}]},{\"@type\":\"ImageObject\",\"inLanguage\":\"fr-FR\",\"@id\":\"https:\/\/www.omrserrature.it\/fr\/produit\/serrure-universelle-a-pistons\/#primaryimage\",\"url\":\"https:\/\/www.omrserrature.it\/wp-content\/uploads\/2017\/10\/serratura-universale-perni.jpg\",\"contentUrl\":\"https:\/\/www.omrserrature.it\/wp-content\/uploads\/2017\/10\/serratura-universale-perni.jpg\",\"width\":454,\"height\":391,\"caption\":\"Serrure universelle \u00e0 pistons avec barillet d\u00e9cal\u00e9\"},{\"@type\":\"BreadcrumbList\",\"@id\":\"https:\/\/www.omrserrature.it\/fr\/produit\/serrure-universelle-a-pistons\/#breadcrumb\",\"itemListElement\":[{\"@type\":\"ListItem\",\"position\":1,\"name\":\"Home\",\"item\":\"https:\/\/www.omrserrature.it\/fr\/omr-serrures-et-systemes-de-verrouillage\/\"},{\"@type\":\"ListItem\",\"position\":2,\"name\":\"Catalogue\",\"item\":\"https:\/\/www.omrserrature.it\/catalogue\/?lang=fr\"},{\"@type\":\"ListItem\",\"position\":3,\"name\":\"Applications\",\"item\":\"https:\/\/www.omrserrature.it\/fr\/catalogue\/applications\/\"},{\"@type\":\"ListItem\",\"position\":4,\"name\":\"Serrure d'armoire conforme au r\u00e8glement GDPR\",\"item\":\"https:\/\/www.omrserrature.it\/fr\/catalogue\/applications\/serrure-darmoire-conforme-au-reglement-gdpr\/\"},{\"@type\":\"ListItem\",\"position\":5,\"name\":\"Serrure universelle \u00e0 pistons avec barillet d\u00e9cal\u00e9\"}]},{\"@type\":\"WebSite\",\"@id\":\"https:\/\/www.omrserrature.it\/fr\/#website\",\"url\":\"https:\/\/www.omrserrature.it\/fr\/\",\"name\":\"OMR Serrature | Produzione sistemi di chiusura\",\"description\":\"Produzione serrature di sicurezza e sistemi di chiusura\",\"publisher\":{\"@id\":\"https:\/\/www.omrserrature.it\/fr\/#organization\"},\"potentialAction\":[{\"@type\":\"SearchAction\",\"target\":{\"@type\":\"EntryPoint\",\"urlTemplate\":\"https:\/\/www.omrserrature.it\/fr\/?s={search_term_string}\"},\"query-input\":{\"@type\":\"PropertyValueSpecification\",\"valueRequired\":true,\"valueName\":\"search_term_string\"}}],\"inLanguage\":\"fr-FR\"},{\"@type\":\"Organization\",\"@id\":\"https:\/\/www.omrserrature.it\/fr\/#organization\",\"name\":\"OMR Serrature | Produzione sistemi di chiusura\",\"url\":\"https:\/\/www.omrserrature.it\/fr\/\",\"logo\":{\"@type\":\"ImageObject\",\"inLanguage\":\"fr-FR\",\"@id\":\"https:\/\/www.omrserrature.it\/fr\/#\/schema\/logo\/image\/\",\"url\":\"https:\/\/www.omrserrature.it\/wp-content\/uploads\/2017\/09\/favicon-omr-114.png\",\"contentUrl\":\"https:\/\/www.omrserrature.it\/wp-content\/uploads\/2017\/09\/favicon-omr-114.png\",\"width\":114,\"height\":114,\"caption\":\"OMR Serrature | Produzione sistemi di chiusura\"},\"image\":{\"@id\":\"https:\/\/www.omrserrature.it\/fr\/#\/schema\/logo\/image\/\"},\"sameAs\":[\"https:\/\/www.facebook.com\/OMRserrature\",\"https:\/\/www.linkedin.com\/company\/omrserrature\/\",\"https:\/\/www.youtube.com\/channel\/UCxmA85z2R0EpG_6IRokiAkg\"]}]}<\/script>\n<!-- \/ Yoast SEO plugin. -->","yoast_head_json":{"title":"Serrure universelle \u00e0 pistons avec barillet d\u00e9cal\u00e9 - OMR Serrature","robots":{"index":"index","follow":"follow","max-snippet":"max-snippet:-1","max-image-preview":"max-image-preview:large","max-video-preview":"max-video-preview:-1"},"canonical":"https:\/\/www.omrserrature.it\/fr\/produit\/serrure-universelle-a-pistons\/","og_locale":"fr_FR","og_type":"article","og_title":"Serrure universelle \u00e0 pistons avec barillet d\u00e9cal\u00e9 - OMR Serrature","og_description":"Serrure universelle \u00e0 pistons avec cl\u00e9 standard. Les serrures \u00e0 pistons sont la version haut de gamme de leurs homologues \u00e0 lamelles : des mat\u00e9riaux de haute qualit\u00e9 et r\u00e9sistants, une plus grande r\u00e9sistance aux tentatives d'effraction, un design \u00e9l\u00e9gant et un m\u00e9canisme \u00e0 paillettes raffin\u00e9 d\u00e9terminent leur valeur.","og_url":"https:\/\/www.omrserrature.it\/fr\/produit\/serrure-universelle-a-pistons\/","og_site_name":"OMR Serrature | Produzione sistemi di chiusura","article_publisher":"https:\/\/www.facebook.com\/OMRserrature","article_modified_time":"2026-04-08T11:13:57+00:00","og_image":[{"width":454,"height":391,"url":"https:\/\/www.omrserrature.it\/wp-content\/uploads\/2017\/10\/serratura-universale-perni.jpg","type":"image\/jpeg"}],"twitter_card":"summary_large_image","twitter_misc":{"Dur\u00e9e de lecture estim\u00e9e":"1 minute"},"schema":{"@context":"https:\/\/schema.org","@graph":[{"@type":"WebPage","@id":"https:\/\/www.omrserrature.it\/fr\/produit\/serrure-universelle-a-pistons\/","url":"https:\/\/www.omrserrature.it\/fr\/produit\/serrure-universelle-a-pistons\/","name":"Serrure universelle \u00e0 pistons avec barillet d\u00e9cal\u00e9 - OMR Serrature","isPartOf":{"@id":"https:\/\/www.omrserrature.it\/fr\/#website"},"primaryImageOfPage":{"@id":"https:\/\/www.omrserrature.it\/fr\/produit\/serrure-universelle-a-pistons\/#primaryimage"},"image":{"@id":"https:\/\/www.omrserrature.it\/fr\/produit\/serrure-universelle-a-pistons\/#primaryimage"},"thumbnailUrl":"https:\/\/www.omrserrature.it\/wp-content\/uploads\/2017\/10\/serratura-universale-perni.jpg","datePublished":"2005-10-17T14:00:00+00:00","dateModified":"2026-04-08T11:13:57+00:00","breadcrumb":{"@id":"https:\/\/www.omrserrature.it\/fr\/produit\/serrure-universelle-a-pistons\/#breadcrumb"},"inLanguage":"fr-FR","potentialAction":[{"@type":"ReadAction","target":["https:\/\/www.omrserrature.it\/fr\/produit\/serrure-universelle-a-pistons\/"]}]},{"@type":"ImageObject","inLanguage":"fr-FR","@id":"https:\/\/www.omrserrature.it\/fr\/produit\/serrure-universelle-a-pistons\/#primaryimage","url":"https:\/\/www.omrserrature.it\/wp-content\/uploads\/2017\/10\/serratura-universale-perni.jpg","contentUrl":"https:\/\/www.omrserrature.it\/wp-content\/uploads\/2017\/10\/serratura-universale-perni.jpg","width":454,"height":391,"caption":"Serrure universelle \u00e0 pistons avec barillet d\u00e9cal\u00e9"},{"@type":"BreadcrumbList","@id":"https:\/\/www.omrserrature.it\/fr\/produit\/serrure-universelle-a-pistons\/#breadcrumb","itemListElement":[{"@type":"ListItem","position":1,"name":"Home","item":"https:\/\/www.omrserrature.it\/fr\/omr-serrures-et-systemes-de-verrouillage\/"},{"@type":"ListItem","position":2,"name":"Catalogue","item":"https:\/\/www.omrserrature.it\/catalogue\/?lang=fr"},{"@type":"ListItem","position":3,"name":"Applications","item":"https:\/\/www.omrserrature.it\/fr\/catalogue\/applications\/"},{"@type":"ListItem","position":4,"name":"Serrure d'armoire conforme au r\u00e8glement GDPR","item":"https:\/\/www.omrserrature.it\/fr\/catalogue\/applications\/serrure-darmoire-conforme-au-reglement-gdpr\/"},{"@type":"ListItem","position":5,"name":"Serrure universelle \u00e0 pistons avec barillet d\u00e9cal\u00e9"}]},{"@type":"WebSite","@id":"https:\/\/www.omrserrature.it\/fr\/#website","url":"https:\/\/www.omrserrature.it\/fr\/","name":"OMR Serrature | Produzione sistemi di chiusura","description":"Produzione serrature di sicurezza e sistemi di chiusura","publisher":{"@id":"https:\/\/www.omrserrature.it\/fr\/#organization"},"potentialAction":[{"@type":"SearchAction","target":{"@type":"EntryPoint","urlTemplate":"https:\/\/www.omrserrature.it\/fr\/?s={search_term_string}"},"query-input":{"@type":"PropertyValueSpecification","valueRequired":true,"valueName":"search_term_string"}}],"inLanguage":"fr-FR"},{"@type":"Organization","@id":"https:\/\/www.omrserrature.it\/fr\/#organization","name":"OMR Serrature | Produzione sistemi di chiusura","url":"https:\/\/www.omrserrature.it\/fr\/","logo":{"@type":"ImageObject","inLanguage":"fr-FR","@id":"https:\/\/www.omrserrature.it\/fr\/#\/schema\/logo\/image\/","url":"https:\/\/www.omrserrature.it\/wp-content\/uploads\/2017\/09\/favicon-omr-114.png","contentUrl":"https:\/\/www.omrserrature.it\/wp-content\/uploads\/2017\/09\/favicon-omr-114.png","width":114,"height":114,"caption":"OMR Serrature | Produzione sistemi di chiusura"},"image":{"@id":"https:\/\/www.omrserrature.it\/fr\/#\/schema\/logo\/image\/"},"sameAs":["https:\/\/www.facebook.com\/OMRserrature","https:\/\/www.linkedin.com\/company\/omrserrature\/","https:\/\/www.youtube.com\/channel\/UCxmA85z2R0EpG_6IRokiAkg"]}]}},"_links":{"self":[{"href":"https:\/\/www.omrserrature.it\/fr\/wp-json\/wp\/v2\/product\/243159","targetHints":{"allow":["GET"]}}],"collection":[{"href":"https:\/\/www.omrserrature.it\/fr\/wp-json\/wp\/v2\/product"}],"about":[{"href":"https:\/\/www.omrserrature.it\/fr\/wp-json\/wp\/v2\/types\/product"}],"replies":[{"embeddable":true,"href":"https:\/\/www.omrserrature.it\/fr\/wp-json\/wp\/v2\/comments?post=243159"}],"wp:featuredmedia":[{"embeddable":true,"href":"https:\/\/www.omrserrature.it\/fr\/wp-json\/wp\/v2\/media\/3018"}],"wp:attachment":[{"href":"https:\/\/www.omrserrature.it\/fr\/wp-json\/wp\/v2\/media?parent=243159"}],"wp:term":[{"taxonomy":"product_brand","embeddable":true,"href":"https:\/\/www.omrserrature.it\/fr\/wp-json\/wp\/v2\/product_brand?post=243159"},{"taxonomy":"product_cat","embeddable":true,"href":"https:\/\/www.omrserrature.it\/fr\/wp-json\/wp\/v2\/product_cat?post=243159"},{"taxonomy":"product_tag","embeddable":true,"href":"https:\/\/www.omrserrature.it\/fr\/wp-json\/wp\/v2\/product_tag?post=243159"}],"curies":[{"name":"wp","href":"https:\/\/api.w.org\/{rel}","templated":true}]}}