{"id":243073,"date":"2017-10-10T15:34:04","date_gmt":"2010-10-17T13:34:00","guid":{"rendered":"https:\/\/www.staging6.omrserrature.it\/prodotto\/serrure-universelle-a-paillettes-o-17\/"},"modified":"2026-04-08T13:15:15","modified_gmt":"2026-04-08T11:15:15","slug":"serrure-universelle-a-paillettes-o-17","status":"publish","type":"product","link":"https:\/\/www.omrserrature.it\/fr\/produit\/serrure-universelle-a-paillettes-o-17\/","title":{"rendered":"Serrure universelle \u00e0 lamelles \u00e0 paillettes \u00d8 17"},"content":{"rendered":"<p>La <strong>serrure universelle universelle<\/strong> \u00e0 paillettes \u00e0 m\u00e9canisme \u00e0 paillettes fait partie des serrures les plus populaires. La cl\u00e9 en laiton nickel\u00e9 d\u00e9place le rotor central \u00e0 lamelles situ\u00e9 \u00e0 l&rsquo;int\u00e9rieur d&rsquo;une bo\u00eete en alliage de zinc appel\u00e9e stator, bague ou corps. Le diam\u00e8tre est frais\u00e9 sur deux c\u00f4t\u00e9s oppos\u00e9s (plaques lat\u00e9rales) formant un double D pour emp\u00eacher la rotation du verrou \u00e0 came dans le si\u00e8ge d&rsquo;installation. L&rsquo;actionnement du <strong>came arri\u00e8re<\/strong> d\u00e9termine si la serrure batteuse est ferm\u00e9e ou ouverte.<\/p>\n<p>Le corps et le rotor de la serrure \u00e0 came sont en alliage de zinc et la came en acier. Le raccord arri\u00e8re, carr\u00e9 de 7 mm, permet \u00e9galement l&rsquo;installation de divers <strong>cames droites, coud\u00e9es ou \u00e0 crochet<\/strong>, ainsi que de cames multipoints pour le mouvement des tringles coulissantes (vers le haut et vers le bas). Les nombreuses variantes disponibles permettent diff\u00e9rentes rotations, des \u00e9paisseurs de porte de 0,5 \u00e0 27 mm, et le retrait de la cl\u00e9 en ouvert et en ferm\u00e9 (ou seulement dans l&rsquo;un des deux cas). La fixation de la serrure est simple gr\u00e2ce \u00e0 la fourchette &#8211; \u00e9galement appel\u00e9e clip &#8211; pour une <strong>installation rapide<\/strong><strong>sur des plaques en acier, en aluminium ou en plastique<\/strong>.   <\/p>\n<p><strong>La serrure universelle \u00e0 came<\/strong> est id\u00e9ale pour \u00eatre install\u00e9e dans les meubles de bureau, les portes m\u00e9talliques, les volets, les travaux de menuiserie, les bo\u00eetes en t\u00f4le, les syst\u00e8mes de distribution automatique et de lavage de voitures, les machines et les panneaux de commande.<\/p>\n","protected":false},"excerpt":{"rendered":"<p>La <strong>serrure universelle \u00e0 p<\/strong> aillettes avec m\u00e9canisme \u00e0 <strong>lamelles<\/strong> est l&rsquo;une des serrures les plus populaires. La borne carr\u00e9e de 7 mm permet \u00e9galement l&rsquo;installation de divers <strong>cames droites, coud\u00e9es ou \u00e0 crochet<\/strong>. <\/p>\n<p>Disponible en version \u00e0 cl\u00e9s diff\u00e9rentes<strong>(KD<\/strong>) et \u00e0 cl\u00e9s identiques<strong>(KA<\/strong>).<\/p>\n<p><strong>Installation rapide avec la fourchette.<\/strong><\/p>\n","protected":false},"featured_media":3390,"comment_status":"open","ping_status":"closed","template":"","meta":{"_acf_changed":false,"_et_pb_use_builder":"","_et_pb_old_content":"","_et_gb_content_width":""},"product_brand":[],"product_cat":[3638,3687,3658],"product_tag":[],"class_list":{"0":"post-243073","1":"product","2":"type-product","3":"status-publish","4":"has-post-thumbnail","6":"product_cat-serrure-universelle-a-paillettes","7":"product_cat-serrures-a-came","8":"product_cat-serrures-a-passe-partout","10":"first","11":"instock","12":"shipping-taxable","13":"purchasable","14":"product-type-variable"},"acf":{"pdf1":"https:\/\/www.omrserrature.it\/wp-content\/uploads\/2017\/10\/Scheda-163100.pdf"},"yoast_head":"<!-- This site is optimized with the Yoast SEO plugin v27.2 - https:\/\/yoast.com\/product\/yoast-seo-wordpress\/ -->\n<title>Serrure universelle \u00e0 lamelles \u00e0 paillettes \u00d8 17 - OMR Serrature<\/title>\n<meta name=\"robots\" content=\"index, follow, max-snippet:-1, max-image-preview:large, max-video-preview:-1\" \/>\n<link rel=\"canonical\" href=\"https:\/\/www.omrserrature.it\/fr\/produit\/serrure-universelle-a-paillettes-o-17\/\" \/>\n<meta property=\"og:locale\" content=\"fr_FR\" \/>\n<meta property=\"og:type\" content=\"article\" \/>\n<meta property=\"og:title\" content=\"Serrure universelle \u00e0 lamelles \u00e0 paillettes \u00d8 17 - OMR Serrature\" \/>\n<meta property=\"og:description\" content=\"La serrure universelle \u00e0 p aillettes avec m\u00e9canisme \u00e0 lamelles est l&#039;une des serrures les plus populaires. La borne carr\u00e9e de 7 mm permet \u00e9galement l&#039;installation de divers cames droites, coud\u00e9es ou \u00e0 crochet.  Disponible en version \u00e0 cl\u00e9s diff\u00e9rentes(KD) et \u00e0 cl\u00e9s identiques(KA). Installation rapide avec la fourchette.\" \/>\n<meta property=\"og:url\" content=\"https:\/\/www.omrserrature.it\/fr\/produit\/serrure-universelle-a-paillettes-o-17\/\" \/>\n<meta property=\"og:site_name\" content=\"OMR Serrature | Produzione sistemi di chiusura\" \/>\n<meta property=\"article:publisher\" content=\"https:\/\/www.facebook.com\/OMRserrature\" \/>\n<meta property=\"article:modified_time\" content=\"2026-04-08T11:15:15+00:00\" \/>\n<meta property=\"og:image\" content=\"https:\/\/www.omrserrature.it\/wp-content\/uploads\/2017\/10\/serratura-universale-lamelle-forcella.jpg\" \/>\n\t<meta property=\"og:image:width\" content=\"622\" \/>\n\t<meta property=\"og:image:height\" content=\"405\" \/>\n\t<meta property=\"og:image:type\" content=\"image\/jpeg\" \/>\n<meta name=\"twitter:card\" content=\"summary_large_image\" \/>\n<meta name=\"twitter:label1\" content=\"Dur\u00e9e de lecture estim\u00e9e\" \/>\n\t<meta name=\"twitter:data1\" content=\"1 minute\" \/>\n<script type=\"application\/ld+json\" class=\"yoast-schema-graph\">{\"@context\":\"https:\/\/schema.org\",\"@graph\":[{\"@type\":\"WebPage\",\"@id\":\"https:\/\/www.omrserrature.it\/fr\/produit\/serrure-universelle-a-paillettes-o-17\/\",\"url\":\"https:\/\/www.omrserrature.it\/fr\/produit\/serrure-universelle-a-paillettes-o-17\/\",\"name\":\"Serrure universelle \u00e0 lamelles \u00e0 paillettes \u00d8 17 - OMR Serrature\",\"isPartOf\":{\"@id\":\"https:\/\/www.omrserrature.it\/fr\/#website\"},\"primaryImageOfPage\":{\"@id\":\"https:\/\/www.omrserrature.it\/fr\/produit\/serrure-universelle-a-paillettes-o-17\/#primaryimage\"},\"image\":{\"@id\":\"https:\/\/www.omrserrature.it\/fr\/produit\/serrure-universelle-a-paillettes-o-17\/#primaryimage\"},\"thumbnailUrl\":\"https:\/\/www.omrserrature.it\/wp-content\/uploads\/2017\/10\/serratura-universale-lamelle-forcella.jpg\",\"datePublished\":\"2010-10-17T13:34:00+00:00\",\"dateModified\":\"2026-04-08T11:15:15+00:00\",\"breadcrumb\":{\"@id\":\"https:\/\/www.omrserrature.it\/fr\/produit\/serrure-universelle-a-paillettes-o-17\/#breadcrumb\"},\"inLanguage\":\"fr-FR\",\"potentialAction\":[{\"@type\":\"ReadAction\",\"target\":[\"https:\/\/www.omrserrature.it\/fr\/produit\/serrure-universelle-a-paillettes-o-17\/\"]}]},{\"@type\":\"ImageObject\",\"inLanguage\":\"fr-FR\",\"@id\":\"https:\/\/www.omrserrature.it\/fr\/produit\/serrure-universelle-a-paillettes-o-17\/#primaryimage\",\"url\":\"https:\/\/www.omrserrature.it\/wp-content\/uploads\/2017\/10\/serratura-universale-lamelle-forcella.jpg\",\"contentUrl\":\"https:\/\/www.omrserrature.it\/wp-content\/uploads\/2017\/10\/serratura-universale-lamelle-forcella.jpg\",\"width\":622,\"height\":405,\"caption\":\"Serrure universelle \u00e0 paillettes diam\u00e8tre 17 mm\"},{\"@type\":\"BreadcrumbList\",\"@id\":\"https:\/\/www.omrserrature.it\/fr\/produit\/serrure-universelle-a-paillettes-o-17\/#breadcrumb\",\"itemListElement\":[{\"@type\":\"ListItem\",\"position\":1,\"name\":\"Home\",\"item\":\"https:\/\/www.omrserrature.it\/fr\/omr-serrures-et-systemes-de-verrouillage\/\"},{\"@type\":\"ListItem\",\"position\":2,\"name\":\"Catalogue\",\"item\":\"https:\/\/www.omrserrature.it\/catalogue\/?lang=fr\"},{\"@type\":\"ListItem\",\"position\":3,\"name\":\"Produits\",\"item\":\"https:\/\/www.omrserrature.it\/fr\/catalogue\/produits\/\"},{\"@type\":\"ListItem\",\"position\":4,\"name\":\"Serrures\",\"item\":\"https:\/\/www.omrserrature.it\/fr\/catalogue\/produits\/serrures\/\"},{\"@type\":\"ListItem\",\"position\":5,\"name\":\"Serrure universelle \u00e0 paillettes\",\"item\":\"https:\/\/www.omrserrature.it\/fr\/catalogue\/produits\/serrures\/serrure-universelle-a-paillettes\/\"},{\"@type\":\"ListItem\",\"position\":6,\"name\":\"Serrure universelle \u00e0 lamelles \u00e0 paillettes \u00d8 17\"}]},{\"@type\":\"WebSite\",\"@id\":\"https:\/\/www.omrserrature.it\/fr\/#website\",\"url\":\"https:\/\/www.omrserrature.it\/fr\/\",\"name\":\"OMR Serrature | Produzione sistemi di chiusura\",\"description\":\"Produzione serrature di sicurezza e sistemi di chiusura\",\"publisher\":{\"@id\":\"https:\/\/www.omrserrature.it\/fr\/#organization\"},\"potentialAction\":[{\"@type\":\"SearchAction\",\"target\":{\"@type\":\"EntryPoint\",\"urlTemplate\":\"https:\/\/www.omrserrature.it\/fr\/?s={search_term_string}\"},\"query-input\":{\"@type\":\"PropertyValueSpecification\",\"valueRequired\":true,\"valueName\":\"search_term_string\"}}],\"inLanguage\":\"fr-FR\"},{\"@type\":\"Organization\",\"@id\":\"https:\/\/www.omrserrature.it\/fr\/#organization\",\"name\":\"OMR Serrature | Produzione sistemi di chiusura\",\"url\":\"https:\/\/www.omrserrature.it\/fr\/\",\"logo\":{\"@type\":\"ImageObject\",\"inLanguage\":\"fr-FR\",\"@id\":\"https:\/\/www.omrserrature.it\/fr\/#\/schema\/logo\/image\/\",\"url\":\"https:\/\/www.omrserrature.it\/wp-content\/uploads\/2017\/09\/favicon-omr-114.png\",\"contentUrl\":\"https:\/\/www.omrserrature.it\/wp-content\/uploads\/2017\/09\/favicon-omr-114.png\",\"width\":114,\"height\":114,\"caption\":\"OMR Serrature | Produzione sistemi di chiusura\"},\"image\":{\"@id\":\"https:\/\/www.omrserrature.it\/fr\/#\/schema\/logo\/image\/\"},\"sameAs\":[\"https:\/\/www.facebook.com\/OMRserrature\",\"https:\/\/www.linkedin.com\/company\/omrserrature\/\",\"https:\/\/www.youtube.com\/channel\/UCxmA85z2R0EpG_6IRokiAkg\"]}]}<\/script>\n<!-- \/ Yoast SEO plugin. -->","yoast_head_json":{"title":"Serrure universelle \u00e0 lamelles \u00e0 paillettes \u00d8 17 - OMR Serrature","robots":{"index":"index","follow":"follow","max-snippet":"max-snippet:-1","max-image-preview":"max-image-preview:large","max-video-preview":"max-video-preview:-1"},"canonical":"https:\/\/www.omrserrature.it\/fr\/produit\/serrure-universelle-a-paillettes-o-17\/","og_locale":"fr_FR","og_type":"article","og_title":"Serrure universelle \u00e0 lamelles \u00e0 paillettes \u00d8 17 - OMR Serrature","og_description":"La serrure universelle \u00e0 p aillettes avec m\u00e9canisme \u00e0 lamelles est l'une des serrures les plus populaires. La borne carr\u00e9e de 7 mm permet \u00e9galement l'installation de divers cames droites, coud\u00e9es ou \u00e0 crochet.  Disponible en version \u00e0 cl\u00e9s diff\u00e9rentes(KD) et \u00e0 cl\u00e9s identiques(KA). Installation rapide avec la fourchette.","og_url":"https:\/\/www.omrserrature.it\/fr\/produit\/serrure-universelle-a-paillettes-o-17\/","og_site_name":"OMR Serrature | Produzione sistemi di chiusura","article_publisher":"https:\/\/www.facebook.com\/OMRserrature","article_modified_time":"2026-04-08T11:15:15+00:00","og_image":[{"width":622,"height":405,"url":"https:\/\/www.omrserrature.it\/wp-content\/uploads\/2017\/10\/serratura-universale-lamelle-forcella.jpg","type":"image\/jpeg"}],"twitter_card":"summary_large_image","twitter_misc":{"Dur\u00e9e de lecture estim\u00e9e":"1 minute"},"schema":{"@context":"https:\/\/schema.org","@graph":[{"@type":"WebPage","@id":"https:\/\/www.omrserrature.it\/fr\/produit\/serrure-universelle-a-paillettes-o-17\/","url":"https:\/\/www.omrserrature.it\/fr\/produit\/serrure-universelle-a-paillettes-o-17\/","name":"Serrure universelle \u00e0 lamelles \u00e0 paillettes \u00d8 17 - OMR Serrature","isPartOf":{"@id":"https:\/\/www.omrserrature.it\/fr\/#website"},"primaryImageOfPage":{"@id":"https:\/\/www.omrserrature.it\/fr\/produit\/serrure-universelle-a-paillettes-o-17\/#primaryimage"},"image":{"@id":"https:\/\/www.omrserrature.it\/fr\/produit\/serrure-universelle-a-paillettes-o-17\/#primaryimage"},"thumbnailUrl":"https:\/\/www.omrserrature.it\/wp-content\/uploads\/2017\/10\/serratura-universale-lamelle-forcella.jpg","datePublished":"2010-10-17T13:34:00+00:00","dateModified":"2026-04-08T11:15:15+00:00","breadcrumb":{"@id":"https:\/\/www.omrserrature.it\/fr\/produit\/serrure-universelle-a-paillettes-o-17\/#breadcrumb"},"inLanguage":"fr-FR","potentialAction":[{"@type":"ReadAction","target":["https:\/\/www.omrserrature.it\/fr\/produit\/serrure-universelle-a-paillettes-o-17\/"]}]},{"@type":"ImageObject","inLanguage":"fr-FR","@id":"https:\/\/www.omrserrature.it\/fr\/produit\/serrure-universelle-a-paillettes-o-17\/#primaryimage","url":"https:\/\/www.omrserrature.it\/wp-content\/uploads\/2017\/10\/serratura-universale-lamelle-forcella.jpg","contentUrl":"https:\/\/www.omrserrature.it\/wp-content\/uploads\/2017\/10\/serratura-universale-lamelle-forcella.jpg","width":622,"height":405,"caption":"Serrure universelle \u00e0 paillettes diam\u00e8tre 17 mm"},{"@type":"BreadcrumbList","@id":"https:\/\/www.omrserrature.it\/fr\/produit\/serrure-universelle-a-paillettes-o-17\/#breadcrumb","itemListElement":[{"@type":"ListItem","position":1,"name":"Home","item":"https:\/\/www.omrserrature.it\/fr\/omr-serrures-et-systemes-de-verrouillage\/"},{"@type":"ListItem","position":2,"name":"Catalogue","item":"https:\/\/www.omrserrature.it\/catalogue\/?lang=fr"},{"@type":"ListItem","position":3,"name":"Produits","item":"https:\/\/www.omrserrature.it\/fr\/catalogue\/produits\/"},{"@type":"ListItem","position":4,"name":"Serrures","item":"https:\/\/www.omrserrature.it\/fr\/catalogue\/produits\/serrures\/"},{"@type":"ListItem","position":5,"name":"Serrure universelle \u00e0 paillettes","item":"https:\/\/www.omrserrature.it\/fr\/catalogue\/produits\/serrures\/serrure-universelle-a-paillettes\/"},{"@type":"ListItem","position":6,"name":"Serrure universelle \u00e0 lamelles \u00e0 paillettes \u00d8 17"}]},{"@type":"WebSite","@id":"https:\/\/www.omrserrature.it\/fr\/#website","url":"https:\/\/www.omrserrature.it\/fr\/","name":"OMR Serrature | Produzione sistemi di chiusura","description":"Produzione serrature di sicurezza e sistemi di chiusura","publisher":{"@id":"https:\/\/www.omrserrature.it\/fr\/#organization"},"potentialAction":[{"@type":"SearchAction","target":{"@type":"EntryPoint","urlTemplate":"https:\/\/www.omrserrature.it\/fr\/?s={search_term_string}"},"query-input":{"@type":"PropertyValueSpecification","valueRequired":true,"valueName":"search_term_string"}}],"inLanguage":"fr-FR"},{"@type":"Organization","@id":"https:\/\/www.omrserrature.it\/fr\/#organization","name":"OMR Serrature | Produzione sistemi di chiusura","url":"https:\/\/www.omrserrature.it\/fr\/","logo":{"@type":"ImageObject","inLanguage":"fr-FR","@id":"https:\/\/www.omrserrature.it\/fr\/#\/schema\/logo\/image\/","url":"https:\/\/www.omrserrature.it\/wp-content\/uploads\/2017\/09\/favicon-omr-114.png","contentUrl":"https:\/\/www.omrserrature.it\/wp-content\/uploads\/2017\/09\/favicon-omr-114.png","width":114,"height":114,"caption":"OMR Serrature | Produzione sistemi di chiusura"},"image":{"@id":"https:\/\/www.omrserrature.it\/fr\/#\/schema\/logo\/image\/"},"sameAs":["https:\/\/www.facebook.com\/OMRserrature","https:\/\/www.linkedin.com\/company\/omrserrature\/","https:\/\/www.youtube.com\/channel\/UCxmA85z2R0EpG_6IRokiAkg"]}]}},"_links":{"self":[{"href":"https:\/\/www.omrserrature.it\/fr\/wp-json\/wp\/v2\/product\/243073","targetHints":{"allow":["GET"]}}],"collection":[{"href":"https:\/\/www.omrserrature.it\/fr\/wp-json\/wp\/v2\/product"}],"about":[{"href":"https:\/\/www.omrserrature.it\/fr\/wp-json\/wp\/v2\/types\/product"}],"replies":[{"embeddable":true,"href":"https:\/\/www.omrserrature.it\/fr\/wp-json\/wp\/v2\/comments?post=243073"}],"wp:featuredmedia":[{"embeddable":true,"href":"https:\/\/www.omrserrature.it\/fr\/wp-json\/wp\/v2\/media\/3390"}],"wp:attachment":[{"href":"https:\/\/www.omrserrature.it\/fr\/wp-json\/wp\/v2\/media?parent=243073"}],"wp:term":[{"taxonomy":"product_brand","embeddable":true,"href":"https:\/\/www.omrserrature.it\/fr\/wp-json\/wp\/v2\/product_brand?post=243073"},{"taxonomy":"product_cat","embeddable":true,"href":"https:\/\/www.omrserrature.it\/fr\/wp-json\/wp\/v2\/product_cat?post=243073"},{"taxonomy":"product_tag","embeddable":true,"href":"https:\/\/www.omrserrature.it\/fr\/wp-json\/wp\/v2\/product_tag?post=243073"}],"curies":[{"name":"wp","href":"https:\/\/api.w.org\/{rel}","templated":true}]}}