{"id":242997,"date":"2017-10-09T15:34:19","date_gmt":"2009-10-17T13:34:00","guid":{"rendered":"https:\/\/www.staging6.omrserrature.it\/prodotto\/serrure-universelle\/"},"modified":"2026-04-08T13:14:39","modified_gmt":"2026-04-08T11:14:39","slug":"serrure-universelle","status":"publish","type":"product","link":"https:\/\/www.omrserrature.it\/fr\/produit\/serrure-universelle\/","title":{"rendered":"Serrure universelle"},"content":{"rendered":"<p>La <strong>serrure universelle universelle<\/strong> \u00e0 paillettes est l&rsquo;une des serrures les plus populaires dans tous les domaines. La cl\u00e9 en laiton nickel\u00e9 d\u00e9place le rotor central \u00e0 lamelles situ\u00e9 \u00e0 l&rsquo;int\u00e9rieur d&rsquo;une bo\u00eete en alliage de zinc appel\u00e9e stator, bague ou corps. Le diam\u00e8tre est frais\u00e9 sur deux c\u00f4t\u00e9s oppos\u00e9s (plaques lat\u00e9rales) formant un double D pour emp\u00eacher la rotation de la serrure dans le si\u00e8ge d&rsquo;installation. L&rsquo;actionnement de la <strong>came arri\u00e8re<\/strong> d\u00e9termine la fermeture ou l&rsquo;ouverture de la serrure.<\/p>\n<p>Le corps et le rotor de la serrure came sont en alliage de zinc et la languette en acier. Le rotor est rev\u00eatu d\u2019acier inoxydable et l\u2019entr\u00e9e de la cl\u00e9 est \u00e9quip\u00e9e d\u2019un clapet anti-poussi\u00e8re pour une protection suppl\u00e9mentaire contre les \u00e9claboussures et la poussi\u00e8re. Le corps \u00e0 deux rainures permet une <strong>fixation rapide au moyen d\u2019une fourche<\/strong> ou d\u2019un clip pour <strong>une installation rapide<\/strong> sur des <strong>feuilles d\u2019acier, d\u2019aluminium ou de plastique.<\/strong>  <\/p>\n<p>La serrure universelle \u00e0 came avec tringles est couramment utilis\u00e9e dans les serrures gravitationnelles et \u00e9cologiques pour les conteneurs de collecte des d\u00e9chets de porte \u00e0 porte. Elle peut \u00e9galement \u00eatre appliqu\u00e9e sur les coffres de volets, les bo\u00eetes \u00e0 cl\u00e9s d&rsquo;ascenseurs, les petits coffres de s\u00e9curit\u00e9, les caisses et les panneaux de contr\u00f4le. <\/p>\n","protected":false},"excerpt":{"rendered":"<p>La <strong>serrure universelle<\/strong> \u00e0 came avec m\u00e9canisme \u00e0 paillettes, amicalement appel\u00e9e cliquet, est l&rsquo;une des serrures les plus populaires dans tous les domaines. Le barillet est <strong>rev\u00eatu d&rsquo;acier inoxydable<\/strong> et la rainure de clavette est munie d&rsquo;un <strong>clapet<\/strong> anti-poussi\u00e8re pour une protection accrue contre les \u00e9claboussures et la poussi\u00e8re. <\/p>\n<p>Il est couramment utilis\u00e9 dans les <strong>serrures gravitationnelles et \u00e9cologiques<\/strong> pour les conteneurs de collecte des d\u00e9chets de porte \u00e0 porte.<\/p>\n","protected":false},"featured_media":3372,"comment_status":"open","ping_status":"closed","template":"","meta":{"_acf_changed":false,"_et_pb_use_builder":"","_et_pb_old_content":"","_et_gb_content_width":""},"product_brand":[],"product_cat":[3750,3738,3755,3699,3664,3638,3687,3658,3691,3717,3723,3732,3710,3709,3714,3713,3695,3719,3718,3712,3692,3707,3694,3697,3728,3748],"product_tag":[],"class_list":{"0":"post-242997","1":"product","2":"type-product","3":"status-publish","4":"has-post-thumbnail","6":"product_cat-banque-et-poste","7":"product_cat-battant","8":"product_cat-hopitaux-et-soins-de-sante","9":"product_cat-serrure-darmoire-conforme-au-reglement-gdpr","10":"product_cat-serrure-etanche-inox","11":"product_cat-serrure-universelle-a-paillettes","12":"product_cat-serrures-a-came","13":"product_cat-serrures-a-passe-partout","14":"product_cat-serrures-darmoires","15":"product_cat-serrures-de-boites-aux-lettres","16":"product_cat-serrures-de-panneaux","17":"product_cat-serrures-de-securite-pour-meubles","18":"product_cat-serrures-pour-armoires-a-epi","19":"product_cat-serrures-pour-armoires-a-substances-dangereuses","20":"product_cat-serrures-pour-armoires-industrielles","21":"product_cat-serrures-pour-armoires-phytosanitaires","22":"product_cat-serrures-pour-bacs-a-ordures-2","23":"product_cat-serrures-pour-boites-postales","24":"product_cat-serrures-pour-casiers-a-colis","25":"product_cat-serrures-pour-casiers-a-skis","26":"product_cat-serrures-pour-chariots-professionnels","27":"product_cat-serrures-pour-distributeurs","28":"product_cat-serrures-pour-les-boites-aux-lettres","29":"product_cat-serrures-pour-meubles","30":"product_cat-serrures-pour-panneaux-de-signalisation","31":"product_cat-systemes-de-fermeture-pour-lindustrie","33":"first","34":"instock","35":"shipping-taxable","36":"product-type-simple"},"acf":{"pdf1":"https:\/\/www.omrserrature.it\/wp-content\/uploads\/2017\/10\/Scheda-162802.pdf"},"yoast_head":"<!-- This site is optimized with the Yoast SEO plugin v27.2 - https:\/\/yoast.com\/product\/yoast-seo-wordpress\/ -->\n<title>Serrure universelle - OMR Serrature<\/title>\n<meta name=\"robots\" content=\"index, follow, max-snippet:-1, max-image-preview:large, max-video-preview:-1\" \/>\n<link rel=\"canonical\" href=\"https:\/\/www.omrserrature.it\/fr\/produit\/serrure-universelle\/\" \/>\n<meta property=\"og:locale\" content=\"fr_FR\" \/>\n<meta property=\"og:type\" content=\"article\" \/>\n<meta property=\"og:title\" content=\"Serrure universelle - OMR Serrature\" \/>\n<meta property=\"og:description\" content=\"La serrure universelle \u00e0 came avec m\u00e9canisme \u00e0 paillettes, amicalement appel\u00e9e cliquet, est l&#039;une des serrures les plus populaires dans tous les domaines. Le barillet est rev\u00eatu d&#039;acier inoxydable et la rainure de clavette est munie d&#039;un clapet anti-poussi\u00e8re pour une protection accrue contre les \u00e9claboussures et la poussi\u00e8re.  Il est couramment utilis\u00e9 dans les serrures gravitationnelles et \u00e9cologiques pour les conteneurs de collecte des d\u00e9chets de porte \u00e0 porte.\" \/>\n<meta property=\"og:url\" content=\"https:\/\/www.omrserrature.it\/fr\/produit\/serrure-universelle\/\" \/>\n<meta property=\"og:site_name\" content=\"OMR Serrature | Produzione sistemi di chiusura\" \/>\n<meta property=\"article:publisher\" content=\"https:\/\/www.facebook.com\/OMRserrature\" \/>\n<meta property=\"article:modified_time\" content=\"2026-04-08T11:14:39+00:00\" \/>\n<meta property=\"og:image\" content=\"https:\/\/www.omrserrature.it\/wp-content\/uploads\/2017\/10\/serratura-universale-forcella.jpg\" \/>\n\t<meta property=\"og:image:width\" content=\"382\" \/>\n\t<meta property=\"og:image:height\" content=\"383\" \/>\n\t<meta property=\"og:image:type\" content=\"image\/jpeg\" \/>\n<meta name=\"twitter:card\" content=\"summary_large_image\" \/>\n<meta name=\"twitter:label1\" content=\"Dur\u00e9e de lecture estim\u00e9e\" \/>\n\t<meta name=\"twitter:data1\" content=\"1 minute\" \/>\n<script type=\"application\/ld+json\" class=\"yoast-schema-graph\">{\"@context\":\"https:\/\/schema.org\",\"@graph\":[{\"@type\":\"WebPage\",\"@id\":\"https:\/\/www.omrserrature.it\/fr\/produit\/serrure-universelle\/\",\"url\":\"https:\/\/www.omrserrature.it\/fr\/produit\/serrure-universelle\/\",\"name\":\"Serrure universelle - OMR Serrature\",\"isPartOf\":{\"@id\":\"https:\/\/www.omrserrature.it\/fr\/#website\"},\"primaryImageOfPage\":{\"@id\":\"https:\/\/www.omrserrature.it\/fr\/produit\/serrure-universelle\/#primaryimage\"},\"image\":{\"@id\":\"https:\/\/www.omrserrature.it\/fr\/produit\/serrure-universelle\/#primaryimage\"},\"thumbnailUrl\":\"https:\/\/www.omrserrature.it\/wp-content\/uploads\/2017\/10\/serratura-universale-forcella.jpg\",\"datePublished\":\"2009-10-17T13:34:00+00:00\",\"dateModified\":\"2026-04-08T11:14:39+00:00\",\"breadcrumb\":{\"@id\":\"https:\/\/www.omrserrature.it\/fr\/produit\/serrure-universelle\/#breadcrumb\"},\"inLanguage\":\"fr-FR\",\"potentialAction\":[{\"@type\":\"ReadAction\",\"target\":[\"https:\/\/www.omrserrature.it\/fr\/produit\/serrure-universelle\/\"]}]},{\"@type\":\"ImageObject\",\"inLanguage\":\"fr-FR\",\"@id\":\"https:\/\/www.omrserrature.it\/fr\/produit\/serrure-universelle\/#primaryimage\",\"url\":\"https:\/\/www.omrserrature.it\/wp-content\/uploads\/2017\/10\/serratura-universale-forcella.jpg\",\"contentUrl\":\"https:\/\/www.omrserrature.it\/wp-content\/uploads\/2017\/10\/serratura-universale-forcella.jpg\",\"width\":382,\"height\":383,\"caption\":\"La serrure universelle \u00e0 paillettes en acier inoxydable avec m\u00e9canisme \u00e0 paillettes\"},{\"@type\":\"BreadcrumbList\",\"@id\":\"https:\/\/www.omrserrature.it\/fr\/produit\/serrure-universelle\/#breadcrumb\",\"itemListElement\":[{\"@type\":\"ListItem\",\"position\":1,\"name\":\"Home\",\"item\":\"https:\/\/www.omrserrature.it\/fr\/omr-serrures-et-systemes-de-verrouillage\/\"},{\"@type\":\"ListItem\",\"position\":2,\"name\":\"Catalogue\",\"item\":\"https:\/\/www.omrserrature.it\/catalogue\/?lang=fr\"},{\"@type\":\"ListItem\",\"position\":3,\"name\":\"Applications\",\"item\":\"https:\/\/www.omrserrature.it\/fr\/catalogue\/applications\/\"},{\"@type\":\"ListItem\",\"position\":4,\"name\":\"Serrure d'armoire conforme au r\u00e8glement GDPR\",\"item\":\"https:\/\/www.omrserrature.it\/fr\/catalogue\/applications\/serrure-darmoire-conforme-au-reglement-gdpr\/\"},{\"@type\":\"ListItem\",\"position\":5,\"name\":\"Serrure universelle\"}]},{\"@type\":\"WebSite\",\"@id\":\"https:\/\/www.omrserrature.it\/fr\/#website\",\"url\":\"https:\/\/www.omrserrature.it\/fr\/\",\"name\":\"OMR Serrature | Produzione sistemi di chiusura\",\"description\":\"Produzione serrature di sicurezza e sistemi di chiusura\",\"publisher\":{\"@id\":\"https:\/\/www.omrserrature.it\/fr\/#organization\"},\"potentialAction\":[{\"@type\":\"SearchAction\",\"target\":{\"@type\":\"EntryPoint\",\"urlTemplate\":\"https:\/\/www.omrserrature.it\/fr\/?s={search_term_string}\"},\"query-input\":{\"@type\":\"PropertyValueSpecification\",\"valueRequired\":true,\"valueName\":\"search_term_string\"}}],\"inLanguage\":\"fr-FR\"},{\"@type\":\"Organization\",\"@id\":\"https:\/\/www.omrserrature.it\/fr\/#organization\",\"name\":\"OMR Serrature | Produzione sistemi di chiusura\",\"url\":\"https:\/\/www.omrserrature.it\/fr\/\",\"logo\":{\"@type\":\"ImageObject\",\"inLanguage\":\"fr-FR\",\"@id\":\"https:\/\/www.omrserrature.it\/fr\/#\/schema\/logo\/image\/\",\"url\":\"https:\/\/www.omrserrature.it\/wp-content\/uploads\/2017\/09\/favicon-omr-114.png\",\"contentUrl\":\"https:\/\/www.omrserrature.it\/wp-content\/uploads\/2017\/09\/favicon-omr-114.png\",\"width\":114,\"height\":114,\"caption\":\"OMR Serrature | Produzione sistemi di chiusura\"},\"image\":{\"@id\":\"https:\/\/www.omrserrature.it\/fr\/#\/schema\/logo\/image\/\"},\"sameAs\":[\"https:\/\/www.facebook.com\/OMRserrature\",\"https:\/\/www.linkedin.com\/company\/omrserrature\/\",\"https:\/\/www.youtube.com\/channel\/UCxmA85z2R0EpG_6IRokiAkg\"]}]}<\/script>\n<!-- \/ Yoast SEO plugin. -->","yoast_head_json":{"title":"Serrure universelle - OMR Serrature","robots":{"index":"index","follow":"follow","max-snippet":"max-snippet:-1","max-image-preview":"max-image-preview:large","max-video-preview":"max-video-preview:-1"},"canonical":"https:\/\/www.omrserrature.it\/fr\/produit\/serrure-universelle\/","og_locale":"fr_FR","og_type":"article","og_title":"Serrure universelle - OMR Serrature","og_description":"La serrure universelle \u00e0 came avec m\u00e9canisme \u00e0 paillettes, amicalement appel\u00e9e cliquet, est l'une des serrures les plus populaires dans tous les domaines. Le barillet est rev\u00eatu d'acier inoxydable et la rainure de clavette est munie d'un clapet anti-poussi\u00e8re pour une protection accrue contre les \u00e9claboussures et la poussi\u00e8re.  Il est couramment utilis\u00e9 dans les serrures gravitationnelles et \u00e9cologiques pour les conteneurs de collecte des d\u00e9chets de porte \u00e0 porte.","og_url":"https:\/\/www.omrserrature.it\/fr\/produit\/serrure-universelle\/","og_site_name":"OMR Serrature | Produzione sistemi di chiusura","article_publisher":"https:\/\/www.facebook.com\/OMRserrature","article_modified_time":"2026-04-08T11:14:39+00:00","og_image":[{"width":382,"height":383,"url":"https:\/\/www.omrserrature.it\/wp-content\/uploads\/2017\/10\/serratura-universale-forcella.jpg","type":"image\/jpeg"}],"twitter_card":"summary_large_image","twitter_misc":{"Dur\u00e9e de lecture estim\u00e9e":"1 minute"},"schema":{"@context":"https:\/\/schema.org","@graph":[{"@type":"WebPage","@id":"https:\/\/www.omrserrature.it\/fr\/produit\/serrure-universelle\/","url":"https:\/\/www.omrserrature.it\/fr\/produit\/serrure-universelle\/","name":"Serrure universelle - OMR Serrature","isPartOf":{"@id":"https:\/\/www.omrserrature.it\/fr\/#website"},"primaryImageOfPage":{"@id":"https:\/\/www.omrserrature.it\/fr\/produit\/serrure-universelle\/#primaryimage"},"image":{"@id":"https:\/\/www.omrserrature.it\/fr\/produit\/serrure-universelle\/#primaryimage"},"thumbnailUrl":"https:\/\/www.omrserrature.it\/wp-content\/uploads\/2017\/10\/serratura-universale-forcella.jpg","datePublished":"2009-10-17T13:34:00+00:00","dateModified":"2026-04-08T11:14:39+00:00","breadcrumb":{"@id":"https:\/\/www.omrserrature.it\/fr\/produit\/serrure-universelle\/#breadcrumb"},"inLanguage":"fr-FR","potentialAction":[{"@type":"ReadAction","target":["https:\/\/www.omrserrature.it\/fr\/produit\/serrure-universelle\/"]}]},{"@type":"ImageObject","inLanguage":"fr-FR","@id":"https:\/\/www.omrserrature.it\/fr\/produit\/serrure-universelle\/#primaryimage","url":"https:\/\/www.omrserrature.it\/wp-content\/uploads\/2017\/10\/serratura-universale-forcella.jpg","contentUrl":"https:\/\/www.omrserrature.it\/wp-content\/uploads\/2017\/10\/serratura-universale-forcella.jpg","width":382,"height":383,"caption":"La serrure universelle \u00e0 paillettes en acier inoxydable avec m\u00e9canisme \u00e0 paillettes"},{"@type":"BreadcrumbList","@id":"https:\/\/www.omrserrature.it\/fr\/produit\/serrure-universelle\/#breadcrumb","itemListElement":[{"@type":"ListItem","position":1,"name":"Home","item":"https:\/\/www.omrserrature.it\/fr\/omr-serrures-et-systemes-de-verrouillage\/"},{"@type":"ListItem","position":2,"name":"Catalogue","item":"https:\/\/www.omrserrature.it\/catalogue\/?lang=fr"},{"@type":"ListItem","position":3,"name":"Applications","item":"https:\/\/www.omrserrature.it\/fr\/catalogue\/applications\/"},{"@type":"ListItem","position":4,"name":"Serrure d'armoire conforme au r\u00e8glement GDPR","item":"https:\/\/www.omrserrature.it\/fr\/catalogue\/applications\/serrure-darmoire-conforme-au-reglement-gdpr\/"},{"@type":"ListItem","position":5,"name":"Serrure universelle"}]},{"@type":"WebSite","@id":"https:\/\/www.omrserrature.it\/fr\/#website","url":"https:\/\/www.omrserrature.it\/fr\/","name":"OMR Serrature | Produzione sistemi di chiusura","description":"Produzione serrature di sicurezza e sistemi di chiusura","publisher":{"@id":"https:\/\/www.omrserrature.it\/fr\/#organization"},"potentialAction":[{"@type":"SearchAction","target":{"@type":"EntryPoint","urlTemplate":"https:\/\/www.omrserrature.it\/fr\/?s={search_term_string}"},"query-input":{"@type":"PropertyValueSpecification","valueRequired":true,"valueName":"search_term_string"}}],"inLanguage":"fr-FR"},{"@type":"Organization","@id":"https:\/\/www.omrserrature.it\/fr\/#organization","name":"OMR Serrature | Produzione sistemi di chiusura","url":"https:\/\/www.omrserrature.it\/fr\/","logo":{"@type":"ImageObject","inLanguage":"fr-FR","@id":"https:\/\/www.omrserrature.it\/fr\/#\/schema\/logo\/image\/","url":"https:\/\/www.omrserrature.it\/wp-content\/uploads\/2017\/09\/favicon-omr-114.png","contentUrl":"https:\/\/www.omrserrature.it\/wp-content\/uploads\/2017\/09\/favicon-omr-114.png","width":114,"height":114,"caption":"OMR Serrature | Produzione sistemi di chiusura"},"image":{"@id":"https:\/\/www.omrserrature.it\/fr\/#\/schema\/logo\/image\/"},"sameAs":["https:\/\/www.facebook.com\/OMRserrature","https:\/\/www.linkedin.com\/company\/omrserrature\/","https:\/\/www.youtube.com\/channel\/UCxmA85z2R0EpG_6IRokiAkg"]}]}},"_links":{"self":[{"href":"https:\/\/www.omrserrature.it\/fr\/wp-json\/wp\/v2\/product\/242997","targetHints":{"allow":["GET"]}}],"collection":[{"href":"https:\/\/www.omrserrature.it\/fr\/wp-json\/wp\/v2\/product"}],"about":[{"href":"https:\/\/www.omrserrature.it\/fr\/wp-json\/wp\/v2\/types\/product"}],"replies":[{"embeddable":true,"href":"https:\/\/www.omrserrature.it\/fr\/wp-json\/wp\/v2\/comments?post=242997"}],"wp:featuredmedia":[{"embeddable":true,"href":"https:\/\/www.omrserrature.it\/fr\/wp-json\/wp\/v2\/media\/3372"}],"wp:attachment":[{"href":"https:\/\/www.omrserrature.it\/fr\/wp-json\/wp\/v2\/media?parent=242997"}],"wp:term":[{"taxonomy":"product_brand","embeddable":true,"href":"https:\/\/www.omrserrature.it\/fr\/wp-json\/wp\/v2\/product_brand?post=242997"},{"taxonomy":"product_cat","embeddable":true,"href":"https:\/\/www.omrserrature.it\/fr\/wp-json\/wp\/v2\/product_cat?post=242997"},{"taxonomy":"product_tag","embeddable":true,"href":"https:\/\/www.omrserrature.it\/fr\/wp-json\/wp\/v2\/product_tag?post=242997"}],"curies":[{"name":"wp","href":"https:\/\/api.w.org\/{rel}","templated":true}]}}