{"id":242987,"date":"2017-10-06T10:15:38","date_gmt":"2006-10-17T08:15:00","guid":{"rendered":"https:\/\/www.staging6.omrserrature.it\/prodotto\/serrure-tubulaire-avec-contact-electrique\/"},"modified":"2026-04-08T13:14:16","modified_gmt":"2026-04-08T11:14:16","slug":"serrure-tubulaire-avec-contact-electrique","status":"publish","type":"product","link":"https:\/\/www.omrserrature.it\/fr\/produit\/serrure-tubulaire-avec-contact-electrique\/","title":{"rendered":"Serrure tubulaire avec contact \u00e9lectrique \u00e0 ressort de rappel"},"content":{"rendered":"<p>La serrure \u00e0<strong> interrupteur monopolaire bistable<\/strong> avec retour par ressort et une sortie cl\u00e9, permet l&rsquo;activation ou la d\u00e9sactivation d&rsquo;un contr\u00f4le par une impulsion \u00e9lectrique. Le cylindre comporte des goupilles radiales d\u00e9plac\u00e9es au moyen d&rsquo;une<strong> cl\u00e9 tubulaire<\/strong>.<\/p>\n<p>  La <strong> cl\u00e9 ne peut \u00eatre retir\u00e9e qu&rsquo;en position ferm\u00e9e<\/strong>, ce qui garantit une plus grande attention de la part de l&rsquo;op\u00e9rateur et constitue \u00e9galement une Poign\u00e9e pratique. Le corps en m\u00e9tal chrom\u00e9 moul\u00e9 sous pression a une forme tronconique sp\u00e9ciale qui <strong>emp\u00eache le rodage \u00e0 l&rsquo;aide d&rsquo;une pince.<\/strong><\/p>\n<p>La serrure \u00e0 <strong>contact \u00e9lectrique<\/strong> \u00ab\u00a0micro switch\u00a0\u00bb trouve son application<strong> sur les panneaux d&rsquo;ascenseurs, les panneaux d&rsquo;entra\u00eenement de machines, les distributeurs automatiques et les machines de jeu.<\/strong><\/p>\n","protected":false},"excerpt":{"rendered":"<p>La serrure \u00e0<strong> interrupteur monopolaire bistable<\/strong> avec retour par ressort et <strong>sortie \u00e0 cl\u00e9 unique<\/strong> permet d&rsquo;activer ou de d\u00e9sactiver un came \u00e0 tenon au moyen d&rsquo;une<strong> impulsion \u00e9lectrique<\/strong>.<\/p>\n<p>Le cylindre comporte des goupilles radiales d\u00e9plac\u00e9es au moyen d&rsquo;une<strong> cl\u00e9 tubulaire<\/strong>.<\/p>\n","protected":false},"featured_media":3348,"comment_status":"open","ping_status":"closed","template":"","meta":{"_acf_changed":false,"_et_pb_use_builder":"","_et_pb_old_content":"","_et_gb_content_width":""},"product_brand":[],"product_cat":[3751,3657,3703,3704,3721,3637,3667],"product_tag":[],"class_list":{"0":"post-242987","1":"product","2":"type-product","3":"status-publish","4":"has-post-thumbnail","6":"product_cat-automatisation-et-domotique","7":"product_cat-serrures-a-contact-electrique","8":"product_cat-serrures-pour-interrupteurs","9":"product_cat-serrures-pour-lindustrie-electromecanique","10":"product_cat-serrures-pour-machines-a-sous","11":"product_cat-serrures-universelles-a-pistons","12":"product_cat-une-cle-speciale","14":"first","15":"instock","16":"shipping-taxable","17":"purchasable","18":"product-type-variable","19":"has-default-attributes"},"acf":{"pdf1":"https:\/\/www.omrserrature.it\/wp-content\/uploads\/2017\/10\/Scheda_tech_100868.pdf"},"yoast_head":"<!-- This site is optimized with the Yoast SEO plugin v27.2 - https:\/\/yoast.com\/product\/yoast-seo-wordpress\/ -->\n<title>Serrure avec contact \u00e9lectrique | Unipolaire bipolaire<\/title>\n<meta name=\"description\" content=\"Serrure d&#039;interrupteur monopolaire bistable avec retour par ressort et cl\u00e9 tubulaire. Contact micro-interrupteur pour appareillage, ascenseurs et machines.\" \/>\n<meta name=\"robots\" content=\"index, follow, max-snippet:-1, max-image-preview:large, max-video-preview:-1\" \/>\n<link rel=\"canonical\" href=\"https:\/\/www.omrserrature.it\/fr\/produit\/serrure-tubulaire-avec-contact-electrique\/\" \/>\n<meta property=\"og:locale\" content=\"fr_FR\" \/>\n<meta property=\"og:type\" content=\"article\" \/>\n<meta property=\"og:title\" content=\"Serrure avec contact \u00e9lectrique | Unipolaire bipolaire\" \/>\n<meta property=\"og:description\" content=\"Serrure d&#039;interrupteur monopolaire bistable avec retour par ressort et cl\u00e9 tubulaire. Contact micro-interrupteur pour appareillage, ascenseurs et machines.\" \/>\n<meta property=\"og:url\" content=\"https:\/\/www.omrserrature.it\/fr\/produit\/serrure-tubulaire-avec-contact-electrique\/\" \/>\n<meta property=\"og:site_name\" content=\"OMR Serrature | Produzione sistemi di chiusura\" \/>\n<meta property=\"article:publisher\" content=\"https:\/\/www.facebook.com\/OMRserrature\" \/>\n<meta property=\"article:modified_time\" content=\"2026-04-08T11:14:16+00:00\" \/>\n<meta property=\"og:image\" content=\"https:\/\/www.omrserrature.it\/wp-content\/uploads\/2017\/10\/serratura-tubolare-contatto-elettrico.jpg\" \/>\n\t<meta property=\"og:image:width\" content=\"503\" \/>\n\t<meta property=\"og:image:height\" content=\"406\" \/>\n\t<meta property=\"og:image:type\" content=\"image\/jpeg\" \/>\n<meta name=\"twitter:card\" content=\"summary_large_image\" \/>\n<meta name=\"twitter:label1\" content=\"Dur\u00e9e de lecture estim\u00e9e\" \/>\n\t<meta name=\"twitter:data1\" content=\"1 minute\" \/>\n<script type=\"application\/ld+json\" class=\"yoast-schema-graph\">{\"@context\":\"https:\/\/schema.org\",\"@graph\":[{\"@type\":\"WebPage\",\"@id\":\"https:\/\/www.omrserrature.it\/fr\/produit\/serrure-tubulaire-avec-contact-electrique\/\",\"url\":\"https:\/\/www.omrserrature.it\/fr\/produit\/serrure-tubulaire-avec-contact-electrique\/\",\"name\":\"Serrure avec contact \u00e9lectrique | Unipolaire bipolaire\",\"isPartOf\":{\"@id\":\"https:\/\/www.omrserrature.it\/fr\/#website\"},\"primaryImageOfPage\":{\"@id\":\"https:\/\/www.omrserrature.it\/fr\/produit\/serrure-tubulaire-avec-contact-electrique\/#primaryimage\"},\"image\":{\"@id\":\"https:\/\/www.omrserrature.it\/fr\/produit\/serrure-tubulaire-avec-contact-electrique\/#primaryimage\"},\"thumbnailUrl\":\"https:\/\/www.omrserrature.it\/wp-content\/uploads\/2017\/10\/serratura-tubolare-contatto-elettrico.jpg\",\"datePublished\":\"2006-10-17T08:15:00+00:00\",\"dateModified\":\"2026-04-08T11:14:16+00:00\",\"description\":\"Serrure d'interrupteur monopolaire bistable avec retour par ressort et cl\u00e9 tubulaire. Contact micro-interrupteur pour appareillage, ascenseurs et machines.\",\"breadcrumb\":{\"@id\":\"https:\/\/www.omrserrature.it\/fr\/produit\/serrure-tubulaire-avec-contact-electrique\/#breadcrumb\"},\"inLanguage\":\"fr-FR\",\"potentialAction\":[{\"@type\":\"ReadAction\",\"target\":[\"https:\/\/www.omrserrature.it\/fr\/produit\/serrure-tubulaire-avec-contact-electrique\/\"]}]},{\"@type\":\"ImageObject\",\"inLanguage\":\"fr-FR\",\"@id\":\"https:\/\/www.omrserrature.it\/fr\/produit\/serrure-tubulaire-avec-contact-electrique\/#primaryimage\",\"url\":\"https:\/\/www.omrserrature.it\/wp-content\/uploads\/2017\/10\/serratura-tubolare-contatto-elettrico.jpg\",\"contentUrl\":\"https:\/\/www.omrserrature.it\/wp-content\/uploads\/2017\/10\/serratura-tubolare-contatto-elettrico.jpg\",\"width\":503,\"height\":406,\"caption\":\"Serrure tubulaire avec contact \u00e9lectrique\"},{\"@type\":\"BreadcrumbList\",\"@id\":\"https:\/\/www.omrserrature.it\/fr\/produit\/serrure-tubulaire-avec-contact-electrique\/#breadcrumb\",\"itemListElement\":[{\"@type\":\"ListItem\",\"position\":1,\"name\":\"Home\",\"item\":\"https:\/\/www.omrserrature.it\/fr\/omr-serrures-et-systemes-de-verrouillage\/\"},{\"@type\":\"ListItem\",\"position\":2,\"name\":\"Catalogue\",\"item\":\"https:\/\/www.omrserrature.it\/catalogue\/?lang=fr\"},{\"@type\":\"ListItem\",\"position\":3,\"name\":\"Produits\",\"item\":\"https:\/\/www.omrserrature.it\/fr\/catalogue\/produits\/\"},{\"@type\":\"ListItem\",\"position\":4,\"name\":\"Serrures\",\"item\":\"https:\/\/www.omrserrature.it\/fr\/catalogue\/produits\/serrures\/\"},{\"@type\":\"ListItem\",\"position\":5,\"name\":\"Serrures universelles \u00e0 pistons\",\"item\":\"https:\/\/www.omrserrature.it\/fr\/catalogue\/produits\/serrures\/serrures-universelles-a-pistons\/\"},{\"@type\":\"ListItem\",\"position\":6,\"name\":\"Une cl\u00e9 sp\u00e9ciale\",\"item\":\"https:\/\/www.omrserrature.it\/fr\/catalogue\/produits\/serrures\/serrures-universelles-a-pistons\/une-cle-speciale\/\"},{\"@type\":\"ListItem\",\"position\":7,\"name\":\"Serrure tubulaire avec contact \u00e9lectrique \u00e0 ressort de rappel\"}]},{\"@type\":\"WebSite\",\"@id\":\"https:\/\/www.omrserrature.it\/fr\/#website\",\"url\":\"https:\/\/www.omrserrature.it\/fr\/\",\"name\":\"OMR Serrature | Produzione sistemi di chiusura\",\"description\":\"Produzione serrature di sicurezza e sistemi di chiusura\",\"publisher\":{\"@id\":\"https:\/\/www.omrserrature.it\/fr\/#organization\"},\"potentialAction\":[{\"@type\":\"SearchAction\",\"target\":{\"@type\":\"EntryPoint\",\"urlTemplate\":\"https:\/\/www.omrserrature.it\/fr\/?s={search_term_string}\"},\"query-input\":{\"@type\":\"PropertyValueSpecification\",\"valueRequired\":true,\"valueName\":\"search_term_string\"}}],\"inLanguage\":\"fr-FR\"},{\"@type\":\"Organization\",\"@id\":\"https:\/\/www.omrserrature.it\/fr\/#organization\",\"name\":\"OMR Serrature | Produzione sistemi di chiusura\",\"url\":\"https:\/\/www.omrserrature.it\/fr\/\",\"logo\":{\"@type\":\"ImageObject\",\"inLanguage\":\"fr-FR\",\"@id\":\"https:\/\/www.omrserrature.it\/fr\/#\/schema\/logo\/image\/\",\"url\":\"https:\/\/www.omrserrature.it\/wp-content\/uploads\/2017\/09\/favicon-omr-114.png\",\"contentUrl\":\"https:\/\/www.omrserrature.it\/wp-content\/uploads\/2017\/09\/favicon-omr-114.png\",\"width\":114,\"height\":114,\"caption\":\"OMR Serrature | Produzione sistemi di chiusura\"},\"image\":{\"@id\":\"https:\/\/www.omrserrature.it\/fr\/#\/schema\/logo\/image\/\"},\"sameAs\":[\"https:\/\/www.facebook.com\/OMRserrature\",\"https:\/\/www.linkedin.com\/company\/omrserrature\/\",\"https:\/\/www.youtube.com\/channel\/UCxmA85z2R0EpG_6IRokiAkg\"]}]}<\/script>\n<!-- \/ Yoast SEO plugin. -->","yoast_head_json":{"title":"Serrure avec contact \u00e9lectrique | Unipolaire bipolaire","description":"Serrure d'interrupteur monopolaire bistable avec retour par ressort et cl\u00e9 tubulaire. Contact micro-interrupteur pour appareillage, ascenseurs et machines.","robots":{"index":"index","follow":"follow","max-snippet":"max-snippet:-1","max-image-preview":"max-image-preview:large","max-video-preview":"max-video-preview:-1"},"canonical":"https:\/\/www.omrserrature.it\/fr\/produit\/serrure-tubulaire-avec-contact-electrique\/","og_locale":"fr_FR","og_type":"article","og_title":"Serrure avec contact \u00e9lectrique | Unipolaire bipolaire","og_description":"Serrure d'interrupteur monopolaire bistable avec retour par ressort et cl\u00e9 tubulaire. Contact micro-interrupteur pour appareillage, ascenseurs et machines.","og_url":"https:\/\/www.omrserrature.it\/fr\/produit\/serrure-tubulaire-avec-contact-electrique\/","og_site_name":"OMR Serrature | Produzione sistemi di chiusura","article_publisher":"https:\/\/www.facebook.com\/OMRserrature","article_modified_time":"2026-04-08T11:14:16+00:00","og_image":[{"width":503,"height":406,"url":"https:\/\/www.omrserrature.it\/wp-content\/uploads\/2017\/10\/serratura-tubolare-contatto-elettrico.jpg","type":"image\/jpeg"}],"twitter_card":"summary_large_image","twitter_misc":{"Dur\u00e9e de lecture estim\u00e9e":"1 minute"},"schema":{"@context":"https:\/\/schema.org","@graph":[{"@type":"WebPage","@id":"https:\/\/www.omrserrature.it\/fr\/produit\/serrure-tubulaire-avec-contact-electrique\/","url":"https:\/\/www.omrserrature.it\/fr\/produit\/serrure-tubulaire-avec-contact-electrique\/","name":"Serrure avec contact \u00e9lectrique | Unipolaire bipolaire","isPartOf":{"@id":"https:\/\/www.omrserrature.it\/fr\/#website"},"primaryImageOfPage":{"@id":"https:\/\/www.omrserrature.it\/fr\/produit\/serrure-tubulaire-avec-contact-electrique\/#primaryimage"},"image":{"@id":"https:\/\/www.omrserrature.it\/fr\/produit\/serrure-tubulaire-avec-contact-electrique\/#primaryimage"},"thumbnailUrl":"https:\/\/www.omrserrature.it\/wp-content\/uploads\/2017\/10\/serratura-tubolare-contatto-elettrico.jpg","datePublished":"2006-10-17T08:15:00+00:00","dateModified":"2026-04-08T11:14:16+00:00","description":"Serrure d'interrupteur monopolaire bistable avec retour par ressort et cl\u00e9 tubulaire. Contact micro-interrupteur pour appareillage, ascenseurs et machines.","breadcrumb":{"@id":"https:\/\/www.omrserrature.it\/fr\/produit\/serrure-tubulaire-avec-contact-electrique\/#breadcrumb"},"inLanguage":"fr-FR","potentialAction":[{"@type":"ReadAction","target":["https:\/\/www.omrserrature.it\/fr\/produit\/serrure-tubulaire-avec-contact-electrique\/"]}]},{"@type":"ImageObject","inLanguage":"fr-FR","@id":"https:\/\/www.omrserrature.it\/fr\/produit\/serrure-tubulaire-avec-contact-electrique\/#primaryimage","url":"https:\/\/www.omrserrature.it\/wp-content\/uploads\/2017\/10\/serratura-tubolare-contatto-elettrico.jpg","contentUrl":"https:\/\/www.omrserrature.it\/wp-content\/uploads\/2017\/10\/serratura-tubolare-contatto-elettrico.jpg","width":503,"height":406,"caption":"Serrure tubulaire avec contact \u00e9lectrique"},{"@type":"BreadcrumbList","@id":"https:\/\/www.omrserrature.it\/fr\/produit\/serrure-tubulaire-avec-contact-electrique\/#breadcrumb","itemListElement":[{"@type":"ListItem","position":1,"name":"Home","item":"https:\/\/www.omrserrature.it\/fr\/omr-serrures-et-systemes-de-verrouillage\/"},{"@type":"ListItem","position":2,"name":"Catalogue","item":"https:\/\/www.omrserrature.it\/catalogue\/?lang=fr"},{"@type":"ListItem","position":3,"name":"Produits","item":"https:\/\/www.omrserrature.it\/fr\/catalogue\/produits\/"},{"@type":"ListItem","position":4,"name":"Serrures","item":"https:\/\/www.omrserrature.it\/fr\/catalogue\/produits\/serrures\/"},{"@type":"ListItem","position":5,"name":"Serrures universelles \u00e0 pistons","item":"https:\/\/www.omrserrature.it\/fr\/catalogue\/produits\/serrures\/serrures-universelles-a-pistons\/"},{"@type":"ListItem","position":6,"name":"Une cl\u00e9 sp\u00e9ciale","item":"https:\/\/www.omrserrature.it\/fr\/catalogue\/produits\/serrures\/serrures-universelles-a-pistons\/une-cle-speciale\/"},{"@type":"ListItem","position":7,"name":"Serrure tubulaire avec contact \u00e9lectrique \u00e0 ressort de rappel"}]},{"@type":"WebSite","@id":"https:\/\/www.omrserrature.it\/fr\/#website","url":"https:\/\/www.omrserrature.it\/fr\/","name":"OMR Serrature | Produzione sistemi di chiusura","description":"Produzione serrature di sicurezza e sistemi di chiusura","publisher":{"@id":"https:\/\/www.omrserrature.it\/fr\/#organization"},"potentialAction":[{"@type":"SearchAction","target":{"@type":"EntryPoint","urlTemplate":"https:\/\/www.omrserrature.it\/fr\/?s={search_term_string}"},"query-input":{"@type":"PropertyValueSpecification","valueRequired":true,"valueName":"search_term_string"}}],"inLanguage":"fr-FR"},{"@type":"Organization","@id":"https:\/\/www.omrserrature.it\/fr\/#organization","name":"OMR Serrature | Produzione sistemi di chiusura","url":"https:\/\/www.omrserrature.it\/fr\/","logo":{"@type":"ImageObject","inLanguage":"fr-FR","@id":"https:\/\/www.omrserrature.it\/fr\/#\/schema\/logo\/image\/","url":"https:\/\/www.omrserrature.it\/wp-content\/uploads\/2017\/09\/favicon-omr-114.png","contentUrl":"https:\/\/www.omrserrature.it\/wp-content\/uploads\/2017\/09\/favicon-omr-114.png","width":114,"height":114,"caption":"OMR Serrature | Produzione sistemi di chiusura"},"image":{"@id":"https:\/\/www.omrserrature.it\/fr\/#\/schema\/logo\/image\/"},"sameAs":["https:\/\/www.facebook.com\/OMRserrature","https:\/\/www.linkedin.com\/company\/omrserrature\/","https:\/\/www.youtube.com\/channel\/UCxmA85z2R0EpG_6IRokiAkg"]}]}},"_links":{"self":[{"href":"https:\/\/www.omrserrature.it\/fr\/wp-json\/wp\/v2\/product\/242987","targetHints":{"allow":["GET"]}}],"collection":[{"href":"https:\/\/www.omrserrature.it\/fr\/wp-json\/wp\/v2\/product"}],"about":[{"href":"https:\/\/www.omrserrature.it\/fr\/wp-json\/wp\/v2\/types\/product"}],"replies":[{"embeddable":true,"href":"https:\/\/www.omrserrature.it\/fr\/wp-json\/wp\/v2\/comments?post=242987"}],"wp:featuredmedia":[{"embeddable":true,"href":"https:\/\/www.omrserrature.it\/fr\/wp-json\/wp\/v2\/media\/3348"}],"wp:attachment":[{"href":"https:\/\/www.omrserrature.it\/fr\/wp-json\/wp\/v2\/media?parent=242987"}],"wp:term":[{"taxonomy":"product_brand","embeddable":true,"href":"https:\/\/www.omrserrature.it\/fr\/wp-json\/wp\/v2\/product_brand?post=242987"},{"taxonomy":"product_cat","embeddable":true,"href":"https:\/\/www.omrserrature.it\/fr\/wp-json\/wp\/v2\/product_cat?post=242987"},{"taxonomy":"product_tag","embeddable":true,"href":"https:\/\/www.omrserrature.it\/fr\/wp-json\/wp\/v2\/product_tag?post=242987"}],"curies":[{"name":"wp","href":"https:\/\/api.w.org\/{rel}","templated":true}]}}