{"id":242981,"date":"2017-10-06T10:05:18","date_gmt":"2006-10-17T08:05:00","guid":{"rendered":"https:\/\/www.staging6.omrserrature.it\/prodotto\/serrure-tubulaire\/"},"modified":"2026-04-08T13:12:45","modified_gmt":"2026-04-08T11:12:45","slug":"serrure-tubulaire","status":"publish","type":"product","link":"https:\/\/www.omrserrature.it\/fr\/produit\/serrure-tubulaire\/","title":{"rendered":"Serrure tubulaire"},"content":{"rendered":"<p><strong>La serrure tubulaire<\/strong> comporte des goupilles radiales d\u00e9plac\u00e9es au moyen d&rsquo;une<strong> cl\u00e9 tubulaire<\/strong>. La cl\u00e9 ne peut \u00eatre retir\u00e9e qu&rsquo;en position ferm\u00e9e, ce qui garantit une plus grande attention de la part de l&rsquo;op\u00e9rateur et constitue une Poign\u00e9e pratique. Le corps en m\u00e9tal moul\u00e9 sous pression chrom\u00e9 a une forme tronconique sp\u00e9ciale qui <strong>emp\u00eache l&rsquo;effraction \u00e0 l&rsquo;aide d&rsquo;une pince.<\/strong>  <\/p>\n<p>Sa boucle de fixation arri\u00e8re permet \u00e9galement d&rsquo;installer divers <strong>cames droites, coud\u00e9es ou \u00e0 crochet<\/strong>, ainsi que des cames <strong>multipoints<\/strong> pour le d\u00e9placement des tringles de translation (vers le haut et vers le bas), ou encore des commandes de <strong>fermeture multiples et centralis\u00e9es<\/strong>.<\/p>\n<p>La serrure \u00e0 <strong>goupilles radiales<\/strong> est particuli\u00e8rement adapt\u00e9e au verrouillage des <strong>caisses, des cages d&rsquo;ascenseur, des caves \u00e0 vin, des distributeurs automatiques et des machines d&rsquo;amusement, des tourniquets, des mini coffres-forts dissimul\u00e9s ou camoufl\u00e9s, des r\u00e2teliers \u00e0 fusils sur les camions et les v\u00e9hicules blind\u00e9s.<\/strong><\/p>\n","protected":false},"excerpt":{"rendered":"<p><strong>La serrure tubulaire<\/strong> comporte des goupilles radiales d\u00e9plac\u00e9es au moyen d&rsquo;une<strong> cl\u00e9 tubulaire<\/strong>.<\/p>\n<p>La <strong>cl\u00e9 ne peut \u00eatre retir\u00e9e qu&rsquo;en position ferm\u00e9e<\/strong>, ce qui garantit une plus grande attention de la part de l&rsquo;op\u00e9rateur et constitue une Poign\u00e9e pratique. Le corps en m\u00e9tal moul\u00e9 sous pression chrom\u00e9 a une forme tronconique sp\u00e9ciale pour <strong>\u00e9viter le rodage \u00e0 l&rsquo;aide d&rsquo;une pince<\/strong>.<\/p>\n","protected":false},"featured_media":3342,"comment_status":"open","ping_status":"closed","template":"","meta":{"_acf_changed":false,"_et_pb_use_builder":"","_et_pb_old_content":"","_et_gb_content_width":""},"product_brand":[],"product_cat":[3756,3746,3687,3696,3722,3693,3732,3733,3715,3720,3705,3703,3704,3698,3721,3716,3690,3652,3637,3744,3667],"product_tag":[],"class_list":{"0":"post-242981","1":"product","2":"type-product","3":"status-publish","4":"has-post-thumbnail","6":"product_cat-architecture-urbanisme-et-design","7":"product_cat-automobile-et-transport","8":"product_cat-serrures-a-came","9":"product_cat-serrures-de-machines","10":"product_cat-serrures-de-portes","11":"product_cat-serrures-de-securite","12":"product_cat-serrures-de-securite-pour-meubles","13":"product_cat-serrures-pour-carrosseries-frigorifiques","14":"product_cat-serrures-pour-coffres-forts","15":"product_cat-serrures-pour-distributeurs-automatiques","16":"product_cat-serrures-pour-entrepots-automatiques","17":"product_cat-serrures-pour-interrupteurs","18":"product_cat-serrures-pour-lindustrie-electromecanique","19":"product_cat-serrures-pour-les-moyens-de-transport","20":"product_cat-serrures-pour-machines-a-sous","21":"product_cat-serrures-pour-rateliers-a-fusils","22":"product_cat-serrures-professionnelles-pour-meubles","23":"product_cat-serrures-reprogrammables","24":"product_cat-serrures-universelles-a-pistons","25":"product_cat-systemes-de-fermeture-de-securite","26":"product_cat-une-cle-speciale","28":"first","29":"instock","30":"shipping-taxable","31":"product-type-simple"},"acf":{"pdf1":"https:\/\/www.omrserrature.it\/wp-content\/uploads\/schede\/Scheda_100852.pdf"},"yoast_head":"<!-- This site is optimized with the Yoast SEO plugin v27.5 - https:\/\/yoast.com\/product\/yoast-seo-wordpress\/ -->\n<title>Serrure tubulaire - OMR Serrature<\/title>\n<meta name=\"robots\" content=\"index, follow, max-snippet:-1, max-image-preview:large, max-video-preview:-1\" \/>\n<link rel=\"canonical\" href=\"https:\/\/www.omrserrature.it\/fr\/produit\/serrure-tubulaire\/\" \/>\n<meta property=\"og:locale\" content=\"fr_FR\" \/>\n<meta property=\"og:type\" content=\"article\" \/>\n<meta property=\"og:title\" content=\"Serrure tubulaire - OMR Serrature\" \/>\n<meta property=\"og:description\" content=\"La serrure tubulaire comporte des goupilles radiales d\u00e9plac\u00e9es au moyen d&#039;une cl\u00e9 tubulaire. La cl\u00e9 ne peut \u00eatre retir\u00e9e qu&#039;en position ferm\u00e9e, ce qui garantit une plus grande attention de la part de l&#039;op\u00e9rateur et constitue une Poign\u00e9e pratique. Le corps en m\u00e9tal moul\u00e9 sous pression chrom\u00e9 a une forme tronconique sp\u00e9ciale pour \u00e9viter le rodage \u00e0 l&#039;aide d&#039;une pince.\" \/>\n<meta property=\"og:url\" content=\"https:\/\/www.omrserrature.it\/fr\/produit\/serrure-tubulaire\/\" \/>\n<meta property=\"og:site_name\" content=\"OMR Serrature | Produzione sistemi di chiusura\" \/>\n<meta property=\"article:publisher\" content=\"https:\/\/www.facebook.com\/OMRserrature\" \/>\n<meta property=\"article:modified_time\" content=\"2026-04-08T11:12:45+00:00\" \/>\n<meta property=\"og:image\" content=\"https:\/\/www.omrserrature.it\/wp-content\/uploads\/2017\/10\/serratura-tubolare.jpg\" \/>\n\t<meta property=\"og:image:width\" content=\"413\" \/>\n\t<meta property=\"og:image:height\" content=\"402\" \/>\n\t<meta property=\"og:image:type\" content=\"image\/jpeg\" \/>\n<meta name=\"twitter:card\" content=\"summary_large_image\" \/>\n<meta name=\"twitter:label1\" content=\"Dur\u00e9e de lecture estim\u00e9e\" \/>\n\t<meta name=\"twitter:data1\" content=\"1 minute\" \/>\n<script type=\"application\/ld+json\" class=\"yoast-schema-graph\">{\"@context\":\"https:\\\/\\\/schema.org\",\"@graph\":[{\"@type\":\"WebPage\",\"@id\":\"https:\\\/\\\/www.omrserrature.it\\\/fr\\\/produit\\\/serrure-tubulaire\\\/\",\"url\":\"https:\\\/\\\/www.omrserrature.it\\\/fr\\\/produit\\\/serrure-tubulaire\\\/\",\"name\":\"Serrure tubulaire - OMR Serrature\",\"isPartOf\":{\"@id\":\"https:\\\/\\\/www.omrserrature.it\\\/fr\\\/#website\"},\"primaryImageOfPage\":{\"@id\":\"https:\\\/\\\/www.omrserrature.it\\\/fr\\\/produit\\\/serrure-tubulaire\\\/#primaryimage\"},\"image\":{\"@id\":\"https:\\\/\\\/www.omrserrature.it\\\/fr\\\/produit\\\/serrure-tubulaire\\\/#primaryimage\"},\"thumbnailUrl\":\"https:\\\/\\\/www.omrserrature.it\\\/wp-content\\\/uploads\\\/2017\\\/10\\\/serratura-tubolare.jpg\",\"datePublished\":\"2006-10-17T08:05:00+00:00\",\"dateModified\":\"2026-04-08T11:12:45+00:00\",\"breadcrumb\":{\"@id\":\"https:\\\/\\\/www.omrserrature.it\\\/fr\\\/produit\\\/serrure-tubulaire\\\/#breadcrumb\"},\"inLanguage\":\"fr-FR\",\"potentialAction\":[{\"@type\":\"ReadAction\",\"target\":[\"https:\\\/\\\/www.omrserrature.it\\\/fr\\\/produit\\\/serrure-tubulaire\\\/\"]}]},{\"@type\":\"ImageObject\",\"inLanguage\":\"fr-FR\",\"@id\":\"https:\\\/\\\/www.omrserrature.it\\\/fr\\\/produit\\\/serrure-tubulaire\\\/#primaryimage\",\"url\":\"https:\\\/\\\/www.omrserrature.it\\\/wp-content\\\/uploads\\\/2017\\\/10\\\/serratura-tubolare.jpg\",\"contentUrl\":\"https:\\\/\\\/www.omrserrature.it\\\/wp-content\\\/uploads\\\/2017\\\/10\\\/serratura-tubolare.jpg\",\"width\":413,\"height\":402,\"caption\":\"Serrure tubulaire. Serrure \u00e0 goupilles radiales \\\/ goupilles radiales\"},{\"@type\":\"BreadcrumbList\",\"@id\":\"https:\\\/\\\/www.omrserrature.it\\\/fr\\\/produit\\\/serrure-tubulaire\\\/#breadcrumb\",\"itemListElement\":[{\"@type\":\"ListItem\",\"position\":1,\"name\":\"Home\",\"item\":\"https:\\\/\\\/www.omrserrature.it\\\/fr\\\/omr-serrures-et-systemes-de-verrouillage\\\/\"},{\"@type\":\"ListItem\",\"position\":2,\"name\":\"Catalogue\",\"item\":\"https:\\\/\\\/www.omrserrature.it\\\/catalogue\\\/?lang=fr\"},{\"@type\":\"ListItem\",\"position\":3,\"name\":\"Produits\",\"item\":\"https:\\\/\\\/www.omrserrature.it\\\/fr\\\/catalogue\\\/produits\\\/\"},{\"@type\":\"ListItem\",\"position\":4,\"name\":\"Serrures\",\"item\":\"https:\\\/\\\/www.omrserrature.it\\\/fr\\\/catalogue\\\/produits\\\/serrures\\\/\"},{\"@type\":\"ListItem\",\"position\":5,\"name\":\"Serrures universelles \u00e0 pistons\",\"item\":\"https:\\\/\\\/www.omrserrature.it\\\/fr\\\/catalogue\\\/produits\\\/serrures\\\/serrures-universelles-a-pistons\\\/\"},{\"@type\":\"ListItem\",\"position\":6,\"name\":\"Une cl\u00e9 sp\u00e9ciale\",\"item\":\"https:\\\/\\\/www.omrserrature.it\\\/fr\\\/catalogue\\\/produits\\\/serrures\\\/serrures-universelles-a-pistons\\\/une-cle-speciale\\\/\"},{\"@type\":\"ListItem\",\"position\":7,\"name\":\"Serrure tubulaire\"}]},{\"@type\":\"WebSite\",\"@id\":\"https:\\\/\\\/www.omrserrature.it\\\/fr\\\/#website\",\"url\":\"https:\\\/\\\/www.omrserrature.it\\\/fr\\\/\",\"name\":\"OMR Serrature | Produzione sistemi di chiusura\",\"description\":\"Produzione serrature di sicurezza e sistemi di chiusura\",\"publisher\":{\"@id\":\"https:\\\/\\\/www.omrserrature.it\\\/fr\\\/#organization\"},\"potentialAction\":[{\"@type\":\"SearchAction\",\"target\":{\"@type\":\"EntryPoint\",\"urlTemplate\":\"https:\\\/\\\/www.omrserrature.it\\\/fr\\\/?s={search_term_string}\"},\"query-input\":{\"@type\":\"PropertyValueSpecification\",\"valueRequired\":true,\"valueName\":\"search_term_string\"}}],\"inLanguage\":\"fr-FR\"},{\"@type\":\"Organization\",\"@id\":\"https:\\\/\\\/www.omrserrature.it\\\/fr\\\/#organization\",\"name\":\"OMR Serrature | Produzione sistemi di chiusura\",\"url\":\"https:\\\/\\\/www.omrserrature.it\\\/fr\\\/\",\"logo\":{\"@type\":\"ImageObject\",\"inLanguage\":\"fr-FR\",\"@id\":\"https:\\\/\\\/www.omrserrature.it\\\/fr\\\/#\\\/schema\\\/logo\\\/image\\\/\",\"url\":\"https:\\\/\\\/www.omrserrature.it\\\/wp-content\\\/uploads\\\/2017\\\/09\\\/favicon-omr-114.png\",\"contentUrl\":\"https:\\\/\\\/www.omrserrature.it\\\/wp-content\\\/uploads\\\/2017\\\/09\\\/favicon-omr-114.png\",\"width\":114,\"height\":114,\"caption\":\"OMR Serrature | Produzione sistemi di chiusura\"},\"image\":{\"@id\":\"https:\\\/\\\/www.omrserrature.it\\\/fr\\\/#\\\/schema\\\/logo\\\/image\\\/\"},\"sameAs\":[\"https:\\\/\\\/www.facebook.com\\\/OMRserrature\",\"https:\\\/\\\/www.linkedin.com\\\/company\\\/omrserrature\\\/\",\"https:\\\/\\\/www.youtube.com\\\/channel\\\/UCxmA85z2R0EpG_6IRokiAkg\"]}]}<\/script>\n<!-- \/ Yoast SEO plugin. -->","yoast_head_json":{"title":"Serrure tubulaire - OMR Serrature","robots":{"index":"index","follow":"follow","max-snippet":"max-snippet:-1","max-image-preview":"max-image-preview:large","max-video-preview":"max-video-preview:-1"},"canonical":"https:\/\/www.omrserrature.it\/fr\/produit\/serrure-tubulaire\/","og_locale":"fr_FR","og_type":"article","og_title":"Serrure tubulaire - OMR Serrature","og_description":"La serrure tubulaire comporte des goupilles radiales d\u00e9plac\u00e9es au moyen d'une cl\u00e9 tubulaire. La cl\u00e9 ne peut \u00eatre retir\u00e9e qu'en position ferm\u00e9e, ce qui garantit une plus grande attention de la part de l'op\u00e9rateur et constitue une Poign\u00e9e pratique. Le corps en m\u00e9tal moul\u00e9 sous pression chrom\u00e9 a une forme tronconique sp\u00e9ciale pour \u00e9viter le rodage \u00e0 l'aide d'une pince.","og_url":"https:\/\/www.omrserrature.it\/fr\/produit\/serrure-tubulaire\/","og_site_name":"OMR Serrature | Produzione sistemi di chiusura","article_publisher":"https:\/\/www.facebook.com\/OMRserrature","article_modified_time":"2026-04-08T11:12:45+00:00","og_image":[{"width":413,"height":402,"url":"https:\/\/www.omrserrature.it\/wp-content\/uploads\/2017\/10\/serratura-tubolare.jpg","type":"image\/jpeg"}],"twitter_card":"summary_large_image","twitter_misc":{"Dur\u00e9e de lecture estim\u00e9e":"1 minute"},"schema":{"@context":"https:\/\/schema.org","@graph":[{"@type":"WebPage","@id":"https:\/\/www.omrserrature.it\/fr\/produit\/serrure-tubulaire\/","url":"https:\/\/www.omrserrature.it\/fr\/produit\/serrure-tubulaire\/","name":"Serrure tubulaire - OMR Serrature","isPartOf":{"@id":"https:\/\/www.omrserrature.it\/fr\/#website"},"primaryImageOfPage":{"@id":"https:\/\/www.omrserrature.it\/fr\/produit\/serrure-tubulaire\/#primaryimage"},"image":{"@id":"https:\/\/www.omrserrature.it\/fr\/produit\/serrure-tubulaire\/#primaryimage"},"thumbnailUrl":"https:\/\/www.omrserrature.it\/wp-content\/uploads\/2017\/10\/serratura-tubolare.jpg","datePublished":"2006-10-17T08:05:00+00:00","dateModified":"2026-04-08T11:12:45+00:00","breadcrumb":{"@id":"https:\/\/www.omrserrature.it\/fr\/produit\/serrure-tubulaire\/#breadcrumb"},"inLanguage":"fr-FR","potentialAction":[{"@type":"ReadAction","target":["https:\/\/www.omrserrature.it\/fr\/produit\/serrure-tubulaire\/"]}]},{"@type":"ImageObject","inLanguage":"fr-FR","@id":"https:\/\/www.omrserrature.it\/fr\/produit\/serrure-tubulaire\/#primaryimage","url":"https:\/\/www.omrserrature.it\/wp-content\/uploads\/2017\/10\/serratura-tubolare.jpg","contentUrl":"https:\/\/www.omrserrature.it\/wp-content\/uploads\/2017\/10\/serratura-tubolare.jpg","width":413,"height":402,"caption":"Serrure tubulaire. Serrure \u00e0 goupilles radiales \/ goupilles radiales"},{"@type":"BreadcrumbList","@id":"https:\/\/www.omrserrature.it\/fr\/produit\/serrure-tubulaire\/#breadcrumb","itemListElement":[{"@type":"ListItem","position":1,"name":"Home","item":"https:\/\/www.omrserrature.it\/fr\/omr-serrures-et-systemes-de-verrouillage\/"},{"@type":"ListItem","position":2,"name":"Catalogue","item":"https:\/\/www.omrserrature.it\/catalogue\/?lang=fr"},{"@type":"ListItem","position":3,"name":"Produits","item":"https:\/\/www.omrserrature.it\/fr\/catalogue\/produits\/"},{"@type":"ListItem","position":4,"name":"Serrures","item":"https:\/\/www.omrserrature.it\/fr\/catalogue\/produits\/serrures\/"},{"@type":"ListItem","position":5,"name":"Serrures universelles \u00e0 pistons","item":"https:\/\/www.omrserrature.it\/fr\/catalogue\/produits\/serrures\/serrures-universelles-a-pistons\/"},{"@type":"ListItem","position":6,"name":"Une cl\u00e9 sp\u00e9ciale","item":"https:\/\/www.omrserrature.it\/fr\/catalogue\/produits\/serrures\/serrures-universelles-a-pistons\/une-cle-speciale\/"},{"@type":"ListItem","position":7,"name":"Serrure tubulaire"}]},{"@type":"WebSite","@id":"https:\/\/www.omrserrature.it\/fr\/#website","url":"https:\/\/www.omrserrature.it\/fr\/","name":"OMR Serrature | Produzione sistemi di chiusura","description":"Produzione serrature di sicurezza e sistemi di chiusura","publisher":{"@id":"https:\/\/www.omrserrature.it\/fr\/#organization"},"potentialAction":[{"@type":"SearchAction","target":{"@type":"EntryPoint","urlTemplate":"https:\/\/www.omrserrature.it\/fr\/?s={search_term_string}"},"query-input":{"@type":"PropertyValueSpecification","valueRequired":true,"valueName":"search_term_string"}}],"inLanguage":"fr-FR"},{"@type":"Organization","@id":"https:\/\/www.omrserrature.it\/fr\/#organization","name":"OMR Serrature | Produzione sistemi di chiusura","url":"https:\/\/www.omrserrature.it\/fr\/","logo":{"@type":"ImageObject","inLanguage":"fr-FR","@id":"https:\/\/www.omrserrature.it\/fr\/#\/schema\/logo\/image\/","url":"https:\/\/www.omrserrature.it\/wp-content\/uploads\/2017\/09\/favicon-omr-114.png","contentUrl":"https:\/\/www.omrserrature.it\/wp-content\/uploads\/2017\/09\/favicon-omr-114.png","width":114,"height":114,"caption":"OMR Serrature | Produzione sistemi di chiusura"},"image":{"@id":"https:\/\/www.omrserrature.it\/fr\/#\/schema\/logo\/image\/"},"sameAs":["https:\/\/www.facebook.com\/OMRserrature","https:\/\/www.linkedin.com\/company\/omrserrature\/","https:\/\/www.youtube.com\/channel\/UCxmA85z2R0EpG_6IRokiAkg"]}]}},"_links":{"self":[{"href":"https:\/\/www.omrserrature.it\/fr\/wp-json\/wp\/v2\/product\/242981","targetHints":{"allow":["GET"]}}],"collection":[{"href":"https:\/\/www.omrserrature.it\/fr\/wp-json\/wp\/v2\/product"}],"about":[{"href":"https:\/\/www.omrserrature.it\/fr\/wp-json\/wp\/v2\/types\/product"}],"replies":[{"embeddable":true,"href":"https:\/\/www.omrserrature.it\/fr\/wp-json\/wp\/v2\/comments?post=242981"}],"wp:featuredmedia":[{"embeddable":true,"href":"https:\/\/www.omrserrature.it\/fr\/wp-json\/wp\/v2\/media\/3342"}],"wp:attachment":[{"href":"https:\/\/www.omrserrature.it\/fr\/wp-json\/wp\/v2\/media?parent=242981"}],"wp:term":[{"taxonomy":"product_brand","embeddable":true,"href":"https:\/\/www.omrserrature.it\/fr\/wp-json\/wp\/v2\/product_brand?post=242981"},{"taxonomy":"product_cat","embeddable":true,"href":"https:\/\/www.omrserrature.it\/fr\/wp-json\/wp\/v2\/product_cat?post=242981"},{"taxonomy":"product_tag","embeddable":true,"href":"https:\/\/www.omrserrature.it\/fr\/wp-json\/wp\/v2\/product_tag?post=242981"}],"curies":[{"name":"wp","href":"https:\/\/api.w.org\/{rel}","templated":true}]}}