{"id":242971,"date":"2017-10-10T14:58:52","date_gmt":"2010-10-17T12:58:00","guid":{"rendered":"https:\/\/www.staging6.omrserrature.it\/prodotto\/serrure-de-tete-surdimensionnee\/"},"modified":"2026-04-08T13:15:12","modified_gmt":"2026-04-08T11:15:12","slug":"serrure-de-tete-surdimensionnee","status":"publish","type":"product","link":"https:\/\/www.omrserrature.it\/fr\/produit\/serrure-de-tete-surdimensionnee\/","title":{"rendered":"Serrure de t\u00eate surdimensionn\u00e9e"},"content":{"rendered":"<p>La <strong>serrure universelle<\/strong> \u00e0 paillettes \u00e0 m\u00e9canisme \u00e0 paillettes et \u00e0 <strong>t\u00eate surdimensionn\u00e9e<\/strong>, amicalement appel\u00e9e \u00ab\u00a0pawl\u00a0\u00bb, fait partie des serrures les plus populaires dans tous les domaines. La cl\u00e9 en laiton nickel\u00e9 d\u00e9place le rotor central \u00e0 lamelles situ\u00e9 \u00e0 l&rsquo;int\u00e9rieur d&rsquo;une bo\u00eete en alliage de zinc appel\u00e9e stator, bague ou corps. Le diam\u00e8tre est frais\u00e9 sur deux c\u00f4t\u00e9s oppos\u00e9s (plaques lat\u00e9rales) formant un double D pour emp\u00eacher la rotation de la serrure dans le si\u00e8ge d&rsquo;installation. L&rsquo;actionnement du <strong>came arri\u00e8re<\/strong> d\u00e9termine la fermeture ou l&rsquo;ouverture de la serrure batteuse. <strong>La taille \u00e9largie de la culasse conf\u00e8re une plus grande robustesse \u00e0 la serrure, augmentant ainsi sa r\u00e9sistance et sa s\u00e9curit\u00e9.<\/strong><\/p>\n<p>Le corps et le rotor de la serrure \u00e0 levier sont en alliage de zinc, tandis que la came est en acier. L&#8217;embout carr\u00e9 de 7 mm permet l&rsquo;installation d&rsquo;une vari\u00e9t\u00e9 de <strong>cames droites, coud\u00e9es ou \u00e0 crochets<\/strong>, ainsi que de cames multipli\u00e9es pour le mouvement des tringles. Les diff\u00e9rentes versions permettent <strong>diff\u00e9rentes rotations<\/strong>, des \u00e9paisseurs de porte de 0,5 \u00e0 27 mm, et le retrait de la cl\u00e9 en position ouverte et ferm\u00e9e (ou seulement dans l&rsquo;un des deux cas).   Le <strong>corps<\/strong> enti\u00e8rement <strong>filet\u00e9<\/strong> permet une fixation par <strong>\u00e9crou<\/strong>, mais aussi par fourchette ou clip pour une<strong>installation rapide <\/strong><strong><span style=\"font-weight: normal;\">sur des feuilles d&rsquo;acier, d&rsquo;aluminium ou de plastique<\/span><\/strong>.<\/p>\n<p><strong>La serrure universelle \u00e0 came surdimensionn\u00e9e<\/strong> est id\u00e9ale pour les installations dans les meubles de bureau, les armoires \u00e0 casiers, les portes m\u00e9talliques, les armoires en m\u00e9lamine, les armoires HPL, les armoires MDF, les portes, les articles de menuiserie, les bo\u00eetes en t\u00f4le, les syst\u00e8mes de distribution automatique et de lavage de voitures, les machines, les pupitres et les panneaux de commande.<\/p>\n","protected":false},"excerpt":{"rendered":"<p>La <strong>serrure universelle<\/strong> \u00e0 came avec m\u00e9canisme \u00e0 paillettes et <strong>t\u00eate surdimensionn\u00e9e<\/strong>, amicalement appel\u00e9e \u00ab\u00a0pawl\u00a0\u00bb, fait partie des serrures les plus populaires dans de nombreux domaines. L&rsquo;augmentation de la taille de la t\u00eate du cylindre conf\u00e8re une plus grande<strong> robustesse \u00e0 la serrure, augmentant ainsi sa r\u00e9sistance et sa s\u00e9curit\u00e9.<\/strong> <\/p>\n<p>Disponible en version \u00e0 cl\u00e9s diff\u00e9rentes<strong>(KD<\/strong>) ou \u00e0 cl\u00e9s identiques<strong>(KA)<\/strong>.<\/p>\n","protected":false},"featured_media":3336,"comment_status":"open","ping_status":"closed","template":"","meta":{"_acf_changed":false,"_et_pb_use_builder":"","_et_pb_old_content":"","_et_gb_content_width":""},"product_brand":[],"product_cat":[3756,3751,3750,3738,3726,3755,3699,3664,3638,3687,3658,3650,3691,3717,3696,3723,3722,3693,3732,3710,3709,3711,3714,3713,3719,3729,3718,3712,3692,3715,3707,3705,3703,3704,3694,3702,3721,3697,3728,3701,3716,3690,3748],"product_tag":[],"class_list":{"0":"post-242971","1":"product","2":"type-product","3":"status-publish","4":"has-post-thumbnail","6":"product_cat-architecture-urbanisme-et-design","7":"product_cat-automatisation-et-domotique","8":"product_cat-banque-et-poste","9":"product_cat-battant","10":"product_cat-des-serrures-pour-des-serrures","11":"product_cat-hopitaux-et-soins-de-sante","12":"product_cat-serrure-darmoire-conforme-au-reglement-gdpr","13":"product_cat-serrure-etanche-inox","14":"product_cat-serrure-universelle-a-paillettes","15":"product_cat-serrures-a-came","16":"product_cat-serrures-a-passe-partout","17":"product_cat-serrures-avec-barillet-interchangeable","18":"product_cat-serrures-darmoires","19":"product_cat-serrures-de-boites-aux-lettres","20":"product_cat-serrures-de-machines","21":"product_cat-serrures-de-panneaux","22":"product_cat-serrures-de-portes","23":"product_cat-serrures-de-securite","24":"product_cat-serrures-de-securite-pour-meubles","25":"product_cat-serrures-pour-armoires-a-epi","26":"product_cat-serrures-pour-armoires-a-substances-dangereuses","27":"product_cat-serrures-pour-armoires-de-balcon","28":"product_cat-serrures-pour-armoires-industrielles","29":"product_cat-serrures-pour-armoires-phytosanitaires","30":"product_cat-serrures-pour-boites-postales","31":"product_cat-serrures-pour-casiers","32":"product_cat-serrures-pour-casiers-a-colis","33":"product_cat-serrures-pour-casiers-a-skis","34":"product_cat-serrures-pour-chariots-professionnels","35":"product_cat-serrures-pour-coffres-forts","36":"product_cat-serrures-pour-distributeurs","37":"product_cat-serrures-pour-entrepots-automatiques","38":"product_cat-serrures-pour-interrupteurs","39":"product_cat-serrures-pour-lindustrie-electromecanique","40":"product_cat-serrures-pour-les-boites-aux-lettres","41":"product_cat-serrures-pour-les-portes-des-panneaux-lateraux","42":"product_cat-serrures-pour-machines-a-sous","43":"product_cat-serrures-pour-meubles","44":"product_cat-serrures-pour-panneaux-de-signalisation","45":"product_cat-serrures-pour-portes-darmoires-frontales","46":"product_cat-serrures-pour-rateliers-a-fusils","47":"product_cat-serrures-professionnelles-pour-meubles","48":"product_cat-systemes-de-fermeture-pour-lindustrie","50":"first","51":"instock","52":"shipping-taxable","53":"purchasable","54":"product-type-variable","55":"has-default-attributes"},"acf":{"pdf1":"https:\/\/www.omrserrature.it\/wp-content\/uploads\/2017\/10\/Scheda-165595.pdf"},"yoast_head":"<!-- This site is optimized with the Yoast SEO plugin v27.2 - https:\/\/yoast.com\/product\/yoast-seo-wordpress\/ -->\n<title>Serrure de t\u00eate surdimensionn\u00e9e - OMR Serrature<\/title>\n<meta name=\"robots\" content=\"index, follow, max-snippet:-1, max-image-preview:large, max-video-preview:-1\" \/>\n<link rel=\"canonical\" href=\"https:\/\/www.omrserrature.it\/fr\/produit\/serrure-de-tete-surdimensionnee\/\" \/>\n<meta property=\"og:locale\" content=\"fr_FR\" \/>\n<meta property=\"og:type\" content=\"article\" \/>\n<meta property=\"og:title\" content=\"Serrure de t\u00eate surdimensionn\u00e9e - OMR Serrature\" \/>\n<meta property=\"og:description\" content=\"La serrure universelle \u00e0 came avec m\u00e9canisme \u00e0 paillettes et t\u00eate surdimensionn\u00e9e, amicalement appel\u00e9e &quot;pawl&quot;, fait partie des serrures les plus populaires dans de nombreux domaines. L&#039;augmentation de la taille de la t\u00eate du cylindre conf\u00e8re une plus grande robustesse \u00e0 la serrure, augmentant ainsi sa r\u00e9sistance et sa s\u00e9curit\u00e9.  Disponible en version \u00e0 cl\u00e9s diff\u00e9rentes(KD) ou \u00e0 cl\u00e9s identiques(KA).\" \/>\n<meta property=\"og:url\" content=\"https:\/\/www.omrserrature.it\/fr\/produit\/serrure-de-tete-surdimensionnee\/\" \/>\n<meta property=\"og:site_name\" content=\"OMR Serrature | Produzione sistemi di chiusura\" \/>\n<meta property=\"article:publisher\" content=\"https:\/\/www.facebook.com\/OMRserrature\" \/>\n<meta property=\"article:modified_time\" content=\"2026-04-08T11:15:12+00:00\" \/>\n<meta property=\"og:image\" content=\"https:\/\/www.omrserrature.it\/wp-content\/uploads\/2017\/10\/serratura-testa-maggiorata.jpg\" \/>\n\t<meta property=\"og:image:width\" content=\"348\" \/>\n\t<meta property=\"og:image:height\" content=\"370\" \/>\n\t<meta property=\"og:image:type\" content=\"image\/jpeg\" \/>\n<meta name=\"twitter:card\" content=\"summary_large_image\" \/>\n<meta name=\"twitter:label1\" content=\"Dur\u00e9e de lecture estim\u00e9e\" \/>\n\t<meta name=\"twitter:data1\" content=\"1 minute\" \/>\n<script type=\"application\/ld+json\" class=\"yoast-schema-graph\">{\"@context\":\"https:\/\/schema.org\",\"@graph\":[{\"@type\":\"WebPage\",\"@id\":\"https:\/\/www.omrserrature.it\/fr\/produit\/serrure-de-tete-surdimensionnee\/\",\"url\":\"https:\/\/www.omrserrature.it\/fr\/produit\/serrure-de-tete-surdimensionnee\/\",\"name\":\"Serrure de t\u00eate surdimensionn\u00e9e - OMR Serrature\",\"isPartOf\":{\"@id\":\"https:\/\/www.omrserrature.it\/fr\/#website\"},\"primaryImageOfPage\":{\"@id\":\"https:\/\/www.omrserrature.it\/fr\/produit\/serrure-de-tete-surdimensionnee\/#primaryimage\"},\"image\":{\"@id\":\"https:\/\/www.omrserrature.it\/fr\/produit\/serrure-de-tete-surdimensionnee\/#primaryimage\"},\"thumbnailUrl\":\"https:\/\/www.omrserrature.it\/wp-content\/uploads\/2017\/10\/serratura-testa-maggiorata.jpg\",\"datePublished\":\"2010-10-17T12:58:00+00:00\",\"dateModified\":\"2026-04-08T11:15:12+00:00\",\"breadcrumb\":{\"@id\":\"https:\/\/www.omrserrature.it\/fr\/produit\/serrure-de-tete-surdimensionnee\/#breadcrumb\"},\"inLanguage\":\"fr-FR\",\"potentialAction\":[{\"@type\":\"ReadAction\",\"target\":[\"https:\/\/www.omrserrature.it\/fr\/produit\/serrure-de-tete-surdimensionnee\/\"]}]},{\"@type\":\"ImageObject\",\"inLanguage\":\"fr-FR\",\"@id\":\"https:\/\/www.omrserrature.it\/fr\/produit\/serrure-de-tete-surdimensionnee\/#primaryimage\",\"url\":\"https:\/\/www.omrserrature.it\/wp-content\/uploads\/2017\/10\/serratura-testa-maggiorata.jpg\",\"contentUrl\":\"https:\/\/www.omrserrature.it\/wp-content\/uploads\/2017\/10\/serratura-testa-maggiorata.jpg\",\"width\":348,\"height\":370,\"caption\":\"Serrure avec t\u00eate de levier augment\u00e9e. Cylindre \u00e0 lamelles\"},{\"@type\":\"BreadcrumbList\",\"@id\":\"https:\/\/www.omrserrature.it\/fr\/produit\/serrure-de-tete-surdimensionnee\/#breadcrumb\",\"itemListElement\":[{\"@type\":\"ListItem\",\"position\":1,\"name\":\"Home\",\"item\":\"https:\/\/www.omrserrature.it\/fr\/omr-serrures-et-systemes-de-verrouillage\/\"},{\"@type\":\"ListItem\",\"position\":2,\"name\":\"Catalogue\",\"item\":\"https:\/\/www.omrserrature.it\/catalogue\/?lang=fr\"},{\"@type\":\"ListItem\",\"position\":3,\"name\":\"Applications\",\"item\":\"https:\/\/www.omrserrature.it\/fr\/catalogue\/applications\/\"},{\"@type\":\"ListItem\",\"position\":4,\"name\":\"Serrure d'armoire conforme au r\u00e8glement GDPR\",\"item\":\"https:\/\/www.omrserrature.it\/fr\/catalogue\/applications\/serrure-darmoire-conforme-au-reglement-gdpr\/\"},{\"@type\":\"ListItem\",\"position\":5,\"name\":\"Serrure de t\u00eate surdimensionn\u00e9e\"}]},{\"@type\":\"WebSite\",\"@id\":\"https:\/\/www.omrserrature.it\/fr\/#website\",\"url\":\"https:\/\/www.omrserrature.it\/fr\/\",\"name\":\"OMR Serrature | Produzione sistemi di chiusura\",\"description\":\"Produzione serrature di sicurezza e sistemi di chiusura\",\"publisher\":{\"@id\":\"https:\/\/www.omrserrature.it\/fr\/#organization\"},\"potentialAction\":[{\"@type\":\"SearchAction\",\"target\":{\"@type\":\"EntryPoint\",\"urlTemplate\":\"https:\/\/www.omrserrature.it\/fr\/?s={search_term_string}\"},\"query-input\":{\"@type\":\"PropertyValueSpecification\",\"valueRequired\":true,\"valueName\":\"search_term_string\"}}],\"inLanguage\":\"fr-FR\"},{\"@type\":\"Organization\",\"@id\":\"https:\/\/www.omrserrature.it\/fr\/#organization\",\"name\":\"OMR Serrature | Produzione sistemi di chiusura\",\"url\":\"https:\/\/www.omrserrature.it\/fr\/\",\"logo\":{\"@type\":\"ImageObject\",\"inLanguage\":\"fr-FR\",\"@id\":\"https:\/\/www.omrserrature.it\/fr\/#\/schema\/logo\/image\/\",\"url\":\"https:\/\/www.omrserrature.it\/wp-content\/uploads\/2017\/09\/favicon-omr-114.png\",\"contentUrl\":\"https:\/\/www.omrserrature.it\/wp-content\/uploads\/2017\/09\/favicon-omr-114.png\",\"width\":114,\"height\":114,\"caption\":\"OMR Serrature | Produzione sistemi di chiusura\"},\"image\":{\"@id\":\"https:\/\/www.omrserrature.it\/fr\/#\/schema\/logo\/image\/\"},\"sameAs\":[\"https:\/\/www.facebook.com\/OMRserrature\",\"https:\/\/www.linkedin.com\/company\/omrserrature\/\",\"https:\/\/www.youtube.com\/channel\/UCxmA85z2R0EpG_6IRokiAkg\"]}]}<\/script>\n<!-- \/ Yoast SEO plugin. -->","yoast_head_json":{"title":"Serrure de t\u00eate surdimensionn\u00e9e - OMR Serrature","robots":{"index":"index","follow":"follow","max-snippet":"max-snippet:-1","max-image-preview":"max-image-preview:large","max-video-preview":"max-video-preview:-1"},"canonical":"https:\/\/www.omrserrature.it\/fr\/produit\/serrure-de-tete-surdimensionnee\/","og_locale":"fr_FR","og_type":"article","og_title":"Serrure de t\u00eate surdimensionn\u00e9e - OMR Serrature","og_description":"La serrure universelle \u00e0 came avec m\u00e9canisme \u00e0 paillettes et t\u00eate surdimensionn\u00e9e, amicalement appel\u00e9e \"pawl\", fait partie des serrures les plus populaires dans de nombreux domaines. L'augmentation de la taille de la t\u00eate du cylindre conf\u00e8re une plus grande robustesse \u00e0 la serrure, augmentant ainsi sa r\u00e9sistance et sa s\u00e9curit\u00e9.  Disponible en version \u00e0 cl\u00e9s diff\u00e9rentes(KD) ou \u00e0 cl\u00e9s identiques(KA).","og_url":"https:\/\/www.omrserrature.it\/fr\/produit\/serrure-de-tete-surdimensionnee\/","og_site_name":"OMR Serrature | Produzione sistemi di chiusura","article_publisher":"https:\/\/www.facebook.com\/OMRserrature","article_modified_time":"2026-04-08T11:15:12+00:00","og_image":[{"width":348,"height":370,"url":"https:\/\/www.omrserrature.it\/wp-content\/uploads\/2017\/10\/serratura-testa-maggiorata.jpg","type":"image\/jpeg"}],"twitter_card":"summary_large_image","twitter_misc":{"Dur\u00e9e de lecture estim\u00e9e":"1 minute"},"schema":{"@context":"https:\/\/schema.org","@graph":[{"@type":"WebPage","@id":"https:\/\/www.omrserrature.it\/fr\/produit\/serrure-de-tete-surdimensionnee\/","url":"https:\/\/www.omrserrature.it\/fr\/produit\/serrure-de-tete-surdimensionnee\/","name":"Serrure de t\u00eate surdimensionn\u00e9e - OMR Serrature","isPartOf":{"@id":"https:\/\/www.omrserrature.it\/fr\/#website"},"primaryImageOfPage":{"@id":"https:\/\/www.omrserrature.it\/fr\/produit\/serrure-de-tete-surdimensionnee\/#primaryimage"},"image":{"@id":"https:\/\/www.omrserrature.it\/fr\/produit\/serrure-de-tete-surdimensionnee\/#primaryimage"},"thumbnailUrl":"https:\/\/www.omrserrature.it\/wp-content\/uploads\/2017\/10\/serratura-testa-maggiorata.jpg","datePublished":"2010-10-17T12:58:00+00:00","dateModified":"2026-04-08T11:15:12+00:00","breadcrumb":{"@id":"https:\/\/www.omrserrature.it\/fr\/produit\/serrure-de-tete-surdimensionnee\/#breadcrumb"},"inLanguage":"fr-FR","potentialAction":[{"@type":"ReadAction","target":["https:\/\/www.omrserrature.it\/fr\/produit\/serrure-de-tete-surdimensionnee\/"]}]},{"@type":"ImageObject","inLanguage":"fr-FR","@id":"https:\/\/www.omrserrature.it\/fr\/produit\/serrure-de-tete-surdimensionnee\/#primaryimage","url":"https:\/\/www.omrserrature.it\/wp-content\/uploads\/2017\/10\/serratura-testa-maggiorata.jpg","contentUrl":"https:\/\/www.omrserrature.it\/wp-content\/uploads\/2017\/10\/serratura-testa-maggiorata.jpg","width":348,"height":370,"caption":"Serrure avec t\u00eate de levier augment\u00e9e. Cylindre \u00e0 lamelles"},{"@type":"BreadcrumbList","@id":"https:\/\/www.omrserrature.it\/fr\/produit\/serrure-de-tete-surdimensionnee\/#breadcrumb","itemListElement":[{"@type":"ListItem","position":1,"name":"Home","item":"https:\/\/www.omrserrature.it\/fr\/omr-serrures-et-systemes-de-verrouillage\/"},{"@type":"ListItem","position":2,"name":"Catalogue","item":"https:\/\/www.omrserrature.it\/catalogue\/?lang=fr"},{"@type":"ListItem","position":3,"name":"Applications","item":"https:\/\/www.omrserrature.it\/fr\/catalogue\/applications\/"},{"@type":"ListItem","position":4,"name":"Serrure d'armoire conforme au r\u00e8glement GDPR","item":"https:\/\/www.omrserrature.it\/fr\/catalogue\/applications\/serrure-darmoire-conforme-au-reglement-gdpr\/"},{"@type":"ListItem","position":5,"name":"Serrure de t\u00eate surdimensionn\u00e9e"}]},{"@type":"WebSite","@id":"https:\/\/www.omrserrature.it\/fr\/#website","url":"https:\/\/www.omrserrature.it\/fr\/","name":"OMR Serrature | Produzione sistemi di chiusura","description":"Produzione serrature di sicurezza e sistemi di chiusura","publisher":{"@id":"https:\/\/www.omrserrature.it\/fr\/#organization"},"potentialAction":[{"@type":"SearchAction","target":{"@type":"EntryPoint","urlTemplate":"https:\/\/www.omrserrature.it\/fr\/?s={search_term_string}"},"query-input":{"@type":"PropertyValueSpecification","valueRequired":true,"valueName":"search_term_string"}}],"inLanguage":"fr-FR"},{"@type":"Organization","@id":"https:\/\/www.omrserrature.it\/fr\/#organization","name":"OMR Serrature | Produzione sistemi di chiusura","url":"https:\/\/www.omrserrature.it\/fr\/","logo":{"@type":"ImageObject","inLanguage":"fr-FR","@id":"https:\/\/www.omrserrature.it\/fr\/#\/schema\/logo\/image\/","url":"https:\/\/www.omrserrature.it\/wp-content\/uploads\/2017\/09\/favicon-omr-114.png","contentUrl":"https:\/\/www.omrserrature.it\/wp-content\/uploads\/2017\/09\/favicon-omr-114.png","width":114,"height":114,"caption":"OMR Serrature | Produzione sistemi di chiusura"},"image":{"@id":"https:\/\/www.omrserrature.it\/fr\/#\/schema\/logo\/image\/"},"sameAs":["https:\/\/www.facebook.com\/OMRserrature","https:\/\/www.linkedin.com\/company\/omrserrature\/","https:\/\/www.youtube.com\/channel\/UCxmA85z2R0EpG_6IRokiAkg"]}]}},"_links":{"self":[{"href":"https:\/\/www.omrserrature.it\/fr\/wp-json\/wp\/v2\/product\/242971","targetHints":{"allow":["GET"]}}],"collection":[{"href":"https:\/\/www.omrserrature.it\/fr\/wp-json\/wp\/v2\/product"}],"about":[{"href":"https:\/\/www.omrserrature.it\/fr\/wp-json\/wp\/v2\/types\/product"}],"replies":[{"embeddable":true,"href":"https:\/\/www.omrserrature.it\/fr\/wp-json\/wp\/v2\/comments?post=242971"}],"wp:featuredmedia":[{"embeddable":true,"href":"https:\/\/www.omrserrature.it\/fr\/wp-json\/wp\/v2\/media\/3336"}],"wp:attachment":[{"href":"https:\/\/www.omrserrature.it\/fr\/wp-json\/wp\/v2\/media?parent=242971"}],"wp:term":[{"taxonomy":"product_brand","embeddable":true,"href":"https:\/\/www.omrserrature.it\/fr\/wp-json\/wp\/v2\/product_brand?post=242971"},{"taxonomy":"product_cat","embeddable":true,"href":"https:\/\/www.omrserrature.it\/fr\/wp-json\/wp\/v2\/product_cat?post=242971"},{"taxonomy":"product_tag","embeddable":true,"href":"https:\/\/www.omrserrature.it\/fr\/wp-json\/wp\/v2\/product_tag?post=242971"}],"curies":[{"name":"wp","href":"https:\/\/api.w.org\/{rel}","templated":true}]}}