{"id":242965,"date":"2017-12-19T11:46:06","date_gmt":"2019-12-17T10:46:00","guid":{"rendered":"https:\/\/www.staging6.omrserrature.it\/prodotto\/serrure-de-volet-roulant\/"},"modified":"2026-04-08T11:59:34","modified_gmt":"2026-04-08T09:59:34","slug":"serrure-de-volet-roulant","status":"publish","type":"product","link":"https:\/\/www.omrserrature.it\/fr\/produit\/serrure-de-volet-roulant\/","title":{"rendered":"Serrure de volet roulant"},"content":{"rendered":"<p><strong>La serrure pour volets roulants<\/strong>, fabriqu\u00e9e en m\u00e9tal moul\u00e9 sous pression, se compose d&rsquo;un stator avec un volet et un trou pour l&rsquo;installation, d&rsquo;un barillet \u00e0 lamelles pour assurer un niveau de s\u00e9curit\u00e9 ad\u00e9quat, et enfin d&rsquo;un crochet \u00e0 levier &#8211; ou \u00e0 came. La cl\u00e9 en laiton nickel\u00e9 permet d&rsquo;ouvrir la serrure en effectuant une rotation de 90\u00b0 (ou sur demande de 180\u00b0) dans le sens des aiguilles d&rsquo;une montre.  La borne carr\u00e9e de 7 mm permet \u00e9galement l&rsquo;installation de <strong>cames droites ou \u00e0 crochet<\/strong>, qui peuvent \u00e9galement \u00eatre personnalis\u00e9es en fonction d&rsquo;exigences sp\u00e9cifiques.<\/p>\n<p>&nbsp;<\/p>\n<p><span style=\"color: #ffffff;\">NOTE INTERNE &#8211; RSN<\/span><\/p>\n","protected":false},"excerpt":{"rendered":"<p><strong>La serrure pour volets roulants<\/strong>, fabriqu\u00e9e en m\u00e9tal moul\u00e9 sous pression, se compose d&rsquo;un stator avec un volet et un trou pour l&rsquo;installation, d&rsquo;un barillet \u00e0 lamelles pour assurer un niveau de s\u00e9curit\u00e9 ad\u00e9quat, et enfin d&rsquo;un crochet \u00e0 levier &#8211; ou \u00e0 came. La cl\u00e9 en laiton nickel\u00e9 permet d&rsquo;ouvrir la serrure en effectuant une rotation de 90\u00b0 (ou sur demande de 180\u00b0) dans le sens des aiguilles d&rsquo;une montre. <\/p>\n","protected":false},"featured_media":3810,"comment_status":"open","ping_status":"closed","template":"","meta":{"_acf_changed":false,"_et_pb_use_builder":"","_et_pb_old_content":"","_et_gb_content_width":""},"product_brand":[],"product_cat":[3740,3687,3649,3658,3723,3735,3697,3730,3748],"product_tag":[],"class_list":{"0":"post-242965","1":"product","2":"type-product","3":"status-publish","4":"has-post-thumbnail","6":"product_cat-glissant","7":"product_cat-serrures-a-came","8":"product_cat-serrures-a-crochet","9":"product_cat-serrures-a-passe-partout","10":"product_cat-serrures-de-panneaux","11":"product_cat-serrures-pour-caravanes-et-camping-cars","12":"product_cat-serrures-pour-meubles","13":"product_cat-serrures-pour-volets-roulants","14":"product_cat-systemes-de-fermeture-pour-lindustrie","16":"first","17":"instock","18":"shipping-taxable","19":"purchasable","20":"product-type-variable"},"acf":{"pdf1":"https:\/\/www.omrserrature.it\/wp-content\/uploads\/2017\/12\/Scheda-165755.pdf"},"yoast_head":"<!-- This site is optimized with the Yoast SEO plugin v27.2 - https:\/\/yoast.com\/product\/yoast-seo-wordpress\/ -->\n<title>Serrure de volet roulant - OMR Serrature<\/title>\n<meta name=\"robots\" content=\"index, follow, max-snippet:-1, max-image-preview:large, max-video-preview:-1\" \/>\n<link rel=\"canonical\" href=\"https:\/\/www.omrserrature.it\/fr\/produit\/serrure-de-volet-roulant\/\" \/>\n<meta property=\"og:locale\" content=\"fr_FR\" \/>\n<meta property=\"og:type\" content=\"article\" \/>\n<meta property=\"og:title\" content=\"Serrure de volet roulant - OMR Serrature\" \/>\n<meta property=\"og:description\" content=\"La serrure pour volets roulants, fabriqu\u00e9e en m\u00e9tal moul\u00e9 sous pression, se compose d&#039;un stator avec un volet et un trou pour l&#039;installation, d&#039;un barillet \u00e0 lamelles pour assurer un niveau de s\u00e9curit\u00e9 ad\u00e9quat, et enfin d&#039;un crochet \u00e0 levier - ou \u00e0 came. La cl\u00e9 en laiton nickel\u00e9 permet d&#039;ouvrir la serrure en effectuant une rotation de 90\u00b0 (ou sur demande de 180\u00b0) dans le sens des aiguilles d&#039;une montre.\" \/>\n<meta property=\"og:url\" content=\"https:\/\/www.omrserrature.it\/fr\/produit\/serrure-de-volet-roulant\/\" \/>\n<meta property=\"og:site_name\" content=\"OMR Serrature | Produzione sistemi di chiusura\" \/>\n<meta property=\"article:publisher\" content=\"https:\/\/www.facebook.com\/OMRserrature\" \/>\n<meta property=\"article:modified_time\" content=\"2026-04-08T09:59:34+00:00\" \/>\n<meta property=\"og:image\" content=\"https:\/\/www.omrserrature.it\/wp-content\/uploads\/2017\/10\/serratura-serrandina.jpg\" \/>\n\t<meta property=\"og:image:width\" content=\"355\" \/>\n\t<meta property=\"og:image:height\" content=\"409\" \/>\n\t<meta property=\"og:image:type\" content=\"image\/jpeg\" \/>\n<meta name=\"twitter:card\" content=\"summary_large_image\" \/>\n<meta name=\"twitter:label1\" content=\"Dur\u00e9e de lecture estim\u00e9e\" \/>\n\t<meta name=\"twitter:data1\" content=\"1 minute\" \/>\n<script type=\"application\/ld+json\" class=\"yoast-schema-graph\">{\"@context\":\"https:\/\/schema.org\",\"@graph\":[{\"@type\":\"WebPage\",\"@id\":\"https:\/\/www.omrserrature.it\/fr\/produit\/serrure-de-volet-roulant\/\",\"url\":\"https:\/\/www.omrserrature.it\/fr\/produit\/serrure-de-volet-roulant\/\",\"name\":\"Serrure de volet roulant - OMR Serrature\",\"isPartOf\":{\"@id\":\"https:\/\/www.omrserrature.it\/fr\/#website\"},\"primaryImageOfPage\":{\"@id\":\"https:\/\/www.omrserrature.it\/fr\/produit\/serrure-de-volet-roulant\/#primaryimage\"},\"image\":{\"@id\":\"https:\/\/www.omrserrature.it\/fr\/produit\/serrure-de-volet-roulant\/#primaryimage\"},\"thumbnailUrl\":\"https:\/\/www.omrserrature.it\/wp-content\/uploads\/2017\/10\/serratura-serrandina.jpg\",\"datePublished\":\"2019-12-17T10:46:00+00:00\",\"dateModified\":\"2026-04-08T09:59:34+00:00\",\"breadcrumb\":{\"@id\":\"https:\/\/www.omrserrature.it\/fr\/produit\/serrure-de-volet-roulant\/#breadcrumb\"},\"inLanguage\":\"fr-FR\",\"potentialAction\":[{\"@type\":\"ReadAction\",\"target\":[\"https:\/\/www.omrserrature.it\/fr\/produit\/serrure-de-volet-roulant\/\"]}]},{\"@type\":\"ImageObject\",\"inLanguage\":\"fr-FR\",\"@id\":\"https:\/\/www.omrserrature.it\/fr\/produit\/serrure-de-volet-roulant\/#primaryimage\",\"url\":\"https:\/\/www.omrserrature.it\/wp-content\/uploads\/2017\/10\/serratura-serrandina.jpg\",\"contentUrl\":\"https:\/\/www.omrserrature.it\/wp-content\/uploads\/2017\/10\/serratura-serrandina.jpg\",\"width\":355,\"height\":409,\"caption\":\"Serrure de volet roulant\"},{\"@type\":\"BreadcrumbList\",\"@id\":\"https:\/\/www.omrserrature.it\/fr\/produit\/serrure-de-volet-roulant\/#breadcrumb\",\"itemListElement\":[{\"@type\":\"ListItem\",\"position\":1,\"name\":\"Home\",\"item\":\"https:\/\/www.omrserrature.it\/fr\/omr-serrures-et-systemes-de-verrouillage\/\"},{\"@type\":\"ListItem\",\"position\":2,\"name\":\"Catalogue\",\"item\":\"https:\/\/www.omrserrature.it\/catalogue\/?lang=fr\"},{\"@type\":\"ListItem\",\"position\":3,\"name\":\"Produits\",\"item\":\"https:\/\/www.omrserrature.it\/fr\/catalogue\/produits\/\"},{\"@type\":\"ListItem\",\"position\":4,\"name\":\"Serrures\",\"item\":\"https:\/\/www.omrserrature.it\/fr\/catalogue\/produits\/serrures\/\"},{\"@type\":\"ListItem\",\"position\":5,\"name\":\"Serrures \u00e0 passe-partout\",\"item\":\"https:\/\/www.omrserrature.it\/fr\/catalogue\/produits\/serrures\/serrures-a-passe-partout\/\"},{\"@type\":\"ListItem\",\"position\":6,\"name\":\"Serrure de volet roulant\"}]},{\"@type\":\"WebSite\",\"@id\":\"https:\/\/www.omrserrature.it\/fr\/#website\",\"url\":\"https:\/\/www.omrserrature.it\/fr\/\",\"name\":\"OMR Serrature | Produzione sistemi di chiusura\",\"description\":\"Produzione serrature di sicurezza e sistemi di chiusura\",\"publisher\":{\"@id\":\"https:\/\/www.omrserrature.it\/fr\/#organization\"},\"potentialAction\":[{\"@type\":\"SearchAction\",\"target\":{\"@type\":\"EntryPoint\",\"urlTemplate\":\"https:\/\/www.omrserrature.it\/fr\/?s={search_term_string}\"},\"query-input\":{\"@type\":\"PropertyValueSpecification\",\"valueRequired\":true,\"valueName\":\"search_term_string\"}}],\"inLanguage\":\"fr-FR\"},{\"@type\":\"Organization\",\"@id\":\"https:\/\/www.omrserrature.it\/fr\/#organization\",\"name\":\"OMR Serrature | Produzione sistemi di chiusura\",\"url\":\"https:\/\/www.omrserrature.it\/fr\/\",\"logo\":{\"@type\":\"ImageObject\",\"inLanguage\":\"fr-FR\",\"@id\":\"https:\/\/www.omrserrature.it\/fr\/#\/schema\/logo\/image\/\",\"url\":\"https:\/\/www.omrserrature.it\/wp-content\/uploads\/2017\/09\/favicon-omr-114.png\",\"contentUrl\":\"https:\/\/www.omrserrature.it\/wp-content\/uploads\/2017\/09\/favicon-omr-114.png\",\"width\":114,\"height\":114,\"caption\":\"OMR Serrature | Produzione sistemi di chiusura\"},\"image\":{\"@id\":\"https:\/\/www.omrserrature.it\/fr\/#\/schema\/logo\/image\/\"},\"sameAs\":[\"https:\/\/www.facebook.com\/OMRserrature\",\"https:\/\/www.linkedin.com\/company\/omrserrature\/\",\"https:\/\/www.youtube.com\/channel\/UCxmA85z2R0EpG_6IRokiAkg\"]}]}<\/script>\n<!-- \/ Yoast SEO plugin. -->","yoast_head_json":{"title":"Serrure de volet roulant - OMR Serrature","robots":{"index":"index","follow":"follow","max-snippet":"max-snippet:-1","max-image-preview":"max-image-preview:large","max-video-preview":"max-video-preview:-1"},"canonical":"https:\/\/www.omrserrature.it\/fr\/produit\/serrure-de-volet-roulant\/","og_locale":"fr_FR","og_type":"article","og_title":"Serrure de volet roulant - OMR Serrature","og_description":"La serrure pour volets roulants, fabriqu\u00e9e en m\u00e9tal moul\u00e9 sous pression, se compose d'un stator avec un volet et un trou pour l'installation, d'un barillet \u00e0 lamelles pour assurer un niveau de s\u00e9curit\u00e9 ad\u00e9quat, et enfin d'un crochet \u00e0 levier - ou \u00e0 came. La cl\u00e9 en laiton nickel\u00e9 permet d'ouvrir la serrure en effectuant une rotation de 90\u00b0 (ou sur demande de 180\u00b0) dans le sens des aiguilles d'une montre.","og_url":"https:\/\/www.omrserrature.it\/fr\/produit\/serrure-de-volet-roulant\/","og_site_name":"OMR Serrature | Produzione sistemi di chiusura","article_publisher":"https:\/\/www.facebook.com\/OMRserrature","article_modified_time":"2026-04-08T09:59:34+00:00","og_image":[{"width":355,"height":409,"url":"https:\/\/www.omrserrature.it\/wp-content\/uploads\/2017\/10\/serratura-serrandina.jpg","type":"image\/jpeg"}],"twitter_card":"summary_large_image","twitter_misc":{"Dur\u00e9e de lecture estim\u00e9e":"1 minute"},"schema":{"@context":"https:\/\/schema.org","@graph":[{"@type":"WebPage","@id":"https:\/\/www.omrserrature.it\/fr\/produit\/serrure-de-volet-roulant\/","url":"https:\/\/www.omrserrature.it\/fr\/produit\/serrure-de-volet-roulant\/","name":"Serrure de volet roulant - OMR Serrature","isPartOf":{"@id":"https:\/\/www.omrserrature.it\/fr\/#website"},"primaryImageOfPage":{"@id":"https:\/\/www.omrserrature.it\/fr\/produit\/serrure-de-volet-roulant\/#primaryimage"},"image":{"@id":"https:\/\/www.omrserrature.it\/fr\/produit\/serrure-de-volet-roulant\/#primaryimage"},"thumbnailUrl":"https:\/\/www.omrserrature.it\/wp-content\/uploads\/2017\/10\/serratura-serrandina.jpg","datePublished":"2019-12-17T10:46:00+00:00","dateModified":"2026-04-08T09:59:34+00:00","breadcrumb":{"@id":"https:\/\/www.omrserrature.it\/fr\/produit\/serrure-de-volet-roulant\/#breadcrumb"},"inLanguage":"fr-FR","potentialAction":[{"@type":"ReadAction","target":["https:\/\/www.omrserrature.it\/fr\/produit\/serrure-de-volet-roulant\/"]}]},{"@type":"ImageObject","inLanguage":"fr-FR","@id":"https:\/\/www.omrserrature.it\/fr\/produit\/serrure-de-volet-roulant\/#primaryimage","url":"https:\/\/www.omrserrature.it\/wp-content\/uploads\/2017\/10\/serratura-serrandina.jpg","contentUrl":"https:\/\/www.omrserrature.it\/wp-content\/uploads\/2017\/10\/serratura-serrandina.jpg","width":355,"height":409,"caption":"Serrure de volet roulant"},{"@type":"BreadcrumbList","@id":"https:\/\/www.omrserrature.it\/fr\/produit\/serrure-de-volet-roulant\/#breadcrumb","itemListElement":[{"@type":"ListItem","position":1,"name":"Home","item":"https:\/\/www.omrserrature.it\/fr\/omr-serrures-et-systemes-de-verrouillage\/"},{"@type":"ListItem","position":2,"name":"Catalogue","item":"https:\/\/www.omrserrature.it\/catalogue\/?lang=fr"},{"@type":"ListItem","position":3,"name":"Produits","item":"https:\/\/www.omrserrature.it\/fr\/catalogue\/produits\/"},{"@type":"ListItem","position":4,"name":"Serrures","item":"https:\/\/www.omrserrature.it\/fr\/catalogue\/produits\/serrures\/"},{"@type":"ListItem","position":5,"name":"Serrures \u00e0 passe-partout","item":"https:\/\/www.omrserrature.it\/fr\/catalogue\/produits\/serrures\/serrures-a-passe-partout\/"},{"@type":"ListItem","position":6,"name":"Serrure de volet roulant"}]},{"@type":"WebSite","@id":"https:\/\/www.omrserrature.it\/fr\/#website","url":"https:\/\/www.omrserrature.it\/fr\/","name":"OMR Serrature | Produzione sistemi di chiusura","description":"Produzione serrature di sicurezza e sistemi di chiusura","publisher":{"@id":"https:\/\/www.omrserrature.it\/fr\/#organization"},"potentialAction":[{"@type":"SearchAction","target":{"@type":"EntryPoint","urlTemplate":"https:\/\/www.omrserrature.it\/fr\/?s={search_term_string}"},"query-input":{"@type":"PropertyValueSpecification","valueRequired":true,"valueName":"search_term_string"}}],"inLanguage":"fr-FR"},{"@type":"Organization","@id":"https:\/\/www.omrserrature.it\/fr\/#organization","name":"OMR Serrature | Produzione sistemi di chiusura","url":"https:\/\/www.omrserrature.it\/fr\/","logo":{"@type":"ImageObject","inLanguage":"fr-FR","@id":"https:\/\/www.omrserrature.it\/fr\/#\/schema\/logo\/image\/","url":"https:\/\/www.omrserrature.it\/wp-content\/uploads\/2017\/09\/favicon-omr-114.png","contentUrl":"https:\/\/www.omrserrature.it\/wp-content\/uploads\/2017\/09\/favicon-omr-114.png","width":114,"height":114,"caption":"OMR Serrature | Produzione sistemi di chiusura"},"image":{"@id":"https:\/\/www.omrserrature.it\/fr\/#\/schema\/logo\/image\/"},"sameAs":["https:\/\/www.facebook.com\/OMRserrature","https:\/\/www.linkedin.com\/company\/omrserrature\/","https:\/\/www.youtube.com\/channel\/UCxmA85z2R0EpG_6IRokiAkg"]}]}},"_links":{"self":[{"href":"https:\/\/www.omrserrature.it\/fr\/wp-json\/wp\/v2\/product\/242965","targetHints":{"allow":["GET"]}}],"collection":[{"href":"https:\/\/www.omrserrature.it\/fr\/wp-json\/wp\/v2\/product"}],"about":[{"href":"https:\/\/www.omrserrature.it\/fr\/wp-json\/wp\/v2\/types\/product"}],"replies":[{"embeddable":true,"href":"https:\/\/www.omrserrature.it\/fr\/wp-json\/wp\/v2\/comments?post=242965"}],"wp:featuredmedia":[{"embeddable":true,"href":"https:\/\/www.omrserrature.it\/fr\/wp-json\/wp\/v2\/media\/3810"}],"wp:attachment":[{"href":"https:\/\/www.omrserrature.it\/fr\/wp-json\/wp\/v2\/media?parent=242965"}],"wp:term":[{"taxonomy":"product_brand","embeddable":true,"href":"https:\/\/www.omrserrature.it\/fr\/wp-json\/wp\/v2\/product_brand?post=242965"},{"taxonomy":"product_cat","embeddable":true,"href":"https:\/\/www.omrserrature.it\/fr\/wp-json\/wp\/v2\/product_cat?post=242965"},{"taxonomy":"product_tag","embeddable":true,"href":"https:\/\/www.omrserrature.it\/fr\/wp-json\/wp\/v2\/product_tag?post=242965"}],"curies":[{"name":"wp","href":"https:\/\/api.w.org\/{rel}","templated":true}]}}