{"id":242961,"date":"2019-03-28T17:10:24","date_gmt":"2024-05-27T10:30:00","guid":{"rendered":"https:\/\/www.staging6.omrserrature.it\/prodotto\/serrure-en-applique-pour-portes-coulissantes-loquet-spal04250\/"},"modified":"2026-04-08T11:34:20","modified_gmt":"2026-04-08T09:34:20","slug":"serrure-en-applique-pour-portes-coulissantes-loquet-spal04250","status":"publish","type":"product","link":"https:\/\/www.omrserrature.it\/fr\/produit\/serrure-en-applique-pour-portes-coulissantes-loquet-spal04250\/","title":{"rendered":"Serrure en applique pour portes coulissantes &#8211; Loquet SPAL04250"},"content":{"rendered":"<p>La <strong>serrure \u00e0 cylindre pour meubles \u00e0 portes coulissantes<\/strong>, en alliage de zinc, se compose d&rsquo;une base ronde \u00e0 l&rsquo;int\u00e9rieur de laquelle coulisse un <strong>p\u00eane<\/strong>, \u00e9galement appel\u00e9 loquet. La technologie \u00e0 lamelles offre une s\u00e9curit\u00e9 ad\u00e9quate pour le type d&rsquo;application et la longueur du cylindre est disponible en <strong>diff\u00e9rentes tailles <\/strong>pour permettre l&rsquo;installation sur divers mat\u00e9riaux de diff\u00e9rentes \u00e9paisseurs (bois, m\u00e9tal, MDF, etc.). <\/p>\n<p>Il est couramment utilis\u00e9 dans les meubles en bois et en m\u00e9tal, aussi bien dans les meubles de bureau que dans les meubles d&rsquo;atelier. Gr\u00e2ce \u00e0 sa facilit\u00e9 d&rsquo;installation et \u00e0 sa ductilit\u00e9, il peut \u00eatre plac\u00e9 dans le mobilier des laboratoires, des h\u00f4pitaux et des mus\u00e9es, mais aussi dans le secteur de l&rsquo;automatisation ou dans les casiers. <\/p>\n<p><span style=\"color: #ffffff\">NOTATION INTERNE &#8211; RSN<\/span><\/p>\n","protected":false},"excerpt":{"rendered":"<p>La <strong>serrure \u00e0 cylindre pour meubles \u00e0 portes coulissantes<\/strong>, en alliage de zinc, se compose d&rsquo;une base ronde \u00e0 l&rsquo;int\u00e9rieur de laquelle coulisse un <strong>p\u00eane<\/strong>, \u00e9galement appel\u00e9 loquet. La technologie \u00e0 lamelles offre une s\u00e9curit\u00e9 ad\u00e9quate pour le type d&rsquo;application et la longueur du cylindre est disponible en <strong>diff\u00e9rentes tailles <\/strong>pour permettre l&rsquo;installation sur divers mat\u00e9riaux de diff\u00e9rentes \u00e9paisseurs (bois, m\u00e9tal, MDF, etc.). <\/p>\n","protected":false},"featured_media":11095,"comment_status":"open","ping_status":"closed","template":"","meta":{"_acf_changed":false,"_et_pb_use_builder":"","_et_pb_old_content":"","_et_gb_content_width":""},"product_brand":[],"product_cat":[3738,3757,3754,3749,3658,3648,3723,3722,3724,3694,3697,3728,3690,3748],"product_tag":[],"class_list":{"0":"post-242961","1":"product","2":"type-product","3":"status-publish","4":"has-post-thumbnail","6":"product_cat-battant","7":"product_cat-bureaux","8":"product_cat-juste","9":"product_cat-magasins-et-activites-commerciales","10":"product_cat-serrures-a-passe-partout","11":"product_cat-serrures-a-pene-dormant","12":"product_cat-serrures-de-panneaux","13":"product_cat-serrures-de-portes","14":"product_cat-serrures-de-tiroirs","15":"product_cat-serrures-pour-les-boites-aux-lettres","16":"product_cat-serrures-pour-meubles","17":"product_cat-serrures-pour-panneaux-de-signalisation","18":"product_cat-serrures-professionnelles-pour-meubles","19":"product_cat-systemes-de-fermeture-pour-lindustrie","21":"first","22":"instock","23":"shipping-taxable","24":"product-type-simple"},"acf":{"pdf1":"https:\/\/www.omrserrature.it\/wp-content\/uploads\/2019\/03\/Scheda_220342_SPAL04250.pdf"},"yoast_head":"<!-- This site is optimized with the Yoast SEO plugin v27.2 - https:\/\/yoast.com\/product\/yoast-seo-wordpress\/ -->\n<title>Serrure en applique pour portes coulissantes - Loquet SPAL04250 - OMR Serrature<\/title>\n<meta name=\"robots\" content=\"index, follow, max-snippet:-1, max-image-preview:large, max-video-preview:-1\" \/>\n<link rel=\"canonical\" href=\"https:\/\/www.omrserrature.it\/fr\/produit\/serrure-en-applique-pour-portes-coulissantes-loquet-spal04250\/\" \/>\n<meta property=\"og:locale\" content=\"fr_FR\" \/>\n<meta property=\"og:type\" content=\"article\" \/>\n<meta property=\"og:title\" content=\"Serrure en applique pour portes coulissantes - Loquet SPAL04250 - OMR Serrature\" \/>\n<meta property=\"og:description\" content=\"La serrure \u00e0 cylindre pour meubles \u00e0 portes coulissantes, en alliage de zinc, se compose d&#039;une base ronde \u00e0 l&#039;int\u00e9rieur de laquelle coulisse un p\u00eane, \u00e9galement appel\u00e9 loquet. La technologie \u00e0 lamelles offre une s\u00e9curit\u00e9 ad\u00e9quate pour le type d&#039;application et la longueur du cylindre est disponible en diff\u00e9rentes tailles pour permettre l&#039;installation sur divers mat\u00e9riaux de diff\u00e9rentes \u00e9paisseurs (bois, m\u00e9tal, MDF, etc.).\" \/>\n<meta property=\"og:url\" content=\"https:\/\/www.omrserrature.it\/fr\/produit\/serrure-en-applique-pour-portes-coulissantes-loquet-spal04250\/\" \/>\n<meta property=\"og:site_name\" content=\"OMR Serrature | Produzione sistemi di chiusura\" \/>\n<meta property=\"article:publisher\" content=\"https:\/\/www.facebook.com\/OMRserrature\" \/>\n<meta property=\"article:modified_time\" content=\"2026-04-08T09:34:20+00:00\" \/>\n<meta property=\"og:image\" content=\"https:\/\/www.omrserrature.it\/wp-content\/uploads\/2019\/03\/serratura-porte-scorrevoli-2-estrazioni.jpg\" \/>\n\t<meta property=\"og:image:width\" content=\"386\" \/>\n\t<meta property=\"og:image:height\" content=\"392\" \/>\n\t<meta property=\"og:image:type\" content=\"image\/jpeg\" \/>\n<meta name=\"twitter:card\" content=\"summary_large_image\" \/>\n<meta name=\"twitter:label1\" content=\"Dur\u00e9e de lecture estim\u00e9e\" \/>\n\t<meta name=\"twitter:data1\" content=\"1 minute\" \/>\n<script type=\"application\/ld+json\" class=\"yoast-schema-graph\">{\"@context\":\"https:\/\/schema.org\",\"@graph\":[{\"@type\":\"WebPage\",\"@id\":\"https:\/\/www.omrserrature.it\/fr\/produit\/serrure-en-applique-pour-portes-coulissantes-loquet-spal04250\/\",\"url\":\"https:\/\/www.omrserrature.it\/fr\/produit\/serrure-en-applique-pour-portes-coulissantes-loquet-spal04250\/\",\"name\":\"Serrure en applique pour portes coulissantes - Loquet SPAL04250 - OMR Serrature\",\"isPartOf\":{\"@id\":\"https:\/\/www.omrserrature.it\/fr\/#website\"},\"primaryImageOfPage\":{\"@id\":\"https:\/\/www.omrserrature.it\/fr\/produit\/serrure-en-applique-pour-portes-coulissantes-loquet-spal04250\/#primaryimage\"},\"image\":{\"@id\":\"https:\/\/www.omrserrature.it\/fr\/produit\/serrure-en-applique-pour-portes-coulissantes-loquet-spal04250\/#primaryimage\"},\"thumbnailUrl\":\"https:\/\/www.omrserrature.it\/wp-content\/uploads\/2019\/03\/serratura-porte-scorrevoli-2-estrazioni.jpg\",\"datePublished\":\"2024-05-27T10:30:00+00:00\",\"dateModified\":\"2026-04-08T09:34:20+00:00\",\"breadcrumb\":{\"@id\":\"https:\/\/www.omrserrature.it\/fr\/produit\/serrure-en-applique-pour-portes-coulissantes-loquet-spal04250\/#breadcrumb\"},\"inLanguage\":\"fr-FR\",\"potentialAction\":[{\"@type\":\"ReadAction\",\"target\":[\"https:\/\/www.omrserrature.it\/fr\/produit\/serrure-en-applique-pour-portes-coulissantes-loquet-spal04250\/\"]}]},{\"@type\":\"ImageObject\",\"inLanguage\":\"fr-FR\",\"@id\":\"https:\/\/www.omrserrature.it\/fr\/produit\/serrure-en-applique-pour-portes-coulissantes-loquet-spal04250\/#primaryimage\",\"url\":\"https:\/\/www.omrserrature.it\/wp-content\/uploads\/2019\/03\/serratura-porte-scorrevoli-2-estrazioni.jpg\",\"contentUrl\":\"https:\/\/www.omrserrature.it\/wp-content\/uploads\/2019\/03\/serratura-porte-scorrevoli-2-estrazioni.jpg\",\"width\":386,\"height\":392,\"caption\":\"Serrure pour portes coulissantes - 2 positions de retrait des cl\u00e9s\"},{\"@type\":\"BreadcrumbList\",\"@id\":\"https:\/\/www.omrserrature.it\/fr\/produit\/serrure-en-applique-pour-portes-coulissantes-loquet-spal04250\/#breadcrumb\",\"itemListElement\":[{\"@type\":\"ListItem\",\"position\":1,\"name\":\"Home\",\"item\":\"https:\/\/www.omrserrature.it\/fr\/omr-serrures-et-systemes-de-verrouillage\/\"},{\"@type\":\"ListItem\",\"position\":2,\"name\":\"Catalogue\",\"item\":\"https:\/\/www.omrserrature.it\/catalogue\/?lang=fr\"},{\"@type\":\"ListItem\",\"position\":3,\"name\":\"Applications\",\"item\":\"https:\/\/www.omrserrature.it\/fr\/catalogue\/applications\/\"},{\"@type\":\"ListItem\",\"position\":4,\"name\":\"Serrures pour meubles\",\"item\":\"https:\/\/www.omrserrature.it\/fr\/catalogue\/applications\/serrures-pour-meubles\/\"},{\"@type\":\"ListItem\",\"position\":5,\"name\":\"Serrures de panneaux\",\"item\":\"https:\/\/www.omrserrature.it\/fr\/catalogue\/applications\/serrures-pour-meubles\/serrures-de-panneaux\/\"},{\"@type\":\"ListItem\",\"position\":6,\"name\":\"Battant\",\"item\":\"https:\/\/www.omrserrature.it\/fr\/catalogue\/applications\/serrures-pour-meubles\/serrures-de-panneaux\/battant\/\"},{\"@type\":\"ListItem\",\"position\":7,\"name\":\"Serrure en applique pour portes coulissantes &#8211; Loquet SPAL04250\"}]},{\"@type\":\"WebSite\",\"@id\":\"https:\/\/www.omrserrature.it\/fr\/#website\",\"url\":\"https:\/\/www.omrserrature.it\/fr\/\",\"name\":\"OMR Serrature | Produzione sistemi di chiusura\",\"description\":\"Produzione serrature di sicurezza e sistemi di chiusura\",\"publisher\":{\"@id\":\"https:\/\/www.omrserrature.it\/fr\/#organization\"},\"potentialAction\":[{\"@type\":\"SearchAction\",\"target\":{\"@type\":\"EntryPoint\",\"urlTemplate\":\"https:\/\/www.omrserrature.it\/fr\/?s={search_term_string}\"},\"query-input\":{\"@type\":\"PropertyValueSpecification\",\"valueRequired\":true,\"valueName\":\"search_term_string\"}}],\"inLanguage\":\"fr-FR\"},{\"@type\":\"Organization\",\"@id\":\"https:\/\/www.omrserrature.it\/fr\/#organization\",\"name\":\"OMR Serrature | Produzione sistemi di chiusura\",\"url\":\"https:\/\/www.omrserrature.it\/fr\/\",\"logo\":{\"@type\":\"ImageObject\",\"inLanguage\":\"fr-FR\",\"@id\":\"https:\/\/www.omrserrature.it\/fr\/#\/schema\/logo\/image\/\",\"url\":\"https:\/\/www.omrserrature.it\/wp-content\/uploads\/2017\/09\/favicon-omr-114.png\",\"contentUrl\":\"https:\/\/www.omrserrature.it\/wp-content\/uploads\/2017\/09\/favicon-omr-114.png\",\"width\":114,\"height\":114,\"caption\":\"OMR Serrature | Produzione sistemi di chiusura\"},\"image\":{\"@id\":\"https:\/\/www.omrserrature.it\/fr\/#\/schema\/logo\/image\/\"},\"sameAs\":[\"https:\/\/www.facebook.com\/OMRserrature\",\"https:\/\/www.linkedin.com\/company\/omrserrature\/\",\"https:\/\/www.youtube.com\/channel\/UCxmA85z2R0EpG_6IRokiAkg\"]}]}<\/script>\n<!-- \/ Yoast SEO plugin. -->","yoast_head_json":{"title":"Serrure en applique pour portes coulissantes - Loquet SPAL04250 - OMR Serrature","robots":{"index":"index","follow":"follow","max-snippet":"max-snippet:-1","max-image-preview":"max-image-preview:large","max-video-preview":"max-video-preview:-1"},"canonical":"https:\/\/www.omrserrature.it\/fr\/produit\/serrure-en-applique-pour-portes-coulissantes-loquet-spal04250\/","og_locale":"fr_FR","og_type":"article","og_title":"Serrure en applique pour portes coulissantes - Loquet SPAL04250 - OMR Serrature","og_description":"La serrure \u00e0 cylindre pour meubles \u00e0 portes coulissantes, en alliage de zinc, se compose d'une base ronde \u00e0 l'int\u00e9rieur de laquelle coulisse un p\u00eane, \u00e9galement appel\u00e9 loquet. La technologie \u00e0 lamelles offre une s\u00e9curit\u00e9 ad\u00e9quate pour le type d'application et la longueur du cylindre est disponible en diff\u00e9rentes tailles pour permettre l'installation sur divers mat\u00e9riaux de diff\u00e9rentes \u00e9paisseurs (bois, m\u00e9tal, MDF, etc.).","og_url":"https:\/\/www.omrserrature.it\/fr\/produit\/serrure-en-applique-pour-portes-coulissantes-loquet-spal04250\/","og_site_name":"OMR Serrature | Produzione sistemi di chiusura","article_publisher":"https:\/\/www.facebook.com\/OMRserrature","article_modified_time":"2026-04-08T09:34:20+00:00","og_image":[{"width":386,"height":392,"url":"https:\/\/www.omrserrature.it\/wp-content\/uploads\/2019\/03\/serratura-porte-scorrevoli-2-estrazioni.jpg","type":"image\/jpeg"}],"twitter_card":"summary_large_image","twitter_misc":{"Dur\u00e9e de lecture estim\u00e9e":"1 minute"},"schema":{"@context":"https:\/\/schema.org","@graph":[{"@type":"WebPage","@id":"https:\/\/www.omrserrature.it\/fr\/produit\/serrure-en-applique-pour-portes-coulissantes-loquet-spal04250\/","url":"https:\/\/www.omrserrature.it\/fr\/produit\/serrure-en-applique-pour-portes-coulissantes-loquet-spal04250\/","name":"Serrure en applique pour portes coulissantes - Loquet SPAL04250 - OMR Serrature","isPartOf":{"@id":"https:\/\/www.omrserrature.it\/fr\/#website"},"primaryImageOfPage":{"@id":"https:\/\/www.omrserrature.it\/fr\/produit\/serrure-en-applique-pour-portes-coulissantes-loquet-spal04250\/#primaryimage"},"image":{"@id":"https:\/\/www.omrserrature.it\/fr\/produit\/serrure-en-applique-pour-portes-coulissantes-loquet-spal04250\/#primaryimage"},"thumbnailUrl":"https:\/\/www.omrserrature.it\/wp-content\/uploads\/2019\/03\/serratura-porte-scorrevoli-2-estrazioni.jpg","datePublished":"2024-05-27T10:30:00+00:00","dateModified":"2026-04-08T09:34:20+00:00","breadcrumb":{"@id":"https:\/\/www.omrserrature.it\/fr\/produit\/serrure-en-applique-pour-portes-coulissantes-loquet-spal04250\/#breadcrumb"},"inLanguage":"fr-FR","potentialAction":[{"@type":"ReadAction","target":["https:\/\/www.omrserrature.it\/fr\/produit\/serrure-en-applique-pour-portes-coulissantes-loquet-spal04250\/"]}]},{"@type":"ImageObject","inLanguage":"fr-FR","@id":"https:\/\/www.omrserrature.it\/fr\/produit\/serrure-en-applique-pour-portes-coulissantes-loquet-spal04250\/#primaryimage","url":"https:\/\/www.omrserrature.it\/wp-content\/uploads\/2019\/03\/serratura-porte-scorrevoli-2-estrazioni.jpg","contentUrl":"https:\/\/www.omrserrature.it\/wp-content\/uploads\/2019\/03\/serratura-porte-scorrevoli-2-estrazioni.jpg","width":386,"height":392,"caption":"Serrure pour portes coulissantes - 2 positions de retrait des cl\u00e9s"},{"@type":"BreadcrumbList","@id":"https:\/\/www.omrserrature.it\/fr\/produit\/serrure-en-applique-pour-portes-coulissantes-loquet-spal04250\/#breadcrumb","itemListElement":[{"@type":"ListItem","position":1,"name":"Home","item":"https:\/\/www.omrserrature.it\/fr\/omr-serrures-et-systemes-de-verrouillage\/"},{"@type":"ListItem","position":2,"name":"Catalogue","item":"https:\/\/www.omrserrature.it\/catalogue\/?lang=fr"},{"@type":"ListItem","position":3,"name":"Applications","item":"https:\/\/www.omrserrature.it\/fr\/catalogue\/applications\/"},{"@type":"ListItem","position":4,"name":"Serrures pour meubles","item":"https:\/\/www.omrserrature.it\/fr\/catalogue\/applications\/serrures-pour-meubles\/"},{"@type":"ListItem","position":5,"name":"Serrures de panneaux","item":"https:\/\/www.omrserrature.it\/fr\/catalogue\/applications\/serrures-pour-meubles\/serrures-de-panneaux\/"},{"@type":"ListItem","position":6,"name":"Battant","item":"https:\/\/www.omrserrature.it\/fr\/catalogue\/applications\/serrures-pour-meubles\/serrures-de-panneaux\/battant\/"},{"@type":"ListItem","position":7,"name":"Serrure en applique pour portes coulissantes &#8211; Loquet SPAL04250"}]},{"@type":"WebSite","@id":"https:\/\/www.omrserrature.it\/fr\/#website","url":"https:\/\/www.omrserrature.it\/fr\/","name":"OMR Serrature | Produzione sistemi di chiusura","description":"Produzione serrature di sicurezza e sistemi di chiusura","publisher":{"@id":"https:\/\/www.omrserrature.it\/fr\/#organization"},"potentialAction":[{"@type":"SearchAction","target":{"@type":"EntryPoint","urlTemplate":"https:\/\/www.omrserrature.it\/fr\/?s={search_term_string}"},"query-input":{"@type":"PropertyValueSpecification","valueRequired":true,"valueName":"search_term_string"}}],"inLanguage":"fr-FR"},{"@type":"Organization","@id":"https:\/\/www.omrserrature.it\/fr\/#organization","name":"OMR Serrature | Produzione sistemi di chiusura","url":"https:\/\/www.omrserrature.it\/fr\/","logo":{"@type":"ImageObject","inLanguage":"fr-FR","@id":"https:\/\/www.omrserrature.it\/fr\/#\/schema\/logo\/image\/","url":"https:\/\/www.omrserrature.it\/wp-content\/uploads\/2017\/09\/favicon-omr-114.png","contentUrl":"https:\/\/www.omrserrature.it\/wp-content\/uploads\/2017\/09\/favicon-omr-114.png","width":114,"height":114,"caption":"OMR Serrature | Produzione sistemi di chiusura"},"image":{"@id":"https:\/\/www.omrserrature.it\/fr\/#\/schema\/logo\/image\/"},"sameAs":["https:\/\/www.facebook.com\/OMRserrature","https:\/\/www.linkedin.com\/company\/omrserrature\/","https:\/\/www.youtube.com\/channel\/UCxmA85z2R0EpG_6IRokiAkg"]}]}},"_links":{"self":[{"href":"https:\/\/www.omrserrature.it\/fr\/wp-json\/wp\/v2\/product\/242961","targetHints":{"allow":["GET"]}}],"collection":[{"href":"https:\/\/www.omrserrature.it\/fr\/wp-json\/wp\/v2\/product"}],"about":[{"href":"https:\/\/www.omrserrature.it\/fr\/wp-json\/wp\/v2\/types\/product"}],"replies":[{"embeddable":true,"href":"https:\/\/www.omrserrature.it\/fr\/wp-json\/wp\/v2\/comments?post=242961"}],"wp:featuredmedia":[{"embeddable":true,"href":"https:\/\/www.omrserrature.it\/fr\/wp-json\/wp\/v2\/media\/11095"}],"wp:attachment":[{"href":"https:\/\/www.omrserrature.it\/fr\/wp-json\/wp\/v2\/media?parent=242961"}],"wp:term":[{"taxonomy":"product_brand","embeddable":true,"href":"https:\/\/www.omrserrature.it\/fr\/wp-json\/wp\/v2\/product_brand?post=242961"},{"taxonomy":"product_cat","embeddable":true,"href":"https:\/\/www.omrserrature.it\/fr\/wp-json\/wp\/v2\/product_cat?post=242961"},{"taxonomy":"product_tag","embeddable":true,"href":"https:\/\/www.omrserrature.it\/fr\/wp-json\/wp\/v2\/product_tag?post=242961"}],"curies":[{"name":"wp","href":"https:\/\/api.w.org\/{rel}","templated":true}]}}