{"id":242955,"date":"2017-10-16T11:07:01","date_gmt":"2016-10-17T09:07:00","guid":{"rendered":"https:\/\/www.staging6.omrserrature.it\/prodotto\/serrure-a-bouton-poussoir-pour-portes-coulissantes\/"},"modified":"2026-04-08T12:24:49","modified_gmt":"2026-04-08T10:24:49","slug":"serrure-a-bouton-poussoir-pour-portes-coulissantes","status":"publish","type":"product","link":"https:\/\/www.omrserrature.it\/fr\/produit\/serrure-a-bouton-poussoir-pour-portes-coulissantes\/","title":{"rendered":"Serrure \u00e0 bouton-poussoir pour portes coulissantes"},"content":{"rendered":"<p>La <strong>serrure \u00e0 bouton-poussoir pour portes coulissantes<\/strong> est con\u00e7ue pour offrir qualit\u00e9 et fiabilit\u00e9 aux <strong>fabricants d&rsquo;armoires et de meubles de bureau<\/strong> gr\u00e2ce \u00e0 un design rationnel qui <strong>optimise la production et l&rsquo;utilisation des portes coulissantes.<\/strong> En effet, le <strong>corps de la serrure<\/strong>, le<strong> trou d&rsquo;accrochage arri\u00e8re<\/strong> et les <strong>poign\u00e9es<\/strong> ont \u00e9t\u00e9 con\u00e7us pour \u00eatre log\u00e9s dans le m\u00eame trou identique : il est ainsi possible de r\u00e9aliser des <strong>portes parfaitement r\u00e9versibles<\/strong>, ce qui optimise et acc\u00e9l\u00e8re la production en s\u00e9rie. <\/p>\n<p>Le syst\u00e8me de <strong>fixation rapide<\/strong> sur le panneau est r\u00e9alis\u00e9 par des inserts en plastique qui se dilatent une fois la serrure ins\u00e9r\u00e9e dans le gabarit. Le tampon arri\u00e8re en caoutchouc \u00e9vite les rayures sur le panneau arri\u00e8re, m\u00eame si le bouton est accidentellement enfonc\u00e9 pendant le coulissement du panneau. Gr\u00e2ce au <strong>ressort<\/strong>, une fois la cl\u00e9 tourn\u00e9e, <strong>le bouton est automatiquement pouss\u00e9 vers l&rsquo;ext\u00e9rieur<\/strong> en position ouverte.  <\/p>\n<p>Applicable sur les <strong>portes coulissantes en m\u00e9tal<\/strong>, il trouve sa place id\u00e9ale dans les meubles de <strong>bureau<\/strong> en t\u00f4le tels que les classeurs, les armoires suspendues, les armoires de direction et de rangement. Ce type de <strong>mobilier<\/strong> est couramment utilis\u00e9 dans le<strong>secteur contractuel<\/strong> et dans l&rsquo;am\u00e9nagement de bureaux, de biblioth\u00e8ques, d&rsquo;\u00e9coles, d&rsquo;universit\u00e9s et d&rsquo;archives.<\/p>\n","protected":false},"excerpt":{"rendered":"<p>La <strong>serrure \u00e0 bouton-poussoir pour portes coulissantes<\/strong> est con\u00e7ue pour offrir qualit\u00e9 et fiabilit\u00e9 aux <strong>fabricants d&rsquo;armoires et de mobilier de bureau<\/strong> gr\u00e2ce \u00e0 un design rationnel qui <strong>optimise la production et l&rsquo;utilisation des portes coulissantes<\/strong>.<\/p>\n","protected":false},"featured_media":26075,"comment_status":"open","ping_status":"closed","template":"","meta":{"_acf_changed":false,"_et_pb_use_builder":"","_et_pb_old_content":"","_et_gb_content_width":""},"product_brand":[],"product_cat":[3757,3740,3755,3754,3646,3658,3723,3714,3697,3690,3748],"product_tag":[],"class_list":{"0":"post-242955","1":"product","2":"type-product","3":"status-publish","4":"has-post-thumbnail","6":"product_cat-bureaux","7":"product_cat-glissant","8":"product_cat-hopitaux-et-soins-de-sante","9":"product_cat-juste","10":"product_cat-serrures-a-bouton-poussoir","11":"product_cat-serrures-a-passe-partout","12":"product_cat-serrures-de-panneaux","13":"product_cat-serrures-pour-armoires-industrielles","14":"product_cat-serrures-pour-meubles","15":"product_cat-serrures-professionnelles-pour-meubles","16":"product_cat-systemes-de-fermeture-pour-lindustrie","18":"first","19":"instock","20":"shipping-taxable","21":"product-type-simple"},"acf":{"pdf1":"https:\/\/www.omrserrature.it\/wp-content\/uploads\/schede\/Scheda_160551.pdf"},"yoast_head":"<!-- This site is optimized with the Yoast SEO plugin v27.2 - https:\/\/yoast.com\/product\/yoast-seo-wordpress\/ -->\n<title>Serrure \u00e0 bouton-poussoir pour portes coulissantes - OMR Serrature<\/title>\n<meta name=\"robots\" content=\"index, follow, max-snippet:-1, max-image-preview:large, max-video-preview:-1\" \/>\n<link rel=\"canonical\" href=\"https:\/\/www.omrserrature.it\/fr\/produit\/serrure-a-bouton-poussoir-pour-portes-coulissantes\/\" \/>\n<meta property=\"og:locale\" content=\"fr_FR\" \/>\n<meta property=\"og:type\" content=\"article\" \/>\n<meta property=\"og:title\" content=\"Serrure \u00e0 bouton-poussoir pour portes coulissantes - OMR Serrature\" \/>\n<meta property=\"og:description\" content=\"La serrure \u00e0 bouton-poussoir pour portes coulissantes est con\u00e7ue pour offrir qualit\u00e9 et fiabilit\u00e9 aux fabricants d&#039;armoires et de mobilier de bureau gr\u00e2ce \u00e0 un design rationnel qui optimise la production et l&#039;utilisation des portes coulissantes.\" \/>\n<meta property=\"og:url\" content=\"https:\/\/www.omrserrature.it\/fr\/produit\/serrure-a-bouton-poussoir-pour-portes-coulissantes\/\" \/>\n<meta property=\"og:site_name\" content=\"OMR Serrature | Produzione sistemi di chiusura\" \/>\n<meta property=\"article:publisher\" content=\"https:\/\/www.facebook.com\/OMRserrature\" \/>\n<meta property=\"article:modified_time\" content=\"2026-04-08T10:24:49+00:00\" \/>\n<meta property=\"og:image\" content=\"https:\/\/www.omrserrature.it\/wp-content\/uploads\/2017\/10\/Serratura-per-porte-scorrevoli.jpg\" \/>\n\t<meta property=\"og:image:width\" content=\"600\" \/>\n\t<meta property=\"og:image:height\" content=\"600\" \/>\n\t<meta property=\"og:image:type\" content=\"image\/jpeg\" \/>\n<meta name=\"twitter:card\" content=\"summary_large_image\" \/>\n<meta name=\"twitter:label1\" content=\"Dur\u00e9e de lecture estim\u00e9e\" \/>\n\t<meta name=\"twitter:data1\" content=\"1 minute\" \/>\n<script type=\"application\/ld+json\" class=\"yoast-schema-graph\">{\"@context\":\"https:\/\/schema.org\",\"@graph\":[{\"@type\":\"WebPage\",\"@id\":\"https:\/\/www.omrserrature.it\/fr\/produit\/serrure-a-bouton-poussoir-pour-portes-coulissantes\/\",\"url\":\"https:\/\/www.omrserrature.it\/fr\/produit\/serrure-a-bouton-poussoir-pour-portes-coulissantes\/\",\"name\":\"Serrure \u00e0 bouton-poussoir pour portes coulissantes - OMR Serrature\",\"isPartOf\":{\"@id\":\"https:\/\/www.omrserrature.it\/fr\/#website\"},\"primaryImageOfPage\":{\"@id\":\"https:\/\/www.omrserrature.it\/fr\/produit\/serrure-a-bouton-poussoir-pour-portes-coulissantes\/#primaryimage\"},\"image\":{\"@id\":\"https:\/\/www.omrserrature.it\/fr\/produit\/serrure-a-bouton-poussoir-pour-portes-coulissantes\/#primaryimage\"},\"thumbnailUrl\":\"https:\/\/www.omrserrature.it\/wp-content\/uploads\/2017\/10\/Serratura-per-porte-scorrevoli.jpg\",\"datePublished\":\"2016-10-17T09:07:00+00:00\",\"dateModified\":\"2026-04-08T10:24:49+00:00\",\"breadcrumb\":{\"@id\":\"https:\/\/www.omrserrature.it\/fr\/produit\/serrure-a-bouton-poussoir-pour-portes-coulissantes\/#breadcrumb\"},\"inLanguage\":\"fr-FR\",\"potentialAction\":[{\"@type\":\"ReadAction\",\"target\":[\"https:\/\/www.omrserrature.it\/fr\/produit\/serrure-a-bouton-poussoir-pour-portes-coulissantes\/\"]}]},{\"@type\":\"ImageObject\",\"inLanguage\":\"fr-FR\",\"@id\":\"https:\/\/www.omrserrature.it\/fr\/produit\/serrure-a-bouton-poussoir-pour-portes-coulissantes\/#primaryimage\",\"url\":\"https:\/\/www.omrserrature.it\/wp-content\/uploads\/2017\/10\/Serratura-per-porte-scorrevoli.jpg\",\"contentUrl\":\"https:\/\/www.omrserrature.it\/wp-content\/uploads\/2017\/10\/Serratura-per-porte-scorrevoli.jpg\",\"width\":600,\"height\":600,\"caption\":\"Serrure \u00e0 bouton-poussoir pour portes coulissantes\"},{\"@type\":\"BreadcrumbList\",\"@id\":\"https:\/\/www.omrserrature.it\/fr\/produit\/serrure-a-bouton-poussoir-pour-portes-coulissantes\/#breadcrumb\",\"itemListElement\":[{\"@type\":\"ListItem\",\"position\":1,\"name\":\"Home\",\"item\":\"https:\/\/www.omrserrature.it\/fr\/omr-serrures-et-systemes-de-verrouillage\/\"},{\"@type\":\"ListItem\",\"position\":2,\"name\":\"Catalogue\",\"item\":\"https:\/\/www.omrserrature.it\/catalogue\/?lang=fr\"},{\"@type\":\"ListItem\",\"position\":3,\"name\":\"Produits\",\"item\":\"https:\/\/www.omrserrature.it\/fr\/catalogue\/produits\/\"},{\"@type\":\"ListItem\",\"position\":4,\"name\":\"Serrures\",\"item\":\"https:\/\/www.omrserrature.it\/fr\/catalogue\/produits\/serrures\/\"},{\"@type\":\"ListItem\",\"position\":5,\"name\":\"Serrures \u00e0 passe-partout\",\"item\":\"https:\/\/www.omrserrature.it\/fr\/catalogue\/produits\/serrures\/serrures-a-passe-partout\/\"},{\"@type\":\"ListItem\",\"position\":6,\"name\":\"Serrure \u00e0 bouton-poussoir pour portes coulissantes\"}]},{\"@type\":\"WebSite\",\"@id\":\"https:\/\/www.omrserrature.it\/fr\/#website\",\"url\":\"https:\/\/www.omrserrature.it\/fr\/\",\"name\":\"OMR Serrature | Produzione sistemi di chiusura\",\"description\":\"Produzione serrature di sicurezza e sistemi di chiusura\",\"publisher\":{\"@id\":\"https:\/\/www.omrserrature.it\/fr\/#organization\"},\"potentialAction\":[{\"@type\":\"SearchAction\",\"target\":{\"@type\":\"EntryPoint\",\"urlTemplate\":\"https:\/\/www.omrserrature.it\/fr\/?s={search_term_string}\"},\"query-input\":{\"@type\":\"PropertyValueSpecification\",\"valueRequired\":true,\"valueName\":\"search_term_string\"}}],\"inLanguage\":\"fr-FR\"},{\"@type\":\"Organization\",\"@id\":\"https:\/\/www.omrserrature.it\/fr\/#organization\",\"name\":\"OMR Serrature | Produzione sistemi di chiusura\",\"url\":\"https:\/\/www.omrserrature.it\/fr\/\",\"logo\":{\"@type\":\"ImageObject\",\"inLanguage\":\"fr-FR\",\"@id\":\"https:\/\/www.omrserrature.it\/fr\/#\/schema\/logo\/image\/\",\"url\":\"https:\/\/www.omrserrature.it\/wp-content\/uploads\/2017\/09\/favicon-omr-114.png\",\"contentUrl\":\"https:\/\/www.omrserrature.it\/wp-content\/uploads\/2017\/09\/favicon-omr-114.png\",\"width\":114,\"height\":114,\"caption\":\"OMR Serrature | Produzione sistemi di chiusura\"},\"image\":{\"@id\":\"https:\/\/www.omrserrature.it\/fr\/#\/schema\/logo\/image\/\"},\"sameAs\":[\"https:\/\/www.facebook.com\/OMRserrature\",\"https:\/\/www.linkedin.com\/company\/omrserrature\/\",\"https:\/\/www.youtube.com\/channel\/UCxmA85z2R0EpG_6IRokiAkg\"]}]}<\/script>\n<!-- \/ Yoast SEO plugin. -->","yoast_head_json":{"title":"Serrure \u00e0 bouton-poussoir pour portes coulissantes - OMR Serrature","robots":{"index":"index","follow":"follow","max-snippet":"max-snippet:-1","max-image-preview":"max-image-preview:large","max-video-preview":"max-video-preview:-1"},"canonical":"https:\/\/www.omrserrature.it\/fr\/produit\/serrure-a-bouton-poussoir-pour-portes-coulissantes\/","og_locale":"fr_FR","og_type":"article","og_title":"Serrure \u00e0 bouton-poussoir pour portes coulissantes - OMR Serrature","og_description":"La serrure \u00e0 bouton-poussoir pour portes coulissantes est con\u00e7ue pour offrir qualit\u00e9 et fiabilit\u00e9 aux fabricants d'armoires et de mobilier de bureau gr\u00e2ce \u00e0 un design rationnel qui optimise la production et l'utilisation des portes coulissantes.","og_url":"https:\/\/www.omrserrature.it\/fr\/produit\/serrure-a-bouton-poussoir-pour-portes-coulissantes\/","og_site_name":"OMR Serrature | Produzione sistemi di chiusura","article_publisher":"https:\/\/www.facebook.com\/OMRserrature","article_modified_time":"2026-04-08T10:24:49+00:00","og_image":[{"width":600,"height":600,"url":"https:\/\/www.omrserrature.it\/wp-content\/uploads\/2017\/10\/Serratura-per-porte-scorrevoli.jpg","type":"image\/jpeg"}],"twitter_card":"summary_large_image","twitter_misc":{"Dur\u00e9e de lecture estim\u00e9e":"1 minute"},"schema":{"@context":"https:\/\/schema.org","@graph":[{"@type":"WebPage","@id":"https:\/\/www.omrserrature.it\/fr\/produit\/serrure-a-bouton-poussoir-pour-portes-coulissantes\/","url":"https:\/\/www.omrserrature.it\/fr\/produit\/serrure-a-bouton-poussoir-pour-portes-coulissantes\/","name":"Serrure \u00e0 bouton-poussoir pour portes coulissantes - OMR Serrature","isPartOf":{"@id":"https:\/\/www.omrserrature.it\/fr\/#website"},"primaryImageOfPage":{"@id":"https:\/\/www.omrserrature.it\/fr\/produit\/serrure-a-bouton-poussoir-pour-portes-coulissantes\/#primaryimage"},"image":{"@id":"https:\/\/www.omrserrature.it\/fr\/produit\/serrure-a-bouton-poussoir-pour-portes-coulissantes\/#primaryimage"},"thumbnailUrl":"https:\/\/www.omrserrature.it\/wp-content\/uploads\/2017\/10\/Serratura-per-porte-scorrevoli.jpg","datePublished":"2016-10-17T09:07:00+00:00","dateModified":"2026-04-08T10:24:49+00:00","breadcrumb":{"@id":"https:\/\/www.omrserrature.it\/fr\/produit\/serrure-a-bouton-poussoir-pour-portes-coulissantes\/#breadcrumb"},"inLanguage":"fr-FR","potentialAction":[{"@type":"ReadAction","target":["https:\/\/www.omrserrature.it\/fr\/produit\/serrure-a-bouton-poussoir-pour-portes-coulissantes\/"]}]},{"@type":"ImageObject","inLanguage":"fr-FR","@id":"https:\/\/www.omrserrature.it\/fr\/produit\/serrure-a-bouton-poussoir-pour-portes-coulissantes\/#primaryimage","url":"https:\/\/www.omrserrature.it\/wp-content\/uploads\/2017\/10\/Serratura-per-porte-scorrevoli.jpg","contentUrl":"https:\/\/www.omrserrature.it\/wp-content\/uploads\/2017\/10\/Serratura-per-porte-scorrevoli.jpg","width":600,"height":600,"caption":"Serrure \u00e0 bouton-poussoir pour portes coulissantes"},{"@type":"BreadcrumbList","@id":"https:\/\/www.omrserrature.it\/fr\/produit\/serrure-a-bouton-poussoir-pour-portes-coulissantes\/#breadcrumb","itemListElement":[{"@type":"ListItem","position":1,"name":"Home","item":"https:\/\/www.omrserrature.it\/fr\/omr-serrures-et-systemes-de-verrouillage\/"},{"@type":"ListItem","position":2,"name":"Catalogue","item":"https:\/\/www.omrserrature.it\/catalogue\/?lang=fr"},{"@type":"ListItem","position":3,"name":"Produits","item":"https:\/\/www.omrserrature.it\/fr\/catalogue\/produits\/"},{"@type":"ListItem","position":4,"name":"Serrures","item":"https:\/\/www.omrserrature.it\/fr\/catalogue\/produits\/serrures\/"},{"@type":"ListItem","position":5,"name":"Serrures \u00e0 passe-partout","item":"https:\/\/www.omrserrature.it\/fr\/catalogue\/produits\/serrures\/serrures-a-passe-partout\/"},{"@type":"ListItem","position":6,"name":"Serrure \u00e0 bouton-poussoir pour portes coulissantes"}]},{"@type":"WebSite","@id":"https:\/\/www.omrserrature.it\/fr\/#website","url":"https:\/\/www.omrserrature.it\/fr\/","name":"OMR Serrature | Produzione sistemi di chiusura","description":"Produzione serrature di sicurezza e sistemi di chiusura","publisher":{"@id":"https:\/\/www.omrserrature.it\/fr\/#organization"},"potentialAction":[{"@type":"SearchAction","target":{"@type":"EntryPoint","urlTemplate":"https:\/\/www.omrserrature.it\/fr\/?s={search_term_string}"},"query-input":{"@type":"PropertyValueSpecification","valueRequired":true,"valueName":"search_term_string"}}],"inLanguage":"fr-FR"},{"@type":"Organization","@id":"https:\/\/www.omrserrature.it\/fr\/#organization","name":"OMR Serrature | Produzione sistemi di chiusura","url":"https:\/\/www.omrserrature.it\/fr\/","logo":{"@type":"ImageObject","inLanguage":"fr-FR","@id":"https:\/\/www.omrserrature.it\/fr\/#\/schema\/logo\/image\/","url":"https:\/\/www.omrserrature.it\/wp-content\/uploads\/2017\/09\/favicon-omr-114.png","contentUrl":"https:\/\/www.omrserrature.it\/wp-content\/uploads\/2017\/09\/favicon-omr-114.png","width":114,"height":114,"caption":"OMR Serrature | Produzione sistemi di chiusura"},"image":{"@id":"https:\/\/www.omrserrature.it\/fr\/#\/schema\/logo\/image\/"},"sameAs":["https:\/\/www.facebook.com\/OMRserrature","https:\/\/www.linkedin.com\/company\/omrserrature\/","https:\/\/www.youtube.com\/channel\/UCxmA85z2R0EpG_6IRokiAkg"]}]}},"_links":{"self":[{"href":"https:\/\/www.omrserrature.it\/fr\/wp-json\/wp\/v2\/product\/242955","targetHints":{"allow":["GET"]}}],"collection":[{"href":"https:\/\/www.omrserrature.it\/fr\/wp-json\/wp\/v2\/product"}],"about":[{"href":"https:\/\/www.omrserrature.it\/fr\/wp-json\/wp\/v2\/types\/product"}],"replies":[{"embeddable":true,"href":"https:\/\/www.omrserrature.it\/fr\/wp-json\/wp\/v2\/comments?post=242955"}],"wp:featuredmedia":[{"embeddable":true,"href":"https:\/\/www.omrserrature.it\/fr\/wp-json\/wp\/v2\/media\/26075"}],"wp:attachment":[{"href":"https:\/\/www.omrserrature.it\/fr\/wp-json\/wp\/v2\/media?parent=242955"}],"wp:term":[{"taxonomy":"product_brand","embeddable":true,"href":"https:\/\/www.omrserrature.it\/fr\/wp-json\/wp\/v2\/product_brand?post=242955"},{"taxonomy":"product_cat","embeddable":true,"href":"https:\/\/www.omrserrature.it\/fr\/wp-json\/wp\/v2\/product_cat?post=242955"},{"taxonomy":"product_tag","embeddable":true,"href":"https:\/\/www.omrserrature.it\/fr\/wp-json\/wp\/v2\/product_tag?post=242955"}],"curies":[{"name":"wp","href":"https:\/\/api.w.org\/{rel}","templated":true}]}}