{"id":242951,"date":"2017-10-12T15:54:48","date_gmt":"2012-10-17T13:54:00","guid":{"rendered":"https:\/\/www.staging6.omrserrature.it\/prodotto\/serrure-a-paillettes-pour-tiroirs\/"},"modified":"2026-04-08T12:50:09","modified_gmt":"2026-04-08T10:50:09","slug":"serrure-a-paillettes-pour-tiroirs","status":"publish","type":"product","link":"https:\/\/www.omrserrature.it\/fr\/produit\/serrure-a-paillettes-pour-tiroirs\/","title":{"rendered":"Serrure pour tiroir \u00e0 lamelles"},"content":{"rendered":"<p>La <strong>serrure \u00e0 tiroir pivotante<\/strong> est constitu\u00e9e d&rsquo;un stator \u00e0 l&rsquo;int\u00e9rieur duquel r\u00e9side un rotor dot\u00e9 d&rsquo;un m\u00e9canisme \u00e0 paillettes. Fabriqu\u00e9e en m\u00e9tal moul\u00e9 sous pression (zamak), elle est \u00e9quip\u00e9e \u00e0 l&rsquo;arri\u00e8re d&rsquo;un axe, appel\u00e9 <strong>commande<\/strong>, qui pivote \u00e0 180\u00b0 pour commander le syst\u00e8me de <strong>fermeture multiple et centralis\u00e9e<\/strong> des tiroirs. <\/p>\n<p>Il peut \u00eatre \u00e9quip\u00e9 de <strong>cl\u00e9s articul\u00e9es antichocs<\/strong> en plastique color\u00e9.<\/p>\n<p>Des <strong>panneaux anti-basculement<\/strong> peuvent \u00eatre fournis en combinaison. Ils offrent une grande s\u00e9curit\u00e9 en emp\u00eachant l&rsquo;ouverture accidentelle des tiroirs lors du d\u00e9placement de la bo\u00eete \u00e0 outils. Les came emp\u00eachent \u00e9galement l&rsquo;ouverture de 2 tiroirs en m\u00eame temps, une situation qui pourrait provoquer la chute du chariot. Cette serrure de tiroir est utilis\u00e9e dans les <strong>archives, les classeurs et les armoires \u00e0 tiroirs<\/strong>.  <\/p>\n","protected":false},"excerpt":{"rendered":"<p>La <strong>serrure \u00e0 tiroir pivotante<\/strong> est constitu\u00e9e d&rsquo;un stator \u00e0 l&rsquo;int\u00e9rieur duquel r\u00e9side un rotor dot\u00e9 d&rsquo;un m\u00e9canisme \u00e0 paillettes. Fabriqu\u00e9e en m\u00e9tal moul\u00e9 sous pression (zamak), elle est \u00e9quip\u00e9e \u00e0 l&rsquo;arri\u00e8re d&rsquo;un axe, appel\u00e9 <strong>commande<\/strong>, qui pivote \u00e0 180\u00b0 pour commander le syst\u00e8me de <strong>fermeture multiple et centralis\u00e9e<\/strong> des tiroirs. <\/p>\n","protected":false},"featured_media":3258,"comment_status":"open","ping_status":"closed","template":"","meta":{"_acf_changed":false,"_et_pb_use_builder":"","_et_pb_old_content":"","_et_gb_content_width":""},"product_brand":[],"product_cat":[3662],"product_tag":[],"class_list":{"0":"post-242951","1":"product","2":"type-product","3":"status-publish","4":"has-post-thumbnail","6":"product_cat-serrures-speciales-sur-mesure","8":"first","9":"instock","10":"shipping-taxable","11":"product-type-simple"},"acf":{"pdf1":"https:\/\/www.omrserrature.it\/wp-content\/uploads\/schede\/Scheda_162000.pdf"},"yoast_head":"<!-- This site is optimized with the Yoast SEO plugin v27.2 - https:\/\/yoast.com\/product\/yoast-seo-wordpress\/ -->\n<title>Serrure pour tiroir \u00e0 lamelles - OMR Serrature<\/title>\n<meta name=\"robots\" content=\"index, follow, max-snippet:-1, max-image-preview:large, max-video-preview:-1\" \/>\n<link rel=\"canonical\" href=\"https:\/\/www.omrserrature.it\/fr\/produit\/serrure-a-paillettes-pour-tiroirs\/\" \/>\n<meta property=\"og:locale\" content=\"fr_FR\" \/>\n<meta property=\"og:type\" content=\"article\" \/>\n<meta property=\"og:title\" content=\"Serrure pour tiroir \u00e0 lamelles - OMR Serrature\" \/>\n<meta property=\"og:description\" content=\"La serrure \u00e0 tiroir pivotante est constitu\u00e9e d&#039;un stator \u00e0 l&#039;int\u00e9rieur duquel r\u00e9side un rotor dot\u00e9 d&#039;un m\u00e9canisme \u00e0 paillettes. Fabriqu\u00e9e en m\u00e9tal moul\u00e9 sous pression (zamak), elle est \u00e9quip\u00e9e \u00e0 l&#039;arri\u00e8re d&#039;un axe, appel\u00e9 commande, qui pivote \u00e0 180\u00b0 pour commander le syst\u00e8me de fermeture multiple et centralis\u00e9e des tiroirs.\" \/>\n<meta property=\"og:url\" content=\"https:\/\/www.omrserrature.it\/fr\/produit\/serrure-a-paillettes-pour-tiroirs\/\" \/>\n<meta property=\"og:site_name\" content=\"OMR Serrature | Produzione sistemi di chiusura\" \/>\n<meta property=\"article:publisher\" content=\"https:\/\/www.facebook.com\/OMRserrature\" \/>\n<meta property=\"article:modified_time\" content=\"2026-04-08T10:50:09+00:00\" \/>\n<meta property=\"og:image\" content=\"https:\/\/www.omrserrature.it\/wp-content\/uploads\/2017\/10\/serratura-cassettiera-lamelle.jpg\" \/>\n\t<meta property=\"og:image:width\" content=\"530\" \/>\n\t<meta property=\"og:image:height\" content=\"398\" \/>\n\t<meta property=\"og:image:type\" content=\"image\/jpeg\" \/>\n<meta name=\"twitter:card\" content=\"summary_large_image\" \/>\n<meta name=\"twitter:label1\" content=\"Dur\u00e9e de lecture estim\u00e9e\" \/>\n\t<meta name=\"twitter:data1\" content=\"1 minute\" \/>\n<script type=\"application\/ld+json\" class=\"yoast-schema-graph\">{\"@context\":\"https:\/\/schema.org\",\"@graph\":[{\"@type\":\"WebPage\",\"@id\":\"https:\/\/www.omrserrature.it\/fr\/produit\/serrure-a-paillettes-pour-tiroirs\/\",\"url\":\"https:\/\/www.omrserrature.it\/fr\/produit\/serrure-a-paillettes-pour-tiroirs\/\",\"name\":\"Serrure pour tiroir \u00e0 lamelles - OMR Serrature\",\"isPartOf\":{\"@id\":\"https:\/\/www.omrserrature.it\/fr\/#website\"},\"primaryImageOfPage\":{\"@id\":\"https:\/\/www.omrserrature.it\/fr\/produit\/serrure-a-paillettes-pour-tiroirs\/#primaryimage\"},\"image\":{\"@id\":\"https:\/\/www.omrserrature.it\/fr\/produit\/serrure-a-paillettes-pour-tiroirs\/#primaryimage\"},\"thumbnailUrl\":\"https:\/\/www.omrserrature.it\/wp-content\/uploads\/2017\/10\/serratura-cassettiera-lamelle.jpg\",\"datePublished\":\"2012-10-17T13:54:00+00:00\",\"dateModified\":\"2026-04-08T10:50:09+00:00\",\"breadcrumb\":{\"@id\":\"https:\/\/www.omrserrature.it\/fr\/produit\/serrure-a-paillettes-pour-tiroirs\/#breadcrumb\"},\"inLanguage\":\"fr-FR\",\"potentialAction\":[{\"@type\":\"ReadAction\",\"target\":[\"https:\/\/www.omrserrature.it\/fr\/produit\/serrure-a-paillettes-pour-tiroirs\/\"]}]},{\"@type\":\"ImageObject\",\"inLanguage\":\"fr-FR\",\"@id\":\"https:\/\/www.omrserrature.it\/fr\/produit\/serrure-a-paillettes-pour-tiroirs\/#primaryimage\",\"url\":\"https:\/\/www.omrserrature.it\/wp-content\/uploads\/2017\/10\/serratura-cassettiera-lamelle.jpg\",\"contentUrl\":\"https:\/\/www.omrserrature.it\/wp-content\/uploads\/2017\/10\/serratura-cassettiera-lamelle.jpg\",\"width\":530,\"height\":398,\"caption\":\"Serrure batteuse \u00e0 paillettes\"},{\"@type\":\"BreadcrumbList\",\"@id\":\"https:\/\/www.omrserrature.it\/fr\/produit\/serrure-a-paillettes-pour-tiroirs\/#breadcrumb\",\"itemListElement\":[{\"@type\":\"ListItem\",\"position\":1,\"name\":\"Home\",\"item\":\"https:\/\/www.omrserrature.it\/fr\/omr-serrures-et-systemes-de-verrouillage\/\"},{\"@type\":\"ListItem\",\"position\":2,\"name\":\"Catalogue\",\"item\":\"https:\/\/www.omrserrature.it\/catalogue\/?lang=fr\"},{\"@type\":\"ListItem\",\"position\":3,\"name\":\"Produits\",\"item\":\"https:\/\/www.omrserrature.it\/fr\/catalogue\/produits\/\"},{\"@type\":\"ListItem\",\"position\":4,\"name\":\"Serrures\",\"item\":\"https:\/\/www.omrserrature.it\/fr\/catalogue\/produits\/serrures\/\"},{\"@type\":\"ListItem\",\"position\":5,\"name\":\"Serrures sp\u00e9ciales sur mesure\",\"item\":\"https:\/\/www.omrserrature.it\/fr\/catalogue\/produits\/serrures\/serrures-speciales-sur-mesure\/\"},{\"@type\":\"ListItem\",\"position\":6,\"name\":\"Serrure pour tiroir \u00e0 lamelles\"}]},{\"@type\":\"WebSite\",\"@id\":\"https:\/\/www.omrserrature.it\/fr\/#website\",\"url\":\"https:\/\/www.omrserrature.it\/fr\/\",\"name\":\"OMR Serrature | Produzione sistemi di chiusura\",\"description\":\"Produzione serrature di sicurezza e sistemi di chiusura\",\"publisher\":{\"@id\":\"https:\/\/www.omrserrature.it\/fr\/#organization\"},\"potentialAction\":[{\"@type\":\"SearchAction\",\"target\":{\"@type\":\"EntryPoint\",\"urlTemplate\":\"https:\/\/www.omrserrature.it\/fr\/?s={search_term_string}\"},\"query-input\":{\"@type\":\"PropertyValueSpecification\",\"valueRequired\":true,\"valueName\":\"search_term_string\"}}],\"inLanguage\":\"fr-FR\"},{\"@type\":\"Organization\",\"@id\":\"https:\/\/www.omrserrature.it\/fr\/#organization\",\"name\":\"OMR Serrature | Produzione sistemi di chiusura\",\"url\":\"https:\/\/www.omrserrature.it\/fr\/\",\"logo\":{\"@type\":\"ImageObject\",\"inLanguage\":\"fr-FR\",\"@id\":\"https:\/\/www.omrserrature.it\/fr\/#\/schema\/logo\/image\/\",\"url\":\"https:\/\/www.omrserrature.it\/wp-content\/uploads\/2017\/09\/favicon-omr-114.png\",\"contentUrl\":\"https:\/\/www.omrserrature.it\/wp-content\/uploads\/2017\/09\/favicon-omr-114.png\",\"width\":114,\"height\":114,\"caption\":\"OMR Serrature | Produzione sistemi di chiusura\"},\"image\":{\"@id\":\"https:\/\/www.omrserrature.it\/fr\/#\/schema\/logo\/image\/\"},\"sameAs\":[\"https:\/\/www.facebook.com\/OMRserrature\",\"https:\/\/www.linkedin.com\/company\/omrserrature\/\",\"https:\/\/www.youtube.com\/channel\/UCxmA85z2R0EpG_6IRokiAkg\"]}]}<\/script>\n<!-- \/ Yoast SEO plugin. -->","yoast_head_json":{"title":"Serrure pour tiroir \u00e0 lamelles - OMR Serrature","robots":{"index":"index","follow":"follow","max-snippet":"max-snippet:-1","max-image-preview":"max-image-preview:large","max-video-preview":"max-video-preview:-1"},"canonical":"https:\/\/www.omrserrature.it\/fr\/produit\/serrure-a-paillettes-pour-tiroirs\/","og_locale":"fr_FR","og_type":"article","og_title":"Serrure pour tiroir \u00e0 lamelles - OMR Serrature","og_description":"La serrure \u00e0 tiroir pivotante est constitu\u00e9e d'un stator \u00e0 l'int\u00e9rieur duquel r\u00e9side un rotor dot\u00e9 d'un m\u00e9canisme \u00e0 paillettes. Fabriqu\u00e9e en m\u00e9tal moul\u00e9 sous pression (zamak), elle est \u00e9quip\u00e9e \u00e0 l'arri\u00e8re d'un axe, appel\u00e9 commande, qui pivote \u00e0 180\u00b0 pour commander le syst\u00e8me de fermeture multiple et centralis\u00e9e des tiroirs.","og_url":"https:\/\/www.omrserrature.it\/fr\/produit\/serrure-a-paillettes-pour-tiroirs\/","og_site_name":"OMR Serrature | Produzione sistemi di chiusura","article_publisher":"https:\/\/www.facebook.com\/OMRserrature","article_modified_time":"2026-04-08T10:50:09+00:00","og_image":[{"width":530,"height":398,"url":"https:\/\/www.omrserrature.it\/wp-content\/uploads\/2017\/10\/serratura-cassettiera-lamelle.jpg","type":"image\/jpeg"}],"twitter_card":"summary_large_image","twitter_misc":{"Dur\u00e9e de lecture estim\u00e9e":"1 minute"},"schema":{"@context":"https:\/\/schema.org","@graph":[{"@type":"WebPage","@id":"https:\/\/www.omrserrature.it\/fr\/produit\/serrure-a-paillettes-pour-tiroirs\/","url":"https:\/\/www.omrserrature.it\/fr\/produit\/serrure-a-paillettes-pour-tiroirs\/","name":"Serrure pour tiroir \u00e0 lamelles - OMR Serrature","isPartOf":{"@id":"https:\/\/www.omrserrature.it\/fr\/#website"},"primaryImageOfPage":{"@id":"https:\/\/www.omrserrature.it\/fr\/produit\/serrure-a-paillettes-pour-tiroirs\/#primaryimage"},"image":{"@id":"https:\/\/www.omrserrature.it\/fr\/produit\/serrure-a-paillettes-pour-tiroirs\/#primaryimage"},"thumbnailUrl":"https:\/\/www.omrserrature.it\/wp-content\/uploads\/2017\/10\/serratura-cassettiera-lamelle.jpg","datePublished":"2012-10-17T13:54:00+00:00","dateModified":"2026-04-08T10:50:09+00:00","breadcrumb":{"@id":"https:\/\/www.omrserrature.it\/fr\/produit\/serrure-a-paillettes-pour-tiroirs\/#breadcrumb"},"inLanguage":"fr-FR","potentialAction":[{"@type":"ReadAction","target":["https:\/\/www.omrserrature.it\/fr\/produit\/serrure-a-paillettes-pour-tiroirs\/"]}]},{"@type":"ImageObject","inLanguage":"fr-FR","@id":"https:\/\/www.omrserrature.it\/fr\/produit\/serrure-a-paillettes-pour-tiroirs\/#primaryimage","url":"https:\/\/www.omrserrature.it\/wp-content\/uploads\/2017\/10\/serratura-cassettiera-lamelle.jpg","contentUrl":"https:\/\/www.omrserrature.it\/wp-content\/uploads\/2017\/10\/serratura-cassettiera-lamelle.jpg","width":530,"height":398,"caption":"Serrure batteuse \u00e0 paillettes"},{"@type":"BreadcrumbList","@id":"https:\/\/www.omrserrature.it\/fr\/produit\/serrure-a-paillettes-pour-tiroirs\/#breadcrumb","itemListElement":[{"@type":"ListItem","position":1,"name":"Home","item":"https:\/\/www.omrserrature.it\/fr\/omr-serrures-et-systemes-de-verrouillage\/"},{"@type":"ListItem","position":2,"name":"Catalogue","item":"https:\/\/www.omrserrature.it\/catalogue\/?lang=fr"},{"@type":"ListItem","position":3,"name":"Produits","item":"https:\/\/www.omrserrature.it\/fr\/catalogue\/produits\/"},{"@type":"ListItem","position":4,"name":"Serrures","item":"https:\/\/www.omrserrature.it\/fr\/catalogue\/produits\/serrures\/"},{"@type":"ListItem","position":5,"name":"Serrures sp\u00e9ciales sur mesure","item":"https:\/\/www.omrserrature.it\/fr\/catalogue\/produits\/serrures\/serrures-speciales-sur-mesure\/"},{"@type":"ListItem","position":6,"name":"Serrure pour tiroir \u00e0 lamelles"}]},{"@type":"WebSite","@id":"https:\/\/www.omrserrature.it\/fr\/#website","url":"https:\/\/www.omrserrature.it\/fr\/","name":"OMR Serrature | Produzione sistemi di chiusura","description":"Produzione serrature di sicurezza e sistemi di chiusura","publisher":{"@id":"https:\/\/www.omrserrature.it\/fr\/#organization"},"potentialAction":[{"@type":"SearchAction","target":{"@type":"EntryPoint","urlTemplate":"https:\/\/www.omrserrature.it\/fr\/?s={search_term_string}"},"query-input":{"@type":"PropertyValueSpecification","valueRequired":true,"valueName":"search_term_string"}}],"inLanguage":"fr-FR"},{"@type":"Organization","@id":"https:\/\/www.omrserrature.it\/fr\/#organization","name":"OMR Serrature | Produzione sistemi di chiusura","url":"https:\/\/www.omrserrature.it\/fr\/","logo":{"@type":"ImageObject","inLanguage":"fr-FR","@id":"https:\/\/www.omrserrature.it\/fr\/#\/schema\/logo\/image\/","url":"https:\/\/www.omrserrature.it\/wp-content\/uploads\/2017\/09\/favicon-omr-114.png","contentUrl":"https:\/\/www.omrserrature.it\/wp-content\/uploads\/2017\/09\/favicon-omr-114.png","width":114,"height":114,"caption":"OMR Serrature | Produzione sistemi di chiusura"},"image":{"@id":"https:\/\/www.omrserrature.it\/fr\/#\/schema\/logo\/image\/"},"sameAs":["https:\/\/www.facebook.com\/OMRserrature","https:\/\/www.linkedin.com\/company\/omrserrature\/","https:\/\/www.youtube.com\/channel\/UCxmA85z2R0EpG_6IRokiAkg"]}]}},"_links":{"self":[{"href":"https:\/\/www.omrserrature.it\/fr\/wp-json\/wp\/v2\/product\/242951","targetHints":{"allow":["GET"]}}],"collection":[{"href":"https:\/\/www.omrserrature.it\/fr\/wp-json\/wp\/v2\/product"}],"about":[{"href":"https:\/\/www.omrserrature.it\/fr\/wp-json\/wp\/v2\/types\/product"}],"replies":[{"embeddable":true,"href":"https:\/\/www.omrserrature.it\/fr\/wp-json\/wp\/v2\/comments?post=242951"}],"wp:featuredmedia":[{"embeddable":true,"href":"https:\/\/www.omrserrature.it\/fr\/wp-json\/wp\/v2\/media\/3258"}],"wp:attachment":[{"href":"https:\/\/www.omrserrature.it\/fr\/wp-json\/wp\/v2\/media?parent=242951"}],"wp:term":[{"taxonomy":"product_brand","embeddable":true,"href":"https:\/\/www.omrserrature.it\/fr\/wp-json\/wp\/v2\/product_brand?post=242951"},{"taxonomy":"product_cat","embeddable":true,"href":"https:\/\/www.omrserrature.it\/fr\/wp-json\/wp\/v2\/product_cat?post=242951"},{"taxonomy":"product_tag","embeddable":true,"href":"https:\/\/www.omrserrature.it\/fr\/wp-json\/wp\/v2\/product_tag?post=242951"}],"curies":[{"name":"wp","href":"https:\/\/api.w.org\/{rel}","templated":true}]}}