{"id":242947,"date":"2017-10-09T14:37:05","date_gmt":"2009-10-17T12:37:00","guid":{"rendered":"https:\/\/www.staging6.omrserrature.it\/prodotto\/serrure-de-boite-aux-lettres\/"},"modified":"2026-04-08T13:14:34","modified_gmt":"2026-04-08T11:14:34","slug":"serrure-de-boite-aux-lettres","status":"publish","type":"product","link":"https:\/\/www.omrserrature.it\/fr\/produit\/serrure-de-boite-aux-lettres\/","title":{"rendered":"Serrure de bo\u00eete aux lettres"},"content":{"rendered":"<p>La <strong>serrure universelle \u00e0 tringles \u00e0 came<\/strong> est \u00e9quip\u00e9e d&rsquo;un m\u00e9canisme \u00e0 paillettes. Elle est actionn\u00e9e par une cl\u00e9 en laiton nickel\u00e9 qui d\u00e9place le rotor central \u00e0 lamelles situ\u00e9 dans la bo\u00eete en alliage de zinc appel\u00e9e stator, bague ou corps.  Le diam\u00e8tre est frais\u00e9 sur deux faces oppos\u00e9es (plaques lat\u00e9rales) formant un double D pour emp\u00eacher la rotation du cliquet sur la porte. En actionnant le <strong>came arri\u00e8re<\/strong>, on d\u00e9termine la fermeture ou l&rsquo;ouverture.<\/p>\n<p>Le corps et le rotor de la serrure \u00e0 levier sont en alliage de zinc, tandis que la came est en acier. L&#8217;embout carr\u00e9 de 7 mm permet d&rsquo;installer des <strong>cames droites, coud\u00e9es ou \u00e0 crochet<\/strong>, ainsi que des cames multipoints pour le mouvement des tringles de fermeture (haut et bas), des cames \u00e0 tenons ou des pistons pour le <strong>verrouillage multiple et centralis\u00e9 des blocs-tiroirs<\/strong>. La bague de ce syst\u00e8me de fermeture est trait\u00e9e avec une peinture noire qui garantit une <strong>r\u00e9sistance aux intemp\u00e9ries et \u00e0 la corrosion<\/strong>, ainsi qu&rsquo;une int\u00e9gration parfaite en cas de remplacement, gr\u00e2ce \u00e0 une compatibilit\u00e9 totale avec le produit d&rsquo;origine. Le <strong>corps est pr\u00e9par\u00e9 pour \u00eatre fix\u00e9 \u00e0 l&rsquo;aide d&rsquo;une fourchette<\/strong> (\u00e9galement appel\u00e9e clip), ce qui permet une fixation rapide sur la t\u00f4le et l&rsquo;aluminium.   <\/p>\n<p>La mini serrure universelle \u00e0 came, <strong>gr\u00e2ce \u00e0 sa forme sp\u00e9ciale<\/strong>, est utilis\u00e9e comme pi\u00e8ce de rechange sur les bo\u00eetes aux lettres Alubox\u00ae Trimec. Cependant, il peut \u00e9galement s\u2019appliquer \u00e0 des articles dont l\u2019espace d\u2019installation est limit\u00e9, par exemple des produits d\u2019hygi\u00e8ne et de d\u00e9sinfection tels que <b>distributeurs de savon<\/b> et<b> distributeurs de serviettes<\/b>, syst\u00e8mes antivol, le mobilier de collectivit\u00e9 pour les cabinets m\u00e9dicaux et les environnements hospitaliers, le mobilier de collectivit\u00e9 pour les magasins, les pr\u00e9sentoirs, les bo\u00eetes aux lettres, les conteneurs, les casiers pour vestiaires, les armoires industrielles, les coffres de moto et les batteries pour v\u00e9los \u00e9lectriques, les syst\u00e8mes de jeux, les distributeurs automatiques et les stations de lavage de voitures. <\/p>\n","protected":false},"excerpt":{"rendered":"<p>La <strong>serrure universelle<\/strong> \u00e0 paillettes est \u00e9quip\u00e9e d&rsquo;un m\u00e9canisme \u00e0 paillettes.<\/p>\n<p>Cette serrure universelle \u00e0 paillettes, <strong>gr\u00e2ce \u00e0 sa forme particuli\u00e8re<\/strong>, est utilis\u00e9e en remplacement des bo\u00eetes aux lettres Alubox\u00ae, Trimec, et dans toutes les installations o\u00f9 l&rsquo;espace est restreint (distributeurs de savon et de serviettes, syst\u00e8mes antivol, mobilier de collectivit\u00e9 pour les cabinets m\u00e9dicaux et les milieux hospitaliers, etc.)<\/p>\n","protected":false},"featured_media":3246,"comment_status":"open","ping_status":"closed","template":"","meta":{"_acf_changed":false,"_et_pb_use_builder":"","_et_pb_old_content":"","_et_gb_content_width":""},"product_brand":[],"product_cat":[3750,3738,3661,3687,3658,3717,3723,3710,3719,3718,3707,3694,3697,3690],"product_tag":[],"class_list":{"0":"post-242947","1":"product","2":"type-product","3":"status-publish","4":"has-post-thumbnail","6":"product_cat-banque-et-poste","7":"product_cat-battant","8":"product_cat-micro-serrures","9":"product_cat-serrures-a-came","10":"product_cat-serrures-a-passe-partout","11":"product_cat-serrures-de-boites-aux-lettres","12":"product_cat-serrures-de-panneaux","13":"product_cat-serrures-pour-armoires-a-epi","14":"product_cat-serrures-pour-boites-postales","15":"product_cat-serrures-pour-casiers-a-colis","16":"product_cat-serrures-pour-distributeurs","17":"product_cat-serrures-pour-les-boites-aux-lettres","18":"product_cat-serrures-pour-meubles","19":"product_cat-serrures-professionnelles-pour-meubles","21":"first","22":"instock","23":"shipping-taxable","24":"product-type-simple"},"acf":{"pdf1":"https:\/\/www.omrserrature.it\/wp-content\/uploads\/schede\/Scheda_165838.pdf"},"yoast_head":"<!-- This site is optimized with the Yoast SEO plugin v27.2 - https:\/\/yoast.com\/product\/yoast-seo-wordpress\/ -->\n<title>Serrure de bo\u00eete aux lettres - OMR Serrature<\/title>\n<meta name=\"robots\" content=\"index, follow, max-snippet:-1, max-image-preview:large, max-video-preview:-1\" \/>\n<link rel=\"canonical\" href=\"https:\/\/www.omrserrature.it\/fr\/produit\/serrure-de-boite-aux-lettres\/\" \/>\n<meta property=\"og:locale\" content=\"fr_FR\" \/>\n<meta property=\"og:type\" content=\"article\" \/>\n<meta property=\"og:title\" content=\"Serrure de bo\u00eete aux lettres - OMR Serrature\" \/>\n<meta property=\"og:description\" content=\"La serrure universelle \u00e0 paillettes est \u00e9quip\u00e9e d&#039;un m\u00e9canisme \u00e0 paillettes. Cette serrure universelle \u00e0 paillettes, gr\u00e2ce \u00e0 sa forme particuli\u00e8re, est utilis\u00e9e en remplacement des bo\u00eetes aux lettres Alubox\u00ae, Trimec, et dans toutes les installations o\u00f9 l&#039;espace est restreint (distributeurs de savon et de serviettes, syst\u00e8mes antivol, mobilier de collectivit\u00e9 pour les cabinets m\u00e9dicaux et les milieux hospitaliers, etc.)\" \/>\n<meta property=\"og:url\" content=\"https:\/\/www.omrserrature.it\/fr\/produit\/serrure-de-boite-aux-lettres\/\" \/>\n<meta property=\"og:site_name\" content=\"OMR Serrature | Produzione sistemi di chiusura\" \/>\n<meta property=\"article:publisher\" content=\"https:\/\/www.facebook.com\/OMRserrature\" \/>\n<meta property=\"article:modified_time\" content=\"2026-04-08T11:14:34+00:00\" \/>\n<meta property=\"og:image\" content=\"https:\/\/www.omrserrature.it\/wp-content\/uploads\/2017\/10\/serratura-cassette-postali.jpg\" \/>\n\t<meta property=\"og:image:width\" content=\"234\" \/>\n\t<meta property=\"og:image:height\" content=\"400\" \/>\n\t<meta property=\"og:image:type\" content=\"image\/jpeg\" \/>\n<meta name=\"twitter:card\" content=\"summary_large_image\" \/>\n<meta name=\"twitter:label1\" content=\"Dur\u00e9e de lecture estim\u00e9e\" \/>\n\t<meta name=\"twitter:data1\" content=\"2 minutes\" \/>\n<script type=\"application\/ld+json\" class=\"yoast-schema-graph\">{\"@context\":\"https:\/\/schema.org\",\"@graph\":[{\"@type\":\"WebPage\",\"@id\":\"https:\/\/www.omrserrature.it\/fr\/produit\/serrure-de-boite-aux-lettres\/\",\"url\":\"https:\/\/www.omrserrature.it\/fr\/produit\/serrure-de-boite-aux-lettres\/\",\"name\":\"Serrure de bo\u00eete aux lettres - OMR Serrature\",\"isPartOf\":{\"@id\":\"https:\/\/www.omrserrature.it\/fr\/#website\"},\"primaryImageOfPage\":{\"@id\":\"https:\/\/www.omrserrature.it\/fr\/produit\/serrure-de-boite-aux-lettres\/#primaryimage\"},\"image\":{\"@id\":\"https:\/\/www.omrserrature.it\/fr\/produit\/serrure-de-boite-aux-lettres\/#primaryimage\"},\"thumbnailUrl\":\"https:\/\/www.omrserrature.it\/wp-content\/uploads\/2017\/10\/serratura-cassette-postali.jpg\",\"datePublished\":\"2009-10-17T12:37:00+00:00\",\"dateModified\":\"2026-04-08T11:14:34+00:00\",\"breadcrumb\":{\"@id\":\"https:\/\/www.omrserrature.it\/fr\/produit\/serrure-de-boite-aux-lettres\/#breadcrumb\"},\"inLanguage\":\"fr-FR\",\"potentialAction\":[{\"@type\":\"ReadAction\",\"target\":[\"https:\/\/www.omrserrature.it\/fr\/produit\/serrure-de-boite-aux-lettres\/\"]}]},{\"@type\":\"ImageObject\",\"inLanguage\":\"fr-FR\",\"@id\":\"https:\/\/www.omrserrature.it\/fr\/produit\/serrure-de-boite-aux-lettres\/#primaryimage\",\"url\":\"https:\/\/www.omrserrature.it\/wp-content\/uploads\/2017\/10\/serratura-cassette-postali.jpg\",\"contentUrl\":\"https:\/\/www.omrserrature.it\/wp-content\/uploads\/2017\/10\/serratura-cassette-postali.jpg\",\"width\":234,\"height\":400,\"caption\":\"Serrure batteuse \u00e0 paillettes pour bo\u00eetes aux lettres de copropri\u00e9t\u00e9s et bo\u00eetes postales.\"},{\"@type\":\"BreadcrumbList\",\"@id\":\"https:\/\/www.omrserrature.it\/fr\/produit\/serrure-de-boite-aux-lettres\/#breadcrumb\",\"itemListElement\":[{\"@type\":\"ListItem\",\"position\":1,\"name\":\"Home\",\"item\":\"https:\/\/www.omrserrature.it\/fr\/omr-serrures-et-systemes-de-verrouillage\/\"},{\"@type\":\"ListItem\",\"position\":2,\"name\":\"Catalogue\",\"item\":\"https:\/\/www.omrserrature.it\/catalogue\/?lang=fr\"},{\"@type\":\"ListItem\",\"position\":3,\"name\":\"Produits\",\"item\":\"https:\/\/www.omrserrature.it\/fr\/catalogue\/produits\/\"},{\"@type\":\"ListItem\",\"position\":4,\"name\":\"Serrures\",\"item\":\"https:\/\/www.omrserrature.it\/fr\/catalogue\/produits\/serrures\/\"},{\"@type\":\"ListItem\",\"position\":5,\"name\":\"Micro-serrures\",\"item\":\"https:\/\/www.omrserrature.it\/fr\/catalogue\/produits\/serrures\/micro-serrures\/\"},{\"@type\":\"ListItem\",\"position\":6,\"name\":\"Serrure de bo\u00eete aux lettres\"}]},{\"@type\":\"WebSite\",\"@id\":\"https:\/\/www.omrserrature.it\/fr\/#website\",\"url\":\"https:\/\/www.omrserrature.it\/fr\/\",\"name\":\"OMR Serrature | Produzione sistemi di chiusura\",\"description\":\"Produzione serrature di sicurezza e sistemi di chiusura\",\"publisher\":{\"@id\":\"https:\/\/www.omrserrature.it\/fr\/#organization\"},\"potentialAction\":[{\"@type\":\"SearchAction\",\"target\":{\"@type\":\"EntryPoint\",\"urlTemplate\":\"https:\/\/www.omrserrature.it\/fr\/?s={search_term_string}\"},\"query-input\":{\"@type\":\"PropertyValueSpecification\",\"valueRequired\":true,\"valueName\":\"search_term_string\"}}],\"inLanguage\":\"fr-FR\"},{\"@type\":\"Organization\",\"@id\":\"https:\/\/www.omrserrature.it\/fr\/#organization\",\"name\":\"OMR Serrature | Produzione sistemi di chiusura\",\"url\":\"https:\/\/www.omrserrature.it\/fr\/\",\"logo\":{\"@type\":\"ImageObject\",\"inLanguage\":\"fr-FR\",\"@id\":\"https:\/\/www.omrserrature.it\/fr\/#\/schema\/logo\/image\/\",\"url\":\"https:\/\/www.omrserrature.it\/wp-content\/uploads\/2017\/09\/favicon-omr-114.png\",\"contentUrl\":\"https:\/\/www.omrserrature.it\/wp-content\/uploads\/2017\/09\/favicon-omr-114.png\",\"width\":114,\"height\":114,\"caption\":\"OMR Serrature | Produzione sistemi di chiusura\"},\"image\":{\"@id\":\"https:\/\/www.omrserrature.it\/fr\/#\/schema\/logo\/image\/\"},\"sameAs\":[\"https:\/\/www.facebook.com\/OMRserrature\",\"https:\/\/www.linkedin.com\/company\/omrserrature\/\",\"https:\/\/www.youtube.com\/channel\/UCxmA85z2R0EpG_6IRokiAkg\"]}]}<\/script>\n<!-- \/ Yoast SEO plugin. -->","yoast_head_json":{"title":"Serrure de bo\u00eete aux lettres - OMR Serrature","robots":{"index":"index","follow":"follow","max-snippet":"max-snippet:-1","max-image-preview":"max-image-preview:large","max-video-preview":"max-video-preview:-1"},"canonical":"https:\/\/www.omrserrature.it\/fr\/produit\/serrure-de-boite-aux-lettres\/","og_locale":"fr_FR","og_type":"article","og_title":"Serrure de bo\u00eete aux lettres - OMR Serrature","og_description":"La serrure universelle \u00e0 paillettes est \u00e9quip\u00e9e d'un m\u00e9canisme \u00e0 paillettes. Cette serrure universelle \u00e0 paillettes, gr\u00e2ce \u00e0 sa forme particuli\u00e8re, est utilis\u00e9e en remplacement des bo\u00eetes aux lettres Alubox\u00ae, Trimec, et dans toutes les installations o\u00f9 l'espace est restreint (distributeurs de savon et de serviettes, syst\u00e8mes antivol, mobilier de collectivit\u00e9 pour les cabinets m\u00e9dicaux et les milieux hospitaliers, etc.)","og_url":"https:\/\/www.omrserrature.it\/fr\/produit\/serrure-de-boite-aux-lettres\/","og_site_name":"OMR Serrature | Produzione sistemi di chiusura","article_publisher":"https:\/\/www.facebook.com\/OMRserrature","article_modified_time":"2026-04-08T11:14:34+00:00","og_image":[{"width":234,"height":400,"url":"https:\/\/www.omrserrature.it\/wp-content\/uploads\/2017\/10\/serratura-cassette-postali.jpg","type":"image\/jpeg"}],"twitter_card":"summary_large_image","twitter_misc":{"Dur\u00e9e de lecture estim\u00e9e":"2 minutes"},"schema":{"@context":"https:\/\/schema.org","@graph":[{"@type":"WebPage","@id":"https:\/\/www.omrserrature.it\/fr\/produit\/serrure-de-boite-aux-lettres\/","url":"https:\/\/www.omrserrature.it\/fr\/produit\/serrure-de-boite-aux-lettres\/","name":"Serrure de bo\u00eete aux lettres - OMR Serrature","isPartOf":{"@id":"https:\/\/www.omrserrature.it\/fr\/#website"},"primaryImageOfPage":{"@id":"https:\/\/www.omrserrature.it\/fr\/produit\/serrure-de-boite-aux-lettres\/#primaryimage"},"image":{"@id":"https:\/\/www.omrserrature.it\/fr\/produit\/serrure-de-boite-aux-lettres\/#primaryimage"},"thumbnailUrl":"https:\/\/www.omrserrature.it\/wp-content\/uploads\/2017\/10\/serratura-cassette-postali.jpg","datePublished":"2009-10-17T12:37:00+00:00","dateModified":"2026-04-08T11:14:34+00:00","breadcrumb":{"@id":"https:\/\/www.omrserrature.it\/fr\/produit\/serrure-de-boite-aux-lettres\/#breadcrumb"},"inLanguage":"fr-FR","potentialAction":[{"@type":"ReadAction","target":["https:\/\/www.omrserrature.it\/fr\/produit\/serrure-de-boite-aux-lettres\/"]}]},{"@type":"ImageObject","inLanguage":"fr-FR","@id":"https:\/\/www.omrserrature.it\/fr\/produit\/serrure-de-boite-aux-lettres\/#primaryimage","url":"https:\/\/www.omrserrature.it\/wp-content\/uploads\/2017\/10\/serratura-cassette-postali.jpg","contentUrl":"https:\/\/www.omrserrature.it\/wp-content\/uploads\/2017\/10\/serratura-cassette-postali.jpg","width":234,"height":400,"caption":"Serrure batteuse \u00e0 paillettes pour bo\u00eetes aux lettres de copropri\u00e9t\u00e9s et bo\u00eetes postales."},{"@type":"BreadcrumbList","@id":"https:\/\/www.omrserrature.it\/fr\/produit\/serrure-de-boite-aux-lettres\/#breadcrumb","itemListElement":[{"@type":"ListItem","position":1,"name":"Home","item":"https:\/\/www.omrserrature.it\/fr\/omr-serrures-et-systemes-de-verrouillage\/"},{"@type":"ListItem","position":2,"name":"Catalogue","item":"https:\/\/www.omrserrature.it\/catalogue\/?lang=fr"},{"@type":"ListItem","position":3,"name":"Produits","item":"https:\/\/www.omrserrature.it\/fr\/catalogue\/produits\/"},{"@type":"ListItem","position":4,"name":"Serrures","item":"https:\/\/www.omrserrature.it\/fr\/catalogue\/produits\/serrures\/"},{"@type":"ListItem","position":5,"name":"Micro-serrures","item":"https:\/\/www.omrserrature.it\/fr\/catalogue\/produits\/serrures\/micro-serrures\/"},{"@type":"ListItem","position":6,"name":"Serrure de bo\u00eete aux lettres"}]},{"@type":"WebSite","@id":"https:\/\/www.omrserrature.it\/fr\/#website","url":"https:\/\/www.omrserrature.it\/fr\/","name":"OMR Serrature | Produzione sistemi di chiusura","description":"Produzione serrature di sicurezza e sistemi di chiusura","publisher":{"@id":"https:\/\/www.omrserrature.it\/fr\/#organization"},"potentialAction":[{"@type":"SearchAction","target":{"@type":"EntryPoint","urlTemplate":"https:\/\/www.omrserrature.it\/fr\/?s={search_term_string}"},"query-input":{"@type":"PropertyValueSpecification","valueRequired":true,"valueName":"search_term_string"}}],"inLanguage":"fr-FR"},{"@type":"Organization","@id":"https:\/\/www.omrserrature.it\/fr\/#organization","name":"OMR Serrature | Produzione sistemi di chiusura","url":"https:\/\/www.omrserrature.it\/fr\/","logo":{"@type":"ImageObject","inLanguage":"fr-FR","@id":"https:\/\/www.omrserrature.it\/fr\/#\/schema\/logo\/image\/","url":"https:\/\/www.omrserrature.it\/wp-content\/uploads\/2017\/09\/favicon-omr-114.png","contentUrl":"https:\/\/www.omrserrature.it\/wp-content\/uploads\/2017\/09\/favicon-omr-114.png","width":114,"height":114,"caption":"OMR Serrature | Produzione sistemi di chiusura"},"image":{"@id":"https:\/\/www.omrserrature.it\/fr\/#\/schema\/logo\/image\/"},"sameAs":["https:\/\/www.facebook.com\/OMRserrature","https:\/\/www.linkedin.com\/company\/omrserrature\/","https:\/\/www.youtube.com\/channel\/UCxmA85z2R0EpG_6IRokiAkg"]}]}},"_links":{"self":[{"href":"https:\/\/www.omrserrature.it\/fr\/wp-json\/wp\/v2\/product\/242947","targetHints":{"allow":["GET"]}}],"collection":[{"href":"https:\/\/www.omrserrature.it\/fr\/wp-json\/wp\/v2\/product"}],"about":[{"href":"https:\/\/www.omrserrature.it\/fr\/wp-json\/wp\/v2\/types\/product"}],"replies":[{"embeddable":true,"href":"https:\/\/www.omrserrature.it\/fr\/wp-json\/wp\/v2\/comments?post=242947"}],"wp:featuredmedia":[{"embeddable":true,"href":"https:\/\/www.omrserrature.it\/fr\/wp-json\/wp\/v2\/media\/3246"}],"wp:attachment":[{"href":"https:\/\/www.omrserrature.it\/fr\/wp-json\/wp\/v2\/media?parent=242947"}],"wp:term":[{"taxonomy":"product_brand","embeddable":true,"href":"https:\/\/www.omrserrature.it\/fr\/wp-json\/wp\/v2\/product_brand?post=242947"},{"taxonomy":"product_cat","embeddable":true,"href":"https:\/\/www.omrserrature.it\/fr\/wp-json\/wp\/v2\/product_cat?post=242947"},{"taxonomy":"product_tag","embeddable":true,"href":"https:\/\/www.omrserrature.it\/fr\/wp-json\/wp\/v2\/product_tag?post=242947"}],"curies":[{"name":"wp","href":"https:\/\/api.w.org\/{rel}","templated":true}]}}