{"id":242940,"date":"2017-10-16T09:35:37","date_gmt":"2016-10-17T07:35:00","guid":{"rendered":"https:\/\/www.staging6.omrserrature.it\/prodotto\/serrure-pour-vitrine-battante-avec-une-porte-simple\/"},"modified":"2026-04-08T12:46:58","modified_gmt":"2026-04-08T10:46:58","slug":"serrure-pour-vitrine-battante-avec-une-porte-simple","status":"publish","type":"product","link":"https:\/\/www.omrserrature.it\/fr\/produit\/serrure-pour-vitrine-battante-avec-une-porte-simple\/","title":{"rendered":"Serrure pour vitrine battante avec une porte simple"},"content":{"rendered":"<p><strong>La serrure universelle universelle \u00e0 bat<\/strong> teuse \u00e0 paillettes, \u00e9galement appel\u00e9e p\u00eane, fait partie des <strong>serrures de ch\u00e2ssis \u00e0 simple vitrage<\/strong> les plus r\u00e9pandues. La cl\u00e9 en laiton nickel\u00e9 d\u00e9place le rotor central \u00e0 lamelles situ\u00e9 \u00e0 l&rsquo;int\u00e9rieur d&rsquo;une bo\u00eete en alliage de zinc appel\u00e9e stator, bague ou corps. Le diam\u00e8tre est frais\u00e9 sur deux c\u00f4t\u00e9s oppos\u00e9s (plaques lat\u00e9rales) formant un double D pour emp\u00eacher la rotation de la serrure dans le si\u00e8ge d&rsquo;installation. L&rsquo;actionnement de la <strong>came <\/strong><strong> arri\u00e8re<\/strong> d\u00e9termine la fermeture ou l&rsquo;ouverture de la serrure batteuse.<\/p>\n<p>Le corps et le rotor de la serrure \u00e0 levier sont en alliage de zinc, tandis que la came est en acier. L&rsquo;extr\u00e9mit\u00e9 carr\u00e9e de 7 mm permet d&rsquo;utiliser des <strong>cames droites, coud\u00e9es ou \u00e0 crochet<\/strong>. Les nombreuses cames disponibles permettent diff\u00e9rentes rotations et le retrait de la cl\u00e9 avec la serrure ouverte et ferm\u00e9e, ou seulement ferm\u00e9e.   Le <strong>corps<\/strong> enti\u00e8rement <strong>filet\u00e9<\/strong> permet la fixation \u00e0 l&rsquo;aide de l&rsquo;\u00e9crou. La Plaquette pour vantail simple MPIA04850 compl\u00e8te la fixation de la serrure sur le vantail en verre. <\/p>\n<p>La serrure universelle \u00e0 came est id\u00e9ale pour \u00eatre install\u00e9e sur du mobilier de bureau, des vitrines, des comptoirs d&rsquo;exposition et des pr\u00e9sentoirs.<\/p>\n","protected":false},"excerpt":{"rendered":"<p><strong>La serrure universelle \u00e0 levier avec plaque<\/strong> et m\u00e9canisme \u00e0 paillettes, \u00e9galement appel\u00e9e serrure <strong>batteuse<\/strong> \u00e0 paillettes, fait partie des <strong>serrures \u00e0 guillotine \u00e0 simple vitrage<\/strong> les plus populaires. Le corps de la serrure, la came et le barillet sont en alliage de zinc. L&#8217;embout carr\u00e9 de 7 mm permet l&rsquo;installation de <strong>cames droites, coud\u00e9es ou \u00e0 crochet<\/strong>.  <\/p>\n","protected":false},"featured_media":3624,"comment_status":"open","ping_status":"closed","template":"","meta":{"_acf_changed":false,"_et_pb_use_builder":"","_et_pb_old_content":"","_et_gb_content_width":""},"product_brand":[],"product_cat":[3738,3754,3749,3687,3658,3723,3697,3731],"product_tag":[],"class_list":{"0":"post-242940","1":"product","2":"type-product","3":"status-publish","4":"has-post-thumbnail","6":"product_cat-battant","7":"product_cat-juste","8":"product_cat-magasins-et-activites-commerciales","9":"product_cat-serrures-a-came","10":"product_cat-serrures-a-passe-partout","11":"product_cat-serrures-de-panneaux","12":"product_cat-serrures-pour-meubles","13":"product_cat-serrures-pour-vitrines-dexposition","15":"first","16":"instock","17":"shipping-taxable","18":"product-type-simple"},"acf":{"pdf1":"https:\/\/www.omrserrature.it\/wp-content\/uploads\/2017\/10\/Scheda_165837.pdf"},"yoast_head":"<!-- This site is optimized with the Yoast SEO plugin v27.2 - https:\/\/yoast.com\/product\/yoast-seo-wordpress\/ -->\n<title>Serrure pour vitrine battante avec une porte simple - OMR Serrature<\/title>\n<meta name=\"robots\" content=\"index, follow, max-snippet:-1, max-image-preview:large, max-video-preview:-1\" \/>\n<link rel=\"canonical\" href=\"https:\/\/www.omrserrature.it\/fr\/produit\/serrure-pour-vitrine-battante-avec-une-porte-simple\/\" \/>\n<meta property=\"og:locale\" content=\"fr_FR\" \/>\n<meta property=\"og:type\" content=\"article\" \/>\n<meta property=\"og:title\" content=\"Serrure pour vitrine battante avec une porte simple - OMR Serrature\" \/>\n<meta property=\"og:description\" content=\"La serrure universelle \u00e0 levier avec plaque et m\u00e9canisme \u00e0 paillettes, \u00e9galement appel\u00e9e serrure batteuse \u00e0 paillettes, fait partie des serrures \u00e0 guillotine \u00e0 simple vitrage les plus populaires. Le corps de la serrure, la came et le barillet sont en alliage de zinc. L&#039;embout carr\u00e9 de 7 mm permet l&#039;installation de cames droites, coud\u00e9es ou \u00e0 crochet.\" \/>\n<meta property=\"og:url\" content=\"https:\/\/www.omrserrature.it\/fr\/produit\/serrure-pour-vitrine-battante-avec-une-porte-simple\/\" \/>\n<meta property=\"og:site_name\" content=\"OMR Serrature | Produzione sistemi di chiusura\" \/>\n<meta property=\"article:publisher\" content=\"https:\/\/www.facebook.com\/OMRserrature\" \/>\n<meta property=\"article:modified_time\" content=\"2026-04-08T10:46:58+00:00\" \/>\n<meta property=\"og:image\" content=\"https:\/\/www.omrserrature.it\/wp-content\/uploads\/2017\/10\/serratura-anta-singola-vetro.jpg\" \/>\n\t<meta property=\"og:image:width\" content=\"306\" \/>\n\t<meta property=\"og:image:height\" content=\"386\" \/>\n\t<meta property=\"og:image:type\" content=\"image\/jpeg\" \/>\n<meta name=\"twitter:card\" content=\"summary_large_image\" \/>\n<meta name=\"twitter:label1\" content=\"Dur\u00e9e de lecture estim\u00e9e\" \/>\n\t<meta name=\"twitter:data1\" content=\"1 minute\" \/>\n<script type=\"application\/ld+json\" class=\"yoast-schema-graph\">{\"@context\":\"https:\/\/schema.org\",\"@graph\":[{\"@type\":\"WebPage\",\"@id\":\"https:\/\/www.omrserrature.it\/fr\/produit\/serrure-pour-vitrine-battante-avec-une-porte-simple\/\",\"url\":\"https:\/\/www.omrserrature.it\/fr\/produit\/serrure-pour-vitrine-battante-avec-une-porte-simple\/\",\"name\":\"Serrure pour vitrine battante avec une porte simple - OMR Serrature\",\"isPartOf\":{\"@id\":\"https:\/\/www.omrserrature.it\/fr\/#website\"},\"primaryImageOfPage\":{\"@id\":\"https:\/\/www.omrserrature.it\/fr\/produit\/serrure-pour-vitrine-battante-avec-une-porte-simple\/#primaryimage\"},\"image\":{\"@id\":\"https:\/\/www.omrserrature.it\/fr\/produit\/serrure-pour-vitrine-battante-avec-une-porte-simple\/#primaryimage\"},\"thumbnailUrl\":\"https:\/\/www.omrserrature.it\/wp-content\/uploads\/2017\/10\/serratura-anta-singola-vetro.jpg\",\"datePublished\":\"2016-10-17T07:35:00+00:00\",\"dateModified\":\"2026-04-08T10:46:58+00:00\",\"breadcrumb\":{\"@id\":\"https:\/\/www.omrserrature.it\/fr\/produit\/serrure-pour-vitrine-battante-avec-une-porte-simple\/#breadcrumb\"},\"inLanguage\":\"fr-FR\",\"potentialAction\":[{\"@type\":\"ReadAction\",\"target\":[\"https:\/\/www.omrserrature.it\/fr\/produit\/serrure-pour-vitrine-battante-avec-une-porte-simple\/\"]}]},{\"@type\":\"ImageObject\",\"inLanguage\":\"fr-FR\",\"@id\":\"https:\/\/www.omrserrature.it\/fr\/produit\/serrure-pour-vitrine-battante-avec-une-porte-simple\/#primaryimage\",\"url\":\"https:\/\/www.omrserrature.it\/wp-content\/uploads\/2017\/10\/serratura-anta-singola-vetro.jpg\",\"contentUrl\":\"https:\/\/www.omrserrature.it\/wp-content\/uploads\/2017\/10\/serratura-anta-singola-vetro.jpg\",\"width\":306,\"height\":386,\"caption\":\"Serrure universelle \u00e0 came avec Plaquette pour vantail en verre simple\"},{\"@type\":\"BreadcrumbList\",\"@id\":\"https:\/\/www.omrserrature.it\/fr\/produit\/serrure-pour-vitrine-battante-avec-une-porte-simple\/#breadcrumb\",\"itemListElement\":[{\"@type\":\"ListItem\",\"position\":1,\"name\":\"Home\",\"item\":\"https:\/\/www.omrserrature.it\/fr\/omr-serrures-et-systemes-de-verrouillage\/\"},{\"@type\":\"ListItem\",\"position\":2,\"name\":\"Catalogue\",\"item\":\"https:\/\/www.omrserrature.it\/catalogue\/?lang=fr\"},{\"@type\":\"ListItem\",\"position\":3,\"name\":\"Applications\",\"item\":\"https:\/\/www.omrserrature.it\/fr\/catalogue\/applications\/\"},{\"@type\":\"ListItem\",\"position\":4,\"name\":\"Serrures pour meubles\",\"item\":\"https:\/\/www.omrserrature.it\/fr\/catalogue\/applications\/serrures-pour-meubles\/\"},{\"@type\":\"ListItem\",\"position\":5,\"name\":\"Serrures de panneaux\",\"item\":\"https:\/\/www.omrserrature.it\/fr\/catalogue\/applications\/serrures-pour-meubles\/serrures-de-panneaux\/\"},{\"@type\":\"ListItem\",\"position\":6,\"name\":\"Battant\",\"item\":\"https:\/\/www.omrserrature.it\/fr\/catalogue\/applications\/serrures-pour-meubles\/serrures-de-panneaux\/battant\/\"},{\"@type\":\"ListItem\",\"position\":7,\"name\":\"Serrure pour vitrine battante avec une porte simple\"}]},{\"@type\":\"WebSite\",\"@id\":\"https:\/\/www.omrserrature.it\/fr\/#website\",\"url\":\"https:\/\/www.omrserrature.it\/fr\/\",\"name\":\"OMR Serrature | Produzione sistemi di chiusura\",\"description\":\"Produzione serrature di sicurezza e sistemi di chiusura\",\"publisher\":{\"@id\":\"https:\/\/www.omrserrature.it\/fr\/#organization\"},\"potentialAction\":[{\"@type\":\"SearchAction\",\"target\":{\"@type\":\"EntryPoint\",\"urlTemplate\":\"https:\/\/www.omrserrature.it\/fr\/?s={search_term_string}\"},\"query-input\":{\"@type\":\"PropertyValueSpecification\",\"valueRequired\":true,\"valueName\":\"search_term_string\"}}],\"inLanguage\":\"fr-FR\"},{\"@type\":\"Organization\",\"@id\":\"https:\/\/www.omrserrature.it\/fr\/#organization\",\"name\":\"OMR Serrature | Produzione sistemi di chiusura\",\"url\":\"https:\/\/www.omrserrature.it\/fr\/\",\"logo\":{\"@type\":\"ImageObject\",\"inLanguage\":\"fr-FR\",\"@id\":\"https:\/\/www.omrserrature.it\/fr\/#\/schema\/logo\/image\/\",\"url\":\"https:\/\/www.omrserrature.it\/wp-content\/uploads\/2017\/09\/favicon-omr-114.png\",\"contentUrl\":\"https:\/\/www.omrserrature.it\/wp-content\/uploads\/2017\/09\/favicon-omr-114.png\",\"width\":114,\"height\":114,\"caption\":\"OMR Serrature | Produzione sistemi di chiusura\"},\"image\":{\"@id\":\"https:\/\/www.omrserrature.it\/fr\/#\/schema\/logo\/image\/\"},\"sameAs\":[\"https:\/\/www.facebook.com\/OMRserrature\",\"https:\/\/www.linkedin.com\/company\/omrserrature\/\",\"https:\/\/www.youtube.com\/channel\/UCxmA85z2R0EpG_6IRokiAkg\"]}]}<\/script>\n<!-- \/ Yoast SEO plugin. -->","yoast_head_json":{"title":"Serrure pour vitrine battante avec une porte simple - OMR Serrature","robots":{"index":"index","follow":"follow","max-snippet":"max-snippet:-1","max-image-preview":"max-image-preview:large","max-video-preview":"max-video-preview:-1"},"canonical":"https:\/\/www.omrserrature.it\/fr\/produit\/serrure-pour-vitrine-battante-avec-une-porte-simple\/","og_locale":"fr_FR","og_type":"article","og_title":"Serrure pour vitrine battante avec une porte simple - OMR Serrature","og_description":"La serrure universelle \u00e0 levier avec plaque et m\u00e9canisme \u00e0 paillettes, \u00e9galement appel\u00e9e serrure batteuse \u00e0 paillettes, fait partie des serrures \u00e0 guillotine \u00e0 simple vitrage les plus populaires. Le corps de la serrure, la came et le barillet sont en alliage de zinc. L'embout carr\u00e9 de 7 mm permet l'installation de cames droites, coud\u00e9es ou \u00e0 crochet.","og_url":"https:\/\/www.omrserrature.it\/fr\/produit\/serrure-pour-vitrine-battante-avec-une-porte-simple\/","og_site_name":"OMR Serrature | Produzione sistemi di chiusura","article_publisher":"https:\/\/www.facebook.com\/OMRserrature","article_modified_time":"2026-04-08T10:46:58+00:00","og_image":[{"width":306,"height":386,"url":"https:\/\/www.omrserrature.it\/wp-content\/uploads\/2017\/10\/serratura-anta-singola-vetro.jpg","type":"image\/jpeg"}],"twitter_card":"summary_large_image","twitter_misc":{"Dur\u00e9e de lecture estim\u00e9e":"1 minute"},"schema":{"@context":"https:\/\/schema.org","@graph":[{"@type":"WebPage","@id":"https:\/\/www.omrserrature.it\/fr\/produit\/serrure-pour-vitrine-battante-avec-une-porte-simple\/","url":"https:\/\/www.omrserrature.it\/fr\/produit\/serrure-pour-vitrine-battante-avec-une-porte-simple\/","name":"Serrure pour vitrine battante avec une porte simple - OMR Serrature","isPartOf":{"@id":"https:\/\/www.omrserrature.it\/fr\/#website"},"primaryImageOfPage":{"@id":"https:\/\/www.omrserrature.it\/fr\/produit\/serrure-pour-vitrine-battante-avec-une-porte-simple\/#primaryimage"},"image":{"@id":"https:\/\/www.omrserrature.it\/fr\/produit\/serrure-pour-vitrine-battante-avec-une-porte-simple\/#primaryimage"},"thumbnailUrl":"https:\/\/www.omrserrature.it\/wp-content\/uploads\/2017\/10\/serratura-anta-singola-vetro.jpg","datePublished":"2016-10-17T07:35:00+00:00","dateModified":"2026-04-08T10:46:58+00:00","breadcrumb":{"@id":"https:\/\/www.omrserrature.it\/fr\/produit\/serrure-pour-vitrine-battante-avec-une-porte-simple\/#breadcrumb"},"inLanguage":"fr-FR","potentialAction":[{"@type":"ReadAction","target":["https:\/\/www.omrserrature.it\/fr\/produit\/serrure-pour-vitrine-battante-avec-une-porte-simple\/"]}]},{"@type":"ImageObject","inLanguage":"fr-FR","@id":"https:\/\/www.omrserrature.it\/fr\/produit\/serrure-pour-vitrine-battante-avec-une-porte-simple\/#primaryimage","url":"https:\/\/www.omrserrature.it\/wp-content\/uploads\/2017\/10\/serratura-anta-singola-vetro.jpg","contentUrl":"https:\/\/www.omrserrature.it\/wp-content\/uploads\/2017\/10\/serratura-anta-singola-vetro.jpg","width":306,"height":386,"caption":"Serrure universelle \u00e0 came avec Plaquette pour vantail en verre simple"},{"@type":"BreadcrumbList","@id":"https:\/\/www.omrserrature.it\/fr\/produit\/serrure-pour-vitrine-battante-avec-une-porte-simple\/#breadcrumb","itemListElement":[{"@type":"ListItem","position":1,"name":"Home","item":"https:\/\/www.omrserrature.it\/fr\/omr-serrures-et-systemes-de-verrouillage\/"},{"@type":"ListItem","position":2,"name":"Catalogue","item":"https:\/\/www.omrserrature.it\/catalogue\/?lang=fr"},{"@type":"ListItem","position":3,"name":"Applications","item":"https:\/\/www.omrserrature.it\/fr\/catalogue\/applications\/"},{"@type":"ListItem","position":4,"name":"Serrures pour meubles","item":"https:\/\/www.omrserrature.it\/fr\/catalogue\/applications\/serrures-pour-meubles\/"},{"@type":"ListItem","position":5,"name":"Serrures de panneaux","item":"https:\/\/www.omrserrature.it\/fr\/catalogue\/applications\/serrures-pour-meubles\/serrures-de-panneaux\/"},{"@type":"ListItem","position":6,"name":"Battant","item":"https:\/\/www.omrserrature.it\/fr\/catalogue\/applications\/serrures-pour-meubles\/serrures-de-panneaux\/battant\/"},{"@type":"ListItem","position":7,"name":"Serrure pour vitrine battante avec une porte simple"}]},{"@type":"WebSite","@id":"https:\/\/www.omrserrature.it\/fr\/#website","url":"https:\/\/www.omrserrature.it\/fr\/","name":"OMR Serrature | Produzione sistemi di chiusura","description":"Produzione serrature di sicurezza e sistemi di chiusura","publisher":{"@id":"https:\/\/www.omrserrature.it\/fr\/#organization"},"potentialAction":[{"@type":"SearchAction","target":{"@type":"EntryPoint","urlTemplate":"https:\/\/www.omrserrature.it\/fr\/?s={search_term_string}"},"query-input":{"@type":"PropertyValueSpecification","valueRequired":true,"valueName":"search_term_string"}}],"inLanguage":"fr-FR"},{"@type":"Organization","@id":"https:\/\/www.omrserrature.it\/fr\/#organization","name":"OMR Serrature | Produzione sistemi di chiusura","url":"https:\/\/www.omrserrature.it\/fr\/","logo":{"@type":"ImageObject","inLanguage":"fr-FR","@id":"https:\/\/www.omrserrature.it\/fr\/#\/schema\/logo\/image\/","url":"https:\/\/www.omrserrature.it\/wp-content\/uploads\/2017\/09\/favicon-omr-114.png","contentUrl":"https:\/\/www.omrserrature.it\/wp-content\/uploads\/2017\/09\/favicon-omr-114.png","width":114,"height":114,"caption":"OMR Serrature | Produzione sistemi di chiusura"},"image":{"@id":"https:\/\/www.omrserrature.it\/fr\/#\/schema\/logo\/image\/"},"sameAs":["https:\/\/www.facebook.com\/OMRserrature","https:\/\/www.linkedin.com\/company\/omrserrature\/","https:\/\/www.youtube.com\/channel\/UCxmA85z2R0EpG_6IRokiAkg"]}]}},"_links":{"self":[{"href":"https:\/\/www.omrserrature.it\/fr\/wp-json\/wp\/v2\/product\/242940","targetHints":{"allow":["GET"]}}],"collection":[{"href":"https:\/\/www.omrserrature.it\/fr\/wp-json\/wp\/v2\/product"}],"about":[{"href":"https:\/\/www.omrserrature.it\/fr\/wp-json\/wp\/v2\/types\/product"}],"replies":[{"embeddable":true,"href":"https:\/\/www.omrserrature.it\/fr\/wp-json\/wp\/v2\/comments?post=242940"}],"wp:featuredmedia":[{"embeddable":true,"href":"https:\/\/www.omrserrature.it\/fr\/wp-json\/wp\/v2\/media\/3624"}],"wp:attachment":[{"href":"https:\/\/www.omrserrature.it\/fr\/wp-json\/wp\/v2\/media?parent=242940"}],"wp:term":[{"taxonomy":"product_brand","embeddable":true,"href":"https:\/\/www.omrserrature.it\/fr\/wp-json\/wp\/v2\/product_brand?post=242940"},{"taxonomy":"product_cat","embeddable":true,"href":"https:\/\/www.omrserrature.it\/fr\/wp-json\/wp\/v2\/product_cat?post=242940"},{"taxonomy":"product_tag","embeddable":true,"href":"https:\/\/www.omrserrature.it\/fr\/wp-json\/wp\/v2\/product_tag?post=242940"}],"curies":[{"name":"wp","href":"https:\/\/api.w.org\/{rel}","templated":true}]}}