{"id":242825,"date":"2017-10-16T14:00:18","date_gmt":"2016-10-17T12:00:00","guid":{"rendered":"https:\/\/www.staging6.omrserrature.it\/prodotto\/serrure-de-porte-ou-de-tiroir-noire\/"},"modified":"2026-04-08T12:24:04","modified_gmt":"2026-04-08T10:24:04","slug":"serrure-de-porte-ou-de-tiroir-noire","status":"publish","type":"product","link":"https:\/\/www.omrserrature.it\/fr\/produit\/serrure-de-porte-ou-de-tiroir-noire\/","title":{"rendered":"Serrure de porte ou de tiroir &#8211; noire"},"content":{"rendered":"<p>La <strong>serrure \u00e0 cylindre de meuble<\/strong> est fabriqu\u00e9e en alliage de zinc,<strong> plaqu\u00e9 nickel noir<\/strong>, et se compose d&rsquo;une base ronde \u00e0 l&rsquo;int\u00e9rieur de laquelle coulisse un p\u00eane ou un loquet. La technologie \u00e0 lamelles offre une s\u00e9curit\u00e9 ad\u00e9quate pour le type d&rsquo;application.  Le rotor contenant les plaques, \u00e9galement appel\u00e9es Lamelles, dans la version avec noyau interchangeable, peut \u00eatre retir\u00e9 \u00e0 l&rsquo;aide d&rsquo;une cl\u00e9 d&rsquo;extraction sp\u00e9ciale, ce qui permet de changer rapidement la combinaison.<\/p>\n<p>La longueur du cylindre et la longueur du boulon sont de <strong>tailles diff\u00e9rentes<\/strong>, ce qui permet une installation sur diff\u00e9rents mat\u00e9riaux (bois, m\u00e9tal, MDF, etc.) et dans diff\u00e9rentes positions. La version \u00e0 loquet r\u00e9duit, avec extr\u00e9mit\u00e9 tringl\u00e9e, permet de fermer en exploitant un trou sur le c\u00f4t\u00e9 du panneau.<\/p>\n<p>En fonction de la position du p\u00eane, il peut \u00eatre install\u00e9 soit <strong>sur des portes<\/strong>, soit <strong>sur des tiroirs<\/strong>. Couramment utilis\u00e9 dans le monde du mobilier en bois et en m\u00e9tal, tant pour le <strong>mobilier de bureau<\/strong> que pour le <strong>mobilier d&rsquo;<\/strong> atelier. Les panneaux \u00e0 simple ou double \u00e9cusson permettent d&rsquo;installer la serrure sur des portes battantes en verre, par exemple dans des vitrines, des armoires d&rsquo;exposition et des pr\u00e9sentoirs. Gr\u00e2ce \u00e0 sa facilit\u00e9 d&rsquo;installation et \u00e0 sa ductilit\u00e9, il peut \u00eatre plac\u00e9 dans le mobilier des laboratoires, des collectivit\u00e9s, des h\u00f4pitaux et des mus\u00e9es, ainsi que dans les automatismes ou les casiers.<\/p>\n<p><strong><a href=\"https:\/\/www.omrserrature.it\/fr\/produit\/serrure-de-porte-ou-de-tiroir-avec-loquet\/\" target=\"_blank\" rel=\"noopener\">Consultez la page du mod\u00e8le de base<\/a> pour conna\u00eetre toutes les variantes de serrure disponibles.<\/strong><\/p>\n","protected":false},"excerpt":{"rendered":"<p>La <strong>serrure \u00e0 cylindre de meuble<\/strong> est fabriqu\u00e9e en alliage de zinc,<strong> plaqu\u00e9 nickel noir<\/strong>, et se compose d&rsquo;une base ronde \u00e0 l&rsquo;int\u00e9rieur de laquelle coulisse un p\u00eane ou un loquet. Un produit id\u00e9al pour les cames et les tiroirs des meubles de bureau.<\/p>\n","protected":false},"featured_media":3582,"comment_status":"open","ping_status":"closed","template":"","meta":{"_acf_changed":false,"_et_pb_use_builder":"","_et_pb_old_content":"","_et_gb_content_width":""},"product_brand":[],"product_cat":[3738,3753,3755,3754,3658,3648,3691,3723,3724,3692,3694,3697,3728,3690],"product_tag":[],"class_list":{"0":"post-242825","1":"product","2":"type-product","3":"status-publish","4":"has-post-thumbnail","6":"product_cat-battant","7":"product_cat-education-et-culture","8":"product_cat-hopitaux-et-soins-de-sante","9":"product_cat-juste","10":"product_cat-serrures-a-passe-partout","11":"product_cat-serrures-a-pene-dormant","12":"product_cat-serrures-darmoires","13":"product_cat-serrures-de-panneaux","14":"product_cat-serrures-de-tiroirs","15":"product_cat-serrures-pour-chariots-professionnels","16":"product_cat-serrures-pour-les-boites-aux-lettres","17":"product_cat-serrures-pour-meubles","18":"product_cat-serrures-pour-panneaux-de-signalisation","19":"product_cat-serrures-professionnelles-pour-meubles","21":"first","22":"instock","23":"shipping-taxable","24":"purchasable","25":"product-type-variable"},"acf":{"pdf1":"https:\/\/www.omrserrature.it\/wp-content\/uploads\/2017\/10\/Scheda_220311.pdf"},"yoast_head":"<!-- This site is optimized with the Yoast SEO plugin v27.2 - https:\/\/yoast.com\/product\/yoast-seo-wordpress\/ -->\n<title>Serrure de porte ou de tiroir - noire - OMR Serrature<\/title>\n<meta name=\"robots\" content=\"index, follow, max-snippet:-1, max-image-preview:large, max-video-preview:-1\" \/>\n<link rel=\"canonical\" href=\"https:\/\/www.omrserrature.it\/fr\/produit\/serrure-de-porte-ou-de-tiroir-noire\/\" \/>\n<meta property=\"og:locale\" content=\"fr_FR\" \/>\n<meta property=\"og:type\" content=\"article\" \/>\n<meta property=\"og:title\" content=\"Serrure de porte ou de tiroir - noire - OMR Serrature\" \/>\n<meta property=\"og:description\" content=\"La serrure \u00e0 cylindre de meuble est fabriqu\u00e9e en alliage de zinc, plaqu\u00e9 nickel noir, et se compose d&#039;une base ronde \u00e0 l&#039;int\u00e9rieur de laquelle coulisse un p\u00eane ou un loquet. Un produit id\u00e9al pour les cames et les tiroirs des meubles de bureau.\" \/>\n<meta property=\"og:url\" content=\"https:\/\/www.omrserrature.it\/fr\/produit\/serrure-de-porte-ou-de-tiroir-noire\/\" \/>\n<meta property=\"og:site_name\" content=\"OMR Serrature | Produzione sistemi di chiusura\" \/>\n<meta property=\"article:publisher\" content=\"https:\/\/www.facebook.com\/OMRserrature\" \/>\n<meta property=\"article:modified_time\" content=\"2026-04-08T10:24:04+00:00\" \/>\n<meta property=\"og:image\" content=\"https:\/\/www.omrserrature.it\/wp-content\/uploads\/2017\/10\/serratura-anta-cassetto-nera.jpg\" \/>\n\t<meta property=\"og:image:width\" content=\"513\" \/>\n\t<meta property=\"og:image:height\" content=\"389\" \/>\n\t<meta property=\"og:image:type\" content=\"image\/jpeg\" \/>\n<meta name=\"twitter:card\" content=\"summary_large_image\" \/>\n<meta name=\"twitter:label1\" content=\"Dur\u00e9e de lecture estim\u00e9e\" \/>\n\t<meta name=\"twitter:data1\" content=\"1 minute\" \/>\n<script type=\"application\/ld+json\" class=\"yoast-schema-graph\">{\"@context\":\"https:\/\/schema.org\",\"@graph\":[{\"@type\":\"WebPage\",\"@id\":\"https:\/\/www.omrserrature.it\/fr\/produit\/serrure-de-porte-ou-de-tiroir-noire\/\",\"url\":\"https:\/\/www.omrserrature.it\/fr\/produit\/serrure-de-porte-ou-de-tiroir-noire\/\",\"name\":\"Serrure de porte ou de tiroir - noire - OMR Serrature\",\"isPartOf\":{\"@id\":\"https:\/\/www.omrserrature.it\/fr\/#website\"},\"primaryImageOfPage\":{\"@id\":\"https:\/\/www.omrserrature.it\/fr\/produit\/serrure-de-porte-ou-de-tiroir-noire\/#primaryimage\"},\"image\":{\"@id\":\"https:\/\/www.omrserrature.it\/fr\/produit\/serrure-de-porte-ou-de-tiroir-noire\/#primaryimage\"},\"thumbnailUrl\":\"https:\/\/www.omrserrature.it\/wp-content\/uploads\/2017\/10\/serratura-anta-cassetto-nera.jpg\",\"datePublished\":\"2016-10-17T12:00:00+00:00\",\"dateModified\":\"2026-04-08T10:24:04+00:00\",\"breadcrumb\":{\"@id\":\"https:\/\/www.omrserrature.it\/fr\/produit\/serrure-de-porte-ou-de-tiroir-noire\/#breadcrumb\"},\"inLanguage\":\"fr-FR\",\"potentialAction\":[{\"@type\":\"ReadAction\",\"target\":[\"https:\/\/www.omrserrature.it\/fr\/produit\/serrure-de-porte-ou-de-tiroir-noire\/\"]}]},{\"@type\":\"ImageObject\",\"inLanguage\":\"fr-FR\",\"@id\":\"https:\/\/www.omrserrature.it\/fr\/produit\/serrure-de-porte-ou-de-tiroir-noire\/#primaryimage\",\"url\":\"https:\/\/www.omrserrature.it\/wp-content\/uploads\/2017\/10\/serratura-anta-cassetto-nera.jpg\",\"contentUrl\":\"https:\/\/www.omrserrature.it\/wp-content\/uploads\/2017\/10\/serratura-anta-cassetto-nera.jpg\",\"width\":513,\"height\":389,\"caption\":\"Serrure de porte ou de tiroir - noire\"},{\"@type\":\"BreadcrumbList\",\"@id\":\"https:\/\/www.omrserrature.it\/fr\/produit\/serrure-de-porte-ou-de-tiroir-noire\/#breadcrumb\",\"itemListElement\":[{\"@type\":\"ListItem\",\"position\":1,\"name\":\"Home\",\"item\":\"https:\/\/www.omrserrature.it\/fr\/omr-serrures-et-systemes-de-verrouillage\/\"},{\"@type\":\"ListItem\",\"position\":2,\"name\":\"Catalogue\",\"item\":\"https:\/\/www.omrserrature.it\/catalogue\/?lang=fr\"},{\"@type\":\"ListItem\",\"position\":3,\"name\":\"Applications\",\"item\":\"https:\/\/www.omrserrature.it\/fr\/catalogue\/applications\/\"},{\"@type\":\"ListItem\",\"position\":4,\"name\":\"Serrures d'armoires\",\"item\":\"https:\/\/www.omrserrature.it\/fr\/catalogue\/applications\/serrures-darmoires\/\"},{\"@type\":\"ListItem\",\"position\":5,\"name\":\"Serrure de porte ou de tiroir &#8211; noire\"}]},{\"@type\":\"WebSite\",\"@id\":\"https:\/\/www.omrserrature.it\/fr\/#website\",\"url\":\"https:\/\/www.omrserrature.it\/fr\/\",\"name\":\"OMR Serrature | Produzione sistemi di chiusura\",\"description\":\"Produzione serrature di sicurezza e sistemi di chiusura\",\"publisher\":{\"@id\":\"https:\/\/www.omrserrature.it\/fr\/#organization\"},\"potentialAction\":[{\"@type\":\"SearchAction\",\"target\":{\"@type\":\"EntryPoint\",\"urlTemplate\":\"https:\/\/www.omrserrature.it\/fr\/?s={search_term_string}\"},\"query-input\":{\"@type\":\"PropertyValueSpecification\",\"valueRequired\":true,\"valueName\":\"search_term_string\"}}],\"inLanguage\":\"fr-FR\"},{\"@type\":\"Organization\",\"@id\":\"https:\/\/www.omrserrature.it\/fr\/#organization\",\"name\":\"OMR Serrature | Produzione sistemi di chiusura\",\"url\":\"https:\/\/www.omrserrature.it\/fr\/\",\"logo\":{\"@type\":\"ImageObject\",\"inLanguage\":\"fr-FR\",\"@id\":\"https:\/\/www.omrserrature.it\/fr\/#\/schema\/logo\/image\/\",\"url\":\"https:\/\/www.omrserrature.it\/wp-content\/uploads\/2017\/09\/favicon-omr-114.png\",\"contentUrl\":\"https:\/\/www.omrserrature.it\/wp-content\/uploads\/2017\/09\/favicon-omr-114.png\",\"width\":114,\"height\":114,\"caption\":\"OMR Serrature | Produzione sistemi di chiusura\"},\"image\":{\"@id\":\"https:\/\/www.omrserrature.it\/fr\/#\/schema\/logo\/image\/\"},\"sameAs\":[\"https:\/\/www.facebook.com\/OMRserrature\",\"https:\/\/www.linkedin.com\/company\/omrserrature\/\",\"https:\/\/www.youtube.com\/channel\/UCxmA85z2R0EpG_6IRokiAkg\"]}]}<\/script>\n<!-- \/ Yoast SEO plugin. -->","yoast_head_json":{"title":"Serrure de porte ou de tiroir - noire - OMR Serrature","robots":{"index":"index","follow":"follow","max-snippet":"max-snippet:-1","max-image-preview":"max-image-preview:large","max-video-preview":"max-video-preview:-1"},"canonical":"https:\/\/www.omrserrature.it\/fr\/produit\/serrure-de-porte-ou-de-tiroir-noire\/","og_locale":"fr_FR","og_type":"article","og_title":"Serrure de porte ou de tiroir - noire - OMR Serrature","og_description":"La serrure \u00e0 cylindre de meuble est fabriqu\u00e9e en alliage de zinc, plaqu\u00e9 nickel noir, et se compose d'une base ronde \u00e0 l'int\u00e9rieur de laquelle coulisse un p\u00eane ou un loquet. Un produit id\u00e9al pour les cames et les tiroirs des meubles de bureau.","og_url":"https:\/\/www.omrserrature.it\/fr\/produit\/serrure-de-porte-ou-de-tiroir-noire\/","og_site_name":"OMR Serrature | Produzione sistemi di chiusura","article_publisher":"https:\/\/www.facebook.com\/OMRserrature","article_modified_time":"2026-04-08T10:24:04+00:00","og_image":[{"width":513,"height":389,"url":"https:\/\/www.omrserrature.it\/wp-content\/uploads\/2017\/10\/serratura-anta-cassetto-nera.jpg","type":"image\/jpeg"}],"twitter_card":"summary_large_image","twitter_misc":{"Dur\u00e9e de lecture estim\u00e9e":"1 minute"},"schema":{"@context":"https:\/\/schema.org","@graph":[{"@type":"WebPage","@id":"https:\/\/www.omrserrature.it\/fr\/produit\/serrure-de-porte-ou-de-tiroir-noire\/","url":"https:\/\/www.omrserrature.it\/fr\/produit\/serrure-de-porte-ou-de-tiroir-noire\/","name":"Serrure de porte ou de tiroir - noire - OMR Serrature","isPartOf":{"@id":"https:\/\/www.omrserrature.it\/fr\/#website"},"primaryImageOfPage":{"@id":"https:\/\/www.omrserrature.it\/fr\/produit\/serrure-de-porte-ou-de-tiroir-noire\/#primaryimage"},"image":{"@id":"https:\/\/www.omrserrature.it\/fr\/produit\/serrure-de-porte-ou-de-tiroir-noire\/#primaryimage"},"thumbnailUrl":"https:\/\/www.omrserrature.it\/wp-content\/uploads\/2017\/10\/serratura-anta-cassetto-nera.jpg","datePublished":"2016-10-17T12:00:00+00:00","dateModified":"2026-04-08T10:24:04+00:00","breadcrumb":{"@id":"https:\/\/www.omrserrature.it\/fr\/produit\/serrure-de-porte-ou-de-tiroir-noire\/#breadcrumb"},"inLanguage":"fr-FR","potentialAction":[{"@type":"ReadAction","target":["https:\/\/www.omrserrature.it\/fr\/produit\/serrure-de-porte-ou-de-tiroir-noire\/"]}]},{"@type":"ImageObject","inLanguage":"fr-FR","@id":"https:\/\/www.omrserrature.it\/fr\/produit\/serrure-de-porte-ou-de-tiroir-noire\/#primaryimage","url":"https:\/\/www.omrserrature.it\/wp-content\/uploads\/2017\/10\/serratura-anta-cassetto-nera.jpg","contentUrl":"https:\/\/www.omrserrature.it\/wp-content\/uploads\/2017\/10\/serratura-anta-cassetto-nera.jpg","width":513,"height":389,"caption":"Serrure de porte ou de tiroir - noire"},{"@type":"BreadcrumbList","@id":"https:\/\/www.omrserrature.it\/fr\/produit\/serrure-de-porte-ou-de-tiroir-noire\/#breadcrumb","itemListElement":[{"@type":"ListItem","position":1,"name":"Home","item":"https:\/\/www.omrserrature.it\/fr\/omr-serrures-et-systemes-de-verrouillage\/"},{"@type":"ListItem","position":2,"name":"Catalogue","item":"https:\/\/www.omrserrature.it\/catalogue\/?lang=fr"},{"@type":"ListItem","position":3,"name":"Applications","item":"https:\/\/www.omrserrature.it\/fr\/catalogue\/applications\/"},{"@type":"ListItem","position":4,"name":"Serrures d'armoires","item":"https:\/\/www.omrserrature.it\/fr\/catalogue\/applications\/serrures-darmoires\/"},{"@type":"ListItem","position":5,"name":"Serrure de porte ou de tiroir &#8211; noire"}]},{"@type":"WebSite","@id":"https:\/\/www.omrserrature.it\/fr\/#website","url":"https:\/\/www.omrserrature.it\/fr\/","name":"OMR Serrature | Produzione sistemi di chiusura","description":"Produzione serrature di sicurezza e sistemi di chiusura","publisher":{"@id":"https:\/\/www.omrserrature.it\/fr\/#organization"},"potentialAction":[{"@type":"SearchAction","target":{"@type":"EntryPoint","urlTemplate":"https:\/\/www.omrserrature.it\/fr\/?s={search_term_string}"},"query-input":{"@type":"PropertyValueSpecification","valueRequired":true,"valueName":"search_term_string"}}],"inLanguage":"fr-FR"},{"@type":"Organization","@id":"https:\/\/www.omrserrature.it\/fr\/#organization","name":"OMR Serrature | Produzione sistemi di chiusura","url":"https:\/\/www.omrserrature.it\/fr\/","logo":{"@type":"ImageObject","inLanguage":"fr-FR","@id":"https:\/\/www.omrserrature.it\/fr\/#\/schema\/logo\/image\/","url":"https:\/\/www.omrserrature.it\/wp-content\/uploads\/2017\/09\/favicon-omr-114.png","contentUrl":"https:\/\/www.omrserrature.it\/wp-content\/uploads\/2017\/09\/favicon-omr-114.png","width":114,"height":114,"caption":"OMR Serrature | Produzione sistemi di chiusura"},"image":{"@id":"https:\/\/www.omrserrature.it\/fr\/#\/schema\/logo\/image\/"},"sameAs":["https:\/\/www.facebook.com\/OMRserrature","https:\/\/www.linkedin.com\/company\/omrserrature\/","https:\/\/www.youtube.com\/channel\/UCxmA85z2R0EpG_6IRokiAkg"]}]}},"_links":{"self":[{"href":"https:\/\/www.omrserrature.it\/fr\/wp-json\/wp\/v2\/product\/242825","targetHints":{"allow":["GET"]}}],"collection":[{"href":"https:\/\/www.omrserrature.it\/fr\/wp-json\/wp\/v2\/product"}],"about":[{"href":"https:\/\/www.omrserrature.it\/fr\/wp-json\/wp\/v2\/types\/product"}],"replies":[{"embeddable":true,"href":"https:\/\/www.omrserrature.it\/fr\/wp-json\/wp\/v2\/comments?post=242825"}],"wp:featuredmedia":[{"embeddable":true,"href":"https:\/\/www.omrserrature.it\/fr\/wp-json\/wp\/v2\/media\/3582"}],"wp:attachment":[{"href":"https:\/\/www.omrserrature.it\/fr\/wp-json\/wp\/v2\/media?parent=242825"}],"wp:term":[{"taxonomy":"product_brand","embeddable":true,"href":"https:\/\/www.omrserrature.it\/fr\/wp-json\/wp\/v2\/product_brand?post=242825"},{"taxonomy":"product_cat","embeddable":true,"href":"https:\/\/www.omrserrature.it\/fr\/wp-json\/wp\/v2\/product_cat?post=242825"},{"taxonomy":"product_tag","embeddable":true,"href":"https:\/\/www.omrserrature.it\/fr\/wp-json\/wp\/v2\/product_tag?post=242825"}],"curies":[{"name":"wp","href":"https:\/\/api.w.org\/{rel}","templated":true}]}}