{"id":242799,"date":"2018-02-15T13:51:29","date_gmt":"2015-02-18T12:51:00","guid":{"rendered":"https:\/\/www.staging6.omrserrature.it\/prodotto\/serrure-de-porte-ou-de-tiroir-loquet-reduit-avec-courbure-longueur-50\/"},"modified":"2026-04-08T12:01:50","modified_gmt":"2026-04-08T10:01:50","slug":"serrure-de-porte-ou-de-tiroir-loquet-reduit-avec-courbure-longueur-50","status":"publish","type":"product","link":"https:\/\/www.omrserrature.it\/fr\/produit\/serrure-de-porte-ou-de-tiroir-loquet-reduit-avec-courbure-longueur-50\/","title":{"rendered":"Serrure de porte ou de tiroir &#8211; loquet r\u00e9duit &#8211; avec courbure &#8211; longueur 50"},"content":{"rendered":"<p>La <strong>serrure \u00e0 cylindre de meuble<\/strong> est faite d&rsquo;un alliage de zinc, compos\u00e9 d&rsquo;une plaque de base ronde \u00e0 l&rsquo;int\u00e9rieur de laquelle coulisse <strong>un p\u00eane<\/strong> &#8211; \u00e9galement appel\u00e9 loquet &#8211;<strong> r\u00e9duit et coud\u00e9<\/strong>. La technologie \u00e0 lamelles offre une s\u00e9curit\u00e9 ad\u00e9quate pour le type d&rsquo;application. Le barillet contenant les paillettes, dans la version avec noyau amovible, peut \u00eatre retir\u00e9 \u00e0 l&rsquo;aide d&rsquo;une cl\u00e9 d&rsquo;extraction sp\u00e9ciale, ce qui permet de changer rapidement la combinaison.<\/p>\n<p>La longueur du cylindre et la longueur du boulon sont de <strong>tailles diff\u00e9rentes<\/strong>, ce qui permet une installation sur diff\u00e9rents mat\u00e9riaux (bois, m\u00e9tal, MDF, etc.) et dans diff\u00e9rentes positions. Cette version avec un loquet r\u00e9duit dont l&rsquo;extr\u00e9mit\u00e9 est tringl\u00e9e permet de fermer la serrure \u00e0 l&rsquo;aide d&rsquo;un trou sur le c\u00f4t\u00e9 du panneau. Le poteau de plantation SVAR02560 compl\u00e8te l&rsquo;installation pour une fixation s\u00fbre de la serrure sans endommager le panneau. <\/p>\n<p>En fonction de la position du p\u00eane, il peut \u00eatre install\u00e9 soit <strong>sur des portes<\/strong>, soit <strong>sur des tiroirs<\/strong>. Il est couramment utilis\u00e9 dans le monde du mobilier en bois et en m\u00e9tal, tant pour le mobilier de bureau que pour le mobilier d&rsquo;atelier. Les \u00e9cussons pour porte \u00e0 simple ou double battant permettent d&rsquo;installer la serrure sur des portes battantes en verre, par exemple dans des vitrines d&rsquo;exposition, des vitrines de pr\u00e9sentation, des pr\u00e9sentoirs. Gr\u00e2ce \u00e0 sa facilit\u00e9 d&rsquo;installation et \u00e0 sa ductilit\u00e9, il peut \u00eatre plac\u00e9 dans des meubles de laboratoire, des h\u00f4pitaux et des mus\u00e9es, mais aussi dans des casiers.<\/p>\n<p><strong><a href=\"https:\/\/www.omrserrature.it\/fr\/produit\/serrure-de-porte-ou-de-tiroir-avec-loquet\/\" target=\"_blank\" rel=\"noopener\">Consultez la page du mod\u00e8le de base<\/a> pour conna\u00eetre toutes les variantes de serrure disponibles.<\/strong><\/p>\n","protected":false},"excerpt":{"rendered":"<p>La <strong>serrure \u00e0 cylindre de meuble<\/strong> est faite d&rsquo;un alliage de zinc, compos\u00e9 d&rsquo;une plaque de base ronde \u00e0 l&rsquo;int\u00e9rieur de laquelle coulisse <strong>un p\u00eane<\/strong> &#8211; \u00e9galement appel\u00e9 loquet &#8211;<strong> r\u00e9duit et coud\u00e9<\/strong>.<\/p>\n","protected":false},"featured_media":8081,"comment_status":"open","ping_status":"closed","template":"","meta":{"_acf_changed":false,"_et_pb_use_builder":"","_et_pb_old_content":"","_et_gb_content_width":""},"product_brand":[],"product_cat":[3738,3757,3749,3739,3658,3648,3723,3724,3694,3697,3728,3731,3690,3748],"product_tag":[],"class_list":{"0":"post-242799","1":"product","2":"type-product","3":"status-publish","4":"has-post-thumbnail","6":"product_cat-battant","7":"product_cat-bureaux","8":"product_cat-magasins-et-activites-commerciales","9":"product_cat-rabat","10":"product_cat-serrures-a-passe-partout","11":"product_cat-serrures-a-pene-dormant","12":"product_cat-serrures-de-panneaux","13":"product_cat-serrures-de-tiroirs","14":"product_cat-serrures-pour-les-boites-aux-lettres","15":"product_cat-serrures-pour-meubles","16":"product_cat-serrures-pour-panneaux-de-signalisation","17":"product_cat-serrures-pour-vitrines-dexposition","18":"product_cat-serrures-professionnelles-pour-meubles","19":"product_cat-systemes-de-fermeture-pour-lindustrie","21":"first","22":"instock","23":"shipping-taxable","24":"product-type-simple"},"acf":{"pdf1":"https:\/\/www.omrserrature.it\/wp-content\/uploads\/2018\/02\/Scheda-220300_SPAL04651.pdf"},"yoast_head":"<!-- This site is optimized with the Yoast SEO plugin v27.2 - https:\/\/yoast.com\/product\/yoast-seo-wordpress\/ -->\n<title>Serrure \u00e0 cylindre pour tiroirs et tringles. Loquet coud\u00e9<\/title>\n<meta name=\"description\" content=\"Serrure \u00e0 cylindre avec p\u00eane dormant r\u00e9duit et coud\u00e9 pour tiroirs et tringles. Id\u00e9al pour les meubles en bois et en m\u00e9tal.\" \/>\n<meta name=\"robots\" content=\"index, follow, max-snippet:-1, max-image-preview:large, max-video-preview:-1\" \/>\n<link rel=\"canonical\" href=\"https:\/\/www.omrserrature.it\/fr\/produit\/serrure-de-porte-ou-de-tiroir-loquet-reduit-avec-courbure-longueur-50\/\" \/>\n<meta property=\"og:locale\" content=\"fr_FR\" \/>\n<meta property=\"og:type\" content=\"article\" \/>\n<meta property=\"og:title\" content=\"Serrure \u00e0 cylindre pour tiroirs et tringles. Loquet coud\u00e9\" \/>\n<meta property=\"og:description\" content=\"Serrure \u00e0 cylindre avec p\u00eane dormant r\u00e9duit et coud\u00e9 pour tiroirs et tringles. Id\u00e9al pour les meubles en bois et en m\u00e9tal.\" \/>\n<meta property=\"og:url\" content=\"https:\/\/www.omrserrature.it\/fr\/produit\/serrure-de-porte-ou-de-tiroir-loquet-reduit-avec-courbure-longueur-50\/\" \/>\n<meta property=\"og:site_name\" content=\"OMR Serrature | Produzione sistemi di chiusura\" \/>\n<meta property=\"article:publisher\" content=\"https:\/\/www.facebook.com\/OMRserrature\" \/>\n<meta property=\"article:modified_time\" content=\"2026-04-08T10:01:50+00:00\" \/>\n<meta property=\"og:image\" content=\"https:\/\/www.omrserrature.it\/wp-content\/uploads\/2018\/02\/SPAL04651.jpg\" \/>\n\t<meta property=\"og:image:width\" content=\"472\" \/>\n\t<meta property=\"og:image:height\" content=\"310\" \/>\n\t<meta property=\"og:image:type\" content=\"image\/jpeg\" \/>\n<meta name=\"twitter:card\" content=\"summary_large_image\" \/>\n<meta name=\"twitter:label1\" content=\"Dur\u00e9e de lecture estim\u00e9e\" \/>\n\t<meta name=\"twitter:data1\" content=\"1 minute\" \/>\n<script type=\"application\/ld+json\" class=\"yoast-schema-graph\">{\"@context\":\"https:\/\/schema.org\",\"@graph\":[{\"@type\":\"WebPage\",\"@id\":\"https:\/\/www.omrserrature.it\/fr\/produit\/serrure-de-porte-ou-de-tiroir-loquet-reduit-avec-courbure-longueur-50\/\",\"url\":\"https:\/\/www.omrserrature.it\/fr\/produit\/serrure-de-porte-ou-de-tiroir-loquet-reduit-avec-courbure-longueur-50\/\",\"name\":\"Serrure \u00e0 cylindre pour tiroirs et tringles. Loquet coud\u00e9\",\"isPartOf\":{\"@id\":\"https:\/\/www.omrserrature.it\/fr\/#website\"},\"primaryImageOfPage\":{\"@id\":\"https:\/\/www.omrserrature.it\/fr\/produit\/serrure-de-porte-ou-de-tiroir-loquet-reduit-avec-courbure-longueur-50\/#primaryimage\"},\"image\":{\"@id\":\"https:\/\/www.omrserrature.it\/fr\/produit\/serrure-de-porte-ou-de-tiroir-loquet-reduit-avec-courbure-longueur-50\/#primaryimage\"},\"thumbnailUrl\":\"https:\/\/www.omrserrature.it\/wp-content\/uploads\/2018\/02\/SPAL04651.jpg\",\"datePublished\":\"2015-02-18T12:51:00+00:00\",\"dateModified\":\"2026-04-08T10:01:50+00:00\",\"description\":\"Serrure \u00e0 cylindre avec p\u00eane dormant r\u00e9duit et coud\u00e9 pour tiroirs et tringles. Id\u00e9al pour les meubles en bois et en m\u00e9tal.\",\"breadcrumb\":{\"@id\":\"https:\/\/www.omrserrature.it\/fr\/produit\/serrure-de-porte-ou-de-tiroir-loquet-reduit-avec-courbure-longueur-50\/#breadcrumb\"},\"inLanguage\":\"fr-FR\",\"potentialAction\":[{\"@type\":\"ReadAction\",\"target\":[\"https:\/\/www.omrserrature.it\/fr\/produit\/serrure-de-porte-ou-de-tiroir-loquet-reduit-avec-courbure-longueur-50\/\"]}]},{\"@type\":\"ImageObject\",\"inLanguage\":\"fr-FR\",\"@id\":\"https:\/\/www.omrserrature.it\/fr\/produit\/serrure-de-porte-ou-de-tiroir-loquet-reduit-avec-courbure-longueur-50\/#primaryimage\",\"url\":\"https:\/\/www.omrserrature.it\/wp-content\/uploads\/2018\/02\/SPAL04651.jpg\",\"contentUrl\":\"https:\/\/www.omrserrature.it\/wp-content\/uploads\/2018\/02\/SPAL04651.jpg\",\"width\":472,\"height\":310,\"caption\":\"Serrure \u00e0 cylindre pour porte ou tiroir - loquet r\u00e9duit et coud\u00e9 - SPAL04236-b\"},{\"@type\":\"BreadcrumbList\",\"@id\":\"https:\/\/www.omrserrature.it\/fr\/produit\/serrure-de-porte-ou-de-tiroir-loquet-reduit-avec-courbure-longueur-50\/#breadcrumb\",\"itemListElement\":[{\"@type\":\"ListItem\",\"position\":1,\"name\":\"Home\",\"item\":\"https:\/\/www.omrserrature.it\/fr\/omr-serrures-et-systemes-de-verrouillage\/\"},{\"@type\":\"ListItem\",\"position\":2,\"name\":\"Catalogue\",\"item\":\"https:\/\/www.omrserrature.it\/catalogue\/?lang=fr\"},{\"@type\":\"ListItem\",\"position\":3,\"name\":\"Applications\",\"item\":\"https:\/\/www.omrserrature.it\/fr\/catalogue\/applications\/\"},{\"@type\":\"ListItem\",\"position\":4,\"name\":\"Serrures pour meubles\",\"item\":\"https:\/\/www.omrserrature.it\/fr\/catalogue\/applications\/serrures-pour-meubles\/\"},{\"@type\":\"ListItem\",\"position\":5,\"name\":\"Serrures de panneaux\",\"item\":\"https:\/\/www.omrserrature.it\/fr\/catalogue\/applications\/serrures-pour-meubles\/serrures-de-panneaux\/\"},{\"@type\":\"ListItem\",\"position\":6,\"name\":\"Battant\",\"item\":\"https:\/\/www.omrserrature.it\/fr\/catalogue\/applications\/serrures-pour-meubles\/serrures-de-panneaux\/battant\/\"},{\"@type\":\"ListItem\",\"position\":7,\"name\":\"Serrure de porte ou de tiroir &#8211; loquet r\u00e9duit &#8211; avec courbure &#8211; longueur 50\"}]},{\"@type\":\"WebSite\",\"@id\":\"https:\/\/www.omrserrature.it\/fr\/#website\",\"url\":\"https:\/\/www.omrserrature.it\/fr\/\",\"name\":\"OMR Serrature | Produzione sistemi di chiusura\",\"description\":\"Produzione serrature di sicurezza e sistemi di chiusura\",\"publisher\":{\"@id\":\"https:\/\/www.omrserrature.it\/fr\/#organization\"},\"potentialAction\":[{\"@type\":\"SearchAction\",\"target\":{\"@type\":\"EntryPoint\",\"urlTemplate\":\"https:\/\/www.omrserrature.it\/fr\/?s={search_term_string}\"},\"query-input\":{\"@type\":\"PropertyValueSpecification\",\"valueRequired\":true,\"valueName\":\"search_term_string\"}}],\"inLanguage\":\"fr-FR\"},{\"@type\":\"Organization\",\"@id\":\"https:\/\/www.omrserrature.it\/fr\/#organization\",\"name\":\"OMR Serrature | Produzione sistemi di chiusura\",\"url\":\"https:\/\/www.omrserrature.it\/fr\/\",\"logo\":{\"@type\":\"ImageObject\",\"inLanguage\":\"fr-FR\",\"@id\":\"https:\/\/www.omrserrature.it\/fr\/#\/schema\/logo\/image\/\",\"url\":\"https:\/\/www.omrserrature.it\/wp-content\/uploads\/2017\/09\/favicon-omr-114.png\",\"contentUrl\":\"https:\/\/www.omrserrature.it\/wp-content\/uploads\/2017\/09\/favicon-omr-114.png\",\"width\":114,\"height\":114,\"caption\":\"OMR Serrature | Produzione sistemi di chiusura\"},\"image\":{\"@id\":\"https:\/\/www.omrserrature.it\/fr\/#\/schema\/logo\/image\/\"},\"sameAs\":[\"https:\/\/www.facebook.com\/OMRserrature\",\"https:\/\/www.linkedin.com\/company\/omrserrature\/\",\"https:\/\/www.youtube.com\/channel\/UCxmA85z2R0EpG_6IRokiAkg\"]}]}<\/script>\n<!-- \/ Yoast SEO plugin. -->","yoast_head_json":{"title":"Serrure \u00e0 cylindre pour tiroirs et tringles. Loquet coud\u00e9","description":"Serrure \u00e0 cylindre avec p\u00eane dormant r\u00e9duit et coud\u00e9 pour tiroirs et tringles. Id\u00e9al pour les meubles en bois et en m\u00e9tal.","robots":{"index":"index","follow":"follow","max-snippet":"max-snippet:-1","max-image-preview":"max-image-preview:large","max-video-preview":"max-video-preview:-1"},"canonical":"https:\/\/www.omrserrature.it\/fr\/produit\/serrure-de-porte-ou-de-tiroir-loquet-reduit-avec-courbure-longueur-50\/","og_locale":"fr_FR","og_type":"article","og_title":"Serrure \u00e0 cylindre pour tiroirs et tringles. Loquet coud\u00e9","og_description":"Serrure \u00e0 cylindre avec p\u00eane dormant r\u00e9duit et coud\u00e9 pour tiroirs et tringles. Id\u00e9al pour les meubles en bois et en m\u00e9tal.","og_url":"https:\/\/www.omrserrature.it\/fr\/produit\/serrure-de-porte-ou-de-tiroir-loquet-reduit-avec-courbure-longueur-50\/","og_site_name":"OMR Serrature | Produzione sistemi di chiusura","article_publisher":"https:\/\/www.facebook.com\/OMRserrature","article_modified_time":"2026-04-08T10:01:50+00:00","og_image":[{"width":472,"height":310,"url":"https:\/\/www.omrserrature.it\/wp-content\/uploads\/2018\/02\/SPAL04651.jpg","type":"image\/jpeg"}],"twitter_card":"summary_large_image","twitter_misc":{"Dur\u00e9e de lecture estim\u00e9e":"1 minute"},"schema":{"@context":"https:\/\/schema.org","@graph":[{"@type":"WebPage","@id":"https:\/\/www.omrserrature.it\/fr\/produit\/serrure-de-porte-ou-de-tiroir-loquet-reduit-avec-courbure-longueur-50\/","url":"https:\/\/www.omrserrature.it\/fr\/produit\/serrure-de-porte-ou-de-tiroir-loquet-reduit-avec-courbure-longueur-50\/","name":"Serrure \u00e0 cylindre pour tiroirs et tringles. Loquet coud\u00e9","isPartOf":{"@id":"https:\/\/www.omrserrature.it\/fr\/#website"},"primaryImageOfPage":{"@id":"https:\/\/www.omrserrature.it\/fr\/produit\/serrure-de-porte-ou-de-tiroir-loquet-reduit-avec-courbure-longueur-50\/#primaryimage"},"image":{"@id":"https:\/\/www.omrserrature.it\/fr\/produit\/serrure-de-porte-ou-de-tiroir-loquet-reduit-avec-courbure-longueur-50\/#primaryimage"},"thumbnailUrl":"https:\/\/www.omrserrature.it\/wp-content\/uploads\/2018\/02\/SPAL04651.jpg","datePublished":"2015-02-18T12:51:00+00:00","dateModified":"2026-04-08T10:01:50+00:00","description":"Serrure \u00e0 cylindre avec p\u00eane dormant r\u00e9duit et coud\u00e9 pour tiroirs et tringles. Id\u00e9al pour les meubles en bois et en m\u00e9tal.","breadcrumb":{"@id":"https:\/\/www.omrserrature.it\/fr\/produit\/serrure-de-porte-ou-de-tiroir-loquet-reduit-avec-courbure-longueur-50\/#breadcrumb"},"inLanguage":"fr-FR","potentialAction":[{"@type":"ReadAction","target":["https:\/\/www.omrserrature.it\/fr\/produit\/serrure-de-porte-ou-de-tiroir-loquet-reduit-avec-courbure-longueur-50\/"]}]},{"@type":"ImageObject","inLanguage":"fr-FR","@id":"https:\/\/www.omrserrature.it\/fr\/produit\/serrure-de-porte-ou-de-tiroir-loquet-reduit-avec-courbure-longueur-50\/#primaryimage","url":"https:\/\/www.omrserrature.it\/wp-content\/uploads\/2018\/02\/SPAL04651.jpg","contentUrl":"https:\/\/www.omrserrature.it\/wp-content\/uploads\/2018\/02\/SPAL04651.jpg","width":472,"height":310,"caption":"Serrure \u00e0 cylindre pour porte ou tiroir - loquet r\u00e9duit et coud\u00e9 - SPAL04236-b"},{"@type":"BreadcrumbList","@id":"https:\/\/www.omrserrature.it\/fr\/produit\/serrure-de-porte-ou-de-tiroir-loquet-reduit-avec-courbure-longueur-50\/#breadcrumb","itemListElement":[{"@type":"ListItem","position":1,"name":"Home","item":"https:\/\/www.omrserrature.it\/fr\/omr-serrures-et-systemes-de-verrouillage\/"},{"@type":"ListItem","position":2,"name":"Catalogue","item":"https:\/\/www.omrserrature.it\/catalogue\/?lang=fr"},{"@type":"ListItem","position":3,"name":"Applications","item":"https:\/\/www.omrserrature.it\/fr\/catalogue\/applications\/"},{"@type":"ListItem","position":4,"name":"Serrures pour meubles","item":"https:\/\/www.omrserrature.it\/fr\/catalogue\/applications\/serrures-pour-meubles\/"},{"@type":"ListItem","position":5,"name":"Serrures de panneaux","item":"https:\/\/www.omrserrature.it\/fr\/catalogue\/applications\/serrures-pour-meubles\/serrures-de-panneaux\/"},{"@type":"ListItem","position":6,"name":"Battant","item":"https:\/\/www.omrserrature.it\/fr\/catalogue\/applications\/serrures-pour-meubles\/serrures-de-panneaux\/battant\/"},{"@type":"ListItem","position":7,"name":"Serrure de porte ou de tiroir &#8211; loquet r\u00e9duit &#8211; avec courbure &#8211; longueur 50"}]},{"@type":"WebSite","@id":"https:\/\/www.omrserrature.it\/fr\/#website","url":"https:\/\/www.omrserrature.it\/fr\/","name":"OMR Serrature | Produzione sistemi di chiusura","description":"Produzione serrature di sicurezza e sistemi di chiusura","publisher":{"@id":"https:\/\/www.omrserrature.it\/fr\/#organization"},"potentialAction":[{"@type":"SearchAction","target":{"@type":"EntryPoint","urlTemplate":"https:\/\/www.omrserrature.it\/fr\/?s={search_term_string}"},"query-input":{"@type":"PropertyValueSpecification","valueRequired":true,"valueName":"search_term_string"}}],"inLanguage":"fr-FR"},{"@type":"Organization","@id":"https:\/\/www.omrserrature.it\/fr\/#organization","name":"OMR Serrature | Produzione sistemi di chiusura","url":"https:\/\/www.omrserrature.it\/fr\/","logo":{"@type":"ImageObject","inLanguage":"fr-FR","@id":"https:\/\/www.omrserrature.it\/fr\/#\/schema\/logo\/image\/","url":"https:\/\/www.omrserrature.it\/wp-content\/uploads\/2017\/09\/favicon-omr-114.png","contentUrl":"https:\/\/www.omrserrature.it\/wp-content\/uploads\/2017\/09\/favicon-omr-114.png","width":114,"height":114,"caption":"OMR Serrature | Produzione sistemi di chiusura"},"image":{"@id":"https:\/\/www.omrserrature.it\/fr\/#\/schema\/logo\/image\/"},"sameAs":["https:\/\/www.facebook.com\/OMRserrature","https:\/\/www.linkedin.com\/company\/omrserrature\/","https:\/\/www.youtube.com\/channel\/UCxmA85z2R0EpG_6IRokiAkg"]}]}},"_links":{"self":[{"href":"https:\/\/www.omrserrature.it\/fr\/wp-json\/wp\/v2\/product\/242799","targetHints":{"allow":["GET"]}}],"collection":[{"href":"https:\/\/www.omrserrature.it\/fr\/wp-json\/wp\/v2\/product"}],"about":[{"href":"https:\/\/www.omrserrature.it\/fr\/wp-json\/wp\/v2\/types\/product"}],"replies":[{"embeddable":true,"href":"https:\/\/www.omrserrature.it\/fr\/wp-json\/wp\/v2\/comments?post=242799"}],"wp:featuredmedia":[{"embeddable":true,"href":"https:\/\/www.omrserrature.it\/fr\/wp-json\/wp\/v2\/media\/8081"}],"wp:attachment":[{"href":"https:\/\/www.omrserrature.it\/fr\/wp-json\/wp\/v2\/media?parent=242799"}],"wp:term":[{"taxonomy":"product_brand","embeddable":true,"href":"https:\/\/www.omrserrature.it\/fr\/wp-json\/wp\/v2\/product_brand?post=242799"},{"taxonomy":"product_cat","embeddable":true,"href":"https:\/\/www.omrserrature.it\/fr\/wp-json\/wp\/v2\/product_cat?post=242799"},{"taxonomy":"product_tag","embeddable":true,"href":"https:\/\/www.omrserrature.it\/fr\/wp-json\/wp\/v2\/product_tag?post=242799"}],"curies":[{"name":"wp","href":"https:\/\/api.w.org\/{rel}","templated":true}]}}