{"id":242791,"date":"2018-02-15T11:15:39","date_gmt":"2015-02-18T10:15:00","guid":{"rendered":"https:\/\/www.staging6.omrserrature.it\/prodotto\/serrure-de-porte-ou-de-tiroir-loquet-passant-longueur-30-mm\/"},"modified":"2026-04-08T11:59:36","modified_gmt":"2026-04-08T09:59:36","slug":"serrure-de-porte-ou-de-tiroir-loquet-passant-longueur-30-mm","status":"publish","type":"product","link":"https:\/\/www.omrserrature.it\/fr\/produit\/serrure-de-porte-ou-de-tiroir-loquet-passant-longueur-30-mm\/","title":{"rendered":"Serrure de porte ou de tiroir &#8211; loquet passant &#8211; longueur 30 mm"},"content":{"rendered":"<p>La <strong>serrure \u00e0 cylindre de meuble<\/strong> est en alliage de zinc, constitu\u00e9e d&rsquo;une base ronde \u00e0 l&rsquo;int\u00e9rieur de laquelle <strong>coulisse<\/strong> un loquet <strong>ou un p\u00eane traversant<\/strong>, pour une fermeture ambidextre, de sorte que le p\u00eane passe d&rsquo;un c\u00f4t\u00e9 \u00e0 l&rsquo;autre de la serrure lorsqu&rsquo;on tourne la cl\u00e9. La technologie \u00e0 lamelles offre une s\u00e9curit\u00e9 ad\u00e9quate pour le type d&rsquo;application. Le barillet contenant les paillettes, dans la version avec noyau amovible, peut \u00eatre retir\u00e9 \u00e0 l&rsquo;aide d&rsquo;une cl\u00e9 d&rsquo;extraction sp\u00e9ciale, ce qui permet de changer rapidement la combinaison.<\/p>\n<p>La longueur du cylindre et la longueur du boulon sont de <strong>tailles diff\u00e9rentes<\/strong>, ce qui permet une installation sur diff\u00e9rents mat\u00e9riaux (bois, m\u00e9tal, MDF, etc.) et dans diff\u00e9rentes positions. Cette version \u00e0 loquet traversant permet une fermeture ambidextre, sans qu&rsquo;il soit n\u00e9cessaire de distinguer les tringles droites et gauches au moment de l&rsquo;installation.<\/p>\n<p>Elle est couramment utilis\u00e9e dans l&rsquo;univers du mobilier en bois et en m\u00e9tal, aussi bien dans les meubles de bureau que dans les meubles d&rsquo;atelier, et est consid\u00e9r\u00e9e comme une serrure de tiroir, bien qu&rsquo;elle puisse \u00e9galement s&rsquo;appliquer aux portes, trappes, etc. Les mod\u00e8les \u00e0 simple ou double porte permettent d&rsquo;installer la serrure \u00e9galement sur des portes battantes en verre, par exemple dans les vitrines, les \u00e9cussons, les pr\u00e9sentoirs. Gr\u00e2ce \u00e0 sa facilit\u00e9 d&rsquo;installation et \u00e0 sa ductilit\u00e9, elle peut \u00eatre plac\u00e9e dans des meubles de laboratoire, des h\u00f4pitaux et des mus\u00e9es, ainsi que dans des casiers. <\/p>\n<p><strong>Si vous souhaitez conna\u00eetre toutes les variantes de corps de serrure disponibles, veuillez <a href=\"https:\/\/www.omrserrature.it\/fr\/produit\/serrure-de-porte-ou-de-tiroir-avec-loquet\/\" target=\"_blank\" rel=\"noopener\">vous reporter \u00e0 la page du mod\u00e8le de base<\/a>.<\/strong><\/p>\n","protected":false},"excerpt":{"rendered":"<p>La<strong> serrure \u00e0 cylindre de meuble<\/strong> est faite d&rsquo;un alliage de zinc, compos\u00e9 d&rsquo;une base ronde \u00e0 l&rsquo;int\u00e9rieur de laquelle coulisse <strong>un p\u00eane traversant (\u00e9galement appel\u00e9 loquet)<\/strong>, pour une fermeture ambidextre, de sorte que le p\u00eane passe d&rsquo;un c\u00f4t\u00e9 \u00e0 l&rsquo;autre de la serrure lorsque l&rsquo;on tourne la cl\u00e9.<\/p>\n","protected":false},"featured_media":8053,"comment_status":"open","ping_status":"closed","template":"","meta":{"_acf_changed":false,"_et_pb_use_builder":"","_et_pb_old_content":"","_et_gb_content_width":""},"product_brand":[],"product_cat":[3738,3757,3754,3749,3739,3658,3648,3723,3722,3724,3694,3697,3728,3731,3690,3748],"product_tag":[],"class_list":{"0":"post-242791","1":"product","2":"type-product","3":"status-publish","4":"has-post-thumbnail","6":"product_cat-battant","7":"product_cat-bureaux","8":"product_cat-juste","9":"product_cat-magasins-et-activites-commerciales","10":"product_cat-rabat","11":"product_cat-serrures-a-passe-partout","12":"product_cat-serrures-a-pene-dormant","13":"product_cat-serrures-de-panneaux","14":"product_cat-serrures-de-portes","15":"product_cat-serrures-de-tiroirs","16":"product_cat-serrures-pour-les-boites-aux-lettres","17":"product_cat-serrures-pour-meubles","18":"product_cat-serrures-pour-panneaux-de-signalisation","19":"product_cat-serrures-pour-vitrines-dexposition","20":"product_cat-serrures-professionnelles-pour-meubles","21":"product_cat-systemes-de-fermeture-pour-lindustrie","23":"first","24":"instock","25":"shipping-taxable","26":"product-type-simple"},"acf":{"pdf1":"https:\/\/www.omrserrature.it\/wp-content\/uploads\/2018\/02\/Scheda_220300-SPAL04236.pdf"},"yoast_head":"<!-- This site is optimized with the Yoast SEO plugin v27.2 - https:\/\/yoast.com\/product\/yoast-seo-wordpress\/ -->\n<title>Serrure de cylindre de meuble \u00e0 travers le poteau<\/title>\n<meta name=\"description\" content=\"Serrure \u00e0 cylindre avec p\u00eane traversant pour tiroirs et meubles. Fermeture ambidextre, adapt\u00e9e au bois, au m\u00e9tal et au verre.\" \/>\n<meta name=\"robots\" content=\"index, follow, max-snippet:-1, max-image-preview:large, max-video-preview:-1\" \/>\n<link rel=\"canonical\" href=\"https:\/\/www.omrserrature.it\/fr\/produit\/serrure-de-porte-ou-de-tiroir-loquet-passant-longueur-30-mm\/\" \/>\n<meta property=\"og:locale\" content=\"fr_FR\" \/>\n<meta property=\"og:type\" content=\"article\" \/>\n<meta property=\"og:title\" content=\"Serrure de cylindre de meuble \u00e0 travers le poteau\" \/>\n<meta property=\"og:description\" content=\"Serrure \u00e0 cylindre avec p\u00eane traversant pour tiroirs et meubles. Fermeture ambidextre, adapt\u00e9e au bois, au m\u00e9tal et au verre.\" \/>\n<meta property=\"og:url\" content=\"https:\/\/www.omrserrature.it\/fr\/produit\/serrure-de-porte-ou-de-tiroir-loquet-passant-longueur-30-mm\/\" \/>\n<meta property=\"og:site_name\" content=\"OMR Serrature | Produzione sistemi di chiusura\" \/>\n<meta property=\"article:publisher\" content=\"https:\/\/www.facebook.com\/OMRserrature\" \/>\n<meta property=\"article:modified_time\" content=\"2026-04-08T09:59:36+00:00\" \/>\n<meta property=\"og:image\" content=\"https:\/\/www.omrserrature.it\/wp-content\/uploads\/2018\/02\/SPAL04236.jpg\" \/>\n\t<meta property=\"og:image:width\" content=\"344\" \/>\n\t<meta property=\"og:image:height\" content=\"255\" \/>\n\t<meta property=\"og:image:type\" content=\"image\/jpeg\" \/>\n<meta name=\"twitter:card\" content=\"summary_large_image\" \/>\n<meta name=\"twitter:label1\" content=\"Dur\u00e9e de lecture estim\u00e9e\" \/>\n\t<meta name=\"twitter:data1\" content=\"1 minute\" \/>\n<script type=\"application\/ld+json\" class=\"yoast-schema-graph\">{\"@context\":\"https:\/\/schema.org\",\"@graph\":[{\"@type\":\"WebPage\",\"@id\":\"https:\/\/www.omrserrature.it\/fr\/produit\/serrure-de-porte-ou-de-tiroir-loquet-passant-longueur-30-mm\/\",\"url\":\"https:\/\/www.omrserrature.it\/fr\/produit\/serrure-de-porte-ou-de-tiroir-loquet-passant-longueur-30-mm\/\",\"name\":\"Serrure de cylindre de meuble \u00e0 travers le poteau\",\"isPartOf\":{\"@id\":\"https:\/\/www.omrserrature.it\/fr\/#website\"},\"primaryImageOfPage\":{\"@id\":\"https:\/\/www.omrserrature.it\/fr\/produit\/serrure-de-porte-ou-de-tiroir-loquet-passant-longueur-30-mm\/#primaryimage\"},\"image\":{\"@id\":\"https:\/\/www.omrserrature.it\/fr\/produit\/serrure-de-porte-ou-de-tiroir-loquet-passant-longueur-30-mm\/#primaryimage\"},\"thumbnailUrl\":\"https:\/\/www.omrserrature.it\/wp-content\/uploads\/2018\/02\/SPAL04236.jpg\",\"datePublished\":\"2015-02-18T10:15:00+00:00\",\"dateModified\":\"2026-04-08T09:59:36+00:00\",\"description\":\"Serrure \u00e0 cylindre avec p\u00eane traversant pour tiroirs et meubles. Fermeture ambidextre, adapt\u00e9e au bois, au m\u00e9tal et au verre.\",\"breadcrumb\":{\"@id\":\"https:\/\/www.omrserrature.it\/fr\/produit\/serrure-de-porte-ou-de-tiroir-loquet-passant-longueur-30-mm\/#breadcrumb\"},\"inLanguage\":\"fr-FR\",\"potentialAction\":[{\"@type\":\"ReadAction\",\"target\":[\"https:\/\/www.omrserrature.it\/fr\/produit\/serrure-de-porte-ou-de-tiroir-loquet-passant-longueur-30-mm\/\"]}]},{\"@type\":\"ImageObject\",\"inLanguage\":\"fr-FR\",\"@id\":\"https:\/\/www.omrserrature.it\/fr\/produit\/serrure-de-porte-ou-de-tiroir-loquet-passant-longueur-30-mm\/#primaryimage\",\"url\":\"https:\/\/www.omrserrature.it\/wp-content\/uploads\/2018\/02\/SPAL04236.jpg\",\"contentUrl\":\"https:\/\/www.omrserrature.it\/wp-content\/uploads\/2018\/02\/SPAL04236.jpg\",\"width\":344,\"height\":255,\"caption\":\"Serrure \u00e0 cylindre pour porte ou tiroir - \u00e0 travers le loquet - entraxe 30 - SPAL04236\"},{\"@type\":\"BreadcrumbList\",\"@id\":\"https:\/\/www.omrserrature.it\/fr\/produit\/serrure-de-porte-ou-de-tiroir-loquet-passant-longueur-30-mm\/#breadcrumb\",\"itemListElement\":[{\"@type\":\"ListItem\",\"position\":1,\"name\":\"Home\",\"item\":\"https:\/\/www.omrserrature.it\/fr\/omr-serrures-et-systemes-de-verrouillage\/\"},{\"@type\":\"ListItem\",\"position\":2,\"name\":\"Catalogue\",\"item\":\"https:\/\/www.omrserrature.it\/catalogue\/?lang=fr\"},{\"@type\":\"ListItem\",\"position\":3,\"name\":\"Applications\",\"item\":\"https:\/\/www.omrserrature.it\/fr\/catalogue\/applications\/\"},{\"@type\":\"ListItem\",\"position\":4,\"name\":\"Serrures pour meubles\",\"item\":\"https:\/\/www.omrserrature.it\/fr\/catalogue\/applications\/serrures-pour-meubles\/\"},{\"@type\":\"ListItem\",\"position\":5,\"name\":\"Serrures de panneaux\",\"item\":\"https:\/\/www.omrserrature.it\/fr\/catalogue\/applications\/serrures-pour-meubles\/serrures-de-panneaux\/\"},{\"@type\":\"ListItem\",\"position\":6,\"name\":\"Battant\",\"item\":\"https:\/\/www.omrserrature.it\/fr\/catalogue\/applications\/serrures-pour-meubles\/serrures-de-panneaux\/battant\/\"},{\"@type\":\"ListItem\",\"position\":7,\"name\":\"Serrure de porte ou de tiroir &#8211; loquet passant &#8211; longueur 30 mm\"}]},{\"@type\":\"WebSite\",\"@id\":\"https:\/\/www.omrserrature.it\/fr\/#website\",\"url\":\"https:\/\/www.omrserrature.it\/fr\/\",\"name\":\"OMR Serrature | Produzione sistemi di chiusura\",\"description\":\"Produzione serrature di sicurezza e sistemi di chiusura\",\"publisher\":{\"@id\":\"https:\/\/www.omrserrature.it\/fr\/#organization\"},\"potentialAction\":[{\"@type\":\"SearchAction\",\"target\":{\"@type\":\"EntryPoint\",\"urlTemplate\":\"https:\/\/www.omrserrature.it\/fr\/?s={search_term_string}\"},\"query-input\":{\"@type\":\"PropertyValueSpecification\",\"valueRequired\":true,\"valueName\":\"search_term_string\"}}],\"inLanguage\":\"fr-FR\"},{\"@type\":\"Organization\",\"@id\":\"https:\/\/www.omrserrature.it\/fr\/#organization\",\"name\":\"OMR Serrature | Produzione sistemi di chiusura\",\"url\":\"https:\/\/www.omrserrature.it\/fr\/\",\"logo\":{\"@type\":\"ImageObject\",\"inLanguage\":\"fr-FR\",\"@id\":\"https:\/\/www.omrserrature.it\/fr\/#\/schema\/logo\/image\/\",\"url\":\"https:\/\/www.omrserrature.it\/wp-content\/uploads\/2017\/09\/favicon-omr-114.png\",\"contentUrl\":\"https:\/\/www.omrserrature.it\/wp-content\/uploads\/2017\/09\/favicon-omr-114.png\",\"width\":114,\"height\":114,\"caption\":\"OMR Serrature | Produzione sistemi di chiusura\"},\"image\":{\"@id\":\"https:\/\/www.omrserrature.it\/fr\/#\/schema\/logo\/image\/\"},\"sameAs\":[\"https:\/\/www.facebook.com\/OMRserrature\",\"https:\/\/www.linkedin.com\/company\/omrserrature\/\",\"https:\/\/www.youtube.com\/channel\/UCxmA85z2R0EpG_6IRokiAkg\"]}]}<\/script>\n<!-- \/ Yoast SEO plugin. -->","yoast_head_json":{"title":"Serrure de cylindre de meuble \u00e0 travers le poteau","description":"Serrure \u00e0 cylindre avec p\u00eane traversant pour tiroirs et meubles. Fermeture ambidextre, adapt\u00e9e au bois, au m\u00e9tal et au verre.","robots":{"index":"index","follow":"follow","max-snippet":"max-snippet:-1","max-image-preview":"max-image-preview:large","max-video-preview":"max-video-preview:-1"},"canonical":"https:\/\/www.omrserrature.it\/fr\/produit\/serrure-de-porte-ou-de-tiroir-loquet-passant-longueur-30-mm\/","og_locale":"fr_FR","og_type":"article","og_title":"Serrure de cylindre de meuble \u00e0 travers le poteau","og_description":"Serrure \u00e0 cylindre avec p\u00eane traversant pour tiroirs et meubles. Fermeture ambidextre, adapt\u00e9e au bois, au m\u00e9tal et au verre.","og_url":"https:\/\/www.omrserrature.it\/fr\/produit\/serrure-de-porte-ou-de-tiroir-loquet-passant-longueur-30-mm\/","og_site_name":"OMR Serrature | Produzione sistemi di chiusura","article_publisher":"https:\/\/www.facebook.com\/OMRserrature","article_modified_time":"2026-04-08T09:59:36+00:00","og_image":[{"width":344,"height":255,"url":"https:\/\/www.omrserrature.it\/wp-content\/uploads\/2018\/02\/SPAL04236.jpg","type":"image\/jpeg"}],"twitter_card":"summary_large_image","twitter_misc":{"Dur\u00e9e de lecture estim\u00e9e":"1 minute"},"schema":{"@context":"https:\/\/schema.org","@graph":[{"@type":"WebPage","@id":"https:\/\/www.omrserrature.it\/fr\/produit\/serrure-de-porte-ou-de-tiroir-loquet-passant-longueur-30-mm\/","url":"https:\/\/www.omrserrature.it\/fr\/produit\/serrure-de-porte-ou-de-tiroir-loquet-passant-longueur-30-mm\/","name":"Serrure de cylindre de meuble \u00e0 travers le poteau","isPartOf":{"@id":"https:\/\/www.omrserrature.it\/fr\/#website"},"primaryImageOfPage":{"@id":"https:\/\/www.omrserrature.it\/fr\/produit\/serrure-de-porte-ou-de-tiroir-loquet-passant-longueur-30-mm\/#primaryimage"},"image":{"@id":"https:\/\/www.omrserrature.it\/fr\/produit\/serrure-de-porte-ou-de-tiroir-loquet-passant-longueur-30-mm\/#primaryimage"},"thumbnailUrl":"https:\/\/www.omrserrature.it\/wp-content\/uploads\/2018\/02\/SPAL04236.jpg","datePublished":"2015-02-18T10:15:00+00:00","dateModified":"2026-04-08T09:59:36+00:00","description":"Serrure \u00e0 cylindre avec p\u00eane traversant pour tiroirs et meubles. Fermeture ambidextre, adapt\u00e9e au bois, au m\u00e9tal et au verre.","breadcrumb":{"@id":"https:\/\/www.omrserrature.it\/fr\/produit\/serrure-de-porte-ou-de-tiroir-loquet-passant-longueur-30-mm\/#breadcrumb"},"inLanguage":"fr-FR","potentialAction":[{"@type":"ReadAction","target":["https:\/\/www.omrserrature.it\/fr\/produit\/serrure-de-porte-ou-de-tiroir-loquet-passant-longueur-30-mm\/"]}]},{"@type":"ImageObject","inLanguage":"fr-FR","@id":"https:\/\/www.omrserrature.it\/fr\/produit\/serrure-de-porte-ou-de-tiroir-loquet-passant-longueur-30-mm\/#primaryimage","url":"https:\/\/www.omrserrature.it\/wp-content\/uploads\/2018\/02\/SPAL04236.jpg","contentUrl":"https:\/\/www.omrserrature.it\/wp-content\/uploads\/2018\/02\/SPAL04236.jpg","width":344,"height":255,"caption":"Serrure \u00e0 cylindre pour porte ou tiroir - \u00e0 travers le loquet - entraxe 30 - SPAL04236"},{"@type":"BreadcrumbList","@id":"https:\/\/www.omrserrature.it\/fr\/produit\/serrure-de-porte-ou-de-tiroir-loquet-passant-longueur-30-mm\/#breadcrumb","itemListElement":[{"@type":"ListItem","position":1,"name":"Home","item":"https:\/\/www.omrserrature.it\/fr\/omr-serrures-et-systemes-de-verrouillage\/"},{"@type":"ListItem","position":2,"name":"Catalogue","item":"https:\/\/www.omrserrature.it\/catalogue\/?lang=fr"},{"@type":"ListItem","position":3,"name":"Applications","item":"https:\/\/www.omrserrature.it\/fr\/catalogue\/applications\/"},{"@type":"ListItem","position":4,"name":"Serrures pour meubles","item":"https:\/\/www.omrserrature.it\/fr\/catalogue\/applications\/serrures-pour-meubles\/"},{"@type":"ListItem","position":5,"name":"Serrures de panneaux","item":"https:\/\/www.omrserrature.it\/fr\/catalogue\/applications\/serrures-pour-meubles\/serrures-de-panneaux\/"},{"@type":"ListItem","position":6,"name":"Battant","item":"https:\/\/www.omrserrature.it\/fr\/catalogue\/applications\/serrures-pour-meubles\/serrures-de-panneaux\/battant\/"},{"@type":"ListItem","position":7,"name":"Serrure de porte ou de tiroir &#8211; loquet passant &#8211; longueur 30 mm"}]},{"@type":"WebSite","@id":"https:\/\/www.omrserrature.it\/fr\/#website","url":"https:\/\/www.omrserrature.it\/fr\/","name":"OMR Serrature | Produzione sistemi di chiusura","description":"Produzione serrature di sicurezza e sistemi di chiusura","publisher":{"@id":"https:\/\/www.omrserrature.it\/fr\/#organization"},"potentialAction":[{"@type":"SearchAction","target":{"@type":"EntryPoint","urlTemplate":"https:\/\/www.omrserrature.it\/fr\/?s={search_term_string}"},"query-input":{"@type":"PropertyValueSpecification","valueRequired":true,"valueName":"search_term_string"}}],"inLanguage":"fr-FR"},{"@type":"Organization","@id":"https:\/\/www.omrserrature.it\/fr\/#organization","name":"OMR Serrature | Produzione sistemi di chiusura","url":"https:\/\/www.omrserrature.it\/fr\/","logo":{"@type":"ImageObject","inLanguage":"fr-FR","@id":"https:\/\/www.omrserrature.it\/fr\/#\/schema\/logo\/image\/","url":"https:\/\/www.omrserrature.it\/wp-content\/uploads\/2017\/09\/favicon-omr-114.png","contentUrl":"https:\/\/www.omrserrature.it\/wp-content\/uploads\/2017\/09\/favicon-omr-114.png","width":114,"height":114,"caption":"OMR Serrature | Produzione sistemi di chiusura"},"image":{"@id":"https:\/\/www.omrserrature.it\/fr\/#\/schema\/logo\/image\/"},"sameAs":["https:\/\/www.facebook.com\/OMRserrature","https:\/\/www.linkedin.com\/company\/omrserrature\/","https:\/\/www.youtube.com\/channel\/UCxmA85z2R0EpG_6IRokiAkg"]}]}},"_links":{"self":[{"href":"https:\/\/www.omrserrature.it\/fr\/wp-json\/wp\/v2\/product\/242791","targetHints":{"allow":["GET"]}}],"collection":[{"href":"https:\/\/www.omrserrature.it\/fr\/wp-json\/wp\/v2\/product"}],"about":[{"href":"https:\/\/www.omrserrature.it\/fr\/wp-json\/wp\/v2\/types\/product"}],"replies":[{"embeddable":true,"href":"https:\/\/www.omrserrature.it\/fr\/wp-json\/wp\/v2\/comments?post=242791"}],"wp:featuredmedia":[{"embeddable":true,"href":"https:\/\/www.omrserrature.it\/fr\/wp-json\/wp\/v2\/media\/8053"}],"wp:attachment":[{"href":"https:\/\/www.omrserrature.it\/fr\/wp-json\/wp\/v2\/media?parent=242791"}],"wp:term":[{"taxonomy":"product_brand","embeddable":true,"href":"https:\/\/www.omrserrature.it\/fr\/wp-json\/wp\/v2\/product_brand?post=242791"},{"taxonomy":"product_cat","embeddable":true,"href":"https:\/\/www.omrserrature.it\/fr\/wp-json\/wp\/v2\/product_cat?post=242791"},{"taxonomy":"product_tag","embeddable":true,"href":"https:\/\/www.omrserrature.it\/fr\/wp-json\/wp\/v2\/product_tag?post=242791"}],"curies":[{"name":"wp","href":"https:\/\/api.w.org\/{rel}","templated":true}]}}