{"id":242776,"date":"2018-02-15T11:56:39","date_gmt":"2015-02-18T10:56:00","guid":{"rendered":"https:\/\/www.staging6.omrserrature.it\/prodotto\/serrure-de-porte-ou-de-tiroir-pene-dormant-long\/"},"modified":"2026-04-08T12:00:18","modified_gmt":"2026-04-08T10:00:18","slug":"serrure-de-porte-ou-de-tiroir-pene-dormant-long","status":"publish","type":"product","link":"https:\/\/www.omrserrature.it\/fr\/produit\/serrure-de-porte-ou-de-tiroir-pene-dormant-long\/","title":{"rendered":"Serrure de porte ou de tiroir &#8211; p\u00eane dormant long"},"content":{"rendered":"<p>La <strong>serrure \u00e0 cylindre pour meubles<\/strong> est fabriqu\u00e9e en alliage de zinc et se compose d&rsquo;une base ronde \u00e0 l&rsquo;int\u00e9rieur de laquelle coulisse un <strong>p\u00eane ou un loquet<\/strong> qui, dans ce cas, est plus <strong>long (40 mm\/53 mm)<\/strong> que la norme. La technologie des lamelles offre un niveau de s\u00e9curit\u00e9 adapt\u00e9 au type d&rsquo;application. Le barillet contenant les plaques, dans la version avec noyau interchangeable, peut \u00eatre retir\u00e9 \u00e0 l&rsquo;aide d&rsquo;une cl\u00e9 d&rsquo;extraction sp\u00e9ciale, ce qui permet de changer rapidement la combinaison.  <\/p>\n<p>Les longueurs du cylindre et du p\u00eane dormant sont disponibles en<strong> diff\u00e9rentes tailles pour permettre l&rsquo;installation sur diff\u00e9rents mat\u00e9riaux (bois, m\u00e9tal, MDF, etc.)<\/strong> et dans diff\u00e9rentes positions. La version \u00e0 loquet r\u00e9duit, avec extr\u00e9mit\u00e9 tringl\u00e9e, permet de fermer la serrure en exploitant un trou sur le c\u00f4t\u00e9 du panneau. <\/p>\n<p>Selon la position du loquet, il peut \u00eatre install\u00e9 <strong>sur les portes<\/strong> et les <strong>tiroirs<\/strong>. Couramment utilis\u00e9 dans le monde du mobilier en bois et en m\u00e9tal, tant pour le mobilier de bureau que pour le mobilier d&rsquo;atelier. Les \u00e9cussons pour porte simple ou double permettent d&rsquo;installer la serrure sur des panneaux battants en verre, par exemple dans des vitrines, des pr\u00e9sentoirs et des expositions. Gr\u00e2ce \u00e0 sa facilit\u00e9 d&rsquo;installation et \u00e0 sa ductilit\u00e9, elle peut \u00eatre plac\u00e9e dans des meubles de laboratoire, des h\u00f4pitaux et des mus\u00e9es, ainsi que dans des casiers. <\/p>\n<p><strong><a href=\"https:\/\/www.omrserrature.it\/fr\/produit\/serrure-de-porte-ou-de-tiroir-avec-loquet\/\" target=\"_blank\" rel=\"noopener\">Consultez la page du mod\u00e8le de base<\/a> pour conna\u00eetre toutes les variantes de serrure disponibles.<\/strong><\/p>\n","protected":false},"excerpt":{"rendered":"<p>La <strong>serrure \u00e0 cylindre pour meubles<\/strong> est fabriqu\u00e9e en alliage de zinc et se compose d&rsquo;une base ronde \u00e0 l&rsquo;int\u00e9rieur de laquelle coulisse un <strong>p\u00eane ou un loquet<\/strong> qui, dans ce cas, est plus <strong>long (40 mm\/53 mm)<\/strong> que la norme.<\/p>\n","protected":false},"featured_media":8046,"comment_status":"open","ping_status":"closed","template":"","meta":{"_acf_changed":false,"_et_pb_use_builder":"","_et_pb_old_content":"","_et_gb_content_width":""},"product_brand":[],"product_cat":[3738,3757,3754,3749,3658,3648,3723,3722,3694,3697,3690,3748],"product_tag":[],"class_list":{"0":"post-242776","1":"product","2":"type-product","3":"status-publish","4":"has-post-thumbnail","6":"product_cat-battant","7":"product_cat-bureaux","8":"product_cat-juste","9":"product_cat-magasins-et-activites-commerciales","10":"product_cat-serrures-a-passe-partout","11":"product_cat-serrures-a-pene-dormant","12":"product_cat-serrures-de-panneaux","13":"product_cat-serrures-de-portes","14":"product_cat-serrures-pour-les-boites-aux-lettres","15":"product_cat-serrures-pour-meubles","16":"product_cat-serrures-professionnelles-pour-meubles","17":"product_cat-systemes-de-fermeture-pour-lindustrie","19":"first","20":"instock","21":"shipping-taxable","22":"purchasable","23":"product-type-variable"},"acf":{"pdf1":"https:\/\/www.omrserrature.it\/wp-content\/uploads\/2018\/02\/Scheda_220302_SPAL04235.pdf"},"yoast_head":"<!-- This site is optimized with the Yoast SEO plugin v27.2 - https:\/\/yoast.com\/product\/yoast-seo-wordpress\/ -->\n<title>Serrure de porte ou de tiroir - p\u00eane dormant long - OMR Serrature<\/title>\n<meta name=\"robots\" content=\"index, follow, max-snippet:-1, max-image-preview:large, max-video-preview:-1\" \/>\n<link rel=\"canonical\" href=\"https:\/\/www.omrserrature.it\/fr\/produit\/serrure-de-porte-ou-de-tiroir-pene-dormant-long\/\" \/>\n<meta property=\"og:locale\" content=\"fr_FR\" \/>\n<meta property=\"og:type\" content=\"article\" \/>\n<meta property=\"og:title\" content=\"Serrure de porte ou de tiroir - p\u00eane dormant long - OMR Serrature\" \/>\n<meta property=\"og:description\" content=\"La serrure \u00e0 cylindre pour meubles est fabriqu\u00e9e en alliage de zinc et se compose d&#039;une base ronde \u00e0 l&#039;int\u00e9rieur de laquelle coulisse un p\u00eane ou un loquet qui, dans ce cas, est plus long (40 mm\/53 mm) que la norme.\" \/>\n<meta property=\"og:url\" content=\"https:\/\/www.omrserrature.it\/fr\/produit\/serrure-de-porte-ou-de-tiroir-pene-dormant-long\/\" \/>\n<meta property=\"og:site_name\" content=\"OMR Serrature | Produzione sistemi di chiusura\" \/>\n<meta property=\"article:publisher\" content=\"https:\/\/www.facebook.com\/OMRserrature\" \/>\n<meta property=\"article:modified_time\" content=\"2026-04-08T10:00:18+00:00\" \/>\n<meta property=\"og:image\" content=\"https:\/\/www.omrserrature.it\/wp-content\/uploads\/2018\/02\/SPAL04235.jpg\" \/>\n\t<meta property=\"og:image:width\" content=\"398\" \/>\n\t<meta property=\"og:image:height\" content=\"287\" \/>\n\t<meta property=\"og:image:type\" content=\"image\/jpeg\" \/>\n<meta name=\"twitter:card\" content=\"summary_large_image\" \/>\n<meta name=\"twitter:label1\" content=\"Dur\u00e9e de lecture estim\u00e9e\" \/>\n\t<meta name=\"twitter:data1\" content=\"1 minute\" \/>\n<script type=\"application\/ld+json\" class=\"yoast-schema-graph\">{\"@context\":\"https:\/\/schema.org\",\"@graph\":[{\"@type\":\"WebPage\",\"@id\":\"https:\/\/www.omrserrature.it\/fr\/produit\/serrure-de-porte-ou-de-tiroir-pene-dormant-long\/\",\"url\":\"https:\/\/www.omrserrature.it\/fr\/produit\/serrure-de-porte-ou-de-tiroir-pene-dormant-long\/\",\"name\":\"Serrure de porte ou de tiroir - p\u00eane dormant long - OMR Serrature\",\"isPartOf\":{\"@id\":\"https:\/\/www.omrserrature.it\/fr\/#website\"},\"primaryImageOfPage\":{\"@id\":\"https:\/\/www.omrserrature.it\/fr\/produit\/serrure-de-porte-ou-de-tiroir-pene-dormant-long\/#primaryimage\"},\"image\":{\"@id\":\"https:\/\/www.omrserrature.it\/fr\/produit\/serrure-de-porte-ou-de-tiroir-pene-dormant-long\/#primaryimage\"},\"thumbnailUrl\":\"https:\/\/www.omrserrature.it\/wp-content\/uploads\/2018\/02\/SPAL04235.jpg\",\"datePublished\":\"2015-02-18T10:56:00+00:00\",\"dateModified\":\"2026-04-08T10:00:18+00:00\",\"breadcrumb\":{\"@id\":\"https:\/\/www.omrserrature.it\/fr\/produit\/serrure-de-porte-ou-de-tiroir-pene-dormant-long\/#breadcrumb\"},\"inLanguage\":\"fr-FR\",\"potentialAction\":[{\"@type\":\"ReadAction\",\"target\":[\"https:\/\/www.omrserrature.it\/fr\/produit\/serrure-de-porte-ou-de-tiroir-pene-dormant-long\/\"]}]},{\"@type\":\"ImageObject\",\"inLanguage\":\"fr-FR\",\"@id\":\"https:\/\/www.omrserrature.it\/fr\/produit\/serrure-de-porte-ou-de-tiroir-pene-dormant-long\/#primaryimage\",\"url\":\"https:\/\/www.omrserrature.it\/wp-content\/uploads\/2018\/02\/SPAL04235.jpg\",\"contentUrl\":\"https:\/\/www.omrserrature.it\/wp-content\/uploads\/2018\/02\/SPAL04235.jpg\",\"width\":398,\"height\":287,\"caption\":\"Serrure \u00e0 cylindre pour porte ou tiroir - entraxe 40 - SPAL04235\"},{\"@type\":\"BreadcrumbList\",\"@id\":\"https:\/\/www.omrserrature.it\/fr\/produit\/serrure-de-porte-ou-de-tiroir-pene-dormant-long\/#breadcrumb\",\"itemListElement\":[{\"@type\":\"ListItem\",\"position\":1,\"name\":\"Home\",\"item\":\"https:\/\/www.omrserrature.it\/fr\/omr-serrures-et-systemes-de-verrouillage\/\"},{\"@type\":\"ListItem\",\"position\":2,\"name\":\"Catalogue\",\"item\":\"https:\/\/www.omrserrature.it\/catalogue\/?lang=fr\"},{\"@type\":\"ListItem\",\"position\":3,\"name\":\"Applications\",\"item\":\"https:\/\/www.omrserrature.it\/fr\/catalogue\/applications\/\"},{\"@type\":\"ListItem\",\"position\":4,\"name\":\"Serrures pour meubles\",\"item\":\"https:\/\/www.omrserrature.it\/fr\/catalogue\/applications\/serrures-pour-meubles\/\"},{\"@type\":\"ListItem\",\"position\":5,\"name\":\"Serrures de panneaux\",\"item\":\"https:\/\/www.omrserrature.it\/fr\/catalogue\/applications\/serrures-pour-meubles\/serrures-de-panneaux\/\"},{\"@type\":\"ListItem\",\"position\":6,\"name\":\"Battant\",\"item\":\"https:\/\/www.omrserrature.it\/fr\/catalogue\/applications\/serrures-pour-meubles\/serrures-de-panneaux\/battant\/\"},{\"@type\":\"ListItem\",\"position\":7,\"name\":\"Serrure de porte ou de tiroir &#8211; p\u00eane dormant long\"}]},{\"@type\":\"WebSite\",\"@id\":\"https:\/\/www.omrserrature.it\/fr\/#website\",\"url\":\"https:\/\/www.omrserrature.it\/fr\/\",\"name\":\"OMR Serrature | Produzione sistemi di chiusura\",\"description\":\"Produzione serrature di sicurezza e sistemi di chiusura\",\"publisher\":{\"@id\":\"https:\/\/www.omrserrature.it\/fr\/#organization\"},\"potentialAction\":[{\"@type\":\"SearchAction\",\"target\":{\"@type\":\"EntryPoint\",\"urlTemplate\":\"https:\/\/www.omrserrature.it\/fr\/?s={search_term_string}\"},\"query-input\":{\"@type\":\"PropertyValueSpecification\",\"valueRequired\":true,\"valueName\":\"search_term_string\"}}],\"inLanguage\":\"fr-FR\"},{\"@type\":\"Organization\",\"@id\":\"https:\/\/www.omrserrature.it\/fr\/#organization\",\"name\":\"OMR Serrature | Produzione sistemi di chiusura\",\"url\":\"https:\/\/www.omrserrature.it\/fr\/\",\"logo\":{\"@type\":\"ImageObject\",\"inLanguage\":\"fr-FR\",\"@id\":\"https:\/\/www.omrserrature.it\/fr\/#\/schema\/logo\/image\/\",\"url\":\"https:\/\/www.omrserrature.it\/wp-content\/uploads\/2017\/09\/favicon-omr-114.png\",\"contentUrl\":\"https:\/\/www.omrserrature.it\/wp-content\/uploads\/2017\/09\/favicon-omr-114.png\",\"width\":114,\"height\":114,\"caption\":\"OMR Serrature | Produzione sistemi di chiusura\"},\"image\":{\"@id\":\"https:\/\/www.omrserrature.it\/fr\/#\/schema\/logo\/image\/\"},\"sameAs\":[\"https:\/\/www.facebook.com\/OMRserrature\",\"https:\/\/www.linkedin.com\/company\/omrserrature\/\",\"https:\/\/www.youtube.com\/channel\/UCxmA85z2R0EpG_6IRokiAkg\"]}]}<\/script>\n<!-- \/ Yoast SEO plugin. -->","yoast_head_json":{"title":"Serrure de porte ou de tiroir - p\u00eane dormant long - OMR Serrature","robots":{"index":"index","follow":"follow","max-snippet":"max-snippet:-1","max-image-preview":"max-image-preview:large","max-video-preview":"max-video-preview:-1"},"canonical":"https:\/\/www.omrserrature.it\/fr\/produit\/serrure-de-porte-ou-de-tiroir-pene-dormant-long\/","og_locale":"fr_FR","og_type":"article","og_title":"Serrure de porte ou de tiroir - p\u00eane dormant long - OMR Serrature","og_description":"La serrure \u00e0 cylindre pour meubles est fabriqu\u00e9e en alliage de zinc et se compose d'une base ronde \u00e0 l'int\u00e9rieur de laquelle coulisse un p\u00eane ou un loquet qui, dans ce cas, est plus long (40 mm\/53 mm) que la norme.","og_url":"https:\/\/www.omrserrature.it\/fr\/produit\/serrure-de-porte-ou-de-tiroir-pene-dormant-long\/","og_site_name":"OMR Serrature | Produzione sistemi di chiusura","article_publisher":"https:\/\/www.facebook.com\/OMRserrature","article_modified_time":"2026-04-08T10:00:18+00:00","og_image":[{"width":398,"height":287,"url":"https:\/\/www.omrserrature.it\/wp-content\/uploads\/2018\/02\/SPAL04235.jpg","type":"image\/jpeg"}],"twitter_card":"summary_large_image","twitter_misc":{"Dur\u00e9e de lecture estim\u00e9e":"1 minute"},"schema":{"@context":"https:\/\/schema.org","@graph":[{"@type":"WebPage","@id":"https:\/\/www.omrserrature.it\/fr\/produit\/serrure-de-porte-ou-de-tiroir-pene-dormant-long\/","url":"https:\/\/www.omrserrature.it\/fr\/produit\/serrure-de-porte-ou-de-tiroir-pene-dormant-long\/","name":"Serrure de porte ou de tiroir - p\u00eane dormant long - OMR Serrature","isPartOf":{"@id":"https:\/\/www.omrserrature.it\/fr\/#website"},"primaryImageOfPage":{"@id":"https:\/\/www.omrserrature.it\/fr\/produit\/serrure-de-porte-ou-de-tiroir-pene-dormant-long\/#primaryimage"},"image":{"@id":"https:\/\/www.omrserrature.it\/fr\/produit\/serrure-de-porte-ou-de-tiroir-pene-dormant-long\/#primaryimage"},"thumbnailUrl":"https:\/\/www.omrserrature.it\/wp-content\/uploads\/2018\/02\/SPAL04235.jpg","datePublished":"2015-02-18T10:56:00+00:00","dateModified":"2026-04-08T10:00:18+00:00","breadcrumb":{"@id":"https:\/\/www.omrserrature.it\/fr\/produit\/serrure-de-porte-ou-de-tiroir-pene-dormant-long\/#breadcrumb"},"inLanguage":"fr-FR","potentialAction":[{"@type":"ReadAction","target":["https:\/\/www.omrserrature.it\/fr\/produit\/serrure-de-porte-ou-de-tiroir-pene-dormant-long\/"]}]},{"@type":"ImageObject","inLanguage":"fr-FR","@id":"https:\/\/www.omrserrature.it\/fr\/produit\/serrure-de-porte-ou-de-tiroir-pene-dormant-long\/#primaryimage","url":"https:\/\/www.omrserrature.it\/wp-content\/uploads\/2018\/02\/SPAL04235.jpg","contentUrl":"https:\/\/www.omrserrature.it\/wp-content\/uploads\/2018\/02\/SPAL04235.jpg","width":398,"height":287,"caption":"Serrure \u00e0 cylindre pour porte ou tiroir - entraxe 40 - SPAL04235"},{"@type":"BreadcrumbList","@id":"https:\/\/www.omrserrature.it\/fr\/produit\/serrure-de-porte-ou-de-tiroir-pene-dormant-long\/#breadcrumb","itemListElement":[{"@type":"ListItem","position":1,"name":"Home","item":"https:\/\/www.omrserrature.it\/fr\/omr-serrures-et-systemes-de-verrouillage\/"},{"@type":"ListItem","position":2,"name":"Catalogue","item":"https:\/\/www.omrserrature.it\/catalogue\/?lang=fr"},{"@type":"ListItem","position":3,"name":"Applications","item":"https:\/\/www.omrserrature.it\/fr\/catalogue\/applications\/"},{"@type":"ListItem","position":4,"name":"Serrures pour meubles","item":"https:\/\/www.omrserrature.it\/fr\/catalogue\/applications\/serrures-pour-meubles\/"},{"@type":"ListItem","position":5,"name":"Serrures de panneaux","item":"https:\/\/www.omrserrature.it\/fr\/catalogue\/applications\/serrures-pour-meubles\/serrures-de-panneaux\/"},{"@type":"ListItem","position":6,"name":"Battant","item":"https:\/\/www.omrserrature.it\/fr\/catalogue\/applications\/serrures-pour-meubles\/serrures-de-panneaux\/battant\/"},{"@type":"ListItem","position":7,"name":"Serrure de porte ou de tiroir &#8211; p\u00eane dormant long"}]},{"@type":"WebSite","@id":"https:\/\/www.omrserrature.it\/fr\/#website","url":"https:\/\/www.omrserrature.it\/fr\/","name":"OMR Serrature | Produzione sistemi di chiusura","description":"Produzione serrature di sicurezza e sistemi di chiusura","publisher":{"@id":"https:\/\/www.omrserrature.it\/fr\/#organization"},"potentialAction":[{"@type":"SearchAction","target":{"@type":"EntryPoint","urlTemplate":"https:\/\/www.omrserrature.it\/fr\/?s={search_term_string}"},"query-input":{"@type":"PropertyValueSpecification","valueRequired":true,"valueName":"search_term_string"}}],"inLanguage":"fr-FR"},{"@type":"Organization","@id":"https:\/\/www.omrserrature.it\/fr\/#organization","name":"OMR Serrature | Produzione sistemi di chiusura","url":"https:\/\/www.omrserrature.it\/fr\/","logo":{"@type":"ImageObject","inLanguage":"fr-FR","@id":"https:\/\/www.omrserrature.it\/fr\/#\/schema\/logo\/image\/","url":"https:\/\/www.omrserrature.it\/wp-content\/uploads\/2017\/09\/favicon-omr-114.png","contentUrl":"https:\/\/www.omrserrature.it\/wp-content\/uploads\/2017\/09\/favicon-omr-114.png","width":114,"height":114,"caption":"OMR Serrature | Produzione sistemi di chiusura"},"image":{"@id":"https:\/\/www.omrserrature.it\/fr\/#\/schema\/logo\/image\/"},"sameAs":["https:\/\/www.facebook.com\/OMRserrature","https:\/\/www.linkedin.com\/company\/omrserrature\/","https:\/\/www.youtube.com\/channel\/UCxmA85z2R0EpG_6IRokiAkg"]}]}},"_links":{"self":[{"href":"https:\/\/www.omrserrature.it\/fr\/wp-json\/wp\/v2\/product\/242776","targetHints":{"allow":["GET"]}}],"collection":[{"href":"https:\/\/www.omrserrature.it\/fr\/wp-json\/wp\/v2\/product"}],"about":[{"href":"https:\/\/www.omrserrature.it\/fr\/wp-json\/wp\/v2\/types\/product"}],"replies":[{"embeddable":true,"href":"https:\/\/www.omrserrature.it\/fr\/wp-json\/wp\/v2\/comments?post=242776"}],"wp:featuredmedia":[{"embeddable":true,"href":"https:\/\/www.omrserrature.it\/fr\/wp-json\/wp\/v2\/media\/8046"}],"wp:attachment":[{"href":"https:\/\/www.omrserrature.it\/fr\/wp-json\/wp\/v2\/media?parent=242776"}],"wp:term":[{"taxonomy":"product_brand","embeddable":true,"href":"https:\/\/www.omrserrature.it\/fr\/wp-json\/wp\/v2\/product_brand?post=242776"},{"taxonomy":"product_cat","embeddable":true,"href":"https:\/\/www.omrserrature.it\/fr\/wp-json\/wp\/v2\/product_cat?post=242776"},{"taxonomy":"product_tag","embeddable":true,"href":"https:\/\/www.omrserrature.it\/fr\/wp-json\/wp\/v2\/product_tag?post=242776"}],"curies":[{"name":"wp","href":"https:\/\/api.w.org\/{rel}","templated":true}]}}