{"id":242715,"date":"2017-10-16T13:39:00","date_gmt":"2016-10-17T11:39:00","guid":{"rendered":"https:\/\/www.staging6.omrserrature.it\/prodotto\/serrure-de-porte-ou-de-tiroir-avec-loquet\/"},"modified":"2026-04-08T12:25:34","modified_gmt":"2026-04-08T10:25:34","slug":"serrure-de-porte-ou-de-tiroir-avec-loquet","status":"publish","type":"product","link":"https:\/\/www.omrserrature.it\/fr\/produit\/serrure-de-porte-ou-de-tiroir-avec-loquet\/","title":{"rendered":"Serrure de porte ou de tiroir avec loquet"},"content":{"rendered":"<p>La <strong>serrure \u00e0 cylindre pour meubles<\/strong> est fabriqu\u00e9e en alliage de zinc et se compose d&rsquo;une base ronde \u00e0 l&rsquo;int\u00e9rieur de laquelle coulisse un p\u00eane ou un loquet. La technologie des lamelles offre un niveau de s\u00e9curit\u00e9 adapt\u00e9 au type d&rsquo;application. Dans la version \u00e0 noyau amovible, le barillet peut \u00eatre retir\u00e9 \u00e0 l&rsquo;aide d&rsquo;une cl\u00e9 sp\u00e9ciale, ce qui permet de changer rapidement la combinaison.  <\/p>\n<p>Les longueurs du cylindre et du p\u00eane dormant sont disponibles en<strong> diff\u00e9rentes tailles pour permettre l&rsquo;installation sur diff\u00e9rents mat\u00e9riaux (bois, m\u00e9tal, MDF, etc.)<\/strong> et dans diff\u00e9rentes positions. La version \u00e0 loquet r\u00e9duit, avec extr\u00e9mit\u00e9 tringl\u00e9e, permet de fermer la serrure en exploitant un trou sur le c\u00f4t\u00e9 du panneau. <\/p>\n<p>Selon la position du loquet, la serrure peut \u00eatre install\u00e9e <strong>sur les<\/strong> <strong>tringles<\/strong> et les <strong>tiroirs<\/strong>. Elle est couramment utilis\u00e9e dans les meubles <strong>en bois et en m\u00e9tal<\/strong>, tant dans les meubles de bureau que dans les meubles d&rsquo;atelier. Les \u00e9cussons de porte simple ou double permettent \u00e9galement d&rsquo;installer la serrure sur des portes battantes en verre, par exemple dans les vitrines, les \u00e9crins et les pr\u00e9sentoirs. Gr\u00e2ce \u00e0 sa facilit\u00e9 d&rsquo;installation et \u00e0 sa flexibilit\u00e9, elle peut \u00eatre plac\u00e9e dans du mobilier d&rsquo;atelier, de collectivit\u00e9, d&rsquo;h\u00f4pital et de mus\u00e9e, ainsi que dans des automatismes ou des casiers.   <\/p>\n","protected":false},"excerpt":{"rendered":"<p>La <strong>serrure \u00e0 cylindre pour meubles<\/strong> est fabriqu\u00e9e en alliage de zinc et convient parfaitement \u00e0 toutes les <strong>portes et \u00e0<\/strong> tous les <strong>tiroirs<\/strong>. Elle se compose d&rsquo;une base ronde dans laquelle coulisse un p\u00eane ou un loquet. La longueur du cylindre et celle du p\u00eane sont disponibles en<strong> diff\u00e9rentes tailles pour permettre l&rsquo;installation sur diff\u00e9rents mat\u00e9riaux (bois, m\u00e9tal, MDF, etc.)<\/strong> et dans diff\u00e9rentes positions. La version avec un loquet r\u00e9duit, avec extr\u00e9mit\u00e9 tringl\u00e9e, permet la fermeture en exploitant un trou sur le c\u00f4t\u00e9 du panneau.   <\/p>\n","protected":false},"featured_media":3576,"comment_status":"open","ping_status":"closed","template":"","meta":{"_acf_changed":false,"_et_pb_use_builder":"","_et_pb_old_content":"","_et_gb_content_width":""},"product_brand":[],"product_cat":[3738,3757,3753,3755,3754,3739,3658,3648,3650,3723,3722,3724,3725,3692,3706,3697,3728,3731,3690,3748],"product_tag":[],"class_list":{"0":"post-242715","1":"product","2":"type-product","3":"status-publish","4":"has-post-thumbnail","6":"product_cat-battant","7":"product_cat-bureaux","8":"product_cat-education-et-culture","9":"product_cat-hopitaux-et-soins-de-sante","10":"product_cat-juste","11":"product_cat-rabat","12":"product_cat-serrures-a-passe-partout","13":"product_cat-serrures-a-pene-dormant","14":"product_cat-serrures-avec-barillet-interchangeable","15":"product_cat-serrures-de-panneaux","16":"product_cat-serrures-de-portes","17":"product_cat-serrures-de-tiroirs","18":"product_cat-serrures-pour-blocs-tiroirs","19":"product_cat-serrures-pour-chariots-professionnels","20":"product_cat-serrures-pour-etablis","21":"product_cat-serrures-pour-meubles","22":"product_cat-serrures-pour-panneaux-de-signalisation","23":"product_cat-serrures-pour-vitrines-dexposition","24":"product_cat-serrures-professionnelles-pour-meubles","25":"product_cat-systemes-de-fermeture-pour-lindustrie","27":"first","28":"instock","29":"shipping-taxable","30":"purchasable","31":"product-type-variable","32":"has-default-attributes"},"acf":{"pdf1":"https:\/\/www.omrserrature.it\/wp-content\/uploads\/schede\/Scheda_220300.pdf"},"yoast_head":"<!-- This site is optimized with the Yoast SEO plugin v27.2 - https:\/\/yoast.com\/product\/yoast-seo-wordpress\/ -->\n<title>Serrure de porte ou de tiroir avec loquet - OMR Serrature<\/title>\n<meta name=\"robots\" content=\"index, follow, max-snippet:-1, max-image-preview:large, max-video-preview:-1\" \/>\n<link rel=\"canonical\" href=\"https:\/\/www.omrserrature.it\/fr\/produit\/serrure-de-porte-ou-de-tiroir-avec-loquet\/\" \/>\n<meta property=\"og:locale\" content=\"fr_FR\" \/>\n<meta property=\"og:type\" content=\"article\" \/>\n<meta property=\"og:title\" content=\"Serrure de porte ou de tiroir avec loquet - OMR Serrature\" \/>\n<meta property=\"og:description\" content=\"La serrure \u00e0 cylindre pour meubles est fabriqu\u00e9e en alliage de zinc et convient parfaitement \u00e0 toutes les portes et \u00e0 tous les tiroirs. Elle se compose d&#039;une base ronde dans laquelle coulisse un p\u00eane ou un loquet. La longueur du cylindre et celle du p\u00eane sont disponibles en diff\u00e9rentes tailles pour permettre l&#039;installation sur diff\u00e9rents mat\u00e9riaux (bois, m\u00e9tal, MDF, etc.) et dans diff\u00e9rentes positions. La version avec un loquet r\u00e9duit, avec extr\u00e9mit\u00e9 tringl\u00e9e, permet la fermeture en exploitant un trou sur le c\u00f4t\u00e9 du panneau.\" \/>\n<meta property=\"og:url\" content=\"https:\/\/www.omrserrature.it\/fr\/produit\/serrure-de-porte-ou-de-tiroir-avec-loquet\/\" \/>\n<meta property=\"og:site_name\" content=\"OMR Serrature | Produzione sistemi di chiusura\" \/>\n<meta property=\"article:publisher\" content=\"https:\/\/www.facebook.com\/OMRserrature\" \/>\n<meta property=\"article:modified_time\" content=\"2026-04-08T10:25:34+00:00\" \/>\n<meta property=\"og:image\" content=\"https:\/\/www.omrserrature.it\/wp-content\/uploads\/2017\/10\/serratura-anta-cassetto.jpg\" \/>\n\t<meta property=\"og:image:width\" content=\"439\" \/>\n\t<meta property=\"og:image:height\" content=\"390\" \/>\n\t<meta property=\"og:image:type\" content=\"image\/jpeg\" \/>\n<meta name=\"twitter:card\" content=\"summary_large_image\" \/>\n<meta name=\"twitter:label1\" content=\"Dur\u00e9e de lecture estim\u00e9e\" \/>\n\t<meta name=\"twitter:data1\" content=\"1 minute\" \/>\n<script type=\"application\/ld+json\" class=\"yoast-schema-graph\">{\"@context\":\"https:\/\/schema.org\",\"@graph\":[{\"@type\":\"WebPage\",\"@id\":\"https:\/\/www.omrserrature.it\/fr\/produit\/serrure-de-porte-ou-de-tiroir-avec-loquet\/\",\"url\":\"https:\/\/www.omrserrature.it\/fr\/produit\/serrure-de-porte-ou-de-tiroir-avec-loquet\/\",\"name\":\"Serrure de porte ou de tiroir avec loquet - OMR Serrature\",\"isPartOf\":{\"@id\":\"https:\/\/www.omrserrature.it\/fr\/#website\"},\"primaryImageOfPage\":{\"@id\":\"https:\/\/www.omrserrature.it\/fr\/produit\/serrure-de-porte-ou-de-tiroir-avec-loquet\/#primaryimage\"},\"image\":{\"@id\":\"https:\/\/www.omrserrature.it\/fr\/produit\/serrure-de-porte-ou-de-tiroir-avec-loquet\/#primaryimage\"},\"thumbnailUrl\":\"https:\/\/www.omrserrature.it\/wp-content\/uploads\/2017\/10\/serratura-anta-cassetto.jpg\",\"datePublished\":\"2016-10-17T11:39:00+00:00\",\"dateModified\":\"2026-04-08T10:25:34+00:00\",\"breadcrumb\":{\"@id\":\"https:\/\/www.omrserrature.it\/fr\/produit\/serrure-de-porte-ou-de-tiroir-avec-loquet\/#breadcrumb\"},\"inLanguage\":\"fr-FR\",\"potentialAction\":[{\"@type\":\"ReadAction\",\"target\":[\"https:\/\/www.omrserrature.it\/fr\/produit\/serrure-de-porte-ou-de-tiroir-avec-loquet\/\"]}]},{\"@type\":\"ImageObject\",\"inLanguage\":\"fr-FR\",\"@id\":\"https:\/\/www.omrserrature.it\/fr\/produit\/serrure-de-porte-ou-de-tiroir-avec-loquet\/#primaryimage\",\"url\":\"https:\/\/www.omrserrature.it\/wp-content\/uploads\/2017\/10\/serratura-anta-cassetto.jpg\",\"contentUrl\":\"https:\/\/www.omrserrature.it\/wp-content\/uploads\/2017\/10\/serratura-anta-cassetto.jpg\",\"width\":439,\"height\":390,\"caption\":\"Serrure de porte ou de tiroir en plastique\"},{\"@type\":\"BreadcrumbList\",\"@id\":\"https:\/\/www.omrserrature.it\/fr\/produit\/serrure-de-porte-ou-de-tiroir-avec-loquet\/#breadcrumb\",\"itemListElement\":[{\"@type\":\"ListItem\",\"position\":1,\"name\":\"Home\",\"item\":\"https:\/\/www.omrserrature.it\/fr\/omr-serrures-et-systemes-de-verrouillage\/\"},{\"@type\":\"ListItem\",\"position\":2,\"name\":\"Catalogue\",\"item\":\"https:\/\/www.omrserrature.it\/catalogue\/?lang=fr\"},{\"@type\":\"ListItem\",\"position\":3,\"name\":\"Applications\",\"item\":\"https:\/\/www.omrserrature.it\/fr\/catalogue\/applications\/\"},{\"@type\":\"ListItem\",\"position\":4,\"name\":\"Serrures professionnelles pour meubles\",\"item\":\"https:\/\/www.omrserrature.it\/fr\/catalogue\/applications\/serrures-professionnelles-pour-meubles\/\"},{\"@type\":\"ListItem\",\"position\":5,\"name\":\"Serrure de porte ou de tiroir avec loquet\"}]},{\"@type\":\"WebSite\",\"@id\":\"https:\/\/www.omrserrature.it\/fr\/#website\",\"url\":\"https:\/\/www.omrserrature.it\/fr\/\",\"name\":\"OMR Serrature | Produzione sistemi di chiusura\",\"description\":\"Produzione serrature di sicurezza e sistemi di chiusura\",\"publisher\":{\"@id\":\"https:\/\/www.omrserrature.it\/fr\/#organization\"},\"potentialAction\":[{\"@type\":\"SearchAction\",\"target\":{\"@type\":\"EntryPoint\",\"urlTemplate\":\"https:\/\/www.omrserrature.it\/fr\/?s={search_term_string}\"},\"query-input\":{\"@type\":\"PropertyValueSpecification\",\"valueRequired\":true,\"valueName\":\"search_term_string\"}}],\"inLanguage\":\"fr-FR\"},{\"@type\":\"Organization\",\"@id\":\"https:\/\/www.omrserrature.it\/fr\/#organization\",\"name\":\"OMR Serrature | Produzione sistemi di chiusura\",\"url\":\"https:\/\/www.omrserrature.it\/fr\/\",\"logo\":{\"@type\":\"ImageObject\",\"inLanguage\":\"fr-FR\",\"@id\":\"https:\/\/www.omrserrature.it\/fr\/#\/schema\/logo\/image\/\",\"url\":\"https:\/\/www.omrserrature.it\/wp-content\/uploads\/2017\/09\/favicon-omr-114.png\",\"contentUrl\":\"https:\/\/www.omrserrature.it\/wp-content\/uploads\/2017\/09\/favicon-omr-114.png\",\"width\":114,\"height\":114,\"caption\":\"OMR Serrature | Produzione sistemi di chiusura\"},\"image\":{\"@id\":\"https:\/\/www.omrserrature.it\/fr\/#\/schema\/logo\/image\/\"},\"sameAs\":[\"https:\/\/www.facebook.com\/OMRserrature\",\"https:\/\/www.linkedin.com\/company\/omrserrature\/\",\"https:\/\/www.youtube.com\/channel\/UCxmA85z2R0EpG_6IRokiAkg\"]}]}<\/script>\n<!-- \/ Yoast SEO plugin. -->","yoast_head_json":{"title":"Serrure de porte ou de tiroir avec loquet - OMR Serrature","robots":{"index":"index","follow":"follow","max-snippet":"max-snippet:-1","max-image-preview":"max-image-preview:large","max-video-preview":"max-video-preview:-1"},"canonical":"https:\/\/www.omrserrature.it\/fr\/produit\/serrure-de-porte-ou-de-tiroir-avec-loquet\/","og_locale":"fr_FR","og_type":"article","og_title":"Serrure de porte ou de tiroir avec loquet - OMR Serrature","og_description":"La serrure \u00e0 cylindre pour meubles est fabriqu\u00e9e en alliage de zinc et convient parfaitement \u00e0 toutes les portes et \u00e0 tous les tiroirs. Elle se compose d'une base ronde dans laquelle coulisse un p\u00eane ou un loquet. La longueur du cylindre et celle du p\u00eane sont disponibles en diff\u00e9rentes tailles pour permettre l'installation sur diff\u00e9rents mat\u00e9riaux (bois, m\u00e9tal, MDF, etc.) et dans diff\u00e9rentes positions. La version avec un loquet r\u00e9duit, avec extr\u00e9mit\u00e9 tringl\u00e9e, permet la fermeture en exploitant un trou sur le c\u00f4t\u00e9 du panneau.","og_url":"https:\/\/www.omrserrature.it\/fr\/produit\/serrure-de-porte-ou-de-tiroir-avec-loquet\/","og_site_name":"OMR Serrature | Produzione sistemi di chiusura","article_publisher":"https:\/\/www.facebook.com\/OMRserrature","article_modified_time":"2026-04-08T10:25:34+00:00","og_image":[{"width":439,"height":390,"url":"https:\/\/www.omrserrature.it\/wp-content\/uploads\/2017\/10\/serratura-anta-cassetto.jpg","type":"image\/jpeg"}],"twitter_card":"summary_large_image","twitter_misc":{"Dur\u00e9e de lecture estim\u00e9e":"1 minute"},"schema":{"@context":"https:\/\/schema.org","@graph":[{"@type":"WebPage","@id":"https:\/\/www.omrserrature.it\/fr\/produit\/serrure-de-porte-ou-de-tiroir-avec-loquet\/","url":"https:\/\/www.omrserrature.it\/fr\/produit\/serrure-de-porte-ou-de-tiroir-avec-loquet\/","name":"Serrure de porte ou de tiroir avec loquet - OMR Serrature","isPartOf":{"@id":"https:\/\/www.omrserrature.it\/fr\/#website"},"primaryImageOfPage":{"@id":"https:\/\/www.omrserrature.it\/fr\/produit\/serrure-de-porte-ou-de-tiroir-avec-loquet\/#primaryimage"},"image":{"@id":"https:\/\/www.omrserrature.it\/fr\/produit\/serrure-de-porte-ou-de-tiroir-avec-loquet\/#primaryimage"},"thumbnailUrl":"https:\/\/www.omrserrature.it\/wp-content\/uploads\/2017\/10\/serratura-anta-cassetto.jpg","datePublished":"2016-10-17T11:39:00+00:00","dateModified":"2026-04-08T10:25:34+00:00","breadcrumb":{"@id":"https:\/\/www.omrserrature.it\/fr\/produit\/serrure-de-porte-ou-de-tiroir-avec-loquet\/#breadcrumb"},"inLanguage":"fr-FR","potentialAction":[{"@type":"ReadAction","target":["https:\/\/www.omrserrature.it\/fr\/produit\/serrure-de-porte-ou-de-tiroir-avec-loquet\/"]}]},{"@type":"ImageObject","inLanguage":"fr-FR","@id":"https:\/\/www.omrserrature.it\/fr\/produit\/serrure-de-porte-ou-de-tiroir-avec-loquet\/#primaryimage","url":"https:\/\/www.omrserrature.it\/wp-content\/uploads\/2017\/10\/serratura-anta-cassetto.jpg","contentUrl":"https:\/\/www.omrserrature.it\/wp-content\/uploads\/2017\/10\/serratura-anta-cassetto.jpg","width":439,"height":390,"caption":"Serrure de porte ou de tiroir en plastique"},{"@type":"BreadcrumbList","@id":"https:\/\/www.omrserrature.it\/fr\/produit\/serrure-de-porte-ou-de-tiroir-avec-loquet\/#breadcrumb","itemListElement":[{"@type":"ListItem","position":1,"name":"Home","item":"https:\/\/www.omrserrature.it\/fr\/omr-serrures-et-systemes-de-verrouillage\/"},{"@type":"ListItem","position":2,"name":"Catalogue","item":"https:\/\/www.omrserrature.it\/catalogue\/?lang=fr"},{"@type":"ListItem","position":3,"name":"Applications","item":"https:\/\/www.omrserrature.it\/fr\/catalogue\/applications\/"},{"@type":"ListItem","position":4,"name":"Serrures professionnelles pour meubles","item":"https:\/\/www.omrserrature.it\/fr\/catalogue\/applications\/serrures-professionnelles-pour-meubles\/"},{"@type":"ListItem","position":5,"name":"Serrure de porte ou de tiroir avec loquet"}]},{"@type":"WebSite","@id":"https:\/\/www.omrserrature.it\/fr\/#website","url":"https:\/\/www.omrserrature.it\/fr\/","name":"OMR Serrature | Produzione sistemi di chiusura","description":"Produzione serrature di sicurezza e sistemi di chiusura","publisher":{"@id":"https:\/\/www.omrserrature.it\/fr\/#organization"},"potentialAction":[{"@type":"SearchAction","target":{"@type":"EntryPoint","urlTemplate":"https:\/\/www.omrserrature.it\/fr\/?s={search_term_string}"},"query-input":{"@type":"PropertyValueSpecification","valueRequired":true,"valueName":"search_term_string"}}],"inLanguage":"fr-FR"},{"@type":"Organization","@id":"https:\/\/www.omrserrature.it\/fr\/#organization","name":"OMR Serrature | Produzione sistemi di chiusura","url":"https:\/\/www.omrserrature.it\/fr\/","logo":{"@type":"ImageObject","inLanguage":"fr-FR","@id":"https:\/\/www.omrserrature.it\/fr\/#\/schema\/logo\/image\/","url":"https:\/\/www.omrserrature.it\/wp-content\/uploads\/2017\/09\/favicon-omr-114.png","contentUrl":"https:\/\/www.omrserrature.it\/wp-content\/uploads\/2017\/09\/favicon-omr-114.png","width":114,"height":114,"caption":"OMR Serrature | Produzione sistemi di chiusura"},"image":{"@id":"https:\/\/www.omrserrature.it\/fr\/#\/schema\/logo\/image\/"},"sameAs":["https:\/\/www.facebook.com\/OMRserrature","https:\/\/www.linkedin.com\/company\/omrserrature\/","https:\/\/www.youtube.com\/channel\/UCxmA85z2R0EpG_6IRokiAkg"]}]}},"_links":{"self":[{"href":"https:\/\/www.omrserrature.it\/fr\/wp-json\/wp\/v2\/product\/242715","targetHints":{"allow":["GET"]}}],"collection":[{"href":"https:\/\/www.omrserrature.it\/fr\/wp-json\/wp\/v2\/product"}],"about":[{"href":"https:\/\/www.omrserrature.it\/fr\/wp-json\/wp\/v2\/types\/product"}],"replies":[{"embeddable":true,"href":"https:\/\/www.omrserrature.it\/fr\/wp-json\/wp\/v2\/comments?post=242715"}],"wp:featuredmedia":[{"embeddable":true,"href":"https:\/\/www.omrserrature.it\/fr\/wp-json\/wp\/v2\/media\/3576"}],"wp:attachment":[{"href":"https:\/\/www.omrserrature.it\/fr\/wp-json\/wp\/v2\/media?parent=242715"}],"wp:term":[{"taxonomy":"product_brand","embeddable":true,"href":"https:\/\/www.omrserrature.it\/fr\/wp-json\/wp\/v2\/product_brand?post=242715"},{"taxonomy":"product_cat","embeddable":true,"href":"https:\/\/www.omrserrature.it\/fr\/wp-json\/wp\/v2\/product_cat?post=242715"},{"taxonomy":"product_tag","embeddable":true,"href":"https:\/\/www.omrserrature.it\/fr\/wp-json\/wp\/v2\/product_tag?post=242715"}],"curies":[{"name":"wp","href":"https:\/\/api.w.org\/{rel}","templated":true}]}}