{"id":242689,"date":"2017-10-16T09:32:04","date_gmt":"2016-10-17T07:32:00","guid":{"rendered":"https:\/\/www.staging6.omrserrature.it\/prodotto\/serrure-pour-armoire-a-double-porte-vitree-sans-percage\/"},"modified":"2026-04-08T12:49:31","modified_gmt":"2026-04-08T10:49:31","slug":"serrure-pour-armoire-a-double-porte-vitree-sans-percage","status":"publish","type":"product","link":"https:\/\/www.omrserrature.it\/fr\/produit\/serrure-pour-armoire-a-double-porte-vitree-sans-percage\/","title":{"rendered":"Serrure pour armoire \u00e0 double porte vitr\u00e9e &#8211; Sans per\u00e7age"},"content":{"rendered":"<p>La <strong>serrure<\/strong> <strong>pour portes en verre <\/strong><strong>sans trou <\/strong>se compose d&rsquo;un corps en m\u00e9tal moul\u00e9 sous pression avec une finition chrom\u00e9e polie. Le cylindre avec m\u00e9canisme \u00e0 paillettes est incorpor\u00e9 dans un <strong>bouton pratique<\/strong> qui permet d&rsquo;ouvrir et de fermer le vantail en tout confort. <\/p>\n<p>La serrure est install\u00e9e \u00e0 l&rsquo;aide de deux vis situ\u00e9es dans le rail \u00e0 l&rsquo;arri\u00e8re du corps. Pour prot\u00e9ger la vitre des dommages lors du serrage des vis, un <strong>tampon en caoutchouc<\/strong> est plac\u00e9 pour faire office de joint.<\/p>\n<p>La serrure \u00e0 appliquer <strong>sans trou<\/strong> trouve son application dans les <strong>portes \u00e0 double battant<\/strong> des vitrines, des armoires \u00e0 bijoux, des meubles d&rsquo;horlogerie, des pr\u00e9sentoirs, des meubles de bureau, des comptoirs d&rsquo;exposition.<\/p>\n","protected":false},"excerpt":{"rendered":"<p>La <strong>serrure<\/strong><strong> pour portes en verre sans trou<\/strong> se compose d&rsquo;un corps en m\u00e9tal moul\u00e9 sous pression avec une finition chrom\u00e9e polie. Le cylindre avec m\u00e9canisme \u00e0 paillettes est incorpor\u00e9 dans un <strong>bouton pratique<\/strong> qui permet d&rsquo;ouvrir et de fermer confortablement le panneau. La serrure <strong>est fix\u00e9e \u00e0 l&rsquo;aide de deux vis<\/strong> situ\u00e9es dans la barre de fer \u00e0 l&rsquo;arri\u00e8re du corps.  <\/p>\n","protected":false},"featured_media":3618,"comment_status":"open","ping_status":"closed","template":"","meta":{"_acf_changed":false,"_et_pb_use_builder":"","_et_pb_old_content":"","_et_gb_content_width":""},"product_brand":[],"product_cat":[3756,3738,3754,3749,3640,3658,3648,3723,3697,3731],"product_tag":[],"class_list":{"0":"post-242689","1":"product","2":"type-product","3":"status-publish","4":"has-post-thumbnail","6":"product_cat-architecture-urbanisme-et-design","7":"product_cat-battant","8":"product_cat-juste","9":"product_cat-magasins-et-activites-commerciales","10":"product_cat-poignees-et-boutons","11":"product_cat-serrures-a-passe-partout","12":"product_cat-serrures-a-pene-dormant","13":"product_cat-serrures-de-panneaux","14":"product_cat-serrures-pour-meubles","15":"product_cat-serrures-pour-vitrines-dexposition","17":"first","18":"instock","19":"shipping-taxable","20":"purchasable","21":"product-type-variable","22":"has-default-attributes"},"acf":{"pdf1":"https:\/\/www.omrserrature.it\/wp-content\/uploads\/schede\/Scheda_220359.pdf"},"yoast_head":"<!-- This site is optimized with the Yoast SEO plugin v27.2 - https:\/\/yoast.com\/product\/yoast-seo-wordpress\/ -->\n<title>Serrure pour armoire \u00e0 double porte vitr\u00e9e - Sans per\u00e7age - OMR Serrature<\/title>\n<meta name=\"robots\" content=\"index, follow, max-snippet:-1, max-image-preview:large, max-video-preview:-1\" \/>\n<link rel=\"canonical\" href=\"https:\/\/www.omrserrature.it\/fr\/produit\/serrure-pour-armoire-a-double-porte-vitree-sans-percage\/\" \/>\n<meta property=\"og:locale\" content=\"fr_FR\" \/>\n<meta property=\"og:type\" content=\"article\" \/>\n<meta property=\"og:title\" content=\"Serrure pour armoire \u00e0 double porte vitr\u00e9e - Sans per\u00e7age - OMR Serrature\" \/>\n<meta property=\"og:description\" content=\"La serrure pour portes en verre sans trou se compose d&#039;un corps en m\u00e9tal moul\u00e9 sous pression avec une finition chrom\u00e9e polie. Le cylindre avec m\u00e9canisme \u00e0 paillettes est incorpor\u00e9 dans un bouton pratique qui permet d&#039;ouvrir et de fermer confortablement le panneau. La serrure est fix\u00e9e \u00e0 l&#039;aide de deux vis situ\u00e9es dans la barre de fer \u00e0 l&#039;arri\u00e8re du corps.\" \/>\n<meta property=\"og:url\" content=\"https:\/\/www.omrserrature.it\/fr\/produit\/serrure-pour-armoire-a-double-porte-vitree-sans-percage\/\" \/>\n<meta property=\"og:site_name\" content=\"OMR Serrature | Produzione sistemi di chiusura\" \/>\n<meta property=\"article:publisher\" content=\"https:\/\/www.facebook.com\/OMRserrature\" \/>\n<meta property=\"article:modified_time\" content=\"2026-04-08T10:49:31+00:00\" \/>\n<meta property=\"og:image\" content=\"https:\/\/www.omrserrature.it\/wp-content\/uploads\/2017\/10\/serratura-anta-doppia-vetro-no-foratura.jpg\" \/>\n\t<meta property=\"og:image:width\" content=\"387\" \/>\n\t<meta property=\"og:image:height\" content=\"388\" \/>\n\t<meta property=\"og:image:type\" content=\"image\/jpeg\" \/>\n<meta name=\"twitter:card\" content=\"summary_large_image\" \/>\n<meta name=\"twitter:label1\" content=\"Dur\u00e9e de lecture estim\u00e9e\" \/>\n\t<meta name=\"twitter:data1\" content=\"1 minute\" \/>\n<script type=\"application\/ld+json\" class=\"yoast-schema-graph\">{\"@context\":\"https:\/\/schema.org\",\"@graph\":[{\"@type\":\"WebPage\",\"@id\":\"https:\/\/www.omrserrature.it\/fr\/produit\/serrure-pour-armoire-a-double-porte-vitree-sans-percage\/\",\"url\":\"https:\/\/www.omrserrature.it\/fr\/produit\/serrure-pour-armoire-a-double-porte-vitree-sans-percage\/\",\"name\":\"Serrure pour armoire \u00e0 double porte vitr\u00e9e - Sans per\u00e7age - OMR Serrature\",\"isPartOf\":{\"@id\":\"https:\/\/www.omrserrature.it\/fr\/#website\"},\"primaryImageOfPage\":{\"@id\":\"https:\/\/www.omrserrature.it\/fr\/produit\/serrure-pour-armoire-a-double-porte-vitree-sans-percage\/#primaryimage\"},\"image\":{\"@id\":\"https:\/\/www.omrserrature.it\/fr\/produit\/serrure-pour-armoire-a-double-porte-vitree-sans-percage\/#primaryimage\"},\"thumbnailUrl\":\"https:\/\/www.omrserrature.it\/wp-content\/uploads\/2017\/10\/serratura-anta-doppia-vetro-no-foratura.jpg\",\"datePublished\":\"2016-10-17T07:32:00+00:00\",\"dateModified\":\"2026-04-08T10:49:31+00:00\",\"breadcrumb\":{\"@id\":\"https:\/\/www.omrserrature.it\/fr\/produit\/serrure-pour-armoire-a-double-porte-vitree-sans-percage\/#breadcrumb\"},\"inLanguage\":\"fr-FR\",\"potentialAction\":[{\"@type\":\"ReadAction\",\"target\":[\"https:\/\/www.omrserrature.it\/fr\/produit\/serrure-pour-armoire-a-double-porte-vitree-sans-percage\/\"]}]},{\"@type\":\"ImageObject\",\"inLanguage\":\"fr-FR\",\"@id\":\"https:\/\/www.omrserrature.it\/fr\/produit\/serrure-pour-armoire-a-double-porte-vitree-sans-percage\/#primaryimage\",\"url\":\"https:\/\/www.omrserrature.it\/wp-content\/uploads\/2017\/10\/serratura-anta-doppia-vetro-no-foratura.jpg\",\"contentUrl\":\"https:\/\/www.omrserrature.it\/wp-content\/uploads\/2017\/10\/serratura-anta-doppia-vetro-no-foratura.jpg\",\"width\":387,\"height\":388,\"caption\":\"Serrure pour double panneau en verre \u00e0 appliquer sans trou\"},{\"@type\":\"BreadcrumbList\",\"@id\":\"https:\/\/www.omrserrature.it\/fr\/produit\/serrure-pour-armoire-a-double-porte-vitree-sans-percage\/#breadcrumb\",\"itemListElement\":[{\"@type\":\"ListItem\",\"position\":1,\"name\":\"Home\",\"item\":\"https:\/\/www.omrserrature.it\/fr\/omr-serrures-et-systemes-de-verrouillage\/\"},{\"@type\":\"ListItem\",\"position\":2,\"name\":\"Catalogue\",\"item\":\"https:\/\/www.omrserrature.it\/catalogue\/?lang=fr\"},{\"@type\":\"ListItem\",\"position\":3,\"name\":\"Produits\",\"item\":\"https:\/\/www.omrserrature.it\/fr\/catalogue\/produits\/\"},{\"@type\":\"ListItem\",\"position\":4,\"name\":\"Serrures\",\"item\":\"https:\/\/www.omrserrature.it\/fr\/catalogue\/produits\/serrures\/\"},{\"@type\":\"ListItem\",\"position\":5,\"name\":\"Poign\u00e9es et boutons\",\"item\":\"https:\/\/www.omrserrature.it\/fr\/catalogue\/produits\/serrures\/poignees-et-boutons\/\"},{\"@type\":\"ListItem\",\"position\":6,\"name\":\"Serrure pour armoire \u00e0 double porte vitr\u00e9e &#8211; Sans per\u00e7age\"}]},{\"@type\":\"WebSite\",\"@id\":\"https:\/\/www.omrserrature.it\/fr\/#website\",\"url\":\"https:\/\/www.omrserrature.it\/fr\/\",\"name\":\"OMR Serrature | Produzione sistemi di chiusura\",\"description\":\"Produzione serrature di sicurezza e sistemi di chiusura\",\"publisher\":{\"@id\":\"https:\/\/www.omrserrature.it\/fr\/#organization\"},\"potentialAction\":[{\"@type\":\"SearchAction\",\"target\":{\"@type\":\"EntryPoint\",\"urlTemplate\":\"https:\/\/www.omrserrature.it\/fr\/?s={search_term_string}\"},\"query-input\":{\"@type\":\"PropertyValueSpecification\",\"valueRequired\":true,\"valueName\":\"search_term_string\"}}],\"inLanguage\":\"fr-FR\"},{\"@type\":\"Organization\",\"@id\":\"https:\/\/www.omrserrature.it\/fr\/#organization\",\"name\":\"OMR Serrature | Produzione sistemi di chiusura\",\"url\":\"https:\/\/www.omrserrature.it\/fr\/\",\"logo\":{\"@type\":\"ImageObject\",\"inLanguage\":\"fr-FR\",\"@id\":\"https:\/\/www.omrserrature.it\/fr\/#\/schema\/logo\/image\/\",\"url\":\"https:\/\/www.omrserrature.it\/wp-content\/uploads\/2017\/09\/favicon-omr-114.png\",\"contentUrl\":\"https:\/\/www.omrserrature.it\/wp-content\/uploads\/2017\/09\/favicon-omr-114.png\",\"width\":114,\"height\":114,\"caption\":\"OMR Serrature | Produzione sistemi di chiusura\"},\"image\":{\"@id\":\"https:\/\/www.omrserrature.it\/fr\/#\/schema\/logo\/image\/\"},\"sameAs\":[\"https:\/\/www.facebook.com\/OMRserrature\",\"https:\/\/www.linkedin.com\/company\/omrserrature\/\",\"https:\/\/www.youtube.com\/channel\/UCxmA85z2R0EpG_6IRokiAkg\"]}]}<\/script>\n<!-- \/ Yoast SEO plugin. -->","yoast_head_json":{"title":"Serrure pour armoire \u00e0 double porte vitr\u00e9e - Sans per\u00e7age - OMR Serrature","robots":{"index":"index","follow":"follow","max-snippet":"max-snippet:-1","max-image-preview":"max-image-preview:large","max-video-preview":"max-video-preview:-1"},"canonical":"https:\/\/www.omrserrature.it\/fr\/produit\/serrure-pour-armoire-a-double-porte-vitree-sans-percage\/","og_locale":"fr_FR","og_type":"article","og_title":"Serrure pour armoire \u00e0 double porte vitr\u00e9e - Sans per\u00e7age - OMR Serrature","og_description":"La serrure pour portes en verre sans trou se compose d'un corps en m\u00e9tal moul\u00e9 sous pression avec une finition chrom\u00e9e polie. Le cylindre avec m\u00e9canisme \u00e0 paillettes est incorpor\u00e9 dans un bouton pratique qui permet d'ouvrir et de fermer confortablement le panneau. La serrure est fix\u00e9e \u00e0 l'aide de deux vis situ\u00e9es dans la barre de fer \u00e0 l'arri\u00e8re du corps.","og_url":"https:\/\/www.omrserrature.it\/fr\/produit\/serrure-pour-armoire-a-double-porte-vitree-sans-percage\/","og_site_name":"OMR Serrature | Produzione sistemi di chiusura","article_publisher":"https:\/\/www.facebook.com\/OMRserrature","article_modified_time":"2026-04-08T10:49:31+00:00","og_image":[{"width":387,"height":388,"url":"https:\/\/www.omrserrature.it\/wp-content\/uploads\/2017\/10\/serratura-anta-doppia-vetro-no-foratura.jpg","type":"image\/jpeg"}],"twitter_card":"summary_large_image","twitter_misc":{"Dur\u00e9e de lecture estim\u00e9e":"1 minute"},"schema":{"@context":"https:\/\/schema.org","@graph":[{"@type":"WebPage","@id":"https:\/\/www.omrserrature.it\/fr\/produit\/serrure-pour-armoire-a-double-porte-vitree-sans-percage\/","url":"https:\/\/www.omrserrature.it\/fr\/produit\/serrure-pour-armoire-a-double-porte-vitree-sans-percage\/","name":"Serrure pour armoire \u00e0 double porte vitr\u00e9e - Sans per\u00e7age - OMR Serrature","isPartOf":{"@id":"https:\/\/www.omrserrature.it\/fr\/#website"},"primaryImageOfPage":{"@id":"https:\/\/www.omrserrature.it\/fr\/produit\/serrure-pour-armoire-a-double-porte-vitree-sans-percage\/#primaryimage"},"image":{"@id":"https:\/\/www.omrserrature.it\/fr\/produit\/serrure-pour-armoire-a-double-porte-vitree-sans-percage\/#primaryimage"},"thumbnailUrl":"https:\/\/www.omrserrature.it\/wp-content\/uploads\/2017\/10\/serratura-anta-doppia-vetro-no-foratura.jpg","datePublished":"2016-10-17T07:32:00+00:00","dateModified":"2026-04-08T10:49:31+00:00","breadcrumb":{"@id":"https:\/\/www.omrserrature.it\/fr\/produit\/serrure-pour-armoire-a-double-porte-vitree-sans-percage\/#breadcrumb"},"inLanguage":"fr-FR","potentialAction":[{"@type":"ReadAction","target":["https:\/\/www.omrserrature.it\/fr\/produit\/serrure-pour-armoire-a-double-porte-vitree-sans-percage\/"]}]},{"@type":"ImageObject","inLanguage":"fr-FR","@id":"https:\/\/www.omrserrature.it\/fr\/produit\/serrure-pour-armoire-a-double-porte-vitree-sans-percage\/#primaryimage","url":"https:\/\/www.omrserrature.it\/wp-content\/uploads\/2017\/10\/serratura-anta-doppia-vetro-no-foratura.jpg","contentUrl":"https:\/\/www.omrserrature.it\/wp-content\/uploads\/2017\/10\/serratura-anta-doppia-vetro-no-foratura.jpg","width":387,"height":388,"caption":"Serrure pour double panneau en verre \u00e0 appliquer sans trou"},{"@type":"BreadcrumbList","@id":"https:\/\/www.omrserrature.it\/fr\/produit\/serrure-pour-armoire-a-double-porte-vitree-sans-percage\/#breadcrumb","itemListElement":[{"@type":"ListItem","position":1,"name":"Home","item":"https:\/\/www.omrserrature.it\/fr\/omr-serrures-et-systemes-de-verrouillage\/"},{"@type":"ListItem","position":2,"name":"Catalogue","item":"https:\/\/www.omrserrature.it\/catalogue\/?lang=fr"},{"@type":"ListItem","position":3,"name":"Produits","item":"https:\/\/www.omrserrature.it\/fr\/catalogue\/produits\/"},{"@type":"ListItem","position":4,"name":"Serrures","item":"https:\/\/www.omrserrature.it\/fr\/catalogue\/produits\/serrures\/"},{"@type":"ListItem","position":5,"name":"Poign\u00e9es et boutons","item":"https:\/\/www.omrserrature.it\/fr\/catalogue\/produits\/serrures\/poignees-et-boutons\/"},{"@type":"ListItem","position":6,"name":"Serrure pour armoire \u00e0 double porte vitr\u00e9e &#8211; Sans per\u00e7age"}]},{"@type":"WebSite","@id":"https:\/\/www.omrserrature.it\/fr\/#website","url":"https:\/\/www.omrserrature.it\/fr\/","name":"OMR Serrature | Produzione sistemi di chiusura","description":"Produzione serrature di sicurezza e sistemi di chiusura","publisher":{"@id":"https:\/\/www.omrserrature.it\/fr\/#organization"},"potentialAction":[{"@type":"SearchAction","target":{"@type":"EntryPoint","urlTemplate":"https:\/\/www.omrserrature.it\/fr\/?s={search_term_string}"},"query-input":{"@type":"PropertyValueSpecification","valueRequired":true,"valueName":"search_term_string"}}],"inLanguage":"fr-FR"},{"@type":"Organization","@id":"https:\/\/www.omrserrature.it\/fr\/#organization","name":"OMR Serrature | Produzione sistemi di chiusura","url":"https:\/\/www.omrserrature.it\/fr\/","logo":{"@type":"ImageObject","inLanguage":"fr-FR","@id":"https:\/\/www.omrserrature.it\/fr\/#\/schema\/logo\/image\/","url":"https:\/\/www.omrserrature.it\/wp-content\/uploads\/2017\/09\/favicon-omr-114.png","contentUrl":"https:\/\/www.omrserrature.it\/wp-content\/uploads\/2017\/09\/favicon-omr-114.png","width":114,"height":114,"caption":"OMR Serrature | Produzione sistemi di chiusura"},"image":{"@id":"https:\/\/www.omrserrature.it\/fr\/#\/schema\/logo\/image\/"},"sameAs":["https:\/\/www.facebook.com\/OMRserrature","https:\/\/www.linkedin.com\/company\/omrserrature\/","https:\/\/www.youtube.com\/channel\/UCxmA85z2R0EpG_6IRokiAkg"]}]}},"_links":{"self":[{"href":"https:\/\/www.omrserrature.it\/fr\/wp-json\/wp\/v2\/product\/242689","targetHints":{"allow":["GET"]}}],"collection":[{"href":"https:\/\/www.omrserrature.it\/fr\/wp-json\/wp\/v2\/product"}],"about":[{"href":"https:\/\/www.omrserrature.it\/fr\/wp-json\/wp\/v2\/types\/product"}],"replies":[{"embeddable":true,"href":"https:\/\/www.omrserrature.it\/fr\/wp-json\/wp\/v2\/comments?post=242689"}],"wp:featuredmedia":[{"embeddable":true,"href":"https:\/\/www.omrserrature.it\/fr\/wp-json\/wp\/v2\/media\/3618"}],"wp:attachment":[{"href":"https:\/\/www.omrserrature.it\/fr\/wp-json\/wp\/v2\/media?parent=242689"}],"wp:term":[{"taxonomy":"product_brand","embeddable":true,"href":"https:\/\/www.omrserrature.it\/fr\/wp-json\/wp\/v2\/product_brand?post=242689"},{"taxonomy":"product_cat","embeddable":true,"href":"https:\/\/www.omrserrature.it\/fr\/wp-json\/wp\/v2\/product_cat?post=242689"},{"taxonomy":"product_tag","embeddable":true,"href":"https:\/\/www.omrserrature.it\/fr\/wp-json\/wp\/v2\/product_tag?post=242689"}],"curies":[{"name":"wp","href":"https:\/\/api.w.org\/{rel}","templated":true}]}}