{"id":242666,"date":"2017-10-12T13:31:21","date_gmt":"2012-10-17T11:31:00","guid":{"rendered":"https:\/\/www.staging6.omrserrature.it\/prodotto\/serrure-ovale-pour-commode-de-bureau\/"},"modified":"2026-04-08T12:50:00","modified_gmt":"2026-04-08T10:50:00","slug":"serrure-ovale-pour-commode-de-bureau","status":"publish","type":"product","link":"https:\/\/www.omrserrature.it\/fr\/produit\/serrure-ovale-pour-commode-de-bureau\/","title":{"rendered":"Serrure ovale pour commode de bureau"},"content":{"rendered":"<p>La <strong>serrure \u00e0 pistons ovale<\/strong> se compose d&rsquo;un stator \u00e0 l&rsquo;int\u00e9rieur duquel, une fois la bonne cl\u00e9 ins\u00e9r\u00e9e, se d\u00e9place un rotor dot\u00e9 d&rsquo;un m\u00e9canisme \u00e0 paillettes. Fabriqu\u00e9e en m\u00e9tal moul\u00e9 sous pression (zamak), elle est \u00e9quip\u00e9e \u00e0 l&rsquo;arri\u00e8re d&rsquo;une goupille, dite de <strong>contr\u00f4le<\/strong>, qui pivote \u00e0 180\u00b0 et active le syst\u00e8me de <strong>fermeture multiple et centralis\u00e9e<\/strong> des tiroirs. Ce mod\u00e8le offre la possibilit\u00e9 de r\u00e9gler la longueur de la goupille, d&rsquo;un minimum de 10 mm \u00e0 un maximum de 35 mm (+15 mm de came). Consultez la fiche technique pour plus d&rsquo;informations.   <\/p>\n<p>Le corps de la serrure peut \u00eatre <strong>fix\u00e9 rapidement,<\/strong> soit \u00e0 l&rsquo;aide d&rsquo;une fourchette (ou d&rsquo;un clip), soit \u00e0 l&rsquo;aide d&rsquo;un ressort \u00e0 pression. La forme ovale sp\u00e9ciale permet de l&rsquo;utiliser m\u00eame dans des espaces restreints tels que les panneaux frontaux, les profil\u00e9s, les chariots et les classeurs <strong>en t\u00f4le ou en aluminium<\/strong>.  Il peut \u00eatre \u00e9quip\u00e9 de <strong>cl\u00e9s articul\u00e9es antichocs<\/strong> en plastique color\u00e9.<\/p>\n<p>Des <strong>plaques anti-basculement<\/strong> peuvent \u00eatre fournies en combinaison. Elles offrent une grande s\u00e9curit\u00e9 en emp\u00eachant l&rsquo;ouverture accidentelle des tiroirs lors du d\u00e9placement de la bo\u00eete \u00e0 outils. Les came emp\u00eachent \u00e9galement l&rsquo;ouverture simultan\u00e9e de 2 tiroirs, une situation qui pourrait entra\u00eener la chute du chariot. <\/p>\n<p><strong>La serrure ovale avec tenon est utilis\u00e9e dans les archives, les classeurs et les armoires \u00e0 tiroirs<\/strong>.<\/p>\n","protected":false},"excerpt":{"rendered":"<p>La <strong>serrure \u00e0 pistons ovale<\/strong> se compose d&rsquo;un stator \u00e0 l&rsquo;int\u00e9rieur duquel, une fois la bonne cl\u00e9 ins\u00e9r\u00e9e, se d\u00e9place un rotor dot\u00e9 d&rsquo;un m\u00e9canisme \u00e0 paillettes. Fabriqu\u00e9e en m\u00e9tal moul\u00e9 sous pression (zamak), elle est \u00e9quip\u00e9e \u00e0 l&rsquo;arri\u00e8re d&rsquo;une goupille, dite de <strong>contr\u00f4le<\/strong>, qui pivote \u00e0 180\u00b0 et active le syst\u00e8me de <strong>fermeture multiple et centralis\u00e9e<\/strong> des tiroirs. Ce mod\u00e8le offre la possibilit\u00e9 de r\u00e9gler la longueur de la goupille, d&rsquo;un minimum de 10 mm \u00e0 un maximum de 35 mm (+15 mm de came).  <\/p>\n<p><strong>Consultez la fiche technique pour plus d&rsquo;informations.<\/strong><\/p>\n","protected":false},"featured_media":3318,"comment_status":"open","ping_status":"closed","template":"","meta":{"_acf_changed":false,"_et_pb_use_builder":"","_et_pb_old_content":"","_et_gb_content_width":""},"product_brand":[],"product_cat":[3662],"product_tag":[],"class_list":{"0":"post-242666","1":"product","2":"type-product","3":"status-publish","4":"has-post-thumbnail","6":"product_cat-serrures-speciales-sur-mesure","8":"first","9":"instock","10":"shipping-taxable","11":"purchasable","12":"product-type-variable"},"acf":{"pdf1":"https:\/\/www.omrserrature.it\/wp-content\/uploads\/schede\/Scheda_163432.pdf"},"yoast_head":"<!-- This site is optimized with the Yoast SEO plugin v27.2 - https:\/\/yoast.com\/product\/yoast-seo-wordpress\/ -->\n<title>Serrure ovale pour commode de bureau - OMR Serrature<\/title>\n<meta name=\"robots\" content=\"index, follow, max-snippet:-1, max-image-preview:large, max-video-preview:-1\" \/>\n<link rel=\"canonical\" href=\"https:\/\/www.omrserrature.it\/fr\/produit\/serrure-ovale-pour-commode-de-bureau\/\" \/>\n<meta property=\"og:locale\" content=\"fr_FR\" \/>\n<meta property=\"og:type\" content=\"article\" \/>\n<meta property=\"og:title\" content=\"Serrure ovale pour commode de bureau - OMR Serrature\" \/>\n<meta property=\"og:description\" content=\"La serrure \u00e0 pistons ovale se compose d&#039;un stator \u00e0 l&#039;int\u00e9rieur duquel, une fois la bonne cl\u00e9 ins\u00e9r\u00e9e, se d\u00e9place un rotor dot\u00e9 d&#039;un m\u00e9canisme \u00e0 paillettes. Fabriqu\u00e9e en m\u00e9tal moul\u00e9 sous pression (zamak), elle est \u00e9quip\u00e9e \u00e0 l&#039;arri\u00e8re d&#039;une goupille, dite de contr\u00f4le, qui pivote \u00e0 180\u00b0 et active le syst\u00e8me de fermeture multiple et centralis\u00e9e des tiroirs. Ce mod\u00e8le offre la possibilit\u00e9 de r\u00e9gler la longueur de la goupille, d&#039;un minimum de 10 mm \u00e0 un maximum de 35 mm (+15 mm de came).  Consultez la fiche technique pour plus d&#039;informations.\" \/>\n<meta property=\"og:url\" content=\"https:\/\/www.omrserrature.it\/fr\/produit\/serrure-ovale-pour-commode-de-bureau\/\" \/>\n<meta property=\"og:site_name\" content=\"OMR Serrature | Produzione sistemi di chiusura\" \/>\n<meta property=\"article:publisher\" content=\"https:\/\/www.facebook.com\/OMRserrature\" \/>\n<meta property=\"article:modified_time\" content=\"2026-04-08T10:50:00+00:00\" \/>\n<meta property=\"og:image\" content=\"https:\/\/www.omrserrature.it\/wp-content\/uploads\/2017\/10\/serratura-ovale-cassettiera.jpg\" \/>\n\t<meta property=\"og:image:width\" content=\"482\" \/>\n\t<meta property=\"og:image:height\" content=\"370\" \/>\n\t<meta property=\"og:image:type\" content=\"image\/jpeg\" \/>\n<meta name=\"twitter:card\" content=\"summary_large_image\" \/>\n<meta name=\"twitter:label1\" content=\"Dur\u00e9e de lecture estim\u00e9e\" \/>\n\t<meta name=\"twitter:data1\" content=\"1 minute\" \/>\n<script type=\"application\/ld+json\" class=\"yoast-schema-graph\">{\"@context\":\"https:\/\/schema.org\",\"@graph\":[{\"@type\":\"WebPage\",\"@id\":\"https:\/\/www.omrserrature.it\/fr\/produit\/serrure-ovale-pour-commode-de-bureau\/\",\"url\":\"https:\/\/www.omrserrature.it\/fr\/produit\/serrure-ovale-pour-commode-de-bureau\/\",\"name\":\"Serrure ovale pour commode de bureau - OMR Serrature\",\"isPartOf\":{\"@id\":\"https:\/\/www.omrserrature.it\/fr\/#website\"},\"primaryImageOfPage\":{\"@id\":\"https:\/\/www.omrserrature.it\/fr\/produit\/serrure-ovale-pour-commode-de-bureau\/#primaryimage\"},\"image\":{\"@id\":\"https:\/\/www.omrserrature.it\/fr\/produit\/serrure-ovale-pour-commode-de-bureau\/#primaryimage\"},\"thumbnailUrl\":\"https:\/\/www.omrserrature.it\/wp-content\/uploads\/2017\/10\/serratura-ovale-cassettiera.jpg\",\"datePublished\":\"2012-10-17T11:31:00+00:00\",\"dateModified\":\"2026-04-08T10:50:00+00:00\",\"breadcrumb\":{\"@id\":\"https:\/\/www.omrserrature.it\/fr\/produit\/serrure-ovale-pour-commode-de-bureau\/#breadcrumb\"},\"inLanguage\":\"fr-FR\",\"potentialAction\":[{\"@type\":\"ReadAction\",\"target\":[\"https:\/\/www.omrserrature.it\/fr\/produit\/serrure-ovale-pour-commode-de-bureau\/\"]}]},{\"@type\":\"ImageObject\",\"inLanguage\":\"fr-FR\",\"@id\":\"https:\/\/www.omrserrature.it\/fr\/produit\/serrure-ovale-pour-commode-de-bureau\/#primaryimage\",\"url\":\"https:\/\/www.omrserrature.it\/wp-content\/uploads\/2017\/10\/serratura-ovale-cassettiera.jpg\",\"contentUrl\":\"https:\/\/www.omrserrature.it\/wp-content\/uploads\/2017\/10\/serratura-ovale-cassettiera.jpg\",\"width\":482,\"height\":370,\"caption\":\"Serrure ovale pour tiroirs et\/ou classeurs, tiroirs archives\"},{\"@type\":\"BreadcrumbList\",\"@id\":\"https:\/\/www.omrserrature.it\/fr\/produit\/serrure-ovale-pour-commode-de-bureau\/#breadcrumb\",\"itemListElement\":[{\"@type\":\"ListItem\",\"position\":1,\"name\":\"Home\",\"item\":\"https:\/\/www.omrserrature.it\/fr\/omr-serrures-et-systemes-de-verrouillage\/\"},{\"@type\":\"ListItem\",\"position\":2,\"name\":\"Catalogue\",\"item\":\"https:\/\/www.omrserrature.it\/catalogue\/?lang=fr\"},{\"@type\":\"ListItem\",\"position\":3,\"name\":\"Produits\",\"item\":\"https:\/\/www.omrserrature.it\/fr\/catalogue\/produits\/\"},{\"@type\":\"ListItem\",\"position\":4,\"name\":\"Serrures\",\"item\":\"https:\/\/www.omrserrature.it\/fr\/catalogue\/produits\/serrures\/\"},{\"@type\":\"ListItem\",\"position\":5,\"name\":\"Serrures sp\u00e9ciales sur mesure\",\"item\":\"https:\/\/www.omrserrature.it\/fr\/catalogue\/produits\/serrures\/serrures-speciales-sur-mesure\/\"},{\"@type\":\"ListItem\",\"position\":6,\"name\":\"Serrure ovale pour commode de bureau\"}]},{\"@type\":\"WebSite\",\"@id\":\"https:\/\/www.omrserrature.it\/fr\/#website\",\"url\":\"https:\/\/www.omrserrature.it\/fr\/\",\"name\":\"OMR Serrature | Produzione sistemi di chiusura\",\"description\":\"Produzione serrature di sicurezza e sistemi di chiusura\",\"publisher\":{\"@id\":\"https:\/\/www.omrserrature.it\/fr\/#organization\"},\"potentialAction\":[{\"@type\":\"SearchAction\",\"target\":{\"@type\":\"EntryPoint\",\"urlTemplate\":\"https:\/\/www.omrserrature.it\/fr\/?s={search_term_string}\"},\"query-input\":{\"@type\":\"PropertyValueSpecification\",\"valueRequired\":true,\"valueName\":\"search_term_string\"}}],\"inLanguage\":\"fr-FR\"},{\"@type\":\"Organization\",\"@id\":\"https:\/\/www.omrserrature.it\/fr\/#organization\",\"name\":\"OMR Serrature | Produzione sistemi di chiusura\",\"url\":\"https:\/\/www.omrserrature.it\/fr\/\",\"logo\":{\"@type\":\"ImageObject\",\"inLanguage\":\"fr-FR\",\"@id\":\"https:\/\/www.omrserrature.it\/fr\/#\/schema\/logo\/image\/\",\"url\":\"https:\/\/www.omrserrature.it\/wp-content\/uploads\/2017\/09\/favicon-omr-114.png\",\"contentUrl\":\"https:\/\/www.omrserrature.it\/wp-content\/uploads\/2017\/09\/favicon-omr-114.png\",\"width\":114,\"height\":114,\"caption\":\"OMR Serrature | Produzione sistemi di chiusura\"},\"image\":{\"@id\":\"https:\/\/www.omrserrature.it\/fr\/#\/schema\/logo\/image\/\"},\"sameAs\":[\"https:\/\/www.facebook.com\/OMRserrature\",\"https:\/\/www.linkedin.com\/company\/omrserrature\/\",\"https:\/\/www.youtube.com\/channel\/UCxmA85z2R0EpG_6IRokiAkg\"]}]}<\/script>\n<!-- \/ Yoast SEO plugin. -->","yoast_head_json":{"title":"Serrure ovale pour commode de bureau - OMR Serrature","robots":{"index":"index","follow":"follow","max-snippet":"max-snippet:-1","max-image-preview":"max-image-preview:large","max-video-preview":"max-video-preview:-1"},"canonical":"https:\/\/www.omrserrature.it\/fr\/produit\/serrure-ovale-pour-commode-de-bureau\/","og_locale":"fr_FR","og_type":"article","og_title":"Serrure ovale pour commode de bureau - OMR Serrature","og_description":"La serrure \u00e0 pistons ovale se compose d'un stator \u00e0 l'int\u00e9rieur duquel, une fois la bonne cl\u00e9 ins\u00e9r\u00e9e, se d\u00e9place un rotor dot\u00e9 d'un m\u00e9canisme \u00e0 paillettes. Fabriqu\u00e9e en m\u00e9tal moul\u00e9 sous pression (zamak), elle est \u00e9quip\u00e9e \u00e0 l'arri\u00e8re d'une goupille, dite de contr\u00f4le, qui pivote \u00e0 180\u00b0 et active le syst\u00e8me de fermeture multiple et centralis\u00e9e des tiroirs. Ce mod\u00e8le offre la possibilit\u00e9 de r\u00e9gler la longueur de la goupille, d'un minimum de 10 mm \u00e0 un maximum de 35 mm (+15 mm de came).  Consultez la fiche technique pour plus d'informations.","og_url":"https:\/\/www.omrserrature.it\/fr\/produit\/serrure-ovale-pour-commode-de-bureau\/","og_site_name":"OMR Serrature | Produzione sistemi di chiusura","article_publisher":"https:\/\/www.facebook.com\/OMRserrature","article_modified_time":"2026-04-08T10:50:00+00:00","og_image":[{"width":482,"height":370,"url":"https:\/\/www.omrserrature.it\/wp-content\/uploads\/2017\/10\/serratura-ovale-cassettiera.jpg","type":"image\/jpeg"}],"twitter_card":"summary_large_image","twitter_misc":{"Dur\u00e9e de lecture estim\u00e9e":"1 minute"},"schema":{"@context":"https:\/\/schema.org","@graph":[{"@type":"WebPage","@id":"https:\/\/www.omrserrature.it\/fr\/produit\/serrure-ovale-pour-commode-de-bureau\/","url":"https:\/\/www.omrserrature.it\/fr\/produit\/serrure-ovale-pour-commode-de-bureau\/","name":"Serrure ovale pour commode de bureau - OMR Serrature","isPartOf":{"@id":"https:\/\/www.omrserrature.it\/fr\/#website"},"primaryImageOfPage":{"@id":"https:\/\/www.omrserrature.it\/fr\/produit\/serrure-ovale-pour-commode-de-bureau\/#primaryimage"},"image":{"@id":"https:\/\/www.omrserrature.it\/fr\/produit\/serrure-ovale-pour-commode-de-bureau\/#primaryimage"},"thumbnailUrl":"https:\/\/www.omrserrature.it\/wp-content\/uploads\/2017\/10\/serratura-ovale-cassettiera.jpg","datePublished":"2012-10-17T11:31:00+00:00","dateModified":"2026-04-08T10:50:00+00:00","breadcrumb":{"@id":"https:\/\/www.omrserrature.it\/fr\/produit\/serrure-ovale-pour-commode-de-bureau\/#breadcrumb"},"inLanguage":"fr-FR","potentialAction":[{"@type":"ReadAction","target":["https:\/\/www.omrserrature.it\/fr\/produit\/serrure-ovale-pour-commode-de-bureau\/"]}]},{"@type":"ImageObject","inLanguage":"fr-FR","@id":"https:\/\/www.omrserrature.it\/fr\/produit\/serrure-ovale-pour-commode-de-bureau\/#primaryimage","url":"https:\/\/www.omrserrature.it\/wp-content\/uploads\/2017\/10\/serratura-ovale-cassettiera.jpg","contentUrl":"https:\/\/www.omrserrature.it\/wp-content\/uploads\/2017\/10\/serratura-ovale-cassettiera.jpg","width":482,"height":370,"caption":"Serrure ovale pour tiroirs et\/ou classeurs, tiroirs archives"},{"@type":"BreadcrumbList","@id":"https:\/\/www.omrserrature.it\/fr\/produit\/serrure-ovale-pour-commode-de-bureau\/#breadcrumb","itemListElement":[{"@type":"ListItem","position":1,"name":"Home","item":"https:\/\/www.omrserrature.it\/fr\/omr-serrures-et-systemes-de-verrouillage\/"},{"@type":"ListItem","position":2,"name":"Catalogue","item":"https:\/\/www.omrserrature.it\/catalogue\/?lang=fr"},{"@type":"ListItem","position":3,"name":"Produits","item":"https:\/\/www.omrserrature.it\/fr\/catalogue\/produits\/"},{"@type":"ListItem","position":4,"name":"Serrures","item":"https:\/\/www.omrserrature.it\/fr\/catalogue\/produits\/serrures\/"},{"@type":"ListItem","position":5,"name":"Serrures sp\u00e9ciales sur mesure","item":"https:\/\/www.omrserrature.it\/fr\/catalogue\/produits\/serrures\/serrures-speciales-sur-mesure\/"},{"@type":"ListItem","position":6,"name":"Serrure ovale pour commode de bureau"}]},{"@type":"WebSite","@id":"https:\/\/www.omrserrature.it\/fr\/#website","url":"https:\/\/www.omrserrature.it\/fr\/","name":"OMR Serrature | Produzione sistemi di chiusura","description":"Produzione serrature di sicurezza e sistemi di chiusura","publisher":{"@id":"https:\/\/www.omrserrature.it\/fr\/#organization"},"potentialAction":[{"@type":"SearchAction","target":{"@type":"EntryPoint","urlTemplate":"https:\/\/www.omrserrature.it\/fr\/?s={search_term_string}"},"query-input":{"@type":"PropertyValueSpecification","valueRequired":true,"valueName":"search_term_string"}}],"inLanguage":"fr-FR"},{"@type":"Organization","@id":"https:\/\/www.omrserrature.it\/fr\/#organization","name":"OMR Serrature | Produzione sistemi di chiusura","url":"https:\/\/www.omrserrature.it\/fr\/","logo":{"@type":"ImageObject","inLanguage":"fr-FR","@id":"https:\/\/www.omrserrature.it\/fr\/#\/schema\/logo\/image\/","url":"https:\/\/www.omrserrature.it\/wp-content\/uploads\/2017\/09\/favicon-omr-114.png","contentUrl":"https:\/\/www.omrserrature.it\/wp-content\/uploads\/2017\/09\/favicon-omr-114.png","width":114,"height":114,"caption":"OMR Serrature | Produzione sistemi di chiusura"},"image":{"@id":"https:\/\/www.omrserrature.it\/fr\/#\/schema\/logo\/image\/"},"sameAs":["https:\/\/www.facebook.com\/OMRserrature","https:\/\/www.linkedin.com\/company\/omrserrature\/","https:\/\/www.youtube.com\/channel\/UCxmA85z2R0EpG_6IRokiAkg"]}]}},"_links":{"self":[{"href":"https:\/\/www.omrserrature.it\/fr\/wp-json\/wp\/v2\/product\/242666","targetHints":{"allow":["GET"]}}],"collection":[{"href":"https:\/\/www.omrserrature.it\/fr\/wp-json\/wp\/v2\/product"}],"about":[{"href":"https:\/\/www.omrserrature.it\/fr\/wp-json\/wp\/v2\/types\/product"}],"replies":[{"embeddable":true,"href":"https:\/\/www.omrserrature.it\/fr\/wp-json\/wp\/v2\/comments?post=242666"}],"wp:featuredmedia":[{"embeddable":true,"href":"https:\/\/www.omrserrature.it\/fr\/wp-json\/wp\/v2\/media\/3318"}],"wp:attachment":[{"href":"https:\/\/www.omrserrature.it\/fr\/wp-json\/wp\/v2\/media?parent=242666"}],"wp:term":[{"taxonomy":"product_brand","embeddable":true,"href":"https:\/\/www.omrserrature.it\/fr\/wp-json\/wp\/v2\/product_brand?post=242666"},{"taxonomy":"product_cat","embeddable":true,"href":"https:\/\/www.omrserrature.it\/fr\/wp-json\/wp\/v2\/product_cat?post=242666"},{"taxonomy":"product_tag","embeddable":true,"href":"https:\/\/www.omrserrature.it\/fr\/wp-json\/wp\/v2\/product_tag?post=242666"}],"curies":[{"name":"wp","href":"https:\/\/api.w.org\/{rel}","templated":true}]}}