{"id":242595,"date":"2017-10-12T14:11:43","date_gmt":"2012-10-17T12:11:00","guid":{"rendered":"https:\/\/www.staging6.omrserrature.it\/prodotto\/serrure-ovale-avec-came-a-tenon\/"},"modified":"2026-04-08T12:48:19","modified_gmt":"2026-04-08T10:48:19","slug":"serrure-ovale-avec-came-a-tenon","status":"publish","type":"product","link":"https:\/\/www.omrserrature.it\/fr\/produit\/serrure-ovale-avec-came-a-tenon\/","title":{"rendered":"Serrure ovale avec came \u00e0 tenon"},"content":{"rendered":"<p>La <strong>serrure \u00e0 pistons ovale<\/strong> se compose d&rsquo;un stator \u00e0 l&rsquo;int\u00e9rieur duquel, une fois la bonne cl\u00e9 ins\u00e9r\u00e9e, se d\u00e9place un rotor dot\u00e9 d&rsquo;un m\u00e9canisme \u00e0 paillettes. R\u00e9alis\u00e9e en m\u00e9tal moul\u00e9 sous pression (zamak), elle est \u00e9quip\u00e9e \u00e0 l&rsquo;arri\u00e8re d&rsquo;une goupille, appel\u00e9e <strong>came \u00e0 tenon<\/strong>, qui pivote \u00e0 180\u00b0 pour commander le syst\u00e8me de <strong>fermeture multiple et centralis\u00e9<\/strong> des tiroirs. <\/p>\n<p>Le corps de la serrure peut \u00eatre <strong>fix\u00e9 rapidement<\/strong> soit au moyen d&rsquo;une fourchette (ou d&rsquo;un tringles), soit au moyen d&rsquo;un ressort pression. La forme ovale sp\u00e9ciale permet de l&rsquo;utiliser m\u00eame dans des espaces restreints, par exemple pour les panneaux avant, les chariots et les classeurs <strong>en t\u00f4le ou en aluminium<\/strong>. Le mod\u00e8le avec <strong>rotor amovible<\/strong> permet de retirer ou de remplacer le noyau sans endommager l&rsquo;armoire ou la serrure. Il peut \u00eatre \u00e9quip\u00e9 de <strong>cl\u00e9s articul\u00e9es antichocs<\/strong> en plastique color\u00e9.<\/p>\n<p>Des <strong>plaques anti-basculement<\/strong> peuvent \u00eatre fournies en combinaison. Elles offrent une grande s\u00e9curit\u00e9 en emp\u00eachant l&rsquo;ouverture accidentelle des tiroirs lors du d\u00e9placement de la bo\u00eete \u00e0 outils. Ou encore \u00e9viter d&rsquo;ouvrir deux tiroirs en m\u00eame temps, ce qui pourrait entra\u00eener la chute du chariot.<\/p>\n<p><strong>La serrure ovale avec came \u00e0 tenon<\/strong> est principalement con\u00e7ue pour \u00eatre utilis\u00e9e dans les am\u00e9nagements de v\u00e9hicules professionnels, sur les meubles m\u00e9talliques \u00e0 plusieurs tiroirs, tels que les blocs-tiroirs de bureau sur roulettes \u00e0 3 tiroirs ou plus, les chariots \u00e0 outils couramment utilis\u00e9s dans un atelier ou un environnement de travail pour <strong>s\u00e9curiser les outils de valeur en en limitant l&rsquo;acc\u00e8s.<\/strong><\/p>\n","protected":false},"excerpt":{"rendered":"<p>La <strong>serrure \u00e0 pivot ovale<\/strong> est en m\u00e9tal moul\u00e9 sous pression (zamak), et est \u00e9quip\u00e9e \u00e0 l&rsquo;arri\u00e8re d&rsquo;un axe, appel\u00e9 commande, qui pivote \u00e0 180\u00b0 pour commander le <strong>syst\u00e8me de fermeture multiple et centralis\u00e9 des tiroirs<\/strong>. Le corps de la serrure peut \u00eatre <strong>fix\u00e9 rapidement<\/strong> soit \u00e0 l&rsquo;aide d&rsquo;une fourchette (ou d&rsquo;un clip), soit \u00e0 l&rsquo;aide d&rsquo;un ressort. <\/p>\n","protected":false},"featured_media":3324,"comment_status":"open","ping_status":"closed","template":"","meta":{"_acf_changed":false,"_et_pb_use_builder":"off","_et_pb_old_content":"La <strong>serrure \u00e0 pistons ovale<\/strong> se compose d'un stator \u00e0 l'int\u00e9rieur duquel, une fois la bonne cl\u00e9 ins\u00e9r\u00e9e, se d\u00e9place un rotor dot\u00e9 d'un m\u00e9canisme \u00e0 paillettes. R\u00e9alis\u00e9e en m\u00e9tal moul\u00e9 sous pression (zamak), elle est \u00e9quip\u00e9e \u00e0 l'arri\u00e8re d'une goupille, appel\u00e9e <strong>came \u00e0 tenon<\/strong>, qui pivote \u00e0 180\u00b0 pour commander le syst\u00e8me de <strong>fermeture multiple et centralis\u00e9<\/strong> des tiroirs. \n\nLe corps de la serrure peut \u00eatre <strong>fix\u00e9 rapidement<\/strong> soit au moyen d'une fourchette (ou d'un tringles), soit au moyen d'un ressort pression. La forme ovale sp\u00e9ciale permet de l'utiliser m\u00eame dans des espaces restreints, par exemple pour les panneaux avant, les chariots et les classeurs <strong>en t\u00f4le ou en aluminium<\/strong>. Le mod\u00e8le avec <strong>rotor amovible<\/strong> permet de retirer ou de remplacer le noyau sans endommager l'armoire ou la serrure. Il peut \u00eatre \u00e9quip\u00e9 de <strong>cl\u00e9s articul\u00e9es antichocs<\/strong> en plastique color\u00e9. En combinaison avec les <strong>plaques anti-basculement<\/strong>, elles offrent une grande s\u00e9curit\u00e9 en emp\u00eachant les tiroirs de s'ouvrir accidentellement lorsque la bo\u00eete \u00e0 outils est d\u00e9plac\u00e9e. Ou encore \u00e9viter d'ouvrir deux tiroirs en m\u00eame temps, ce qui pourrait entra\u00eener la chute du chariot.\n\ncame \u00e0 tenon La serrure ovale avec est principalement con\u00e7ue pour \u00eatre utilis\u00e9e dans les am\u00e9nagements de v\u00e9hicules professionnels, sur les meubles m\u00e9talliques \u00e0 plusieurs tiroirs, tels que les bureaux \u00e0 tiroirs sur roulettes \u00e0 3 tiroirs ou plus, les chariots \u00e0 outils couramment utilis\u00e9s dans un atelier ou un environnement de travail pour <strong>s\u00e9curiser les outils de valeur en en limitant l'acc\u00e8s.<\/strong>\n\n","_et_gb_content_width":""},"product_brand":[],"product_cat":[3750,3757,3755,3643,3658,3650,3725,3727,3708,3690],"product_tag":[],"class_list":{"0":"post-242595","1":"product","2":"type-product","3":"status-publish","4":"has-post-thumbnail","6":"product_cat-banque-et-poste","7":"product_cat-bureaux","8":"product_cat-hopitaux-et-soins-de-sante","9":"product_cat-serrure-a-goupille","10":"product_cat-serrures-a-passe-partout","11":"product_cat-serrures-avec-barillet-interchangeable","12":"product_cat-serrures-pour-blocs-tiroirs","13":"product_cat-serrures-pour-classeurs","14":"product_cat-serrures-pour-tiroirs-industriels","15":"product_cat-serrures-professionnelles-pour-meubles","17":"first","18":"instock","19":"shipping-taxable","20":"purchasable","21":"product-type-variable","22":"has-default-attributes"},"acf":{"pdf1":"https:\/\/www.omrserrature.it\/wp-content\/uploads\/schede\/Scheda_161351.pdf"},"yoast_head":"<!-- This site is optimized with the Yoast SEO plugin v27.2 - https:\/\/yoast.com\/product\/yoast-seo-wordpress\/ -->\n<title>Serrure ovale avec came \u00e0 tenon - OMR Serrature<\/title>\n<meta name=\"robots\" content=\"index, follow, max-snippet:-1, max-image-preview:large, max-video-preview:-1\" \/>\n<link rel=\"canonical\" href=\"https:\/\/www.omrserrature.it\/fr\/produit\/serrure-ovale-avec-came-a-tenon\/\" \/>\n<meta property=\"og:locale\" content=\"fr_FR\" \/>\n<meta property=\"og:type\" content=\"article\" \/>\n<meta property=\"og:title\" content=\"Serrure ovale avec came \u00e0 tenon - OMR Serrature\" \/>\n<meta property=\"og:description\" content=\"La serrure \u00e0 pivot ovale est en m\u00e9tal moul\u00e9 sous pression (zamak), et est \u00e9quip\u00e9e \u00e0 l&#039;arri\u00e8re d&#039;un axe, appel\u00e9 commande, qui pivote \u00e0 180\u00b0 pour commander le syst\u00e8me de fermeture multiple et centralis\u00e9 des tiroirs. Le corps de la serrure peut \u00eatre fix\u00e9 rapidement soit \u00e0 l&#039;aide d&#039;une fourchette (ou d&#039;un clip), soit \u00e0 l&#039;aide d&#039;un ressort.\" \/>\n<meta property=\"og:url\" content=\"https:\/\/www.omrserrature.it\/fr\/produit\/serrure-ovale-avec-came-a-tenon\/\" \/>\n<meta property=\"og:site_name\" content=\"OMR Serrature | Produzione sistemi di chiusura\" \/>\n<meta property=\"article:publisher\" content=\"https:\/\/www.facebook.com\/OMRserrature\" \/>\n<meta property=\"article:modified_time\" content=\"2026-04-08T10:48:19+00:00\" \/>\n<meta property=\"og:image\" content=\"https:\/\/www.omrserrature.it\/wp-content\/uploads\/2017\/10\/serratura-ovale-comandino.jpg\" \/>\n\t<meta property=\"og:image:width\" content=\"336\" \/>\n\t<meta property=\"og:image:height\" content=\"398\" \/>\n\t<meta property=\"og:image:type\" content=\"image\/jpeg\" \/>\n<meta name=\"twitter:card\" content=\"summary_large_image\" \/>\n<meta name=\"twitter:label1\" content=\"Dur\u00e9e de lecture estim\u00e9e\" \/>\n\t<meta name=\"twitter:data1\" content=\"1 minute\" \/>\n<script type=\"application\/ld+json\" class=\"yoast-schema-graph\">{\"@context\":\"https:\/\/schema.org\",\"@graph\":[{\"@type\":\"WebPage\",\"@id\":\"https:\/\/www.omrserrature.it\/fr\/produit\/serrure-ovale-avec-came-a-tenon\/\",\"url\":\"https:\/\/www.omrserrature.it\/fr\/produit\/serrure-ovale-avec-came-a-tenon\/\",\"name\":\"Serrure ovale avec came \u00e0 tenon - OMR Serrature\",\"isPartOf\":{\"@id\":\"https:\/\/www.omrserrature.it\/fr\/#website\"},\"primaryImageOfPage\":{\"@id\":\"https:\/\/www.omrserrature.it\/fr\/produit\/serrure-ovale-avec-came-a-tenon\/#primaryimage\"},\"image\":{\"@id\":\"https:\/\/www.omrserrature.it\/fr\/produit\/serrure-ovale-avec-came-a-tenon\/#primaryimage\"},\"thumbnailUrl\":\"https:\/\/www.omrserrature.it\/wp-content\/uploads\/2017\/10\/serratura-ovale-comandino.jpg\",\"datePublished\":\"2012-10-17T12:11:00+00:00\",\"dateModified\":\"2026-04-08T10:48:19+00:00\",\"breadcrumb\":{\"@id\":\"https:\/\/www.omrserrature.it\/fr\/produit\/serrure-ovale-avec-came-a-tenon\/#breadcrumb\"},\"inLanguage\":\"fr-FR\",\"potentialAction\":[{\"@type\":\"ReadAction\",\"target\":[\"https:\/\/www.omrserrature.it\/fr\/produit\/serrure-ovale-avec-came-a-tenon\/\"]}]},{\"@type\":\"ImageObject\",\"inLanguage\":\"fr-FR\",\"@id\":\"https:\/\/www.omrserrature.it\/fr\/produit\/serrure-ovale-avec-came-a-tenon\/#primaryimage\",\"url\":\"https:\/\/www.omrserrature.it\/wp-content\/uploads\/2017\/10\/serratura-ovale-comandino.jpg\",\"contentUrl\":\"https:\/\/www.omrserrature.it\/wp-content\/uploads\/2017\/10\/serratura-ovale-comandino.jpg\",\"width\":336,\"height\":398,\"caption\":\"Serrure ovale avec contr\u00f4le de la goupille et de la boucle - m\u00e9tal moul\u00e9 sous pression\"},{\"@type\":\"BreadcrumbList\",\"@id\":\"https:\/\/www.omrserrature.it\/fr\/produit\/serrure-ovale-avec-came-a-tenon\/#breadcrumb\",\"itemListElement\":[{\"@type\":\"ListItem\",\"position\":1,\"name\":\"Home\",\"item\":\"https:\/\/www.omrserrature.it\/fr\/omr-serrures-et-systemes-de-verrouillage\/\"},{\"@type\":\"ListItem\",\"position\":2,\"name\":\"Catalogue\",\"item\":\"https:\/\/www.omrserrature.it\/catalogue\/?lang=fr\"},{\"@type\":\"ListItem\",\"position\":3,\"name\":\"Produits\",\"item\":\"https:\/\/www.omrserrature.it\/fr\/catalogue\/produits\/\"},{\"@type\":\"ListItem\",\"position\":4,\"name\":\"Serrures\",\"item\":\"https:\/\/www.omrserrature.it\/fr\/catalogue\/produits\/serrures\/\"},{\"@type\":\"ListItem\",\"position\":5,\"name\":\"Serrure \u00e0 goupille\",\"item\":\"https:\/\/www.omrserrature.it\/fr\/catalogue\/produits\/serrures\/serrure-a-goupille\/\"},{\"@type\":\"ListItem\",\"position\":6,\"name\":\"Serrure ovale avec came \u00e0 tenon\"}]},{\"@type\":\"WebSite\",\"@id\":\"https:\/\/www.omrserrature.it\/fr\/#website\",\"url\":\"https:\/\/www.omrserrature.it\/fr\/\",\"name\":\"OMR Serrature | Produzione sistemi di chiusura\",\"description\":\"Produzione serrature di sicurezza e sistemi di chiusura\",\"publisher\":{\"@id\":\"https:\/\/www.omrserrature.it\/fr\/#organization\"},\"potentialAction\":[{\"@type\":\"SearchAction\",\"target\":{\"@type\":\"EntryPoint\",\"urlTemplate\":\"https:\/\/www.omrserrature.it\/fr\/?s={search_term_string}\"},\"query-input\":{\"@type\":\"PropertyValueSpecification\",\"valueRequired\":true,\"valueName\":\"search_term_string\"}}],\"inLanguage\":\"fr-FR\"},{\"@type\":\"Organization\",\"@id\":\"https:\/\/www.omrserrature.it\/fr\/#organization\",\"name\":\"OMR Serrature | Produzione sistemi di chiusura\",\"url\":\"https:\/\/www.omrserrature.it\/fr\/\",\"logo\":{\"@type\":\"ImageObject\",\"inLanguage\":\"fr-FR\",\"@id\":\"https:\/\/www.omrserrature.it\/fr\/#\/schema\/logo\/image\/\",\"url\":\"https:\/\/www.omrserrature.it\/wp-content\/uploads\/2017\/09\/favicon-omr-114.png\",\"contentUrl\":\"https:\/\/www.omrserrature.it\/wp-content\/uploads\/2017\/09\/favicon-omr-114.png\",\"width\":114,\"height\":114,\"caption\":\"OMR Serrature | Produzione sistemi di chiusura\"},\"image\":{\"@id\":\"https:\/\/www.omrserrature.it\/fr\/#\/schema\/logo\/image\/\"},\"sameAs\":[\"https:\/\/www.facebook.com\/OMRserrature\",\"https:\/\/www.linkedin.com\/company\/omrserrature\/\",\"https:\/\/www.youtube.com\/channel\/UCxmA85z2R0EpG_6IRokiAkg\"]}]}<\/script>\n<!-- \/ Yoast SEO plugin. -->","yoast_head_json":{"title":"Serrure ovale avec came \u00e0 tenon - OMR Serrature","robots":{"index":"index","follow":"follow","max-snippet":"max-snippet:-1","max-image-preview":"max-image-preview:large","max-video-preview":"max-video-preview:-1"},"canonical":"https:\/\/www.omrserrature.it\/fr\/produit\/serrure-ovale-avec-came-a-tenon\/","og_locale":"fr_FR","og_type":"article","og_title":"Serrure ovale avec came \u00e0 tenon - OMR Serrature","og_description":"La serrure \u00e0 pivot ovale est en m\u00e9tal moul\u00e9 sous pression (zamak), et est \u00e9quip\u00e9e \u00e0 l'arri\u00e8re d'un axe, appel\u00e9 commande, qui pivote \u00e0 180\u00b0 pour commander le syst\u00e8me de fermeture multiple et centralis\u00e9 des tiroirs. Le corps de la serrure peut \u00eatre fix\u00e9 rapidement soit \u00e0 l'aide d'une fourchette (ou d'un clip), soit \u00e0 l'aide d'un ressort.","og_url":"https:\/\/www.omrserrature.it\/fr\/produit\/serrure-ovale-avec-came-a-tenon\/","og_site_name":"OMR Serrature | Produzione sistemi di chiusura","article_publisher":"https:\/\/www.facebook.com\/OMRserrature","article_modified_time":"2026-04-08T10:48:19+00:00","og_image":[{"width":336,"height":398,"url":"https:\/\/www.omrserrature.it\/wp-content\/uploads\/2017\/10\/serratura-ovale-comandino.jpg","type":"image\/jpeg"}],"twitter_card":"summary_large_image","twitter_misc":{"Dur\u00e9e de lecture estim\u00e9e":"1 minute"},"schema":{"@context":"https:\/\/schema.org","@graph":[{"@type":"WebPage","@id":"https:\/\/www.omrserrature.it\/fr\/produit\/serrure-ovale-avec-came-a-tenon\/","url":"https:\/\/www.omrserrature.it\/fr\/produit\/serrure-ovale-avec-came-a-tenon\/","name":"Serrure ovale avec came \u00e0 tenon - OMR Serrature","isPartOf":{"@id":"https:\/\/www.omrserrature.it\/fr\/#website"},"primaryImageOfPage":{"@id":"https:\/\/www.omrserrature.it\/fr\/produit\/serrure-ovale-avec-came-a-tenon\/#primaryimage"},"image":{"@id":"https:\/\/www.omrserrature.it\/fr\/produit\/serrure-ovale-avec-came-a-tenon\/#primaryimage"},"thumbnailUrl":"https:\/\/www.omrserrature.it\/wp-content\/uploads\/2017\/10\/serratura-ovale-comandino.jpg","datePublished":"2012-10-17T12:11:00+00:00","dateModified":"2026-04-08T10:48:19+00:00","breadcrumb":{"@id":"https:\/\/www.omrserrature.it\/fr\/produit\/serrure-ovale-avec-came-a-tenon\/#breadcrumb"},"inLanguage":"fr-FR","potentialAction":[{"@type":"ReadAction","target":["https:\/\/www.omrserrature.it\/fr\/produit\/serrure-ovale-avec-came-a-tenon\/"]}]},{"@type":"ImageObject","inLanguage":"fr-FR","@id":"https:\/\/www.omrserrature.it\/fr\/produit\/serrure-ovale-avec-came-a-tenon\/#primaryimage","url":"https:\/\/www.omrserrature.it\/wp-content\/uploads\/2017\/10\/serratura-ovale-comandino.jpg","contentUrl":"https:\/\/www.omrserrature.it\/wp-content\/uploads\/2017\/10\/serratura-ovale-comandino.jpg","width":336,"height":398,"caption":"Serrure ovale avec contr\u00f4le de la goupille et de la boucle - m\u00e9tal moul\u00e9 sous pression"},{"@type":"BreadcrumbList","@id":"https:\/\/www.omrserrature.it\/fr\/produit\/serrure-ovale-avec-came-a-tenon\/#breadcrumb","itemListElement":[{"@type":"ListItem","position":1,"name":"Home","item":"https:\/\/www.omrserrature.it\/fr\/omr-serrures-et-systemes-de-verrouillage\/"},{"@type":"ListItem","position":2,"name":"Catalogue","item":"https:\/\/www.omrserrature.it\/catalogue\/?lang=fr"},{"@type":"ListItem","position":3,"name":"Produits","item":"https:\/\/www.omrserrature.it\/fr\/catalogue\/produits\/"},{"@type":"ListItem","position":4,"name":"Serrures","item":"https:\/\/www.omrserrature.it\/fr\/catalogue\/produits\/serrures\/"},{"@type":"ListItem","position":5,"name":"Serrure \u00e0 goupille","item":"https:\/\/www.omrserrature.it\/fr\/catalogue\/produits\/serrures\/serrure-a-goupille\/"},{"@type":"ListItem","position":6,"name":"Serrure ovale avec came \u00e0 tenon"}]},{"@type":"WebSite","@id":"https:\/\/www.omrserrature.it\/fr\/#website","url":"https:\/\/www.omrserrature.it\/fr\/","name":"OMR Serrature | Produzione sistemi di chiusura","description":"Produzione serrature di sicurezza e sistemi di chiusura","publisher":{"@id":"https:\/\/www.omrserrature.it\/fr\/#organization"},"potentialAction":[{"@type":"SearchAction","target":{"@type":"EntryPoint","urlTemplate":"https:\/\/www.omrserrature.it\/fr\/?s={search_term_string}"},"query-input":{"@type":"PropertyValueSpecification","valueRequired":true,"valueName":"search_term_string"}}],"inLanguage":"fr-FR"},{"@type":"Organization","@id":"https:\/\/www.omrserrature.it\/fr\/#organization","name":"OMR Serrature | Produzione sistemi di chiusura","url":"https:\/\/www.omrserrature.it\/fr\/","logo":{"@type":"ImageObject","inLanguage":"fr-FR","@id":"https:\/\/www.omrserrature.it\/fr\/#\/schema\/logo\/image\/","url":"https:\/\/www.omrserrature.it\/wp-content\/uploads\/2017\/09\/favicon-omr-114.png","contentUrl":"https:\/\/www.omrserrature.it\/wp-content\/uploads\/2017\/09\/favicon-omr-114.png","width":114,"height":114,"caption":"OMR Serrature | Produzione sistemi di chiusura"},"image":{"@id":"https:\/\/www.omrserrature.it\/fr\/#\/schema\/logo\/image\/"},"sameAs":["https:\/\/www.facebook.com\/OMRserrature","https:\/\/www.linkedin.com\/company\/omrserrature\/","https:\/\/www.youtube.com\/channel\/UCxmA85z2R0EpG_6IRokiAkg"]}]}},"_links":{"self":[{"href":"https:\/\/www.omrserrature.it\/fr\/wp-json\/wp\/v2\/product\/242595","targetHints":{"allow":["GET"]}}],"collection":[{"href":"https:\/\/www.omrserrature.it\/fr\/wp-json\/wp\/v2\/product"}],"about":[{"href":"https:\/\/www.omrserrature.it\/fr\/wp-json\/wp\/v2\/types\/product"}],"replies":[{"embeddable":true,"href":"https:\/\/www.omrserrature.it\/fr\/wp-json\/wp\/v2\/comments?post=242595"}],"wp:featuredmedia":[{"embeddable":true,"href":"https:\/\/www.omrserrature.it\/fr\/wp-json\/wp\/v2\/media\/3324"}],"wp:attachment":[{"href":"https:\/\/www.omrserrature.it\/fr\/wp-json\/wp\/v2\/media?parent=242595"}],"wp:term":[{"taxonomy":"product_brand","embeddable":true,"href":"https:\/\/www.omrserrature.it\/fr\/wp-json\/wp\/v2\/product_brand?post=242595"},{"taxonomy":"product_cat","embeddable":true,"href":"https:\/\/www.omrserrature.it\/fr\/wp-json\/wp\/v2\/product_cat?post=242595"},{"taxonomy":"product_tag","embeddable":true,"href":"https:\/\/www.omrserrature.it\/fr\/wp-json\/wp\/v2\/product_tag?post=242595"}],"curies":[{"name":"wp","href":"https:\/\/api.w.org\/{rel}","templated":true}]}}