{"id":242567,"date":"2017-10-12T14:45:24","date_gmt":"2012-10-17T12:45:00","guid":{"rendered":"https:\/\/www.staging6.omrserrature.it\/prodotto\/serrure-pour-commode-de-bureau-ovale-avec-rallonge\/"},"modified":"2026-04-08T12:47:16","modified_gmt":"2026-04-08T10:47:16","slug":"serrure-pour-commode-de-bureau-ovale-avec-rallonge","status":"publish","type":"product","link":"https:\/\/www.omrserrature.it\/fr\/produit\/serrure-pour-commode-de-bureau-ovale-avec-rallonge\/","title":{"rendered":"Serrure pour commode de bureau &#8211; ovale avec rallonge"},"content":{"rendered":"<p>La <strong>serrure pour tiroirs<\/strong> en m\u00e9tal et en bois, de forme ovale, est g\u00e9n\u00e9ralement install\u00e9e en position centrale. Elle se compose d&rsquo;une bague en technopolym\u00e8re noir dans laquelle se d\u00e9place un rotor en alliage d&rsquo;aluminium muni d&rsquo;une serrure. Dans cette version,<strong> la serrure est \u00e9quip\u00e9e d&rsquo;une tringle m\u00e9tallique qui permet d&rsquo;allonger la longueur de la goupille<\/strong>, au bout de laquelle on trouve un came \u00e0 tenon pour <strong>g\u00e9rer le m\u00e9canisme de fermeture au fond du bloc-tiroirs<\/strong>. La technologie \u00e0 lamelles offre une s\u00e9curit\u00e9 ad\u00e9quate pour le type d&rsquo;application et peut \u00eatre \u00e9quip\u00e9e d&rsquo;un syst\u00e8me de cl\u00e9 passe-partout (MK). La serrure pour armoires \u00e0 tiroirs avec extension m\u00e9tallique est \u00e9quip\u00e9e d&rsquo;<strong>une fermeture rapide<\/strong> pour une installation simple et imm\u00e9diate.    <\/p>\n<p><strong>Remarque<\/strong>: pr\u00e9cisez la longueur de la tringle <span style=\"text-decoration: underline;\">dans les commentaires de la commande. <\/span><\/p>\n","protected":false},"excerpt":{"rendered":"<p><strong>La serrure pour les blocs-tiroirs<\/strong> en m\u00e9tal et en bois de <strong>forme ovale<\/strong> est g\u00e9n\u00e9ralement install\u00e9e en position centrale. Dans cette version, la serrure est \u00e9quip\u00e9e d&rsquo;<strong>une tringle m\u00e9tallique qui permet d&rsquo;allonger la longueur de la goupille<\/strong>, au bout de laquelle se trouve un petit came<strong> \u00e0 tenon pour actionner le m\u00e9canisme de fermeture au fond du bloc-tiroirs<\/strong>. <\/p>\n","protected":false},"featured_media":3306,"comment_status":"open","ping_status":"closed","template":"","meta":{"_acf_changed":false,"_et_pb_use_builder":"off","_et_pb_old_content":"Mise \u00e0 jour de la description de la serrure\n\n","_et_gb_content_width":""},"product_brand":[],"product_cat":[3750,3757,3755,3643,3658,3650,3727,3708,3690],"product_tag":[],"class_list":{"0":"post-242567","1":"product","2":"type-product","3":"status-publish","4":"has-post-thumbnail","6":"product_cat-banque-et-poste","7":"product_cat-bureaux","8":"product_cat-hopitaux-et-soins-de-sante","9":"product_cat-serrure-a-goupille","10":"product_cat-serrures-a-passe-partout","11":"product_cat-serrures-avec-barillet-interchangeable","12":"product_cat-serrures-pour-classeurs","13":"product_cat-serrures-pour-tiroirs-industriels","14":"product_cat-serrures-professionnelles-pour-meubles","16":"first","17":"instock","18":"shipping-taxable","19":"product-type-simple"},"acf":{"pdf1":"https:\/\/www.omrserrature.it\/wp-content\/uploads\/2017\/10\/Scheda_163405.pdf"},"yoast_head":"<!-- This site is optimized with the Yoast SEO plugin v27.2 - https:\/\/yoast.com\/product\/yoast-seo-wordpress\/ -->\n<title>Serrure pour commode de bureau - ovale avec rallonge - OMR Serrature<\/title>\n<meta name=\"robots\" content=\"index, follow, max-snippet:-1, max-image-preview:large, max-video-preview:-1\" \/>\n<link rel=\"canonical\" href=\"https:\/\/www.omrserrature.it\/fr\/produit\/serrure-pour-commode-de-bureau-ovale-avec-rallonge\/\" \/>\n<meta property=\"og:locale\" content=\"fr_FR\" \/>\n<meta property=\"og:type\" content=\"article\" \/>\n<meta property=\"og:title\" content=\"Serrure pour commode de bureau - ovale avec rallonge - OMR Serrature\" \/>\n<meta property=\"og:description\" content=\"La serrure pour les blocs-tiroirs en m\u00e9tal et en bois de forme ovale est g\u00e9n\u00e9ralement install\u00e9e en position centrale. Dans cette version, la serrure est \u00e9quip\u00e9e d&#039;une tringle m\u00e9tallique qui permet d&#039;allonger la longueur de la goupille, au bout de laquelle se trouve un petit came \u00e0 tenon pour actionner le m\u00e9canisme de fermeture au fond du bloc-tiroirs.\" \/>\n<meta property=\"og:url\" content=\"https:\/\/www.omrserrature.it\/fr\/produit\/serrure-pour-commode-de-bureau-ovale-avec-rallonge\/\" \/>\n<meta property=\"og:site_name\" content=\"OMR Serrature | Produzione sistemi di chiusura\" \/>\n<meta property=\"article:publisher\" content=\"https:\/\/www.facebook.com\/OMRserrature\" \/>\n<meta property=\"article:modified_time\" content=\"2026-04-08T10:47:16+00:00\" \/>\n<meta property=\"og:image\" content=\"https:\/\/www.omrserrature.it\/wp-content\/uploads\/2017\/10\/serratura-ovale-asta.jpg\" \/>\n\t<meta property=\"og:image:width\" content=\"796\" \/>\n\t<meta property=\"og:image:height\" content=\"563\" \/>\n\t<meta property=\"og:image:type\" content=\"image\/jpeg\" \/>\n<meta name=\"twitter:card\" content=\"summary_large_image\" \/>\n<meta name=\"twitter:label1\" content=\"Dur\u00e9e de lecture estim\u00e9e\" \/>\n\t<meta name=\"twitter:data1\" content=\"1 minute\" \/>\n<script type=\"application\/ld+json\" class=\"yoast-schema-graph\">{\"@context\":\"https:\/\/schema.org\",\"@graph\":[{\"@type\":\"WebPage\",\"@id\":\"https:\/\/www.omrserrature.it\/fr\/produit\/serrure-pour-commode-de-bureau-ovale-avec-rallonge\/\",\"url\":\"https:\/\/www.omrserrature.it\/fr\/produit\/serrure-pour-commode-de-bureau-ovale-avec-rallonge\/\",\"name\":\"Serrure pour commode de bureau - ovale avec rallonge - OMR Serrature\",\"isPartOf\":{\"@id\":\"https:\/\/www.omrserrature.it\/fr\/#website\"},\"primaryImageOfPage\":{\"@id\":\"https:\/\/www.omrserrature.it\/fr\/produit\/serrure-pour-commode-de-bureau-ovale-avec-rallonge\/#primaryimage\"},\"image\":{\"@id\":\"https:\/\/www.omrserrature.it\/fr\/produit\/serrure-pour-commode-de-bureau-ovale-avec-rallonge\/#primaryimage\"},\"thumbnailUrl\":\"https:\/\/www.omrserrature.it\/wp-content\/uploads\/2017\/10\/serratura-ovale-asta.jpg\",\"datePublished\":\"2012-10-17T12:45:00+00:00\",\"dateModified\":\"2026-04-08T10:47:16+00:00\",\"breadcrumb\":{\"@id\":\"https:\/\/www.omrserrature.it\/fr\/produit\/serrure-pour-commode-de-bureau-ovale-avec-rallonge\/#breadcrumb\"},\"inLanguage\":\"fr-FR\",\"potentialAction\":[{\"@type\":\"ReadAction\",\"target\":[\"https:\/\/www.omrserrature.it\/fr\/produit\/serrure-pour-commode-de-bureau-ovale-avec-rallonge\/\"]}]},{\"@type\":\"ImageObject\",\"inLanguage\":\"fr-FR\",\"@id\":\"https:\/\/www.omrserrature.it\/fr\/produit\/serrure-pour-commode-de-bureau-ovale-avec-rallonge\/#primaryimage\",\"url\":\"https:\/\/www.omrserrature.it\/wp-content\/uploads\/2017\/10\/serratura-ovale-asta.jpg\",\"contentUrl\":\"https:\/\/www.omrserrature.it\/wp-content\/uploads\/2017\/10\/serratura-ovale-asta.jpg\",\"width\":796,\"height\":563,\"caption\":\"Serrure ovale avec tringle - Lamelles, ressort \u00e0 pression\"},{\"@type\":\"BreadcrumbList\",\"@id\":\"https:\/\/www.omrserrature.it\/fr\/produit\/serrure-pour-commode-de-bureau-ovale-avec-rallonge\/#breadcrumb\",\"itemListElement\":[{\"@type\":\"ListItem\",\"position\":1,\"name\":\"Home\",\"item\":\"https:\/\/www.omrserrature.it\/fr\/omr-serrures-et-systemes-de-verrouillage\/\"},{\"@type\":\"ListItem\",\"position\":2,\"name\":\"Catalogue\",\"item\":\"https:\/\/www.omrserrature.it\/catalogue\/?lang=fr\"},{\"@type\":\"ListItem\",\"position\":3,\"name\":\"Produits\",\"item\":\"https:\/\/www.omrserrature.it\/fr\/catalogue\/produits\/\"},{\"@type\":\"ListItem\",\"position\":4,\"name\":\"Serrures\",\"item\":\"https:\/\/www.omrserrature.it\/fr\/catalogue\/produits\/serrures\/\"},{\"@type\":\"ListItem\",\"position\":5,\"name\":\"Serrure \u00e0 goupille\",\"item\":\"https:\/\/www.omrserrature.it\/fr\/catalogue\/produits\/serrures\/serrure-a-goupille\/\"},{\"@type\":\"ListItem\",\"position\":6,\"name\":\"Serrure pour commode de bureau &#8211; ovale avec rallonge\"}]},{\"@type\":\"WebSite\",\"@id\":\"https:\/\/www.omrserrature.it\/fr\/#website\",\"url\":\"https:\/\/www.omrserrature.it\/fr\/\",\"name\":\"OMR Serrature | Produzione sistemi di chiusura\",\"description\":\"Produzione serrature di sicurezza e sistemi di chiusura\",\"publisher\":{\"@id\":\"https:\/\/www.omrserrature.it\/fr\/#organization\"},\"potentialAction\":[{\"@type\":\"SearchAction\",\"target\":{\"@type\":\"EntryPoint\",\"urlTemplate\":\"https:\/\/www.omrserrature.it\/fr\/?s={search_term_string}\"},\"query-input\":{\"@type\":\"PropertyValueSpecification\",\"valueRequired\":true,\"valueName\":\"search_term_string\"}}],\"inLanguage\":\"fr-FR\"},{\"@type\":\"Organization\",\"@id\":\"https:\/\/www.omrserrature.it\/fr\/#organization\",\"name\":\"OMR Serrature | Produzione sistemi di chiusura\",\"url\":\"https:\/\/www.omrserrature.it\/fr\/\",\"logo\":{\"@type\":\"ImageObject\",\"inLanguage\":\"fr-FR\",\"@id\":\"https:\/\/www.omrserrature.it\/fr\/#\/schema\/logo\/image\/\",\"url\":\"https:\/\/www.omrserrature.it\/wp-content\/uploads\/2017\/09\/favicon-omr-114.png\",\"contentUrl\":\"https:\/\/www.omrserrature.it\/wp-content\/uploads\/2017\/09\/favicon-omr-114.png\",\"width\":114,\"height\":114,\"caption\":\"OMR Serrature | Produzione sistemi di chiusura\"},\"image\":{\"@id\":\"https:\/\/www.omrserrature.it\/fr\/#\/schema\/logo\/image\/\"},\"sameAs\":[\"https:\/\/www.facebook.com\/OMRserrature\",\"https:\/\/www.linkedin.com\/company\/omrserrature\/\",\"https:\/\/www.youtube.com\/channel\/UCxmA85z2R0EpG_6IRokiAkg\"]}]}<\/script>\n<!-- \/ Yoast SEO plugin. -->","yoast_head_json":{"title":"Serrure pour commode de bureau - ovale avec rallonge - OMR Serrature","robots":{"index":"index","follow":"follow","max-snippet":"max-snippet:-1","max-image-preview":"max-image-preview:large","max-video-preview":"max-video-preview:-1"},"canonical":"https:\/\/www.omrserrature.it\/fr\/produit\/serrure-pour-commode-de-bureau-ovale-avec-rallonge\/","og_locale":"fr_FR","og_type":"article","og_title":"Serrure pour commode de bureau - ovale avec rallonge - OMR Serrature","og_description":"La serrure pour les blocs-tiroirs en m\u00e9tal et en bois de forme ovale est g\u00e9n\u00e9ralement install\u00e9e en position centrale. Dans cette version, la serrure est \u00e9quip\u00e9e d'une tringle m\u00e9tallique qui permet d'allonger la longueur de la goupille, au bout de laquelle se trouve un petit came \u00e0 tenon pour actionner le m\u00e9canisme de fermeture au fond du bloc-tiroirs.","og_url":"https:\/\/www.omrserrature.it\/fr\/produit\/serrure-pour-commode-de-bureau-ovale-avec-rallonge\/","og_site_name":"OMR Serrature | Produzione sistemi di chiusura","article_publisher":"https:\/\/www.facebook.com\/OMRserrature","article_modified_time":"2026-04-08T10:47:16+00:00","og_image":[{"width":796,"height":563,"url":"https:\/\/www.omrserrature.it\/wp-content\/uploads\/2017\/10\/serratura-ovale-asta.jpg","type":"image\/jpeg"}],"twitter_card":"summary_large_image","twitter_misc":{"Dur\u00e9e de lecture estim\u00e9e":"1 minute"},"schema":{"@context":"https:\/\/schema.org","@graph":[{"@type":"WebPage","@id":"https:\/\/www.omrserrature.it\/fr\/produit\/serrure-pour-commode-de-bureau-ovale-avec-rallonge\/","url":"https:\/\/www.omrserrature.it\/fr\/produit\/serrure-pour-commode-de-bureau-ovale-avec-rallonge\/","name":"Serrure pour commode de bureau - ovale avec rallonge - OMR Serrature","isPartOf":{"@id":"https:\/\/www.omrserrature.it\/fr\/#website"},"primaryImageOfPage":{"@id":"https:\/\/www.omrserrature.it\/fr\/produit\/serrure-pour-commode-de-bureau-ovale-avec-rallonge\/#primaryimage"},"image":{"@id":"https:\/\/www.omrserrature.it\/fr\/produit\/serrure-pour-commode-de-bureau-ovale-avec-rallonge\/#primaryimage"},"thumbnailUrl":"https:\/\/www.omrserrature.it\/wp-content\/uploads\/2017\/10\/serratura-ovale-asta.jpg","datePublished":"2012-10-17T12:45:00+00:00","dateModified":"2026-04-08T10:47:16+00:00","breadcrumb":{"@id":"https:\/\/www.omrserrature.it\/fr\/produit\/serrure-pour-commode-de-bureau-ovale-avec-rallonge\/#breadcrumb"},"inLanguage":"fr-FR","potentialAction":[{"@type":"ReadAction","target":["https:\/\/www.omrserrature.it\/fr\/produit\/serrure-pour-commode-de-bureau-ovale-avec-rallonge\/"]}]},{"@type":"ImageObject","inLanguage":"fr-FR","@id":"https:\/\/www.omrserrature.it\/fr\/produit\/serrure-pour-commode-de-bureau-ovale-avec-rallonge\/#primaryimage","url":"https:\/\/www.omrserrature.it\/wp-content\/uploads\/2017\/10\/serratura-ovale-asta.jpg","contentUrl":"https:\/\/www.omrserrature.it\/wp-content\/uploads\/2017\/10\/serratura-ovale-asta.jpg","width":796,"height":563,"caption":"Serrure ovale avec tringle - Lamelles, ressort \u00e0 pression"},{"@type":"BreadcrumbList","@id":"https:\/\/www.omrserrature.it\/fr\/produit\/serrure-pour-commode-de-bureau-ovale-avec-rallonge\/#breadcrumb","itemListElement":[{"@type":"ListItem","position":1,"name":"Home","item":"https:\/\/www.omrserrature.it\/fr\/omr-serrures-et-systemes-de-verrouillage\/"},{"@type":"ListItem","position":2,"name":"Catalogue","item":"https:\/\/www.omrserrature.it\/catalogue\/?lang=fr"},{"@type":"ListItem","position":3,"name":"Produits","item":"https:\/\/www.omrserrature.it\/fr\/catalogue\/produits\/"},{"@type":"ListItem","position":4,"name":"Serrures","item":"https:\/\/www.omrserrature.it\/fr\/catalogue\/produits\/serrures\/"},{"@type":"ListItem","position":5,"name":"Serrure \u00e0 goupille","item":"https:\/\/www.omrserrature.it\/fr\/catalogue\/produits\/serrures\/serrure-a-goupille\/"},{"@type":"ListItem","position":6,"name":"Serrure pour commode de bureau &#8211; ovale avec rallonge"}]},{"@type":"WebSite","@id":"https:\/\/www.omrserrature.it\/fr\/#website","url":"https:\/\/www.omrserrature.it\/fr\/","name":"OMR Serrature | Produzione sistemi di chiusura","description":"Produzione serrature di sicurezza e sistemi di chiusura","publisher":{"@id":"https:\/\/www.omrserrature.it\/fr\/#organization"},"potentialAction":[{"@type":"SearchAction","target":{"@type":"EntryPoint","urlTemplate":"https:\/\/www.omrserrature.it\/fr\/?s={search_term_string}"},"query-input":{"@type":"PropertyValueSpecification","valueRequired":true,"valueName":"search_term_string"}}],"inLanguage":"fr-FR"},{"@type":"Organization","@id":"https:\/\/www.omrserrature.it\/fr\/#organization","name":"OMR Serrature | Produzione sistemi di chiusura","url":"https:\/\/www.omrserrature.it\/fr\/","logo":{"@type":"ImageObject","inLanguage":"fr-FR","@id":"https:\/\/www.omrserrature.it\/fr\/#\/schema\/logo\/image\/","url":"https:\/\/www.omrserrature.it\/wp-content\/uploads\/2017\/09\/favicon-omr-114.png","contentUrl":"https:\/\/www.omrserrature.it\/wp-content\/uploads\/2017\/09\/favicon-omr-114.png","width":114,"height":114,"caption":"OMR Serrature | Produzione sistemi di chiusura"},"image":{"@id":"https:\/\/www.omrserrature.it\/fr\/#\/schema\/logo\/image\/"},"sameAs":["https:\/\/www.facebook.com\/OMRserrature","https:\/\/www.linkedin.com\/company\/omrserrature\/","https:\/\/www.youtube.com\/channel\/UCxmA85z2R0EpG_6IRokiAkg"]}]}},"_links":{"self":[{"href":"https:\/\/www.omrserrature.it\/fr\/wp-json\/wp\/v2\/product\/242567","targetHints":{"allow":["GET"]}}],"collection":[{"href":"https:\/\/www.omrserrature.it\/fr\/wp-json\/wp\/v2\/product"}],"about":[{"href":"https:\/\/www.omrserrature.it\/fr\/wp-json\/wp\/v2\/types\/product"}],"replies":[{"embeddable":true,"href":"https:\/\/www.omrserrature.it\/fr\/wp-json\/wp\/v2\/comments?post=242567"}],"wp:featuredmedia":[{"embeddable":true,"href":"https:\/\/www.omrserrature.it\/fr\/wp-json\/wp\/v2\/media\/3306"}],"wp:attachment":[{"href":"https:\/\/www.omrserrature.it\/fr\/wp-json\/wp\/v2\/media?parent=242567"}],"wp:term":[{"taxonomy":"product_brand","embeddable":true,"href":"https:\/\/www.omrserrature.it\/fr\/wp-json\/wp\/v2\/product_brand?post=242567"},{"taxonomy":"product_cat","embeddable":true,"href":"https:\/\/www.omrserrature.it\/fr\/wp-json\/wp\/v2\/product_cat?post=242567"},{"taxonomy":"product_tag","embeddable":true,"href":"https:\/\/www.omrserrature.it\/fr\/wp-json\/wp\/v2\/product_tag?post=242567"}],"curies":[{"name":"wp","href":"https:\/\/api.w.org\/{rel}","templated":true}]}}