{"id":242561,"date":"2017-10-16T10:18:37","date_gmt":"2016-10-17T08:18:00","guid":{"rendered":"https:\/\/www.staging6.omrserrature.it\/prodotto\/serrure-a-bouton-poussoir-ovale-pour-portes-coulissantes\/"},"modified":"2026-04-08T12:24:49","modified_gmt":"2026-04-08T10:24:49","slug":"serrure-a-bouton-poussoir-ovale-pour-portes-coulissantes","status":"publish","type":"product","link":"https:\/\/www.omrserrature.it\/fr\/produit\/serrure-a-bouton-poussoir-ovale-pour-portes-coulissantes\/","title":{"rendered":"Serrure \u00e0 bouton-poussoir ovale pour portes coulissantes"},"content":{"rendered":"<p>La <strong>serrure \u00e0 bouton-poussoir pour portes coulissantes en m\u00e9tal et en bois<\/strong>, de forme ovale, est constitu\u00e9e d&rsquo;une <strong>bague en technopolym\u00e8re noir<\/strong> dans laquelle se d\u00e9place un bouton en alliage d&rsquo;aluminium muni d&rsquo;une serrure. La technologie des plaques ou des lamelles offre une s\u00e9curit\u00e9 ad\u00e9quate pour le type d&rsquo;application et peut \u00eatre \u00e9quip\u00e9e d&rsquo;un syst\u00e8me de cl\u00e9 principale (MK). Une fois la cl\u00e9 ins\u00e9r\u00e9e, il faut la <strong>pousser avant de pouvoir la tourner<\/strong> et la fermer. Pour l&rsquo;ouvrir, il suffit de tourner la cl\u00e9 pour que le ressort pousse le bouton en position d&rsquo;ouverture.<\/p>\n<p>Le levier arri\u00e8re n&rsquo;a qu&rsquo;une seule taille, car il doit pouvoir passer et se d\u00e9placer correctement \u00e0 l&rsquo;int\u00e9rieur du gabarit de per\u00e7age des portes coulissantes.<\/p>\n<p>La serrure \u00e0 bouton poussoir est couramment utilis\u00e9e sur les <strong>meubles en t\u00f4le<\/strong>, aussi bien dans les bureaux que dans les ateliers, les laboratoires, les collectivit\u00e9s, les lieux d&rsquo;h\u00e9bergement, les universit\u00e9s, les h\u00f4pitaux et plus g\u00e9n\u00e9ralement <strong>dans le mobilier sanitaire et industriel<\/strong>.<\/p>\n","protected":false},"excerpt":{"rendered":"<p>La <strong>serrure \u00e0 bouton-poussoir pour portes coulissantes en m\u00e9tal et en bois<\/strong>, de forme ovale, est constitu\u00e9e d&rsquo;une <strong>bague en technopolym\u00e8re noir<\/strong> dans laquelle se d\u00e9place un bouton en alliage d&rsquo;aluminium muni d&rsquo;une serrure. La serrure \u00e0 bouton poussoir est couramment utilis\u00e9e sur les <strong>meubles<\/strong> <strong>en<\/strong> t\u00f4le, aussi bien dans les bureaux que dans les ateliers, les laboratoires, les collectivit\u00e9s, les lieux d&rsquo;h\u00e9bergement, les universit\u00e9s, les h\u00f4pitaux et plus g\u00e9n\u00e9ralement <strong>dans le mobilier sanitaire et industriel<\/strong>.<\/p>\n","protected":false},"featured_media":18513,"comment_status":"open","ping_status":"closed","template":"","meta":{"_acf_changed":false,"_et_pb_use_builder":"off","_et_pb_old_content":"La <strong>serrure \u00e0 bouton-poussoir<\/strong>, de forme ovale, comporte une bague en technopolym\u00e8re noir dans laquelle se d\u00e9place un bouton en alliage d'aluminium muni d'une serrure. La technologie des plaques offre une s\u00e9curit\u00e9 ad\u00e9quate pour le type d'application et peut \u00eatre \u00e9quip\u00e9e d'un syst\u00e8me de cl\u00e9 ma\u00eetresse (MK). Une fois la cl\u00e9 ins\u00e9r\u00e9e, il faut la pousser avant de pouvoir la tourner et la verrouiller. Lors de l'ouverture, il suffit de tourner la cl\u00e9 pour que le ressort ram\u00e8ne le bouton en position ouverte.\n\nLe levier arri\u00e8re n'a qu'une seule taille car il doit pouvoir passer et se d\u00e9placer correctement \u00e0 l'int\u00e9rieur du gabarit de per\u00e7age des tringles.\n\nLa serrure \u00e0 bouton poussoir est couramment utilis\u00e9e sur les meubles <strong>en t\u00f4le<\/strong>, aussi bien dans les bureaux que dans les ateliers, les laboratoires, les collectivit\u00e9s, les lieux d'h\u00e9bergement, les universit\u00e9s, les h\u00f4pitaux et plus g\u00e9n\u00e9ralement dans le mobilier sanitaire et industriel.\n\n","_et_gb_content_width":""},"product_brand":[],"product_cat":[3757,3740,3755,3643,3699,3646,3658,3691,3723,3711,3714,3713,3712,3697,3690],"product_tag":[],"class_list":{"0":"post-242561","1":"product","2":"type-product","3":"status-publish","4":"has-post-thumbnail","6":"product_cat-bureaux","7":"product_cat-glissant","8":"product_cat-hopitaux-et-soins-de-sante","9":"product_cat-serrure-a-goupille","10":"product_cat-serrure-darmoire-conforme-au-reglement-gdpr","11":"product_cat-serrures-a-bouton-poussoir","12":"product_cat-serrures-a-passe-partout","13":"product_cat-serrures-darmoires","14":"product_cat-serrures-de-panneaux","15":"product_cat-serrures-pour-armoires-de-balcon","16":"product_cat-serrures-pour-armoires-industrielles","17":"product_cat-serrures-pour-armoires-phytosanitaires","18":"product_cat-serrures-pour-casiers-a-skis","19":"product_cat-serrures-pour-meubles","20":"product_cat-serrures-professionnelles-pour-meubles","22":"first","23":"instock","24":"shipping-taxable","25":"purchasable","26":"product-type-variable","27":"has-default-attributes"},"acf":{"pdf1":"https:\/\/www.omrserrature.it\/wp-content\/uploads\/schede\/Scheda_220315.pdf"},"yoast_head":"<!-- This site is optimized with the Yoast SEO plugin v27.2 - https:\/\/yoast.com\/product\/yoast-seo-wordpress\/ -->\n<title>Serrure \u00e0 bouton-poussoir ovale pour portes coulissantes - OMR Serrature<\/title>\n<meta name=\"robots\" content=\"index, follow, max-snippet:-1, max-image-preview:large, max-video-preview:-1\" \/>\n<link rel=\"canonical\" href=\"https:\/\/www.omrserrature.it\/fr\/produit\/serrure-a-bouton-poussoir-ovale-pour-portes-coulissantes\/\" \/>\n<meta property=\"og:locale\" content=\"fr_FR\" \/>\n<meta property=\"og:type\" content=\"article\" \/>\n<meta property=\"og:title\" content=\"Serrure \u00e0 bouton-poussoir ovale pour portes coulissantes - OMR Serrature\" \/>\n<meta property=\"og:description\" content=\"La serrure \u00e0 bouton-poussoir pour portes coulissantes en m\u00e9tal et en bois, de forme ovale, est constitu\u00e9e d&#039;une bague en technopolym\u00e8re noir dans laquelle se d\u00e9place un bouton en alliage d&#039;aluminium muni d&#039;une serrure. La serrure \u00e0 bouton poussoir est couramment utilis\u00e9e sur les meubles en t\u00f4le, aussi bien dans les bureaux que dans les ateliers, les laboratoires, les collectivit\u00e9s, les lieux d&#039;h\u00e9bergement, les universit\u00e9s, les h\u00f4pitaux et plus g\u00e9n\u00e9ralement dans le mobilier sanitaire et industriel.\" \/>\n<meta property=\"og:url\" content=\"https:\/\/www.omrserrature.it\/fr\/produit\/serrure-a-bouton-poussoir-ovale-pour-portes-coulissantes\/\" \/>\n<meta property=\"og:site_name\" content=\"OMR Serrature | Produzione sistemi di chiusura\" \/>\n<meta property=\"article:publisher\" content=\"https:\/\/www.facebook.com\/OMRserrature\" \/>\n<meta property=\"article:modified_time\" content=\"2026-04-08T10:24:49+00:00\" \/>\n<meta property=\"og:image\" content=\"https:\/\/www.omrserrature.it\/wp-content\/uploads\/2017\/10\/Serratura-ovale-a-pulsante-per-porte-scorrevoli.jpg\" \/>\n\t<meta property=\"og:image:width\" content=\"600\" \/>\n\t<meta property=\"og:image:height\" content=\"600\" \/>\n\t<meta property=\"og:image:type\" content=\"image\/jpeg\" \/>\n<meta name=\"twitter:card\" content=\"summary_large_image\" \/>\n<meta name=\"twitter:label1\" content=\"Dur\u00e9e de lecture estim\u00e9e\" \/>\n\t<meta name=\"twitter:data1\" content=\"1 minute\" \/>\n<script type=\"application\/ld+json\" class=\"yoast-schema-graph\">{\"@context\":\"https:\/\/schema.org\",\"@graph\":[{\"@type\":\"WebPage\",\"@id\":\"https:\/\/www.omrserrature.it\/fr\/produit\/serrure-a-bouton-poussoir-ovale-pour-portes-coulissantes\/\",\"url\":\"https:\/\/www.omrserrature.it\/fr\/produit\/serrure-a-bouton-poussoir-ovale-pour-portes-coulissantes\/\",\"name\":\"Serrure \u00e0 bouton-poussoir ovale pour portes coulissantes - OMR Serrature\",\"isPartOf\":{\"@id\":\"https:\/\/www.omrserrature.it\/fr\/#website\"},\"primaryImageOfPage\":{\"@id\":\"https:\/\/www.omrserrature.it\/fr\/produit\/serrure-a-bouton-poussoir-ovale-pour-portes-coulissantes\/#primaryimage\"},\"image\":{\"@id\":\"https:\/\/www.omrserrature.it\/fr\/produit\/serrure-a-bouton-poussoir-ovale-pour-portes-coulissantes\/#primaryimage\"},\"thumbnailUrl\":\"https:\/\/www.omrserrature.it\/wp-content\/uploads\/2017\/10\/Serratura-ovale-a-pulsante-per-porte-scorrevoli.jpg\",\"datePublished\":\"2016-10-17T08:18:00+00:00\",\"dateModified\":\"2026-04-08T10:24:49+00:00\",\"breadcrumb\":{\"@id\":\"https:\/\/www.omrserrature.it\/fr\/produit\/serrure-a-bouton-poussoir-ovale-pour-portes-coulissantes\/#breadcrumb\"},\"inLanguage\":\"fr-FR\",\"potentialAction\":[{\"@type\":\"ReadAction\",\"target\":[\"https:\/\/www.omrserrature.it\/fr\/produit\/serrure-a-bouton-poussoir-ovale-pour-portes-coulissantes\/\"]}]},{\"@type\":\"ImageObject\",\"inLanguage\":\"fr-FR\",\"@id\":\"https:\/\/www.omrserrature.it\/fr\/produit\/serrure-a-bouton-poussoir-ovale-pour-portes-coulissantes\/#primaryimage\",\"url\":\"https:\/\/www.omrserrature.it\/wp-content\/uploads\/2017\/10\/Serratura-ovale-a-pulsante-per-porte-scorrevoli.jpg\",\"contentUrl\":\"https:\/\/www.omrserrature.it\/wp-content\/uploads\/2017\/10\/Serratura-ovale-a-pulsante-per-porte-scorrevoli.jpg\",\"width\":600,\"height\":600,\"caption\":\"Serrure \u00e0 bouton-poussoir ovale pour portes coulissantes\"},{\"@type\":\"BreadcrumbList\",\"@id\":\"https:\/\/www.omrserrature.it\/fr\/produit\/serrure-a-bouton-poussoir-ovale-pour-portes-coulissantes\/#breadcrumb\",\"itemListElement\":[{\"@type\":\"ListItem\",\"position\":1,\"name\":\"Home\",\"item\":\"https:\/\/www.omrserrature.it\/fr\/omr-serrures-et-systemes-de-verrouillage\/\"},{\"@type\":\"ListItem\",\"position\":2,\"name\":\"Catalogue\",\"item\":\"https:\/\/www.omrserrature.it\/catalogue\/?lang=fr\"},{\"@type\":\"ListItem\",\"position\":3,\"name\":\"Applications\",\"item\":\"https:\/\/www.omrserrature.it\/fr\/catalogue\/applications\/\"},{\"@type\":\"ListItem\",\"position\":4,\"name\":\"Serrures pour meubles\",\"item\":\"https:\/\/www.omrserrature.it\/fr\/catalogue\/applications\/serrures-pour-meubles\/\"},{\"@type\":\"ListItem\",\"position\":5,\"name\":\"Serrures de panneaux\",\"item\":\"https:\/\/www.omrserrature.it\/fr\/catalogue\/applications\/serrures-pour-meubles\/serrures-de-panneaux\/\"},{\"@type\":\"ListItem\",\"position\":6,\"name\":\"Glissant\",\"item\":\"https:\/\/www.omrserrature.it\/fr\/catalogue\/applications\/serrures-pour-meubles\/serrures-de-panneaux\/glissant\/\"},{\"@type\":\"ListItem\",\"position\":7,\"name\":\"Serrure \u00e0 bouton-poussoir ovale pour portes coulissantes\"}]},{\"@type\":\"WebSite\",\"@id\":\"https:\/\/www.omrserrature.it\/fr\/#website\",\"url\":\"https:\/\/www.omrserrature.it\/fr\/\",\"name\":\"OMR Serrature | Produzione sistemi di chiusura\",\"description\":\"Produzione serrature di sicurezza e sistemi di chiusura\",\"publisher\":{\"@id\":\"https:\/\/www.omrserrature.it\/fr\/#organization\"},\"potentialAction\":[{\"@type\":\"SearchAction\",\"target\":{\"@type\":\"EntryPoint\",\"urlTemplate\":\"https:\/\/www.omrserrature.it\/fr\/?s={search_term_string}\"},\"query-input\":{\"@type\":\"PropertyValueSpecification\",\"valueRequired\":true,\"valueName\":\"search_term_string\"}}],\"inLanguage\":\"fr-FR\"},{\"@type\":\"Organization\",\"@id\":\"https:\/\/www.omrserrature.it\/fr\/#organization\",\"name\":\"OMR Serrature | Produzione sistemi di chiusura\",\"url\":\"https:\/\/www.omrserrature.it\/fr\/\",\"logo\":{\"@type\":\"ImageObject\",\"inLanguage\":\"fr-FR\",\"@id\":\"https:\/\/www.omrserrature.it\/fr\/#\/schema\/logo\/image\/\",\"url\":\"https:\/\/www.omrserrature.it\/wp-content\/uploads\/2017\/09\/favicon-omr-114.png\",\"contentUrl\":\"https:\/\/www.omrserrature.it\/wp-content\/uploads\/2017\/09\/favicon-omr-114.png\",\"width\":114,\"height\":114,\"caption\":\"OMR Serrature | Produzione sistemi di chiusura\"},\"image\":{\"@id\":\"https:\/\/www.omrserrature.it\/fr\/#\/schema\/logo\/image\/\"},\"sameAs\":[\"https:\/\/www.facebook.com\/OMRserrature\",\"https:\/\/www.linkedin.com\/company\/omrserrature\/\",\"https:\/\/www.youtube.com\/channel\/UCxmA85z2R0EpG_6IRokiAkg\"]}]}<\/script>\n<!-- \/ Yoast SEO plugin. -->","yoast_head_json":{"title":"Serrure \u00e0 bouton-poussoir ovale pour portes coulissantes - OMR Serrature","robots":{"index":"index","follow":"follow","max-snippet":"max-snippet:-1","max-image-preview":"max-image-preview:large","max-video-preview":"max-video-preview:-1"},"canonical":"https:\/\/www.omrserrature.it\/fr\/produit\/serrure-a-bouton-poussoir-ovale-pour-portes-coulissantes\/","og_locale":"fr_FR","og_type":"article","og_title":"Serrure \u00e0 bouton-poussoir ovale pour portes coulissantes - OMR Serrature","og_description":"La serrure \u00e0 bouton-poussoir pour portes coulissantes en m\u00e9tal et en bois, de forme ovale, est constitu\u00e9e d'une bague en technopolym\u00e8re noir dans laquelle se d\u00e9place un bouton en alliage d'aluminium muni d'une serrure. La serrure \u00e0 bouton poussoir est couramment utilis\u00e9e sur les meubles en t\u00f4le, aussi bien dans les bureaux que dans les ateliers, les laboratoires, les collectivit\u00e9s, les lieux d'h\u00e9bergement, les universit\u00e9s, les h\u00f4pitaux et plus g\u00e9n\u00e9ralement dans le mobilier sanitaire et industriel.","og_url":"https:\/\/www.omrserrature.it\/fr\/produit\/serrure-a-bouton-poussoir-ovale-pour-portes-coulissantes\/","og_site_name":"OMR Serrature | Produzione sistemi di chiusura","article_publisher":"https:\/\/www.facebook.com\/OMRserrature","article_modified_time":"2026-04-08T10:24:49+00:00","og_image":[{"width":600,"height":600,"url":"https:\/\/www.omrserrature.it\/wp-content\/uploads\/2017\/10\/Serratura-ovale-a-pulsante-per-porte-scorrevoli.jpg","type":"image\/jpeg"}],"twitter_card":"summary_large_image","twitter_misc":{"Dur\u00e9e de lecture estim\u00e9e":"1 minute"},"schema":{"@context":"https:\/\/schema.org","@graph":[{"@type":"WebPage","@id":"https:\/\/www.omrserrature.it\/fr\/produit\/serrure-a-bouton-poussoir-ovale-pour-portes-coulissantes\/","url":"https:\/\/www.omrserrature.it\/fr\/produit\/serrure-a-bouton-poussoir-ovale-pour-portes-coulissantes\/","name":"Serrure \u00e0 bouton-poussoir ovale pour portes coulissantes - OMR Serrature","isPartOf":{"@id":"https:\/\/www.omrserrature.it\/fr\/#website"},"primaryImageOfPage":{"@id":"https:\/\/www.omrserrature.it\/fr\/produit\/serrure-a-bouton-poussoir-ovale-pour-portes-coulissantes\/#primaryimage"},"image":{"@id":"https:\/\/www.omrserrature.it\/fr\/produit\/serrure-a-bouton-poussoir-ovale-pour-portes-coulissantes\/#primaryimage"},"thumbnailUrl":"https:\/\/www.omrserrature.it\/wp-content\/uploads\/2017\/10\/Serratura-ovale-a-pulsante-per-porte-scorrevoli.jpg","datePublished":"2016-10-17T08:18:00+00:00","dateModified":"2026-04-08T10:24:49+00:00","breadcrumb":{"@id":"https:\/\/www.omrserrature.it\/fr\/produit\/serrure-a-bouton-poussoir-ovale-pour-portes-coulissantes\/#breadcrumb"},"inLanguage":"fr-FR","potentialAction":[{"@type":"ReadAction","target":["https:\/\/www.omrserrature.it\/fr\/produit\/serrure-a-bouton-poussoir-ovale-pour-portes-coulissantes\/"]}]},{"@type":"ImageObject","inLanguage":"fr-FR","@id":"https:\/\/www.omrserrature.it\/fr\/produit\/serrure-a-bouton-poussoir-ovale-pour-portes-coulissantes\/#primaryimage","url":"https:\/\/www.omrserrature.it\/wp-content\/uploads\/2017\/10\/Serratura-ovale-a-pulsante-per-porte-scorrevoli.jpg","contentUrl":"https:\/\/www.omrserrature.it\/wp-content\/uploads\/2017\/10\/Serratura-ovale-a-pulsante-per-porte-scorrevoli.jpg","width":600,"height":600,"caption":"Serrure \u00e0 bouton-poussoir ovale pour portes coulissantes"},{"@type":"BreadcrumbList","@id":"https:\/\/www.omrserrature.it\/fr\/produit\/serrure-a-bouton-poussoir-ovale-pour-portes-coulissantes\/#breadcrumb","itemListElement":[{"@type":"ListItem","position":1,"name":"Home","item":"https:\/\/www.omrserrature.it\/fr\/omr-serrures-et-systemes-de-verrouillage\/"},{"@type":"ListItem","position":2,"name":"Catalogue","item":"https:\/\/www.omrserrature.it\/catalogue\/?lang=fr"},{"@type":"ListItem","position":3,"name":"Applications","item":"https:\/\/www.omrserrature.it\/fr\/catalogue\/applications\/"},{"@type":"ListItem","position":4,"name":"Serrures pour meubles","item":"https:\/\/www.omrserrature.it\/fr\/catalogue\/applications\/serrures-pour-meubles\/"},{"@type":"ListItem","position":5,"name":"Serrures de panneaux","item":"https:\/\/www.omrserrature.it\/fr\/catalogue\/applications\/serrures-pour-meubles\/serrures-de-panneaux\/"},{"@type":"ListItem","position":6,"name":"Glissant","item":"https:\/\/www.omrserrature.it\/fr\/catalogue\/applications\/serrures-pour-meubles\/serrures-de-panneaux\/glissant\/"},{"@type":"ListItem","position":7,"name":"Serrure \u00e0 bouton-poussoir ovale pour portes coulissantes"}]},{"@type":"WebSite","@id":"https:\/\/www.omrserrature.it\/fr\/#website","url":"https:\/\/www.omrserrature.it\/fr\/","name":"OMR Serrature | Produzione sistemi di chiusura","description":"Produzione serrature di sicurezza e sistemi di chiusura","publisher":{"@id":"https:\/\/www.omrserrature.it\/fr\/#organization"},"potentialAction":[{"@type":"SearchAction","target":{"@type":"EntryPoint","urlTemplate":"https:\/\/www.omrserrature.it\/fr\/?s={search_term_string}"},"query-input":{"@type":"PropertyValueSpecification","valueRequired":true,"valueName":"search_term_string"}}],"inLanguage":"fr-FR"},{"@type":"Organization","@id":"https:\/\/www.omrserrature.it\/fr\/#organization","name":"OMR Serrature | Produzione sistemi di chiusura","url":"https:\/\/www.omrserrature.it\/fr\/","logo":{"@type":"ImageObject","inLanguage":"fr-FR","@id":"https:\/\/www.omrserrature.it\/fr\/#\/schema\/logo\/image\/","url":"https:\/\/www.omrserrature.it\/wp-content\/uploads\/2017\/09\/favicon-omr-114.png","contentUrl":"https:\/\/www.omrserrature.it\/wp-content\/uploads\/2017\/09\/favicon-omr-114.png","width":114,"height":114,"caption":"OMR Serrature | Produzione sistemi di chiusura"},"image":{"@id":"https:\/\/www.omrserrature.it\/fr\/#\/schema\/logo\/image\/"},"sameAs":["https:\/\/www.facebook.com\/OMRserrature","https:\/\/www.linkedin.com\/company\/omrserrature\/","https:\/\/www.youtube.com\/channel\/UCxmA85z2R0EpG_6IRokiAkg"]}]}},"_links":{"self":[{"href":"https:\/\/www.omrserrature.it\/fr\/wp-json\/wp\/v2\/product\/242561","targetHints":{"allow":["GET"]}}],"collection":[{"href":"https:\/\/www.omrserrature.it\/fr\/wp-json\/wp\/v2\/product"}],"about":[{"href":"https:\/\/www.omrserrature.it\/fr\/wp-json\/wp\/v2\/types\/product"}],"replies":[{"embeddable":true,"href":"https:\/\/www.omrserrature.it\/fr\/wp-json\/wp\/v2\/comments?post=242561"}],"wp:featuredmedia":[{"embeddable":true,"href":"https:\/\/www.omrserrature.it\/fr\/wp-json\/wp\/v2\/media\/18513"}],"wp:attachment":[{"href":"https:\/\/www.omrserrature.it\/fr\/wp-json\/wp\/v2\/media?parent=242561"}],"wp:term":[{"taxonomy":"product_brand","embeddable":true,"href":"https:\/\/www.omrserrature.it\/fr\/wp-json\/wp\/v2\/product_brand?post=242561"},{"taxonomy":"product_cat","embeddable":true,"href":"https:\/\/www.omrserrature.it\/fr\/wp-json\/wp\/v2\/product_cat?post=242561"},{"taxonomy":"product_tag","embeddable":true,"href":"https:\/\/www.omrserrature.it\/fr\/wp-json\/wp\/v2\/product_tag?post=242561"}],"curies":[{"name":"wp","href":"https:\/\/api.w.org\/{rel}","templated":true}]}}