{"id":242550,"date":"2021-03-11T21:42:59","date_gmt":"2011-03-21T20:42:00","guid":{"rendered":"https:\/\/www.staging6.omrserrature.it\/prodotto\/serrure-manuelle-triangulaire-pour-bacs-a-ordures-et-conteneurs\/"},"modified":"2026-04-08T11:28:56","modified_gmt":"2026-04-08T09:28:56","slug":"serrure-manuelle-triangulaire-pour-bacs-a-ordures-et-conteneurs","status":"publish","type":"product","link":"https:\/\/www.omrserrature.it\/fr\/produit\/serrure-manuelle-triangulaire-pour-bacs-a-ordures-et-conteneurs\/","title":{"rendered":"Serrure manuelle triangulaire pour bacs \u00e0 ordures et conteneurs"},"content":{"rendered":"<p>La <strong>serrure \u00e9cologique manuelle \u00e0 empreinte triangulaire<\/strong> est enti\u00e8rement fabriqu\u00e9e en m\u00e9tal moul\u00e9 sous pression avec un traitement de galvanisation. L&rsquo;\u00e9l\u00e9ment distinctif de ce syst\u00e8me de fermeture est l&#8217;empreinte triangulaire de la cl\u00e9.  Gr\u00e2ce \u00e0 ses 4 trous de fixation et \u00e0 sa forme compacte, il s&rsquo;adapte facilement \u00e0 toutes les applications. Deux variantes sont disponibles : serrure manuelle triangulaire <strong>avec deux positions de verrouillage<\/strong> ouvert\/ferm\u00e9, et serrure manuelle triangulaire <strong>avec ressort de rappel.<\/strong><\/p>\n<p>La serrure peut \u00eatre \u00e9quip\u00e9e de crochets et d&rsquo;une plaque de fixation qui <strong>peuvent \u00e9galement \u00eatre r\u00e9alis\u00e9s sur mesure<\/strong>, afin de r\u00e9pondre \u00e0 toutes les exigences d&rsquo;application. La manipulation peut se faire au moyen de cl\u00e9s \u00e0 douilles \u00e9cologiques, de cl\u00e9s \u00e0 douilles \u00e0 t\u00eate marteau ou de cl\u00e9s \u00e0 douilles \u00e0 t\u00eate ovale. <\/p>\n<p>La serrure est souvent utilis\u00e9e sur les <strong>bacs<\/strong> et les poubelles \u00e0 roulettes, les <strong>poubelles de mobilier urbain<\/strong> ou d&rsquo;autres conteneurs \u00e0 d\u00e9chets. Gr\u00e2ce \u00e0 la fonction pratique de fermeture automatique, la serrure est \u00e9galement utilis\u00e9e sur les bo\u00eetes \u00e0 fer et les trappes de visite. <\/p>\n","protected":false},"excerpt":{"rendered":"<p>La <strong>serrure pompiers triangulaire \u00e9cologique manuelle<\/strong> est enti\u00e8rement fabriqu\u00e9e en m\u00e9tal moul\u00e9 sous pression avec un traitement de galvanisation et est souvent utilis\u00e9e sur les <strong>bacs<\/strong> et conteneurs roulants, les <strong>bacs \u00e0 d\u00e9chets de mobilier urbain<\/strong> ou d&rsquo;autres conteneurs \u00e0 d\u00e9chets. Gr\u00e2ce \u00e0 sa fermeture automatique \u00e0 ressort tr\u00e8s pratique, la serrure est \u00e9galement utilis\u00e9e sur les bacs en fer et les trappes de visite. <\/p>\n","protected":false},"featured_media":4008,"comment_status":"open","ping_status":"closed","template":"","meta":{"_acf_changed":false,"_et_pb_use_builder":"off","_et_pb_old_content":"La <strong>serrure triangulaire<\/strong> est enti\u00e8rement r\u00e9alis\u00e9e en m\u00e9tal moul\u00e9 sous pression et galvanis\u00e9. La caract\u00e9ristique distinctive est l'empreinte triangulaire qui permet le mouvement du m\u00e9canisme interne, capable d'engager et de d\u00e9sengager le crochet correspondant.  Gr\u00e2ce \u00e0 ses 4 trous de fixation et \u00e0 sa forme compacte, il s'adapte facilement \u00e0 toutes les applications. Deux variantes sont disponibles : serrure manuelle triangulaire <strong>avec deux positions de verrouillage<\/strong> ouvert\/ferm\u00e9 et serrure manuelle triangulaire <strong>avec ressort de rappel<\/strong>.\n\nLa serrure peut \u00eatre \u00e9quip\u00e9e de crochets et d'une plaque de fixation. Elle peut <strong>\u00e9galement \u00eatre fabriqu\u00e9e selon les plans du<\/strong> client, afin de r\u00e9pondre \u00e0 toutes les exigences de l'application. Elle peut \u00eatre actionn\u00e9e \u00e0 l'aide de cl\u00e9s \u00e0 douilles \u00e9cologiques, de cl\u00e9s \u00e0 douilles \u00e0 t\u00eate marteau ou de cl\u00e9s \u00e0 douilles \u00e0 t\u00eate ovale. \n\nLa serrure est souvent utilis\u00e9e sur les <strong>bacs<\/strong> \u00e0 roulettes et les bennes, les <strong>bacs \u00e0 d\u00e9chets de mobilier urbain<\/strong> ou d'autres conteneurs \u00e0 d\u00e9chets. Gr\u00e2ce \u00e0 la fonction pratique de fermeture automatique, la serrure est utilis\u00e9e sur les bacs en fer et les trappes de visite. \n\n","_et_gb_content_width":""},"product_brand":[],"product_cat":[3752,3649,3639,3681,3695,3655],"product_tag":[],"class_list":{"0":"post-242550","1":"product","2":"type-product","3":"status-publish","4":"has-post-thumbnail","6":"product_cat-recyclage-ecologique-recyclage-des-dechets","7":"product_cat-serrures-a-crochet","8":"product_cat-serrures-avec-ressort-de-rappel","9":"product_cat-serrures-manuelles-pour-les-bacs-a-ordures","10":"product_cat-serrures-pour-bacs-a-ordures-2","11":"product_cat-serrures-pour-bacs-a-ordures","13":"first","14":"instock","15":"shipping-taxable","16":"product-type-simple"},"acf":{"pdf1":"https:\/\/www.omrserrature.it\/wp-content\/uploads\/2021\/03\/Scheda-165870.pdf"},"yoast_head":"<!-- This site is optimized with the Yoast SEO plugin v27.2 - https:\/\/yoast.com\/product\/yoast-seo-wordpress\/ -->\n<title>Serrure manuelle triangulaire pour bacs \u00e0 ordures et conteneurs - OMR Serrature<\/title>\n<meta name=\"robots\" content=\"index, follow, max-snippet:-1, max-image-preview:large, max-video-preview:-1\" \/>\n<link rel=\"canonical\" href=\"https:\/\/www.omrserrature.it\/fr\/produit\/serrure-manuelle-triangulaire-pour-bacs-a-ordures-et-conteneurs\/\" \/>\n<meta property=\"og:locale\" content=\"fr_FR\" \/>\n<meta property=\"og:type\" content=\"article\" \/>\n<meta property=\"og:title\" content=\"Serrure manuelle triangulaire pour bacs \u00e0 ordures et conteneurs - OMR Serrature\" \/>\n<meta property=\"og:description\" content=\"La serrure pompiers triangulaire \u00e9cologique manuelle est enti\u00e8rement fabriqu\u00e9e en m\u00e9tal moul\u00e9 sous pression avec un traitement de galvanisation et est souvent utilis\u00e9e sur les bacs et conteneurs roulants, les bacs \u00e0 d\u00e9chets de mobilier urbain ou d&#039;autres conteneurs \u00e0 d\u00e9chets. Gr\u00e2ce \u00e0 sa fermeture automatique \u00e0 ressort tr\u00e8s pratique, la serrure est \u00e9galement utilis\u00e9e sur les bacs en fer et les trappes de visite.\" \/>\n<meta property=\"og:url\" content=\"https:\/\/www.omrserrature.it\/fr\/produit\/serrure-manuelle-triangulaire-pour-bacs-a-ordures-et-conteneurs\/\" \/>\n<meta property=\"og:site_name\" content=\"OMR Serrature | Produzione sistemi di chiusura\" \/>\n<meta property=\"article:publisher\" content=\"https:\/\/www.facebook.com\/OMRserrature\" \/>\n<meta property=\"article:modified_time\" content=\"2026-04-08T09:28:56+00:00\" \/>\n<meta property=\"og:image\" content=\"https:\/\/www.omrserrature.it\/wp-content\/uploads\/2017\/10\/serratura-manuale-triangolo.jpg\" \/>\n\t<meta property=\"og:image:width\" content=\"1961\" \/>\n\t<meta property=\"og:image:height\" content=\"1200\" \/>\n\t<meta property=\"og:image:type\" content=\"image\/jpeg\" \/>\n<meta name=\"twitter:card\" content=\"summary_large_image\" \/>\n<meta name=\"twitter:label1\" content=\"Dur\u00e9e de lecture estim\u00e9e\" \/>\n\t<meta name=\"twitter:data1\" content=\"1 minute\" \/>\n<script type=\"application\/ld+json\" class=\"yoast-schema-graph\">{\"@context\":\"https:\/\/schema.org\",\"@graph\":[{\"@type\":\"WebPage\",\"@id\":\"https:\/\/www.omrserrature.it\/fr\/produit\/serrure-manuelle-triangulaire-pour-bacs-a-ordures-et-conteneurs\/\",\"url\":\"https:\/\/www.omrserrature.it\/fr\/produit\/serrure-manuelle-triangulaire-pour-bacs-a-ordures-et-conteneurs\/\",\"name\":\"Serrure manuelle triangulaire pour bacs \u00e0 ordures et conteneurs - OMR Serrature\",\"isPartOf\":{\"@id\":\"https:\/\/www.omrserrature.it\/fr\/#website\"},\"primaryImageOfPage\":{\"@id\":\"https:\/\/www.omrserrature.it\/fr\/produit\/serrure-manuelle-triangulaire-pour-bacs-a-ordures-et-conteneurs\/#primaryimage\"},\"image\":{\"@id\":\"https:\/\/www.omrserrature.it\/fr\/produit\/serrure-manuelle-triangulaire-pour-bacs-a-ordures-et-conteneurs\/#primaryimage\"},\"thumbnailUrl\":\"https:\/\/www.omrserrature.it\/wp-content\/uploads\/2017\/10\/serratura-manuale-triangolo.jpg\",\"datePublished\":\"2011-03-21T20:42:00+00:00\",\"dateModified\":\"2026-04-08T09:28:56+00:00\",\"breadcrumb\":{\"@id\":\"https:\/\/www.omrserrature.it\/fr\/produit\/serrure-manuelle-triangulaire-pour-bacs-a-ordures-et-conteneurs\/#breadcrumb\"},\"inLanguage\":\"fr-FR\",\"potentialAction\":[{\"@type\":\"ReadAction\",\"target\":[\"https:\/\/www.omrserrature.it\/fr\/produit\/serrure-manuelle-triangulaire-pour-bacs-a-ordures-et-conteneurs\/\"]}]},{\"@type\":\"ImageObject\",\"inLanguage\":\"fr-FR\",\"@id\":\"https:\/\/www.omrserrature.it\/fr\/produit\/serrure-manuelle-triangulaire-pour-bacs-a-ordures-et-conteneurs\/#primaryimage\",\"url\":\"https:\/\/www.omrserrature.it\/wp-content\/uploads\/2017\/10\/serratura-manuale-triangolo.jpg\",\"contentUrl\":\"https:\/\/www.omrserrature.it\/wp-content\/uploads\/2017\/10\/serratura-manuale-triangolo.jpg\",\"width\":1961,\"height\":1200,\"caption\":\"serrure \u00e0 main triangulaire\"},{\"@type\":\"BreadcrumbList\",\"@id\":\"https:\/\/www.omrserrature.it\/fr\/produit\/serrure-manuelle-triangulaire-pour-bacs-a-ordures-et-conteneurs\/#breadcrumb\",\"itemListElement\":[{\"@type\":\"ListItem\",\"position\":1,\"name\":\"Home\",\"item\":\"https:\/\/www.omrserrature.it\/fr\/omr-serrures-et-systemes-de-verrouillage\/\"},{\"@type\":\"ListItem\",\"position\":2,\"name\":\"Catalogue\",\"item\":\"https:\/\/www.omrserrature.it\/catalogue\/?lang=fr\"},{\"@type\":\"ListItem\",\"position\":3,\"name\":\"Produits\",\"item\":\"https:\/\/www.omrserrature.it\/fr\/catalogue\/produits\/\"},{\"@type\":\"ListItem\",\"position\":4,\"name\":\"Serrures\",\"item\":\"https:\/\/www.omrserrature.it\/fr\/catalogue\/produits\/serrures\/\"},{\"@type\":\"ListItem\",\"position\":5,\"name\":\"Serrures pour bacs \u00e0 ordures\",\"item\":\"https:\/\/www.omrserrature.it\/fr\/catalogue\/produits\/serrures\/serrures-pour-bacs-a-ordures\/\"},{\"@type\":\"ListItem\",\"position\":6,\"name\":\"Serrures manuelles pour les bacs \u00e0 ordures\",\"item\":\"https:\/\/www.omrserrature.it\/fr\/catalogue\/produits\/serrures\/serrures-pour-bacs-a-ordures\/serrures-manuelles-pour-les-bacs-a-ordures\/\"},{\"@type\":\"ListItem\",\"position\":7,\"name\":\"Serrure manuelle triangulaire pour bacs \u00e0 ordures et conteneurs\"}]},{\"@type\":\"WebSite\",\"@id\":\"https:\/\/www.omrserrature.it\/fr\/#website\",\"url\":\"https:\/\/www.omrserrature.it\/fr\/\",\"name\":\"OMR Serrature | Produzione sistemi di chiusura\",\"description\":\"Produzione serrature di sicurezza e sistemi di chiusura\",\"publisher\":{\"@id\":\"https:\/\/www.omrserrature.it\/fr\/#organization\"},\"potentialAction\":[{\"@type\":\"SearchAction\",\"target\":{\"@type\":\"EntryPoint\",\"urlTemplate\":\"https:\/\/www.omrserrature.it\/fr\/?s={search_term_string}\"},\"query-input\":{\"@type\":\"PropertyValueSpecification\",\"valueRequired\":true,\"valueName\":\"search_term_string\"}}],\"inLanguage\":\"fr-FR\"},{\"@type\":\"Organization\",\"@id\":\"https:\/\/www.omrserrature.it\/fr\/#organization\",\"name\":\"OMR Serrature | Produzione sistemi di chiusura\",\"url\":\"https:\/\/www.omrserrature.it\/fr\/\",\"logo\":{\"@type\":\"ImageObject\",\"inLanguage\":\"fr-FR\",\"@id\":\"https:\/\/www.omrserrature.it\/fr\/#\/schema\/logo\/image\/\",\"url\":\"https:\/\/www.omrserrature.it\/wp-content\/uploads\/2017\/09\/favicon-omr-114.png\",\"contentUrl\":\"https:\/\/www.omrserrature.it\/wp-content\/uploads\/2017\/09\/favicon-omr-114.png\",\"width\":114,\"height\":114,\"caption\":\"OMR Serrature | Produzione sistemi di chiusura\"},\"image\":{\"@id\":\"https:\/\/www.omrserrature.it\/fr\/#\/schema\/logo\/image\/\"},\"sameAs\":[\"https:\/\/www.facebook.com\/OMRserrature\",\"https:\/\/www.linkedin.com\/company\/omrserrature\/\",\"https:\/\/www.youtube.com\/channel\/UCxmA85z2R0EpG_6IRokiAkg\"]}]}<\/script>\n<!-- \/ Yoast SEO plugin. -->","yoast_head_json":{"title":"Serrure manuelle triangulaire pour bacs \u00e0 ordures et conteneurs - OMR Serrature","robots":{"index":"index","follow":"follow","max-snippet":"max-snippet:-1","max-image-preview":"max-image-preview:large","max-video-preview":"max-video-preview:-1"},"canonical":"https:\/\/www.omrserrature.it\/fr\/produit\/serrure-manuelle-triangulaire-pour-bacs-a-ordures-et-conteneurs\/","og_locale":"fr_FR","og_type":"article","og_title":"Serrure manuelle triangulaire pour bacs \u00e0 ordures et conteneurs - OMR Serrature","og_description":"La serrure pompiers triangulaire \u00e9cologique manuelle est enti\u00e8rement fabriqu\u00e9e en m\u00e9tal moul\u00e9 sous pression avec un traitement de galvanisation et est souvent utilis\u00e9e sur les bacs et conteneurs roulants, les bacs \u00e0 d\u00e9chets de mobilier urbain ou d'autres conteneurs \u00e0 d\u00e9chets. Gr\u00e2ce \u00e0 sa fermeture automatique \u00e0 ressort tr\u00e8s pratique, la serrure est \u00e9galement utilis\u00e9e sur les bacs en fer et les trappes de visite.","og_url":"https:\/\/www.omrserrature.it\/fr\/produit\/serrure-manuelle-triangulaire-pour-bacs-a-ordures-et-conteneurs\/","og_site_name":"OMR Serrature | Produzione sistemi di chiusura","article_publisher":"https:\/\/www.facebook.com\/OMRserrature","article_modified_time":"2026-04-08T09:28:56+00:00","og_image":[{"width":1961,"height":1200,"url":"https:\/\/www.omrserrature.it\/wp-content\/uploads\/2017\/10\/serratura-manuale-triangolo.jpg","type":"image\/jpeg"}],"twitter_card":"summary_large_image","twitter_misc":{"Dur\u00e9e de lecture estim\u00e9e":"1 minute"},"schema":{"@context":"https:\/\/schema.org","@graph":[{"@type":"WebPage","@id":"https:\/\/www.omrserrature.it\/fr\/produit\/serrure-manuelle-triangulaire-pour-bacs-a-ordures-et-conteneurs\/","url":"https:\/\/www.omrserrature.it\/fr\/produit\/serrure-manuelle-triangulaire-pour-bacs-a-ordures-et-conteneurs\/","name":"Serrure manuelle triangulaire pour bacs \u00e0 ordures et conteneurs - OMR Serrature","isPartOf":{"@id":"https:\/\/www.omrserrature.it\/fr\/#website"},"primaryImageOfPage":{"@id":"https:\/\/www.omrserrature.it\/fr\/produit\/serrure-manuelle-triangulaire-pour-bacs-a-ordures-et-conteneurs\/#primaryimage"},"image":{"@id":"https:\/\/www.omrserrature.it\/fr\/produit\/serrure-manuelle-triangulaire-pour-bacs-a-ordures-et-conteneurs\/#primaryimage"},"thumbnailUrl":"https:\/\/www.omrserrature.it\/wp-content\/uploads\/2017\/10\/serratura-manuale-triangolo.jpg","datePublished":"2011-03-21T20:42:00+00:00","dateModified":"2026-04-08T09:28:56+00:00","breadcrumb":{"@id":"https:\/\/www.omrserrature.it\/fr\/produit\/serrure-manuelle-triangulaire-pour-bacs-a-ordures-et-conteneurs\/#breadcrumb"},"inLanguage":"fr-FR","potentialAction":[{"@type":"ReadAction","target":["https:\/\/www.omrserrature.it\/fr\/produit\/serrure-manuelle-triangulaire-pour-bacs-a-ordures-et-conteneurs\/"]}]},{"@type":"ImageObject","inLanguage":"fr-FR","@id":"https:\/\/www.omrserrature.it\/fr\/produit\/serrure-manuelle-triangulaire-pour-bacs-a-ordures-et-conteneurs\/#primaryimage","url":"https:\/\/www.omrserrature.it\/wp-content\/uploads\/2017\/10\/serratura-manuale-triangolo.jpg","contentUrl":"https:\/\/www.omrserrature.it\/wp-content\/uploads\/2017\/10\/serratura-manuale-triangolo.jpg","width":1961,"height":1200,"caption":"serrure \u00e0 main triangulaire"},{"@type":"BreadcrumbList","@id":"https:\/\/www.omrserrature.it\/fr\/produit\/serrure-manuelle-triangulaire-pour-bacs-a-ordures-et-conteneurs\/#breadcrumb","itemListElement":[{"@type":"ListItem","position":1,"name":"Home","item":"https:\/\/www.omrserrature.it\/fr\/omr-serrures-et-systemes-de-verrouillage\/"},{"@type":"ListItem","position":2,"name":"Catalogue","item":"https:\/\/www.omrserrature.it\/catalogue\/?lang=fr"},{"@type":"ListItem","position":3,"name":"Produits","item":"https:\/\/www.omrserrature.it\/fr\/catalogue\/produits\/"},{"@type":"ListItem","position":4,"name":"Serrures","item":"https:\/\/www.omrserrature.it\/fr\/catalogue\/produits\/serrures\/"},{"@type":"ListItem","position":5,"name":"Serrures pour bacs \u00e0 ordures","item":"https:\/\/www.omrserrature.it\/fr\/catalogue\/produits\/serrures\/serrures-pour-bacs-a-ordures\/"},{"@type":"ListItem","position":6,"name":"Serrures manuelles pour les bacs \u00e0 ordures","item":"https:\/\/www.omrserrature.it\/fr\/catalogue\/produits\/serrures\/serrures-pour-bacs-a-ordures\/serrures-manuelles-pour-les-bacs-a-ordures\/"},{"@type":"ListItem","position":7,"name":"Serrure manuelle triangulaire pour bacs \u00e0 ordures et conteneurs"}]},{"@type":"WebSite","@id":"https:\/\/www.omrserrature.it\/fr\/#website","url":"https:\/\/www.omrserrature.it\/fr\/","name":"OMR Serrature | Produzione sistemi di chiusura","description":"Produzione serrature di sicurezza e sistemi di chiusura","publisher":{"@id":"https:\/\/www.omrserrature.it\/fr\/#organization"},"potentialAction":[{"@type":"SearchAction","target":{"@type":"EntryPoint","urlTemplate":"https:\/\/www.omrserrature.it\/fr\/?s={search_term_string}"},"query-input":{"@type":"PropertyValueSpecification","valueRequired":true,"valueName":"search_term_string"}}],"inLanguage":"fr-FR"},{"@type":"Organization","@id":"https:\/\/www.omrserrature.it\/fr\/#organization","name":"OMR Serrature | Produzione sistemi di chiusura","url":"https:\/\/www.omrserrature.it\/fr\/","logo":{"@type":"ImageObject","inLanguage":"fr-FR","@id":"https:\/\/www.omrserrature.it\/fr\/#\/schema\/logo\/image\/","url":"https:\/\/www.omrserrature.it\/wp-content\/uploads\/2017\/09\/favicon-omr-114.png","contentUrl":"https:\/\/www.omrserrature.it\/wp-content\/uploads\/2017\/09\/favicon-omr-114.png","width":114,"height":114,"caption":"OMR Serrature | Produzione sistemi di chiusura"},"image":{"@id":"https:\/\/www.omrserrature.it\/fr\/#\/schema\/logo\/image\/"},"sameAs":["https:\/\/www.facebook.com\/OMRserrature","https:\/\/www.linkedin.com\/company\/omrserrature\/","https:\/\/www.youtube.com\/channel\/UCxmA85z2R0EpG_6IRokiAkg"]}]}},"_links":{"self":[{"href":"https:\/\/www.omrserrature.it\/fr\/wp-json\/wp\/v2\/product\/242550","targetHints":{"allow":["GET"]}}],"collection":[{"href":"https:\/\/www.omrserrature.it\/fr\/wp-json\/wp\/v2\/product"}],"about":[{"href":"https:\/\/www.omrserrature.it\/fr\/wp-json\/wp\/v2\/types\/product"}],"replies":[{"embeddable":true,"href":"https:\/\/www.omrserrature.it\/fr\/wp-json\/wp\/v2\/comments?post=242550"}],"wp:featuredmedia":[{"embeddable":true,"href":"https:\/\/www.omrserrature.it\/fr\/wp-json\/wp\/v2\/media\/4008"}],"wp:attachment":[{"href":"https:\/\/www.omrserrature.it\/fr\/wp-json\/wp\/v2\/media?parent=242550"}],"wp:term":[{"taxonomy":"product_brand","embeddable":true,"href":"https:\/\/www.omrserrature.it\/fr\/wp-json\/wp\/v2\/product_brand?post=242550"},{"taxonomy":"product_cat","embeddable":true,"href":"https:\/\/www.omrserrature.it\/fr\/wp-json\/wp\/v2\/product_cat?post=242550"},{"taxonomy":"product_tag","embeddable":true,"href":"https:\/\/www.omrserrature.it\/fr\/wp-json\/wp\/v2\/product_tag?post=242550"}],"curies":[{"name":"wp","href":"https:\/\/api.w.org\/{rel}","templated":true}]}}