{"id":242520,"date":"2019-10-15T16:26:50","date_gmt":"2015-10-19T14:26:00","guid":{"rendered":"https:\/\/www.staging6.omrserrature.it\/prodotto\/serrure-electronique-rfid-proximite-avec-clavier\/"},"modified":"2026-04-08T11:33:54","modified_gmt":"2026-04-08T09:33:54","slug":"serrure-electronique-rfid-proximite-avec-clavier","status":"publish","type":"product","link":"https:\/\/www.omrserrature.it\/fr\/produit\/serrure-electronique-rfid-proximite-avec-clavier\/","title":{"rendered":"Serrure \u00e9lectronique RFID-Proximit\u00e9 avec clavier"},"content":{"rendered":"<p>La serrure \u00e9lectronique HELLOCK avec lecteur RFID et clavier num\u00e9rique est un syst\u00e8me de serrure compos\u00e9 d&rsquo;un bo\u00eetier ext\u00e9rieur en <strong>plastique technique de<\/strong> haute performance, contenant un dispositif \u00e9lectronique capable d&rsquo;actionner le m\u00e9canisme de verrouillage et de d\u00e9verrouillage de la cl\u00e9 sans l&rsquo;utilisation d&rsquo;une cl\u00e9. L&rsquo;alimentation est assur\u00e9e par une pile bouton ordinaire d&rsquo;une dur\u00e9e de vie pouvant aller jusqu&rsquo;\u00e0 10 ans, ce qui permet d&rsquo;\u00e9viter les co\u00fbts de c\u00e2blage et de maintenance. Sa petite taille en fait le choix id\u00e9al pour optimiser l&rsquo;espace avec une solution discr\u00e8te, fonctionnelle et technologiquement avanc\u00e9e gr\u00e2ce \u00e0 son processeur interne. Il peut \u00e9galement \u00eatre <strong>install\u00e9 \u00e0 l&rsquo;ext\u00e9rieur<\/strong> et r\u00e9siste \u00e0 l&rsquo;humidit\u00e9 et \u00e0 la poussi\u00e8re : des caract\u00e9ristiques garanties par la certification IP54. Cette serrure intelligente fonctionne soit par la saisie d&rsquo;un code PIN, soit par des dispositifs RFID tels que des cartes, des bracelets, des \u00e9tiquettes, etc. Vous avez le choix entre 9 programmes diff\u00e9rents, ainsi qu&rsquo;entre les modes priv\u00e9 et casier. Deux variantes sont disponibles en termes de couleur (blanc ou noir) et d&rsquo;orientation : horizontale ou verticale, avec bouton haut ou bas, pour droitier ou gaucher. Pour le cadre, vous pouvez choisir la couleur noire au lieu de la couleur argent. Les <strong>trois niveaux d&rsquo;acc\u00e8s hi\u00e9rarchiques<\/strong> &#8211; utilisateur, service et ma\u00eetre &#8211; d\u00e9finissent les cat\u00e9gories d&rsquo;utilisateurs qui peuvent ouvrir la serrure, chacun ayant ses propres responsabilit\u00e9s et autorisations. La s\u00e9curit\u00e9 est encore renforc\u00e9e par la fonction de blocage (qui s&rsquo;active apr\u00e8s 3 codes PIN erron\u00e9s) qui prot\u00e8ge le compartiment contre les tentatives d&rsquo;acc\u00e8s non autoris\u00e9es.  Il peut \u00eatre rapidement install\u00e9 et configur\u00e9 sur tous les types de <strong>portes, d&rsquo;armoires, de casiers, de tiroirs et de commodes<\/strong> et, gr\u00e2ce au bouton int\u00e9gr\u00e9, il r\u00e9sout \u00e9galement le probl\u00e8me des poign\u00e9es manquantes sans qu&rsquo;il soit n\u00e9cessaire de modifier les bo\u00eetiers existants. Vous pouvez choisir parmi des centaines de diff\u00e9rents leviers droits ou coud\u00e9s, de tringles ou de pistons pour une fermeture multiple et centralis\u00e9e. Les environnements id\u00e9aux dans lesquels cette serrure intelligente peut \u00eatre plac\u00e9e sont les bureaux, les mus\u00e9es, les h\u00f4pitaux ou les ASR (adapt\u00e9s en cas de probl\u00e8mes de perte de cl\u00e9s ou de difficult\u00e9s \u00e0 m\u00e9moriser un code d&rsquo;acc\u00e8s), les universit\u00e9s et les \u00e9coles, ainsi que les centres de loisirs et de sport. <\/p>\n","protected":false},"excerpt":{"rendered":"<p>Serrure \u00e9lectronique intelligente pour les casiers, les vestiaires, la bagagerie, etc. Aliment\u00e9 par une batterie tampon (dur\u00e9e de vie jusqu&rsquo;\u00e0 10 ans), aucun c\u00e2ble n&rsquo;est n\u00e9cessaire pour l&rsquo;installation. Ouverture par saisie du code num\u00e9rique sur le clavier et par m\u00e9canisme RFID. Contr\u00f4le d&rsquo;acc\u00e8s, journal des \u00e9v\u00e9nements, mode mono ou multi-utilisateur et bien plus encore. D\u00e9couvrez Hellock !   <\/p>\n","protected":false},"featured_media":26320,"comment_status":"open","ping_status":"closed","template":"","meta":{"_acf_changed":false,"_et_pb_use_builder":"off","_et_pb_old_content":"La serrure \u00e9lectronique HELLOCK avec lecteur RFID et clavier num\u00e9rique est un syst\u00e8me de serrure compos\u00e9 d'un bo\u00eetier ext\u00e9rieur en <strong>plastique technique de<\/strong> haute performance, contenant un dispositif \u00e9lectronique capable d'actionner le m\u00e9canisme de verrouillage et de d\u00e9verrouillage de la cl\u00e9 sans l'utilisation d'une cl\u00e9. L'alimentation est assur\u00e9e par une pile bouton commune d'une dur\u00e9e de vie de 5 ans, ce qui \u00e9vite toute proc\u00e9dure de c\u00e2blage. Sa petite taille en fait le choix id\u00e9al pour optimiser l'espace avec une solution discr\u00e8te, fonctionnelle et technologiquement avanc\u00e9e gr\u00e2ce \u00e0 son processeur interne. Il peut \u00e9galement \u00eatre <strong>install\u00e9 \u00e0 l'ext\u00e9rieur<\/strong> et r\u00e9siste \u00e0 l'humidit\u00e9 et \u00e0 la poussi\u00e8re : des caract\u00e9ristiques garanties par la certification IP54.\n\nCette serrure intelligente fonctionne soit par la saisie d'un code PIN, soit par des dispositifs RFID tels que des cartes, des bracelets, des \u00e9tiquettes, etc. Vous avez le choix entre 9 programmes diff\u00e9rents, ainsi qu'entre les modes priv\u00e9 et casier. Deux variantes sont disponibles en termes de couleur (blanc ou noir) et d'orientation : horizontale ou verticale, avec bouton haut ou bas, pour droitier ou gaucher. Pour le cadre, vous pouvez choisir la couleur noire au lieu de la couleur argent. Les <strong>trois niveaux d'acc\u00e8s hi\u00e9rarchiques<\/strong> - utilisateur, service et ma\u00eetre - d\u00e9finissent les cat\u00e9gories d'utilisateurs qui peuvent ouvrir la serrure, chacun ayant ses propres responsabilit\u00e9s et autorisations. La s\u00e9curit\u00e9 est encore renforc\u00e9e par la fonction de blocage (qui s'active apr\u00e8s 3 codes PIN erron\u00e9s) qui prot\u00e8ge le compartiment contre les tentatives d'acc\u00e8s non autoris\u00e9es.  Il peut \u00eatre rapidement install\u00e9 et configur\u00e9 sur tous les types de <strong>portes, d'armoires, de casiers, de tiroirs et de commodes<\/strong> et, gr\u00e2ce au bouton int\u00e9gr\u00e9, il r\u00e9sout \u00e9galement le probl\u00e8me des poign\u00e9es manquantes sans qu'il soit n\u00e9cessaire de modifier les bo\u00eetiers existants. Pour compl\u00e9ter l'installation, vous pouvez choisir parmi des centaines de diff\u00e9rents leviers droits ou coud\u00e9s, de cames multipoints ou de pistons pour une fermeture multiple et centralis\u00e9e des tiroirs.\n\nLes environnements id\u00e9aux dans lesquels cette serrure intelligente peut \u00eatre plac\u00e9e sont les bureaux, les lieux publics, les h\u00f4pitaux ou les ASR (indiqu\u00e9s en cas de probl\u00e8mes de cl\u00e9s anciennes ou de difficult\u00e9s \u00e0 m\u00e9moriser un code d'acc\u00e8s), les universit\u00e9s et les \u00e9coles, ainsi que les centres de jeux et de sport.","_et_gb_content_width":""},"product_brand":[],"product_cat":[3756,3738,3726,3755,3745,3699,3687,3654,3717,3734,3723,3653,3710,3714,3713,3719,3729,3694,3697,3652],"product_tag":[],"class_list":{"0":"post-242520","1":"product","2":"type-product","3":"status-publish","4":"has-post-thumbnail","6":"product_cat-architecture-urbanisme-et-design","7":"product_cat-battant","8":"product_cat-des-serrures-pour-des-serrures","9":"product_cat-hopitaux-et-soins-de-sante","10":"product_cat-hotellerie-et-tourisme","11":"product_cat-serrure-darmoire-conforme-au-reglement-gdpr","12":"product_cat-serrures-a-came","13":"product_cat-serrures-a-combinaison","14":"product_cat-serrures-de-boites-aux-lettres","15":"product_cat-serrures-de-fourgonnettes","16":"product_cat-serrures-de-panneaux","17":"product_cat-serrures-electroniques-pour-casiers-tiroirs-portes","18":"product_cat-serrures-pour-armoires-a-epi","19":"product_cat-serrures-pour-armoires-industrielles","20":"product_cat-serrures-pour-armoires-phytosanitaires","21":"product_cat-serrures-pour-boites-postales","22":"product_cat-serrures-pour-casiers","23":"product_cat-serrures-pour-les-boites-aux-lettres","24":"product_cat-serrures-pour-meubles","25":"product_cat-serrures-reprogrammables","27":"first","28":"instock","29":"shipping-taxable","30":"purchasable","31":"product-type-variable"},"acf":{"pdf1":"https:\/\/www.omrserrature.it\/wp-content\/uploads\/2019\/10\/Scheda-HL12XX8.pdf"},"yoast_head":"<!-- This site is optimized with the Yoast SEO plugin v27.2 - https:\/\/yoast.com\/product\/yoast-seo-wordpress\/ -->\n<title>Serrure \u00e9lectronique RFID-Proximit\u00e9 avec clavier - OMR Serrature<\/title>\n<meta name=\"robots\" content=\"index, follow, max-snippet:-1, max-image-preview:large, max-video-preview:-1\" \/>\n<link rel=\"canonical\" href=\"https:\/\/www.omrserrature.it\/fr\/produit\/serrure-electronique-rfid-proximite-avec-clavier\/\" \/>\n<meta property=\"og:locale\" content=\"fr_FR\" \/>\n<meta property=\"og:type\" content=\"article\" \/>\n<meta property=\"og:title\" content=\"Serrure \u00e9lectronique RFID-Proximit\u00e9 avec clavier - OMR Serrature\" \/>\n<meta property=\"og:description\" content=\"Serrure \u00e9lectronique intelligente pour les casiers, les vestiaires, la bagagerie, etc. Aliment\u00e9 par une batterie tampon (dur\u00e9e de vie jusqu&#039;\u00e0 10 ans), aucun c\u00e2ble n&#039;est n\u00e9cessaire pour l&#039;installation. Ouverture par saisie du code num\u00e9rique sur le clavier et par m\u00e9canisme RFID. Contr\u00f4le d&#039;acc\u00e8s, journal des \u00e9v\u00e9nements, mode mono ou multi-utilisateur et bien plus encore. D\u00e9couvrez Hellock !\" \/>\n<meta property=\"og:url\" content=\"https:\/\/www.omrserrature.it\/fr\/produit\/serrure-electronique-rfid-proximite-avec-clavier\/\" \/>\n<meta property=\"og:site_name\" content=\"OMR Serrature | Produzione sistemi di chiusura\" \/>\n<meta property=\"article:publisher\" content=\"https:\/\/www.facebook.com\/OMRserrature\" \/>\n<meta property=\"article:modified_time\" content=\"2026-04-08T09:33:54+00:00\" \/>\n<meta property=\"og:image\" content=\"https:\/\/www.omrserrature.it\/wp-content\/uploads\/2019\/10\/Serratura-elettronica-RFID-Proximity-con-tastiera.jpg\" \/>\n\t<meta property=\"og:image:width\" content=\"600\" \/>\n\t<meta property=\"og:image:height\" content=\"600\" \/>\n\t<meta property=\"og:image:type\" content=\"image\/jpeg\" \/>\n<meta name=\"twitter:card\" content=\"summary_large_image\" \/>\n<meta name=\"twitter:label1\" content=\"Dur\u00e9e de lecture estim\u00e9e\" \/>\n\t<meta name=\"twitter:data1\" content=\"2 minutes\" \/>\n<script type=\"application\/ld+json\" class=\"yoast-schema-graph\">{\"@context\":\"https:\/\/schema.org\",\"@graph\":[{\"@type\":\"WebPage\",\"@id\":\"https:\/\/www.omrserrature.it\/fr\/produit\/serrure-electronique-rfid-proximite-avec-clavier\/\",\"url\":\"https:\/\/www.omrserrature.it\/fr\/produit\/serrure-electronique-rfid-proximite-avec-clavier\/\",\"name\":\"Serrure \u00e9lectronique RFID-Proximit\u00e9 avec clavier - OMR Serrature\",\"isPartOf\":{\"@id\":\"https:\/\/www.omrserrature.it\/fr\/#website\"},\"primaryImageOfPage\":{\"@id\":\"https:\/\/www.omrserrature.it\/fr\/produit\/serrure-electronique-rfid-proximite-avec-clavier\/#primaryimage\"},\"image\":{\"@id\":\"https:\/\/www.omrserrature.it\/fr\/produit\/serrure-electronique-rfid-proximite-avec-clavier\/#primaryimage\"},\"thumbnailUrl\":\"https:\/\/www.omrserrature.it\/wp-content\/uploads\/2019\/10\/Serratura-elettronica-RFID-Proximity-con-tastiera.jpg\",\"datePublished\":\"2015-10-19T14:26:00+00:00\",\"dateModified\":\"2026-04-08T09:33:54+00:00\",\"breadcrumb\":{\"@id\":\"https:\/\/www.omrserrature.it\/fr\/produit\/serrure-electronique-rfid-proximite-avec-clavier\/#breadcrumb\"},\"inLanguage\":\"fr-FR\",\"potentialAction\":[{\"@type\":\"ReadAction\",\"target\":[\"https:\/\/www.omrserrature.it\/fr\/produit\/serrure-electronique-rfid-proximite-avec-clavier\/\"]}]},{\"@type\":\"ImageObject\",\"inLanguage\":\"fr-FR\",\"@id\":\"https:\/\/www.omrserrature.it\/fr\/produit\/serrure-electronique-rfid-proximite-avec-clavier\/#primaryimage\",\"url\":\"https:\/\/www.omrserrature.it\/wp-content\/uploads\/2019\/10\/Serratura-elettronica-RFID-Proximity-con-tastiera.jpg\",\"contentUrl\":\"https:\/\/www.omrserrature.it\/wp-content\/uploads\/2019\/10\/Serratura-elettronica-RFID-Proximity-con-tastiera.jpg\",\"width\":600,\"height\":600,\"caption\":\"Serrure \u00e9lectronique de proximit\u00e9 RFID avec clavier Hellock\"},{\"@type\":\"BreadcrumbList\",\"@id\":\"https:\/\/www.omrserrature.it\/fr\/produit\/serrure-electronique-rfid-proximite-avec-clavier\/#breadcrumb\",\"itemListElement\":[{\"@type\":\"ListItem\",\"position\":1,\"name\":\"Home\",\"item\":\"https:\/\/www.omrserrature.it\/fr\/omr-serrures-et-systemes-de-verrouillage\/\"},{\"@type\":\"ListItem\",\"position\":2,\"name\":\"Catalogue\",\"item\":\"https:\/\/www.omrserrature.it\/catalogue\/?lang=fr\"},{\"@type\":\"ListItem\",\"position\":3,\"name\":\"Applications\",\"item\":\"https:\/\/www.omrserrature.it\/fr\/catalogue\/applications\/\"},{\"@type\":\"ListItem\",\"position\":4,\"name\":\"Serrures pour meubles\",\"item\":\"https:\/\/www.omrserrature.it\/fr\/catalogue\/applications\/serrures-pour-meubles\/\"},{\"@type\":\"ListItem\",\"position\":5,\"name\":\"Serrures de panneaux\",\"item\":\"https:\/\/www.omrserrature.it\/fr\/catalogue\/applications\/serrures-pour-meubles\/serrures-de-panneaux\/\"},{\"@type\":\"ListItem\",\"position\":6,\"name\":\"Battant\",\"item\":\"https:\/\/www.omrserrature.it\/fr\/catalogue\/applications\/serrures-pour-meubles\/serrures-de-panneaux\/battant\/\"},{\"@type\":\"ListItem\",\"position\":7,\"name\":\"Serrure \u00e9lectronique RFID-Proximit\u00e9 avec clavier\"}]},{\"@type\":\"WebSite\",\"@id\":\"https:\/\/www.omrserrature.it\/fr\/#website\",\"url\":\"https:\/\/www.omrserrature.it\/fr\/\",\"name\":\"OMR Serrature | Produzione sistemi di chiusura\",\"description\":\"Produzione serrature di sicurezza e sistemi di chiusura\",\"publisher\":{\"@id\":\"https:\/\/www.omrserrature.it\/fr\/#organization\"},\"potentialAction\":[{\"@type\":\"SearchAction\",\"target\":{\"@type\":\"EntryPoint\",\"urlTemplate\":\"https:\/\/www.omrserrature.it\/fr\/?s={search_term_string}\"},\"query-input\":{\"@type\":\"PropertyValueSpecification\",\"valueRequired\":true,\"valueName\":\"search_term_string\"}}],\"inLanguage\":\"fr-FR\"},{\"@type\":\"Organization\",\"@id\":\"https:\/\/www.omrserrature.it\/fr\/#organization\",\"name\":\"OMR Serrature | Produzione sistemi di chiusura\",\"url\":\"https:\/\/www.omrserrature.it\/fr\/\",\"logo\":{\"@type\":\"ImageObject\",\"inLanguage\":\"fr-FR\",\"@id\":\"https:\/\/www.omrserrature.it\/fr\/#\/schema\/logo\/image\/\",\"url\":\"https:\/\/www.omrserrature.it\/wp-content\/uploads\/2017\/09\/favicon-omr-114.png\",\"contentUrl\":\"https:\/\/www.omrserrature.it\/wp-content\/uploads\/2017\/09\/favicon-omr-114.png\",\"width\":114,\"height\":114,\"caption\":\"OMR Serrature | Produzione sistemi di chiusura\"},\"image\":{\"@id\":\"https:\/\/www.omrserrature.it\/fr\/#\/schema\/logo\/image\/\"},\"sameAs\":[\"https:\/\/www.facebook.com\/OMRserrature\",\"https:\/\/www.linkedin.com\/company\/omrserrature\/\",\"https:\/\/www.youtube.com\/channel\/UCxmA85z2R0EpG_6IRokiAkg\"]}]}<\/script>\n<!-- \/ Yoast SEO plugin. -->","yoast_head_json":{"title":"Serrure \u00e9lectronique RFID-Proximit\u00e9 avec clavier - OMR Serrature","robots":{"index":"index","follow":"follow","max-snippet":"max-snippet:-1","max-image-preview":"max-image-preview:large","max-video-preview":"max-video-preview:-1"},"canonical":"https:\/\/www.omrserrature.it\/fr\/produit\/serrure-electronique-rfid-proximite-avec-clavier\/","og_locale":"fr_FR","og_type":"article","og_title":"Serrure \u00e9lectronique RFID-Proximit\u00e9 avec clavier - OMR Serrature","og_description":"Serrure \u00e9lectronique intelligente pour les casiers, les vestiaires, la bagagerie, etc. Aliment\u00e9 par une batterie tampon (dur\u00e9e de vie jusqu'\u00e0 10 ans), aucun c\u00e2ble n'est n\u00e9cessaire pour l'installation. Ouverture par saisie du code num\u00e9rique sur le clavier et par m\u00e9canisme RFID. Contr\u00f4le d'acc\u00e8s, journal des \u00e9v\u00e9nements, mode mono ou multi-utilisateur et bien plus encore. D\u00e9couvrez Hellock !","og_url":"https:\/\/www.omrserrature.it\/fr\/produit\/serrure-electronique-rfid-proximite-avec-clavier\/","og_site_name":"OMR Serrature | Produzione sistemi di chiusura","article_publisher":"https:\/\/www.facebook.com\/OMRserrature","article_modified_time":"2026-04-08T09:33:54+00:00","og_image":[{"width":600,"height":600,"url":"https:\/\/www.omrserrature.it\/wp-content\/uploads\/2019\/10\/Serratura-elettronica-RFID-Proximity-con-tastiera.jpg","type":"image\/jpeg"}],"twitter_card":"summary_large_image","twitter_misc":{"Dur\u00e9e de lecture estim\u00e9e":"2 minutes"},"schema":{"@context":"https:\/\/schema.org","@graph":[{"@type":"WebPage","@id":"https:\/\/www.omrserrature.it\/fr\/produit\/serrure-electronique-rfid-proximite-avec-clavier\/","url":"https:\/\/www.omrserrature.it\/fr\/produit\/serrure-electronique-rfid-proximite-avec-clavier\/","name":"Serrure \u00e9lectronique RFID-Proximit\u00e9 avec clavier - OMR Serrature","isPartOf":{"@id":"https:\/\/www.omrserrature.it\/fr\/#website"},"primaryImageOfPage":{"@id":"https:\/\/www.omrserrature.it\/fr\/produit\/serrure-electronique-rfid-proximite-avec-clavier\/#primaryimage"},"image":{"@id":"https:\/\/www.omrserrature.it\/fr\/produit\/serrure-electronique-rfid-proximite-avec-clavier\/#primaryimage"},"thumbnailUrl":"https:\/\/www.omrserrature.it\/wp-content\/uploads\/2019\/10\/Serratura-elettronica-RFID-Proximity-con-tastiera.jpg","datePublished":"2015-10-19T14:26:00+00:00","dateModified":"2026-04-08T09:33:54+00:00","breadcrumb":{"@id":"https:\/\/www.omrserrature.it\/fr\/produit\/serrure-electronique-rfid-proximite-avec-clavier\/#breadcrumb"},"inLanguage":"fr-FR","potentialAction":[{"@type":"ReadAction","target":["https:\/\/www.omrserrature.it\/fr\/produit\/serrure-electronique-rfid-proximite-avec-clavier\/"]}]},{"@type":"ImageObject","inLanguage":"fr-FR","@id":"https:\/\/www.omrserrature.it\/fr\/produit\/serrure-electronique-rfid-proximite-avec-clavier\/#primaryimage","url":"https:\/\/www.omrserrature.it\/wp-content\/uploads\/2019\/10\/Serratura-elettronica-RFID-Proximity-con-tastiera.jpg","contentUrl":"https:\/\/www.omrserrature.it\/wp-content\/uploads\/2019\/10\/Serratura-elettronica-RFID-Proximity-con-tastiera.jpg","width":600,"height":600,"caption":"Serrure \u00e9lectronique de proximit\u00e9 RFID avec clavier Hellock"},{"@type":"BreadcrumbList","@id":"https:\/\/www.omrserrature.it\/fr\/produit\/serrure-electronique-rfid-proximite-avec-clavier\/#breadcrumb","itemListElement":[{"@type":"ListItem","position":1,"name":"Home","item":"https:\/\/www.omrserrature.it\/fr\/omr-serrures-et-systemes-de-verrouillage\/"},{"@type":"ListItem","position":2,"name":"Catalogue","item":"https:\/\/www.omrserrature.it\/catalogue\/?lang=fr"},{"@type":"ListItem","position":3,"name":"Applications","item":"https:\/\/www.omrserrature.it\/fr\/catalogue\/applications\/"},{"@type":"ListItem","position":4,"name":"Serrures pour meubles","item":"https:\/\/www.omrserrature.it\/fr\/catalogue\/applications\/serrures-pour-meubles\/"},{"@type":"ListItem","position":5,"name":"Serrures de panneaux","item":"https:\/\/www.omrserrature.it\/fr\/catalogue\/applications\/serrures-pour-meubles\/serrures-de-panneaux\/"},{"@type":"ListItem","position":6,"name":"Battant","item":"https:\/\/www.omrserrature.it\/fr\/catalogue\/applications\/serrures-pour-meubles\/serrures-de-panneaux\/battant\/"},{"@type":"ListItem","position":7,"name":"Serrure \u00e9lectronique RFID-Proximit\u00e9 avec clavier"}]},{"@type":"WebSite","@id":"https:\/\/www.omrserrature.it\/fr\/#website","url":"https:\/\/www.omrserrature.it\/fr\/","name":"OMR Serrature | Produzione sistemi di chiusura","description":"Produzione serrature di sicurezza e sistemi di chiusura","publisher":{"@id":"https:\/\/www.omrserrature.it\/fr\/#organization"},"potentialAction":[{"@type":"SearchAction","target":{"@type":"EntryPoint","urlTemplate":"https:\/\/www.omrserrature.it\/fr\/?s={search_term_string}"},"query-input":{"@type":"PropertyValueSpecification","valueRequired":true,"valueName":"search_term_string"}}],"inLanguage":"fr-FR"},{"@type":"Organization","@id":"https:\/\/www.omrserrature.it\/fr\/#organization","name":"OMR Serrature | Produzione sistemi di chiusura","url":"https:\/\/www.omrserrature.it\/fr\/","logo":{"@type":"ImageObject","inLanguage":"fr-FR","@id":"https:\/\/www.omrserrature.it\/fr\/#\/schema\/logo\/image\/","url":"https:\/\/www.omrserrature.it\/wp-content\/uploads\/2017\/09\/favicon-omr-114.png","contentUrl":"https:\/\/www.omrserrature.it\/wp-content\/uploads\/2017\/09\/favicon-omr-114.png","width":114,"height":114,"caption":"OMR Serrature | Produzione sistemi di chiusura"},"image":{"@id":"https:\/\/www.omrserrature.it\/fr\/#\/schema\/logo\/image\/"},"sameAs":["https:\/\/www.facebook.com\/OMRserrature","https:\/\/www.linkedin.com\/company\/omrserrature\/","https:\/\/www.youtube.com\/channel\/UCxmA85z2R0EpG_6IRokiAkg"]}]}},"_links":{"self":[{"href":"https:\/\/www.omrserrature.it\/fr\/wp-json\/wp\/v2\/product\/242520","targetHints":{"allow":["GET"]}}],"collection":[{"href":"https:\/\/www.omrserrature.it\/fr\/wp-json\/wp\/v2\/product"}],"about":[{"href":"https:\/\/www.omrserrature.it\/fr\/wp-json\/wp\/v2\/types\/product"}],"replies":[{"embeddable":true,"href":"https:\/\/www.omrserrature.it\/fr\/wp-json\/wp\/v2\/comments?post=242520"}],"wp:featuredmedia":[{"embeddable":true,"href":"https:\/\/www.omrserrature.it\/fr\/wp-json\/wp\/v2\/media\/26320"}],"wp:attachment":[{"href":"https:\/\/www.omrserrature.it\/fr\/wp-json\/wp\/v2\/media?parent=242520"}],"wp:term":[{"taxonomy":"product_brand","embeddable":true,"href":"https:\/\/www.omrserrature.it\/fr\/wp-json\/wp\/v2\/product_brand?post=242520"},{"taxonomy":"product_cat","embeddable":true,"href":"https:\/\/www.omrserrature.it\/fr\/wp-json\/wp\/v2\/product_cat?post=242520"},{"taxonomy":"product_tag","embeddable":true,"href":"https:\/\/www.omrserrature.it\/fr\/wp-json\/wp\/v2\/product_tag?post=242520"}],"curies":[{"name":"wp","href":"https:\/\/api.w.org\/{rel}","templated":true}]}}