{"id":242483,"date":"2019-10-15T16:23:52","date_gmt":"2015-10-19T14:23:00","guid":{"rendered":"https:\/\/www.staging6.omrserrature.it\/prodotto\/serrure-electronique-mifare-rfid-avec-clavier\/"},"modified":"2026-04-08T11:34:04","modified_gmt":"2026-04-08T09:34:04","slug":"serrure-electronique-mifare-rfid-avec-clavier","status":"publish","type":"product","link":"https:\/\/www.omrserrature.it\/fr\/produit\/serrure-electronique-mifare-rfid-avec-clavier\/","title":{"rendered":"Serrure \u00e9lectronique MIFARE RFID avec clavier"},"content":{"rendered":"<p>La serrure \u00e9lectronique HELLOCK avec lecteur RFID et clavier num\u00e9rique se compose d&rsquo;un bo\u00eetier ext\u00e9rieur <strong>en plastique technique de<\/strong> haute performance, qui int\u00e8gre un m\u00e9canisme \u00e9lectronique capable d&rsquo;actionner le cylindre qui permet une ouverture et une Serrure sans cl\u00e9. Aliment\u00e9 par une simple pile bouton d&rsquo;une dur\u00e9e de vie de 10 ans, il s&rsquo;agit d&rsquo;une solution<strong> respectueuse de l&rsquo;environnement et sans entretien.<\/strong> La serrure est tr\u00e8s petite, qualifi\u00e9e de plus petite serrure \u00e9lectronique au monde avec un processeur interne. Il s&rsquo;agit d&rsquo;une solution polyvalente qui <strong>peut \u00e9galement \u00eatre utilis\u00e9e \u00e0 l&rsquo;ext\u00e9rieur<\/strong> puisqu&rsquo;elle est certifi\u00e9e IP54. Ce mod\u00e8le de serrure intelligente peut \u00eatre utilis\u00e9 soit par un code PIN, soit par des dispositifs RFID (badges, cartes, bracelets, \u00e9tiquettes, etc.). Les deux modes d&rsquo;utilisation sont l&rsquo;utilisateur unique et le casier. Il est disponible en diff\u00e9rentes variantes de couleur (bo\u00eetier et cadre) et d&rsquo;orientation. Les trois niveaux d&rsquo;acc\u00e8s hi\u00e9rarchiques &#8211; utilisateur, service et ma\u00eetre &#8211; permettent un <strong>contr\u00f4le d&rsquo;acc\u00e8s<\/strong> efficace et pratique.  La s\u00e9curit\u00e9 est encore renforc\u00e9e par la fonction de verrouillage en cas de saisie incorrecte du code PIN trois fois de suite. Les composants sensibles tels que la batterie et le m\u00e9canisme de serrure se trouvent \u00e0 l&rsquo;int\u00e9rieur, ce qui met la serrure \u00e0 l&rsquo;abri du vandalisme. Il est possible d&rsquo;associer n&rsquo;importe quel dispositif RFID, en int\u00e9grant ces serrures au syst\u00e8me de gestion d&rsquo;acc\u00e8s existant (par exemple, un badge d&rsquo;entr\u00e9e). Des centaines de diff\u00e9rents leviers droits ou coud\u00e9s, des tringles \u00e0 multipoints ou le piston pour la fermeture multiple et centralis\u00e9e des tiroirs permettent de r\u00e9pondre \u00e0 toutes les exigences en mati\u00e8re de fermeture. Il peut \u00eatre install\u00e9 et configur\u00e9 en quelques minutes sur tous les types de <strong>portes, d&rsquo;armoires, de casiers, de tiroirs et de commodes<\/strong>, dans les m\u00eames bo\u00eetiers que les serrures m\u00e9caniques standard, offrant ainsi une solution pratique pr\u00eate \u00e0 l&#8217;emploi. Son emplacement id\u00e9al se trouve sur les casiers de bureau et les armoires \u00e0 tiroirs, dans les h\u00f4pitaux ou les ASR (indiqu\u00e9s en cas de probl\u00e8mes de perte de cl\u00e9s ou de difficult\u00e9s \u00e0 m\u00e9moriser un code d&rsquo;acc\u00e8s), dans les universit\u00e9s et les \u00e9coles, ainsi que dans tous les vestiaires des piscines, des gymnases, des centres sportifs et des stations thermales.<\/p>\n","protected":false},"excerpt":{"rendered":"<p>Serrure \u00e9lectronique intelligente pour tous les casiers, vestiaires, bagageries, etc. Aliment\u00e9 par une batterie tampon (dur\u00e9e de vie jusqu&rsquo;\u00e0 10 ans), aucun c\u00e2ble n&rsquo;est n\u00e9cessaire pour l&rsquo;installation. Ouverture par saisie du code num\u00e9rique sur le clavier et par m\u00e9canisme RFID. Contr\u00f4le d&rsquo;acc\u00e8s, journal des \u00e9v\u00e9nements, mode mono ou multi-utilisateur et bien plus encore. D\u00e9couvrez Hellock !   <\/p>\n","protected":false},"featured_media":26293,"comment_status":"open","ping_status":"closed","template":"","meta":{"_acf_changed":false,"_et_pb_use_builder":"off","_et_pb_old_content":"La serrure \u00e9lectronique HELLOCK avec lecteur RFID et clavier num\u00e9rique se compose d'un bo\u00eetier ext\u00e9rieur <strong>en plastique technique de<\/strong> haute performance, qui int\u00e8gre un m\u00e9canisme \u00e9lectronique capable d'actionner le cylindre qui permet une ouverture et une Serrure sans cl\u00e9. L'alimentation par une simple pile bouton, d'une dur\u00e9e de 5 ans, en fait une solution <strong>\u00e9conomique et respectueuse de l'environnement<\/strong>. La serrure est tr\u00e8s petite, qualifi\u00e9e de plus petite serrure \u00e9lectronique au monde avec un processeur interne. Il s'agit d'une solution polyvalente qui <strong>peut \u00e9galement \u00eatre utilis\u00e9e \u00e0 l'ext\u00e9rieur<\/strong> puisqu'elle est certifi\u00e9e IP54.\n\nCe mod\u00e8le de serrure intelligente peut \u00eatre utilis\u00e9 soit par un code PIN, soit par des dispositifs RFID (badges, cartes, bracelets, \u00e9tiquettes, etc.). Les deux modes d'utilisation sont l'utilisateur unique et le casier. Il est disponible en diff\u00e9rentes variantes de couleur (y compris pour le cadre) et d'orientation. Les trois niveaux d'acc\u00e8s hi\u00e9rarchiques - utilisateur, service et ma\u00eetre - permettent un <strong>contr\u00f4le d'acc\u00e8s<\/strong> efficace et pratique. La s\u00e9curit\u00e9 est encore renforc\u00e9e par la fonction de verrouillage en cas de saisie incorrecte du code PIN trois fois de suite. Les composants sensibles tels que la batterie et le m\u00e9canisme de serrure se trouvent \u00e0 l'int\u00e9rieur, ce qui met la serrure \u00e0 l'abri du vandalisme. Il est possible d'associer n'importe quel dispositif RFID, en int\u00e9grant ces serrures au syst\u00e8me de gestion d'acc\u00e8s existant (par exemple, un badge d'entr\u00e9e). Des centaines de diff\u00e9rents leviers droits ou coud\u00e9s, des cames multipoints ou le piston pour la fermeture multiple et centralis\u00e9e des tiroirs permettent de r\u00e9pondre \u00e0 toutes les exigences en mati\u00e8re de fermeture. Il peut \u00eatre install\u00e9 et configur\u00e9 en quelques minutes sur tous les types de <strong>portes, d'armoires, de casiers, de tiroirs et de commodes<\/strong>, dans les m\u00eames bo\u00eetiers que les serrures m\u00e9caniques standard, offrant ainsi une solution pratique pr\u00eate \u00e0 l'emploi.\n\nSon emplacement id\u00e9al se trouve sur le mobilier de bureau, dans le mobilier collectif, dans les h\u00f4pitaux ou les ASR (indiqu\u00e9s en cas de probl\u00e8mes de perte de cl\u00e9s ou de difficult\u00e9s \u00e0 m\u00e9moriser un code d'acc\u00e8s), les universit\u00e9s et les \u00e9coles, ainsi que dans les vestiaires des piscines, des gymnases et des centres sportifs.","_et_gb_content_width":""},"product_brand":[],"product_cat":[3756,3738,3726,3755,3745,3699,3687,3654,3717,3723,3653,3710,3714,3713,3719,3729,3694,3697,3708,3652],"product_tag":[],"class_list":{"0":"post-242483","1":"product","2":"type-product","3":"status-publish","4":"has-post-thumbnail","6":"product_cat-architecture-urbanisme-et-design","7":"product_cat-battant","8":"product_cat-des-serrures-pour-des-serrures","9":"product_cat-hopitaux-et-soins-de-sante","10":"product_cat-hotellerie-et-tourisme","11":"product_cat-serrure-darmoire-conforme-au-reglement-gdpr","12":"product_cat-serrures-a-came","13":"product_cat-serrures-a-combinaison","14":"product_cat-serrures-de-boites-aux-lettres","15":"product_cat-serrures-de-panneaux","16":"product_cat-serrures-electroniques-pour-casiers-tiroirs-portes","17":"product_cat-serrures-pour-armoires-a-epi","18":"product_cat-serrures-pour-armoires-industrielles","19":"product_cat-serrures-pour-armoires-phytosanitaires","20":"product_cat-serrures-pour-boites-postales","21":"product_cat-serrures-pour-casiers","22":"product_cat-serrures-pour-les-boites-aux-lettres","23":"product_cat-serrures-pour-meubles","24":"product_cat-serrures-pour-tiroirs-industriels","25":"product_cat-serrures-reprogrammables","27":"first","28":"instock","29":"shipping-taxable","30":"purchasable","31":"product-type-variable"},"acf":{"pdf1":"https:\/\/www.omrserrature.it\/wp-content\/uploads\/2019\/10\/Scheda-HL12XX6.pdf"},"yoast_head":"<!-- This site is optimized with the Yoast SEO plugin v27.2 - https:\/\/yoast.com\/product\/yoast-seo-wordpress\/ -->\n<title>Serrure \u00e9lectronique MIFARE RFID avec clavier - OMR Serrature<\/title>\n<meta name=\"robots\" content=\"index, follow, max-snippet:-1, max-image-preview:large, max-video-preview:-1\" \/>\n<link rel=\"canonical\" href=\"https:\/\/www.omrserrature.it\/fr\/produit\/serrure-electronique-mifare-rfid-avec-clavier\/\" \/>\n<meta property=\"og:locale\" content=\"fr_FR\" \/>\n<meta property=\"og:type\" content=\"article\" \/>\n<meta property=\"og:title\" content=\"Serrure \u00e9lectronique MIFARE RFID avec clavier - OMR Serrature\" \/>\n<meta property=\"og:description\" content=\"Serrure \u00e9lectronique intelligente pour tous les casiers, vestiaires, bagageries, etc. Aliment\u00e9 par une batterie tampon (dur\u00e9e de vie jusqu&#039;\u00e0 10 ans), aucun c\u00e2ble n&#039;est n\u00e9cessaire pour l&#039;installation. Ouverture par saisie du code num\u00e9rique sur le clavier et par m\u00e9canisme RFID. Contr\u00f4le d&#039;acc\u00e8s, journal des \u00e9v\u00e9nements, mode mono ou multi-utilisateur et bien plus encore. D\u00e9couvrez Hellock !\" \/>\n<meta property=\"og:url\" content=\"https:\/\/www.omrserrature.it\/fr\/produit\/serrure-electronique-mifare-rfid-avec-clavier\/\" \/>\n<meta property=\"og:site_name\" content=\"OMR Serrature | Produzione sistemi di chiusura\" \/>\n<meta property=\"article:publisher\" content=\"https:\/\/www.facebook.com\/OMRserrature\" \/>\n<meta property=\"article:modified_time\" content=\"2026-04-08T09:34:04+00:00\" \/>\n<meta property=\"og:image\" content=\"https:\/\/www.omrserrature.it\/wp-content\/uploads\/2019\/10\/Serratura-elettronica-RFID-MIFARE-con-tastiera.jpg\" \/>\n\t<meta property=\"og:image:width\" content=\"600\" \/>\n\t<meta property=\"og:image:height\" content=\"600\" \/>\n\t<meta property=\"og:image:type\" content=\"image\/jpeg\" \/>\n<meta name=\"twitter:card\" content=\"summary_large_image\" \/>\n<meta name=\"twitter:label1\" content=\"Dur\u00e9e de lecture estim\u00e9e\" \/>\n\t<meta name=\"twitter:data1\" content=\"2 minutes\" \/>\n<script type=\"application\/ld+json\" class=\"yoast-schema-graph\">{\"@context\":\"https:\/\/schema.org\",\"@graph\":[{\"@type\":\"WebPage\",\"@id\":\"https:\/\/www.omrserrature.it\/fr\/produit\/serrure-electronique-mifare-rfid-avec-clavier\/\",\"url\":\"https:\/\/www.omrserrature.it\/fr\/produit\/serrure-electronique-mifare-rfid-avec-clavier\/\",\"name\":\"Serrure \u00e9lectronique MIFARE RFID avec clavier - OMR Serrature\",\"isPartOf\":{\"@id\":\"https:\/\/www.omrserrature.it\/fr\/#website\"},\"primaryImageOfPage\":{\"@id\":\"https:\/\/www.omrserrature.it\/fr\/produit\/serrure-electronique-mifare-rfid-avec-clavier\/#primaryimage\"},\"image\":{\"@id\":\"https:\/\/www.omrserrature.it\/fr\/produit\/serrure-electronique-mifare-rfid-avec-clavier\/#primaryimage\"},\"thumbnailUrl\":\"https:\/\/www.omrserrature.it\/wp-content\/uploads\/2019\/10\/Serratura-elettronica-RFID-MIFARE-con-tastiera.jpg\",\"datePublished\":\"2015-10-19T14:23:00+00:00\",\"dateModified\":\"2026-04-08T09:34:04+00:00\",\"breadcrumb\":{\"@id\":\"https:\/\/www.omrserrature.it\/fr\/produit\/serrure-electronique-mifare-rfid-avec-clavier\/#breadcrumb\"},\"inLanguage\":\"fr-FR\",\"potentialAction\":[{\"@type\":\"ReadAction\",\"target\":[\"https:\/\/www.omrserrature.it\/fr\/produit\/serrure-electronique-mifare-rfid-avec-clavier\/\"]}]},{\"@type\":\"ImageObject\",\"inLanguage\":\"fr-FR\",\"@id\":\"https:\/\/www.omrserrature.it\/fr\/produit\/serrure-electronique-mifare-rfid-avec-clavier\/#primaryimage\",\"url\":\"https:\/\/www.omrserrature.it\/wp-content\/uploads\/2019\/10\/Serratura-elettronica-RFID-MIFARE-con-tastiera.jpg\",\"contentUrl\":\"https:\/\/www.omrserrature.it\/wp-content\/uploads\/2019\/10\/Serratura-elettronica-RFID-MIFARE-con-tastiera.jpg\",\"width\":600,\"height\":600,\"caption\":\"Serrure \u00e9lectronique MIFARE RFID avec clavier\"},{\"@type\":\"BreadcrumbList\",\"@id\":\"https:\/\/www.omrserrature.it\/fr\/produit\/serrure-electronique-mifare-rfid-avec-clavier\/#breadcrumb\",\"itemListElement\":[{\"@type\":\"ListItem\",\"position\":1,\"name\":\"Home\",\"item\":\"https:\/\/www.omrserrature.it\/fr\/omr-serrures-et-systemes-de-verrouillage\/\"},{\"@type\":\"ListItem\",\"position\":2,\"name\":\"Catalogue\",\"item\":\"https:\/\/www.omrserrature.it\/catalogue\/?lang=fr\"},{\"@type\":\"ListItem\",\"position\":3,\"name\":\"Applications\",\"item\":\"https:\/\/www.omrserrature.it\/fr\/catalogue\/applications\/\"},{\"@type\":\"ListItem\",\"position\":4,\"name\":\"Serrures pour meubles\",\"item\":\"https:\/\/www.omrserrature.it\/fr\/catalogue\/applications\/serrures-pour-meubles\/\"},{\"@type\":\"ListItem\",\"position\":5,\"name\":\"Serrures de panneaux\",\"item\":\"https:\/\/www.omrserrature.it\/fr\/catalogue\/applications\/serrures-pour-meubles\/serrures-de-panneaux\/\"},{\"@type\":\"ListItem\",\"position\":6,\"name\":\"Battant\",\"item\":\"https:\/\/www.omrserrature.it\/fr\/catalogue\/applications\/serrures-pour-meubles\/serrures-de-panneaux\/battant\/\"},{\"@type\":\"ListItem\",\"position\":7,\"name\":\"Serrure \u00e9lectronique MIFARE RFID avec clavier\"}]},{\"@type\":\"WebSite\",\"@id\":\"https:\/\/www.omrserrature.it\/fr\/#website\",\"url\":\"https:\/\/www.omrserrature.it\/fr\/\",\"name\":\"OMR Serrature | Produzione sistemi di chiusura\",\"description\":\"Produzione serrature di sicurezza e sistemi di chiusura\",\"publisher\":{\"@id\":\"https:\/\/www.omrserrature.it\/fr\/#organization\"},\"potentialAction\":[{\"@type\":\"SearchAction\",\"target\":{\"@type\":\"EntryPoint\",\"urlTemplate\":\"https:\/\/www.omrserrature.it\/fr\/?s={search_term_string}\"},\"query-input\":{\"@type\":\"PropertyValueSpecification\",\"valueRequired\":true,\"valueName\":\"search_term_string\"}}],\"inLanguage\":\"fr-FR\"},{\"@type\":\"Organization\",\"@id\":\"https:\/\/www.omrserrature.it\/fr\/#organization\",\"name\":\"OMR Serrature | Produzione sistemi di chiusura\",\"url\":\"https:\/\/www.omrserrature.it\/fr\/\",\"logo\":{\"@type\":\"ImageObject\",\"inLanguage\":\"fr-FR\",\"@id\":\"https:\/\/www.omrserrature.it\/fr\/#\/schema\/logo\/image\/\",\"url\":\"https:\/\/www.omrserrature.it\/wp-content\/uploads\/2017\/09\/favicon-omr-114.png\",\"contentUrl\":\"https:\/\/www.omrserrature.it\/wp-content\/uploads\/2017\/09\/favicon-omr-114.png\",\"width\":114,\"height\":114,\"caption\":\"OMR Serrature | Produzione sistemi di chiusura\"},\"image\":{\"@id\":\"https:\/\/www.omrserrature.it\/fr\/#\/schema\/logo\/image\/\"},\"sameAs\":[\"https:\/\/www.facebook.com\/OMRserrature\",\"https:\/\/www.linkedin.com\/company\/omrserrature\/\",\"https:\/\/www.youtube.com\/channel\/UCxmA85z2R0EpG_6IRokiAkg\"]}]}<\/script>\n<!-- \/ Yoast SEO plugin. -->","yoast_head_json":{"title":"Serrure \u00e9lectronique MIFARE RFID avec clavier - OMR Serrature","robots":{"index":"index","follow":"follow","max-snippet":"max-snippet:-1","max-image-preview":"max-image-preview:large","max-video-preview":"max-video-preview:-1"},"canonical":"https:\/\/www.omrserrature.it\/fr\/produit\/serrure-electronique-mifare-rfid-avec-clavier\/","og_locale":"fr_FR","og_type":"article","og_title":"Serrure \u00e9lectronique MIFARE RFID avec clavier - OMR Serrature","og_description":"Serrure \u00e9lectronique intelligente pour tous les casiers, vestiaires, bagageries, etc. Aliment\u00e9 par une batterie tampon (dur\u00e9e de vie jusqu'\u00e0 10 ans), aucun c\u00e2ble n'est n\u00e9cessaire pour l'installation. Ouverture par saisie du code num\u00e9rique sur le clavier et par m\u00e9canisme RFID. Contr\u00f4le d'acc\u00e8s, journal des \u00e9v\u00e9nements, mode mono ou multi-utilisateur et bien plus encore. D\u00e9couvrez Hellock !","og_url":"https:\/\/www.omrserrature.it\/fr\/produit\/serrure-electronique-mifare-rfid-avec-clavier\/","og_site_name":"OMR Serrature | Produzione sistemi di chiusura","article_publisher":"https:\/\/www.facebook.com\/OMRserrature","article_modified_time":"2026-04-08T09:34:04+00:00","og_image":[{"width":600,"height":600,"url":"https:\/\/www.omrserrature.it\/wp-content\/uploads\/2019\/10\/Serratura-elettronica-RFID-MIFARE-con-tastiera.jpg","type":"image\/jpeg"}],"twitter_card":"summary_large_image","twitter_misc":{"Dur\u00e9e de lecture estim\u00e9e":"2 minutes"},"schema":{"@context":"https:\/\/schema.org","@graph":[{"@type":"WebPage","@id":"https:\/\/www.omrserrature.it\/fr\/produit\/serrure-electronique-mifare-rfid-avec-clavier\/","url":"https:\/\/www.omrserrature.it\/fr\/produit\/serrure-electronique-mifare-rfid-avec-clavier\/","name":"Serrure \u00e9lectronique MIFARE RFID avec clavier - OMR Serrature","isPartOf":{"@id":"https:\/\/www.omrserrature.it\/fr\/#website"},"primaryImageOfPage":{"@id":"https:\/\/www.omrserrature.it\/fr\/produit\/serrure-electronique-mifare-rfid-avec-clavier\/#primaryimage"},"image":{"@id":"https:\/\/www.omrserrature.it\/fr\/produit\/serrure-electronique-mifare-rfid-avec-clavier\/#primaryimage"},"thumbnailUrl":"https:\/\/www.omrserrature.it\/wp-content\/uploads\/2019\/10\/Serratura-elettronica-RFID-MIFARE-con-tastiera.jpg","datePublished":"2015-10-19T14:23:00+00:00","dateModified":"2026-04-08T09:34:04+00:00","breadcrumb":{"@id":"https:\/\/www.omrserrature.it\/fr\/produit\/serrure-electronique-mifare-rfid-avec-clavier\/#breadcrumb"},"inLanguage":"fr-FR","potentialAction":[{"@type":"ReadAction","target":["https:\/\/www.omrserrature.it\/fr\/produit\/serrure-electronique-mifare-rfid-avec-clavier\/"]}]},{"@type":"ImageObject","inLanguage":"fr-FR","@id":"https:\/\/www.omrserrature.it\/fr\/produit\/serrure-electronique-mifare-rfid-avec-clavier\/#primaryimage","url":"https:\/\/www.omrserrature.it\/wp-content\/uploads\/2019\/10\/Serratura-elettronica-RFID-MIFARE-con-tastiera.jpg","contentUrl":"https:\/\/www.omrserrature.it\/wp-content\/uploads\/2019\/10\/Serratura-elettronica-RFID-MIFARE-con-tastiera.jpg","width":600,"height":600,"caption":"Serrure \u00e9lectronique MIFARE RFID avec clavier"},{"@type":"BreadcrumbList","@id":"https:\/\/www.omrserrature.it\/fr\/produit\/serrure-electronique-mifare-rfid-avec-clavier\/#breadcrumb","itemListElement":[{"@type":"ListItem","position":1,"name":"Home","item":"https:\/\/www.omrserrature.it\/fr\/omr-serrures-et-systemes-de-verrouillage\/"},{"@type":"ListItem","position":2,"name":"Catalogue","item":"https:\/\/www.omrserrature.it\/catalogue\/?lang=fr"},{"@type":"ListItem","position":3,"name":"Applications","item":"https:\/\/www.omrserrature.it\/fr\/catalogue\/applications\/"},{"@type":"ListItem","position":4,"name":"Serrures pour meubles","item":"https:\/\/www.omrserrature.it\/fr\/catalogue\/applications\/serrures-pour-meubles\/"},{"@type":"ListItem","position":5,"name":"Serrures de panneaux","item":"https:\/\/www.omrserrature.it\/fr\/catalogue\/applications\/serrures-pour-meubles\/serrures-de-panneaux\/"},{"@type":"ListItem","position":6,"name":"Battant","item":"https:\/\/www.omrserrature.it\/fr\/catalogue\/applications\/serrures-pour-meubles\/serrures-de-panneaux\/battant\/"},{"@type":"ListItem","position":7,"name":"Serrure \u00e9lectronique MIFARE RFID avec clavier"}]},{"@type":"WebSite","@id":"https:\/\/www.omrserrature.it\/fr\/#website","url":"https:\/\/www.omrserrature.it\/fr\/","name":"OMR Serrature | Produzione sistemi di chiusura","description":"Produzione serrature di sicurezza e sistemi di chiusura","publisher":{"@id":"https:\/\/www.omrserrature.it\/fr\/#organization"},"potentialAction":[{"@type":"SearchAction","target":{"@type":"EntryPoint","urlTemplate":"https:\/\/www.omrserrature.it\/fr\/?s={search_term_string}"},"query-input":{"@type":"PropertyValueSpecification","valueRequired":true,"valueName":"search_term_string"}}],"inLanguage":"fr-FR"},{"@type":"Organization","@id":"https:\/\/www.omrserrature.it\/fr\/#organization","name":"OMR Serrature | Produzione sistemi di chiusura","url":"https:\/\/www.omrserrature.it\/fr\/","logo":{"@type":"ImageObject","inLanguage":"fr-FR","@id":"https:\/\/www.omrserrature.it\/fr\/#\/schema\/logo\/image\/","url":"https:\/\/www.omrserrature.it\/wp-content\/uploads\/2017\/09\/favicon-omr-114.png","contentUrl":"https:\/\/www.omrserrature.it\/wp-content\/uploads\/2017\/09\/favicon-omr-114.png","width":114,"height":114,"caption":"OMR Serrature | Produzione sistemi di chiusura"},"image":{"@id":"https:\/\/www.omrserrature.it\/fr\/#\/schema\/logo\/image\/"},"sameAs":["https:\/\/www.facebook.com\/OMRserrature","https:\/\/www.linkedin.com\/company\/omrserrature\/","https:\/\/www.youtube.com\/channel\/UCxmA85z2R0EpG_6IRokiAkg"]}]}},"_links":{"self":[{"href":"https:\/\/www.omrserrature.it\/fr\/wp-json\/wp\/v2\/product\/242483","targetHints":{"allow":["GET"]}}],"collection":[{"href":"https:\/\/www.omrserrature.it\/fr\/wp-json\/wp\/v2\/product"}],"about":[{"href":"https:\/\/www.omrserrature.it\/fr\/wp-json\/wp\/v2\/types\/product"}],"replies":[{"embeddable":true,"href":"https:\/\/www.omrserrature.it\/fr\/wp-json\/wp\/v2\/comments?post=242483"}],"wp:featuredmedia":[{"embeddable":true,"href":"https:\/\/www.omrserrature.it\/fr\/wp-json\/wp\/v2\/media\/26293"}],"wp:attachment":[{"href":"https:\/\/www.omrserrature.it\/fr\/wp-json\/wp\/v2\/media?parent=242483"}],"wp:term":[{"taxonomy":"product_brand","embeddable":true,"href":"https:\/\/www.omrserrature.it\/fr\/wp-json\/wp\/v2\/product_brand?post=242483"},{"taxonomy":"product_cat","embeddable":true,"href":"https:\/\/www.omrserrature.it\/fr\/wp-json\/wp\/v2\/product_cat?post=242483"},{"taxonomy":"product_tag","embeddable":true,"href":"https:\/\/www.omrserrature.it\/fr\/wp-json\/wp\/v2\/product_tag?post=242483"}],"curies":[{"name":"wp","href":"https:\/\/api.w.org\/{rel}","templated":true}]}}