{"id":242407,"date":"2019-10-15T14:39:18","date_gmt":"2015-10-19T12:39:00","guid":{"rendered":"https:\/\/www.staging6.omrserrature.it\/prodotto\/serrure-electronique-horizontale-noire\/"},"modified":"2026-04-08T11:34:02","modified_gmt":"2026-04-08T09:34:02","slug":"serrure-electronique-horizontale-noire","status":"publish","type":"product","link":"https:\/\/www.omrserrature.it\/fr\/produit\/serrure-electronique-horizontale-noire\/","title":{"rendered":"Serrure \u00e9lectronique horizontale noire"},"content":{"rendered":"<p>La <strong>serrure \u00e9lectronique HELLOCK<\/strong> se compose d&rsquo;un corps de serrure <strong>en plastique technique<\/strong> haute performance, \u00e0 l&rsquo;int\u00e9rieur duquel se trouve un dispositif \u00e9lectronique qui actionne le cylindre servant \u00e0 fermer ou \u00e0 ouvrir la serrure. La batterie a une dur\u00e9e de vie exceptionnelle pouvant aller jusqu&rsquo;\u00e0 10 ans, ce qui rend la serrure <strong>respectueuse de l&rsquo;environnement et sans entretien<\/strong>.  Il s&rsquo;agit de la plus petite serrure \u00e9lectronique au monde dot\u00e9e d&rsquo;une unit\u00e9 centrale. Il est certifi\u00e9 IP54, ce qui permet de l&rsquo;utiliser \u00e0<strong>l&rsquo;ext\u00e9rieur<\/strong>.<\/p>\n<p>Il est disponible dans diff\u00e9rentes technologies et offre 9 options de programmation diff\u00e9rentes, ainsi que des modes priv\u00e9 et multi-utilisateurs. Il peut \u00eatre fourni en deux couleurs diff\u00e9rentes &#8211; noir et blanc &#8211; avec personnalisation du profil. Deux mod\u00e8les sont disponibles en version verticale et horizontale : droitier et gaucher. Elle offre trois niveaux d&rsquo;acc\u00e8s : utilisateur, service et ma\u00eetre. La serrure s&rsquo;adapte \u00e0 de multiples besoins, avec un choix de centaines de leviers diff\u00e9rents, droits ou coud\u00e9s, ou un came \u00e0 deux points pour d\u00e9placer les tringles, jusqu&rsquo;au passe-partout. Id\u00e9ale pour les <strong>verrouillages multiples et centralis\u00e9s, <\/strong>elle s&rsquo;installe et se configure en quelques minutes sur tous types de <strong>portes, armoires <\/strong><strong>, tiroirs et commodes<\/strong>.    <\/p>\n<p>L&rsquo;un des avantages de cette solution est qu&rsquo;en choisissant Hellock, il ne sera pas n\u00e9cessaire de changer le bo\u00eetier des serrures m\u00e9caniques standard, qui pourront donc \u00eatre remplac\u00e9es rapidement et \u00e0 moindre co\u00fbt. Elle est id\u00e9ale pour les vestiaires des gymnases, des piscines, des spas ou des centres sportifs. Il convient au mobilier de bureau, m\u00eame lorsqu&rsquo;un <strong>contr\u00f4le d&rsquo;acc\u00e8s <\/strong>est n\u00e9cessaire, comme dans les h\u00f4pitaux, les biblioth\u00e8ques, les universit\u00e9s, les casiers de s\u00e9curit\u00e9, les g\u00eetes et les chambres d&rsquo;h\u00f4tes.  <\/p>\n","protected":false},"excerpt":{"rendered":"<p>Serrure \u00e9lectronique intelligente pour les casiers, les vestiaires, la bagagerie, etc. Aliment\u00e9 par une batterie d&rsquo;une dur\u00e9e de vie de 10 ans, il ne n\u00e9cessite aucun c\u00e2ble d&rsquo;installation et r\u00e9duit consid\u00e9rablement tous les co\u00fbts de maintenance. Il s&rsquo;ouvre en entrant le code num\u00e9rique sur le clavier. <\/p>\n<p>Cette serrure \u00e9lectronique repr\u00e9sente un syst\u00e8me de fermeture innovant et orient\u00e9 vers le design. Elle permet un contr\u00f4le d&rsquo;acc\u00e8s en mode mono-utilisateur ou multi-utilisateurs et bien plus encore. D\u00e9couvrez Hellock !  <\/p>\n","protected":false},"featured_media":29406,"comment_status":"open","ping_status":"closed","template":"","meta":{"_acf_changed":false,"_et_pb_use_builder":"","_et_pb_old_content":"","_et_gb_content_width":""},"product_brand":[],"product_cat":[3756,3738,3726,3755,3745,3699,3687,3654,3717,3723,3722,3653,3710,3713,3729,3718,3706,3694,3697,3708,3652],"product_tag":[],"class_list":{"0":"post-242407","1":"product","2":"type-product","3":"status-publish","4":"has-post-thumbnail","6":"product_cat-architecture-urbanisme-et-design","7":"product_cat-battant","8":"product_cat-des-serrures-pour-des-serrures","9":"product_cat-hopitaux-et-soins-de-sante","10":"product_cat-hotellerie-et-tourisme","11":"product_cat-serrure-darmoire-conforme-au-reglement-gdpr","12":"product_cat-serrures-a-came","13":"product_cat-serrures-a-combinaison","14":"product_cat-serrures-de-boites-aux-lettres","15":"product_cat-serrures-de-panneaux","16":"product_cat-serrures-de-portes","17":"product_cat-serrures-electroniques-pour-casiers-tiroirs-portes","18":"product_cat-serrures-pour-armoires-a-epi","19":"product_cat-serrures-pour-armoires-phytosanitaires","20":"product_cat-serrures-pour-casiers","21":"product_cat-serrures-pour-casiers-a-colis","22":"product_cat-serrures-pour-etablis","23":"product_cat-serrures-pour-les-boites-aux-lettres","24":"product_cat-serrures-pour-meubles","25":"product_cat-serrures-pour-tiroirs-industriels","26":"product_cat-serrures-reprogrammables","28":"first","29":"instock","30":"shipping-taxable","31":"purchasable","32":"product-type-variable","33":"has-default-attributes"},"acf":{"pdf1":"https:\/\/www.omrserrature.it\/wp-content\/uploads\/2019\/10\/Scheda_HL12XX2_O-1.pdf"},"yoast_head":"<!-- This site is optimized with the Yoast SEO plugin v27.2 - https:\/\/yoast.com\/product\/yoast-seo-wordpress\/ -->\n<title>Serrure \u00e9lectronique horizontale noire - OMR Serrature<\/title>\n<meta name=\"robots\" content=\"index, follow, max-snippet:-1, max-image-preview:large, max-video-preview:-1\" \/>\n<link rel=\"canonical\" href=\"https:\/\/www.omrserrature.it\/fr\/produit\/serrure-electronique-horizontale-noire\/\" \/>\n<meta property=\"og:locale\" content=\"fr_FR\" \/>\n<meta property=\"og:type\" content=\"article\" \/>\n<meta property=\"og:title\" content=\"Serrure \u00e9lectronique horizontale noire - OMR Serrature\" \/>\n<meta property=\"og:description\" content=\"Serrure \u00e9lectronique intelligente pour les casiers, les vestiaires, la bagagerie, etc. Aliment\u00e9 par une batterie d&#039;une dur\u00e9e de vie de 10 ans, il ne n\u00e9cessite aucun c\u00e2ble d&#039;installation et r\u00e9duit consid\u00e9rablement tous les co\u00fbts de maintenance. Il s&#039;ouvre en entrant le code num\u00e9rique sur le clavier.  Cette serrure \u00e9lectronique repr\u00e9sente un syst\u00e8me de fermeture innovant et orient\u00e9 vers le design. Elle permet un contr\u00f4le d&#039;acc\u00e8s en mode mono-utilisateur ou multi-utilisateurs et bien plus encore. D\u00e9couvrez Hellock !\" \/>\n<meta property=\"og:url\" content=\"https:\/\/www.omrserrature.it\/fr\/produit\/serrure-electronique-horizontale-noire\/\" \/>\n<meta property=\"og:site_name\" content=\"OMR Serrature | Produzione sistemi di chiusura\" \/>\n<meta property=\"article:publisher\" content=\"https:\/\/www.facebook.com\/OMRserrature\" \/>\n<meta property=\"article:modified_time\" content=\"2026-04-08T09:34:02+00:00\" \/>\n<meta property=\"og:image\" content=\"https:\/\/www.omrserrature.it\/wp-content\/uploads\/2024\/04\/HSC-Hellock-orizzontale-nera.jpg\" \/>\n\t<meta property=\"og:image:width\" content=\"600\" \/>\n\t<meta property=\"og:image:height\" content=\"600\" \/>\n\t<meta property=\"og:image:type\" content=\"image\/jpeg\" \/>\n<meta name=\"twitter:card\" content=\"summary_large_image\" \/>\n<meta name=\"twitter:label1\" content=\"Dur\u00e9e de lecture estim\u00e9e\" \/>\n\t<meta name=\"twitter:data1\" content=\"1 minute\" \/>\n<script type=\"application\/ld+json\" class=\"yoast-schema-graph\">{\"@context\":\"https:\/\/schema.org\",\"@graph\":[{\"@type\":\"WebPage\",\"@id\":\"https:\/\/www.omrserrature.it\/fr\/produit\/serrure-electronique-horizontale-noire\/\",\"url\":\"https:\/\/www.omrserrature.it\/fr\/produit\/serrure-electronique-horizontale-noire\/\",\"name\":\"Serrure \u00e9lectronique horizontale noire - OMR Serrature\",\"isPartOf\":{\"@id\":\"https:\/\/www.omrserrature.it\/fr\/#website\"},\"primaryImageOfPage\":{\"@id\":\"https:\/\/www.omrserrature.it\/fr\/produit\/serrure-electronique-horizontale-noire\/#primaryimage\"},\"image\":{\"@id\":\"https:\/\/www.omrserrature.it\/fr\/produit\/serrure-electronique-horizontale-noire\/#primaryimage\"},\"thumbnailUrl\":\"https:\/\/www.omrserrature.it\/wp-content\/uploads\/2024\/04\/HSC-Hellock-orizzontale-nera.jpg\",\"datePublished\":\"2015-10-19T12:39:00+00:00\",\"dateModified\":\"2026-04-08T09:34:02+00:00\",\"breadcrumb\":{\"@id\":\"https:\/\/www.omrserrature.it\/fr\/produit\/serrure-electronique-horizontale-noire\/#breadcrumb\"},\"inLanguage\":\"fr-FR\",\"potentialAction\":[{\"@type\":\"ReadAction\",\"target\":[\"https:\/\/www.omrserrature.it\/fr\/produit\/serrure-electronique-horizontale-noire\/\"]}]},{\"@type\":\"ImageObject\",\"inLanguage\":\"fr-FR\",\"@id\":\"https:\/\/www.omrserrature.it\/fr\/produit\/serrure-electronique-horizontale-noire\/#primaryimage\",\"url\":\"https:\/\/www.omrserrature.it\/wp-content\/uploads\/2024\/04\/HSC-Hellock-orizzontale-nera.jpg\",\"contentUrl\":\"https:\/\/www.omrserrature.it\/wp-content\/uploads\/2024\/04\/HSC-Hellock-orizzontale-nera.jpg\",\"width\":600,\"height\":600},{\"@type\":\"BreadcrumbList\",\"@id\":\"https:\/\/www.omrserrature.it\/fr\/produit\/serrure-electronique-horizontale-noire\/#breadcrumb\",\"itemListElement\":[{\"@type\":\"ListItem\",\"position\":1,\"name\":\"Home\",\"item\":\"https:\/\/www.omrserrature.it\/fr\/omr-serrures-et-systemes-de-verrouillage\/\"},{\"@type\":\"ListItem\",\"position\":2,\"name\":\"Catalogue\",\"item\":\"https:\/\/www.omrserrature.it\/catalogue\/?lang=fr\"},{\"@type\":\"ListItem\",\"position\":3,\"name\":\"Applications\",\"item\":\"https:\/\/www.omrserrature.it\/fr\/catalogue\/applications\/\"},{\"@type\":\"ListItem\",\"position\":4,\"name\":\"Serrure d'armoire conforme au r\u00e8glement GDPR\",\"item\":\"https:\/\/www.omrserrature.it\/fr\/catalogue\/applications\/serrure-darmoire-conforme-au-reglement-gdpr\/\"},{\"@type\":\"ListItem\",\"position\":5,\"name\":\"Serrure \u00e9lectronique horizontale noire\"}]},{\"@type\":\"WebSite\",\"@id\":\"https:\/\/www.omrserrature.it\/fr\/#website\",\"url\":\"https:\/\/www.omrserrature.it\/fr\/\",\"name\":\"OMR Serrature | Produzione sistemi di chiusura\",\"description\":\"Produzione serrature di sicurezza e sistemi di chiusura\",\"publisher\":{\"@id\":\"https:\/\/www.omrserrature.it\/fr\/#organization\"},\"potentialAction\":[{\"@type\":\"SearchAction\",\"target\":{\"@type\":\"EntryPoint\",\"urlTemplate\":\"https:\/\/www.omrserrature.it\/fr\/?s={search_term_string}\"},\"query-input\":{\"@type\":\"PropertyValueSpecification\",\"valueRequired\":true,\"valueName\":\"search_term_string\"}}],\"inLanguage\":\"fr-FR\"},{\"@type\":\"Organization\",\"@id\":\"https:\/\/www.omrserrature.it\/fr\/#organization\",\"name\":\"OMR Serrature | Produzione sistemi di chiusura\",\"url\":\"https:\/\/www.omrserrature.it\/fr\/\",\"logo\":{\"@type\":\"ImageObject\",\"inLanguage\":\"fr-FR\",\"@id\":\"https:\/\/www.omrserrature.it\/fr\/#\/schema\/logo\/image\/\",\"url\":\"https:\/\/www.omrserrature.it\/wp-content\/uploads\/2017\/09\/favicon-omr-114.png\",\"contentUrl\":\"https:\/\/www.omrserrature.it\/wp-content\/uploads\/2017\/09\/favicon-omr-114.png\",\"width\":114,\"height\":114,\"caption\":\"OMR Serrature | Produzione sistemi di chiusura\"},\"image\":{\"@id\":\"https:\/\/www.omrserrature.it\/fr\/#\/schema\/logo\/image\/\"},\"sameAs\":[\"https:\/\/www.facebook.com\/OMRserrature\",\"https:\/\/www.linkedin.com\/company\/omrserrature\/\",\"https:\/\/www.youtube.com\/channel\/UCxmA85z2R0EpG_6IRokiAkg\"]}]}<\/script>\n<!-- \/ Yoast SEO plugin. -->","yoast_head_json":{"title":"Serrure \u00e9lectronique horizontale noire - OMR Serrature","robots":{"index":"index","follow":"follow","max-snippet":"max-snippet:-1","max-image-preview":"max-image-preview:large","max-video-preview":"max-video-preview:-1"},"canonical":"https:\/\/www.omrserrature.it\/fr\/produit\/serrure-electronique-horizontale-noire\/","og_locale":"fr_FR","og_type":"article","og_title":"Serrure \u00e9lectronique horizontale noire - OMR Serrature","og_description":"Serrure \u00e9lectronique intelligente pour les casiers, les vestiaires, la bagagerie, etc. Aliment\u00e9 par une batterie d'une dur\u00e9e de vie de 10 ans, il ne n\u00e9cessite aucun c\u00e2ble d'installation et r\u00e9duit consid\u00e9rablement tous les co\u00fbts de maintenance. Il s'ouvre en entrant le code num\u00e9rique sur le clavier.  Cette serrure \u00e9lectronique repr\u00e9sente un syst\u00e8me de fermeture innovant et orient\u00e9 vers le design. Elle permet un contr\u00f4le d'acc\u00e8s en mode mono-utilisateur ou multi-utilisateurs et bien plus encore. D\u00e9couvrez Hellock !","og_url":"https:\/\/www.omrserrature.it\/fr\/produit\/serrure-electronique-horizontale-noire\/","og_site_name":"OMR Serrature | Produzione sistemi di chiusura","article_publisher":"https:\/\/www.facebook.com\/OMRserrature","article_modified_time":"2026-04-08T09:34:02+00:00","og_image":[{"width":600,"height":600,"url":"https:\/\/www.omrserrature.it\/wp-content\/uploads\/2024\/04\/HSC-Hellock-orizzontale-nera.jpg","type":"image\/jpeg"}],"twitter_card":"summary_large_image","twitter_misc":{"Dur\u00e9e de lecture estim\u00e9e":"1 minute"},"schema":{"@context":"https:\/\/schema.org","@graph":[{"@type":"WebPage","@id":"https:\/\/www.omrserrature.it\/fr\/produit\/serrure-electronique-horizontale-noire\/","url":"https:\/\/www.omrserrature.it\/fr\/produit\/serrure-electronique-horizontale-noire\/","name":"Serrure \u00e9lectronique horizontale noire - OMR Serrature","isPartOf":{"@id":"https:\/\/www.omrserrature.it\/fr\/#website"},"primaryImageOfPage":{"@id":"https:\/\/www.omrserrature.it\/fr\/produit\/serrure-electronique-horizontale-noire\/#primaryimage"},"image":{"@id":"https:\/\/www.omrserrature.it\/fr\/produit\/serrure-electronique-horizontale-noire\/#primaryimage"},"thumbnailUrl":"https:\/\/www.omrserrature.it\/wp-content\/uploads\/2024\/04\/HSC-Hellock-orizzontale-nera.jpg","datePublished":"2015-10-19T12:39:00+00:00","dateModified":"2026-04-08T09:34:02+00:00","breadcrumb":{"@id":"https:\/\/www.omrserrature.it\/fr\/produit\/serrure-electronique-horizontale-noire\/#breadcrumb"},"inLanguage":"fr-FR","potentialAction":[{"@type":"ReadAction","target":["https:\/\/www.omrserrature.it\/fr\/produit\/serrure-electronique-horizontale-noire\/"]}]},{"@type":"ImageObject","inLanguage":"fr-FR","@id":"https:\/\/www.omrserrature.it\/fr\/produit\/serrure-electronique-horizontale-noire\/#primaryimage","url":"https:\/\/www.omrserrature.it\/wp-content\/uploads\/2024\/04\/HSC-Hellock-orizzontale-nera.jpg","contentUrl":"https:\/\/www.omrserrature.it\/wp-content\/uploads\/2024\/04\/HSC-Hellock-orizzontale-nera.jpg","width":600,"height":600},{"@type":"BreadcrumbList","@id":"https:\/\/www.omrserrature.it\/fr\/produit\/serrure-electronique-horizontale-noire\/#breadcrumb","itemListElement":[{"@type":"ListItem","position":1,"name":"Home","item":"https:\/\/www.omrserrature.it\/fr\/omr-serrures-et-systemes-de-verrouillage\/"},{"@type":"ListItem","position":2,"name":"Catalogue","item":"https:\/\/www.omrserrature.it\/catalogue\/?lang=fr"},{"@type":"ListItem","position":3,"name":"Applications","item":"https:\/\/www.omrserrature.it\/fr\/catalogue\/applications\/"},{"@type":"ListItem","position":4,"name":"Serrure d'armoire conforme au r\u00e8glement GDPR","item":"https:\/\/www.omrserrature.it\/fr\/catalogue\/applications\/serrure-darmoire-conforme-au-reglement-gdpr\/"},{"@type":"ListItem","position":5,"name":"Serrure \u00e9lectronique horizontale noire"}]},{"@type":"WebSite","@id":"https:\/\/www.omrserrature.it\/fr\/#website","url":"https:\/\/www.omrserrature.it\/fr\/","name":"OMR Serrature | Produzione sistemi di chiusura","description":"Produzione serrature di sicurezza e sistemi di chiusura","publisher":{"@id":"https:\/\/www.omrserrature.it\/fr\/#organization"},"potentialAction":[{"@type":"SearchAction","target":{"@type":"EntryPoint","urlTemplate":"https:\/\/www.omrserrature.it\/fr\/?s={search_term_string}"},"query-input":{"@type":"PropertyValueSpecification","valueRequired":true,"valueName":"search_term_string"}}],"inLanguage":"fr-FR"},{"@type":"Organization","@id":"https:\/\/www.omrserrature.it\/fr\/#organization","name":"OMR Serrature | Produzione sistemi di chiusura","url":"https:\/\/www.omrserrature.it\/fr\/","logo":{"@type":"ImageObject","inLanguage":"fr-FR","@id":"https:\/\/www.omrserrature.it\/fr\/#\/schema\/logo\/image\/","url":"https:\/\/www.omrserrature.it\/wp-content\/uploads\/2017\/09\/favicon-omr-114.png","contentUrl":"https:\/\/www.omrserrature.it\/wp-content\/uploads\/2017\/09\/favicon-omr-114.png","width":114,"height":114,"caption":"OMR Serrature | Produzione sistemi di chiusura"},"image":{"@id":"https:\/\/www.omrserrature.it\/fr\/#\/schema\/logo\/image\/"},"sameAs":["https:\/\/www.facebook.com\/OMRserrature","https:\/\/www.linkedin.com\/company\/omrserrature\/","https:\/\/www.youtube.com\/channel\/UCxmA85z2R0EpG_6IRokiAkg"]}]}},"_links":{"self":[{"href":"https:\/\/www.omrserrature.it\/fr\/wp-json\/wp\/v2\/product\/242407","targetHints":{"allow":["GET"]}}],"collection":[{"href":"https:\/\/www.omrserrature.it\/fr\/wp-json\/wp\/v2\/product"}],"about":[{"href":"https:\/\/www.omrserrature.it\/fr\/wp-json\/wp\/v2\/types\/product"}],"replies":[{"embeddable":true,"href":"https:\/\/www.omrserrature.it\/fr\/wp-json\/wp\/v2\/comments?post=242407"}],"wp:featuredmedia":[{"embeddable":true,"href":"https:\/\/www.omrserrature.it\/fr\/wp-json\/wp\/v2\/media\/29406"}],"wp:attachment":[{"href":"https:\/\/www.omrserrature.it\/fr\/wp-json\/wp\/v2\/media?parent=242407"}],"wp:term":[{"taxonomy":"product_brand","embeddable":true,"href":"https:\/\/www.omrserrature.it\/fr\/wp-json\/wp\/v2\/product_brand?post=242407"},{"taxonomy":"product_cat","embeddable":true,"href":"https:\/\/www.omrserrature.it\/fr\/wp-json\/wp\/v2\/product_cat?post=242407"},{"taxonomy":"product_tag","embeddable":true,"href":"https:\/\/www.omrserrature.it\/fr\/wp-json\/wp\/v2\/product_tag?post=242407"}],"curies":[{"name":"wp","href":"https:\/\/api.w.org\/{rel}","templated":true}]}}