{"id":242311,"date":"2021-03-25T12:03:57","date_gmt":"2024-03-21T11:03:00","guid":{"rendered":"https:\/\/www.staging6.omrserrature.it\/prodotto\/grande-serrure-ecologique-non-gravitationnelle-avec-cle-triangulaire\/"},"modified":"2026-04-08T11:27:19","modified_gmt":"2026-04-08T09:27:19","slug":"grande-serrure-ecologique-non-gravitationnelle-avec-cle-triangulaire","status":"publish","type":"product","link":"https:\/\/www.omrserrature.it\/fr\/produit\/grande-serrure-ecologique-non-gravitationnelle-avec-cle-triangulaire\/","title":{"rendered":"Grande serrure \u00e9cologique non gravitationnelle avec cl\u00e9 triangulaire"},"content":{"rendered":"<p>La <strong>serrure \u00e9cologique NON gravitationnelle<\/strong> est un syst\u00e8me de fermeture qui peut \u00eatre install\u00e9 sur les <strong>conteneurs de collecte de d\u00e9chets de toutes marques<\/strong> qui <span style=\"text-decoration: underline;\">ne<\/span> n\u00e9cessitent <span style=\"text-decoration: underline;\">pas<\/span> de vidange m\u00e9canis\u00e9e par les v\u00e9hicules de collecte. Il se compose de <strong>3 \u00e9l\u00e9ments<\/strong>: <\/p>\n<ul>\n<li>une partie sup\u00e9rieur rouge plac\u00e9 \u00e0 l\u2019ext\u00e9rieur du couvercle de la poubelle,<\/li>\n<li>un crochet plac\u00e9 \u00e0 l\u2019int\u00e9rieur du couvercle<\/li>\n<li>et un corps inf\u00e9rieur install\u00e9 \u00e0 l\u2019int\u00e9rieur de la poubelle.<\/li>\n<\/ul>\n<p>La capuche de cette serrure gravitationnelle est en version<strong> \u00ab\u00a0large\u00a0\u00bb<\/strong> et est \u00e9quip\u00e9e d&rsquo;une <strong>cl\u00e9 \u00e0 douille triangulaire T6<\/strong>. Le produit se caract\u00e9rise par :<\/p>\n<ul>\n<li><strong>Ouverture par une cl\u00e9 \u00e0 douille de forme triangulaire T6 sans ressort<\/strong>; cette caract\u00e9ristique emp\u00eache le d\u00e9p\u00f4t de d\u00e9chets non autoris\u00e9s \u00e0 l&rsquo;int\u00e9rieur du bac \u00e0 d\u00e9chets.<\/li>\n<li><strong>Ouverture anti-panique facile de l&rsquo;int\u00e9rieur<\/strong> sans cl\u00e9 en cas d&rsquo;urgence (par exemple, si un enfant reste coinc\u00e9 \u00e0 l&rsquo;int\u00e9rieur).<\/li>\n<li><strong>Syst\u00e8me anti-ouverture accidentelle<\/strong> en cas de basculement du bac d\u00fb au vent, aux chocs ou au vandalisme.<\/li>\n<\/ul>\n<p>Cette serrure respectueuse de l&rsquo;environnement est compatible et <strong>s&rsquo;installe<\/strong> facilement <strong>sur toutes les marques de bacs<\/strong> \u00e0 ordures <strong>et de bacs \u00e0 d\u00e9chets \u00e0 roues<\/strong>, qu&rsquo;ils soient \u00e0 2 roues ou \u00e0 4 roues. Instructions de montage de la serrure avec le masque universel OMR.<\/p>\n","protected":false},"excerpt":{"rendered":"<p>La <strong>serrure \u00e9cologique sans gravitation<\/strong> avec grand capuchon est un syst\u00e8me de fermeture qui peut \u00eatre install\u00e9 sur les <strong>conteneurs de collecte de d\u00e9chets de tous types<\/strong> ne n\u00e9cessitant <span style=\"text-decoration: underline;\">pas<\/span> de vidage m\u00e9canis\u00e9 par les v\u00e9hicules de collecte. Ce syst\u00e8me de fermeture est form\u00e9 d&rsquo;une cl\u00e9 \u00e0 douille triangulaire T6. <\/p>\n","protected":false},"featured_media":17672,"comment_status":"open","ping_status":"closed","template":"","meta":{"_acf_changed":false,"_et_pb_use_builder":"","_et_pb_old_content":"","_et_gb_content_width":""},"product_brand":[],"product_cat":[3752,3681,3695,3655],"product_tag":[],"class_list":{"0":"post-242311","1":"product","2":"type-product","3":"status-publish","4":"has-post-thumbnail","6":"product_cat-recyclage-ecologique-recyclage-des-dechets","7":"product_cat-serrures-manuelles-pour-les-bacs-a-ordures","8":"product_cat-serrures-pour-bacs-a-ordures-2","9":"product_cat-serrures-pour-bacs-a-ordures","11":"first","12":"instock","13":"shipping-taxable","14":"product-type-simple"},"acf":{"pdf1":"https:\/\/www.omrserrature.it\/wp-content\/uploads\/2021\/03\/Scheda_KITNGRAV-TR-CG.pdf"},"yoast_head":"<!-- This site is optimized with the Yoast SEO plugin v27.2 - https:\/\/yoast.com\/product\/yoast-seo-wordpress\/ -->\n<title>Serrure gravitationnelle pour bacs \u00e0 ordures avec cl\u00e9 triangulaire<\/title>\n<meta name=\"description\" content=\"Serrure \u00e9cologique gravitationnelle avec large capuche et cl\u00e9 triangulaire T6 sans ressort. Id\u00e9ale pour les bacs \u00e0 ordure sans vidange m\u00e9canis\u00e9e.\" \/>\n<meta name=\"robots\" content=\"index, follow, max-snippet:-1, max-image-preview:large, max-video-preview:-1\" \/>\n<link rel=\"canonical\" href=\"https:\/\/www.omrserrature.it\/fr\/produit\/grande-serrure-ecologique-non-gravitationnelle-avec-cle-triangulaire\/\" \/>\n<meta property=\"og:locale\" content=\"fr_FR\" \/>\n<meta property=\"og:type\" content=\"article\" \/>\n<meta property=\"og:title\" content=\"Serrure gravitationnelle pour bacs \u00e0 ordures avec cl\u00e9 triangulaire\" \/>\n<meta property=\"og:description\" content=\"Serrure \u00e9cologique gravitationnelle avec large capuche et cl\u00e9 triangulaire T6 sans ressort. Id\u00e9ale pour les bacs \u00e0 ordure sans vidange m\u00e9canis\u00e9e.\" \/>\n<meta property=\"og:url\" content=\"https:\/\/www.omrserrature.it\/fr\/produit\/grande-serrure-ecologique-non-gravitationnelle-avec-cle-triangulaire\/\" \/>\n<meta property=\"og:site_name\" content=\"OMR Serrature | Produzione sistemi di chiusura\" \/>\n<meta property=\"article:publisher\" content=\"https:\/\/www.facebook.com\/OMRserrature\" \/>\n<meta property=\"article:modified_time\" content=\"2026-04-08T09:27:19+00:00\" \/>\n<meta property=\"og:image\" content=\"https:\/\/www.omrserrature.it\/wp-content\/uploads\/2021\/03\/Non-gravitazionale-grande-triangolare.jpg\" \/>\n\t<meta property=\"og:image:width\" content=\"1000\" \/>\n\t<meta property=\"og:image:height\" content=\"1000\" \/>\n\t<meta property=\"og:image:type\" content=\"image\/jpeg\" \/>\n<meta name=\"twitter:card\" content=\"summary_large_image\" \/>\n<meta name=\"twitter:label1\" content=\"Dur\u00e9e de lecture estim\u00e9e\" \/>\n\t<meta name=\"twitter:data1\" content=\"1 minute\" \/>\n<script type=\"application\/ld+json\" class=\"yoast-schema-graph\">{\"@context\":\"https:\/\/schema.org\",\"@graph\":[{\"@type\":\"WebPage\",\"@id\":\"https:\/\/www.omrserrature.it\/fr\/produit\/grande-serrure-ecologique-non-gravitationnelle-avec-cle-triangulaire\/\",\"url\":\"https:\/\/www.omrserrature.it\/fr\/produit\/grande-serrure-ecologique-non-gravitationnelle-avec-cle-triangulaire\/\",\"name\":\"Serrure gravitationnelle pour bacs \u00e0 ordures avec cl\u00e9 triangulaire\",\"isPartOf\":{\"@id\":\"https:\/\/www.omrserrature.it\/fr\/#website\"},\"primaryImageOfPage\":{\"@id\":\"https:\/\/www.omrserrature.it\/fr\/produit\/grande-serrure-ecologique-non-gravitationnelle-avec-cle-triangulaire\/#primaryimage\"},\"image\":{\"@id\":\"https:\/\/www.omrserrature.it\/fr\/produit\/grande-serrure-ecologique-non-gravitationnelle-avec-cle-triangulaire\/#primaryimage\"},\"thumbnailUrl\":\"https:\/\/www.omrserrature.it\/wp-content\/uploads\/2021\/03\/Non-gravitazionale-grande-triangolare.jpg\",\"datePublished\":\"2024-03-21T11:03:00+00:00\",\"dateModified\":\"2026-04-08T09:27:19+00:00\",\"description\":\"Serrure \u00e9cologique gravitationnelle avec large capuche et cl\u00e9 triangulaire T6 sans ressort. Id\u00e9ale pour les bacs \u00e0 ordure sans vidange m\u00e9canis\u00e9e.\",\"breadcrumb\":{\"@id\":\"https:\/\/www.omrserrature.it\/fr\/produit\/grande-serrure-ecologique-non-gravitationnelle-avec-cle-triangulaire\/#breadcrumb\"},\"inLanguage\":\"fr-FR\",\"potentialAction\":[{\"@type\":\"ReadAction\",\"target\":[\"https:\/\/www.omrserrature.it\/fr\/produit\/grande-serrure-ecologique-non-gravitationnelle-avec-cle-triangulaire\/\"]}]},{\"@type\":\"ImageObject\",\"inLanguage\":\"fr-FR\",\"@id\":\"https:\/\/www.omrserrature.it\/fr\/produit\/grande-serrure-ecologique-non-gravitationnelle-avec-cle-triangulaire\/#primaryimage\",\"url\":\"https:\/\/www.omrserrature.it\/wp-content\/uploads\/2021\/03\/Non-gravitazionale-grande-triangolare.jpg\",\"contentUrl\":\"https:\/\/www.omrserrature.it\/wp-content\/uploads\/2021\/03\/Non-gravitazionale-grande-triangolare.jpg\",\"width\":1000,\"height\":1000,\"caption\":\"Serrure pour bacs \u00e0 ordures et poubelles - Serrure manuelle avec grand capuchon et fermeture \u00e0 douille triangulaire\"},{\"@type\":\"BreadcrumbList\",\"@id\":\"https:\/\/www.omrserrature.it\/fr\/produit\/grande-serrure-ecologique-non-gravitationnelle-avec-cle-triangulaire\/#breadcrumb\",\"itemListElement\":[{\"@type\":\"ListItem\",\"position\":1,\"name\":\"Home\",\"item\":\"https:\/\/www.omrserrature.it\/fr\/omr-serrures-et-systemes-de-verrouillage\/\"},{\"@type\":\"ListItem\",\"position\":2,\"name\":\"Catalogue\",\"item\":\"https:\/\/www.omrserrature.it\/catalogue\/?lang=fr\"},{\"@type\":\"ListItem\",\"position\":3,\"name\":\"Applications\",\"item\":\"https:\/\/www.omrserrature.it\/fr\/catalogue\/applications\/\"},{\"@type\":\"ListItem\",\"position\":4,\"name\":\"Serrures pour bacs \u00e0 ordures\",\"item\":\"https:\/\/www.omrserrature.it\/fr\/catalogue\/applications\/serrures-pour-bacs-a-ordures-2\/\"},{\"@type\":\"ListItem\",\"position\":5,\"name\":\"Grande serrure \u00e9cologique non gravitationnelle avec cl\u00e9 triangulaire\"}]},{\"@type\":\"WebSite\",\"@id\":\"https:\/\/www.omrserrature.it\/fr\/#website\",\"url\":\"https:\/\/www.omrserrature.it\/fr\/\",\"name\":\"OMR Serrature | Produzione sistemi di chiusura\",\"description\":\"Produzione serrature di sicurezza e sistemi di chiusura\",\"publisher\":{\"@id\":\"https:\/\/www.omrserrature.it\/fr\/#organization\"},\"potentialAction\":[{\"@type\":\"SearchAction\",\"target\":{\"@type\":\"EntryPoint\",\"urlTemplate\":\"https:\/\/www.omrserrature.it\/fr\/?s={search_term_string}\"},\"query-input\":{\"@type\":\"PropertyValueSpecification\",\"valueRequired\":true,\"valueName\":\"search_term_string\"}}],\"inLanguage\":\"fr-FR\"},{\"@type\":\"Organization\",\"@id\":\"https:\/\/www.omrserrature.it\/fr\/#organization\",\"name\":\"OMR Serrature | Produzione sistemi di chiusura\",\"url\":\"https:\/\/www.omrserrature.it\/fr\/\",\"logo\":{\"@type\":\"ImageObject\",\"inLanguage\":\"fr-FR\",\"@id\":\"https:\/\/www.omrserrature.it\/fr\/#\/schema\/logo\/image\/\",\"url\":\"https:\/\/www.omrserrature.it\/wp-content\/uploads\/2017\/09\/favicon-omr-114.png\",\"contentUrl\":\"https:\/\/www.omrserrature.it\/wp-content\/uploads\/2017\/09\/favicon-omr-114.png\",\"width\":114,\"height\":114,\"caption\":\"OMR Serrature | Produzione sistemi di chiusura\"},\"image\":{\"@id\":\"https:\/\/www.omrserrature.it\/fr\/#\/schema\/logo\/image\/\"},\"sameAs\":[\"https:\/\/www.facebook.com\/OMRserrature\",\"https:\/\/www.linkedin.com\/company\/omrserrature\/\",\"https:\/\/www.youtube.com\/channel\/UCxmA85z2R0EpG_6IRokiAkg\"]}]}<\/script>\n<!-- \/ Yoast SEO plugin. -->","yoast_head_json":{"title":"Serrure gravitationnelle pour bacs \u00e0 ordures avec cl\u00e9 triangulaire","description":"Serrure \u00e9cologique gravitationnelle avec large capuche et cl\u00e9 triangulaire T6 sans ressort. Id\u00e9ale pour les bacs \u00e0 ordure sans vidange m\u00e9canis\u00e9e.","robots":{"index":"index","follow":"follow","max-snippet":"max-snippet:-1","max-image-preview":"max-image-preview:large","max-video-preview":"max-video-preview:-1"},"canonical":"https:\/\/www.omrserrature.it\/fr\/produit\/grande-serrure-ecologique-non-gravitationnelle-avec-cle-triangulaire\/","og_locale":"fr_FR","og_type":"article","og_title":"Serrure gravitationnelle pour bacs \u00e0 ordures avec cl\u00e9 triangulaire","og_description":"Serrure \u00e9cologique gravitationnelle avec large capuche et cl\u00e9 triangulaire T6 sans ressort. Id\u00e9ale pour les bacs \u00e0 ordure sans vidange m\u00e9canis\u00e9e.","og_url":"https:\/\/www.omrserrature.it\/fr\/produit\/grande-serrure-ecologique-non-gravitationnelle-avec-cle-triangulaire\/","og_site_name":"OMR Serrature | Produzione sistemi di chiusura","article_publisher":"https:\/\/www.facebook.com\/OMRserrature","article_modified_time":"2026-04-08T09:27:19+00:00","og_image":[{"width":1000,"height":1000,"url":"https:\/\/www.omrserrature.it\/wp-content\/uploads\/2021\/03\/Non-gravitazionale-grande-triangolare.jpg","type":"image\/jpeg"}],"twitter_card":"summary_large_image","twitter_misc":{"Dur\u00e9e de lecture estim\u00e9e":"1 minute"},"schema":{"@context":"https:\/\/schema.org","@graph":[{"@type":"WebPage","@id":"https:\/\/www.omrserrature.it\/fr\/produit\/grande-serrure-ecologique-non-gravitationnelle-avec-cle-triangulaire\/","url":"https:\/\/www.omrserrature.it\/fr\/produit\/grande-serrure-ecologique-non-gravitationnelle-avec-cle-triangulaire\/","name":"Serrure gravitationnelle pour bacs \u00e0 ordures avec cl\u00e9 triangulaire","isPartOf":{"@id":"https:\/\/www.omrserrature.it\/fr\/#website"},"primaryImageOfPage":{"@id":"https:\/\/www.omrserrature.it\/fr\/produit\/grande-serrure-ecologique-non-gravitationnelle-avec-cle-triangulaire\/#primaryimage"},"image":{"@id":"https:\/\/www.omrserrature.it\/fr\/produit\/grande-serrure-ecologique-non-gravitationnelle-avec-cle-triangulaire\/#primaryimage"},"thumbnailUrl":"https:\/\/www.omrserrature.it\/wp-content\/uploads\/2021\/03\/Non-gravitazionale-grande-triangolare.jpg","datePublished":"2024-03-21T11:03:00+00:00","dateModified":"2026-04-08T09:27:19+00:00","description":"Serrure \u00e9cologique gravitationnelle avec large capuche et cl\u00e9 triangulaire T6 sans ressort. Id\u00e9ale pour les bacs \u00e0 ordure sans vidange m\u00e9canis\u00e9e.","breadcrumb":{"@id":"https:\/\/www.omrserrature.it\/fr\/produit\/grande-serrure-ecologique-non-gravitationnelle-avec-cle-triangulaire\/#breadcrumb"},"inLanguage":"fr-FR","potentialAction":[{"@type":"ReadAction","target":["https:\/\/www.omrserrature.it\/fr\/produit\/grande-serrure-ecologique-non-gravitationnelle-avec-cle-triangulaire\/"]}]},{"@type":"ImageObject","inLanguage":"fr-FR","@id":"https:\/\/www.omrserrature.it\/fr\/produit\/grande-serrure-ecologique-non-gravitationnelle-avec-cle-triangulaire\/#primaryimage","url":"https:\/\/www.omrserrature.it\/wp-content\/uploads\/2021\/03\/Non-gravitazionale-grande-triangolare.jpg","contentUrl":"https:\/\/www.omrserrature.it\/wp-content\/uploads\/2021\/03\/Non-gravitazionale-grande-triangolare.jpg","width":1000,"height":1000,"caption":"Serrure pour bacs \u00e0 ordures et poubelles - Serrure manuelle avec grand capuchon et fermeture \u00e0 douille triangulaire"},{"@type":"BreadcrumbList","@id":"https:\/\/www.omrserrature.it\/fr\/produit\/grande-serrure-ecologique-non-gravitationnelle-avec-cle-triangulaire\/#breadcrumb","itemListElement":[{"@type":"ListItem","position":1,"name":"Home","item":"https:\/\/www.omrserrature.it\/fr\/omr-serrures-et-systemes-de-verrouillage\/"},{"@type":"ListItem","position":2,"name":"Catalogue","item":"https:\/\/www.omrserrature.it\/catalogue\/?lang=fr"},{"@type":"ListItem","position":3,"name":"Applications","item":"https:\/\/www.omrserrature.it\/fr\/catalogue\/applications\/"},{"@type":"ListItem","position":4,"name":"Serrures pour bacs \u00e0 ordures","item":"https:\/\/www.omrserrature.it\/fr\/catalogue\/applications\/serrures-pour-bacs-a-ordures-2\/"},{"@type":"ListItem","position":5,"name":"Grande serrure \u00e9cologique non gravitationnelle avec cl\u00e9 triangulaire"}]},{"@type":"WebSite","@id":"https:\/\/www.omrserrature.it\/fr\/#website","url":"https:\/\/www.omrserrature.it\/fr\/","name":"OMR Serrature | Produzione sistemi di chiusura","description":"Produzione serrature di sicurezza e sistemi di chiusura","publisher":{"@id":"https:\/\/www.omrserrature.it\/fr\/#organization"},"potentialAction":[{"@type":"SearchAction","target":{"@type":"EntryPoint","urlTemplate":"https:\/\/www.omrserrature.it\/fr\/?s={search_term_string}"},"query-input":{"@type":"PropertyValueSpecification","valueRequired":true,"valueName":"search_term_string"}}],"inLanguage":"fr-FR"},{"@type":"Organization","@id":"https:\/\/www.omrserrature.it\/fr\/#organization","name":"OMR Serrature | Produzione sistemi di chiusura","url":"https:\/\/www.omrserrature.it\/fr\/","logo":{"@type":"ImageObject","inLanguage":"fr-FR","@id":"https:\/\/www.omrserrature.it\/fr\/#\/schema\/logo\/image\/","url":"https:\/\/www.omrserrature.it\/wp-content\/uploads\/2017\/09\/favicon-omr-114.png","contentUrl":"https:\/\/www.omrserrature.it\/wp-content\/uploads\/2017\/09\/favicon-omr-114.png","width":114,"height":114,"caption":"OMR Serrature | Produzione sistemi di chiusura"},"image":{"@id":"https:\/\/www.omrserrature.it\/fr\/#\/schema\/logo\/image\/"},"sameAs":["https:\/\/www.facebook.com\/OMRserrature","https:\/\/www.linkedin.com\/company\/omrserrature\/","https:\/\/www.youtube.com\/channel\/UCxmA85z2R0EpG_6IRokiAkg"]}]}},"_links":{"self":[{"href":"https:\/\/www.omrserrature.it\/fr\/wp-json\/wp\/v2\/product\/242311","targetHints":{"allow":["GET"]}}],"collection":[{"href":"https:\/\/www.omrserrature.it\/fr\/wp-json\/wp\/v2\/product"}],"about":[{"href":"https:\/\/www.omrserrature.it\/fr\/wp-json\/wp\/v2\/types\/product"}],"replies":[{"embeddable":true,"href":"https:\/\/www.omrserrature.it\/fr\/wp-json\/wp\/v2\/comments?post=242311"}],"wp:featuredmedia":[{"embeddable":true,"href":"https:\/\/www.omrserrature.it\/fr\/wp-json\/wp\/v2\/media\/17672"}],"wp:attachment":[{"href":"https:\/\/www.omrserrature.it\/fr\/wp-json\/wp\/v2\/media?parent=242311"}],"wp:term":[{"taxonomy":"product_brand","embeddable":true,"href":"https:\/\/www.omrserrature.it\/fr\/wp-json\/wp\/v2\/product_brand?post=242311"},{"taxonomy":"product_cat","embeddable":true,"href":"https:\/\/www.omrserrature.it\/fr\/wp-json\/wp\/v2\/product_cat?post=242311"},{"taxonomy":"product_tag","embeddable":true,"href":"https:\/\/www.omrserrature.it\/fr\/wp-json\/wp\/v2\/product_tag?post=242311"}],"curies":[{"name":"wp","href":"https:\/\/api.w.org\/{rel}","templated":true}]}}